{"id":9812,"date":"2022-05-17T07:44:40","date_gmt":"2022-05-17T07:44:40","guid":{"rendered":"https:\/\/esi.uclm.es\/?page_id=9812"},"modified":"2022-05-30T20:43:29","modified_gmt":"2022-05-30T20:43:29","slug":"primera-fase-curso-2021-2022","status":"publish","type":"page","link":"https:\/\/esi.uclm.es\/index.php\/programas-singulares\/smartesi\/primera-fase-curso-2021-2022\/","title":{"rendered":"Primera Fase (Curso 2021\/2022)"},"content":{"rendered":"\n<figure class=\"wp-block-image size-large\"><img loading=\"lazy\" decoding=\"async\" width=\"1024\" height=\"256\" src=\"https:\/\/esi.uclm.es\/assets\/uploads\/2022\/05\/smart-1-1024x256.jpeg\" alt=\"Ciudad saliendo de un tel\u00e9fono m\u00f3vil sujetado con una mano\" class=\"wp-image-10543\" srcset=\"https:\/\/esi.uclm.es\/assets\/uploads\/2022\/05\/smart-1-1024x256.jpeg 1024w, https:\/\/esi.uclm.es\/assets\/uploads\/2022\/05\/smart-1-300x75.jpeg 300w, https:\/\/esi.uclm.es\/assets\/uploads\/2022\/05\/smart-1-768x192.jpeg 768w, https:\/\/esi.uclm.es\/assets\/uploads\/2022\/05\/smart-1-600x150.jpeg 600w, https:\/\/esi.uclm.es\/assets\/uploads\/2022\/05\/smart-1.jpeg 1200w\" sizes=\"auto, (max-width: 1024px) 100vw, 1024px\" \/><\/figure>\n\n\n\n<p>El primer despliegue del proyecto consisti\u00f3 en la adquisici\u00f3n, configuraci\u00f3n e instalaci\u00f3n de los siguientes dispositivos:<\/p>\n\n\n\n<ul class=\"wp-block-list\"><li>Sensores de <em>parking<\/em>: detectan presencia o ausencia de veh\u00edculos. Se han instalado en cuatro plazas de garaje de la ESI (<a href=\"https:\/\/esi.uclm.es\/assets\/uploads\/2022\/05\/parking.webp\">ver imagen<\/a>).<\/li><li>Sensores de CO2, que miden el nivel de CO2, temperatura, humedad relativa, movimiento y luminosidad y se han instalado en las aulas del m\u00f3dulo B. (<a href=\"https:\/\/esi.uclm.es\/assets\/uploads\/2022\/05\/co2.jpg\">ver imagen<\/a>).<\/li><li>Estaci\u00f3n meteorol\u00f3gica exterior,&nbsp; con capacidad de medir temperatura externa, humedad relativa, presi\u00f3n barom\u00e9trica, contaminaci\u00f3n por part\u00edculas (PM1, PM2.5 y PM10). Esta estaci\u00f3n dispone de una placa solar lo que le convierte en un dispositivo totalmente aut\u00f3nomo (<a href=\"https:\/\/esi.uclm.es\/assets\/uploads\/2022\/05\/meteo.jpg\">ver imagen<\/a>). Este sensor se ha instalado en la terraza de la tercera planta del edificio Ferm\u00edn Caballero.<\/li><li>Contador bidireccional del flujo de personas basado en infrarrojos, situado en la entrada principal del Edificio Ferm\u00edn Caballero (<a href=\"https:\/\/esi.uclm.es\/assets\/uploads\/2022\/05\/contador-personas-scaled.webp\">ver imagen<\/a>).<\/li><\/ul>\n\n\n\n<p>Todos los sensores tienen capacidad de comunicaci\u00f3n v\u00eda LoRa y transmiten informaci\u00f3n peri\u00f3dicamente a una estaci\u00f3n base con capacidades LoRa\/WiFi (<a href=\"https:\/\/esi.uclm.es\/assets\/uploads\/2022\/05\/gateway.webp\">ver imagen<\/a>) que a su vez reenv\u00eda los datos a un servidor instalado en el CPD de la Escuela. Durante el mes de mayo de 2022 se complet\u00f3 la configuraci\u00f3n e instalaci\u00f3n de los sensores, as\u00ed como de la plataforma de integraci\u00f3n, almacenamiento y procesamiento de datos, basado en la pila ChirpStack, MQTT y HomeAssistant.&nbsp;<\/p>\n\n\n\n<p>En el hall de la primera planta se ha instalado una pantalla que permite la visualizaci\u00f3n de un <em>dashboard<\/em> basado en Home Assistant y que muestra el detalle de los datos recogidos por los sensores en tiempo real.<\/p>\n\n\n\n<figure class=\"wp-block-image\"><img loading=\"lazy\" decoding=\"async\" width=\"1034\" height=\"408\" src=\"https:\/\/esi.uclm.es\/assets\/uploads\/2022\/05\/dashboard3.png\" alt=\"\" class=\"wp-image-9825\" srcset=\"https:\/\/esi.uclm.es\/assets\/uploads\/2022\/05\/dashboard3.png 1034w, https:\/\/esi.uclm.es\/assets\/uploads\/2022\/05\/dashboard3-300x118.png 300w, https:\/\/esi.uclm.es\/assets\/uploads\/2022\/05\/dashboard3-1024x404.png 1024w, https:\/\/esi.uclm.es\/assets\/uploads\/2022\/05\/dashboard3-768x303.png 768w, https:\/\/esi.uclm.es\/assets\/uploads\/2022\/05\/dashboard3-600x237.png 600w\" sizes=\"auto, (max-width: 1034px) 100vw, 1034px\" \/><\/figure>\n","protected":false},"excerpt":{"rendered":"<p>El primer despliegue del proyecto consisti\u00f3 en la adquisici\u00f3n, configuraci\u00f3n e instalaci\u00f3n de los siguientes dispositivos: Sensores de parking: detectan presencia o ausencia de veh\u00edculos. Se han instalado en cuatro plazas de garaje de la ESI (ver imagen). Sensores de CO2, que miden el nivel [&hellip;]<\/p>\n","protected":false},"author":4,"featured_media":0,"parent":3942,"menu_order":0,"comment_status":"closed","ping_status":"closed","template":"","meta":{"footnotes":""},"class_list":["post-9812","page","type-page","status-publish","hentry"],"yoast_head":"<!-- This site is optimized with the Yoast SEO plugin v27.3 - https:\/\/yoast.com\/product\/yoast-seo-wordpress\/ -->\n<title>Primera Fase (Curso 2021\/2022) - Escuela Superior de Inform\u00e1tica de UCLM<\/title>\n<meta name=\"robots\" content=\"index, follow, max-snippet:-1, max-image-preview:large, max-video-preview:-1\" \/>\n<link rel=\"canonical\" href=\"https:\/\/esi.uclm.es\/index.php\/programas-singulares\/smartesi\/primera-fase-curso-2021-2022\/\" \/>\n<meta property=\"og:locale\" content=\"es_ES\" \/>\n<meta property=\"og:type\" content=\"article\" \/>\n<meta property=\"og:title\" content=\"Primera Fase (Curso 2021\/2022) - Escuela Superior de Inform\u00e1tica de UCLM\" \/>\n<meta property=\"og:description\" content=\"El primer despliegue del proyecto consisti\u00f3 en la adquisici\u00f3n, configuraci\u00f3n e instalaci\u00f3n de los siguientes dispositivos: Sensores de parking: detectan presencia o ausencia de veh\u00edculos. Se han instalado en cuatro plazas de garaje de la ESI (ver imagen). Sensores de CO2, que miden el nivel [&hellip;]\" \/>\n<meta property=\"og:url\" content=\"https:\/\/esi.uclm.es\/index.php\/programas-singulares\/smartesi\/primera-fase-curso-2021-2022\/\" \/>\n<meta property=\"og:site_name\" content=\"Escuela Superior de Inform\u00e1tica de UCLM\" \/>\n<meta property=\"article:publisher\" content=\"https:\/\/www.facebook.com\/Escuela-Superior-de-Informtica-543261809027158\" \/>\n<meta property=\"article:modified_time\" content=\"2022-05-30T20:43:29+00:00\" \/>\n<meta property=\"og:image\" content=\"https:\/\/esi.uclm.es\/assets\/uploads\/2022\/05\/smart-1-1024x256.jpeg\" \/>\n<meta name=\"twitter:card\" content=\"summary_large_image\" \/>\n<meta name=\"twitter:site\" content=\"@esiuclm\" \/>\n<meta name=\"twitter:label1\" content=\"Tiempo de lectura\" \/>\n\t<meta name=\"twitter:data1\" content=\"1 minuto\" \/>\n<script type=\"application\/ld+json\" class=\"yoast-schema-graph\">{\"@context\":\"https:\\\/\\\/schema.org\",\"@graph\":[{\"@type\":\"WebPage\",\"@id\":\"https:\\\/\\\/esi.uclm.es\\\/index.php\\\/programas-singulares\\\/smartesi\\\/primera-fase-curso-2021-2022\\\/\",\"url\":\"https:\\\/\\\/esi.uclm.es\\\/index.php\\\/programas-singulares\\\/smartesi\\\/primera-fase-curso-2021-2022\\\/\",\"name\":\"Primera Fase (Curso 2021\\\/2022) - Escuela Superior de Inform\u00e1tica de UCLM\",\"isPartOf\":{\"@id\":\"https:\\\/\\\/esi.uclm.es\\\/#website\"},\"primaryImageOfPage\":{\"@id\":\"https:\\\/\\\/esi.uclm.es\\\/index.php\\\/programas-singulares\\\/smartesi\\\/primera-fase-curso-2021-2022\\\/#primaryimage\"},\"image\":{\"@id\":\"https:\\\/\\\/esi.uclm.es\\\/index.php\\\/programas-singulares\\\/smartesi\\\/primera-fase-curso-2021-2022\\\/#primaryimage\"},\"thumbnailUrl\":\"https:\\\/\\\/esi.uclm.es\\\/assets\\\/uploads\\\/2022\\\/05\\\/smart-1-1024x256.jpeg\",\"datePublished\":\"2022-05-17T07:44:40+00:00\",\"dateModified\":\"2022-05-30T20:43:29+00:00\",\"breadcrumb\":{\"@id\":\"https:\\\/\\\/esi.uclm.es\\\/index.php\\\/programas-singulares\\\/smartesi\\\/primera-fase-curso-2021-2022\\\/#breadcrumb\"},\"inLanguage\":\"es\",\"potentialAction\":[{\"@type\":\"ReadAction\",\"target\":[\"https:\\\/\\\/esi.uclm.es\\\/index.php\\\/programas-singulares\\\/smartesi\\\/primera-fase-curso-2021-2022\\\/\"]}]},{\"@type\":\"ImageObject\",\"inLanguage\":\"es\",\"@id\":\"https:\\\/\\\/esi.uclm.es\\\/index.php\\\/programas-singulares\\\/smartesi\\\/primera-fase-curso-2021-2022\\\/#primaryimage\",\"url\":\"https:\\\/\\\/esi.uclm.es\\\/assets\\\/uploads\\\/2022\\\/05\\\/smart-1-1024x256.jpeg\",\"contentUrl\":\"https:\\\/\\\/esi.uclm.es\\\/assets\\\/uploads\\\/2022\\\/05\\\/smart-1-1024x256.jpeg\"},{\"@type\":\"BreadcrumbList\",\"@id\":\"https:\\\/\\\/esi.uclm.es\\\/index.php\\\/programas-singulares\\\/smartesi\\\/primera-fase-curso-2021-2022\\\/#breadcrumb\",\"itemListElement\":[{\"@type\":\"ListItem\",\"position\":1,\"name\":\"Portada\",\"item\":\"https:\\\/\\\/esi.uclm.es\\\/\"},{\"@type\":\"ListItem\",\"position\":2,\"name\":\"Programas singulares\",\"item\":\"https:\\\/\\\/esi.uclm.es\\\/index.php\\\/programas-singulares\\\/\"},{\"@type\":\"ListItem\",\"position\":3,\"name\":\"Smart ESI\",\"item\":\"https:\\\/\\\/esi.uclm.es\\\/index.php\\\/programas-singulares\\\/smartesi\\\/\"},{\"@type\":\"ListItem\",\"position\":4,\"name\":\"Primera Fase (Curso 2021\\\/2022)\"}]},{\"@type\":\"WebSite\",\"@id\":\"https:\\\/\\\/esi.uclm.es\\\/#website\",\"url\":\"https:\\\/\\\/esi.uclm.es\\\/\",\"name\":\"Escuela Superior de Inform\u00e1tica de UCLM en Ciudad Real, Castilla-La Mancha\",\"description\":\"La Escuela Superior de Inform\u00e1tica de Ciudad Real (Castilla-La Mancha), Universidad de Castilla-La Mancha es un centro universitario que imparte el ciclo completo de Ingenier\u00eda en Inform\u00e1tica: grado, m\u00e1ster y doctorado.\",\"publisher\":{\"@id\":\"https:\\\/\\\/esi.uclm.es\\\/#organization\"},\"potentialAction\":[{\"@type\":\"SearchAction\",\"target\":{\"@type\":\"EntryPoint\",\"urlTemplate\":\"https:\\\/\\\/esi.uclm.es\\\/?s={search_term_string}\"},\"query-input\":{\"@type\":\"PropertyValueSpecification\",\"valueRequired\":true,\"valueName\":\"search_term_string\"}}],\"inLanguage\":\"es\"},{\"@type\":\"Organization\",\"@id\":\"https:\\\/\\\/esi.uclm.es\\\/#organization\",\"name\":\"Escuela Superior de Inform\u00e1tica de UCLM\",\"url\":\"https:\\\/\\\/esi.uclm.es\\\/\",\"logo\":{\"@type\":\"ImageObject\",\"inLanguage\":\"es\",\"@id\":\"https:\\\/\\\/esi.uclm.es\\\/#\\\/schema\\\/logo\\\/image\\\/\",\"url\":\"https:\\\/\\\/esi.uclm.es\\\/assets\\\/uploads\\\/2022\\\/03\\\/LogoESI_cabecera-1.png\",\"contentUrl\":\"https:\\\/\\\/esi.uclm.es\\\/assets\\\/uploads\\\/2022\\\/03\\\/LogoESI_cabecera-1.png\",\"width\":460,\"height\":184,\"caption\":\"Escuela Superior de Inform\u00e1tica de UCLM\"},\"image\":{\"@id\":\"https:\\\/\\\/esi.uclm.es\\\/#\\\/schema\\\/logo\\\/image\\\/\"},\"sameAs\":[\"https:\\\/\\\/www.facebook.com\\\/Escuela-Superior-de-Informtica-543261809027158\",\"https:\\\/\\\/x.com\\\/esiuclm\",\"https:\\\/\\\/www.instagram.com\\\/esiuclm\\\/\",\"https:\\\/\\\/www.youtube.com\\\/user\\\/esiuclm\",\"https:\\\/\\\/www.twitch.tv\\\/esiuclm\",\"https:\\\/\\\/www.linkedin.com\\\/company\\\/12656631\\\/admin\\\/\"]}]}<\/script>\n<!-- \/ Yoast SEO plugin. -->","yoast_head_json":{"title":"Primera Fase (Curso 2021\/2022) - Escuela Superior de Inform\u00e1tica de UCLM","robots":{"index":"index","follow":"follow","max-snippet":"max-snippet:-1","max-image-preview":"max-image-preview:large","max-video-preview":"max-video-preview:-1"},"canonical":"https:\/\/esi.uclm.es\/index.php\/programas-singulares\/smartesi\/primera-fase-curso-2021-2022\/","og_locale":"es_ES","og_type":"article","og_title":"Primera Fase (Curso 2021\/2022) - Escuela Superior de Inform\u00e1tica de UCLM","og_description":"El primer despliegue del proyecto consisti\u00f3 en la adquisici\u00f3n, configuraci\u00f3n e instalaci\u00f3n de los siguientes dispositivos: Sensores de parking: detectan presencia o ausencia de veh\u00edculos. Se han instalado en cuatro plazas de garaje de la ESI (ver imagen). Sensores de CO2, que miden el nivel [&hellip;]","og_url":"https:\/\/esi.uclm.es\/index.php\/programas-singulares\/smartesi\/primera-fase-curso-2021-2022\/","og_site_name":"Escuela Superior de Inform\u00e1tica de UCLM","article_publisher":"https:\/\/www.facebook.com\/Escuela-Superior-de-Informtica-543261809027158","article_modified_time":"2022-05-30T20:43:29+00:00","og_image":[{"url":"https:\/\/esi.uclm.es\/assets\/uploads\/2022\/05\/smart-1-1024x256.jpeg","type":"","width":"","height":""}],"twitter_card":"summary_large_image","twitter_site":"@esiuclm","twitter_misc":{"Tiempo de lectura":"1 minuto"},"schema":{"@context":"https:\/\/schema.org","@graph":[{"@type":"WebPage","@id":"https:\/\/esi.uclm.es\/index.php\/programas-singulares\/smartesi\/primera-fase-curso-2021-2022\/","url":"https:\/\/esi.uclm.es\/index.php\/programas-singulares\/smartesi\/primera-fase-curso-2021-2022\/","name":"Primera Fase (Curso 2021\/2022) - Escuela Superior de Inform\u00e1tica de UCLM","isPartOf":{"@id":"https:\/\/esi.uclm.es\/#website"},"primaryImageOfPage":{"@id":"https:\/\/esi.uclm.es\/index.php\/programas-singulares\/smartesi\/primera-fase-curso-2021-2022\/#primaryimage"},"image":{"@id":"https:\/\/esi.uclm.es\/index.php\/programas-singulares\/smartesi\/primera-fase-curso-2021-2022\/#primaryimage"},"thumbnailUrl":"https:\/\/esi.uclm.es\/assets\/uploads\/2022\/05\/smart-1-1024x256.jpeg","datePublished":"2022-05-17T07:44:40+00:00","dateModified":"2022-05-30T20:43:29+00:00","breadcrumb":{"@id":"https:\/\/esi.uclm.es\/index.php\/programas-singulares\/smartesi\/primera-fase-curso-2021-2022\/#breadcrumb"},"inLanguage":"es","potentialAction":[{"@type":"ReadAction","target":["https:\/\/esi.uclm.es\/index.php\/programas-singulares\/smartesi\/primera-fase-curso-2021-2022\/"]}]},{"@type":"ImageObject","inLanguage":"es","@id":"https:\/\/esi.uclm.es\/index.php\/programas-singulares\/smartesi\/primera-fase-curso-2021-2022\/#primaryimage","url":"https:\/\/esi.uclm.es\/assets\/uploads\/2022\/05\/smart-1-1024x256.jpeg","contentUrl":"https:\/\/esi.uclm.es\/assets\/uploads\/2022\/05\/smart-1-1024x256.jpeg"},{"@type":"BreadcrumbList","@id":"https:\/\/esi.uclm.es\/index.php\/programas-singulares\/smartesi\/primera-fase-curso-2021-2022\/#breadcrumb","itemListElement":[{"@type":"ListItem","position":1,"name":"Portada","item":"https:\/\/esi.uclm.es\/"},{"@type":"ListItem","position":2,"name":"Programas singulares","item":"https:\/\/esi.uclm.es\/index.php\/programas-singulares\/"},{"@type":"ListItem","position":3,"name":"Smart ESI","item":"https:\/\/esi.uclm.es\/index.php\/programas-singulares\/smartesi\/"},{"@type":"ListItem","position":4,"name":"Primera Fase (Curso 2021\/2022)"}]},{"@type":"WebSite","@id":"https:\/\/esi.uclm.es\/#website","url":"https:\/\/esi.uclm.es\/","name":"Escuela Superior de Inform\u00e1tica de UCLM en Ciudad Real, Castilla-La Mancha","description":"La Escuela Superior de Inform\u00e1tica de Ciudad Real (Castilla-La Mancha), Universidad de Castilla-La Mancha es un centro universitario que imparte el ciclo completo de Ingenier\u00eda en Inform\u00e1tica: grado, m\u00e1ster y doctorado.","publisher":{"@id":"https:\/\/esi.uclm.es\/#organization"},"potentialAction":[{"@type":"SearchAction","target":{"@type":"EntryPoint","urlTemplate":"https:\/\/esi.uclm.es\/?s={search_term_string}"},"query-input":{"@type":"PropertyValueSpecification","valueRequired":true,"valueName":"search_term_string"}}],"inLanguage":"es"},{"@type":"Organization","@id":"https:\/\/esi.uclm.es\/#organization","name":"Escuela Superior de Inform\u00e1tica de UCLM","url":"https:\/\/esi.uclm.es\/","logo":{"@type":"ImageObject","inLanguage":"es","@id":"https:\/\/esi.uclm.es\/#\/schema\/logo\/image\/","url":"https:\/\/esi.uclm.es\/assets\/uploads\/2022\/03\/LogoESI_cabecera-1.png","contentUrl":"https:\/\/esi.uclm.es\/assets\/uploads\/2022\/03\/LogoESI_cabecera-1.png","width":460,"height":184,"caption":"Escuela Superior de Inform\u00e1tica de UCLM"},"image":{"@id":"https:\/\/esi.uclm.es\/#\/schema\/logo\/image\/"},"sameAs":["https:\/\/www.facebook.com\/Escuela-Superior-de-Informtica-543261809027158","https:\/\/x.com\/esiuclm","https:\/\/www.instagram.com\/esiuclm\/","https:\/\/www.youtube.com\/user\/esiuclm","https:\/\/www.twitch.tv\/esiuclm","https:\/\/www.linkedin.com\/company\/12656631\/admin\/"]}]}},"_links":{"self":[{"href":"https:\/\/esi.uclm.es\/index.php\/wp-json\/wp\/v2\/pages\/9812","targetHints":{"allow":["GET"]}}],"collection":[{"href":"https:\/\/esi.uclm.es\/index.php\/wp-json\/wp\/v2\/pages"}],"about":[{"href":"https:\/\/esi.uclm.es\/index.php\/wp-json\/wp\/v2\/types\/page"}],"author":[{"embeddable":true,"href":"https:\/\/esi.uclm.es\/index.php\/wp-json\/wp\/v2\/users\/4"}],"replies":[{"embeddable":true,"href":"https:\/\/esi.uclm.es\/index.php\/wp-json\/wp\/v2\/comments?post=9812"}],"version-history":[{"count":14,"href":"https:\/\/esi.uclm.es\/index.php\/wp-json\/wp\/v2\/pages\/9812\/revisions"}],"predecessor-version":[{"id":10544,"href":"https:\/\/esi.uclm.es\/index.php\/wp-json\/wp\/v2\/pages\/9812\/revisions\/10544"}],"up":[{"embeddable":true,"href":"https:\/\/esi.uclm.es\/index.php\/wp-json\/wp\/v2\/pages\/3942"}],"wp:attachment":[{"href":"https:\/\/esi.uclm.es\/index.php\/wp-json\/wp\/v2\/media?parent=9812"}],"curies":[{"name":"wp","href":"https:\/\/api.w.org\/{rel}","templated":true}]}}