{"id":9728,"date":"2022-05-10T09:25:58","date_gmt":"2022-05-10T09:25:58","guid":{"rendered":"https:\/\/esi.uclm.es\/?page_id=9728"},"modified":"2023-03-09T16:10:31","modified_gmt":"2023-03-09T16:10:31","slug":"presupuesto-participativo-2022","status":"publish","type":"page","link":"https:\/\/esi.uclm.es\/index.php\/transparencia\/gobierno-abierto\/presupuesto-participativo-2022\/","title":{"rendered":"Presupuesto participativo 2022"},"content":{"rendered":"\n<p>Un&nbsp;<strong>presupuesto participativo<\/strong>&nbsp;es un instrumento que permite incorporar la democracia participativa en la definici\u00f3n de determinadas partidas de gasto, de manera que los miembros de una comunidad decidan de manera libre y directa el destino de una parte del presupuesto.<\/p>\n\n\n\n<p>Para aplicar esta pr\u00e1ctica al&nbsp;<strong>presupuesto de la ESI correspondiente al ejercicio 2022<\/strong>, se establece un procedimiento a trav\u00e9s del cual la comunidad universitaria de la ESI plantear\u00e1 primero sus propuestas de proyectos para ser financiados, a continuaci\u00f3n, estas se evaluar\u00e1n con el fin de detectar aquellas que pudieran ser redundantes o no viables por cuestiones normativas o t\u00e9cnicas y, finalmente, se votar\u00e1n y elegir\u00e1n las propuestas aceptadas.<\/p>\n\n\n\n<p>De modo que la participaci\u00f3n del personal y de los estudiantes de la ESI puede producirse de dos formas: presentando propuestas y, posteriormente, votando el conjunto de propuestas realizadas.<\/p>\n\n\n\n<p>La cuant\u00eda de presupuesto participativo para el ejercicio 2022 asciende a&nbsp;<strong>3.000 \u20ac<\/strong>. Esperamos con esta iniciativa generar un aprendizaje positivo que nos permita ir extendiendo el alcance econ\u00f3mico en los pr\u00f3ximos ejercicios y mejorar la gesti\u00f3n de estos presupuestos participativos.<\/p>\n\n\n\n<h3 class=\"wp-block-heading\">Proyectos seleccionados para la votaci\u00f3n<\/h3>\n\n\n\n<hr class=\"wp-block-separator has-text-color has-vivid-cyan-blue-color has-alpha-channel-opacity has-vivid-cyan-blue-background-color has-background is-style-wide\"\/>\n\n\n\n<figure class=\"wp-block-table\"><table><thead><tr><th class=\"has-text-align-left\" data-align=\"left\">Proyecto<\/th><th class=\"has-text-align-left\" data-align=\"left\">Nombre<\/th><th class=\"has-text-align-left\" data-align=\"left\">Necesidad<\/th><th class=\"has-text-align-left\" data-align=\"left\">Descripci\u00f3n<\/th><th class=\"has-text-align-right\" data-align=\"right\">Importe<\/th><\/tr><\/thead><tbody><tr><td class=\"has-text-align-left\" data-align=\"left\">1<\/td><td class=\"has-text-align-left\" data-align=\"left\">Racionalizaci\u00f3n de recursos adecuados y confort t\u00e9rmico<\/td><td class=\"has-text-align-left\" data-align=\"left\">Ahorro de recursos y energ\u00eda dden el uso de los sistemas de climatizaci\u00f3n<\/td><td class=\"has-text-align-left\" data-align=\"left\">Extender los sensores de temperatura del proyecto Smart ESI al conjunto de las aulas de la Escuela y detectar ineficiencias utilizando tambi\u00e9n sensores de presencia. Producir un <em>log<\/em> hist\u00f3rico para poder luego hacer estimaciones y predicciones lo m\u00e1s acertadas posibles con prop\u00f3sitos de optimizaci\u00f3n y ahorro.<br>Coordinar con la OGI la utilizaci\u00f3n de electrov\u00e1lvulas para avanzar en la automatizaci\u00f3n del confort t\u00e9rmico y el ahorro energ\u00e9tico gracias all correcto uso de la climatizaci\u00f3n.<\/td><td class=\"has-text-align-right\" data-align=\"right\">3.000 \u20ac<\/td><\/tr><tr><td class=\"has-text-align-left\" data-align=\"left\">2<\/td><td class=\"has-text-align-left\" data-align=\"left\"><strong>Laboratorio de Realidad Virtual<\/strong><\/td><td class=\"has-text-align-left\" data-align=\"left\">En los dos \u00faltimos a\u00f1os se ha producido un auge significativo en el \u00e1mbito de la Realidad Virtual. La extensi\u00f3n de conceptos como el metaverso, omniverso y la comercializaci\u00f3n a bajo coste de gafas RV de alta calidad han contribuido en este hecho. Actualmente, la Escuela no cuenta con un set de gafas RV para poder incorporarlo a la Docencia.<\/td><td class=\"has-text-align-left\" data-align=\"left\">Se propone la adquisici\u00f3n de gafas RV y la creaci\u00f3n de un laboratorio de RV para su incorporaci\u00f3n a la docencia de asignaturas de Grado y M\u00e1ster, as\u00ed como la posibilidad de organizar talleres y cursos de ense\u00f1anzas propias.<\/td><td class=\"has-text-align-right\" data-align=\"right\"><strong>3.000 \u20ac<\/strong><\/td><\/tr><tr><td class=\"has-text-align-left\" data-align=\"left\">3<\/td><td class=\"has-text-align-left\" data-align=\"left\"><strong>Taller pr\u00e1ctico del funcionamiento de un PC<\/strong><\/td><td class=\"has-text-align-left\" data-align=\"left\">Falta de pr\u00e1ctica y aplicaci\u00f3n de conocimientos aprendidos<\/td><td class=\"has-text-align-left\" data-align=\"left\">Esta idea consiste en incorporar en la Escuela una actividad o taller en el que se ense\u00f1asen aspectos pr\u00e1cticos relacionados con los ordenadores, tan importantes como saber montar un equipo, abrir el PC y conocer todos sus componentes, solucionar posibles aver\u00edas, instalar un sistema operativo, hacer un cable de red, etc. Aspectos fundamentales para el d\u00eda a d\u00eda de un inform\u00e1tico, y que todo profesional dedicado a la inform\u00e1tica deber\u00eda conocer, poniendo en pr\u00e1ctica parte de los conocimientos aprendidos en la carrera.<br>Dicha actividad se podr\u00eda realizar con los equipos viejos de que disponga la escuela. En todo caso el coste vendr\u00eda de la compra de componentes adicionales que se pudiesen necesitar. Se estima un coste aproximado de 900 euros.<\/td><td class=\"has-text-align-right\" data-align=\"right\"><strong>900 \u20ac<\/strong><\/td><\/tr><tr><td class=\"has-text-align-left\" data-align=\"left\">4<\/td><td class=\"has-text-align-left\" data-align=\"left\">Adaptaci\u00f3n de espacio f\u00edsico para producci\u00f3n audiovisual y croma gigante<\/td><td class=\"has-text-align-left\" data-align=\"left\">Apogeo o refuerzo de la calidad del contenido audiovisual creado desde la ESI<\/td><td class=\"has-text-align-left\" data-align=\"left\">En pro de la curiosidad audiovisual, o en general en pro de cualquier utilidad con fines audiovisuales, la idea propuesta consiste en remodelar y adaptar un espacio f\u00edsico a modo de espacio audiovisual con un croma gigante (pantalla verde) u otros servicios audiovisuales, abriendo la posibilidad de poder crear spots, v\u00eddeos cortos, entrevistas o cualquier otro tipo de v\u00eddeo con efectos audiovisuales, reforzando la calidad del contenido audiovisual creado desde la ESI. En el C:TED ya existe una sala muy profesionalizada y preparada para esto, pero al disponer de este equipamiento en la ESI se conseguir\u00eda m\u00e1s libertad. El gasto podr\u00e1 reconsiderarse y relativizarse en funci\u00f3n de las necesidades, instrumentos, intenciones, libertades y responsabilidades.<\/td><td class=\"has-text-align-right\" data-align=\"right\">1.500 \u20ac<\/td><\/tr><tr><td class=\"has-text-align-left\" data-align=\"left\">5<\/td><td class=\"has-text-align-left\" data-align=\"left\"><strong>Considerar llevar a cabo charlas-taller de Soft-Skills (inteligencia emocional, etc.) en pro de este tipo de formaci\u00f3n<\/strong><\/td><td class=\"has-text-align-left\" data-align=\"left\">Correcci\u00f3n de carencias en la formaci\u00f3n de las habilidades Soft-Skills del alumnado<\/td><td class=\"has-text-align-left\" data-align=\"left\">En pro de la formaci\u00f3n adicional y futuro profesional, la propuesta consiste en que, m\u00e1s all\u00e1 de las charlas-taller organizadas por el CIPE acerca del CV u otras, tambi\u00e9n se consideren realizar charlas-taller relacionadas con el dominio de las Soft-Skills, tales como Inteligencia Emocional, entre muchas otras, tan valorables en el mundo profesional. Puede estar trat\u00e1ndose realmente de una materia pendiente, interesante y en general desarrollable para todos, logrando generar valor en la sociedad. Puede realizarse en Santa Tecla, o en general en cualquier otra fecha.<\/td><td class=\"has-text-align-right\" data-align=\"right\"><strong>(Asumido por la direcci\u00f3n)<\/strong><\/td><\/tr><\/tbody><\/table><\/figure>\n\n\n\n<h3 class=\"wp-block-heading\">Votaci\u00f3n y calendario<\/h3>\n\n\n\n<hr class=\"wp-block-separator has-text-color has-vivid-cyan-blue-color has-alpha-channel-opacity has-vivid-cyan-blue-background-color has-background is-style-wide\"\/>\n\n\n\n<p>Concluido el periodo de votaci\u00f3n, que se ha extendido desde el d\u00eda 15 al 24 de junio, se han recibido&nbsp;<strong>86 votos<\/strong>, siendo los resultados de la votaci\u00f3n los siguientes:<\/p>\n\n\n\n<ul class=\"wp-block-list\">\n<li>Proyecto 3. Taller pr\u00e1ctico del funcionamiento de un PC \u2013&nbsp;<strong>2,37 puntos<\/strong><\/li>\n\n\n\n<li>Proyecto 2. Laboratorio de Realidad Virtual \u2013&nbsp;<strong>2,35 puntos<\/strong><\/li>\n\n\n\n<li>Proyecto 1. Racionalizaci\u00f3n de recursos adecuados y confort t\u00e9rmico \u2013&nbsp;<strong>2,20 puntos<\/strong><\/li>\n\n\n\n<li>Proyecto 4. Adaptaci\u00f3n de espacio f\u00edsico para producci\u00f3n audiovisual y croma gigante \u2013&nbsp;<strong>2,16 puntos<\/strong><\/li>\n<\/ul>\n\n\n\n<p>Han quedado seleccionados los proyectos <strong>3<\/strong> y <strong>2<\/strong>.<\/p>\n\n\n\n<figure class=\"wp-block-table is-style-regular\"><table><thead><tr><th class=\"has-text-align-left\" data-align=\"left\" scope=\"col\">Fase<\/th><th class=\"has-text-align-left\" data-align=\"left\" scope=\"col\">Inicio<\/th><th class=\"has-text-align-left\" data-align=\"left\" scope=\"col\">Duraci\u00f3n<\/th><\/tr><\/thead><tbody><tr><td class=\"has-text-align-left\" data-align=\"left\">Lanzamiento<\/td><td class=\"has-text-align-left\" data-align=\"left\">10\/mayo\/2022<\/td><td class=\"has-text-align-left\" data-align=\"left\">&#8211;<\/td><\/tr><tr><td class=\"has-text-align-left\" data-align=\"left\">Env\u00edo de propuestas<\/td><td class=\"has-text-align-left\" data-align=\"left\">10\/mayo\/2022<\/td><td class=\"has-text-align-left\" data-align=\"left\">10 d\u00edas h\u00e1biles<\/td><\/tr><tr><td class=\"has-text-align-left\" data-align=\"left\">Evaluaci\u00f3n de propuestas<\/td><td class=\"has-text-align-left\" data-align=\"left\">13\/junio\/2022<\/td><td class=\"has-text-align-left\" data-align=\"left\">&#8211;<\/td><\/tr><tr><td class=\"has-text-align-left\" data-align=\"left\">Votaci\u00f3n y elecci\u00f3n<\/td><td class=\"has-text-align-left\" data-align=\"left\">15\/junio\/2022<\/td><td class=\"has-text-align-left\" data-align=\"left\">7 d\u00edas h\u00e1biles<\/td><\/tr><\/tbody><\/table><\/figure>\n","protected":false},"excerpt":{"rendered":"<p>Un&nbsp;presupuesto participativo&nbsp;es un instrumento que permite incorporar la democracia participativa en la definici\u00f3n de determinadas partidas de gasto, de manera que los miembros de una comunidad decidan de manera libre y directa el destino de una parte del presupuesto. Para aplicar esta pr\u00e1ctica al&nbsp;presupuesto de [&hellip;]<\/p>\n","protected":false},"author":3,"featured_media":0,"parent":4102,"menu_order":0,"comment_status":"closed","ping_status":"closed","template":"","meta":{"footnotes":""},"class_list":["post-9728","page","type-page","status-publish","hentry"],"yoast_head":"<!-- This site is optimized with the Yoast SEO plugin v27.4 - https:\/\/yoast.com\/product\/yoast-seo-wordpress\/ -->\n<title>Presupuesto participativo 2022 - Escuela Superior de Inform\u00e1tica de UCLM<\/title>\n<meta name=\"robots\" content=\"index, follow, max-snippet:-1, max-image-preview:large, max-video-preview:-1\" \/>\n<link rel=\"canonical\" href=\"https:\/\/esi.uclm.es\/index.php\/transparencia\/gobierno-abierto\/presupuesto-participativo-2022\/\" \/>\n<meta property=\"og:locale\" content=\"es_ES\" \/>\n<meta property=\"og:type\" content=\"article\" \/>\n<meta property=\"og:title\" content=\"Presupuesto participativo 2022 - Escuela Superior de Inform\u00e1tica de UCLM\" \/>\n<meta property=\"og:description\" content=\"Un&nbsp;presupuesto participativo&nbsp;es un instrumento que permite incorporar la democracia participativa en la definici\u00f3n de determinadas partidas de gasto, de manera que los miembros de una comunidad decidan de manera libre y directa el destino de una parte del presupuesto. Para aplicar esta pr\u00e1ctica al&nbsp;presupuesto de [&hellip;]\" \/>\n<meta property=\"og:url\" content=\"https:\/\/esi.uclm.es\/index.php\/transparencia\/gobierno-abierto\/presupuesto-participativo-2022\/\" \/>\n<meta property=\"og:site_name\" content=\"Escuela Superior de Inform\u00e1tica de UCLM\" \/>\n<meta property=\"article:publisher\" content=\"https:\/\/www.facebook.com\/Escuela-Superior-de-Informtica-543261809027158\" \/>\n<meta property=\"article:modified_time\" content=\"2023-03-09T16:10:31+00:00\" \/>\n<meta name=\"twitter:card\" content=\"summary_large_image\" \/>\n<meta name=\"twitter:site\" content=\"@esiuclm\" \/>\n<meta name=\"twitter:label1\" content=\"Tiempo de lectura\" \/>\n\t<meta name=\"twitter:data1\" content=\"5 minutos\" \/>\n<script type=\"application\/ld+json\" class=\"yoast-schema-graph\">{\"@context\":\"https:\\\/\\\/schema.org\",\"@graph\":[{\"@type\":\"WebPage\",\"@id\":\"https:\\\/\\\/esi.uclm.es\\\/index.php\\\/transparencia\\\/gobierno-abierto\\\/presupuesto-participativo-2022\\\/\",\"url\":\"https:\\\/\\\/esi.uclm.es\\\/index.php\\\/transparencia\\\/gobierno-abierto\\\/presupuesto-participativo-2022\\\/\",\"name\":\"Presupuesto participativo 2022 - Escuela Superior de Inform\u00e1tica de UCLM\",\"isPartOf\":{\"@id\":\"https:\\\/\\\/esi.uclm.es\\\/#website\"},\"datePublished\":\"2022-05-10T09:25:58+00:00\",\"dateModified\":\"2023-03-09T16:10:31+00:00\",\"breadcrumb\":{\"@id\":\"https:\\\/\\\/esi.uclm.es\\\/index.php\\\/transparencia\\\/gobierno-abierto\\\/presupuesto-participativo-2022\\\/#breadcrumb\"},\"inLanguage\":\"es\",\"potentialAction\":[{\"@type\":\"ReadAction\",\"target\":[\"https:\\\/\\\/esi.uclm.es\\\/index.php\\\/transparencia\\\/gobierno-abierto\\\/presupuesto-participativo-2022\\\/\"]}]},{\"@type\":\"BreadcrumbList\",\"@id\":\"https:\\\/\\\/esi.uclm.es\\\/index.php\\\/transparencia\\\/gobierno-abierto\\\/presupuesto-participativo-2022\\\/#breadcrumb\",\"itemListElement\":[{\"@type\":\"ListItem\",\"position\":1,\"name\":\"Portada\",\"item\":\"https:\\\/\\\/esi.uclm.es\\\/\"},{\"@type\":\"ListItem\",\"position\":2,\"name\":\"Transparencia\",\"item\":\"https:\\\/\\\/esi.uclm.es\\\/index.php\\\/transparencia\\\/\"},{\"@type\":\"ListItem\",\"position\":3,\"name\":\"Gobierno abierto\",\"item\":\"https:\\\/\\\/esi.uclm.es\\\/index.php\\\/transparencia\\\/gobierno-abierto\\\/\"},{\"@type\":\"ListItem\",\"position\":4,\"name\":\"Presupuesto participativo 2022\"}]},{\"@type\":\"WebSite\",\"@id\":\"https:\\\/\\\/esi.uclm.es\\\/#website\",\"url\":\"https:\\\/\\\/esi.uclm.es\\\/\",\"name\":\"Escuela Superior de Inform\u00e1tica de UCLM en Ciudad Real, Castilla-La Mancha\",\"description\":\"La Escuela Superior de Inform\u00e1tica de Ciudad Real (Castilla-La Mancha), Universidad de Castilla-La Mancha es un centro universitario que imparte el ciclo completo de Ingenier\u00eda en Inform\u00e1tica: grado, m\u00e1ster y doctorado.\",\"publisher\":{\"@id\":\"https:\\\/\\\/esi.uclm.es\\\/#organization\"},\"potentialAction\":[{\"@type\":\"SearchAction\",\"target\":{\"@type\":\"EntryPoint\",\"urlTemplate\":\"https:\\\/\\\/esi.uclm.es\\\/?s={search_term_string}\"},\"query-input\":{\"@type\":\"PropertyValueSpecification\",\"valueRequired\":true,\"valueName\":\"search_term_string\"}}],\"inLanguage\":\"es\"},{\"@type\":\"Organization\",\"@id\":\"https:\\\/\\\/esi.uclm.es\\\/#organization\",\"name\":\"Escuela Superior de Inform\u00e1tica de UCLM\",\"url\":\"https:\\\/\\\/esi.uclm.es\\\/\",\"logo\":{\"@type\":\"ImageObject\",\"inLanguage\":\"es\",\"@id\":\"https:\\\/\\\/esi.uclm.es\\\/#\\\/schema\\\/logo\\\/image\\\/\",\"url\":\"https:\\\/\\\/esi.uclm.es\\\/assets\\\/uploads\\\/2022\\\/03\\\/LogoESI_cabecera-1.png\",\"contentUrl\":\"https:\\\/\\\/esi.uclm.es\\\/assets\\\/uploads\\\/2022\\\/03\\\/LogoESI_cabecera-1.png\",\"width\":460,\"height\":184,\"caption\":\"Escuela Superior de Inform\u00e1tica de UCLM\"},\"image\":{\"@id\":\"https:\\\/\\\/esi.uclm.es\\\/#\\\/schema\\\/logo\\\/image\\\/\"},\"sameAs\":[\"https:\\\/\\\/www.facebook.com\\\/Escuela-Superior-de-Informtica-543261809027158\",\"https:\\\/\\\/x.com\\\/esiuclm\",\"https:\\\/\\\/www.instagram.com\\\/esiuclm\\\/\",\"https:\\\/\\\/www.youtube.com\\\/user\\\/esiuclm\",\"https:\\\/\\\/www.twitch.tv\\\/esiuclm\",\"https:\\\/\\\/www.linkedin.com\\\/company\\\/12656631\\\/admin\\\/\"]}]}<\/script>\n<!-- \/ Yoast SEO plugin. -->","yoast_head_json":{"title":"Presupuesto participativo 2022 - Escuela Superior de Inform\u00e1tica de UCLM","robots":{"index":"index","follow":"follow","max-snippet":"max-snippet:-1","max-image-preview":"max-image-preview:large","max-video-preview":"max-video-preview:-1"},"canonical":"https:\/\/esi.uclm.es\/index.php\/transparencia\/gobierno-abierto\/presupuesto-participativo-2022\/","og_locale":"es_ES","og_type":"article","og_title":"Presupuesto participativo 2022 - Escuela Superior de Inform\u00e1tica de UCLM","og_description":"Un&nbsp;presupuesto participativo&nbsp;es un instrumento que permite incorporar la democracia participativa en la definici\u00f3n de determinadas partidas de gasto, de manera que los miembros de una comunidad decidan de manera libre y directa el destino de una parte del presupuesto. Para aplicar esta pr\u00e1ctica al&nbsp;presupuesto de [&hellip;]","og_url":"https:\/\/esi.uclm.es\/index.php\/transparencia\/gobierno-abierto\/presupuesto-participativo-2022\/","og_site_name":"Escuela Superior de Inform\u00e1tica de UCLM","article_publisher":"https:\/\/www.facebook.com\/Escuela-Superior-de-Informtica-543261809027158","article_modified_time":"2023-03-09T16:10:31+00:00","twitter_card":"summary_large_image","twitter_site":"@esiuclm","twitter_misc":{"Tiempo de lectura":"5 minutos"},"schema":{"@context":"https:\/\/schema.org","@graph":[{"@type":"WebPage","@id":"https:\/\/esi.uclm.es\/index.php\/transparencia\/gobierno-abierto\/presupuesto-participativo-2022\/","url":"https:\/\/esi.uclm.es\/index.php\/transparencia\/gobierno-abierto\/presupuesto-participativo-2022\/","name":"Presupuesto participativo 2022 - Escuela Superior de Inform\u00e1tica de UCLM","isPartOf":{"@id":"https:\/\/esi.uclm.es\/#website"},"datePublished":"2022-05-10T09:25:58+00:00","dateModified":"2023-03-09T16:10:31+00:00","breadcrumb":{"@id":"https:\/\/esi.uclm.es\/index.php\/transparencia\/gobierno-abierto\/presupuesto-participativo-2022\/#breadcrumb"},"inLanguage":"es","potentialAction":[{"@type":"ReadAction","target":["https:\/\/esi.uclm.es\/index.php\/transparencia\/gobierno-abierto\/presupuesto-participativo-2022\/"]}]},{"@type":"BreadcrumbList","@id":"https:\/\/esi.uclm.es\/index.php\/transparencia\/gobierno-abierto\/presupuesto-participativo-2022\/#breadcrumb","itemListElement":[{"@type":"ListItem","position":1,"name":"Portada","item":"https:\/\/esi.uclm.es\/"},{"@type":"ListItem","position":2,"name":"Transparencia","item":"https:\/\/esi.uclm.es\/index.php\/transparencia\/"},{"@type":"ListItem","position":3,"name":"Gobierno abierto","item":"https:\/\/esi.uclm.es\/index.php\/transparencia\/gobierno-abierto\/"},{"@type":"ListItem","position":4,"name":"Presupuesto participativo 2022"}]},{"@type":"WebSite","@id":"https:\/\/esi.uclm.es\/#website","url":"https:\/\/esi.uclm.es\/","name":"Escuela Superior de Inform\u00e1tica de UCLM en Ciudad Real, Castilla-La Mancha","description":"La Escuela Superior de Inform\u00e1tica de Ciudad Real (Castilla-La Mancha), Universidad de Castilla-La Mancha es un centro universitario que imparte el ciclo completo de Ingenier\u00eda en Inform\u00e1tica: grado, m\u00e1ster y doctorado.","publisher":{"@id":"https:\/\/esi.uclm.es\/#organization"},"potentialAction":[{"@type":"SearchAction","target":{"@type":"EntryPoint","urlTemplate":"https:\/\/esi.uclm.es\/?s={search_term_string}"},"query-input":{"@type":"PropertyValueSpecification","valueRequired":true,"valueName":"search_term_string"}}],"inLanguage":"es"},{"@type":"Organization","@id":"https:\/\/esi.uclm.es\/#organization","name":"Escuela Superior de Inform\u00e1tica de UCLM","url":"https:\/\/esi.uclm.es\/","logo":{"@type":"ImageObject","inLanguage":"es","@id":"https:\/\/esi.uclm.es\/#\/schema\/logo\/image\/","url":"https:\/\/esi.uclm.es\/assets\/uploads\/2022\/03\/LogoESI_cabecera-1.png","contentUrl":"https:\/\/esi.uclm.es\/assets\/uploads\/2022\/03\/LogoESI_cabecera-1.png","width":460,"height":184,"caption":"Escuela Superior de Inform\u00e1tica de UCLM"},"image":{"@id":"https:\/\/esi.uclm.es\/#\/schema\/logo\/image\/"},"sameAs":["https:\/\/www.facebook.com\/Escuela-Superior-de-Informtica-543261809027158","https:\/\/x.com\/esiuclm","https:\/\/www.instagram.com\/esiuclm\/","https:\/\/www.youtube.com\/user\/esiuclm","https:\/\/www.twitch.tv\/esiuclm","https:\/\/www.linkedin.com\/company\/12656631\/admin\/"]}]}},"_links":{"self":[{"href":"https:\/\/esi.uclm.es\/index.php\/wp-json\/wp\/v2\/pages\/9728","targetHints":{"allow":["GET"]}}],"collection":[{"href":"https:\/\/esi.uclm.es\/index.php\/wp-json\/wp\/v2\/pages"}],"about":[{"href":"https:\/\/esi.uclm.es\/index.php\/wp-json\/wp\/v2\/types\/page"}],"author":[{"embeddable":true,"href":"https:\/\/esi.uclm.es\/index.php\/wp-json\/wp\/v2\/users\/3"}],"replies":[{"embeddable":true,"href":"https:\/\/esi.uclm.es\/index.php\/wp-json\/wp\/v2\/comments?post=9728"}],"version-history":[{"count":18,"href":"https:\/\/esi.uclm.es\/index.php\/wp-json\/wp\/v2\/pages\/9728\/revisions"}],"predecessor-version":[{"id":14806,"href":"https:\/\/esi.uclm.es\/index.php\/wp-json\/wp\/v2\/pages\/9728\/revisions\/14806"}],"up":[{"embeddable":true,"href":"https:\/\/esi.uclm.es\/index.php\/wp-json\/wp\/v2\/pages\/4102"}],"wp:attachment":[{"href":"https:\/\/esi.uclm.es\/index.php\/wp-json\/wp\/v2\/media?parent=9728"}],"curies":[{"name":"wp","href":"https:\/\/api.w.org\/{rel}","templated":true}]}}