{"id":7866,"date":"2022-03-10T21:20:53","date_gmt":"2022-03-10T21:20:53","guid":{"rendered":"https:\/\/esi.uclm.es\/?page_id=7866"},"modified":"2023-03-28T10:14:53","modified_gmt":"2023-03-28T10:14:53","slug":"aula-ntt-data","status":"publish","type":"page","link":"https:\/\/esi.uclm.es\/index.php\/aula-ntt-data\/","title":{"rendered":"Aula NTT Data"},"content":{"rendered":"\n<p>&nbsp;<\/p>\n\n\n\n<figure class=\"wp-block-image size-large is-resized\"><img loading=\"lazy\" decoding=\"async\" src=\"https:\/\/esi.uclm.es\/assets\/uploads\/2022\/03\/logo_nttdata-1024x150.gif\" alt=\"\" class=\"wp-image-7846\" width=\"282\" height=\"41\" srcset=\"https:\/\/esi.uclm.es\/assets\/uploads\/2022\/03\/logo_nttdata-1024x150.gif 1024w, https:\/\/esi.uclm.es\/assets\/uploads\/2022\/03\/logo_nttdata-300x44.gif 300w, https:\/\/esi.uclm.es\/assets\/uploads\/2022\/03\/logo_nttdata-768x113.gif 768w, https:\/\/esi.uclm.es\/assets\/uploads\/2022\/03\/logo_nttdata-600x88.gif 600w\" sizes=\"auto, (max-width: 282px) 100vw, 282px\" \/><\/figure>\n\n\n\n<p>El Aula NTT DATA de la Universidad de Castilla-La Mancha nace&nbsp;como el lugar com\u00fan desde el que desarrollar la producci\u00f3n y selecci\u00f3n de ideas y proyectos que plasmen la <strong>cooperaci\u00f3n <\/strong>entre la <strong>Escuela Superior de Inform\u00e1tica<\/strong> y&nbsp;<strong>NTT DATA<\/strong>&nbsp;en materias y actividades&nbsp;relacionadas con la formaci\u00f3n del estudiantado, el personal universitario y los profesionales de NTT DATA, la promoci\u00f3n de los estudios en Ingenier\u00eda Inform\u00e1tica, las certificaciones profesionales, el mentoring profesional y la sensibilizaci\u00f3n en relaci\u00f3n al papel de la mujer y la igualdad de g\u00e9nero en STEM y en la industria tecnol\u00f3gica inform\u00e1tica.<\/p>\n\n\n\n<ul class=\"wp-block-list\">\n<li><a href=\"https:\/\/www.uclm.es\/-\/media\/Files\/A01-Asistencia-Direccion\/A01-135-Vicerrectorado-Transferencia\/Catedras-y-Aulas\/Aula-NTT-DATA\/Convenio-Aula-Univ-Empresa-NTT-Data_vf_firmado-JGLB-y-JRM.ashx?la=es\">Convenio de colaboraci\u00f3n<\/a><\/li>\n<\/ul>\n\n\n\n<h3 class=\"wp-block-heading\">Actividades realizadas<\/h3>\n\n\n\n<figure class=\"wp-block-table is-style-stripes\"><table><tbody><tr><td class=\"has-text-align-left\" data-align=\"left\">Conferencias<\/td><td class=\"has-text-align-left\" data-align=\"left\">El 14 de marzo de 2022, a las 11.30h en el Sal\u00f3n de Actos Alan Turing, L\u00e1zaro Alc\u00e1zar G\u00f3mez, Susana Moraga Nu\u00f1ez&nbsp; y Julieta Sinelli de NTTDATA impartieron la conferencia <strong><a href=\"https:\/\/esi.uclm.es\/index.php\/events\/el-dia-a-dia-de-un-consultor\/\">\u201c<\/a><\/strong><a href=\"https:\/\/esi.uclm.es\/index.php\/events\/el-dia-a-dia-de-un-consultor\/\"><strong>El d\u00eda a d\u00eda de un consultor<\/strong><\/a><strong><a href=\"https:\/\/esi.uclm.es\/index.php\/events\/el-dia-a-dia-de-un-consultor\/\">\u201d<\/a>.<\/strong><\/td><\/tr><tr><td class=\"has-text-align-left\" data-align=\"left\">Talleres<\/td><td class=\"has-text-align-left\" data-align=\"left\">El 23 de noviembre de 2022, a las 11.30h en el Sal\u00f3n de Actos Alan Turing, Alicia Duque Movilla (Responsable de People en NTT DATA, Castilla y Le\u00f3n y Castilla-La Mancha), imparti\u00f3 un taller titulado <a href=\"https:\/\/esi.uclm.es\/index.php\/2022\/11\/21\/conoce-y-potencia-tus-habilidades\/\"><strong>\u201cConoce y potencia tus habilidades para tener un mejor futuro profesional<\/strong>\u201c<\/a>.<\/td><\/tr><tr><td class=\"has-text-align-left\" data-align=\"left\">Premios<\/td><td class=\"has-text-align-left\" data-align=\"left\">II Premios M\u00e1quina de Turing a los mejores Trabajos Fin de Estudios (TFE) 2022:<br><br><strong>Laura Villa Fern\u00e1ndez- Arroyo<\/strong>: Premio de 1.000 \u20ac al mejor TFG en la tem\u00e1tica de Infraestructura de Sistemas. El TFG titulado \u201cAn Affective and Proactive Robot for assisted living of older adults at home\u201d.<br><br><strong>V\u00edctor Lozano Moreno<\/strong>: Premio de 1.000 \u20ac al mejor TFG en la tem\u00e1tica de Desarrollo de Software. El TFG titulado \u201c Estudio y desarrollo de un sistema de despliegues autom\u00e1ticos con PowerShell en entornos virtualizados\u201d.<br><br><a href=\"https:\/\/esi.uclm.es\/index.php\/2022\/11\/29\/resolucion-ii-premios-maquina-de-turing\/\"><strong>Resoluci\u00f3n II Premios M\u00e1quina de Turing<\/strong><\/a><\/td><\/tr><tr><td class=\"has-text-align-left\" data-align=\"left\">Trabajos Fin de Grado y Pr\u00e1cticas en Empresa<\/td><td class=\"has-text-align-left\" data-align=\"left\">Se han defendido 13 Trabajos Fin de Grado dentro de convenio FORTE entre la Escuela Superior de Inform\u00e1tica y la empresa NTTDATA. Este convenio permiti\u00f3 a los alumnos adem\u00e1s hacer sus pr\u00e1cticas en esta empresa.<br>Adem\u00e1s, otros 17 alumnos y hicieron pr\u00e1cticas en empresas, sin relaci\u00f3n con los FORTE, durante el a\u00f1o 2022.<\/td><\/tr><\/tbody><\/table><\/figure>\n\n\n\n<ul class=\"wp-block-list\">\n<li><\/li>\n<\/ul>\n\n\n\n<p>&nbsp;<\/p>\n","protected":false},"excerpt":{"rendered":"<p>&nbsp; El Aula NTT DATA de la Universidad de Castilla-La Mancha nace&nbsp;como el lugar com\u00fan desde el que desarrollar la producci\u00f3n y selecci\u00f3n de ideas y proyectos que plasmen la cooperaci\u00f3n entre la Escuela Superior de Inform\u00e1tica y&nbsp;NTT DATA&nbsp;en materias y actividades&nbsp;relacionadas con la formaci\u00f3n [&hellip;]<\/p>\n","protected":false},"author":3,"featured_media":0,"parent":0,"menu_order":0,"comment_status":"closed","ping_status":"closed","template":"","meta":{"footnotes":""},"class_list":["post-7866","page","type-page","status-publish","hentry"],"yoast_head":"<!-- This site is optimized with the Yoast SEO plugin v27.3 - https:\/\/yoast.com\/product\/yoast-seo-wordpress\/ -->\n<title>Aula NTT Data - Escuela Superior de Inform\u00e1tica de UCLM<\/title>\n<meta name=\"robots\" content=\"index, follow, max-snippet:-1, max-image-preview:large, max-video-preview:-1\" \/>\n<link rel=\"canonical\" href=\"https:\/\/esi.uclm.es\/index.php\/aula-ntt-data\/\" \/>\n<meta property=\"og:locale\" content=\"es_ES\" \/>\n<meta property=\"og:type\" content=\"article\" \/>\n<meta property=\"og:title\" content=\"Aula NTT Data - Escuela Superior de Inform\u00e1tica de UCLM\" \/>\n<meta property=\"og:description\" content=\"&nbsp; El Aula NTT DATA de la Universidad de Castilla-La Mancha nace&nbsp;como el lugar com\u00fan desde el que desarrollar la producci\u00f3n y selecci\u00f3n de ideas y proyectos que plasmen la cooperaci\u00f3n entre la Escuela Superior de Inform\u00e1tica y&nbsp;NTT DATA&nbsp;en materias y actividades&nbsp;relacionadas con la formaci\u00f3n [&hellip;]\" \/>\n<meta property=\"og:url\" content=\"https:\/\/esi.uclm.es\/index.php\/aula-ntt-data\/\" \/>\n<meta property=\"og:site_name\" content=\"Escuela Superior de Inform\u00e1tica de UCLM\" \/>\n<meta property=\"article:publisher\" content=\"https:\/\/www.facebook.com\/Escuela-Superior-de-Informtica-543261809027158\" \/>\n<meta property=\"article:modified_time\" content=\"2023-03-28T10:14:53+00:00\" \/>\n<meta property=\"og:image\" content=\"https:\/\/esi.uclm.es\/assets\/uploads\/2022\/03\/logo_nttdata-1024x150.gif\" \/>\n<meta name=\"twitter:card\" content=\"summary_large_image\" \/>\n<meta name=\"twitter:site\" content=\"@esiuclm\" \/>\n<meta name=\"twitter:label1\" content=\"Tiempo de lectura\" \/>\n\t<meta name=\"twitter:data1\" content=\"2 minutos\" \/>\n<script type=\"application\/ld+json\" class=\"yoast-schema-graph\">{\"@context\":\"https:\\\/\\\/schema.org\",\"@graph\":[{\"@type\":\"WebPage\",\"@id\":\"https:\\\/\\\/esi.uclm.es\\\/index.php\\\/aula-ntt-data\\\/\",\"url\":\"https:\\\/\\\/esi.uclm.es\\\/index.php\\\/aula-ntt-data\\\/\",\"name\":\"Aula NTT Data - Escuela Superior de Inform\u00e1tica de UCLM\",\"isPartOf\":{\"@id\":\"https:\\\/\\\/esi.uclm.es\\\/#website\"},\"primaryImageOfPage\":{\"@id\":\"https:\\\/\\\/esi.uclm.es\\\/index.php\\\/aula-ntt-data\\\/#primaryimage\"},\"image\":{\"@id\":\"https:\\\/\\\/esi.uclm.es\\\/index.php\\\/aula-ntt-data\\\/#primaryimage\"},\"thumbnailUrl\":\"https:\\\/\\\/esi.uclm.es\\\/assets\\\/uploads\\\/2022\\\/03\\\/logo_nttdata-1024x150.gif\",\"datePublished\":\"2022-03-10T21:20:53+00:00\",\"dateModified\":\"2023-03-28T10:14:53+00:00\",\"breadcrumb\":{\"@id\":\"https:\\\/\\\/esi.uclm.es\\\/index.php\\\/aula-ntt-data\\\/#breadcrumb\"},\"inLanguage\":\"es\",\"potentialAction\":[{\"@type\":\"ReadAction\",\"target\":[\"https:\\\/\\\/esi.uclm.es\\\/index.php\\\/aula-ntt-data\\\/\"]}]},{\"@type\":\"ImageObject\",\"inLanguage\":\"es\",\"@id\":\"https:\\\/\\\/esi.uclm.es\\\/index.php\\\/aula-ntt-data\\\/#primaryimage\",\"url\":\"https:\\\/\\\/esi.uclm.es\\\/assets\\\/uploads\\\/2022\\\/03\\\/logo_nttdata-1024x150.gif\",\"contentUrl\":\"https:\\\/\\\/esi.uclm.es\\\/assets\\\/uploads\\\/2022\\\/03\\\/logo_nttdata-1024x150.gif\"},{\"@type\":\"BreadcrumbList\",\"@id\":\"https:\\\/\\\/esi.uclm.es\\\/index.php\\\/aula-ntt-data\\\/#breadcrumb\",\"itemListElement\":[{\"@type\":\"ListItem\",\"position\":1,\"name\":\"Portada\",\"item\":\"https:\\\/\\\/esi.uclm.es\\\/\"},{\"@type\":\"ListItem\",\"position\":2,\"name\":\"Aula NTT Data\"}]},{\"@type\":\"WebSite\",\"@id\":\"https:\\\/\\\/esi.uclm.es\\\/#website\",\"url\":\"https:\\\/\\\/esi.uclm.es\\\/\",\"name\":\"Escuela Superior de Inform\u00e1tica de UCLM en Ciudad Real, Castilla-La Mancha\",\"description\":\"La Escuela Superior de Inform\u00e1tica de Ciudad Real (Castilla-La Mancha), Universidad de Castilla-La Mancha es un centro universitario que imparte el ciclo completo de Ingenier\u00eda en Inform\u00e1tica: grado, m\u00e1ster y doctorado.\",\"publisher\":{\"@id\":\"https:\\\/\\\/esi.uclm.es\\\/#organization\"},\"potentialAction\":[{\"@type\":\"SearchAction\",\"target\":{\"@type\":\"EntryPoint\",\"urlTemplate\":\"https:\\\/\\\/esi.uclm.es\\\/?s={search_term_string}\"},\"query-input\":{\"@type\":\"PropertyValueSpecification\",\"valueRequired\":true,\"valueName\":\"search_term_string\"}}],\"inLanguage\":\"es\"},{\"@type\":\"Organization\",\"@id\":\"https:\\\/\\\/esi.uclm.es\\\/#organization\",\"name\":\"Escuela Superior de Inform\u00e1tica de UCLM\",\"url\":\"https:\\\/\\\/esi.uclm.es\\\/\",\"logo\":{\"@type\":\"ImageObject\",\"inLanguage\":\"es\",\"@id\":\"https:\\\/\\\/esi.uclm.es\\\/#\\\/schema\\\/logo\\\/image\\\/\",\"url\":\"https:\\\/\\\/esi.uclm.es\\\/assets\\\/uploads\\\/2022\\\/03\\\/LogoESI_cabecera-1.png\",\"contentUrl\":\"https:\\\/\\\/esi.uclm.es\\\/assets\\\/uploads\\\/2022\\\/03\\\/LogoESI_cabecera-1.png\",\"width\":460,\"height\":184,\"caption\":\"Escuela Superior de Inform\u00e1tica de UCLM\"},\"image\":{\"@id\":\"https:\\\/\\\/esi.uclm.es\\\/#\\\/schema\\\/logo\\\/image\\\/\"},\"sameAs\":[\"https:\\\/\\\/www.facebook.com\\\/Escuela-Superior-de-Informtica-543261809027158\",\"https:\\\/\\\/x.com\\\/esiuclm\",\"https:\\\/\\\/www.instagram.com\\\/esiuclm\\\/\",\"https:\\\/\\\/www.youtube.com\\\/user\\\/esiuclm\",\"https:\\\/\\\/www.twitch.tv\\\/esiuclm\",\"https:\\\/\\\/www.linkedin.com\\\/company\\\/12656631\\\/admin\\\/\"]}]}<\/script>\n<!-- \/ Yoast SEO plugin. -->","yoast_head_json":{"title":"Aula NTT Data - Escuela Superior de Inform\u00e1tica de UCLM","robots":{"index":"index","follow":"follow","max-snippet":"max-snippet:-1","max-image-preview":"max-image-preview:large","max-video-preview":"max-video-preview:-1"},"canonical":"https:\/\/esi.uclm.es\/index.php\/aula-ntt-data\/","og_locale":"es_ES","og_type":"article","og_title":"Aula NTT Data - Escuela Superior de Inform\u00e1tica de UCLM","og_description":"&nbsp; El Aula NTT DATA de la Universidad de Castilla-La Mancha nace&nbsp;como el lugar com\u00fan desde el que desarrollar la producci\u00f3n y selecci\u00f3n de ideas y proyectos que plasmen la cooperaci\u00f3n entre la Escuela Superior de Inform\u00e1tica y&nbsp;NTT DATA&nbsp;en materias y actividades&nbsp;relacionadas con la formaci\u00f3n [&hellip;]","og_url":"https:\/\/esi.uclm.es\/index.php\/aula-ntt-data\/","og_site_name":"Escuela Superior de Inform\u00e1tica de UCLM","article_publisher":"https:\/\/www.facebook.com\/Escuela-Superior-de-Informtica-543261809027158","article_modified_time":"2023-03-28T10:14:53+00:00","og_image":[{"url":"https:\/\/esi.uclm.es\/assets\/uploads\/2022\/03\/logo_nttdata-1024x150.gif","type":"","width":"","height":""}],"twitter_card":"summary_large_image","twitter_site":"@esiuclm","twitter_misc":{"Tiempo de lectura":"2 minutos"},"schema":{"@context":"https:\/\/schema.org","@graph":[{"@type":"WebPage","@id":"https:\/\/esi.uclm.es\/index.php\/aula-ntt-data\/","url":"https:\/\/esi.uclm.es\/index.php\/aula-ntt-data\/","name":"Aula NTT Data - Escuela Superior de Inform\u00e1tica de UCLM","isPartOf":{"@id":"https:\/\/esi.uclm.es\/#website"},"primaryImageOfPage":{"@id":"https:\/\/esi.uclm.es\/index.php\/aula-ntt-data\/#primaryimage"},"image":{"@id":"https:\/\/esi.uclm.es\/index.php\/aula-ntt-data\/#primaryimage"},"thumbnailUrl":"https:\/\/esi.uclm.es\/assets\/uploads\/2022\/03\/logo_nttdata-1024x150.gif","datePublished":"2022-03-10T21:20:53+00:00","dateModified":"2023-03-28T10:14:53+00:00","breadcrumb":{"@id":"https:\/\/esi.uclm.es\/index.php\/aula-ntt-data\/#breadcrumb"},"inLanguage":"es","potentialAction":[{"@type":"ReadAction","target":["https:\/\/esi.uclm.es\/index.php\/aula-ntt-data\/"]}]},{"@type":"ImageObject","inLanguage":"es","@id":"https:\/\/esi.uclm.es\/index.php\/aula-ntt-data\/#primaryimage","url":"https:\/\/esi.uclm.es\/assets\/uploads\/2022\/03\/logo_nttdata-1024x150.gif","contentUrl":"https:\/\/esi.uclm.es\/assets\/uploads\/2022\/03\/logo_nttdata-1024x150.gif"},{"@type":"BreadcrumbList","@id":"https:\/\/esi.uclm.es\/index.php\/aula-ntt-data\/#breadcrumb","itemListElement":[{"@type":"ListItem","position":1,"name":"Portada","item":"https:\/\/esi.uclm.es\/"},{"@type":"ListItem","position":2,"name":"Aula NTT Data"}]},{"@type":"WebSite","@id":"https:\/\/esi.uclm.es\/#website","url":"https:\/\/esi.uclm.es\/","name":"Escuela Superior de Inform\u00e1tica de UCLM en Ciudad Real, Castilla-La Mancha","description":"La Escuela Superior de Inform\u00e1tica de Ciudad Real (Castilla-La Mancha), Universidad de Castilla-La Mancha es un centro universitario que imparte el ciclo completo de Ingenier\u00eda en Inform\u00e1tica: grado, m\u00e1ster y doctorado.","publisher":{"@id":"https:\/\/esi.uclm.es\/#organization"},"potentialAction":[{"@type":"SearchAction","target":{"@type":"EntryPoint","urlTemplate":"https:\/\/esi.uclm.es\/?s={search_term_string}"},"query-input":{"@type":"PropertyValueSpecification","valueRequired":true,"valueName":"search_term_string"}}],"inLanguage":"es"},{"@type":"Organization","@id":"https:\/\/esi.uclm.es\/#organization","name":"Escuela Superior de Inform\u00e1tica de UCLM","url":"https:\/\/esi.uclm.es\/","logo":{"@type":"ImageObject","inLanguage":"es","@id":"https:\/\/esi.uclm.es\/#\/schema\/logo\/image\/","url":"https:\/\/esi.uclm.es\/assets\/uploads\/2022\/03\/LogoESI_cabecera-1.png","contentUrl":"https:\/\/esi.uclm.es\/assets\/uploads\/2022\/03\/LogoESI_cabecera-1.png","width":460,"height":184,"caption":"Escuela Superior de Inform\u00e1tica de UCLM"},"image":{"@id":"https:\/\/esi.uclm.es\/#\/schema\/logo\/image\/"},"sameAs":["https:\/\/www.facebook.com\/Escuela-Superior-de-Informtica-543261809027158","https:\/\/x.com\/esiuclm","https:\/\/www.instagram.com\/esiuclm\/","https:\/\/www.youtube.com\/user\/esiuclm","https:\/\/www.twitch.tv\/esiuclm","https:\/\/www.linkedin.com\/company\/12656631\/admin\/"]}]}},"_links":{"self":[{"href":"https:\/\/esi.uclm.es\/index.php\/wp-json\/wp\/v2\/pages\/7866","targetHints":{"allow":["GET"]}}],"collection":[{"href":"https:\/\/esi.uclm.es\/index.php\/wp-json\/wp\/v2\/pages"}],"about":[{"href":"https:\/\/esi.uclm.es\/index.php\/wp-json\/wp\/v2\/types\/page"}],"author":[{"embeddable":true,"href":"https:\/\/esi.uclm.es\/index.php\/wp-json\/wp\/v2\/users\/3"}],"replies":[{"embeddable":true,"href":"https:\/\/esi.uclm.es\/index.php\/wp-json\/wp\/v2\/comments?post=7866"}],"version-history":[{"count":20,"href":"https:\/\/esi.uclm.es\/index.php\/wp-json\/wp\/v2\/pages\/7866\/revisions"}],"predecessor-version":[{"id":15136,"href":"https:\/\/esi.uclm.es\/index.php\/wp-json\/wp\/v2\/pages\/7866\/revisions\/15136"}],"wp:attachment":[{"href":"https:\/\/esi.uclm.es\/index.php\/wp-json\/wp\/v2\/media?parent=7866"}],"curies":[{"name":"wp","href":"https:\/\/api.w.org\/{rel}","templated":true}]}}