{"id":7594,"date":"2022-03-02T20:09:12","date_gmt":"2022-03-02T20:09:12","guid":{"rendered":"http:\/\/esiaz24.uclm.es\/?page_id=7594"},"modified":"2026-02-10T10:25:15","modified_gmt":"2026-02-10T10:25:15","slug":"convocatorias-forte","status":"publish","type":"page","link":"https:\/\/esi.uclm.es\/index.php\/programas-singulares\/convocatorias-forte\/","title":{"rendered":"Convocatorias FORTE"},"content":{"rendered":"\n<h2 class=\"wp-block-heading\">Vigesimosegunda Convocatoria FORTE<\/h2>\n\n\n\n<hr class=\"wp-block-separator has-text-color has-vivid-cyan-blue-color has-css-opacity has-vivid-cyan-blue-background-color has-background\"\/>\n\n\n\n<p><strong>Convocatoria actual<\/strong><\/p>\n\n\n\n<p>Listado con las plazas que las empresas han ofertado en la Vigesimosegunda Convocatoria FORTE&nbsp;<\/p>\n\n\n\n<div class=\"wp-block-file\"><a id=\"wp-block-file--media-685349ff-2b02-4c7f-91dc-00ef0ff5406c\" href=\"https:\/\/esi.uclm.es\/assets\/uploads\/2025\/06\/XXII-Convocatoria-FORTE-SEPT-2025.pdf\">XXII Convocatoria FORTE (septiembre de 2025)<\/a><a href=\"https:\/\/esi.uclm.es\/assets\/uploads\/2025\/06\/XXII-Convocatoria-FORTE-SEPT-2025.pdf\" class=\"wp-block-file__button wp-element-button\" download aria-describedby=\"wp-block-file--media-685349ff-2b02-4c7f-91dc-00ef0ff5406c\">Descarga<\/a><\/div>\n\n\n\n<p><strong>Convocatorias anteriores<\/strong><\/p>\n\n\n\n<p>Listado con las plazas que las empresas ofertaron en las convocatorias anteriores<\/p>\n\n\n\n<div class=\"wp-block-file\"><a id=\"wp-block-file--media-4b0f2bae-a4cd-419b-8ede-225b964cf1e2\" href=\"http:\/\/esi.uclm.es\/assets\/uploads\/2024\/11\/XXI-Convocatoria-FORTE-FEB-2025_5.pdf\">XXI Convocatoria FORTE (febrero de 2025)<\/a><a href=\"http:\/\/esi.uclm.es\/assets\/uploads\/2024\/11\/XXI-Convocatoria-FORTE-FEB-2025_5.pdf\" class=\"wp-block-file__button wp-element-button\" download aria-describedby=\"wp-block-file--media-4b0f2bae-a4cd-419b-8ede-225b964cf1e2\">Descarga<\/a><\/div>\n\n\n\n<div class=\"wp-block-file\"><a id=\"wp-block-file--media-994f988b-6ca7-48b5-9c65-871785b64c8f\" href=\"http:\/\/esi.uclm.es\/assets\/uploads\/2024\/05\/XX_Forte.pdf\">XX Convocatoria FORTE (septiembre de 2024)<\/a><a href=\"http:\/\/esi.uclm.es\/assets\/uploads\/2024\/05\/XX_Forte.pdf\" class=\"wp-block-file__button wp-element-button\" download aria-describedby=\"wp-block-file--media-994f988b-6ca7-48b5-9c65-871785b64c8f\">Descarga<\/a><\/div>\n\n\n\n<div class=\"wp-block-file\"><a id=\"wp-block-file--media-9b240847-a94e-45b0-9581-e0578e7ff036\" href=\"http:\/\/esi.uclm.es\/assets\/uploads\/2023\/12\/XIX_Forte_v3.pdf\">XIX Convocatoria FORTE (febrero de 2024)<\/a><a href=\"http:\/\/esi.uclm.es\/assets\/uploads\/2023\/12\/XIX_Forte_v3.pdf\" class=\"wp-block-file__button wp-element-button\" download aria-describedby=\"wp-block-file--media-9b240847-a94e-45b0-9581-e0578e7ff036\">Descarga<\/a><\/div>\n\n\n\n<div class=\"wp-block-file\"><a id=\"wp-block-file--media-6f7c8eb6-18f0-4c00-84e6-184844d1763c\" href=\"https:\/\/esi.uclm.es\/assets\/uploads\/2023\/05\/XVIII-Convocatoria-FORTE-Sept-2023v2.pdf\">XVIII Convocatoria FORTE (septiembre de 2023)<\/a><a href=\"https:\/\/esi.uclm.es\/assets\/uploads\/2023\/05\/XVIII-Convocatoria-FORTE-Sept-2023v2.pdf\" class=\"wp-block-file__button wp-element-button\" download aria-describedby=\"wp-block-file--media-6f7c8eb6-18f0-4c00-84e6-184844d1763c\">Descarga<\/a><\/div>\n\n\n\n<div class=\"wp-block-file\"><a id=\"wp-block-file--media-2d61d64d-1385-43d4-96f3-d30edf645878\" href=\"http:\/\/esi.uclm.es\/assets\/uploads\/2022\/11\/XVII-Convocatoria-FORTE_4.pdf\">XVII Convocatoria FORTE (febrero de 2023)<\/a><a href=\"http:\/\/esi.uclm.es\/assets\/uploads\/2022\/11\/XVII-Convocatoria-FORTE_4.pdf\" class=\"wp-block-file__button wp-element-button\" download aria-describedby=\"wp-block-file--media-2d61d64d-1385-43d4-96f3-d30edf645878\">Descarga<\/a><\/div>\n\n\n\n<div class=\"wp-block-file\"><a id=\"wp-block-file--media-b4153565-7eff-40e3-93a7-2e443efaa3d4\" href=\"https:\/\/esi.uclm.es\/assets\/uploads\/2022\/05\/XVI-Convocatoria-FORTE.pdf\">XVI Convocatoria FORTE (septiembre de 2022)<\/a><a href=\"https:\/\/esi.uclm.es\/assets\/uploads\/2022\/05\/XVI-Convocatoria-FORTE.pdf\" class=\"wp-block-file__button wp-element-button\" download aria-describedby=\"wp-block-file--media-b4153565-7eff-40e3-93a7-2e443efaa3d4\">Descarga<\/a><\/div>\n\n\n\n<div class=\"wp-block-file\"><a id=\"wp-block-file--media-fb13d3e6-91dd-4d7a-875a-a68f89f69a5c\" href=\"https:\/\/esi.uclm.es\/assets\/uploads\/2022\/03\/XV-Convocatoria-FORTE.pdf\">XV Convocatoria FORTE (febrero de 2022)<\/a><a href=\"https:\/\/esi.uclm.es\/assets\/uploads\/2022\/03\/XV-Convocatoria-FORTE.pdf\" class=\"wp-block-file__button wp-element-button\" download aria-describedby=\"wp-block-file--media-fb13d3e6-91dd-4d7a-875a-a68f89f69a5c\">Descarga<\/a><\/div>\n\n\n\n<div class=\"wp-block-file\"><a id=\"wp-block-file--media-2dc74460-9a0a-4972-9744-30b73476fe1c\" href=\"https:\/\/esi.uclm.es\/assets\/uploads\/2022\/03\/XIV-Convocatoria-FORTE.pdf\">XIV Convocatoria FORTE (septiembre de 2021)<\/a><a href=\"https:\/\/esi.uclm.es\/assets\/uploads\/2022\/03\/XIV-Convocatoria-FORTE.pdf\" class=\"wp-block-file__button wp-element-button\" download aria-describedby=\"wp-block-file--media-2dc74460-9a0a-4972-9744-30b73476fe1c\">Descarga<\/a><\/div>\n\n\n\n<div class=\"wp-block-file\"><a id=\"wp-block-file--media-3947464a-7978-4e13-bd59-d0408f5e872e\" href=\"https:\/\/esi.uclm.es\/assets\/uploads\/2026\/02\/XIII-Convocatoria-FORTE_diciembre2020.pdf\">XIII Convocatoria FORTE (febrero de 2021)<\/a><a href=\"https:\/\/esi.uclm.es\/assets\/uploads\/2026\/02\/XIII-Convocatoria-FORTE_diciembre2020.pdf\" class=\"wp-block-file__button wp-element-button\" download aria-describedby=\"wp-block-file--media-3947464a-7978-4e13-bd59-d0408f5e872e\">Descarga<\/a><\/div>\n\n\n\n<div class=\"wp-block-file\"><a id=\"wp-block-file--media-ff69c182-7ff6-44d2-935d-876bb472dac7\" href=\"https:\/\/esi.uclm.es\/assets\/uploads\/2026\/02\/XII-Convocatoria-FORTE_julio2020.pdf\">XII Convocatoria FORTE (septiembre de 2020)<\/a><a href=\"https:\/\/esi.uclm.es\/assets\/uploads\/2026\/02\/XII-Convocatoria-FORTE_julio2020.pdf\" class=\"wp-block-file__button wp-element-button\" download aria-describedby=\"wp-block-file--media-ff69c182-7ff6-44d2-935d-876bb472dac7\">Descarga<\/a><\/div>\n\n\n\n<div class=\"wp-block-file\"><a id=\"wp-block-file--media-d81edab1-f9b6-49e5-872c-1b6d83328601\" href=\"https:\/\/esi.uclm.es\/assets\/uploads\/2026\/02\/XI-Convocatoria-FORTE_diciembre2019.pdf\">XI Convocatoria FORTE (febrero de 2020)<\/a><a href=\"https:\/\/esi.uclm.es\/assets\/uploads\/2026\/02\/XI-Convocatoria-FORTE_diciembre2019.pdf\" class=\"wp-block-file__button wp-element-button\" download aria-describedby=\"wp-block-file--media-d81edab1-f9b6-49e5-872c-1b6d83328601\">Descarga<\/a><\/div>\n\n\n\n<div class=\"wp-block-file\"><a id=\"wp-block-file--media-e7b7f58e-d66b-4360-b6ed-8d97b26e418a\" href=\"https:\/\/esi.uclm.es\/assets\/uploads\/2026\/02\/X-Convocatoria-FORTE_junio2019.pdf\">X Convocatoria FORTE (septiembre de 2019)<\/a><a href=\"https:\/\/esi.uclm.es\/assets\/uploads\/2026\/02\/X-Convocatoria-FORTE_junio2019.pdf\" class=\"wp-block-file__button wp-element-button\" download aria-describedby=\"wp-block-file--media-e7b7f58e-d66b-4360-b6ed-8d97b26e418a\">Descarga<\/a><\/div>\n\n\n\n<div class=\"wp-block-file\"><a id=\"wp-block-file--media-96ae2c51-2008-4d0f-90bc-a0e892e0997a\" href=\"https:\/\/esi.uclm.es\/assets\/uploads\/2026\/02\/IX-Convocatoria-FORTE_diciembre2018.pdf\">IX Convocatoria FORTE (febrero de 2019)<\/a><a href=\"https:\/\/esi.uclm.es\/assets\/uploads\/2026\/02\/IX-Convocatoria-FORTE_diciembre2018.pdf\" class=\"wp-block-file__button wp-element-button\" download aria-describedby=\"wp-block-file--media-96ae2c51-2008-4d0f-90bc-a0e892e0997a\">Descarga<\/a><\/div>\n\n\n\n<div class=\"wp-block-file\"><a id=\"wp-block-file--media-fac9b9dd-69f4-49f9-b89e-6baa5c7fc7c9\" href=\"https:\/\/esi.uclm.es\/assets\/uploads\/2026\/02\/VIII-Convocatoria-FORTE_julio2018.pdf\">VIII Convocatoria FORTE (septiembre de 2018)<\/a><a href=\"https:\/\/esi.uclm.es\/assets\/uploads\/2026\/02\/VIII-Convocatoria-FORTE_julio2018.pdf\" class=\"wp-block-file__button wp-element-button\" download aria-describedby=\"wp-block-file--media-fac9b9dd-69f4-49f9-b89e-6baa5c7fc7c9\">Descarga<\/a><\/div>\n\n\n\n<div class=\"wp-block-file\"><a id=\"wp-block-file--media-8e0e2831-0ce5-41fa-9da3-afcbbbbf958a\" href=\"https:\/\/esi.uclm.es\/assets\/uploads\/2026\/02\/VII-Convocatoria-FORTE_diciembre2017.pdf\">VII Convocatoria FORTE (febrero de 2018)<\/a><a href=\"https:\/\/esi.uclm.es\/assets\/uploads\/2026\/02\/VII-Convocatoria-FORTE_diciembre2017.pdf\" class=\"wp-block-file__button wp-element-button\" download aria-describedby=\"wp-block-file--media-8e0e2831-0ce5-41fa-9da3-afcbbbbf958a\">Descarga<\/a><\/div>\n\n\n\n<div class=\"wp-block-file\"><a id=\"wp-block-file--media-1a7d6e50-e390-4f40-af25-a610609d18ba\" href=\"https:\/\/esi.uclm.es\/assets\/uploads\/2026\/02\/VI-Convocatoria-FORTE_junio2017.pdf\">VI Convocatoria FORTE (septiembre de 2017)<\/a><a href=\"https:\/\/esi.uclm.es\/assets\/uploads\/2026\/02\/VI-Convocatoria-FORTE_junio2017.pdf\" class=\"wp-block-file__button wp-element-button\" download aria-describedby=\"wp-block-file--media-1a7d6e50-e390-4f40-af25-a610609d18ba\">Descarga<\/a><\/div>\n\n\n\n<div class=\"wp-block-file\"><a id=\"wp-block-file--media-7ef26dbb-ecc3-4e09-9a26-44a3004cc681\" href=\"https:\/\/esi.uclm.es\/assets\/uploads\/2026\/02\/V-Convocatoria-FORTE_diciembre2016.pdf\">V Convocatoria FORTE (febrero de 2017)<\/a><a href=\"https:\/\/esi.uclm.es\/assets\/uploads\/2026\/02\/V-Convocatoria-FORTE_diciembre2016.pdf\" class=\"wp-block-file__button wp-element-button\" download aria-describedby=\"wp-block-file--media-7ef26dbb-ecc3-4e09-9a26-44a3004cc681\">Descarga<\/a><\/div>\n\n\n\n<div class=\"wp-block-file\"><a id=\"wp-block-file--media-a000c7aa-c4a7-4517-bffa-583e87485ad2\" href=\"https:\/\/esi.uclm.es\/assets\/uploads\/2026\/02\/IV-CONVOCATORIA-FORTE-JUNIO_junio2016.pdf\">IV Convocatoria FORTE (septiembre de 2016)<\/a><a href=\"https:\/\/esi.uclm.es\/assets\/uploads\/2026\/02\/IV-CONVOCATORIA-FORTE-JUNIO_junio2016.pdf\" class=\"wp-block-file__button wp-element-button\" download aria-describedby=\"wp-block-file--media-a000c7aa-c4a7-4517-bffa-583e87485ad2\">Descarga<\/a><\/div>\n\n\n\n<div class=\"wp-block-file\"><a id=\"wp-block-file--media-159b498e-6c05-4f94-9f16-db1badb6b4ff\" href=\"https:\/\/esi.uclm.es\/assets\/uploads\/2026\/02\/I_II_yIII-CONVOCATORIA-FORTE_noviembre2015.pdf\">I_II_y_III Convocatoria FORTE (noviembre de 2015)<\/a><a href=\"https:\/\/esi.uclm.es\/assets\/uploads\/2026\/02\/I_II_yIII-CONVOCATORIA-FORTE_noviembre2015.pdf\" class=\"wp-block-file__button wp-element-button\" download aria-describedby=\"wp-block-file--media-159b498e-6c05-4f94-9f16-db1badb6b4ff\">Descarga<\/a><\/div>\n","protected":false},"excerpt":{"rendered":"<p>Vigesimosegunda Convocatoria FORTE Convocatoria actual Listado con las plazas que las empresas han ofertado en la Vigesimosegunda Convocatoria FORTE&nbsp; Convocatorias anteriores Listado con las plazas que las empresas ofertaron en las convocatorias anteriores<\/p>\n","protected":false},"author":1,"featured_media":0,"parent":6885,"menu_order":0,"comment_status":"closed","ping_status":"closed","template":"","meta":{"footnotes":""},"class_list":["post-7594","page","type-page","status-publish","hentry"],"yoast_head":"<!-- This site is optimized with the Yoast SEO plugin v27.3 - https:\/\/yoast.com\/product\/yoast-seo-wordpress\/ -->\n<title>Convocatorias FORTE - Escuela Superior de Inform\u00e1tica de UCLM<\/title>\n<meta name=\"robots\" content=\"index, follow, max-snippet:-1, max-image-preview:large, max-video-preview:-1\" \/>\n<link rel=\"canonical\" href=\"https:\/\/esi.uclm.es\/index.php\/programas-singulares\/convocatorias-forte\/\" \/>\n<meta property=\"og:locale\" content=\"es_ES\" \/>\n<meta property=\"og:type\" content=\"article\" \/>\n<meta property=\"og:title\" content=\"Convocatorias FORTE - Escuela Superior de Inform\u00e1tica de UCLM\" \/>\n<meta property=\"og:description\" content=\"Vigesimosegunda Convocatoria FORTE Convocatoria actual Listado con las plazas que las empresas han ofertado en la Vigesimosegunda Convocatoria FORTE&nbsp; Convocatorias anteriores Listado con las plazas que las empresas ofertaron en las convocatorias anteriores\" \/>\n<meta property=\"og:url\" content=\"https:\/\/esi.uclm.es\/index.php\/programas-singulares\/convocatorias-forte\/\" \/>\n<meta property=\"og:site_name\" content=\"Escuela Superior de Inform\u00e1tica de UCLM\" \/>\n<meta property=\"article:publisher\" content=\"https:\/\/www.facebook.com\/Escuela-Superior-de-Informtica-543261809027158\" \/>\n<meta property=\"article:modified_time\" content=\"2026-02-10T10:25:15+00:00\" \/>\n<meta name=\"twitter:card\" content=\"summary_large_image\" \/>\n<meta name=\"twitter:site\" content=\"@esiuclm\" \/>\n<meta name=\"twitter:label1\" content=\"Tiempo de lectura\" \/>\n\t<meta name=\"twitter:data1\" content=\"1 minuto\" \/>\n<script type=\"application\/ld+json\" class=\"yoast-schema-graph\">{\"@context\":\"https:\\\/\\\/schema.org\",\"@graph\":[{\"@type\":\"WebPage\",\"@id\":\"https:\\\/\\\/esi.uclm.es\\\/index.php\\\/programas-singulares\\\/convocatorias-forte\\\/\",\"url\":\"https:\\\/\\\/esi.uclm.es\\\/index.php\\\/programas-singulares\\\/convocatorias-forte\\\/\",\"name\":\"Convocatorias FORTE - Escuela Superior de Inform\u00e1tica de UCLM\",\"isPartOf\":{\"@id\":\"https:\\\/\\\/esi.uclm.es\\\/#website\"},\"datePublished\":\"2022-03-02T20:09:12+00:00\",\"dateModified\":\"2026-02-10T10:25:15+00:00\",\"breadcrumb\":{\"@id\":\"https:\\\/\\\/esi.uclm.es\\\/index.php\\\/programas-singulares\\\/convocatorias-forte\\\/#breadcrumb\"},\"inLanguage\":\"es\",\"potentialAction\":[{\"@type\":\"ReadAction\",\"target\":[\"https:\\\/\\\/esi.uclm.es\\\/index.php\\\/programas-singulares\\\/convocatorias-forte\\\/\"]}]},{\"@type\":\"BreadcrumbList\",\"@id\":\"https:\\\/\\\/esi.uclm.es\\\/index.php\\\/programas-singulares\\\/convocatorias-forte\\\/#breadcrumb\",\"itemListElement\":[{\"@type\":\"ListItem\",\"position\":1,\"name\":\"Portada\",\"item\":\"https:\\\/\\\/esi.uclm.es\\\/\"},{\"@type\":\"ListItem\",\"position\":2,\"name\":\"Programas singulares\",\"item\":\"https:\\\/\\\/esi.uclm.es\\\/index.php\\\/programas-singulares\\\/\"},{\"@type\":\"ListItem\",\"position\":3,\"name\":\"Convocatorias FORTE\"}]},{\"@type\":\"WebSite\",\"@id\":\"https:\\\/\\\/esi.uclm.es\\\/#website\",\"url\":\"https:\\\/\\\/esi.uclm.es\\\/\",\"name\":\"Escuela Superior de Inform\u00e1tica de UCLM en Ciudad Real, Castilla-La Mancha\",\"description\":\"La Escuela Superior de Inform\u00e1tica de Ciudad Real (Castilla-La Mancha), Universidad de Castilla-La Mancha es un centro universitario que imparte el ciclo completo de Ingenier\u00eda en Inform\u00e1tica: grado, m\u00e1ster y doctorado.\",\"publisher\":{\"@id\":\"https:\\\/\\\/esi.uclm.es\\\/#organization\"},\"potentialAction\":[{\"@type\":\"SearchAction\",\"target\":{\"@type\":\"EntryPoint\",\"urlTemplate\":\"https:\\\/\\\/esi.uclm.es\\\/?s={search_term_string}\"},\"query-input\":{\"@type\":\"PropertyValueSpecification\",\"valueRequired\":true,\"valueName\":\"search_term_string\"}}],\"inLanguage\":\"es\"},{\"@type\":\"Organization\",\"@id\":\"https:\\\/\\\/esi.uclm.es\\\/#organization\",\"name\":\"Escuela Superior de Inform\u00e1tica de UCLM\",\"url\":\"https:\\\/\\\/esi.uclm.es\\\/\",\"logo\":{\"@type\":\"ImageObject\",\"inLanguage\":\"es\",\"@id\":\"https:\\\/\\\/esi.uclm.es\\\/#\\\/schema\\\/logo\\\/image\\\/\",\"url\":\"https:\\\/\\\/esi.uclm.es\\\/assets\\\/uploads\\\/2022\\\/03\\\/LogoESI_cabecera-1.png\",\"contentUrl\":\"https:\\\/\\\/esi.uclm.es\\\/assets\\\/uploads\\\/2022\\\/03\\\/LogoESI_cabecera-1.png\",\"width\":460,\"height\":184,\"caption\":\"Escuela Superior de Inform\u00e1tica de UCLM\"},\"image\":{\"@id\":\"https:\\\/\\\/esi.uclm.es\\\/#\\\/schema\\\/logo\\\/image\\\/\"},\"sameAs\":[\"https:\\\/\\\/www.facebook.com\\\/Escuela-Superior-de-Informtica-543261809027158\",\"https:\\\/\\\/x.com\\\/esiuclm\",\"https:\\\/\\\/www.instagram.com\\\/esiuclm\\\/\",\"https:\\\/\\\/www.youtube.com\\\/user\\\/esiuclm\",\"https:\\\/\\\/www.twitch.tv\\\/esiuclm\",\"https:\\\/\\\/www.linkedin.com\\\/company\\\/12656631\\\/admin\\\/\"]}]}<\/script>\n<!-- \/ Yoast SEO plugin. -->","yoast_head_json":{"title":"Convocatorias FORTE - Escuela Superior de Inform\u00e1tica de UCLM","robots":{"index":"index","follow":"follow","max-snippet":"max-snippet:-1","max-image-preview":"max-image-preview:large","max-video-preview":"max-video-preview:-1"},"canonical":"https:\/\/esi.uclm.es\/index.php\/programas-singulares\/convocatorias-forte\/","og_locale":"es_ES","og_type":"article","og_title":"Convocatorias FORTE - Escuela Superior de Inform\u00e1tica de UCLM","og_description":"Vigesimosegunda Convocatoria FORTE Convocatoria actual Listado con las plazas que las empresas han ofertado en la Vigesimosegunda Convocatoria FORTE&nbsp; Convocatorias anteriores Listado con las plazas que las empresas ofertaron en las convocatorias anteriores","og_url":"https:\/\/esi.uclm.es\/index.php\/programas-singulares\/convocatorias-forte\/","og_site_name":"Escuela Superior de Inform\u00e1tica de UCLM","article_publisher":"https:\/\/www.facebook.com\/Escuela-Superior-de-Informtica-543261809027158","article_modified_time":"2026-02-10T10:25:15+00:00","twitter_card":"summary_large_image","twitter_site":"@esiuclm","twitter_misc":{"Tiempo de lectura":"1 minuto"},"schema":{"@context":"https:\/\/schema.org","@graph":[{"@type":"WebPage","@id":"https:\/\/esi.uclm.es\/index.php\/programas-singulares\/convocatorias-forte\/","url":"https:\/\/esi.uclm.es\/index.php\/programas-singulares\/convocatorias-forte\/","name":"Convocatorias FORTE - Escuela Superior de Inform\u00e1tica de UCLM","isPartOf":{"@id":"https:\/\/esi.uclm.es\/#website"},"datePublished":"2022-03-02T20:09:12+00:00","dateModified":"2026-02-10T10:25:15+00:00","breadcrumb":{"@id":"https:\/\/esi.uclm.es\/index.php\/programas-singulares\/convocatorias-forte\/#breadcrumb"},"inLanguage":"es","potentialAction":[{"@type":"ReadAction","target":["https:\/\/esi.uclm.es\/index.php\/programas-singulares\/convocatorias-forte\/"]}]},{"@type":"BreadcrumbList","@id":"https:\/\/esi.uclm.es\/index.php\/programas-singulares\/convocatorias-forte\/#breadcrumb","itemListElement":[{"@type":"ListItem","position":1,"name":"Portada","item":"https:\/\/esi.uclm.es\/"},{"@type":"ListItem","position":2,"name":"Programas singulares","item":"https:\/\/esi.uclm.es\/index.php\/programas-singulares\/"},{"@type":"ListItem","position":3,"name":"Convocatorias FORTE"}]},{"@type":"WebSite","@id":"https:\/\/esi.uclm.es\/#website","url":"https:\/\/esi.uclm.es\/","name":"Escuela Superior de Inform\u00e1tica de UCLM en Ciudad Real, Castilla-La Mancha","description":"La Escuela Superior de Inform\u00e1tica de Ciudad Real (Castilla-La Mancha), Universidad de Castilla-La Mancha es un centro universitario que imparte el ciclo completo de Ingenier\u00eda en Inform\u00e1tica: grado, m\u00e1ster y doctorado.","publisher":{"@id":"https:\/\/esi.uclm.es\/#organization"},"potentialAction":[{"@type":"SearchAction","target":{"@type":"EntryPoint","urlTemplate":"https:\/\/esi.uclm.es\/?s={search_term_string}"},"query-input":{"@type":"PropertyValueSpecification","valueRequired":true,"valueName":"search_term_string"}}],"inLanguage":"es"},{"@type":"Organization","@id":"https:\/\/esi.uclm.es\/#organization","name":"Escuela Superior de Inform\u00e1tica de UCLM","url":"https:\/\/esi.uclm.es\/","logo":{"@type":"ImageObject","inLanguage":"es","@id":"https:\/\/esi.uclm.es\/#\/schema\/logo\/image\/","url":"https:\/\/esi.uclm.es\/assets\/uploads\/2022\/03\/LogoESI_cabecera-1.png","contentUrl":"https:\/\/esi.uclm.es\/assets\/uploads\/2022\/03\/LogoESI_cabecera-1.png","width":460,"height":184,"caption":"Escuela Superior de Inform\u00e1tica de UCLM"},"image":{"@id":"https:\/\/esi.uclm.es\/#\/schema\/logo\/image\/"},"sameAs":["https:\/\/www.facebook.com\/Escuela-Superior-de-Informtica-543261809027158","https:\/\/x.com\/esiuclm","https:\/\/www.instagram.com\/esiuclm\/","https:\/\/www.youtube.com\/user\/esiuclm","https:\/\/www.twitch.tv\/esiuclm","https:\/\/www.linkedin.com\/company\/12656631\/admin\/"]}]}},"_links":{"self":[{"href":"https:\/\/esi.uclm.es\/index.php\/wp-json\/wp\/v2\/pages\/7594","targetHints":{"allow":["GET"]}}],"collection":[{"href":"https:\/\/esi.uclm.es\/index.php\/wp-json\/wp\/v2\/pages"}],"about":[{"href":"https:\/\/esi.uclm.es\/index.php\/wp-json\/wp\/v2\/types\/page"}],"author":[{"embeddable":true,"href":"https:\/\/esi.uclm.es\/index.php\/wp-json\/wp\/v2\/users\/1"}],"replies":[{"embeddable":true,"href":"https:\/\/esi.uclm.es\/index.php\/wp-json\/wp\/v2\/comments?post=7594"}],"version-history":[{"count":21,"href":"https:\/\/esi.uclm.es\/index.php\/wp-json\/wp\/v2\/pages\/7594\/revisions"}],"predecessor-version":[{"id":22554,"href":"https:\/\/esi.uclm.es\/index.php\/wp-json\/wp\/v2\/pages\/7594\/revisions\/22554"}],"up":[{"embeddable":true,"href":"https:\/\/esi.uclm.es\/index.php\/wp-json\/wp\/v2\/pages\/6885"}],"wp:attachment":[{"href":"https:\/\/esi.uclm.es\/index.php\/wp-json\/wp\/v2\/media?parent=7594"}],"curies":[{"name":"wp","href":"https:\/\/api.w.org\/{rel}","templated":true}]}}