{"id":7473,"date":"2022-02-25T13:32:17","date_gmt":"2022-02-25T13:32:17","guid":{"rendered":"http:\/\/esiaz24.uclm.es\/?page_id=7473"},"modified":"2022-02-25T13:39:33","modified_gmt":"2022-02-25T13:39:33","slug":"visitas-de-ies","status":"publish","type":"page","link":"https:\/\/esi.uclm.es\/index.php\/visitas-de-ies\/","title":{"rendered":"Visitas de IES"},"content":{"rendered":"\n<h2 class=\"wp-block-heading\">Tour guiado por la Escuela<\/h2>\n\n\n\n<hr class=\"wp-block-separator has-text-color has-background has-vivid-cyan-blue-background-color has-vivid-cyan-blue-color is-style-default\"\/>\n\n\n\n<p>Cada a\u00f1o nos visitan alrededor de 200 estudiantes, procedentes de diversos IES de toda la comunidad aut\u00f3noma, interesados en la Escuela Superior de Inform\u00e1tica. Para ellos\/as preparamos un tour guiado en el que les hablamos sobre la <a href=\"https:\/\/esi.uclm.es\/index.php\/oferta-academica\/\" data-type=\"page\" data-id=\"7043\">profesi\u00f3n de Ingeniero\/a en Inform\u00e1tica<\/a> y las oportunidades  que ofrece para sus futuros, as\u00ed como lo que la ESI puede proporcionarles como Escuela que imparte el ciclo completo en Ingenier\u00eda Inform\u00e1tica (<a href=\"https:\/\/esi.uclm.es\/index.php\/grado-en-ingenieria-informatica\/\" data-type=\"page\" data-id=\"3996\">Grado<\/a>, <a href=\"https:\/\/esi.uclm.es\/index.php\/master-en-ingenieria-informatica\/\" data-type=\"page\" data-id=\"3998\">M\u00e1ster<\/a> y <a href=\"https:\/\/esi.uclm.es\/index.php\/doctorado\/admision-doctorado\/\" data-type=\"page\" data-id=\"4889\">Doctorado<\/a>). Durante el tour, los visitantes pueden conocer nuestro<a href=\"https:\/\/esi.uclm.es\/index.php\/vida-en-la-esi\/cultura-y-divulgacion\/museo-de-la-informatica\/\" data-type=\"page\" data-id=\"4267\"> museo de la inform\u00e1tica<\/a>, el <a href=\"https:\/\/esi.uclm.es\/index.php\/infraestructuras\/edificios\/\" data-type=\"page\" data-id=\"6862\">resto de instalaciones<\/a>, <a href=\"https:\/\/esi.uclm.es\/index.php\/investigaciom\/grupos-de-investigacion\/\" data-type=\"page\" data-id=\"4213\">grupos de investigaci\u00f3n<\/a> y algunos de sus proyectos, y disfrutar de algunas demostraciones en el <a href=\"https:\/\/esi.uclm.es\/index.php\/recursos\/espacio-techlab\/\" data-type=\"page\" data-id=\"4255\">TechLab<\/a>. Si finalmente decides visitarnos, te esperamos con los brazos abiertos.<\/p>\n\n\n\n<figure class=\"wp-block-embed is-type-video is-provider-youtube wp-block-embed-youtube wp-embed-aspect-16-9 wp-has-aspect-ratio\"><div class=\"wp-block-embed__wrapper\">\n<iframe loading=\"lazy\" title=\"Visitas de IES a la ESI\" width=\"1060\" height=\"596\" src=\"https:\/\/www.youtube.com\/embed\/1vcMGfJdPT0?feature=oembed\" frameborder=\"0\" allow=\"accelerometer; autoplay; clipboard-write; encrypted-media; gyroscope; picture-in-picture\" allowfullscreen><\/iframe>\n<\/div><\/figure>\n\n\n\n<figure class=\"wp-block-gallery has-nested-images columns-default is-cropped wp-block-gallery-1 is-layout-flex wp-block-gallery-is-layout-flex\">\n<figure class=\"wp-block-image size-large\"><img loading=\"lazy\" decoding=\"async\" width=\"1024\" height=\"576\" data-id=\"7475\" src=\"https:\/\/esi.uclm.es\/assets\/uploads\/2022\/02\/visitas0-1024x576.jpg\" alt=\"\" class=\"wp-image-7475\" srcset=\"https:\/\/esi.uclm.es\/assets\/uploads\/2022\/02\/visitas0-1024x576.jpg 1024w, https:\/\/esi.uclm.es\/assets\/uploads\/2022\/02\/visitas0-300x169.jpg 300w, https:\/\/esi.uclm.es\/assets\/uploads\/2022\/02\/visitas0-768x432.jpg 768w, https:\/\/esi.uclm.es\/assets\/uploads\/2022\/02\/visitas0-1536x864.jpg 1536w, https:\/\/esi.uclm.es\/assets\/uploads\/2022\/02\/visitas0-1300x731.jpg 1300w, https:\/\/esi.uclm.es\/assets\/uploads\/2022\/02\/visitas0-600x338.jpg 600w\" sizes=\"auto, (max-width: 1024px) 100vw, 1024px\" \/><\/figure>\n\n\n\n<figure class=\"wp-block-image size-large\"><img loading=\"lazy\" decoding=\"async\" width=\"1024\" height=\"576\" data-id=\"7474\" src=\"https:\/\/esi.uclm.es\/assets\/uploads\/2022\/02\/visitas2-1024x576.jpg\" alt=\"\" class=\"wp-image-7474\" srcset=\"https:\/\/esi.uclm.es\/assets\/uploads\/2022\/02\/visitas2-1024x576.jpg 1024w, https:\/\/esi.uclm.es\/assets\/uploads\/2022\/02\/visitas2-300x169.jpg 300w, https:\/\/esi.uclm.es\/assets\/uploads\/2022\/02\/visitas2-768x432.jpg 768w, https:\/\/esi.uclm.es\/assets\/uploads\/2022\/02\/visitas2-1536x864.jpg 1536w, https:\/\/esi.uclm.es\/assets\/uploads\/2022\/02\/visitas2-1300x731.jpg 1300w, https:\/\/esi.uclm.es\/assets\/uploads\/2022\/02\/visitas2-600x338.jpg 600w\" sizes=\"auto, (max-width: 1024px) 100vw, 1024px\" \/><\/figure>\n\n\n\n<figure class=\"wp-block-image size-large\"><img loading=\"lazy\" decoding=\"async\" width=\"1024\" height=\"576\" data-id=\"7476\" src=\"https:\/\/esi.uclm.es\/assets\/uploads\/2022\/02\/visitas3-1024x576.jpg\" alt=\"\" class=\"wp-image-7476\" srcset=\"https:\/\/esi.uclm.es\/assets\/uploads\/2022\/02\/visitas3-1024x576.jpg 1024w, https:\/\/esi.uclm.es\/assets\/uploads\/2022\/02\/visitas3-300x169.jpg 300w, https:\/\/esi.uclm.es\/assets\/uploads\/2022\/02\/visitas3-768x432.jpg 768w, https:\/\/esi.uclm.es\/assets\/uploads\/2022\/02\/visitas3-1536x864.jpg 1536w, https:\/\/esi.uclm.es\/assets\/uploads\/2022\/02\/visitas3-1300x731.jpg 1300w, https:\/\/esi.uclm.es\/assets\/uploads\/2022\/02\/visitas3-600x338.jpg 600w\" sizes=\"auto, (max-width: 1024px) 100vw, 1024px\" \/><\/figure>\n\n\n\n<figure class=\"wp-block-image size-large\"><img loading=\"lazy\" decoding=\"async\" width=\"1024\" height=\"576\" data-id=\"7478\" src=\"https:\/\/esi.uclm.es\/assets\/uploads\/2022\/02\/visitas4-1024x576.jpg\" alt=\"\" class=\"wp-image-7478\" srcset=\"https:\/\/esi.uclm.es\/assets\/uploads\/2022\/02\/visitas4-1024x576.jpg 1024w, https:\/\/esi.uclm.es\/assets\/uploads\/2022\/02\/visitas4-300x169.jpg 300w, https:\/\/esi.uclm.es\/assets\/uploads\/2022\/02\/visitas4-768x432.jpg 768w, https:\/\/esi.uclm.es\/assets\/uploads\/2022\/02\/visitas4-1536x864.jpg 1536w, https:\/\/esi.uclm.es\/assets\/uploads\/2022\/02\/visitas4-1300x731.jpg 1300w, https:\/\/esi.uclm.es\/assets\/uploads\/2022\/02\/visitas4-600x338.jpg 600w\" sizes=\"auto, (max-width: 1024px) 100vw, 1024px\" \/><\/figure>\n\n\n\n<figure class=\"wp-block-image size-large\"><img loading=\"lazy\" decoding=\"async\" width=\"1024\" height=\"576\" data-id=\"7477\" src=\"https:\/\/esi.uclm.es\/assets\/uploads\/2022\/02\/visitas5-1024x576.jpg\" alt=\"\" class=\"wp-image-7477\" srcset=\"https:\/\/esi.uclm.es\/assets\/uploads\/2022\/02\/visitas5-1024x576.jpg 1024w, https:\/\/esi.uclm.es\/assets\/uploads\/2022\/02\/visitas5-300x169.jpg 300w, https:\/\/esi.uclm.es\/assets\/uploads\/2022\/02\/visitas5-768x432.jpg 768w, https:\/\/esi.uclm.es\/assets\/uploads\/2022\/02\/visitas5-1536x864.jpg 1536w, https:\/\/esi.uclm.es\/assets\/uploads\/2022\/02\/visitas5-1300x731.jpg 1300w, https:\/\/esi.uclm.es\/assets\/uploads\/2022\/02\/visitas5-600x338.jpg 600w\" sizes=\"auto, (max-width: 1024px) 100vw, 1024px\" \/><\/figure>\n<\/figure>\n","protected":false},"excerpt":{"rendered":"<p>Tour guiado por la Escuela Cada a\u00f1o nos visitan alrededor de 200 estudiantes, procedentes de diversos IES de toda la comunidad aut\u00f3noma, interesados en la Escuela Superior de Inform\u00e1tica. Para ellos\/as preparamos un tour guiado en el que les hablamos sobre la profesi\u00f3n de Ingeniero\/a [&hellip;]<\/p>\n","protected":false},"author":1,"featured_media":0,"parent":0,"menu_order":0,"comment_status":"closed","ping_status":"closed","template":"","meta":{"footnotes":""},"class_list":["post-7473","page","type-page","status-publish","hentry"],"yoast_head":"<!-- This site is optimized with the Yoast SEO plugin v27.4 - https:\/\/yoast.com\/product\/yoast-seo-wordpress\/ -->\n<title>Visitas de IES - Escuela Superior de Inform\u00e1tica de UCLM<\/title>\n<meta name=\"robots\" content=\"index, follow, max-snippet:-1, max-image-preview:large, max-video-preview:-1\" \/>\n<link rel=\"canonical\" href=\"https:\/\/esi.uclm.es\/index.php\/visitas-de-ies\/\" \/>\n<meta property=\"og:locale\" content=\"es_ES\" \/>\n<meta property=\"og:type\" content=\"article\" \/>\n<meta property=\"og:title\" content=\"Visitas de IES - Escuela Superior de Inform\u00e1tica de UCLM\" \/>\n<meta property=\"og:description\" content=\"Tour guiado por la Escuela Cada a\u00f1o nos visitan alrededor de 200 estudiantes, procedentes de diversos IES de toda la comunidad aut\u00f3noma, interesados en la Escuela Superior de Inform\u00e1tica. Para ellos\/as preparamos un tour guiado en el que les hablamos sobre la profesi\u00f3n de Ingeniero\/a [&hellip;]\" \/>\n<meta property=\"og:url\" content=\"https:\/\/esi.uclm.es\/index.php\/visitas-de-ies\/\" \/>\n<meta property=\"og:site_name\" content=\"Escuela Superior de Inform\u00e1tica de UCLM\" \/>\n<meta property=\"article:publisher\" content=\"https:\/\/www.facebook.com\/Escuela-Superior-de-Informtica-543261809027158\" \/>\n<meta property=\"article:modified_time\" content=\"2022-02-25T13:39:33+00:00\" \/>\n<meta property=\"og:image\" content=\"https:\/\/esi.uclm.es\/assets\/uploads\/2022\/02\/visitas0-1024x576.jpg\" \/>\n<meta name=\"twitter:card\" content=\"summary_large_image\" \/>\n<meta name=\"twitter:site\" content=\"@esiuclm\" \/>\n<meta name=\"twitter:label1\" content=\"Tiempo de lectura\" \/>\n\t<meta name=\"twitter:data1\" content=\"1 minuto\" \/>\n<script type=\"application\/ld+json\" class=\"yoast-schema-graph\">{\"@context\":\"https:\\\/\\\/schema.org\",\"@graph\":[{\"@type\":\"WebPage\",\"@id\":\"https:\\\/\\\/esi.uclm.es\\\/index.php\\\/visitas-de-ies\\\/\",\"url\":\"https:\\\/\\\/esi.uclm.es\\\/index.php\\\/visitas-de-ies\\\/\",\"name\":\"Visitas de IES - Escuela Superior de Inform\u00e1tica de UCLM\",\"isPartOf\":{\"@id\":\"https:\\\/\\\/esi.uclm.es\\\/#website\"},\"primaryImageOfPage\":{\"@id\":\"https:\\\/\\\/esi.uclm.es\\\/index.php\\\/visitas-de-ies\\\/#primaryimage\"},\"image\":{\"@id\":\"https:\\\/\\\/esi.uclm.es\\\/index.php\\\/visitas-de-ies\\\/#primaryimage\"},\"thumbnailUrl\":\"https:\\\/\\\/esi.uclm.es\\\/assets\\\/uploads\\\/2022\\\/02\\\/visitas0-1024x576.jpg\",\"datePublished\":\"2022-02-25T13:32:17+00:00\",\"dateModified\":\"2022-02-25T13:39:33+00:00\",\"breadcrumb\":{\"@id\":\"https:\\\/\\\/esi.uclm.es\\\/index.php\\\/visitas-de-ies\\\/#breadcrumb\"},\"inLanguage\":\"es\",\"potentialAction\":[{\"@type\":\"ReadAction\",\"target\":[\"https:\\\/\\\/esi.uclm.es\\\/index.php\\\/visitas-de-ies\\\/\"]}]},{\"@type\":\"ImageObject\",\"inLanguage\":\"es\",\"@id\":\"https:\\\/\\\/esi.uclm.es\\\/index.php\\\/visitas-de-ies\\\/#primaryimage\",\"url\":\"https:\\\/\\\/esi.uclm.es\\\/assets\\\/uploads\\\/2022\\\/02\\\/visitas0-1024x576.jpg\",\"contentUrl\":\"https:\\\/\\\/esi.uclm.es\\\/assets\\\/uploads\\\/2022\\\/02\\\/visitas0-1024x576.jpg\"},{\"@type\":\"BreadcrumbList\",\"@id\":\"https:\\\/\\\/esi.uclm.es\\\/index.php\\\/visitas-de-ies\\\/#breadcrumb\",\"itemListElement\":[{\"@type\":\"ListItem\",\"position\":1,\"name\":\"Portada\",\"item\":\"https:\\\/\\\/esi.uclm.es\\\/\"},{\"@type\":\"ListItem\",\"position\":2,\"name\":\"Visitas de IES\"}]},{\"@type\":\"WebSite\",\"@id\":\"https:\\\/\\\/esi.uclm.es\\\/#website\",\"url\":\"https:\\\/\\\/esi.uclm.es\\\/\",\"name\":\"Escuela Superior de Inform\u00e1tica de UCLM en Ciudad Real, Castilla-La Mancha\",\"description\":\"La Escuela Superior de Inform\u00e1tica de Ciudad Real (Castilla-La Mancha), Universidad de Castilla-La Mancha es un centro universitario que imparte el ciclo completo de Ingenier\u00eda en Inform\u00e1tica: grado, m\u00e1ster y doctorado.\",\"publisher\":{\"@id\":\"https:\\\/\\\/esi.uclm.es\\\/#organization\"},\"potentialAction\":[{\"@type\":\"SearchAction\",\"target\":{\"@type\":\"EntryPoint\",\"urlTemplate\":\"https:\\\/\\\/esi.uclm.es\\\/?s={search_term_string}\"},\"query-input\":{\"@type\":\"PropertyValueSpecification\",\"valueRequired\":true,\"valueName\":\"search_term_string\"}}],\"inLanguage\":\"es\"},{\"@type\":\"Organization\",\"@id\":\"https:\\\/\\\/esi.uclm.es\\\/#organization\",\"name\":\"Escuela Superior de Inform\u00e1tica de UCLM\",\"url\":\"https:\\\/\\\/esi.uclm.es\\\/\",\"logo\":{\"@type\":\"ImageObject\",\"inLanguage\":\"es\",\"@id\":\"https:\\\/\\\/esi.uclm.es\\\/#\\\/schema\\\/logo\\\/image\\\/\",\"url\":\"https:\\\/\\\/esi.uclm.es\\\/assets\\\/uploads\\\/2022\\\/03\\\/LogoESI_cabecera-1.png\",\"contentUrl\":\"https:\\\/\\\/esi.uclm.es\\\/assets\\\/uploads\\\/2022\\\/03\\\/LogoESI_cabecera-1.png\",\"width\":460,\"height\":184,\"caption\":\"Escuela Superior de Inform\u00e1tica de UCLM\"},\"image\":{\"@id\":\"https:\\\/\\\/esi.uclm.es\\\/#\\\/schema\\\/logo\\\/image\\\/\"},\"sameAs\":[\"https:\\\/\\\/www.facebook.com\\\/Escuela-Superior-de-Informtica-543261809027158\",\"https:\\\/\\\/x.com\\\/esiuclm\",\"https:\\\/\\\/www.instagram.com\\\/esiuclm\\\/\",\"https:\\\/\\\/www.youtube.com\\\/user\\\/esiuclm\",\"https:\\\/\\\/www.twitch.tv\\\/esiuclm\",\"https:\\\/\\\/www.linkedin.com\\\/company\\\/12656631\\\/admin\\\/\"]}]}<\/script>\n<!-- \/ Yoast SEO plugin. -->","yoast_head_json":{"title":"Visitas de IES - Escuela Superior de Inform\u00e1tica de UCLM","robots":{"index":"index","follow":"follow","max-snippet":"max-snippet:-1","max-image-preview":"max-image-preview:large","max-video-preview":"max-video-preview:-1"},"canonical":"https:\/\/esi.uclm.es\/index.php\/visitas-de-ies\/","og_locale":"es_ES","og_type":"article","og_title":"Visitas de IES - Escuela Superior de Inform\u00e1tica de UCLM","og_description":"Tour guiado por la Escuela Cada a\u00f1o nos visitan alrededor de 200 estudiantes, procedentes de diversos IES de toda la comunidad aut\u00f3noma, interesados en la Escuela Superior de Inform\u00e1tica. Para ellos\/as preparamos un tour guiado en el que les hablamos sobre la profesi\u00f3n de Ingeniero\/a [&hellip;]","og_url":"https:\/\/esi.uclm.es\/index.php\/visitas-de-ies\/","og_site_name":"Escuela Superior de Inform\u00e1tica de UCLM","article_publisher":"https:\/\/www.facebook.com\/Escuela-Superior-de-Informtica-543261809027158","article_modified_time":"2022-02-25T13:39:33+00:00","og_image":[{"url":"https:\/\/esi.uclm.es\/assets\/uploads\/2022\/02\/visitas0-1024x576.jpg","type":"","width":"","height":""}],"twitter_card":"summary_large_image","twitter_site":"@esiuclm","twitter_misc":{"Tiempo de lectura":"1 minuto"},"schema":{"@context":"https:\/\/schema.org","@graph":[{"@type":"WebPage","@id":"https:\/\/esi.uclm.es\/index.php\/visitas-de-ies\/","url":"https:\/\/esi.uclm.es\/index.php\/visitas-de-ies\/","name":"Visitas de IES - Escuela Superior de Inform\u00e1tica de UCLM","isPartOf":{"@id":"https:\/\/esi.uclm.es\/#website"},"primaryImageOfPage":{"@id":"https:\/\/esi.uclm.es\/index.php\/visitas-de-ies\/#primaryimage"},"image":{"@id":"https:\/\/esi.uclm.es\/index.php\/visitas-de-ies\/#primaryimage"},"thumbnailUrl":"https:\/\/esi.uclm.es\/assets\/uploads\/2022\/02\/visitas0-1024x576.jpg","datePublished":"2022-02-25T13:32:17+00:00","dateModified":"2022-02-25T13:39:33+00:00","breadcrumb":{"@id":"https:\/\/esi.uclm.es\/index.php\/visitas-de-ies\/#breadcrumb"},"inLanguage":"es","potentialAction":[{"@type":"ReadAction","target":["https:\/\/esi.uclm.es\/index.php\/visitas-de-ies\/"]}]},{"@type":"ImageObject","inLanguage":"es","@id":"https:\/\/esi.uclm.es\/index.php\/visitas-de-ies\/#primaryimage","url":"https:\/\/esi.uclm.es\/assets\/uploads\/2022\/02\/visitas0-1024x576.jpg","contentUrl":"https:\/\/esi.uclm.es\/assets\/uploads\/2022\/02\/visitas0-1024x576.jpg"},{"@type":"BreadcrumbList","@id":"https:\/\/esi.uclm.es\/index.php\/visitas-de-ies\/#breadcrumb","itemListElement":[{"@type":"ListItem","position":1,"name":"Portada","item":"https:\/\/esi.uclm.es\/"},{"@type":"ListItem","position":2,"name":"Visitas de IES"}]},{"@type":"WebSite","@id":"https:\/\/esi.uclm.es\/#website","url":"https:\/\/esi.uclm.es\/","name":"Escuela Superior de Inform\u00e1tica de UCLM en Ciudad Real, Castilla-La Mancha","description":"La Escuela Superior de Inform\u00e1tica de Ciudad Real (Castilla-La Mancha), Universidad de Castilla-La Mancha es un centro universitario que imparte el ciclo completo de Ingenier\u00eda en Inform\u00e1tica: grado, m\u00e1ster y doctorado.","publisher":{"@id":"https:\/\/esi.uclm.es\/#organization"},"potentialAction":[{"@type":"SearchAction","target":{"@type":"EntryPoint","urlTemplate":"https:\/\/esi.uclm.es\/?s={search_term_string}"},"query-input":{"@type":"PropertyValueSpecification","valueRequired":true,"valueName":"search_term_string"}}],"inLanguage":"es"},{"@type":"Organization","@id":"https:\/\/esi.uclm.es\/#organization","name":"Escuela Superior de Inform\u00e1tica de UCLM","url":"https:\/\/esi.uclm.es\/","logo":{"@type":"ImageObject","inLanguage":"es","@id":"https:\/\/esi.uclm.es\/#\/schema\/logo\/image\/","url":"https:\/\/esi.uclm.es\/assets\/uploads\/2022\/03\/LogoESI_cabecera-1.png","contentUrl":"https:\/\/esi.uclm.es\/assets\/uploads\/2022\/03\/LogoESI_cabecera-1.png","width":460,"height":184,"caption":"Escuela Superior de Inform\u00e1tica de UCLM"},"image":{"@id":"https:\/\/esi.uclm.es\/#\/schema\/logo\/image\/"},"sameAs":["https:\/\/www.facebook.com\/Escuela-Superior-de-Informtica-543261809027158","https:\/\/x.com\/esiuclm","https:\/\/www.instagram.com\/esiuclm\/","https:\/\/www.youtube.com\/user\/esiuclm","https:\/\/www.twitch.tv\/esiuclm","https:\/\/www.linkedin.com\/company\/12656631\/admin\/"]}]}},"_links":{"self":[{"href":"https:\/\/esi.uclm.es\/index.php\/wp-json\/wp\/v2\/pages\/7473","targetHints":{"allow":["GET"]}}],"collection":[{"href":"https:\/\/esi.uclm.es\/index.php\/wp-json\/wp\/v2\/pages"}],"about":[{"href":"https:\/\/esi.uclm.es\/index.php\/wp-json\/wp\/v2\/types\/page"}],"author":[{"embeddable":true,"href":"https:\/\/esi.uclm.es\/index.php\/wp-json\/wp\/v2\/users\/1"}],"replies":[{"embeddable":true,"href":"https:\/\/esi.uclm.es\/index.php\/wp-json\/wp\/v2\/comments?post=7473"}],"version-history":[{"count":4,"href":"https:\/\/esi.uclm.es\/index.php\/wp-json\/wp\/v2\/pages\/7473\/revisions"}],"predecessor-version":[{"id":7486,"href":"https:\/\/esi.uclm.es\/index.php\/wp-json\/wp\/v2\/pages\/7473\/revisions\/7486"}],"wp:attachment":[{"href":"https:\/\/esi.uclm.es\/index.php\/wp-json\/wp\/v2\/media?parent=7473"}],"curies":[{"name":"wp","href":"https:\/\/api.w.org\/{rel}","templated":true}]}}