{"id":7347,"date":"2022-02-23T18:56:44","date_gmt":"2022-02-23T18:56:44","guid":{"rendered":"http:\/\/esiaz24.uclm.es\/?page_id=7347"},"modified":"2022-02-23T18:56:44","modified_gmt":"2022-02-23T18:56:44","slug":"sello-de-calidad-euro-inf","status":"publish","type":"page","link":"https:\/\/esi.uclm.es\/index.php\/sello-de-calidad-euro-inf\/","title":{"rendered":"Sello de Calidad Euro-Inf"},"content":{"rendered":"\n<div class=\"wp-block-media-text alignwide is-stacked-on-mobile\" style=\"grid-template-columns:23% auto\"><figure class=\"wp-block-media-text__media\"><img loading=\"lazy\" decoding=\"async\" width=\"822\" height=\"822\" src=\"https:\/\/esi.uclm.es\/assets\/uploads\/2022\/02\/original_1497.png\" alt=\"\" class=\"wp-image-5762 size-full\" srcset=\"https:\/\/esi.uclm.es\/assets\/uploads\/2022\/02\/original_1497.png 822w, https:\/\/esi.uclm.es\/assets\/uploads\/2022\/02\/original_1497-300x300.png 300w, https:\/\/esi.uclm.es\/assets\/uploads\/2022\/02\/original_1497-150x150.png 150w, https:\/\/esi.uclm.es\/assets\/uploads\/2022\/02\/original_1497-768x768.png 768w, https:\/\/esi.uclm.es\/assets\/uploads\/2022\/02\/original_1497-550x550.png 550w, https:\/\/esi.uclm.es\/assets\/uploads\/2022\/02\/original_1497-600x600.png 600w, https:\/\/esi.uclm.es\/assets\/uploads\/2022\/02\/original_1497-100x100.png 100w\" sizes=\"auto, (max-width: 822px) 100vw, 822px\" \/><\/figure><div class=\"wp-block-media-text__content\">\n<p id=\"block-6d005e2f-7dd1-449c-9444-ef3c26f17720\">La ESI obtiene, para su grado en Inform\u00e1tica, esta certificaci\u00f3n internacional de excelencia otorgada por EQANIE<\/p>\n\n\n\n<p id=\"block-20e69bcb-b3b8-4bc9-9554-86c8a6c4c215\">El grado en Ingenier\u00eda Inform\u00e1tica que se imparte tanto en la Escuela Superior de Inform\u00e1tica de Ciudad Real (ESI), como en la Escuela Superior de Ingenier\u00eda Inform\u00e1tica de Albacete y la Facultad de Ciencias Sociales de Talavera de la Reina, obtuvo la aceptaci\u00f3n definitiva remitida por la ANECA del&nbsp;sello de excelencia EURO-INF&nbsp;que reconoce que los estudios cumplen ampliamente los est\u00e1ndares de calidad para el desarrollo acad\u00e9mico y profesional en el \u00e1mbito de la Inform\u00e1tica.<\/p>\n\n\n\n<p>Gracias a este sello de calidad, los alumnos que completen sus estudios en la ESI pueden garantizar que su formaci\u00f3n cumple altos est\u00e1ndares de calidad y poseen los conocimientos y competencias que rigen las normas internacionales, siendo esto altamente valorado por los empleadores en el \u00e1mbito europeo.<\/p>\n\n\n\n<p id=\"block-c32dab3e-350a-441e-939b-ba7e58d590fa\">La certificaci\u00f3n EURO-INF es otorgada, tras un completo proceso de evaluaci\u00f3n y control de calidad, por la agencia EQANIE (European Quality Assurance Network for Informatics Education)<\/p>\n<\/div><\/div>\n\n\n\n<p><\/p>\n","protected":false},"excerpt":{"rendered":"<p>La ESI obtiene, para su grado en Inform\u00e1tica, esta certificaci\u00f3n internacional de excelencia otorgada por EQANIE El grado en Ingenier\u00eda Inform\u00e1tica que se imparte tanto en la Escuela Superior de Inform\u00e1tica de Ciudad Real (ESI), como en la Escuela Superior de Ingenier\u00eda Inform\u00e1tica de Albacete [&hellip;]<\/p>\n","protected":false},"author":1,"featured_media":0,"parent":0,"menu_order":0,"comment_status":"closed","ping_status":"closed","template":"","meta":{"footnotes":""},"class_list":["post-7347","page","type-page","status-publish","hentry"],"yoast_head":"<!-- This site is optimized with the Yoast SEO plugin v27.3 - https:\/\/yoast.com\/product\/yoast-seo-wordpress\/ -->\n<title>Sello de Calidad Euro-Inf - Escuela Superior de Inform\u00e1tica de UCLM<\/title>\n<meta name=\"robots\" content=\"index, follow, max-snippet:-1, max-image-preview:large, max-video-preview:-1\" \/>\n<link rel=\"canonical\" href=\"https:\/\/esi.uclm.es\/index.php\/sello-de-calidad-euro-inf\/\" \/>\n<meta property=\"og:locale\" content=\"es_ES\" \/>\n<meta property=\"og:type\" content=\"article\" \/>\n<meta property=\"og:title\" content=\"Sello de Calidad Euro-Inf - Escuela Superior de Inform\u00e1tica de UCLM\" \/>\n<meta property=\"og:description\" content=\"La ESI obtiene, para su grado en Inform\u00e1tica, esta certificaci\u00f3n internacional de excelencia otorgada por EQANIE El grado en Ingenier\u00eda Inform\u00e1tica que se imparte tanto en la Escuela Superior de Inform\u00e1tica de Ciudad Real (ESI), como en la Escuela Superior de Ingenier\u00eda Inform\u00e1tica de Albacete [&hellip;]\" \/>\n<meta property=\"og:url\" content=\"https:\/\/esi.uclm.es\/index.php\/sello-de-calidad-euro-inf\/\" \/>\n<meta property=\"og:site_name\" content=\"Escuela Superior de Inform\u00e1tica de UCLM\" \/>\n<meta property=\"article:publisher\" content=\"https:\/\/www.facebook.com\/Escuela-Superior-de-Informtica-543261809027158\" \/>\n<meta property=\"og:image\" content=\"https:\/\/esi.uclm.es\/assets\/uploads\/2022\/02\/original_1497.png\" \/>\n<meta name=\"twitter:card\" content=\"summary_large_image\" \/>\n<meta name=\"twitter:site\" content=\"@esiuclm\" \/>\n<meta name=\"twitter:label1\" content=\"Tiempo de lectura\" \/>\n\t<meta name=\"twitter:data1\" content=\"1 minuto\" \/>\n<script type=\"application\/ld+json\" class=\"yoast-schema-graph\">{\"@context\":\"https:\\\/\\\/schema.org\",\"@graph\":[{\"@type\":\"WebPage\",\"@id\":\"https:\\\/\\\/esi.uclm.es\\\/index.php\\\/sello-de-calidad-euro-inf\\\/\",\"url\":\"https:\\\/\\\/esi.uclm.es\\\/index.php\\\/sello-de-calidad-euro-inf\\\/\",\"name\":\"Sello de Calidad Euro-Inf - Escuela Superior de Inform\u00e1tica de UCLM\",\"isPartOf\":{\"@id\":\"https:\\\/\\\/esi.uclm.es\\\/#website\"},\"primaryImageOfPage\":{\"@id\":\"https:\\\/\\\/esi.uclm.es\\\/index.php\\\/sello-de-calidad-euro-inf\\\/#primaryimage\"},\"image\":{\"@id\":\"https:\\\/\\\/esi.uclm.es\\\/index.php\\\/sello-de-calidad-euro-inf\\\/#primaryimage\"},\"thumbnailUrl\":\"https:\\\/\\\/esi.uclm.es\\\/assets\\\/uploads\\\/2022\\\/02\\\/original_1497.png\",\"datePublished\":\"2022-02-23T18:56:44+00:00\",\"breadcrumb\":{\"@id\":\"https:\\\/\\\/esi.uclm.es\\\/index.php\\\/sello-de-calidad-euro-inf\\\/#breadcrumb\"},\"inLanguage\":\"es\",\"potentialAction\":[{\"@type\":\"ReadAction\",\"target\":[\"https:\\\/\\\/esi.uclm.es\\\/index.php\\\/sello-de-calidad-euro-inf\\\/\"]}]},{\"@type\":\"ImageObject\",\"inLanguage\":\"es\",\"@id\":\"https:\\\/\\\/esi.uclm.es\\\/index.php\\\/sello-de-calidad-euro-inf\\\/#primaryimage\",\"url\":\"https:\\\/\\\/esi.uclm.es\\\/assets\\\/uploads\\\/2022\\\/02\\\/original_1497.png\",\"contentUrl\":\"https:\\\/\\\/esi.uclm.es\\\/assets\\\/uploads\\\/2022\\\/02\\\/original_1497.png\"},{\"@type\":\"BreadcrumbList\",\"@id\":\"https:\\\/\\\/esi.uclm.es\\\/index.php\\\/sello-de-calidad-euro-inf\\\/#breadcrumb\",\"itemListElement\":[{\"@type\":\"ListItem\",\"position\":1,\"name\":\"Portada\",\"item\":\"https:\\\/\\\/esi.uclm.es\\\/\"},{\"@type\":\"ListItem\",\"position\":2,\"name\":\"Sello de Calidad Euro-Inf\"}]},{\"@type\":\"WebSite\",\"@id\":\"https:\\\/\\\/esi.uclm.es\\\/#website\",\"url\":\"https:\\\/\\\/esi.uclm.es\\\/\",\"name\":\"Escuela Superior de Inform\u00e1tica de UCLM en Ciudad Real, Castilla-La Mancha\",\"description\":\"La Escuela Superior de Inform\u00e1tica de Ciudad Real (Castilla-La Mancha), Universidad de Castilla-La Mancha es un centro universitario que imparte el ciclo completo de Ingenier\u00eda en Inform\u00e1tica: grado, m\u00e1ster y doctorado.\",\"publisher\":{\"@id\":\"https:\\\/\\\/esi.uclm.es\\\/#organization\"},\"potentialAction\":[{\"@type\":\"SearchAction\",\"target\":{\"@type\":\"EntryPoint\",\"urlTemplate\":\"https:\\\/\\\/esi.uclm.es\\\/?s={search_term_string}\"},\"query-input\":{\"@type\":\"PropertyValueSpecification\",\"valueRequired\":true,\"valueName\":\"search_term_string\"}}],\"inLanguage\":\"es\"},{\"@type\":\"Organization\",\"@id\":\"https:\\\/\\\/esi.uclm.es\\\/#organization\",\"name\":\"Escuela Superior de Inform\u00e1tica de UCLM\",\"url\":\"https:\\\/\\\/esi.uclm.es\\\/\",\"logo\":{\"@type\":\"ImageObject\",\"inLanguage\":\"es\",\"@id\":\"https:\\\/\\\/esi.uclm.es\\\/#\\\/schema\\\/logo\\\/image\\\/\",\"url\":\"https:\\\/\\\/esi.uclm.es\\\/assets\\\/uploads\\\/2022\\\/03\\\/LogoESI_cabecera-1.png\",\"contentUrl\":\"https:\\\/\\\/esi.uclm.es\\\/assets\\\/uploads\\\/2022\\\/03\\\/LogoESI_cabecera-1.png\",\"width\":460,\"height\":184,\"caption\":\"Escuela Superior de Inform\u00e1tica de UCLM\"},\"image\":{\"@id\":\"https:\\\/\\\/esi.uclm.es\\\/#\\\/schema\\\/logo\\\/image\\\/\"},\"sameAs\":[\"https:\\\/\\\/www.facebook.com\\\/Escuela-Superior-de-Informtica-543261809027158\",\"https:\\\/\\\/x.com\\\/esiuclm\",\"https:\\\/\\\/www.instagram.com\\\/esiuclm\\\/\",\"https:\\\/\\\/www.youtube.com\\\/user\\\/esiuclm\",\"https:\\\/\\\/www.twitch.tv\\\/esiuclm\",\"https:\\\/\\\/www.linkedin.com\\\/company\\\/12656631\\\/admin\\\/\"]}]}<\/script>\n<!-- \/ Yoast SEO plugin. -->","yoast_head_json":{"title":"Sello de Calidad Euro-Inf - Escuela Superior de Inform\u00e1tica de UCLM","robots":{"index":"index","follow":"follow","max-snippet":"max-snippet:-1","max-image-preview":"max-image-preview:large","max-video-preview":"max-video-preview:-1"},"canonical":"https:\/\/esi.uclm.es\/index.php\/sello-de-calidad-euro-inf\/","og_locale":"es_ES","og_type":"article","og_title":"Sello de Calidad Euro-Inf - Escuela Superior de Inform\u00e1tica de UCLM","og_description":"La ESI obtiene, para su grado en Inform\u00e1tica, esta certificaci\u00f3n internacional de excelencia otorgada por EQANIE El grado en Ingenier\u00eda Inform\u00e1tica que se imparte tanto en la Escuela Superior de Inform\u00e1tica de Ciudad Real (ESI), como en la Escuela Superior de Ingenier\u00eda Inform\u00e1tica de Albacete [&hellip;]","og_url":"https:\/\/esi.uclm.es\/index.php\/sello-de-calidad-euro-inf\/","og_site_name":"Escuela Superior de Inform\u00e1tica de UCLM","article_publisher":"https:\/\/www.facebook.com\/Escuela-Superior-de-Informtica-543261809027158","og_image":[{"url":"https:\/\/esi.uclm.es\/assets\/uploads\/2022\/02\/original_1497.png","type":"","width":"","height":""}],"twitter_card":"summary_large_image","twitter_site":"@esiuclm","twitter_misc":{"Tiempo de lectura":"1 minuto"},"schema":{"@context":"https:\/\/schema.org","@graph":[{"@type":"WebPage","@id":"https:\/\/esi.uclm.es\/index.php\/sello-de-calidad-euro-inf\/","url":"https:\/\/esi.uclm.es\/index.php\/sello-de-calidad-euro-inf\/","name":"Sello de Calidad Euro-Inf - Escuela Superior de Inform\u00e1tica de UCLM","isPartOf":{"@id":"https:\/\/esi.uclm.es\/#website"},"primaryImageOfPage":{"@id":"https:\/\/esi.uclm.es\/index.php\/sello-de-calidad-euro-inf\/#primaryimage"},"image":{"@id":"https:\/\/esi.uclm.es\/index.php\/sello-de-calidad-euro-inf\/#primaryimage"},"thumbnailUrl":"https:\/\/esi.uclm.es\/assets\/uploads\/2022\/02\/original_1497.png","datePublished":"2022-02-23T18:56:44+00:00","breadcrumb":{"@id":"https:\/\/esi.uclm.es\/index.php\/sello-de-calidad-euro-inf\/#breadcrumb"},"inLanguage":"es","potentialAction":[{"@type":"ReadAction","target":["https:\/\/esi.uclm.es\/index.php\/sello-de-calidad-euro-inf\/"]}]},{"@type":"ImageObject","inLanguage":"es","@id":"https:\/\/esi.uclm.es\/index.php\/sello-de-calidad-euro-inf\/#primaryimage","url":"https:\/\/esi.uclm.es\/assets\/uploads\/2022\/02\/original_1497.png","contentUrl":"https:\/\/esi.uclm.es\/assets\/uploads\/2022\/02\/original_1497.png"},{"@type":"BreadcrumbList","@id":"https:\/\/esi.uclm.es\/index.php\/sello-de-calidad-euro-inf\/#breadcrumb","itemListElement":[{"@type":"ListItem","position":1,"name":"Portada","item":"https:\/\/esi.uclm.es\/"},{"@type":"ListItem","position":2,"name":"Sello de Calidad Euro-Inf"}]},{"@type":"WebSite","@id":"https:\/\/esi.uclm.es\/#website","url":"https:\/\/esi.uclm.es\/","name":"Escuela Superior de Inform\u00e1tica de UCLM en Ciudad Real, Castilla-La Mancha","description":"La Escuela Superior de Inform\u00e1tica de Ciudad Real (Castilla-La Mancha), Universidad de Castilla-La Mancha es un centro universitario que imparte el ciclo completo de Ingenier\u00eda en Inform\u00e1tica: grado, m\u00e1ster y doctorado.","publisher":{"@id":"https:\/\/esi.uclm.es\/#organization"},"potentialAction":[{"@type":"SearchAction","target":{"@type":"EntryPoint","urlTemplate":"https:\/\/esi.uclm.es\/?s={search_term_string}"},"query-input":{"@type":"PropertyValueSpecification","valueRequired":true,"valueName":"search_term_string"}}],"inLanguage":"es"},{"@type":"Organization","@id":"https:\/\/esi.uclm.es\/#organization","name":"Escuela Superior de Inform\u00e1tica de UCLM","url":"https:\/\/esi.uclm.es\/","logo":{"@type":"ImageObject","inLanguage":"es","@id":"https:\/\/esi.uclm.es\/#\/schema\/logo\/image\/","url":"https:\/\/esi.uclm.es\/assets\/uploads\/2022\/03\/LogoESI_cabecera-1.png","contentUrl":"https:\/\/esi.uclm.es\/assets\/uploads\/2022\/03\/LogoESI_cabecera-1.png","width":460,"height":184,"caption":"Escuela Superior de Inform\u00e1tica de UCLM"},"image":{"@id":"https:\/\/esi.uclm.es\/#\/schema\/logo\/image\/"},"sameAs":["https:\/\/www.facebook.com\/Escuela-Superior-de-Informtica-543261809027158","https:\/\/x.com\/esiuclm","https:\/\/www.instagram.com\/esiuclm\/","https:\/\/www.youtube.com\/user\/esiuclm","https:\/\/www.twitch.tv\/esiuclm","https:\/\/www.linkedin.com\/company\/12656631\/admin\/"]}]}},"_links":{"self":[{"href":"https:\/\/esi.uclm.es\/index.php\/wp-json\/wp\/v2\/pages\/7347","targetHints":{"allow":["GET"]}}],"collection":[{"href":"https:\/\/esi.uclm.es\/index.php\/wp-json\/wp\/v2\/pages"}],"about":[{"href":"https:\/\/esi.uclm.es\/index.php\/wp-json\/wp\/v2\/types\/page"}],"author":[{"embeddable":true,"href":"https:\/\/esi.uclm.es\/index.php\/wp-json\/wp\/v2\/users\/1"}],"replies":[{"embeddable":true,"href":"https:\/\/esi.uclm.es\/index.php\/wp-json\/wp\/v2\/comments?post=7347"}],"version-history":[{"count":1,"href":"https:\/\/esi.uclm.es\/index.php\/wp-json\/wp\/v2\/pages\/7347\/revisions"}],"predecessor-version":[{"id":7348,"href":"https:\/\/esi.uclm.es\/index.php\/wp-json\/wp\/v2\/pages\/7347\/revisions\/7348"}],"wp:attachment":[{"href":"https:\/\/esi.uclm.es\/index.php\/wp-json\/wp\/v2\/media?parent=7347"}],"curies":[{"name":"wp","href":"https:\/\/api.w.org\/{rel}","templated":true}]}}