{"id":7043,"date":"2022-02-20T18:59:16","date_gmt":"2022-02-20T18:59:16","guid":{"rendered":"http:\/\/esiaz24.uclm.es\/?page_id=7043"},"modified":"2025-01-19T18:49:16","modified_gmt":"2025-01-19T18:49:16","slug":"oferta-academica","status":"publish","type":"page","link":"https:\/\/esi.uclm.es\/index.php\/oferta-academica\/","title":{"rendered":"Oferta Acad\u00e9mica"},"content":{"rendered":"<div class=\"vc_row wpb_row vc_row-fluid mkd-section mkd-content-aligment-left\" style=\"\"><div class=\"clearfix mkd-full-section-inner\"><div class=\"wpb_column vc_column_container vc_col-sm-12\"><div class=\"vc_column-inner\"><div class=\"wpb_wrapper\">\n\t<div  class=\"wpb_single_image wpb_content_element vc_align_center\">\n\t\t\n\t\t<figure class=\"wpb_wrapper vc_figure\">\n\t\t\t<a href=\"https:\/\/esi.uclm.es\/assets\/uploads\/2022\/02\/ofertaESI-1.png\" target=\"_self\" class=\"vc_single_image-wrapper vc_box_shadow  vc_box_border_grey\"><img loading=\"lazy\" decoding=\"async\" width=\"929\" height=\"657\" src=\"https:\/\/esi.uclm.es\/assets\/uploads\/2022\/02\/ofertaESI-1.png\" class=\"vc_single_image-img attachment-full\" alt=\"Oferta Acad\u00e9mica en la Escuela Superior de Inform\u00e1tica de Ciudad Real\" srcset=\"https:\/\/esi.uclm.es\/assets\/uploads\/2022\/02\/ofertaESI-1.png 929w, https:\/\/esi.uclm.es\/assets\/uploads\/2022\/02\/ofertaESI-1-300x212.png 300w, https:\/\/esi.uclm.es\/assets\/uploads\/2022\/02\/ofertaESI-1-768x543.png 768w, https:\/\/esi.uclm.es\/assets\/uploads\/2022\/02\/ofertaESI-1-600x424.png 600w\" sizes=\"auto, (max-width: 929px) 100vw, 929px\" \/><\/a>\n\t\t<\/figure>\n\t<\/div>\n\n\t<div class=\"wpb_text_column wpb_content_element \" >\n\t\t<div class=\"wpb_wrapper\">\n\t\t\t<p>En la\u00a0<strong>Escuela Superior de Inform\u00e1tica<\/strong>\u00a0de Ciudad Real tendr\u00e1s la posibilidad de completar el ciclo completo en Ingenier\u00eda Inform\u00e1tica:\u00a0<a href=\"https:\/\/esi.uclm.es\/index.php\/grado-en-ingenieria-informatica\/\">Grado<\/a>,\u00a0<a href=\"https:\/\/esi.uclm.es\/index.php\/master-en-ingenieria-informatica\/\">M\u00e1ster<\/a>\u00a0y\u00a0<a href=\"https:\/\/esi.uclm.es\/index.php\/doctorado\/\">Doctorado<\/a>. La instituci\u00f3n cuenta con el distintivo del\u00a0<a href=\"https:\/\/esi.uclm.es\/index.php\/sello-de-calidad-euro-inf\/\" data-type=\"page\" data-id=\"7347\">sello de calidad internacional Euro-Inf<\/a>\u00a0y el\u00a0<a href=\"https:\/\/esi.uclm.es\/index.php\/programas-singulares\/programa-forte\/\">Programa FORTE<\/a>\u00a0con el que los estudiantes podr\u00e1n realizar sus pr\u00e1cticas finales y Trabajos Fin de Estudios (TFE) en empresas del sector.<\/p>\n<p>El\u00a0<a href=\"https:\/\/esi.uclm.es\/index.php\/grado-en-ingenieria-informatica\/\">Grado en Ingenier\u00eda en Inform\u00e1tica<\/a>, con una duraci\u00f3n de 4 a\u00f1os, cuenta con cuatro ramas de especializaci\u00f3n, a trav\u00e9s de las intensificaciones: 1) Computaci\u00f3n, 2) Ingenier\u00eda de Computadores, 3) Ingenier\u00eda del Software y 4) Tecnolog\u00edas de la Informaci\u00f3n. Adem\u00e1s, la ESI oferta la modalidad de Grado Biling\u00fce con la que podr\u00e1s cursar, al menos, el 40% de las asignaturas en ingl\u00e9s.<\/p>\n<p>Desde el a\u00f1o 2025 tienes la posibilidad de optar a una de las 15 plazas que se ofertan en el <a href=\"https:\/\/esi.uclm.es\/index.php\/2025\/01\/17\/nuevo-doble-grado-informatica-y-ade\/\">Doble Grado en Ingenier\u00eda Inform\u00e1tica y Administraci\u00f3n y Direcci\u00f3n de Empresas<\/a>.<\/p>\n<p>&nbsp;<\/p>\n<p>El\u00a0<a href=\"https:\/\/esi.uclm.es\/index.php\/master-en-ingenieria-informatica\/\">M\u00e1ster Universitario en Ingenier\u00eda Inform\u00e1tica (MUII)\u00a0<\/a>\u00a0es un M\u00e1ster Oficial y, por tanto, homologable en todo el Espacio Europeo de Educaci\u00f3n Superior (EEES). El M\u00e1ster te ofrece la habilitaci\u00f3n para el ejercicio profesional de Ingeniero Inform\u00e1tico (nivel 3 MECES), y tener acceso a puestos de trabajo que exijan dicho nivel.<\/p>\n<p>Con el MUII adquirir\u00e1s competencias en Direcci\u00f3n y Gesti\u00f3n, con las que estar\u00e1s mejor preparado\/a para ocupar puestos de mayor responsabilidad y, en consecuencia, optar a mejores salarios. Adem\u00e1s se adquieren una serie de capacidades ligadas a Tecnolog\u00edas Avanzadas y Punteras que marcan el desarrollo y progreso de la sociedad actual<\/p>\n<p>El M\u00e1ster te abre las puertas al Doctorado, y el m\u00e1ximo nivel de cualificaci\u00f3n MECES. En la ESI tendr\u00e1s la posibilidad de investigar y desarrollar tu Tesis Doctoral en cualquiera de los\u00a0<a href=\"https:\/\/esi.uclm.es\/index.php\/investigaciom\/grupos-de-investigacion\/\">14 grupos de investigaci\u00f3n adscritos a la Escuela.<\/a>\u00a0Cabe mencionar, que el 85% de la plantilla actual de la ESI posee el grado de Doctor\/a y forman parte de proyectos de investigaci\u00f3n de \u00e1mbito regional, nacional y europeo.<\/p>\n<p>&nbsp;<\/p>\n\n\t\t<\/div>\n\t<\/div>\n<\/div><\/div><\/div><\/div><\/div>","protected":false},"excerpt":{"rendered":"En la\u00a0Escuela Superior de Inform\u00e1tica\u00a0de Ciudad Real tendr\u00e1s la posibilidad de completar el ciclo completo en Ingenier\u00eda Inform\u00e1tica:\u00a0Grado,\u00a0M\u00e1ster\u00a0y\u00a0Doctorado. La instituci\u00f3n cuenta con el distintivo del\u00a0sello de calidad internacional Euro-Inf\u00a0y el\u00a0Programa FORTE\u00a0con el que los estudiantes podr\u00e1n realizar sus pr\u00e1cticas finales y Trabajos Fin de Estudios [...]","protected":false},"author":1,"featured_media":0,"parent":0,"menu_order":0,"comment_status":"closed","ping_status":"closed","template":"","meta":{"footnotes":""},"class_list":["post-7043","page","type-page","status-publish","hentry"],"yoast_head":"<!-- This site is optimized with the Yoast SEO plugin v27.4 - https:\/\/yoast.com\/product\/yoast-seo-wordpress\/ -->\n<title>Oferta Acad\u00e9mica - Escuela Superior de Inform\u00e1tica de UCLM<\/title>\n<meta name=\"robots\" content=\"index, follow, max-snippet:-1, max-image-preview:large, max-video-preview:-1\" \/>\n<link rel=\"canonical\" href=\"https:\/\/esi.uclm.es\/index.php\/oferta-academica\/\" \/>\n<meta property=\"og:locale\" content=\"es_ES\" \/>\n<meta property=\"og:type\" content=\"article\" \/>\n<meta property=\"og:title\" content=\"Oferta Acad\u00e9mica - Escuela Superior de Inform\u00e1tica de UCLM\" \/>\n<meta property=\"og:url\" content=\"https:\/\/esi.uclm.es\/index.php\/oferta-academica\/\" \/>\n<meta property=\"og:site_name\" content=\"Escuela Superior de Inform\u00e1tica de UCLM\" \/>\n<meta property=\"article:publisher\" content=\"https:\/\/www.facebook.com\/Escuela-Superior-de-Informtica-543261809027158\" \/>\n<meta property=\"article:modified_time\" content=\"2025-01-19T18:49:16+00:00\" \/>\n<meta name=\"twitter:card\" content=\"summary_large_image\" \/>\n<meta name=\"twitter:site\" content=\"@esiuclm\" \/>\n<meta name=\"twitter:label1\" content=\"Tiempo de lectura\" \/>\n\t<meta name=\"twitter:data1\" content=\"2 minutos\" \/>\n<script type=\"application\/ld+json\" class=\"yoast-schema-graph\">{\"@context\":\"https:\\\/\\\/schema.org\",\"@graph\":[{\"@type\":\"WebPage\",\"@id\":\"https:\\\/\\\/esi.uclm.es\\\/index.php\\\/oferta-academica\\\/\",\"url\":\"https:\\\/\\\/esi.uclm.es\\\/index.php\\\/oferta-academica\\\/\",\"name\":\"Oferta Acad\u00e9mica - Escuela Superior de Inform\u00e1tica de UCLM\",\"isPartOf\":{\"@id\":\"https:\\\/\\\/esi.uclm.es\\\/#website\"},\"datePublished\":\"2022-02-20T18:59:16+00:00\",\"dateModified\":\"2025-01-19T18:49:16+00:00\",\"breadcrumb\":{\"@id\":\"https:\\\/\\\/esi.uclm.es\\\/index.php\\\/oferta-academica\\\/#breadcrumb\"},\"inLanguage\":\"es\",\"potentialAction\":[{\"@type\":\"ReadAction\",\"target\":[\"https:\\\/\\\/esi.uclm.es\\\/index.php\\\/oferta-academica\\\/\"]}]},{\"@type\":\"BreadcrumbList\",\"@id\":\"https:\\\/\\\/esi.uclm.es\\\/index.php\\\/oferta-academica\\\/#breadcrumb\",\"itemListElement\":[{\"@type\":\"ListItem\",\"position\":1,\"name\":\"Portada\",\"item\":\"https:\\\/\\\/esi.uclm.es\\\/\"},{\"@type\":\"ListItem\",\"position\":2,\"name\":\"Oferta Acad\u00e9mica\"}]},{\"@type\":\"WebSite\",\"@id\":\"https:\\\/\\\/esi.uclm.es\\\/#website\",\"url\":\"https:\\\/\\\/esi.uclm.es\\\/\",\"name\":\"Escuela Superior de Inform\u00e1tica de UCLM en Ciudad Real, Castilla-La Mancha\",\"description\":\"La Escuela Superior de Inform\u00e1tica de Ciudad Real (Castilla-La Mancha), Universidad de Castilla-La Mancha es un centro universitario que imparte el ciclo completo de Ingenier\u00eda en Inform\u00e1tica: grado, m\u00e1ster y doctorado.\",\"publisher\":{\"@id\":\"https:\\\/\\\/esi.uclm.es\\\/#organization\"},\"potentialAction\":[{\"@type\":\"SearchAction\",\"target\":{\"@type\":\"EntryPoint\",\"urlTemplate\":\"https:\\\/\\\/esi.uclm.es\\\/?s={search_term_string}\"},\"query-input\":{\"@type\":\"PropertyValueSpecification\",\"valueRequired\":true,\"valueName\":\"search_term_string\"}}],\"inLanguage\":\"es\"},{\"@type\":\"Organization\",\"@id\":\"https:\\\/\\\/esi.uclm.es\\\/#organization\",\"name\":\"Escuela Superior de Inform\u00e1tica de UCLM\",\"url\":\"https:\\\/\\\/esi.uclm.es\\\/\",\"logo\":{\"@type\":\"ImageObject\",\"inLanguage\":\"es\",\"@id\":\"https:\\\/\\\/esi.uclm.es\\\/#\\\/schema\\\/logo\\\/image\\\/\",\"url\":\"https:\\\/\\\/esi.uclm.es\\\/assets\\\/uploads\\\/2022\\\/03\\\/LogoESI_cabecera-1.png\",\"contentUrl\":\"https:\\\/\\\/esi.uclm.es\\\/assets\\\/uploads\\\/2022\\\/03\\\/LogoESI_cabecera-1.png\",\"width\":460,\"height\":184,\"caption\":\"Escuela Superior de Inform\u00e1tica de UCLM\"},\"image\":{\"@id\":\"https:\\\/\\\/esi.uclm.es\\\/#\\\/schema\\\/logo\\\/image\\\/\"},\"sameAs\":[\"https:\\\/\\\/www.facebook.com\\\/Escuela-Superior-de-Informtica-543261809027158\",\"https:\\\/\\\/x.com\\\/esiuclm\",\"https:\\\/\\\/www.instagram.com\\\/esiuclm\\\/\",\"https:\\\/\\\/www.youtube.com\\\/user\\\/esiuclm\",\"https:\\\/\\\/www.twitch.tv\\\/esiuclm\",\"https:\\\/\\\/www.linkedin.com\\\/company\\\/12656631\\\/admin\\\/\"]}]}<\/script>\n<!-- \/ Yoast SEO plugin. -->","yoast_head_json":{"title":"Oferta Acad\u00e9mica - Escuela Superior de Inform\u00e1tica de UCLM","robots":{"index":"index","follow":"follow","max-snippet":"max-snippet:-1","max-image-preview":"max-image-preview:large","max-video-preview":"max-video-preview:-1"},"canonical":"https:\/\/esi.uclm.es\/index.php\/oferta-academica\/","og_locale":"es_ES","og_type":"article","og_title":"Oferta Acad\u00e9mica - Escuela Superior de Inform\u00e1tica de UCLM","og_url":"https:\/\/esi.uclm.es\/index.php\/oferta-academica\/","og_site_name":"Escuela Superior de Inform\u00e1tica de UCLM","article_publisher":"https:\/\/www.facebook.com\/Escuela-Superior-de-Informtica-543261809027158","article_modified_time":"2025-01-19T18:49:16+00:00","twitter_card":"summary_large_image","twitter_site":"@esiuclm","twitter_misc":{"Tiempo de lectura":"2 minutos"},"schema":{"@context":"https:\/\/schema.org","@graph":[{"@type":"WebPage","@id":"https:\/\/esi.uclm.es\/index.php\/oferta-academica\/","url":"https:\/\/esi.uclm.es\/index.php\/oferta-academica\/","name":"Oferta Acad\u00e9mica - Escuela Superior de Inform\u00e1tica de UCLM","isPartOf":{"@id":"https:\/\/esi.uclm.es\/#website"},"datePublished":"2022-02-20T18:59:16+00:00","dateModified":"2025-01-19T18:49:16+00:00","breadcrumb":{"@id":"https:\/\/esi.uclm.es\/index.php\/oferta-academica\/#breadcrumb"},"inLanguage":"es","potentialAction":[{"@type":"ReadAction","target":["https:\/\/esi.uclm.es\/index.php\/oferta-academica\/"]}]},{"@type":"BreadcrumbList","@id":"https:\/\/esi.uclm.es\/index.php\/oferta-academica\/#breadcrumb","itemListElement":[{"@type":"ListItem","position":1,"name":"Portada","item":"https:\/\/esi.uclm.es\/"},{"@type":"ListItem","position":2,"name":"Oferta Acad\u00e9mica"}]},{"@type":"WebSite","@id":"https:\/\/esi.uclm.es\/#website","url":"https:\/\/esi.uclm.es\/","name":"Escuela Superior de Inform\u00e1tica de UCLM en Ciudad Real, Castilla-La Mancha","description":"La Escuela Superior de Inform\u00e1tica de Ciudad Real (Castilla-La Mancha), Universidad de Castilla-La Mancha es un centro universitario que imparte el ciclo completo de Ingenier\u00eda en Inform\u00e1tica: grado, m\u00e1ster y doctorado.","publisher":{"@id":"https:\/\/esi.uclm.es\/#organization"},"potentialAction":[{"@type":"SearchAction","target":{"@type":"EntryPoint","urlTemplate":"https:\/\/esi.uclm.es\/?s={search_term_string}"},"query-input":{"@type":"PropertyValueSpecification","valueRequired":true,"valueName":"search_term_string"}}],"inLanguage":"es"},{"@type":"Organization","@id":"https:\/\/esi.uclm.es\/#organization","name":"Escuela Superior de Inform\u00e1tica de UCLM","url":"https:\/\/esi.uclm.es\/","logo":{"@type":"ImageObject","inLanguage":"es","@id":"https:\/\/esi.uclm.es\/#\/schema\/logo\/image\/","url":"https:\/\/esi.uclm.es\/assets\/uploads\/2022\/03\/LogoESI_cabecera-1.png","contentUrl":"https:\/\/esi.uclm.es\/assets\/uploads\/2022\/03\/LogoESI_cabecera-1.png","width":460,"height":184,"caption":"Escuela Superior de Inform\u00e1tica de UCLM"},"image":{"@id":"https:\/\/esi.uclm.es\/#\/schema\/logo\/image\/"},"sameAs":["https:\/\/www.facebook.com\/Escuela-Superior-de-Informtica-543261809027158","https:\/\/x.com\/esiuclm","https:\/\/www.instagram.com\/esiuclm\/","https:\/\/www.youtube.com\/user\/esiuclm","https:\/\/www.twitch.tv\/esiuclm","https:\/\/www.linkedin.com\/company\/12656631\/admin\/"]}]}},"_links":{"self":[{"href":"https:\/\/esi.uclm.es\/index.php\/wp-json\/wp\/v2\/pages\/7043","targetHints":{"allow":["GET"]}}],"collection":[{"href":"https:\/\/esi.uclm.es\/index.php\/wp-json\/wp\/v2\/pages"}],"about":[{"href":"https:\/\/esi.uclm.es\/index.php\/wp-json\/wp\/v2\/types\/page"}],"author":[{"embeddable":true,"href":"https:\/\/esi.uclm.es\/index.php\/wp-json\/wp\/v2\/users\/1"}],"replies":[{"embeddable":true,"href":"https:\/\/esi.uclm.es\/index.php\/wp-json\/wp\/v2\/comments?post=7043"}],"version-history":[{"count":20,"href":"https:\/\/esi.uclm.es\/index.php\/wp-json\/wp\/v2\/pages\/7043\/revisions"}],"predecessor-version":[{"id":20195,"href":"https:\/\/esi.uclm.es\/index.php\/wp-json\/wp\/v2\/pages\/7043\/revisions\/20195"}],"wp:attachment":[{"href":"https:\/\/esi.uclm.es\/index.php\/wp-json\/wp\/v2\/media?parent=7043"}],"curies":[{"name":"wp","href":"https:\/\/api.w.org\/{rel}","templated":true}]}}