{"id":6862,"date":"2022-02-19T14:26:52","date_gmt":"2022-02-19T14:26:52","guid":{"rendered":"http:\/\/esiaz24.uclm.es\/?page_id=6862"},"modified":"2023-02-22T16:28:00","modified_gmt":"2023-02-22T16:28:00","slug":"edificios","status":"publish","type":"page","link":"https:\/\/esi.uclm.es\/index.php\/infraestructuras\/edificios\/","title":{"rendered":"Edificios"},"content":{"rendered":"\n<figure class=\"wp-block-image size-large\"><img loading=\"lazy\" decoding=\"async\" width=\"1024\" height=\"236\" src=\"https:\/\/esi.uclm.es\/assets\/uploads\/2022\/02\/esi-1024x236.jpg\" alt=\"\" class=\"wp-image-7276\" srcset=\"https:\/\/esi.uclm.es\/assets\/uploads\/2022\/02\/esi-1024x236.jpg 1024w, https:\/\/esi.uclm.es\/assets\/uploads\/2022\/02\/esi-300x69.jpg 300w, https:\/\/esi.uclm.es\/assets\/uploads\/2022\/02\/esi-768x177.jpg 768w, https:\/\/esi.uclm.es\/assets\/uploads\/2022\/02\/esi-600x138.jpg 600w, https:\/\/esi.uclm.es\/assets\/uploads\/2022\/02\/esi.jpg 1300w\" sizes=\"auto, (max-width: 1024px) 100vw, 1024px\" \/><\/figure>\n\n\n\n<h2 class=\"wp-block-heading\">Espacios e infraestructuras<\/h2>\n\n\n\n<hr class=\"wp-block-separator has-text-color has-vivid-cyan-blue-color has-css-opacity has-vivid-cyan-blue-background-color has-background is-style-default\"\/>\n\n\n\n<div style=\"height:12px\" aria-hidden=\"true\" class=\"wp-block-spacer\"><\/div>\n\n\n<div class=\"wp-block-image\">\n<figure class=\"aligncenter size-large\"><img loading=\"lazy\" decoding=\"async\" width=\"1024\" height=\"723\" src=\"http:\/\/esi.uclm.es\/assets\/uploads\/2022\/08\/MapaGeneral_ESI-1024x723.png\" alt=\"Mapa y Localizaci\u00f3n de la ESI (EScuela Superior de Inform\u00e1tica de Ciudad Real)\" class=\"wp-image-11879\" srcset=\"https:\/\/esi.uclm.es\/assets\/uploads\/2022\/08\/MapaGeneral_ESI-1024x723.png 1024w, https:\/\/esi.uclm.es\/assets\/uploads\/2022\/08\/MapaGeneral_ESI-300x212.png 300w, https:\/\/esi.uclm.es\/assets\/uploads\/2022\/08\/MapaGeneral_ESI-768x543.png 768w, https:\/\/esi.uclm.es\/assets\/uploads\/2022\/08\/MapaGeneral_ESI.png 1284w\" sizes=\"auto, (max-width: 1024px) 100vw, 1024px\" \/><\/figure>\n<\/div>\n\n\n<p>La actividad de la ESI se encuentra repartida entre el&nbsp;<em>Edificio Ferm\u00edn Caballero<\/em>, con sus&nbsp;<em>m\u00f3dulos anexos A y B<\/em>, y el&nbsp;<em>Aulario Anexo al Edificio Polit\u00e9cnico<\/em>. Estas infraestructuras se organizan en las siguientes categor\u00edas: dependencias de administraci\u00f3n, gesti\u00f3n y direcci\u00f3n, despachos de los profesores, seminarios y salas polivalentes, aulas docentes y los laboratorios.&nbsp;<\/p>\n\n\n\n<p>En el Edificio Ferm\u00edn Caballero, sede de la Escuela, se realizan las tareas de gesti\u00f3n y administraci\u00f3n. En la planta baja de este edificio encontrar\u00e1s la Direcci\u00f3n y la Secretar\u00eda de la ESI, Direcci\u00f3n y Secretar\u00eda del Departamento de Tecnolog\u00edas y Sistemas de la Informaci\u00f3n. En la segunda planta, adem\u00e1s de aulas y laboratorios podr\u00e1s encontrar la Unidad T\u00e9cnica. El personal de la Unidad T\u00e9cnica de la Escuela se ocupa, entre otras cosas, del mantenimiento y buen funcionamiento de los laboratorios. Los despachos de los profesores se encuentran distribuidos entre la segunda y tercera planta, as\u00ed como en la segunda planta del Anexo B.&nbsp;<\/p>\n\n\n\n<p>La actividad docente est\u00e1 distribuida entre el Edificio Ferm\u00edn Caballero, el m\u00f3dulo Anexo A (junto a la zona de aparcamientos) y el Aulario Anexo al Edificio Polit\u00e9cnico. Adem\u00e1s, la ESI cuenta con 8 laboratorios de investigaci\u00f3n distribuidos entre el Edificio Ferm\u00edn Caballero y el m\u00f3dulo Anexo B. Estos laboratorios soportan la actividad investigadora de los grupos, donde podr\u00edas desarrollar tu Trabajo Fin de Grado (TFG) y formarte en tecnolog\u00edas relacionadas con sus \u00e1reas de trabajo.&nbsp;&nbsp;Si quieres conocer los grupos de investigaci\u00f3n de la ESI puedes hacerlo a trav\u00e9s de&nbsp;<a href=\"https:\/\/esi.uclm.es\/index.php\/grupos-de-investigacion\/\">este enlace<\/a>.<\/p>\n\n\n\n<p>La ESI cuenta adem\u00e1s con una sala de estudio o aula de libre uso (ALU) donde podr\u00e1s estudiar durante tu tiempo libre individualmente o en grupo. Esta&nbsp;aula podr\u00e1s encontrarla junto a la Cafeter\u00eda, ambos lugares accesibles desde la zona de aparcamiento. La finalidad de esta&nbsp;aula es favorecer el trabajo personal y el trabajo en grupo, con la obligaci\u00f3n por parte de todos, de contribuir a conseguir un ambiente de estudio y trabajo.&nbsp;<\/p>\n\n\n\n<p>Otros espacios como la biblioteca, unidades de gesti\u00f3n de alumnos, unidad de tecnolog\u00eda y comunicaciones, o instalaciones deportivas se encuentran\u00a0distribuidas a lo largo del Campus.\u00a0<\/p>\n\n\n\n<p><a href=\"https:\/\/esi.uclm.es\/index.php\/2023\/02\/16\/el-edificio-fermin-caballero-y-los-inicios-de-la-esi\/\" data-type=\"post\" data-id=\"14220\">[+] Historia del Edificio Ferm\u00edn Caballero<\/a><\/p>\n","protected":false},"excerpt":{"rendered":"<p>Espacios e infraestructuras La actividad de la ESI se encuentra repartida entre el&nbsp;Edificio Ferm\u00edn Caballero, con sus&nbsp;m\u00f3dulos anexos A y B, y el&nbsp;Aulario Anexo al Edificio Polit\u00e9cnico. Estas infraestructuras se organizan en las siguientes categor\u00edas: dependencias de administraci\u00f3n, gesti\u00f3n y direcci\u00f3n, despachos de los profesores, [&hellip;]<\/p>\n","protected":false},"author":1,"featured_media":0,"parent":6860,"menu_order":0,"comment_status":"closed","ping_status":"closed","template":"","meta":{"footnotes":""},"class_list":["post-6862","page","type-page","status-publish","hentry"],"yoast_head":"<!-- This site is optimized with the Yoast SEO plugin v27.3 - https:\/\/yoast.com\/product\/yoast-seo-wordpress\/ -->\n<title>Edificios - Escuela Superior de Inform\u00e1tica de UCLM<\/title>\n<meta name=\"robots\" content=\"index, follow, max-snippet:-1, max-image-preview:large, max-video-preview:-1\" \/>\n<link rel=\"canonical\" href=\"https:\/\/esi.uclm.es\/index.php\/infraestructuras\/edificios\/\" \/>\n<meta property=\"og:locale\" content=\"es_ES\" \/>\n<meta property=\"og:type\" content=\"article\" \/>\n<meta property=\"og:title\" content=\"Edificios - Escuela Superior de Inform\u00e1tica de UCLM\" \/>\n<meta property=\"og:description\" content=\"Espacios e infraestructuras La actividad de la ESI se encuentra repartida entre el&nbsp;Edificio Ferm\u00edn Caballero, con sus&nbsp;m\u00f3dulos anexos A y B, y el&nbsp;Aulario Anexo al Edificio Polit\u00e9cnico. Estas infraestructuras se organizan en las siguientes categor\u00edas: dependencias de administraci\u00f3n, gesti\u00f3n y direcci\u00f3n, despachos de los profesores, [&hellip;]\" \/>\n<meta property=\"og:url\" content=\"https:\/\/esi.uclm.es\/index.php\/infraestructuras\/edificios\/\" \/>\n<meta property=\"og:site_name\" content=\"Escuela Superior de Inform\u00e1tica de UCLM\" \/>\n<meta property=\"article:publisher\" content=\"https:\/\/www.facebook.com\/Escuela-Superior-de-Informtica-543261809027158\" \/>\n<meta property=\"article:modified_time\" content=\"2023-02-22T16:28:00+00:00\" \/>\n<meta property=\"og:image\" content=\"https:\/\/esi.uclm.es\/assets\/uploads\/2022\/02\/esi-1024x236.jpg\" \/>\n<meta name=\"twitter:card\" content=\"summary_large_image\" \/>\n<meta name=\"twitter:site\" content=\"@esiuclm\" \/>\n<meta name=\"twitter:label1\" content=\"Tiempo de lectura\" \/>\n\t<meta name=\"twitter:data1\" content=\"2 minutos\" \/>\n<script type=\"application\/ld+json\" class=\"yoast-schema-graph\">{\"@context\":\"https:\\\/\\\/schema.org\",\"@graph\":[{\"@type\":\"WebPage\",\"@id\":\"https:\\\/\\\/esi.uclm.es\\\/index.php\\\/infraestructuras\\\/edificios\\\/\",\"url\":\"https:\\\/\\\/esi.uclm.es\\\/index.php\\\/infraestructuras\\\/edificios\\\/\",\"name\":\"Edificios - Escuela Superior de Inform\u00e1tica de UCLM\",\"isPartOf\":{\"@id\":\"https:\\\/\\\/esi.uclm.es\\\/#website\"},\"primaryImageOfPage\":{\"@id\":\"https:\\\/\\\/esi.uclm.es\\\/index.php\\\/infraestructuras\\\/edificios\\\/#primaryimage\"},\"image\":{\"@id\":\"https:\\\/\\\/esi.uclm.es\\\/index.php\\\/infraestructuras\\\/edificios\\\/#primaryimage\"},\"thumbnailUrl\":\"https:\\\/\\\/esi.uclm.es\\\/assets\\\/uploads\\\/2022\\\/02\\\/esi-1024x236.jpg\",\"datePublished\":\"2022-02-19T14:26:52+00:00\",\"dateModified\":\"2023-02-22T16:28:00+00:00\",\"breadcrumb\":{\"@id\":\"https:\\\/\\\/esi.uclm.es\\\/index.php\\\/infraestructuras\\\/edificios\\\/#breadcrumb\"},\"inLanguage\":\"es\",\"potentialAction\":[{\"@type\":\"ReadAction\",\"target\":[\"https:\\\/\\\/esi.uclm.es\\\/index.php\\\/infraestructuras\\\/edificios\\\/\"]}]},{\"@type\":\"ImageObject\",\"inLanguage\":\"es\",\"@id\":\"https:\\\/\\\/esi.uclm.es\\\/index.php\\\/infraestructuras\\\/edificios\\\/#primaryimage\",\"url\":\"https:\\\/\\\/esi.uclm.es\\\/assets\\\/uploads\\\/2022\\\/02\\\/esi-1024x236.jpg\",\"contentUrl\":\"https:\\\/\\\/esi.uclm.es\\\/assets\\\/uploads\\\/2022\\\/02\\\/esi-1024x236.jpg\"},{\"@type\":\"BreadcrumbList\",\"@id\":\"https:\\\/\\\/esi.uclm.es\\\/index.php\\\/infraestructuras\\\/edificios\\\/#breadcrumb\",\"itemListElement\":[{\"@type\":\"ListItem\",\"position\":1,\"name\":\"Portada\",\"item\":\"https:\\\/\\\/esi.uclm.es\\\/\"},{\"@type\":\"ListItem\",\"position\":2,\"name\":\"Infraestructuras\",\"item\":\"https:\\\/\\\/esi.uclm.es\\\/index.php\\\/infraestructuras\\\/\"},{\"@type\":\"ListItem\",\"position\":3,\"name\":\"Edificios\"}]},{\"@type\":\"WebSite\",\"@id\":\"https:\\\/\\\/esi.uclm.es\\\/#website\",\"url\":\"https:\\\/\\\/esi.uclm.es\\\/\",\"name\":\"Escuela Superior de Inform\u00e1tica de UCLM en Ciudad Real, Castilla-La Mancha\",\"description\":\"La Escuela Superior de Inform\u00e1tica de Ciudad Real (Castilla-La Mancha), Universidad de Castilla-La Mancha es un centro universitario que imparte el ciclo completo de Ingenier\u00eda en Inform\u00e1tica: grado, m\u00e1ster y doctorado.\",\"publisher\":{\"@id\":\"https:\\\/\\\/esi.uclm.es\\\/#organization\"},\"potentialAction\":[{\"@type\":\"SearchAction\",\"target\":{\"@type\":\"EntryPoint\",\"urlTemplate\":\"https:\\\/\\\/esi.uclm.es\\\/?s={search_term_string}\"},\"query-input\":{\"@type\":\"PropertyValueSpecification\",\"valueRequired\":true,\"valueName\":\"search_term_string\"}}],\"inLanguage\":\"es\"},{\"@type\":\"Organization\",\"@id\":\"https:\\\/\\\/esi.uclm.es\\\/#organization\",\"name\":\"Escuela Superior de Inform\u00e1tica de UCLM\",\"url\":\"https:\\\/\\\/esi.uclm.es\\\/\",\"logo\":{\"@type\":\"ImageObject\",\"inLanguage\":\"es\",\"@id\":\"https:\\\/\\\/esi.uclm.es\\\/#\\\/schema\\\/logo\\\/image\\\/\",\"url\":\"https:\\\/\\\/esi.uclm.es\\\/assets\\\/uploads\\\/2022\\\/03\\\/LogoESI_cabecera-1.png\",\"contentUrl\":\"https:\\\/\\\/esi.uclm.es\\\/assets\\\/uploads\\\/2022\\\/03\\\/LogoESI_cabecera-1.png\",\"width\":460,\"height\":184,\"caption\":\"Escuela Superior de Inform\u00e1tica de UCLM\"},\"image\":{\"@id\":\"https:\\\/\\\/esi.uclm.es\\\/#\\\/schema\\\/logo\\\/image\\\/\"},\"sameAs\":[\"https:\\\/\\\/www.facebook.com\\\/Escuela-Superior-de-Informtica-543261809027158\",\"https:\\\/\\\/x.com\\\/esiuclm\",\"https:\\\/\\\/www.instagram.com\\\/esiuclm\\\/\",\"https:\\\/\\\/www.youtube.com\\\/user\\\/esiuclm\",\"https:\\\/\\\/www.twitch.tv\\\/esiuclm\",\"https:\\\/\\\/www.linkedin.com\\\/company\\\/12656631\\\/admin\\\/\"]}]}<\/script>\n<!-- \/ Yoast SEO plugin. -->","yoast_head_json":{"title":"Edificios - Escuela Superior de Inform\u00e1tica de UCLM","robots":{"index":"index","follow":"follow","max-snippet":"max-snippet:-1","max-image-preview":"max-image-preview:large","max-video-preview":"max-video-preview:-1"},"canonical":"https:\/\/esi.uclm.es\/index.php\/infraestructuras\/edificios\/","og_locale":"es_ES","og_type":"article","og_title":"Edificios - Escuela Superior de Inform\u00e1tica de UCLM","og_description":"Espacios e infraestructuras La actividad de la ESI se encuentra repartida entre el&nbsp;Edificio Ferm\u00edn Caballero, con sus&nbsp;m\u00f3dulos anexos A y B, y el&nbsp;Aulario Anexo al Edificio Polit\u00e9cnico. Estas infraestructuras se organizan en las siguientes categor\u00edas: dependencias de administraci\u00f3n, gesti\u00f3n y direcci\u00f3n, despachos de los profesores, [&hellip;]","og_url":"https:\/\/esi.uclm.es\/index.php\/infraestructuras\/edificios\/","og_site_name":"Escuela Superior de Inform\u00e1tica de UCLM","article_publisher":"https:\/\/www.facebook.com\/Escuela-Superior-de-Informtica-543261809027158","article_modified_time":"2023-02-22T16:28:00+00:00","og_image":[{"url":"https:\/\/esi.uclm.es\/assets\/uploads\/2022\/02\/esi-1024x236.jpg","type":"","width":"","height":""}],"twitter_card":"summary_large_image","twitter_site":"@esiuclm","twitter_misc":{"Tiempo de lectura":"2 minutos"},"schema":{"@context":"https:\/\/schema.org","@graph":[{"@type":"WebPage","@id":"https:\/\/esi.uclm.es\/index.php\/infraestructuras\/edificios\/","url":"https:\/\/esi.uclm.es\/index.php\/infraestructuras\/edificios\/","name":"Edificios - Escuela Superior de Inform\u00e1tica de UCLM","isPartOf":{"@id":"https:\/\/esi.uclm.es\/#website"},"primaryImageOfPage":{"@id":"https:\/\/esi.uclm.es\/index.php\/infraestructuras\/edificios\/#primaryimage"},"image":{"@id":"https:\/\/esi.uclm.es\/index.php\/infraestructuras\/edificios\/#primaryimage"},"thumbnailUrl":"https:\/\/esi.uclm.es\/assets\/uploads\/2022\/02\/esi-1024x236.jpg","datePublished":"2022-02-19T14:26:52+00:00","dateModified":"2023-02-22T16:28:00+00:00","breadcrumb":{"@id":"https:\/\/esi.uclm.es\/index.php\/infraestructuras\/edificios\/#breadcrumb"},"inLanguage":"es","potentialAction":[{"@type":"ReadAction","target":["https:\/\/esi.uclm.es\/index.php\/infraestructuras\/edificios\/"]}]},{"@type":"ImageObject","inLanguage":"es","@id":"https:\/\/esi.uclm.es\/index.php\/infraestructuras\/edificios\/#primaryimage","url":"https:\/\/esi.uclm.es\/assets\/uploads\/2022\/02\/esi-1024x236.jpg","contentUrl":"https:\/\/esi.uclm.es\/assets\/uploads\/2022\/02\/esi-1024x236.jpg"},{"@type":"BreadcrumbList","@id":"https:\/\/esi.uclm.es\/index.php\/infraestructuras\/edificios\/#breadcrumb","itemListElement":[{"@type":"ListItem","position":1,"name":"Portada","item":"https:\/\/esi.uclm.es\/"},{"@type":"ListItem","position":2,"name":"Infraestructuras","item":"https:\/\/esi.uclm.es\/index.php\/infraestructuras\/"},{"@type":"ListItem","position":3,"name":"Edificios"}]},{"@type":"WebSite","@id":"https:\/\/esi.uclm.es\/#website","url":"https:\/\/esi.uclm.es\/","name":"Escuela Superior de Inform\u00e1tica de UCLM en Ciudad Real, Castilla-La Mancha","description":"La Escuela Superior de Inform\u00e1tica de Ciudad Real (Castilla-La Mancha), Universidad de Castilla-La Mancha es un centro universitario que imparte el ciclo completo de Ingenier\u00eda en Inform\u00e1tica: grado, m\u00e1ster y doctorado.","publisher":{"@id":"https:\/\/esi.uclm.es\/#organization"},"potentialAction":[{"@type":"SearchAction","target":{"@type":"EntryPoint","urlTemplate":"https:\/\/esi.uclm.es\/?s={search_term_string}"},"query-input":{"@type":"PropertyValueSpecification","valueRequired":true,"valueName":"search_term_string"}}],"inLanguage":"es"},{"@type":"Organization","@id":"https:\/\/esi.uclm.es\/#organization","name":"Escuela Superior de Inform\u00e1tica de UCLM","url":"https:\/\/esi.uclm.es\/","logo":{"@type":"ImageObject","inLanguage":"es","@id":"https:\/\/esi.uclm.es\/#\/schema\/logo\/image\/","url":"https:\/\/esi.uclm.es\/assets\/uploads\/2022\/03\/LogoESI_cabecera-1.png","contentUrl":"https:\/\/esi.uclm.es\/assets\/uploads\/2022\/03\/LogoESI_cabecera-1.png","width":460,"height":184,"caption":"Escuela Superior de Inform\u00e1tica de UCLM"},"image":{"@id":"https:\/\/esi.uclm.es\/#\/schema\/logo\/image\/"},"sameAs":["https:\/\/www.facebook.com\/Escuela-Superior-de-Informtica-543261809027158","https:\/\/x.com\/esiuclm","https:\/\/www.instagram.com\/esiuclm\/","https:\/\/www.youtube.com\/user\/esiuclm","https:\/\/www.twitch.tv\/esiuclm","https:\/\/www.linkedin.com\/company\/12656631\/admin\/"]}]}},"_links":{"self":[{"href":"https:\/\/esi.uclm.es\/index.php\/wp-json\/wp\/v2\/pages\/6862","targetHints":{"allow":["GET"]}}],"collection":[{"href":"https:\/\/esi.uclm.es\/index.php\/wp-json\/wp\/v2\/pages"}],"about":[{"href":"https:\/\/esi.uclm.es\/index.php\/wp-json\/wp\/v2\/types\/page"}],"author":[{"embeddable":true,"href":"https:\/\/esi.uclm.es\/index.php\/wp-json\/wp\/v2\/users\/1"}],"replies":[{"embeddable":true,"href":"https:\/\/esi.uclm.es\/index.php\/wp-json\/wp\/v2\/comments?post=6862"}],"version-history":[{"count":6,"href":"https:\/\/esi.uclm.es\/index.php\/wp-json\/wp\/v2\/pages\/6862\/revisions"}],"predecessor-version":[{"id":14380,"href":"https:\/\/esi.uclm.es\/index.php\/wp-json\/wp\/v2\/pages\/6862\/revisions\/14380"}],"up":[{"embeddable":true,"href":"https:\/\/esi.uclm.es\/index.php\/wp-json\/wp\/v2\/pages\/6860"}],"wp:attachment":[{"href":"https:\/\/esi.uclm.es\/index.php\/wp-json\/wp\/v2\/media?parent=6862"}],"curies":[{"name":"wp","href":"https:\/\/api.w.org\/{rel}","templated":true}]}}