{"id":6843,"date":"2022-02-19T14:00:54","date_gmt":"2022-02-19T14:00:54","guid":{"rendered":"http:\/\/esiaz24.uclm.es\/?page_id=6843"},"modified":"2022-07-04T18:42:04","modified_gmt":"2022-07-04T18:42:04","slug":"conoce-la-esi","status":"publish","type":"page","link":"https:\/\/esi.uclm.es\/index.php\/conocenos-visitanos\/conoce-la-esi\/","title":{"rendered":"Conoce la ESI"},"content":{"rendered":"\n<figure class=\"wp-block-image size-large\"><img loading=\"lazy\" decoding=\"async\" width=\"1024\" height=\"236\" src=\"https:\/\/esi.uclm.es\/assets\/uploads\/2022\/02\/esi-1024x236.jpg\" alt=\"\" class=\"wp-image-7276\" srcset=\"https:\/\/esi.uclm.es\/assets\/uploads\/2022\/02\/esi-1024x236.jpg 1024w, https:\/\/esi.uclm.es\/assets\/uploads\/2022\/02\/esi-300x69.jpg 300w, https:\/\/esi.uclm.es\/assets\/uploads\/2022\/02\/esi-768x177.jpg 768w, https:\/\/esi.uclm.es\/assets\/uploads\/2022\/02\/esi-600x138.jpg 600w, https:\/\/esi.uclm.es\/assets\/uploads\/2022\/02\/esi.jpg 1300w\" sizes=\"auto, (max-width: 1024px) 100vw, 1024px\" \/><\/figure>\n\n\n\n<h2 class=\"wp-block-heading\">Presentaci\u00f3n<\/h2>\n\n\n\n<hr class=\"wp-block-separator has-text-color has-vivid-cyan-blue-color has-css-opacity has-vivid-cyan-blue-background-color has-background\"\/>\n\n\n\n<p>La&nbsp;<strong><a href=\"https:\/\/esi.uclm.es\/index.php\/conocenos-visitanos\/historia\/\" data-type=\"page\" data-id=\"3890\">Escuela Superior de Inform\u00e1tica<\/a><\/strong>&nbsp;es uno de los centros universitarios de la&nbsp;<strong><a href=\"https:\/\/www.uclm.es\">Universidad de Castilla\u2013La Mancha<\/a><\/strong>, ubicada en el campus de Ciudad Real. En la Escuela se desarrolla una labor formativa y de investigaci\u00f3n en el \u00e1mbito de la Ingenier\u00eda Inform\u00e1tica.<\/p>\n\n\n\n<p>En lo referente a la formaci\u00f3n, se oferta un proceso formativo pr\u00e1ctico, aplicado y orientado a la resoluci\u00f3n de problemas y proyectos que facilite la adquisici\u00f3n de competencias espec\u00edficas y transversales para el desarrollo de todas las profesiones definidas en el \u00e1mbito de la Ingenier\u00eda Inform\u00e1tica.<\/p>\n\n\n\n<p><\/p>\n\n\n\n<figure class=\"wp-block-image size-large\"><img loading=\"lazy\" decoding=\"async\" width=\"1024\" height=\"678\" src=\"https:\/\/esi.uclm.es\/assets\/uploads\/2022\/07\/esi_fachada_png_r-1024x678.png\" alt=\"Fachada de la Escuela Superior de Inform\u00e1tica de Ciudad Real, Universidad de Castilla-La Mancha\" class=\"wp-image-11274\" srcset=\"https:\/\/esi.uclm.es\/assets\/uploads\/2022\/07\/esi_fachada_png_r-1024x678.png 1024w, https:\/\/esi.uclm.es\/assets\/uploads\/2022\/07\/esi_fachada_png_r-300x199.png 300w, https:\/\/esi.uclm.es\/assets\/uploads\/2022\/07\/esi_fachada_png_r-768x509.png 768w, https:\/\/esi.uclm.es\/assets\/uploads\/2022\/07\/esi_fachada_png_r-391x260.png 391w, https:\/\/esi.uclm.es\/assets\/uploads\/2022\/07\/esi_fachada_png_r-128x86.png 128w, https:\/\/esi.uclm.es\/assets\/uploads\/2022\/07\/esi_fachada_png_r.png 1200w\" sizes=\"auto, (max-width: 1024px) 100vw, 1024px\" \/><\/figure>\n\n\n\n<p>En materia de investigaci\u00f3n, la pr\u00e1ctica totalidad del profesorado de la Escuela est\u00e1 implicado en el desarrollo de proyectos de investigaci\u00f3n, innovaci\u00f3n y desarrollo, financiado con fondos obtenidos en convocatorias competitivas y en contratos con empresas. Esta intensa labor de investigaci\u00f3n redunda en la consecuente generaci\u00f3n de conocimiento que revierte directamente en la mejora de la calidad de la formaci\u00f3n ofrecida y en una oferta de servicios orientados a facilitar que las empresas de la regi\u00f3n mejoren su competitividad en la sociedad del conocimiento.<\/p>\n\n\n\n<figure class=\"wp-block-embed is-type-video is-provider-youtube wp-block-embed-youtube wp-embed-aspect-16-9 wp-has-aspect-ratio\"><div class=\"wp-block-embed__wrapper\">\n<iframe loading=\"lazy\" title=\"La ESI en 16:9 - Bloque 1: La Escuela (UCLM)\" width=\"1060\" height=\"596\" src=\"https:\/\/www.youtube.com\/embed\/Yx1CmXfChR4?feature=oembed\" frameborder=\"0\" allow=\"accelerometer; autoplay; clipboard-write; encrypted-media; gyroscope; picture-in-picture\" allowfullscreen><\/iframe>\n<\/div><\/figure>\n\n\n\n<figure class=\"wp-block-embed is-type-video is-provider-youtube wp-block-embed-youtube wp-embed-aspect-16-9 wp-has-aspect-ratio\"><div class=\"wp-block-embed__wrapper\">\n<iframe loading=\"lazy\" title=\"La ESI en 16:9 - Bloque 2: Mitos y Leyendas (UCLM)\" width=\"1060\" height=\"596\" src=\"https:\/\/www.youtube.com\/embed\/rYAcp0mZklw?feature=oembed\" frameborder=\"0\" allow=\"accelerometer; autoplay; clipboard-write; encrypted-media; gyroscope; picture-in-picture\" allowfullscreen><\/iframe>\n<\/div><\/figure>\n\n\n\n<figure class=\"wp-block-embed is-type-video is-provider-youtube wp-block-embed-youtube wp-embed-aspect-16-9 wp-has-aspect-ratio\"><div class=\"wp-block-embed__wrapper\">\n<iframe loading=\"lazy\" title=\"La ESI en 16:9 - Bloque 3: Estudios (UCLM)\" width=\"1060\" height=\"596\" src=\"https:\/\/www.youtube.com\/embed\/I6OXKofg5qw?feature=oembed\" frameborder=\"0\" allow=\"accelerometer; autoplay; clipboard-write; encrypted-media; gyroscope; picture-in-picture\" allowfullscreen><\/iframe>\n<\/div><\/figure>\n\n\n\n<figure class=\"wp-block-embed is-type-video is-provider-youtube wp-block-embed-youtube wp-embed-aspect-16-9 wp-has-aspect-ratio\"><div class=\"wp-block-embed__wrapper\">\n<iframe loading=\"lazy\" title=\"La ESI en 16:9 - Bloque 4: Alumnos, Empresas y Colectivos (UCLM)\" width=\"1060\" height=\"596\" src=\"https:\/\/www.youtube.com\/embed\/eDLr2fAEvyY?feature=oembed\" frameborder=\"0\" allow=\"accelerometer; autoplay; clipboard-write; encrypted-media; gyroscope; picture-in-picture\" allowfullscreen><\/iframe>\n<\/div><\/figure>\n\n\n\n<p>Para la elaboraci\u00f3n de estos v\u00eddeos se ha utilizado la informaci\u00f3n disponible en el Centro y la&nbsp;informaci\u00f3n institucional b\u00e1sica proporcionada por la UCLM relativa&nbsp;al posicionamiento de nuestro Centro.<\/p>\n","protected":false},"excerpt":{"rendered":"<p>Presentaci\u00f3n La&nbsp;Escuela Superior de Inform\u00e1tica&nbsp;es uno de los centros universitarios de la&nbsp;Universidad de Castilla\u2013La Mancha, ubicada en el campus de Ciudad Real. En la Escuela se desarrolla una labor formativa y de investigaci\u00f3n en el \u00e1mbito de la Ingenier\u00eda Inform\u00e1tica. En lo referente a la [&hellip;]<\/p>\n","protected":false},"author":1,"featured_media":4316,"parent":5513,"menu_order":0,"comment_status":"closed","ping_status":"closed","template":"","meta":{"footnotes":""},"class_list":["post-6843","page","type-page","status-publish","has-post-thumbnail","hentry"],"yoast_head":"<!-- This site is optimized with the Yoast SEO plugin v27.3 - https:\/\/yoast.com\/product\/yoast-seo-wordpress\/ -->\n<title>Conoce la ESI - Escuela Superior de Inform\u00e1tica de UCLM<\/title>\n<meta name=\"robots\" content=\"index, follow, max-snippet:-1, max-image-preview:large, max-video-preview:-1\" \/>\n<link rel=\"canonical\" href=\"https:\/\/esi.uclm.es\/index.php\/conocenos-visitanos\/conoce-la-esi\/\" \/>\n<meta property=\"og:locale\" content=\"es_ES\" \/>\n<meta property=\"og:type\" content=\"article\" \/>\n<meta property=\"og:title\" content=\"Conoce la ESI - Escuela Superior de Inform\u00e1tica de UCLM\" \/>\n<meta property=\"og:description\" content=\"Presentaci\u00f3n La&nbsp;Escuela Superior de Inform\u00e1tica&nbsp;es uno de los centros universitarios de la&nbsp;Universidad de Castilla\u2013La Mancha, ubicada en el campus de Ciudad Real. En la Escuela se desarrolla una labor formativa y de investigaci\u00f3n en el \u00e1mbito de la Ingenier\u00eda Inform\u00e1tica. En lo referente a la [&hellip;]\" \/>\n<meta property=\"og:url\" content=\"https:\/\/esi.uclm.es\/index.php\/conocenos-visitanos\/conoce-la-esi\/\" \/>\n<meta property=\"og:site_name\" content=\"Escuela Superior de Inform\u00e1tica de UCLM\" \/>\n<meta property=\"article:publisher\" content=\"https:\/\/www.facebook.com\/Escuela-Superior-de-Informtica-543261809027158\" \/>\n<meta property=\"article:modified_time\" content=\"2022-07-04T18:42:04+00:00\" \/>\n<meta property=\"og:image\" content=\"https:\/\/esi.uclm.es\/assets\/uploads\/2022\/01\/fachada.png\" \/>\n\t<meta property=\"og:image:width\" content=\"1300\" \/>\n\t<meta property=\"og:image:height\" content=\"722\" \/>\n\t<meta property=\"og:image:type\" content=\"image\/png\" \/>\n<meta name=\"twitter:card\" content=\"summary_large_image\" \/>\n<meta name=\"twitter:site\" content=\"@esiuclm\" \/>\n<meta name=\"twitter:label1\" content=\"Tiempo de lectura\" \/>\n\t<meta name=\"twitter:data1\" content=\"1 minuto\" \/>\n<script type=\"application\/ld+json\" class=\"yoast-schema-graph\">{\"@context\":\"https:\\\/\\\/schema.org\",\"@graph\":[{\"@type\":\"WebPage\",\"@id\":\"https:\\\/\\\/esi.uclm.es\\\/index.php\\\/conocenos-visitanos\\\/conoce-la-esi\\\/\",\"url\":\"https:\\\/\\\/esi.uclm.es\\\/index.php\\\/conocenos-visitanos\\\/conoce-la-esi\\\/\",\"name\":\"Conoce la ESI - Escuela Superior de Inform\u00e1tica de UCLM\",\"isPartOf\":{\"@id\":\"https:\\\/\\\/esi.uclm.es\\\/#website\"},\"primaryImageOfPage\":{\"@id\":\"https:\\\/\\\/esi.uclm.es\\\/index.php\\\/conocenos-visitanos\\\/conoce-la-esi\\\/#primaryimage\"},\"image\":{\"@id\":\"https:\\\/\\\/esi.uclm.es\\\/index.php\\\/conocenos-visitanos\\\/conoce-la-esi\\\/#primaryimage\"},\"thumbnailUrl\":\"https:\\\/\\\/esi.uclm.es\\\/assets\\\/uploads\\\/2022\\\/01\\\/fachada.png\",\"datePublished\":\"2022-02-19T14:00:54+00:00\",\"dateModified\":\"2022-07-04T18:42:04+00:00\",\"breadcrumb\":{\"@id\":\"https:\\\/\\\/esi.uclm.es\\\/index.php\\\/conocenos-visitanos\\\/conoce-la-esi\\\/#breadcrumb\"},\"inLanguage\":\"es\",\"potentialAction\":[{\"@type\":\"ReadAction\",\"target\":[\"https:\\\/\\\/esi.uclm.es\\\/index.php\\\/conocenos-visitanos\\\/conoce-la-esi\\\/\"]}]},{\"@type\":\"ImageObject\",\"inLanguage\":\"es\",\"@id\":\"https:\\\/\\\/esi.uclm.es\\\/index.php\\\/conocenos-visitanos\\\/conoce-la-esi\\\/#primaryimage\",\"url\":\"https:\\\/\\\/esi.uclm.es\\\/assets\\\/uploads\\\/2022\\\/01\\\/fachada.png\",\"contentUrl\":\"https:\\\/\\\/esi.uclm.es\\\/assets\\\/uploads\\\/2022\\\/01\\\/fachada.png\",\"width\":1300,\"height\":722,\"caption\":\"Fachada de la Escuela Superior de Inform\u00e1tica de Ciudad Real\"},{\"@type\":\"BreadcrumbList\",\"@id\":\"https:\\\/\\\/esi.uclm.es\\\/index.php\\\/conocenos-visitanos\\\/conoce-la-esi\\\/#breadcrumb\",\"itemListElement\":[{\"@type\":\"ListItem\",\"position\":1,\"name\":\"Portada\",\"item\":\"https:\\\/\\\/esi.uclm.es\\\/\"},{\"@type\":\"ListItem\",\"position\":2,\"name\":\"Con\u00f3cenos\",\"item\":\"https:\\\/\\\/esi.uclm.es\\\/index.php\\\/conocenos-visitanos\\\/\"},{\"@type\":\"ListItem\",\"position\":3,\"name\":\"Conoce la ESI\"}]},{\"@type\":\"WebSite\",\"@id\":\"https:\\\/\\\/esi.uclm.es\\\/#website\",\"url\":\"https:\\\/\\\/esi.uclm.es\\\/\",\"name\":\"Escuela Superior de Inform\u00e1tica de UCLM en Ciudad Real, Castilla-La Mancha\",\"description\":\"La Escuela Superior de Inform\u00e1tica de Ciudad Real (Castilla-La Mancha), Universidad de Castilla-La Mancha es un centro universitario que imparte el ciclo completo de Ingenier\u00eda en Inform\u00e1tica: grado, m\u00e1ster y doctorado.\",\"publisher\":{\"@id\":\"https:\\\/\\\/esi.uclm.es\\\/#organization\"},\"potentialAction\":[{\"@type\":\"SearchAction\",\"target\":{\"@type\":\"EntryPoint\",\"urlTemplate\":\"https:\\\/\\\/esi.uclm.es\\\/?s={search_term_string}\"},\"query-input\":{\"@type\":\"PropertyValueSpecification\",\"valueRequired\":true,\"valueName\":\"search_term_string\"}}],\"inLanguage\":\"es\"},{\"@type\":\"Organization\",\"@id\":\"https:\\\/\\\/esi.uclm.es\\\/#organization\",\"name\":\"Escuela Superior de Inform\u00e1tica de UCLM\",\"url\":\"https:\\\/\\\/esi.uclm.es\\\/\",\"logo\":{\"@type\":\"ImageObject\",\"inLanguage\":\"es\",\"@id\":\"https:\\\/\\\/esi.uclm.es\\\/#\\\/schema\\\/logo\\\/image\\\/\",\"url\":\"https:\\\/\\\/esi.uclm.es\\\/assets\\\/uploads\\\/2022\\\/03\\\/LogoESI_cabecera-1.png\",\"contentUrl\":\"https:\\\/\\\/esi.uclm.es\\\/assets\\\/uploads\\\/2022\\\/03\\\/LogoESI_cabecera-1.png\",\"width\":460,\"height\":184,\"caption\":\"Escuela Superior de Inform\u00e1tica de UCLM\"},\"image\":{\"@id\":\"https:\\\/\\\/esi.uclm.es\\\/#\\\/schema\\\/logo\\\/image\\\/\"},\"sameAs\":[\"https:\\\/\\\/www.facebook.com\\\/Escuela-Superior-de-Informtica-543261809027158\",\"https:\\\/\\\/x.com\\\/esiuclm\",\"https:\\\/\\\/www.instagram.com\\\/esiuclm\\\/\",\"https:\\\/\\\/www.youtube.com\\\/user\\\/esiuclm\",\"https:\\\/\\\/www.twitch.tv\\\/esiuclm\",\"https:\\\/\\\/www.linkedin.com\\\/company\\\/12656631\\\/admin\\\/\"]}]}<\/script>\n<!-- \/ Yoast SEO plugin. -->","yoast_head_json":{"title":"Conoce la ESI - Escuela Superior de Inform\u00e1tica de UCLM","robots":{"index":"index","follow":"follow","max-snippet":"max-snippet:-1","max-image-preview":"max-image-preview:large","max-video-preview":"max-video-preview:-1"},"canonical":"https:\/\/esi.uclm.es\/index.php\/conocenos-visitanos\/conoce-la-esi\/","og_locale":"es_ES","og_type":"article","og_title":"Conoce la ESI - Escuela Superior de Inform\u00e1tica de UCLM","og_description":"Presentaci\u00f3n La&nbsp;Escuela Superior de Inform\u00e1tica&nbsp;es uno de los centros universitarios de la&nbsp;Universidad de Castilla\u2013La Mancha, ubicada en el campus de Ciudad Real. En la Escuela se desarrolla una labor formativa y de investigaci\u00f3n en el \u00e1mbito de la Ingenier\u00eda Inform\u00e1tica. En lo referente a la [&hellip;]","og_url":"https:\/\/esi.uclm.es\/index.php\/conocenos-visitanos\/conoce-la-esi\/","og_site_name":"Escuela Superior de Inform\u00e1tica de UCLM","article_publisher":"https:\/\/www.facebook.com\/Escuela-Superior-de-Informtica-543261809027158","article_modified_time":"2022-07-04T18:42:04+00:00","og_image":[{"width":1300,"height":722,"url":"https:\/\/esi.uclm.es\/assets\/uploads\/2022\/01\/fachada.png","type":"image\/png"}],"twitter_card":"summary_large_image","twitter_site":"@esiuclm","twitter_misc":{"Tiempo de lectura":"1 minuto"},"schema":{"@context":"https:\/\/schema.org","@graph":[{"@type":"WebPage","@id":"https:\/\/esi.uclm.es\/index.php\/conocenos-visitanos\/conoce-la-esi\/","url":"https:\/\/esi.uclm.es\/index.php\/conocenos-visitanos\/conoce-la-esi\/","name":"Conoce la ESI - Escuela Superior de Inform\u00e1tica de UCLM","isPartOf":{"@id":"https:\/\/esi.uclm.es\/#website"},"primaryImageOfPage":{"@id":"https:\/\/esi.uclm.es\/index.php\/conocenos-visitanos\/conoce-la-esi\/#primaryimage"},"image":{"@id":"https:\/\/esi.uclm.es\/index.php\/conocenos-visitanos\/conoce-la-esi\/#primaryimage"},"thumbnailUrl":"https:\/\/esi.uclm.es\/assets\/uploads\/2022\/01\/fachada.png","datePublished":"2022-02-19T14:00:54+00:00","dateModified":"2022-07-04T18:42:04+00:00","breadcrumb":{"@id":"https:\/\/esi.uclm.es\/index.php\/conocenos-visitanos\/conoce-la-esi\/#breadcrumb"},"inLanguage":"es","potentialAction":[{"@type":"ReadAction","target":["https:\/\/esi.uclm.es\/index.php\/conocenos-visitanos\/conoce-la-esi\/"]}]},{"@type":"ImageObject","inLanguage":"es","@id":"https:\/\/esi.uclm.es\/index.php\/conocenos-visitanos\/conoce-la-esi\/#primaryimage","url":"https:\/\/esi.uclm.es\/assets\/uploads\/2022\/01\/fachada.png","contentUrl":"https:\/\/esi.uclm.es\/assets\/uploads\/2022\/01\/fachada.png","width":1300,"height":722,"caption":"Fachada de la Escuela Superior de Inform\u00e1tica de Ciudad Real"},{"@type":"BreadcrumbList","@id":"https:\/\/esi.uclm.es\/index.php\/conocenos-visitanos\/conoce-la-esi\/#breadcrumb","itemListElement":[{"@type":"ListItem","position":1,"name":"Portada","item":"https:\/\/esi.uclm.es\/"},{"@type":"ListItem","position":2,"name":"Con\u00f3cenos","item":"https:\/\/esi.uclm.es\/index.php\/conocenos-visitanos\/"},{"@type":"ListItem","position":3,"name":"Conoce la ESI"}]},{"@type":"WebSite","@id":"https:\/\/esi.uclm.es\/#website","url":"https:\/\/esi.uclm.es\/","name":"Escuela Superior de Inform\u00e1tica de UCLM en Ciudad Real, Castilla-La Mancha","description":"La Escuela Superior de Inform\u00e1tica de Ciudad Real (Castilla-La Mancha), Universidad de Castilla-La Mancha es un centro universitario que imparte el ciclo completo de Ingenier\u00eda en Inform\u00e1tica: grado, m\u00e1ster y doctorado.","publisher":{"@id":"https:\/\/esi.uclm.es\/#organization"},"potentialAction":[{"@type":"SearchAction","target":{"@type":"EntryPoint","urlTemplate":"https:\/\/esi.uclm.es\/?s={search_term_string}"},"query-input":{"@type":"PropertyValueSpecification","valueRequired":true,"valueName":"search_term_string"}}],"inLanguage":"es"},{"@type":"Organization","@id":"https:\/\/esi.uclm.es\/#organization","name":"Escuela Superior de Inform\u00e1tica de UCLM","url":"https:\/\/esi.uclm.es\/","logo":{"@type":"ImageObject","inLanguage":"es","@id":"https:\/\/esi.uclm.es\/#\/schema\/logo\/image\/","url":"https:\/\/esi.uclm.es\/assets\/uploads\/2022\/03\/LogoESI_cabecera-1.png","contentUrl":"https:\/\/esi.uclm.es\/assets\/uploads\/2022\/03\/LogoESI_cabecera-1.png","width":460,"height":184,"caption":"Escuela Superior de Inform\u00e1tica de UCLM"},"image":{"@id":"https:\/\/esi.uclm.es\/#\/schema\/logo\/image\/"},"sameAs":["https:\/\/www.facebook.com\/Escuela-Superior-de-Informtica-543261809027158","https:\/\/x.com\/esiuclm","https:\/\/www.instagram.com\/esiuclm\/","https:\/\/www.youtube.com\/user\/esiuclm","https:\/\/www.twitch.tv\/esiuclm","https:\/\/www.linkedin.com\/company\/12656631\/admin\/"]}]}},"_links":{"self":[{"href":"https:\/\/esi.uclm.es\/index.php\/wp-json\/wp\/v2\/pages\/6843","targetHints":{"allow":["GET"]}}],"collection":[{"href":"https:\/\/esi.uclm.es\/index.php\/wp-json\/wp\/v2\/pages"}],"about":[{"href":"https:\/\/esi.uclm.es\/index.php\/wp-json\/wp\/v2\/types\/page"}],"author":[{"embeddable":true,"href":"https:\/\/esi.uclm.es\/index.php\/wp-json\/wp\/v2\/users\/1"}],"replies":[{"embeddable":true,"href":"https:\/\/esi.uclm.es\/index.php\/wp-json\/wp\/v2\/comments?post=6843"}],"version-history":[{"count":9,"href":"https:\/\/esi.uclm.es\/index.php\/wp-json\/wp\/v2\/pages\/6843\/revisions"}],"predecessor-version":[{"id":11275,"href":"https:\/\/esi.uclm.es\/index.php\/wp-json\/wp\/v2\/pages\/6843\/revisions\/11275"}],"up":[{"embeddable":true,"href":"https:\/\/esi.uclm.es\/index.php\/wp-json\/wp\/v2\/pages\/5513"}],"wp:featuredmedia":[{"embeddable":true,"href":"https:\/\/esi.uclm.es\/index.php\/wp-json\/wp\/v2\/media\/4316"}],"wp:attachment":[{"href":"https:\/\/esi.uclm.es\/index.php\/wp-json\/wp\/v2\/media?parent=6843"}],"curies":[{"name":"wp","href":"https:\/\/api.w.org\/{rel}","templated":true}]}}