{"id":6382,"date":"2022-02-12T17:46:16","date_gmt":"2022-02-12T17:46:16","guid":{"rendered":"http:\/\/esiaz24.uclm.es\/?page_id=6382"},"modified":"2022-02-23T18:28:49","modified_gmt":"2022-02-23T18:28:49","slug":"spin-offs","status":"publish","type":"page","link":"https:\/\/esi.uclm.es\/index.php\/transferencia\/spin-offs\/","title":{"rendered":"Spin Offs"},"content":{"rendered":"\n<figure class=\"wp-block-image size-full\"><img loading=\"lazy\" decoding=\"async\" width=\"1024\" height=\"236\" src=\"https:\/\/esi.uclm.es\/assets\/uploads\/2022\/02\/spinoff.jpg\" alt=\"\" class=\"wp-image-7325\" srcset=\"https:\/\/esi.uclm.es\/assets\/uploads\/2022\/02\/spinoff.jpg 1024w, https:\/\/esi.uclm.es\/assets\/uploads\/2022\/02\/spinoff-300x69.jpg 300w, https:\/\/esi.uclm.es\/assets\/uploads\/2022\/02\/spinoff-768x177.jpg 768w, https:\/\/esi.uclm.es\/assets\/uploads\/2022\/02\/spinoff-600x138.jpg 600w\" sizes=\"auto, (max-width: 1024px) 100vw, 1024px\" \/><\/figure>\n\n\n\n<h2 class=\"wp-block-heading\">Spin Offs asociadas a la Escuela Superior de Inform\u00e1tica de Ciudad Real<\/h2>\n\n\n\n<hr class=\"wp-block-separator has-text-color has-background has-vivid-cyan-blue-background-color has-vivid-cyan-blue-color is-style-default\"\/>\n\n\n\n<p class=\"has-medium-font-size\"><strong><mark style=\"background-color:rgba(0, 0, 0, 0)\" class=\"has-inline-color has-vivid-cyan-blue-color\">AQCLab<\/mark>&nbsp;<\/strong><\/p>\n\n\n\n<figure class=\"wp-block-image size-full is-resized\"><img loading=\"lazy\" decoding=\"async\" src=\"https:\/\/esi.uclm.es\/assets\/uploads\/2022\/02\/AQCLab.png\" alt=\"\" class=\"wp-image-6621\" width=\"234\" height=\"91\" srcset=\"https:\/\/esi.uclm.es\/assets\/uploads\/2022\/02\/AQCLab.png 748w, https:\/\/esi.uclm.es\/assets\/uploads\/2022\/02\/AQCLab-300x116.png 300w, https:\/\/esi.uclm.es\/assets\/uploads\/2022\/02\/AQCLab-600x233.png 600w\" sizes=\"auto, (max-width: 234px) 100vw, 234px\" \/><\/figure>\n\n\n\n<p><\/p>\n\n\n\n<p>AQCLab nace como spin-off de la UCLM especializada en consultor\u00eda sobre calidad del software, calidad de datos y valoraci\u00f3n de activos software. AQCLab es el primer y \u00fanico laboratorio acreditado a nivel internacional por ENAC\/ILAC para la evaluaci\u00f3n de la calidad del producto software y de la calidad de datos bajo ISO\/IEC 25000. AQCLab tiene una importante componente de I+D+i, habiendo realizado m\u00faltiples proyectos regionales, nacionales e internacionales y persiguiendo siempre la transferencia entre la Universidad y el mundo de la empresa.<\/p>\n\n\n\n<p><strong>Contacto:<\/strong><\/p>\n\n\n\n<p>Tel&nbsp;: +34 676 97 57 83<\/p>\n\n\n\n<p><a href=\"https:\/\/www.aqclab.es\/\">https:\/\/www.aqclab.es\/<\/a><\/p>\n\n\n\n<p><a rel=\"noreferrer noopener\" href=\"mailto:contacto@aqclab.es\" target=\"_blank\">contacto@aqclab.es<\/a><\/p>\n\n\n\n<hr class=\"wp-block-separator has-text-color has-background has-cyan-bluish-gray-background-color has-cyan-bluish-gray-color\"\/>\n\n\n\n<p class=\"has-medium-font-size\"><mark style=\"background-color:rgba(0, 0, 0, 0)\" class=\"has-inline-color has-vivid-cyan-blue-color\"><strong>Data Quality Team, SL (DQTeam)<\/strong><\/mark><\/p>\n\n\n\n<figure class=\"wp-block-image size-large is-resized\"><img loading=\"lazy\" decoding=\"async\" src=\"https:\/\/esi.uclm.es\/assets\/uploads\/2022\/02\/DQTeamSL_logo-1024x352.png\" alt=\"\" class=\"wp-image-6617\" width=\"228\" height=\"78\" srcset=\"https:\/\/esi.uclm.es\/assets\/uploads\/2022\/02\/DQTeamSL_logo-1024x352.png 1024w, https:\/\/esi.uclm.es\/assets\/uploads\/2022\/02\/DQTeamSL_logo-300x103.png 300w, https:\/\/esi.uclm.es\/assets\/uploads\/2022\/02\/DQTeamSL_logo-768x264.png 768w, https:\/\/esi.uclm.es\/assets\/uploads\/2022\/02\/DQTeamSL_logo-600x206.png 600w, https:\/\/esi.uclm.es\/assets\/uploads\/2022\/02\/DQTeamSL_logo.png 1250w\" sizes=\"auto, (max-width: 228px) 100vw, 228px\" \/><\/figure>\n\n\n\n<p><strong>Extracto: Data Quality Team, S.L (DQTeam)<\/strong>&nbsp;nace en el a\u00f1o 2017 como spin off universitaria del Grupo Alarcos con el objetivo ayudar a las organizaciones en la gesti\u00f3n y el gobierno de sus datos para maximizar el valor de los mismos. En la actualidad presta servicios de consultor\u00eda de calidad de datos, e implantaci\u00f3n de buenas pr\u00e1cticas de gesti\u00f3n de datos, gesti\u00f3n de calidad de datos y gobierno de datos. A d\u00eda de hoy, ha ayudado a distintas organizaciones tanto privadas como administraci\u00f3n p\u00fablica en la implantaci\u00f3n de sus programas de gobierno de datos ad-hoc a sus necesidades y arquitectura empresarial bas\u00e1ndose en el Modelo Alarcos de Mejora de Datos (MAMD), fruto de la investigaci\u00f3n realizada dentro del grupo Alarcos.<\/p>\n\n\n\n<p><strong>Personas de Contacto<\/strong>: <\/p>\n\n\n\n<p>(ESI) Ismael Caballero | &nbsp;<a rel=\"noreferrer noopener\" href=\"mailto:Ismael.Caballero@uclm.es\" target=\"_blank\">Ismael.Caballero@uclm.es<\/a><\/p>\n\n\n\n<p>(DQTeam) Fernando Gualo | <a rel=\"noreferrer noopener\" href=\"mailto:fgualo@dqteam.es\" target=\"_blank\">fgualo@dqteam.es<\/a><\/p>\n\n\n\n<p><strong>Mail de Contacto<\/strong>:&nbsp; <a rel=\"noreferrer noopener\" href=\"mailto:contacto@dqteam.es\" target=\"_blank\">contacto@dqteam.es<\/a><\/p>\n\n\n\n<p><strong>Web:<\/strong>&nbsp; <a rel=\"noreferrer noopener\" href=\"https:\/\/www.dqteam.es\/\" target=\"_blank\">https:\/\/www.dqteam.es<\/a><\/p>\n\n\n\n<hr class=\"wp-block-separator has-text-color has-background has-cyan-bluish-gray-background-color has-cyan-bluish-gray-color\"\/>\n\n\n\n<p class=\"has-medium-font-size\"><strong><mark style=\"background-color:rgba(0, 0, 0, 0)\" class=\"has-inline-color has-vivid-cyan-blue-color\">FURIOUS KOALAS, S.L<\/mark><\/strong><\/p>\n\n\n\n<p><\/p>\n\n\n\n<figure class=\"wp-block-image size-full is-resized\"><img loading=\"lazy\" decoding=\"async\" src=\"https:\/\/esi.uclm.es\/assets\/uploads\/2022\/02\/fk_logo_hor-300x131-1.jpeg\" alt=\"\" class=\"wp-image-6625\" width=\"259\" height=\"113\"\/><\/figure>\n\n\n\n<p><strong>FURIOUS KOALAS, S.L.<\/strong>&nbsp;proporciona servicios de alta calidad en las \u00e1reas de Gamificaci\u00f3n, Juegos Serios, Simuladores y Visi\u00f3n por Computador. Con m\u00e1s de 15 a\u00f1os de experiencia en el seno de los grupos de investigaci\u00f3n&nbsp;<a rel=\"noreferrer noopener\" href=\"http:\/\/oreto.esi.uclm.es\/\" target=\"_blank\">Oreto<\/a>&nbsp;y&nbsp;<a rel=\"noreferrer noopener\" href=\"http:\/\/air.esi.uclm.es\/\" target=\"_blank\">Artificial Intelligence and Representation<\/a>, pertenecientes a la&nbsp;<a rel=\"noreferrer noopener\" href=\"https:\/\/www.uclm.es\/\" target=\"_blank\">Universidad de Castilla-La Mancha<\/a>, Furious Koalas S.L. ofrece resultados profesionales en el contexto del dise\u00f1o, desarrollo y despliegue de soluciones interactivas.<\/p>\n\n\n\n<p><strong>Contacto:<\/strong><\/p>\n\n\n\n<p>David Vallejo Fern\u00e1ndez | <a href=\"mailto:david.vallejo@uclm.es\">david.vallejo@uclm.es<\/a><\/p>\n\n\n\n<p>Carlos Gonz\u00e1lez Morcillo | <a href=\"mailto:carlos.gonzalez@uclm.es\">carlos.gonzalez@uclm.es<\/a><\/p>\n\n\n\n<p>web: <a href=\"https:\/\/www.furiouskoalas.com\/\">https:\/\/www.furiouskoalas.com\/<\/a><\/p>\n","protected":false},"excerpt":{"rendered":"<p>Spin Offs asociadas a la Escuela Superior de Inform\u00e1tica de Ciudad Real AQCLab&nbsp; AQCLab nace como spin-off de la UCLM especializada en consultor\u00eda sobre calidad del software, calidad de datos y valoraci\u00f3n de activos software. AQCLab es el primer y \u00fanico laboratorio acreditado a nivel [&hellip;]<\/p>\n","protected":false},"author":1,"featured_media":0,"parent":6380,"menu_order":0,"comment_status":"closed","ping_status":"closed","template":"","meta":{"footnotes":""},"class_list":["post-6382","page","type-page","status-publish","hentry"],"yoast_head":"<!-- This site is optimized with the Yoast SEO plugin v27.4 - https:\/\/yoast.com\/product\/yoast-seo-wordpress\/ -->\n<title>Spin Offs - Escuela Superior de Inform\u00e1tica de UCLM<\/title>\n<meta name=\"robots\" content=\"index, follow, max-snippet:-1, max-image-preview:large, max-video-preview:-1\" \/>\n<link rel=\"canonical\" href=\"https:\/\/esi.uclm.es\/index.php\/transferencia\/spin-offs\/\" \/>\n<meta property=\"og:locale\" content=\"es_ES\" \/>\n<meta property=\"og:type\" content=\"article\" \/>\n<meta property=\"og:title\" content=\"Spin Offs - Escuela Superior de Inform\u00e1tica de UCLM\" \/>\n<meta property=\"og:description\" content=\"Spin Offs asociadas a la Escuela Superior de Inform\u00e1tica de Ciudad Real AQCLab&nbsp; AQCLab nace como spin-off de la UCLM especializada en consultor\u00eda sobre calidad del software, calidad de datos y valoraci\u00f3n de activos software. AQCLab es el primer y \u00fanico laboratorio acreditado a nivel [&hellip;]\" \/>\n<meta property=\"og:url\" content=\"https:\/\/esi.uclm.es\/index.php\/transferencia\/spin-offs\/\" \/>\n<meta property=\"og:site_name\" content=\"Escuela Superior de Inform\u00e1tica de UCLM\" \/>\n<meta property=\"article:publisher\" content=\"https:\/\/www.facebook.com\/Escuela-Superior-de-Informtica-543261809027158\" \/>\n<meta property=\"article:modified_time\" content=\"2022-02-23T18:28:49+00:00\" \/>\n<meta property=\"og:image\" content=\"https:\/\/esi.uclm.es\/assets\/uploads\/2022\/02\/spinoff.jpg\" \/>\n<meta name=\"twitter:card\" content=\"summary_large_image\" \/>\n<meta name=\"twitter:site\" content=\"@esiuclm\" \/>\n<meta name=\"twitter:label1\" content=\"Tiempo de lectura\" \/>\n\t<meta name=\"twitter:data1\" content=\"2 minutos\" \/>\n<script type=\"application\/ld+json\" class=\"yoast-schema-graph\">{\"@context\":\"https:\\\/\\\/schema.org\",\"@graph\":[{\"@type\":\"WebPage\",\"@id\":\"https:\\\/\\\/esi.uclm.es\\\/index.php\\\/transferencia\\\/spin-offs\\\/\",\"url\":\"https:\\\/\\\/esi.uclm.es\\\/index.php\\\/transferencia\\\/spin-offs\\\/\",\"name\":\"Spin Offs - Escuela Superior de Inform\u00e1tica de UCLM\",\"isPartOf\":{\"@id\":\"https:\\\/\\\/esi.uclm.es\\\/#website\"},\"primaryImageOfPage\":{\"@id\":\"https:\\\/\\\/esi.uclm.es\\\/index.php\\\/transferencia\\\/spin-offs\\\/#primaryimage\"},\"image\":{\"@id\":\"https:\\\/\\\/esi.uclm.es\\\/index.php\\\/transferencia\\\/spin-offs\\\/#primaryimage\"},\"thumbnailUrl\":\"https:\\\/\\\/esi.uclm.es\\\/assets\\\/uploads\\\/2022\\\/02\\\/spinoff.jpg\",\"datePublished\":\"2022-02-12T17:46:16+00:00\",\"dateModified\":\"2022-02-23T18:28:49+00:00\",\"breadcrumb\":{\"@id\":\"https:\\\/\\\/esi.uclm.es\\\/index.php\\\/transferencia\\\/spin-offs\\\/#breadcrumb\"},\"inLanguage\":\"es\",\"potentialAction\":[{\"@type\":\"ReadAction\",\"target\":[\"https:\\\/\\\/esi.uclm.es\\\/index.php\\\/transferencia\\\/spin-offs\\\/\"]}]},{\"@type\":\"ImageObject\",\"inLanguage\":\"es\",\"@id\":\"https:\\\/\\\/esi.uclm.es\\\/index.php\\\/transferencia\\\/spin-offs\\\/#primaryimage\",\"url\":\"https:\\\/\\\/esi.uclm.es\\\/assets\\\/uploads\\\/2022\\\/02\\\/spinoff.jpg\",\"contentUrl\":\"https:\\\/\\\/esi.uclm.es\\\/assets\\\/uploads\\\/2022\\\/02\\\/spinoff.jpg\"},{\"@type\":\"BreadcrumbList\",\"@id\":\"https:\\\/\\\/esi.uclm.es\\\/index.php\\\/transferencia\\\/spin-offs\\\/#breadcrumb\",\"itemListElement\":[{\"@type\":\"ListItem\",\"position\":1,\"name\":\"Portada\",\"item\":\"https:\\\/\\\/esi.uclm.es\\\/\"},{\"@type\":\"ListItem\",\"position\":2,\"name\":\"Transferencia\",\"item\":\"https:\\\/\\\/esi.uclm.es\\\/index.php\\\/transferencia\\\/\"},{\"@type\":\"ListItem\",\"position\":3,\"name\":\"Spin Offs\"}]},{\"@type\":\"WebSite\",\"@id\":\"https:\\\/\\\/esi.uclm.es\\\/#website\",\"url\":\"https:\\\/\\\/esi.uclm.es\\\/\",\"name\":\"Escuela Superior de Inform\u00e1tica de UCLM en Ciudad Real, Castilla-La Mancha\",\"description\":\"La Escuela Superior de Inform\u00e1tica de Ciudad Real (Castilla-La Mancha), Universidad de Castilla-La Mancha es un centro universitario que imparte el ciclo completo de Ingenier\u00eda en Inform\u00e1tica: grado, m\u00e1ster y doctorado.\",\"publisher\":{\"@id\":\"https:\\\/\\\/esi.uclm.es\\\/#organization\"},\"potentialAction\":[{\"@type\":\"SearchAction\",\"target\":{\"@type\":\"EntryPoint\",\"urlTemplate\":\"https:\\\/\\\/esi.uclm.es\\\/?s={search_term_string}\"},\"query-input\":{\"@type\":\"PropertyValueSpecification\",\"valueRequired\":true,\"valueName\":\"search_term_string\"}}],\"inLanguage\":\"es\"},{\"@type\":\"Organization\",\"@id\":\"https:\\\/\\\/esi.uclm.es\\\/#organization\",\"name\":\"Escuela Superior de Inform\u00e1tica de UCLM\",\"url\":\"https:\\\/\\\/esi.uclm.es\\\/\",\"logo\":{\"@type\":\"ImageObject\",\"inLanguage\":\"es\",\"@id\":\"https:\\\/\\\/esi.uclm.es\\\/#\\\/schema\\\/logo\\\/image\\\/\",\"url\":\"https:\\\/\\\/esi.uclm.es\\\/assets\\\/uploads\\\/2022\\\/03\\\/LogoESI_cabecera-1.png\",\"contentUrl\":\"https:\\\/\\\/esi.uclm.es\\\/assets\\\/uploads\\\/2022\\\/03\\\/LogoESI_cabecera-1.png\",\"width\":460,\"height\":184,\"caption\":\"Escuela Superior de Inform\u00e1tica de UCLM\"},\"image\":{\"@id\":\"https:\\\/\\\/esi.uclm.es\\\/#\\\/schema\\\/logo\\\/image\\\/\"},\"sameAs\":[\"https:\\\/\\\/www.facebook.com\\\/Escuela-Superior-de-Informtica-543261809027158\",\"https:\\\/\\\/x.com\\\/esiuclm\",\"https:\\\/\\\/www.instagram.com\\\/esiuclm\\\/\",\"https:\\\/\\\/www.youtube.com\\\/user\\\/esiuclm\",\"https:\\\/\\\/www.twitch.tv\\\/esiuclm\",\"https:\\\/\\\/www.linkedin.com\\\/company\\\/12656631\\\/admin\\\/\"]}]}<\/script>\n<!-- \/ Yoast SEO plugin. -->","yoast_head_json":{"title":"Spin Offs - Escuela Superior de Inform\u00e1tica de UCLM","robots":{"index":"index","follow":"follow","max-snippet":"max-snippet:-1","max-image-preview":"max-image-preview:large","max-video-preview":"max-video-preview:-1"},"canonical":"https:\/\/esi.uclm.es\/index.php\/transferencia\/spin-offs\/","og_locale":"es_ES","og_type":"article","og_title":"Spin Offs - Escuela Superior de Inform\u00e1tica de UCLM","og_description":"Spin Offs asociadas a la Escuela Superior de Inform\u00e1tica de Ciudad Real AQCLab&nbsp; AQCLab nace como spin-off de la UCLM especializada en consultor\u00eda sobre calidad del software, calidad de datos y valoraci\u00f3n de activos software. AQCLab es el primer y \u00fanico laboratorio acreditado a nivel [&hellip;]","og_url":"https:\/\/esi.uclm.es\/index.php\/transferencia\/spin-offs\/","og_site_name":"Escuela Superior de Inform\u00e1tica de UCLM","article_publisher":"https:\/\/www.facebook.com\/Escuela-Superior-de-Informtica-543261809027158","article_modified_time":"2022-02-23T18:28:49+00:00","og_image":[{"url":"https:\/\/esi.uclm.es\/assets\/uploads\/2022\/02\/spinoff.jpg","type":"","width":"","height":""}],"twitter_card":"summary_large_image","twitter_site":"@esiuclm","twitter_misc":{"Tiempo de lectura":"2 minutos"},"schema":{"@context":"https:\/\/schema.org","@graph":[{"@type":"WebPage","@id":"https:\/\/esi.uclm.es\/index.php\/transferencia\/spin-offs\/","url":"https:\/\/esi.uclm.es\/index.php\/transferencia\/spin-offs\/","name":"Spin Offs - Escuela Superior de Inform\u00e1tica de UCLM","isPartOf":{"@id":"https:\/\/esi.uclm.es\/#website"},"primaryImageOfPage":{"@id":"https:\/\/esi.uclm.es\/index.php\/transferencia\/spin-offs\/#primaryimage"},"image":{"@id":"https:\/\/esi.uclm.es\/index.php\/transferencia\/spin-offs\/#primaryimage"},"thumbnailUrl":"https:\/\/esi.uclm.es\/assets\/uploads\/2022\/02\/spinoff.jpg","datePublished":"2022-02-12T17:46:16+00:00","dateModified":"2022-02-23T18:28:49+00:00","breadcrumb":{"@id":"https:\/\/esi.uclm.es\/index.php\/transferencia\/spin-offs\/#breadcrumb"},"inLanguage":"es","potentialAction":[{"@type":"ReadAction","target":["https:\/\/esi.uclm.es\/index.php\/transferencia\/spin-offs\/"]}]},{"@type":"ImageObject","inLanguage":"es","@id":"https:\/\/esi.uclm.es\/index.php\/transferencia\/spin-offs\/#primaryimage","url":"https:\/\/esi.uclm.es\/assets\/uploads\/2022\/02\/spinoff.jpg","contentUrl":"https:\/\/esi.uclm.es\/assets\/uploads\/2022\/02\/spinoff.jpg"},{"@type":"BreadcrumbList","@id":"https:\/\/esi.uclm.es\/index.php\/transferencia\/spin-offs\/#breadcrumb","itemListElement":[{"@type":"ListItem","position":1,"name":"Portada","item":"https:\/\/esi.uclm.es\/"},{"@type":"ListItem","position":2,"name":"Transferencia","item":"https:\/\/esi.uclm.es\/index.php\/transferencia\/"},{"@type":"ListItem","position":3,"name":"Spin Offs"}]},{"@type":"WebSite","@id":"https:\/\/esi.uclm.es\/#website","url":"https:\/\/esi.uclm.es\/","name":"Escuela Superior de Inform\u00e1tica de UCLM en Ciudad Real, Castilla-La Mancha","description":"La Escuela Superior de Inform\u00e1tica de Ciudad Real (Castilla-La Mancha), Universidad de Castilla-La Mancha es un centro universitario que imparte el ciclo completo de Ingenier\u00eda en Inform\u00e1tica: grado, m\u00e1ster y doctorado.","publisher":{"@id":"https:\/\/esi.uclm.es\/#organization"},"potentialAction":[{"@type":"SearchAction","target":{"@type":"EntryPoint","urlTemplate":"https:\/\/esi.uclm.es\/?s={search_term_string}"},"query-input":{"@type":"PropertyValueSpecification","valueRequired":true,"valueName":"search_term_string"}}],"inLanguage":"es"},{"@type":"Organization","@id":"https:\/\/esi.uclm.es\/#organization","name":"Escuela Superior de Inform\u00e1tica de UCLM","url":"https:\/\/esi.uclm.es\/","logo":{"@type":"ImageObject","inLanguage":"es","@id":"https:\/\/esi.uclm.es\/#\/schema\/logo\/image\/","url":"https:\/\/esi.uclm.es\/assets\/uploads\/2022\/03\/LogoESI_cabecera-1.png","contentUrl":"https:\/\/esi.uclm.es\/assets\/uploads\/2022\/03\/LogoESI_cabecera-1.png","width":460,"height":184,"caption":"Escuela Superior de Inform\u00e1tica de UCLM"},"image":{"@id":"https:\/\/esi.uclm.es\/#\/schema\/logo\/image\/"},"sameAs":["https:\/\/www.facebook.com\/Escuela-Superior-de-Informtica-543261809027158","https:\/\/x.com\/esiuclm","https:\/\/www.instagram.com\/esiuclm\/","https:\/\/www.youtube.com\/user\/esiuclm","https:\/\/www.twitch.tv\/esiuclm","https:\/\/www.linkedin.com\/company\/12656631\/admin\/"]}]}},"_links":{"self":[{"href":"https:\/\/esi.uclm.es\/index.php\/wp-json\/wp\/v2\/pages\/6382","targetHints":{"allow":["GET"]}}],"collection":[{"href":"https:\/\/esi.uclm.es\/index.php\/wp-json\/wp\/v2\/pages"}],"about":[{"href":"https:\/\/esi.uclm.es\/index.php\/wp-json\/wp\/v2\/types\/page"}],"author":[{"embeddable":true,"href":"https:\/\/esi.uclm.es\/index.php\/wp-json\/wp\/v2\/users\/1"}],"replies":[{"embeddable":true,"href":"https:\/\/esi.uclm.es\/index.php\/wp-json\/wp\/v2\/comments?post=6382"}],"version-history":[{"count":10,"href":"https:\/\/esi.uclm.es\/index.php\/wp-json\/wp\/v2\/pages\/6382\/revisions"}],"predecessor-version":[{"id":7326,"href":"https:\/\/esi.uclm.es\/index.php\/wp-json\/wp\/v2\/pages\/6382\/revisions\/7326"}],"up":[{"embeddable":true,"href":"https:\/\/esi.uclm.es\/index.php\/wp-json\/wp\/v2\/pages\/6380"}],"wp:attachment":[{"href":"https:\/\/esi.uclm.es\/index.php\/wp-json\/wp\/v2\/media?parent=6382"}],"curies":[{"name":"wp","href":"https:\/\/api.w.org\/{rel}","templated":true}]}}