{"id":6270,"date":"2022-02-10T18:40:40","date_gmt":"2022-02-10T18:40:40","guid":{"rendered":"http:\/\/esiaz24.uclm.es\/?page_id=6270"},"modified":"2022-03-23T21:54:07","modified_gmt":"2022-03-23T21:54:07","slug":"decoracion-alu","status":"publish","type":"page","link":"https:\/\/esi.uclm.es\/index.php\/transparencia\/gobierno-abierto\/decoracion-alu\/","title":{"rendered":"Decoraci\u00f3n ALU"},"content":{"rendered":"\n<figure class=\"wp-block-image size-large\"><img loading=\"lazy\" decoding=\"async\" width=\"1024\" height=\"236\" src=\"https:\/\/esi.uclm.es\/assets\/uploads\/2022\/02\/alu_frases_decoracion-1024x236.jpg\" alt=\"\" class=\"wp-image-7527\" srcset=\"https:\/\/esi.uclm.es\/assets\/uploads\/2022\/02\/alu_frases_decoracion-1024x236.jpg 1024w, https:\/\/esi.uclm.es\/assets\/uploads\/2022\/02\/alu_frases_decoracion-300x69.jpg 300w, https:\/\/esi.uclm.es\/assets\/uploads\/2022\/02\/alu_frases_decoracion-768x177.jpg 768w, https:\/\/esi.uclm.es\/assets\/uploads\/2022\/02\/alu_frases_decoracion-1536x354.jpg 1536w, https:\/\/esi.uclm.es\/assets\/uploads\/2022\/02\/alu_frases_decoracion-1300x300.jpg 1300w, https:\/\/esi.uclm.es\/assets\/uploads\/2022\/02\/alu_frases_decoracion-600x138.jpg 600w\" sizes=\"auto, (max-width: 1024px) 100vw, 1024px\" \/><\/figure>\n\n\n\n<p>Para la decoraci\u00f3n de la Aula de Libre uso (ALU) de la Escuela se ha pensado en utilizar frases motivacionales o citas para crear carteles y adornar este espacio de trabajo y estudio.<\/p>\n\n\n\n<p>Se han preseleccionado 40 frases propuestas por el Programa de Mentores,&nbsp;la Representaci\u00f3n estudiantil (DAI) y&nbsp;la comunidad ESI (remitidas a trav\u00e9s de los medios sociales).<br>Esta colecci\u00f3n ha sido sometida a votaci\u00f3n por parte de la comunidad universitaria de la ESI, estudiantes y personal, siendo elegidas las siguientes 15 frases:<\/p>\n\n\n\n<figure class=\"wp-block-table is-style-stripes has-small-font-size\"><table><thead><tr><th class=\"has-text-align-left\" data-align=\"left\">Frase<\/th><th class=\"has-text-align-right\" data-align=\"right\">Votos<\/th><\/tr><\/thead><tbody><tr><td class=\"has-text-align-left\" data-align=\"left\">Es tu dise\u00f1o, es tu decisi\u00f3n (profesor an\u00f3nimo)<\/td><td class=\"has-text-align-right\" data-align=\"right\">44<\/td><\/tr><tr><td class=\"has-text-align-left\" data-align=\"left\">Mu\u00e9stramelo y lo olvidar\u00e9; ens\u00e9\u00f1amelo y lo recordar\u00e9; invol\u00facrame y lo aprender\u00e9 (Benjamin Franklin)<\/td><td class=\"has-text-align-right\" data-align=\"right\">28<\/td><\/tr><tr><td class=\"has-text-align-left\" data-align=\"left\">Trust me, I&#8217;m a programmer (frase popular)<\/td><td class=\"has-text-align-right\" data-align=\"right\">28<\/td><\/tr><tr><td class=\"has-text-align-left\" data-align=\"left\">Las oportunidades no ocurren, las creas t\u00fa (Chris Grosser)<\/td><td class=\"has-text-align-right\" data-align=\"right\">25<\/td><\/tr><tr><td class=\"has-text-align-left\" data-align=\"left\">Mucha gente peque\u00f1a, en lugares peque\u00f1os, haciendo cosas peque\u00f1as, puede cambiar el mundo (Eduardo Galeano)<\/td><td class=\"has-text-align-right\" data-align=\"right\">23<\/td><\/tr><tr><td class=\"has-text-align-left\" data-align=\"left\">Una vez un ordenador me gan\u00f3 jugando al ajedrez, pero no me opuso resistencia cuando pasamos al kick boxing (Emo Philips)<\/td><td class=\"has-text-align-right\" data-align=\"right\">22<\/td><\/tr><tr><td class=\"has-text-align-left\" data-align=\"left\">Lo importante es no dejar de hacerse preguntas (Albert Einstein)<\/td><td class=\"has-text-align-right\" data-align=\"right\">22<\/td><\/tr><tr><td class=\"has-text-align-left\" data-align=\"left\">Si ganas, vives. Si pierdes, mueres. Si no luchas, no puedes ganar (referencia Anime)<\/td><td class=\"has-text-align-right\" data-align=\"right\">21<\/td><\/tr><tr><td class=\"has-text-align-left\" data-align=\"left\">Small progress is still progress (Morgan Harper Nichols)<\/td><td class=\"has-text-align-right\" data-align=\"right\">20<\/td><\/tr><tr><td class=\"has-text-align-left\" data-align=\"left\">El hombre nunca sabe de lo que es capaz hasta que lo intenta (Charles Dickens)<\/td><td class=\"has-text-align-right\" data-align=\"right\">19<\/td><\/tr><tr><td class=\"has-text-align-left\" data-align=\"left\">Puedo aceptar el fracaso; todos fracasan en algo. Pero no puedo aceptar el no intentarlo (Michael Jordan)<\/td><td class=\"has-text-align-right\" data-align=\"right\">19<\/td><\/tr><tr><td class=\"has-text-align-left\" data-align=\"left\">Muchas veces, la gente no sabe lo que quiere hasta que se lo ense\u00f1as (Steve Jobs)<\/td><td class=\"has-text-align-right\" data-align=\"right\">18<\/td><\/tr><tr><td class=\"has-text-align-left\" data-align=\"left\">En las cenizas del fracaso, se encuentra la sabidur\u00eda (Amaral)<\/td><td class=\"has-text-align-right\" data-align=\"right\">18<\/td><\/tr><tr><td class=\"has-text-align-left\" data-align=\"left\">Si alguien ha logrado algo, significa que t\u00fa puedes mejorarlo. Si nadie lo ha hecho, significa que t\u00fa puedes ser el primero (An\u00f3nimo)<\/td><td class=\"has-text-align-right\" data-align=\"right\">18<\/td><\/tr><tr><td class=\"has-text-align-left\" data-align=\"left\">No hay barrera, cerradura ni cerrojo que puedas imponer a la libertad de mi mente (Virginia Woolf)<\/td><td class=\"has-text-align-right\" data-align=\"right\">17<\/td><\/tr><tr><td class=\"has-text-align-left\" data-align=\"left\">Siempre parece imposible hasta que se hace (Nelson Mandela)<\/td><td class=\"has-text-align-right\" data-align=\"right\">17<\/td><\/tr><tr><td class=\"has-text-align-left\" data-align=\"left\">Cuando algo malo te suceda, tienes tres opciones: Dejar que te marque, dejar que te destruya o dejar que te fortalezca (An\u00f3nimo)<\/td><td class=\"has-text-align-right\" data-align=\"right\">17<\/td><\/tr><\/tbody><\/table><\/figure>\n\n\n\n<figure class=\"wp-block-gallery has-nested-images columns-default wp-block-gallery-1 is-layout-flex wp-block-gallery-is-layout-flex\">\n<figure class=\"wp-block-image size-full\"><img loading=\"lazy\" decoding=\"async\" width=\"1252\" height=\"885\" data-id=\"6272\" src=\"https:\/\/esi.uclm.es\/assets\/uploads\/2022\/02\/lamina2_alu.png\" alt=\"\" class=\"wp-image-6272\" srcset=\"https:\/\/esi.uclm.es\/assets\/uploads\/2022\/02\/lamina2_alu.png 1252w, https:\/\/esi.uclm.es\/assets\/uploads\/2022\/02\/lamina2_alu-300x212.png 300w, https:\/\/esi.uclm.es\/assets\/uploads\/2022\/02\/lamina2_alu-1024x724.png 1024w, https:\/\/esi.uclm.es\/assets\/uploads\/2022\/02\/lamina2_alu-768x543.png 768w, https:\/\/esi.uclm.es\/assets\/uploads\/2022\/02\/lamina2_alu-600x424.png 600w\" sizes=\"auto, (max-width: 1252px) 100vw, 1252px\" \/><\/figure>\n\n\n\n<figure class=\"wp-block-image size-full is-style-default\"><img loading=\"lazy\" decoding=\"async\" width=\"1253\" height=\"884\" data-id=\"6273\" src=\"https:\/\/esi.uclm.es\/assets\/uploads\/2022\/02\/lamina1_alu.png\" alt=\"\" class=\"wp-image-6273\" srcset=\"https:\/\/esi.uclm.es\/assets\/uploads\/2022\/02\/lamina1_alu.png 1253w, https:\/\/esi.uclm.es\/assets\/uploads\/2022\/02\/lamina1_alu-300x212.png 300w, https:\/\/esi.uclm.es\/assets\/uploads\/2022\/02\/lamina1_alu-1024x722.png 1024w, https:\/\/esi.uclm.es\/assets\/uploads\/2022\/02\/lamina1_alu-768x542.png 768w, https:\/\/esi.uclm.es\/assets\/uploads\/2022\/02\/lamina1_alu-600x423.png 600w\" sizes=\"auto, (max-width: 1253px) 100vw, 1253px\" \/><\/figure>\n<\/figure>\n","protected":false},"excerpt":{"rendered":"<p>Para la decoraci\u00f3n de la Aula de Libre uso (ALU) de la Escuela se ha pensado en utilizar frases motivacionales o citas para crear carteles y adornar este espacio de trabajo y estudio. Se han preseleccionado 40 frases propuestas por el Programa de Mentores,&nbsp;la Representaci\u00f3n [&hellip;]<\/p>\n","protected":false},"author":1,"featured_media":0,"parent":4102,"menu_order":0,"comment_status":"closed","ping_status":"closed","template":"","meta":{"footnotes":""},"class_list":["post-6270","page","type-page","status-publish","hentry"],"yoast_head":"<!-- This site is optimized with the Yoast SEO plugin v27.3 - https:\/\/yoast.com\/product\/yoast-seo-wordpress\/ -->\n<title>Decoraci\u00f3n ALU - Escuela Superior de Inform\u00e1tica de UCLM<\/title>\n<meta name=\"robots\" content=\"index, follow, max-snippet:-1, max-image-preview:large, max-video-preview:-1\" \/>\n<link rel=\"canonical\" href=\"https:\/\/esi.uclm.es\/index.php\/transparencia\/gobierno-abierto\/decoracion-alu\/\" \/>\n<meta property=\"og:locale\" content=\"es_ES\" \/>\n<meta property=\"og:type\" content=\"article\" \/>\n<meta property=\"og:title\" content=\"Decoraci\u00f3n ALU - Escuela Superior de Inform\u00e1tica de UCLM\" \/>\n<meta property=\"og:description\" content=\"Para la decoraci\u00f3n de la Aula de Libre uso (ALU) de la Escuela se ha pensado en utilizar frases motivacionales o citas para crear carteles y adornar este espacio de trabajo y estudio. Se han preseleccionado 40 frases propuestas por el Programa de Mentores,&nbsp;la Representaci\u00f3n [&hellip;]\" \/>\n<meta property=\"og:url\" content=\"https:\/\/esi.uclm.es\/index.php\/transparencia\/gobierno-abierto\/decoracion-alu\/\" \/>\n<meta property=\"og:site_name\" content=\"Escuela Superior de Inform\u00e1tica de UCLM\" \/>\n<meta property=\"article:publisher\" content=\"https:\/\/www.facebook.com\/Escuela-Superior-de-Informtica-543261809027158\" \/>\n<meta property=\"article:modified_time\" content=\"2022-03-23T21:54:07+00:00\" \/>\n<meta property=\"og:image\" content=\"https:\/\/esi.uclm.es\/assets\/uploads\/2022\/02\/alu_frases_decoracion-1024x236.jpg\" \/>\n<meta name=\"twitter:card\" content=\"summary_large_image\" \/>\n<meta name=\"twitter:site\" content=\"@esiuclm\" \/>\n<meta name=\"twitter:label1\" content=\"Tiempo de lectura\" \/>\n\t<meta name=\"twitter:data1\" content=\"2 minutos\" \/>\n<script type=\"application\/ld+json\" class=\"yoast-schema-graph\">{\"@context\":\"https:\\\/\\\/schema.org\",\"@graph\":[{\"@type\":\"WebPage\",\"@id\":\"https:\\\/\\\/esi.uclm.es\\\/index.php\\\/transparencia\\\/gobierno-abierto\\\/decoracion-alu\\\/\",\"url\":\"https:\\\/\\\/esi.uclm.es\\\/index.php\\\/transparencia\\\/gobierno-abierto\\\/decoracion-alu\\\/\",\"name\":\"Decoraci\u00f3n ALU - Escuela Superior de Inform\u00e1tica de UCLM\",\"isPartOf\":{\"@id\":\"https:\\\/\\\/esi.uclm.es\\\/#website\"},\"primaryImageOfPage\":{\"@id\":\"https:\\\/\\\/esi.uclm.es\\\/index.php\\\/transparencia\\\/gobierno-abierto\\\/decoracion-alu\\\/#primaryimage\"},\"image\":{\"@id\":\"https:\\\/\\\/esi.uclm.es\\\/index.php\\\/transparencia\\\/gobierno-abierto\\\/decoracion-alu\\\/#primaryimage\"},\"thumbnailUrl\":\"https:\\\/\\\/esi.uclm.es\\\/assets\\\/uploads\\\/2022\\\/02\\\/alu_frases_decoracion-1024x236.jpg\",\"datePublished\":\"2022-02-10T18:40:40+00:00\",\"dateModified\":\"2022-03-23T21:54:07+00:00\",\"breadcrumb\":{\"@id\":\"https:\\\/\\\/esi.uclm.es\\\/index.php\\\/transparencia\\\/gobierno-abierto\\\/decoracion-alu\\\/#breadcrumb\"},\"inLanguage\":\"es\",\"potentialAction\":[{\"@type\":\"ReadAction\",\"target\":[\"https:\\\/\\\/esi.uclm.es\\\/index.php\\\/transparencia\\\/gobierno-abierto\\\/decoracion-alu\\\/\"]}]},{\"@type\":\"ImageObject\",\"inLanguage\":\"es\",\"@id\":\"https:\\\/\\\/esi.uclm.es\\\/index.php\\\/transparencia\\\/gobierno-abierto\\\/decoracion-alu\\\/#primaryimage\",\"url\":\"https:\\\/\\\/esi.uclm.es\\\/assets\\\/uploads\\\/2022\\\/02\\\/alu_frases_decoracion-1024x236.jpg\",\"contentUrl\":\"https:\\\/\\\/esi.uclm.es\\\/assets\\\/uploads\\\/2022\\\/02\\\/alu_frases_decoracion-1024x236.jpg\"},{\"@type\":\"BreadcrumbList\",\"@id\":\"https:\\\/\\\/esi.uclm.es\\\/index.php\\\/transparencia\\\/gobierno-abierto\\\/decoracion-alu\\\/#breadcrumb\",\"itemListElement\":[{\"@type\":\"ListItem\",\"position\":1,\"name\":\"Portada\",\"item\":\"https:\\\/\\\/esi.uclm.es\\\/\"},{\"@type\":\"ListItem\",\"position\":2,\"name\":\"Transparencia\",\"item\":\"https:\\\/\\\/esi.uclm.es\\\/index.php\\\/transparencia\\\/\"},{\"@type\":\"ListItem\",\"position\":3,\"name\":\"Gobierno abierto\",\"item\":\"https:\\\/\\\/esi.uclm.es\\\/index.php\\\/transparencia\\\/gobierno-abierto\\\/\"},{\"@type\":\"ListItem\",\"position\":4,\"name\":\"Decoraci\u00f3n ALU\"}]},{\"@type\":\"WebSite\",\"@id\":\"https:\\\/\\\/esi.uclm.es\\\/#website\",\"url\":\"https:\\\/\\\/esi.uclm.es\\\/\",\"name\":\"Escuela Superior de Inform\u00e1tica de UCLM en Ciudad Real, Castilla-La Mancha\",\"description\":\"La Escuela Superior de Inform\u00e1tica de Ciudad Real (Castilla-La Mancha), Universidad de Castilla-La Mancha es un centro universitario que imparte el ciclo completo de Ingenier\u00eda en Inform\u00e1tica: grado, m\u00e1ster y doctorado.\",\"publisher\":{\"@id\":\"https:\\\/\\\/esi.uclm.es\\\/#organization\"},\"potentialAction\":[{\"@type\":\"SearchAction\",\"target\":{\"@type\":\"EntryPoint\",\"urlTemplate\":\"https:\\\/\\\/esi.uclm.es\\\/?s={search_term_string}\"},\"query-input\":{\"@type\":\"PropertyValueSpecification\",\"valueRequired\":true,\"valueName\":\"search_term_string\"}}],\"inLanguage\":\"es\"},{\"@type\":\"Organization\",\"@id\":\"https:\\\/\\\/esi.uclm.es\\\/#organization\",\"name\":\"Escuela Superior de Inform\u00e1tica de UCLM\",\"url\":\"https:\\\/\\\/esi.uclm.es\\\/\",\"logo\":{\"@type\":\"ImageObject\",\"inLanguage\":\"es\",\"@id\":\"https:\\\/\\\/esi.uclm.es\\\/#\\\/schema\\\/logo\\\/image\\\/\",\"url\":\"https:\\\/\\\/esi.uclm.es\\\/assets\\\/uploads\\\/2022\\\/03\\\/LogoESI_cabecera-1.png\",\"contentUrl\":\"https:\\\/\\\/esi.uclm.es\\\/assets\\\/uploads\\\/2022\\\/03\\\/LogoESI_cabecera-1.png\",\"width\":460,\"height\":184,\"caption\":\"Escuela Superior de Inform\u00e1tica de UCLM\"},\"image\":{\"@id\":\"https:\\\/\\\/esi.uclm.es\\\/#\\\/schema\\\/logo\\\/image\\\/\"},\"sameAs\":[\"https:\\\/\\\/www.facebook.com\\\/Escuela-Superior-de-Informtica-543261809027158\",\"https:\\\/\\\/x.com\\\/esiuclm\",\"https:\\\/\\\/www.instagram.com\\\/esiuclm\\\/\",\"https:\\\/\\\/www.youtube.com\\\/user\\\/esiuclm\",\"https:\\\/\\\/www.twitch.tv\\\/esiuclm\",\"https:\\\/\\\/www.linkedin.com\\\/company\\\/12656631\\\/admin\\\/\"]}]}<\/script>\n<!-- \/ Yoast SEO plugin. -->","yoast_head_json":{"title":"Decoraci\u00f3n ALU - Escuela Superior de Inform\u00e1tica de UCLM","robots":{"index":"index","follow":"follow","max-snippet":"max-snippet:-1","max-image-preview":"max-image-preview:large","max-video-preview":"max-video-preview:-1"},"canonical":"https:\/\/esi.uclm.es\/index.php\/transparencia\/gobierno-abierto\/decoracion-alu\/","og_locale":"es_ES","og_type":"article","og_title":"Decoraci\u00f3n ALU - Escuela Superior de Inform\u00e1tica de UCLM","og_description":"Para la decoraci\u00f3n de la Aula de Libre uso (ALU) de la Escuela se ha pensado en utilizar frases motivacionales o citas para crear carteles y adornar este espacio de trabajo y estudio. Se han preseleccionado 40 frases propuestas por el Programa de Mentores,&nbsp;la Representaci\u00f3n [&hellip;]","og_url":"https:\/\/esi.uclm.es\/index.php\/transparencia\/gobierno-abierto\/decoracion-alu\/","og_site_name":"Escuela Superior de Inform\u00e1tica de UCLM","article_publisher":"https:\/\/www.facebook.com\/Escuela-Superior-de-Informtica-543261809027158","article_modified_time":"2022-03-23T21:54:07+00:00","og_image":[{"url":"https:\/\/esi.uclm.es\/assets\/uploads\/2022\/02\/alu_frases_decoracion-1024x236.jpg","type":"","width":"","height":""}],"twitter_card":"summary_large_image","twitter_site":"@esiuclm","twitter_misc":{"Tiempo de lectura":"2 minutos"},"schema":{"@context":"https:\/\/schema.org","@graph":[{"@type":"WebPage","@id":"https:\/\/esi.uclm.es\/index.php\/transparencia\/gobierno-abierto\/decoracion-alu\/","url":"https:\/\/esi.uclm.es\/index.php\/transparencia\/gobierno-abierto\/decoracion-alu\/","name":"Decoraci\u00f3n ALU - Escuela Superior de Inform\u00e1tica de UCLM","isPartOf":{"@id":"https:\/\/esi.uclm.es\/#website"},"primaryImageOfPage":{"@id":"https:\/\/esi.uclm.es\/index.php\/transparencia\/gobierno-abierto\/decoracion-alu\/#primaryimage"},"image":{"@id":"https:\/\/esi.uclm.es\/index.php\/transparencia\/gobierno-abierto\/decoracion-alu\/#primaryimage"},"thumbnailUrl":"https:\/\/esi.uclm.es\/assets\/uploads\/2022\/02\/alu_frases_decoracion-1024x236.jpg","datePublished":"2022-02-10T18:40:40+00:00","dateModified":"2022-03-23T21:54:07+00:00","breadcrumb":{"@id":"https:\/\/esi.uclm.es\/index.php\/transparencia\/gobierno-abierto\/decoracion-alu\/#breadcrumb"},"inLanguage":"es","potentialAction":[{"@type":"ReadAction","target":["https:\/\/esi.uclm.es\/index.php\/transparencia\/gobierno-abierto\/decoracion-alu\/"]}]},{"@type":"ImageObject","inLanguage":"es","@id":"https:\/\/esi.uclm.es\/index.php\/transparencia\/gobierno-abierto\/decoracion-alu\/#primaryimage","url":"https:\/\/esi.uclm.es\/assets\/uploads\/2022\/02\/alu_frases_decoracion-1024x236.jpg","contentUrl":"https:\/\/esi.uclm.es\/assets\/uploads\/2022\/02\/alu_frases_decoracion-1024x236.jpg"},{"@type":"BreadcrumbList","@id":"https:\/\/esi.uclm.es\/index.php\/transparencia\/gobierno-abierto\/decoracion-alu\/#breadcrumb","itemListElement":[{"@type":"ListItem","position":1,"name":"Portada","item":"https:\/\/esi.uclm.es\/"},{"@type":"ListItem","position":2,"name":"Transparencia","item":"https:\/\/esi.uclm.es\/index.php\/transparencia\/"},{"@type":"ListItem","position":3,"name":"Gobierno abierto","item":"https:\/\/esi.uclm.es\/index.php\/transparencia\/gobierno-abierto\/"},{"@type":"ListItem","position":4,"name":"Decoraci\u00f3n ALU"}]},{"@type":"WebSite","@id":"https:\/\/esi.uclm.es\/#website","url":"https:\/\/esi.uclm.es\/","name":"Escuela Superior de Inform\u00e1tica de UCLM en Ciudad Real, Castilla-La Mancha","description":"La Escuela Superior de Inform\u00e1tica de Ciudad Real (Castilla-La Mancha), Universidad de Castilla-La Mancha es un centro universitario que imparte el ciclo completo de Ingenier\u00eda en Inform\u00e1tica: grado, m\u00e1ster y doctorado.","publisher":{"@id":"https:\/\/esi.uclm.es\/#organization"},"potentialAction":[{"@type":"SearchAction","target":{"@type":"EntryPoint","urlTemplate":"https:\/\/esi.uclm.es\/?s={search_term_string}"},"query-input":{"@type":"PropertyValueSpecification","valueRequired":true,"valueName":"search_term_string"}}],"inLanguage":"es"},{"@type":"Organization","@id":"https:\/\/esi.uclm.es\/#organization","name":"Escuela Superior de Inform\u00e1tica de UCLM","url":"https:\/\/esi.uclm.es\/","logo":{"@type":"ImageObject","inLanguage":"es","@id":"https:\/\/esi.uclm.es\/#\/schema\/logo\/image\/","url":"https:\/\/esi.uclm.es\/assets\/uploads\/2022\/03\/LogoESI_cabecera-1.png","contentUrl":"https:\/\/esi.uclm.es\/assets\/uploads\/2022\/03\/LogoESI_cabecera-1.png","width":460,"height":184,"caption":"Escuela Superior de Inform\u00e1tica de UCLM"},"image":{"@id":"https:\/\/esi.uclm.es\/#\/schema\/logo\/image\/"},"sameAs":["https:\/\/www.facebook.com\/Escuela-Superior-de-Informtica-543261809027158","https:\/\/x.com\/esiuclm","https:\/\/www.instagram.com\/esiuclm\/","https:\/\/www.youtube.com\/user\/esiuclm","https:\/\/www.twitch.tv\/esiuclm","https:\/\/www.linkedin.com\/company\/12656631\/admin\/"]}]}},"_links":{"self":[{"href":"https:\/\/esi.uclm.es\/index.php\/wp-json\/wp\/v2\/pages\/6270","targetHints":{"allow":["GET"]}}],"collection":[{"href":"https:\/\/esi.uclm.es\/index.php\/wp-json\/wp\/v2\/pages"}],"about":[{"href":"https:\/\/esi.uclm.es\/index.php\/wp-json\/wp\/v2\/types\/page"}],"author":[{"embeddable":true,"href":"https:\/\/esi.uclm.es\/index.php\/wp-json\/wp\/v2\/users\/1"}],"replies":[{"embeddable":true,"href":"https:\/\/esi.uclm.es\/index.php\/wp-json\/wp\/v2\/comments?post=6270"}],"version-history":[{"count":11,"href":"https:\/\/esi.uclm.es\/index.php\/wp-json\/wp\/v2\/pages\/6270\/revisions"}],"predecessor-version":[{"id":8737,"href":"https:\/\/esi.uclm.es\/index.php\/wp-json\/wp\/v2\/pages\/6270\/revisions\/8737"}],"up":[{"embeddable":true,"href":"https:\/\/esi.uclm.es\/index.php\/wp-json\/wp\/v2\/pages\/4102"}],"wp:attachment":[{"href":"https:\/\/esi.uclm.es\/index.php\/wp-json\/wp\/v2\/media?parent=6270"}],"curies":[{"name":"wp","href":"https:\/\/api.w.org\/{rel}","templated":true}]}}