{"id":6265,"date":"2022-02-10T18:11:30","date_gmt":"2022-02-10T18:11:30","guid":{"rendered":"http:\/\/esiaz24.uclm.es\/?page_id=6265"},"modified":"2022-06-25T10:34:38","modified_gmt":"2022-06-25T10:34:38","slug":"presupuesto-participativo-2021","status":"publish","type":"page","link":"https:\/\/esi.uclm.es\/index.php\/transparencia\/gobierno-abierto\/presupuesto-participativo-2021\/","title":{"rendered":"Presupuesto participativo 2021"},"content":{"rendered":"\n<p>Un&nbsp;<strong>presupuesto participativo<\/strong>&nbsp;es un instrumento que permite incorporar la democracia participativa en la definici\u00f3n de determinadas partidas de gasto, de manera que los miembros de una comunidad decidan de manera libre y directa el destino de una parte del presupuesto.<\/p>\n\n\n\n<p>Para aplicar esta pr\u00e1ctica al&nbsp;<strong>presupuesto de la ESI correspondiente al ejercicio 2021<\/strong>, se establece un procedimiento a trav\u00e9s del cual la comunidad universitaria de la ESI plantear\u00e1 primero sus propuestas de proyectos para ser financiados, a continuaci\u00f3n, estas se evaluar\u00e1n con el fin de detectar aquellas que pudieran ser redundantes o no viables por cuestiones normativas o t\u00e9cnicas y, finalmente, se votar\u00e1n y elegir\u00e1n las propuestas aceptadas.<\/p>\n\n\n\n<p>De modo que la participaci\u00f3n del personal y de los estudiantes de la ESI puede producirse de dos formas: presentando propuestas y, posteriormente, votando el conjunto de propuestas realizadas.<\/p>\n\n\n\n<p>Como programa piloto, la cuant\u00eda de presupuesto participativo para el ejercicio 2021 asciende a&nbsp;<strong>5.000 \u20ac<\/strong>. Esperamos con esta iniciativa generar un aprendizaje positivo que nos permita ir extendiendo el alcance econ\u00f3mico en los pr\u00f3ximos ejercicios y mejorar la gesti\u00f3n de estos presupuestos participativos.<\/p>\n\n\n\n<h2 class=\"wp-block-heading\" id=\"proyectos-seleccionados-para-la-votacion\">Proyectos seleccionados para la votaci\u00f3n<\/h2>\n\n\n\n<hr class=\"wp-block-separator has-text-color has-vivid-cyan-blue-color has-css-opacity has-vivid-cyan-blue-background-color has-background is-style-wide\"\/>\n\n\n\n<p>Proyectos seleccionados por la&nbsp;<em>Comisi\u00f3n de Responsabilidad, Cultura y Deporte<\/em>&nbsp;de entre las propuestas remitidas por la comunidad universitaria ESI:<\/p>\n\n\n\n<figure class=\"wp-block-table is-style-regular\"><table><thead><tr><th class=\"has-text-align-left\" data-align=\"left\" scope=\"col\"><strong>Proyecto<\/strong><\/th><th class=\"has-text-align-left\" data-align=\"left\" scope=\"col\"><strong>Nombre<\/strong><\/th><th class=\"has-text-align-left\" data-align=\"left\" scope=\"col\"><strong>Necesidad<\/strong><\/th><th class=\"has-text-align-left\" data-align=\"left\" scope=\"col\"><strong>Descripci\u00f3n<\/strong><\/th><th class=\"has-text-align-right\" data-align=\"right\" scope=\"col\"><strong>Importe<\/strong><\/th><\/tr><\/thead><tbody><tr><td class=\"has-text-align-left\" data-align=\"left\">1<\/td><td class=\"has-text-align-left\" data-align=\"left\">Formaci\u00f3n especializada a trav\u00e9s de Plataformas de Educaci\u00f3n Virtual<\/td><td class=\"has-text-align-left\" data-align=\"left\">Adquirir formaci\u00f3n espec\u00edfica s\u00f3lo disponible en estas plataformas<\/td><td class=\"has-text-align-left\" data-align=\"left\">Las plataformas de educaci\u00f3n virtual, Cousera, Udacity, etc. ofrecen cursos avanzados y actuales en temas que pueden ser \u00fatiles al profesorado de la ESI tanto en docencia como en investigaci\u00f3n. Las versiones gratuitas de los cursos limitan el acceso a materiales y adem\u00e1s no certifican la finalizaci\u00f3n del curso. La acreditaci\u00f3n de esta formaci\u00f3n podr\u00eda ser un indicador interesante para el centro. Se propone financiar 25 instancias de cursos.<\/td><td class=\"has-text-align-right\" data-align=\"right\">5.000\u20ac<\/td><\/tr><tr><td class=\"has-text-align-left\" data-align=\"left\"><strong>2<\/strong><\/td><td class=\"has-text-align-left\" data-align=\"left\"><strong>Maqueta CPD (Centro de Proceso de Datos)<\/strong><\/td><td class=\"has-text-align-left\" data-align=\"left\"><strong>No se dispone de un laboratorio con numerosos nodos y equipamiento de red donde los alumnos puedan configurarlo libremente<\/strong><\/td><td class=\"has-text-align-left\" data-align=\"left\"><strong>Consistir\u00eda en un rack m\u00f3vil de 40 nodos raspberry con dos switches POE y un router entre switches.<\/strong><\/td><td class=\"has-text-align-right\" data-align=\"right\"><strong>5.000\u20ac<\/strong><\/td><\/tr><tr><td class=\"has-text-align-left\" data-align=\"left\">3<\/td><td class=\"has-text-align-left\" data-align=\"left\">Jornada emprendimiento ESI-Startup<\/td><td class=\"has-text-align-left\" data-align=\"left\">Potenciar la creaci\u00f3n de empresas por parte de la comunidad ESI-UCLM. Contribuir al desarrollo socioecon\u00f3mico de Ciudad Real y de la regi\u00f3n<\/td><td class=\"has-text-align-left\" data-align=\"left\">Crear una jornada peri\u00f3dica anual (ej., en la semana de Santa Tecla) de formaci\u00f3n\/experiencias en emprendimiento, donde invitar a antiguos alumnos ESI que hayan montado su empresa, traer a invitados de alto nivel para charlas de formaci\u00f3n, etc. y organizar un concurso de ideas de emprendimiento y otorgar un premio.<\/td><td class=\"has-text-align-right\" data-align=\"right\">5.000\u20ac<\/td><\/tr><tr><td class=\"has-text-align-left\" data-align=\"left\">4<\/td><td class=\"has-text-align-left\" data-align=\"left\">Igualdad y diversidad<\/td><td class=\"has-text-align-left\" data-align=\"left\">Visibilizar a las mujeres y colectivos minoritarios<\/td><td class=\"has-text-align-left\" data-align=\"left\">Aunque \u00faltimamente si se est\u00e1n apoyando mucho las iniciativas de visibilizaci\u00f3n de la mujer en la Inform\u00e1tica y de apoyar a nuestras compa\u00f1eras en la Escuela, creo que podemos avanzar m\u00e1s a la hora de visibilizar otras minor\u00edas como pueden ser el colectivo LGTB. Mi propuesta es que por parte de la Escuela se otorgue la misma importancia a este colectivo que a las mujeres para crear un espacio abierto y diverso en el que todos podamos sentirnos identificados, y decorar la Escuela en este mes de Junio con este tema.-&gt; Nota: seg\u00fan lo debatido en la Comisi\u00f3n de selecci\u00f3n, la Escuela hace suya la parte de este proyecto en la que se propone asignar el nombre de Alan Turing a un espacio acad\u00e9mico de la ESI de acuerdo con otros programas de direcci\u00f3n, con independencia de la elecci\u00f3n o no de este programa econ\u00f3mico.<\/td><td class=\"has-text-align-right\" data-align=\"right\">200\u20ac<\/td><\/tr><tr><td class=\"has-text-align-left\" data-align=\"left\">5<\/td><td class=\"has-text-align-left\" data-align=\"left\">Reactivaci\u00f3n de actividades de los clubes de estudiantes de cultura, deporte y sociales de la escuela<\/td><td class=\"has-text-align-left\" data-align=\"left\">Volver a activar grupos para socializar entre alumnos<\/td><td class=\"has-text-align-left\" data-align=\"left\">Volver a activar los diferentes clubes planteando nuevas actividades para ellos y poniendo una cierta dotaci\u00f3n econ\u00f3mica al alcance de los clubes para apoyar la realizaci\u00f3n de sus actividades.-&gt; Nota: seg\u00fan lo debatido en la Comisi\u00f3n de selecci\u00f3n, desde la Escuela, con independencia de la elecci\u00f3n o no de este programa econ\u00f3mico, se ofrecer\u00e1 apoyo organizativo a la actividad de dichos clubes.<\/td><td class=\"has-text-align-right\" data-align=\"right\">400 \u20ac<\/td><\/tr><\/tbody><\/table><\/figure>\n\n\n\n<h2 class=\"wp-block-heading\" id=\"votacion-y-calendario\">Votaci\u00f3n y calendario<\/h2>\n\n\n\n<hr class=\"wp-block-separator has-text-color has-vivid-cyan-blue-color has-css-opacity has-vivid-cyan-blue-background-color has-background is-style-wide\"\/>\n\n\n\n<p>Concluido el periodo de votaci\u00f3n, que se ha extendido desde el d\u00eda 16 al 22 de junio, se han recibido&nbsp;<strong>95 votos<\/strong>, siendo los resultados de la votaci\u00f3n los siguientes:<\/p>\n\n\n\n<ul class=\"wp-block-list\"><li>Proyecto 2. Maqueta CPD (Centro de Proceso de Datos) &#8211;&nbsp;<strong>2,28 puntos<\/strong><\/li><li>Proyecto 5. Reactivaci\u00f3n de actividades de los clubes de estudiantes de cultura, deporte y sociales de la escuela &#8211;&nbsp;<strong>2,27 puntos<\/strong><\/li><li>Proyecto 3. Jornada emprendimiento ESI-Startup &#8211;&nbsp;<strong>2,15 puntos<\/strong><\/li><li>Proyecto 1. Formaci\u00f3n especializada a trav\u00e9s de Plataformas de Educaci\u00f3n Virtual &#8211;&nbsp;<strong>2,13 puntos<\/strong><\/li><li>Proyecto 4. Igualdad y diversidad &#8211;&nbsp;<strong>2,04 puntos<\/strong><\/li><\/ul>\n\n\n\n<p>Ante estos resultados, queda elegido el proyecto n\u00ba 2.<\/p>\n\n\n\n<figure class=\"wp-block-table is-style-regular\"><table><thead><tr><th class=\"has-text-align-left\" data-align=\"left\" scope=\"col\">Fase<\/th><th class=\"has-text-align-left\" data-align=\"left\" scope=\"col\">Inicio<\/th><th class=\"has-text-align-left\" data-align=\"left\" scope=\"col\">Duraci\u00f3n<\/th><\/tr><\/thead><tbody><tr><td class=\"has-text-align-left\" data-align=\"left\">Lanzamiento<\/td><td class=\"has-text-align-left\" data-align=\"left\">4\/junio<\/td><td class=\"has-text-align-left\" data-align=\"left\">&#8211;<\/td><\/tr><tr><td class=\"has-text-align-left\" data-align=\"left\">Env\u00edo de propuestas<\/td><td class=\"has-text-align-left\" data-align=\"left\">4\/junio<\/td><td class=\"has-text-align-left\" data-align=\"left\">5 d\u00edas h\u00e1biles<\/td><\/tr><tr><td class=\"has-text-align-left\" data-align=\"left\">Evaluaci\u00f3n de propuestas<\/td><td class=\"has-text-align-left\" data-align=\"left\">11\/junio<\/td><td class=\"has-text-align-left\" data-align=\"left\">&#8211;<\/td><\/tr><tr><td class=\"has-text-align-left\" data-align=\"left\">Votaci\u00f3n y elecci\u00f3n<\/td><td class=\"has-text-align-left\" data-align=\"left\">16\/junio<\/td><td class=\"has-text-align-left\" data-align=\"left\">4 d\u00edas h\u00e1biles<\/td><\/tr><\/tbody><\/table><\/figure>\n","protected":false},"excerpt":{"rendered":"<p>Un&nbsp;presupuesto participativo&nbsp;es un instrumento que permite incorporar la democracia participativa en la definici\u00f3n de determinadas partidas de gasto, de manera que los miembros de una comunidad decidan de manera libre y directa el destino de una parte del presupuesto. Para aplicar esta pr\u00e1ctica al&nbsp;presupuesto de [&hellip;]<\/p>\n","protected":false},"author":1,"featured_media":0,"parent":4102,"menu_order":0,"comment_status":"closed","ping_status":"closed","template":"","meta":{"footnotes":""},"class_list":["post-6265","page","type-page","status-publish","hentry"],"yoast_head":"<!-- This site is optimized with the Yoast SEO plugin v27.3 - https:\/\/yoast.com\/product\/yoast-seo-wordpress\/ -->\n<title>Presupuesto participativo 2021 - Escuela Superior de Inform\u00e1tica de UCLM<\/title>\n<meta name=\"robots\" content=\"index, follow, max-snippet:-1, max-image-preview:large, max-video-preview:-1\" \/>\n<link rel=\"canonical\" href=\"https:\/\/esi.uclm.es\/index.php\/transparencia\/gobierno-abierto\/presupuesto-participativo-2021\/\" \/>\n<meta property=\"og:locale\" content=\"es_ES\" \/>\n<meta property=\"og:type\" content=\"article\" \/>\n<meta property=\"og:title\" content=\"Presupuesto participativo 2021 - Escuela Superior de Inform\u00e1tica de UCLM\" \/>\n<meta property=\"og:description\" content=\"Un&nbsp;presupuesto participativo&nbsp;es un instrumento que permite incorporar la democracia participativa en la definici\u00f3n de determinadas partidas de gasto, de manera que los miembros de una comunidad decidan de manera libre y directa el destino de una parte del presupuesto. Para aplicar esta pr\u00e1ctica al&nbsp;presupuesto de [&hellip;]\" \/>\n<meta property=\"og:url\" content=\"https:\/\/esi.uclm.es\/index.php\/transparencia\/gobierno-abierto\/presupuesto-participativo-2021\/\" \/>\n<meta property=\"og:site_name\" content=\"Escuela Superior de Inform\u00e1tica de UCLM\" \/>\n<meta property=\"article:publisher\" content=\"https:\/\/www.facebook.com\/Escuela-Superior-de-Informtica-543261809027158\" \/>\n<meta property=\"article:modified_time\" content=\"2022-06-25T10:34:38+00:00\" \/>\n<meta name=\"twitter:card\" content=\"summary_large_image\" \/>\n<meta name=\"twitter:site\" content=\"@esiuclm\" \/>\n<meta name=\"twitter:label1\" content=\"Tiempo de lectura\" \/>\n\t<meta name=\"twitter:data1\" content=\"4 minutos\" \/>\n<script type=\"application\/ld+json\" class=\"yoast-schema-graph\">{\"@context\":\"https:\\\/\\\/schema.org\",\"@graph\":[{\"@type\":\"WebPage\",\"@id\":\"https:\\\/\\\/esi.uclm.es\\\/index.php\\\/transparencia\\\/gobierno-abierto\\\/presupuesto-participativo-2021\\\/\",\"url\":\"https:\\\/\\\/esi.uclm.es\\\/index.php\\\/transparencia\\\/gobierno-abierto\\\/presupuesto-participativo-2021\\\/\",\"name\":\"Presupuesto participativo 2021 - Escuela Superior de Inform\u00e1tica de UCLM\",\"isPartOf\":{\"@id\":\"https:\\\/\\\/esi.uclm.es\\\/#website\"},\"datePublished\":\"2022-02-10T18:11:30+00:00\",\"dateModified\":\"2022-06-25T10:34:38+00:00\",\"breadcrumb\":{\"@id\":\"https:\\\/\\\/esi.uclm.es\\\/index.php\\\/transparencia\\\/gobierno-abierto\\\/presupuesto-participativo-2021\\\/#breadcrumb\"},\"inLanguage\":\"es\",\"potentialAction\":[{\"@type\":\"ReadAction\",\"target\":[\"https:\\\/\\\/esi.uclm.es\\\/index.php\\\/transparencia\\\/gobierno-abierto\\\/presupuesto-participativo-2021\\\/\"]}]},{\"@type\":\"BreadcrumbList\",\"@id\":\"https:\\\/\\\/esi.uclm.es\\\/index.php\\\/transparencia\\\/gobierno-abierto\\\/presupuesto-participativo-2021\\\/#breadcrumb\",\"itemListElement\":[{\"@type\":\"ListItem\",\"position\":1,\"name\":\"Portada\",\"item\":\"https:\\\/\\\/esi.uclm.es\\\/\"},{\"@type\":\"ListItem\",\"position\":2,\"name\":\"Transparencia\",\"item\":\"https:\\\/\\\/esi.uclm.es\\\/index.php\\\/transparencia\\\/\"},{\"@type\":\"ListItem\",\"position\":3,\"name\":\"Gobierno abierto\",\"item\":\"https:\\\/\\\/esi.uclm.es\\\/index.php\\\/transparencia\\\/gobierno-abierto\\\/\"},{\"@type\":\"ListItem\",\"position\":4,\"name\":\"Presupuesto participativo 2021\"}]},{\"@type\":\"WebSite\",\"@id\":\"https:\\\/\\\/esi.uclm.es\\\/#website\",\"url\":\"https:\\\/\\\/esi.uclm.es\\\/\",\"name\":\"Escuela Superior de Inform\u00e1tica de UCLM en Ciudad Real, Castilla-La Mancha\",\"description\":\"La Escuela Superior de Inform\u00e1tica de Ciudad Real (Castilla-La Mancha), Universidad de Castilla-La Mancha es un centro universitario que imparte el ciclo completo de Ingenier\u00eda en Inform\u00e1tica: grado, m\u00e1ster y doctorado.\",\"publisher\":{\"@id\":\"https:\\\/\\\/esi.uclm.es\\\/#organization\"},\"potentialAction\":[{\"@type\":\"SearchAction\",\"target\":{\"@type\":\"EntryPoint\",\"urlTemplate\":\"https:\\\/\\\/esi.uclm.es\\\/?s={search_term_string}\"},\"query-input\":{\"@type\":\"PropertyValueSpecification\",\"valueRequired\":true,\"valueName\":\"search_term_string\"}}],\"inLanguage\":\"es\"},{\"@type\":\"Organization\",\"@id\":\"https:\\\/\\\/esi.uclm.es\\\/#organization\",\"name\":\"Escuela Superior de Inform\u00e1tica de UCLM\",\"url\":\"https:\\\/\\\/esi.uclm.es\\\/\",\"logo\":{\"@type\":\"ImageObject\",\"inLanguage\":\"es\",\"@id\":\"https:\\\/\\\/esi.uclm.es\\\/#\\\/schema\\\/logo\\\/image\\\/\",\"url\":\"https:\\\/\\\/esi.uclm.es\\\/assets\\\/uploads\\\/2022\\\/03\\\/LogoESI_cabecera-1.png\",\"contentUrl\":\"https:\\\/\\\/esi.uclm.es\\\/assets\\\/uploads\\\/2022\\\/03\\\/LogoESI_cabecera-1.png\",\"width\":460,\"height\":184,\"caption\":\"Escuela Superior de Inform\u00e1tica de UCLM\"},\"image\":{\"@id\":\"https:\\\/\\\/esi.uclm.es\\\/#\\\/schema\\\/logo\\\/image\\\/\"},\"sameAs\":[\"https:\\\/\\\/www.facebook.com\\\/Escuela-Superior-de-Informtica-543261809027158\",\"https:\\\/\\\/x.com\\\/esiuclm\",\"https:\\\/\\\/www.instagram.com\\\/esiuclm\\\/\",\"https:\\\/\\\/www.youtube.com\\\/user\\\/esiuclm\",\"https:\\\/\\\/www.twitch.tv\\\/esiuclm\",\"https:\\\/\\\/www.linkedin.com\\\/company\\\/12656631\\\/admin\\\/\"]}]}<\/script>\n<!-- \/ Yoast SEO plugin. -->","yoast_head_json":{"title":"Presupuesto participativo 2021 - Escuela Superior de Inform\u00e1tica de UCLM","robots":{"index":"index","follow":"follow","max-snippet":"max-snippet:-1","max-image-preview":"max-image-preview:large","max-video-preview":"max-video-preview:-1"},"canonical":"https:\/\/esi.uclm.es\/index.php\/transparencia\/gobierno-abierto\/presupuesto-participativo-2021\/","og_locale":"es_ES","og_type":"article","og_title":"Presupuesto participativo 2021 - Escuela Superior de Inform\u00e1tica de UCLM","og_description":"Un&nbsp;presupuesto participativo&nbsp;es un instrumento que permite incorporar la democracia participativa en la definici\u00f3n de determinadas partidas de gasto, de manera que los miembros de una comunidad decidan de manera libre y directa el destino de una parte del presupuesto. Para aplicar esta pr\u00e1ctica al&nbsp;presupuesto de [&hellip;]","og_url":"https:\/\/esi.uclm.es\/index.php\/transparencia\/gobierno-abierto\/presupuesto-participativo-2021\/","og_site_name":"Escuela Superior de Inform\u00e1tica de UCLM","article_publisher":"https:\/\/www.facebook.com\/Escuela-Superior-de-Informtica-543261809027158","article_modified_time":"2022-06-25T10:34:38+00:00","twitter_card":"summary_large_image","twitter_site":"@esiuclm","twitter_misc":{"Tiempo de lectura":"4 minutos"},"schema":{"@context":"https:\/\/schema.org","@graph":[{"@type":"WebPage","@id":"https:\/\/esi.uclm.es\/index.php\/transparencia\/gobierno-abierto\/presupuesto-participativo-2021\/","url":"https:\/\/esi.uclm.es\/index.php\/transparencia\/gobierno-abierto\/presupuesto-participativo-2021\/","name":"Presupuesto participativo 2021 - Escuela Superior de Inform\u00e1tica de UCLM","isPartOf":{"@id":"https:\/\/esi.uclm.es\/#website"},"datePublished":"2022-02-10T18:11:30+00:00","dateModified":"2022-06-25T10:34:38+00:00","breadcrumb":{"@id":"https:\/\/esi.uclm.es\/index.php\/transparencia\/gobierno-abierto\/presupuesto-participativo-2021\/#breadcrumb"},"inLanguage":"es","potentialAction":[{"@type":"ReadAction","target":["https:\/\/esi.uclm.es\/index.php\/transparencia\/gobierno-abierto\/presupuesto-participativo-2021\/"]}]},{"@type":"BreadcrumbList","@id":"https:\/\/esi.uclm.es\/index.php\/transparencia\/gobierno-abierto\/presupuesto-participativo-2021\/#breadcrumb","itemListElement":[{"@type":"ListItem","position":1,"name":"Portada","item":"https:\/\/esi.uclm.es\/"},{"@type":"ListItem","position":2,"name":"Transparencia","item":"https:\/\/esi.uclm.es\/index.php\/transparencia\/"},{"@type":"ListItem","position":3,"name":"Gobierno abierto","item":"https:\/\/esi.uclm.es\/index.php\/transparencia\/gobierno-abierto\/"},{"@type":"ListItem","position":4,"name":"Presupuesto participativo 2021"}]},{"@type":"WebSite","@id":"https:\/\/esi.uclm.es\/#website","url":"https:\/\/esi.uclm.es\/","name":"Escuela Superior de Inform\u00e1tica de UCLM en Ciudad Real, Castilla-La Mancha","description":"La Escuela Superior de Inform\u00e1tica de Ciudad Real (Castilla-La Mancha), Universidad de Castilla-La Mancha es un centro universitario que imparte el ciclo completo de Ingenier\u00eda en Inform\u00e1tica: grado, m\u00e1ster y doctorado.","publisher":{"@id":"https:\/\/esi.uclm.es\/#organization"},"potentialAction":[{"@type":"SearchAction","target":{"@type":"EntryPoint","urlTemplate":"https:\/\/esi.uclm.es\/?s={search_term_string}"},"query-input":{"@type":"PropertyValueSpecification","valueRequired":true,"valueName":"search_term_string"}}],"inLanguage":"es"},{"@type":"Organization","@id":"https:\/\/esi.uclm.es\/#organization","name":"Escuela Superior de Inform\u00e1tica de UCLM","url":"https:\/\/esi.uclm.es\/","logo":{"@type":"ImageObject","inLanguage":"es","@id":"https:\/\/esi.uclm.es\/#\/schema\/logo\/image\/","url":"https:\/\/esi.uclm.es\/assets\/uploads\/2022\/03\/LogoESI_cabecera-1.png","contentUrl":"https:\/\/esi.uclm.es\/assets\/uploads\/2022\/03\/LogoESI_cabecera-1.png","width":460,"height":184,"caption":"Escuela Superior de Inform\u00e1tica de UCLM"},"image":{"@id":"https:\/\/esi.uclm.es\/#\/schema\/logo\/image\/"},"sameAs":["https:\/\/www.facebook.com\/Escuela-Superior-de-Informtica-543261809027158","https:\/\/x.com\/esiuclm","https:\/\/www.instagram.com\/esiuclm\/","https:\/\/www.youtube.com\/user\/esiuclm","https:\/\/www.twitch.tv\/esiuclm","https:\/\/www.linkedin.com\/company\/12656631\/admin\/"]}]}},"_links":{"self":[{"href":"https:\/\/esi.uclm.es\/index.php\/wp-json\/wp\/v2\/pages\/6265","targetHints":{"allow":["GET"]}}],"collection":[{"href":"https:\/\/esi.uclm.es\/index.php\/wp-json\/wp\/v2\/pages"}],"about":[{"href":"https:\/\/esi.uclm.es\/index.php\/wp-json\/wp\/v2\/types\/page"}],"author":[{"embeddable":true,"href":"https:\/\/esi.uclm.es\/index.php\/wp-json\/wp\/v2\/users\/1"}],"replies":[{"embeddable":true,"href":"https:\/\/esi.uclm.es\/index.php\/wp-json\/wp\/v2\/comments?post=6265"}],"version-history":[{"count":9,"href":"https:\/\/esi.uclm.es\/index.php\/wp-json\/wp\/v2\/pages\/6265\/revisions"}],"predecessor-version":[{"id":11176,"href":"https:\/\/esi.uclm.es\/index.php\/wp-json\/wp\/v2\/pages\/6265\/revisions\/11176"}],"up":[{"embeddable":true,"href":"https:\/\/esi.uclm.es\/index.php\/wp-json\/wp\/v2\/pages\/4102"}],"wp:attachment":[{"href":"https:\/\/esi.uclm.es\/index.php\/wp-json\/wp\/v2\/media?parent=6265"}],"curies":[{"name":"wp","href":"https:\/\/api.w.org\/{rel}","templated":true}]}}