{"id":5887,"date":"2022-02-06T18:12:12","date_gmt":"2022-02-06T18:12:12","guid":{"rendered":"http:\/\/esiaz24.uclm.es\/?page_id=5887"},"modified":"2022-09-26T19:27:13","modified_gmt":"2022-09-26T19:27:13","slug":"clasificacion-league-of-legends","status":"publish","type":"page","link":"https:\/\/esi.uclm.es\/index.php\/vida-en-la-esi\/deportes-y-ocio\/league-of-legends\/clasificacion-league-of-legends\/","title":{"rendered":"Clasificaci\u00f3n League of Legends"},"content":{"rendered":"\r\n<figure class=\"wp-block-table is-style-stripes\">\r\n<p><strong>LIGA REGULAR<\/strong><\/p>\r\n<table style=\"width: 76.2262%;\">\r\n<thead>\r\n<tr>\r\n<th style=\"width: 12.8342%;\">\u00a0<\/th>\r\n<th style=\"width: 108.153%;\">EQUIPO<\/th>\r\n<th style=\"width: 1.7762%;\">PJ<\/th>\r\n<th style=\"width: 12.0889%;\">V<\/th>\r\n<th style=\"width: 7.81528%;\">D<\/th>\r\n<th style=\"width: 4.97336%;\">KF<\/th>\r\n<th style=\"width: 1.7762%;\">KC<\/th>\r\n<th style=\"width: 1.7762%;\">DK<\/th>\r\n<th style=\"width: 11.1611%;\">PTOS<\/th>\r\n<\/tr>\r\n<\/thead>\r\n<tbody>\r\n<tr>\r\n<td style=\"width: 12.8342%;\">1<\/td>\r\n<td style=\"width: 108.153%;\">[PENDIENTE DE INSCRIPCIONES]<\/td>\r\n<td style=\"width: 1.7762%;\">&#8211;<\/td>\r\n<td style=\"width: 12.0889%;\">&#8211;<\/td>\r\n<td style=\"width: 7.81528%;\">&#8211;<\/td>\r\n<td style=\"width: 4.97336%;\">&#8211;<\/td>\r\n<td style=\"width: 1.7762%;\">&#8211;<\/td>\r\n<td style=\"width: 1.7762%;\">&#8211;<\/td>\r\n<td style=\"width: 11.1611%;\">&#8211;<\/td>\r\n<\/tr>\r\n<tr>\r\n<td style=\"width: 12.8342%;\">2<\/td>\r\n<td style=\"width: 108.153%;\">[PENDIENTE DE INSCRIPCIONES]<\/td>\r\n<td style=\"width: 1.7762%;\">&#8211;<\/td>\r\n<td style=\"width: 12.0889%;\">&#8211;<\/td>\r\n<td style=\"width: 7.81528%;\">&#8211;<\/td>\r\n<td style=\"width: 4.97336%;\">&#8211;<\/td>\r\n<td style=\"width: 1.7762%;\">&#8211;<\/td>\r\n<td style=\"width: 1.7762%;\">&#8211;<\/td>\r\n<td style=\"width: 11.1611%;\">&#8211;<\/td>\r\n<\/tr>\r\n<tr>\r\n<td style=\"width: 12.8342%;\">3<\/td>\r\n<td style=\"width: 108.153%;\">[PENDIENTE DE INSCRIPCIONES]<\/td>\r\n<td style=\"width: 1.7762%;\">&#8211;<\/td>\r\n<td style=\"width: 12.0889%;\">&#8211;<\/td>\r\n<td style=\"width: 7.81528%;\">&#8211;<\/td>\r\n<td style=\"width: 4.97336%;\">&#8211;<\/td>\r\n<td style=\"width: 1.7762%;\">&#8211;<\/td>\r\n<td style=\"width: 1.7762%;\">&#8211;<\/td>\r\n<td style=\"width: 11.1611%;\">&#8211;<\/td>\r\n<\/tr>\r\n<tr>\r\n<td style=\"width: 12.8342%;\">4<\/td>\r\n<td style=\"width: 108.153%;\">[PENDIENTE DE INSCRIPCIONES]<\/td>\r\n<td style=\"width: 1.7762%;\">&#8211;<\/td>\r\n<td style=\"width: 12.0889%;\">&#8211;<\/td>\r\n<td style=\"width: 7.81528%;\">&#8211;<\/td>\r\n<td style=\"width: 4.97336%;\">&#8211;<\/td>\r\n<td style=\"width: 1.7762%;\">&#8211;<\/td>\r\n<td style=\"width: 1.7762%;\">&#8211;<\/td>\r\n<td style=\"width: 11.1611%;\">&#8211;<\/td>\r\n<\/tr>\r\n<tr>\r\n<td style=\"width: 12.8342%;\">5<\/td>\r\n<td style=\"width: 108.153%;\">[PENDIENTE DE INSCRIPCIONES]<\/td>\r\n<td style=\"width: 1.7762%;\">&#8211;<\/td>\r\n<td style=\"width: 12.0889%;\">&#8211;<\/td>\r\n<td style=\"width: 7.81528%;\">&#8211;<\/td>\r\n<td style=\"width: 4.97336%;\">&#8211;<\/td>\r\n<td style=\"width: 1.7762%;\">&#8211;<\/td>\r\n<td style=\"width: 1.7762%;\">&#8211;<\/td>\r\n<td style=\"width: 11.1611%;\">&#8211;<\/td>\r\n<\/tr>\r\n<tr>\r\n<td style=\"width: 12.8342%;\">6<\/td>\r\n<td style=\"width: 108.153%;\">[PENDIENTE DE INSCRIPCIONES]<\/td>\r\n<td style=\"width: 1.7762%;\">&#8211;<\/td>\r\n<td style=\"width: 12.0889%;\">&#8211;<\/td>\r\n<td style=\"width: 7.81528%;\">&#8211;<\/td>\r\n<td style=\"width: 4.97336%;\">&#8211;<\/td>\r\n<td style=\"width: 1.7762%;\">&#8211;<\/td>\r\n<td style=\"width: 1.7762%;\">&#8211;<\/td>\r\n<td style=\"width: 11.1611%;\">&#8211;<\/td>\r\n<\/tr>\r\n<tr>\r\n<td style=\"width: 12.8342%;\">7<\/td>\r\n<td style=\"width: 108.153%;\">[PENDIENTE DE INSCRIPCIONES]<\/td>\r\n<td style=\"width: 1.7762%;\">&#8211;<\/td>\r\n<td style=\"width: 12.0889%;\">&#8211;<\/td>\r\n<td style=\"width: 7.81528%;\">&#8211;<\/td>\r\n<td style=\"width: 4.97336%;\">&#8211;<\/td>\r\n<td style=\"width: 1.7762%;\">&#8211;<\/td>\r\n<td style=\"width: 1.7762%;\">&#8211;<\/td>\r\n<td style=\"width: 11.1611%;\">&#8211;<\/td>\r\n<\/tr>\r\n<tr>\r\n<td style=\"width: 12.8342%;\">8<\/td>\r\n<td style=\"width: 108.153%;\">[PENDIENTE DE INSCRIPCIONES]<\/td>\r\n<td style=\"width: 1.7762%;\">&#8211;<\/td>\r\n<td style=\"width: 12.0889%;\">&#8211;<\/td>\r\n<td style=\"width: 7.81528%;\">&#8211;<\/td>\r\n<td style=\"width: 4.97336%;\">&#8211;<\/td>\r\n<td style=\"width: 1.7762%;\">&#8211;<\/td>\r\n<td style=\"width: 1.7762%;\">&#8211;<\/td>\r\n<td style=\"width: 11.1611%;\">&#8211;<\/td>\r\n<\/tr>\r\n<tr>\r\n<td style=\"width: 12.8342%;\">9<\/td>\r\n<td style=\"width: 108.153%;\">[PENDIENTE DE INSCRIPCIONES]<\/td>\r\n<td style=\"width: 1.7762%;\">&#8211;<\/td>\r\n<td style=\"width: 12.0889%;\">&#8211;<\/td>\r\n<td style=\"width: 7.81528%;\">&#8211;<\/td>\r\n<td style=\"width: 4.97336%;\">&#8211;<\/td>\r\n<td style=\"width: 1.7762%;\">&#8211;<\/td>\r\n<td style=\"width: 1.7762%;\">&#8211;<\/td>\r\n<td style=\"width: 11.1611%;\">&#8211;<\/td>\r\n<\/tr>\r\n<tr>\r\n<td style=\"width: 12.8342%;\">10<\/td>\r\n<td style=\"width: 108.153%;\">[PENDIENTE DE INSCRIPCIONES]<\/td>\r\n<td style=\"width: 1.7762%;\">&#8211;<\/td>\r\n<td style=\"width: 12.0889%;\">&#8211;<\/td>\r\n<td style=\"width: 7.81528%;\">&#8211;<\/td>\r\n<td style=\"width: 4.97336%;\">&#8211;<\/td>\r\n<td style=\"width: 1.7762%;\">&#8211;<\/td>\r\n<td style=\"width: 1.7762%;\">&#8211;<\/td>\r\n<td style=\"width: 11.1611%;\">&#8211;<\/td>\r\n<\/tr>\r\n<tr>\r\n<td style=\"width: 12.8342%;\">11<\/td>\r\n<td style=\"width: 108.153%;\">[PENDIENTE DE INSCRIPCIONES]<\/td>\r\n<td style=\"width: 1.7762%;\">&#8211;<\/td>\r\n<td style=\"width: 12.0889%;\">&#8211;<\/td>\r\n<td style=\"width: 7.81528%;\">&#8211;<\/td>\r\n<td style=\"width: 4.97336%;\">&#8211;<\/td>\r\n<td style=\"width: 1.7762%;\">&#8211;<\/td>\r\n<td style=\"width: 1.7762%;\">&#8211;<\/td>\r\n<td style=\"width: 11.1611%;\">&#8211;<\/td>\r\n<\/tr>\r\n<tr>\r\n<td style=\"width: 12.8342%;\">12<\/td>\r\n<td style=\"width: 108.153%;\">[PENDIENTE DE INSCRIPCIONES]<\/td>\r\n<td style=\"width: 1.7762%;\">&#8211;<\/td>\r\n<td style=\"width: 12.0889%;\">&#8211;<\/td>\r\n<td style=\"width: 7.81528%;\">&#8211;<\/td>\r\n<td style=\"width: 4.97336%;\">&#8211;<\/td>\r\n<td style=\"width: 1.7762%;\">&#8211;<\/td>\r\n<td style=\"width: 1.7762%;\">&#8211;<\/td>\r\n<td style=\"width: 11.1611%;\">&#8211;<\/td>\r\n<\/tr>\r\n<tr>\r\n<td style=\"width: 12.8342%;\">13<\/td>\r\n<td style=\"width: 108.153%;\">[PENDIENTE DE INSCRIPCIONES]<\/td>\r\n<td style=\"width: 1.7762%;\">&#8211;<\/td>\r\n<td style=\"width: 12.0889%;\">&#8211;<\/td>\r\n<td style=\"width: 7.81528%;\">&#8211;<\/td>\r\n<td style=\"width: 4.97336%;\">&#8211;<\/td>\r\n<td style=\"width: 1.7762%;\">&#8211;<\/td>\r\n<td style=\"width: 1.7762%;\">&#8211;<\/td>\r\n<td style=\"width: 11.1611%;\">&#8211;<\/td>\r\n<\/tr>\r\n<tr>\r\n<td style=\"width: 12.8342%;\">14<\/td>\r\n<td style=\"width: 108.153%;\">[PENDIENTE DE INSCRIPCIONES]<\/td>\r\n<td style=\"width: 1.7762%;\">&#8211;<\/td>\r\n<td style=\"width: 12.0889%;\">&#8211;<\/td>\r\n<td style=\"width: 7.81528%;\">&#8211;<\/td>\r\n<td style=\"width: 4.97336%;\">&#8211;<\/td>\r\n<td style=\"width: 1.7762%;\">&#8211;<\/td>\r\n<td style=\"width: 1.7762%;\">&#8211;<\/td>\r\n<td style=\"width: 11.1611%;\">&#8211;<\/td>\r\n<\/tr>\r\n<\/tbody>\r\n<\/table>\r\n<\/figure>\r\n\r\n\r\n\r\n\r\n\r\n<p>&nbsp;<\/p>\r\n\r\n\r\n\r\n<p><strong>LEYENDA<\/strong><\/p>\r\n\r\n\r\n\r\n<figure class=\"wp-block-table is-style-stripes\">\r\n<table style=\"height: 168px; width: 26.3214%;\">\r\n<tbody>\r\n<tr>\r\n<td>PJ<\/td>\r\n<td>Partidos Jugados<\/td>\r\n<\/tr>\r\n<tr>\r\n<td>V<\/td>\r\n<td>Victorias<\/td>\r\n<\/tr>\r\n<tr>\r\n<td>E<\/td>\r\n<td>Empates<\/td>\r\n<\/tr>\r\n<tr>\r\n<td>P<\/td>\r\n<td>Perdidos<\/td>\r\n<\/tr>\r\n<tr>\r\n<td>KF<\/td>\r\n<td>Kills a Favor<\/td>\r\n<\/tr>\r\n<tr>\r\n<td>KC<\/td>\r\n<td>Kills en Contra<\/td>\r\n<\/tr>\r\n<tr>\r\n<td>DK<\/td>\r\n<td>Diferencia de Kills<\/td>\r\n<\/tr>\r\n<\/tbody>\r\n<\/table>\r\n<\/figure>\r\n<p>&nbsp;<\/p>\r\n","protected":false},"excerpt":{"rendered":"<p>LIGA REGULAR \u00a0 EQUIPO PJ V D KF KC DK PTOS 1 [PENDIENTE DE INSCRIPCIONES] &#8211; &#8211; &#8211; &#8211; &#8211; &#8211; &#8211; 2 [PENDIENTE DE INSCRIPCIONES] &#8211; &#8211; &#8211; &#8211; &#8211; &#8211; &#8211; 3 [PENDIENTE DE INSCRIPCIONES] &#8211; &#8211; &#8211; &#8211; &#8211; &#8211; &#8211; 4 [&hellip;]<\/p>\n","protected":false},"author":4,"featured_media":0,"parent":4898,"menu_order":0,"comment_status":"closed","ping_status":"closed","template":"","meta":{"footnotes":""},"class_list":["post-5887","page","type-page","status-publish","hentry"],"yoast_head":"<!-- This site is optimized with the Yoast SEO plugin v27.3 - https:\/\/yoast.com\/product\/yoast-seo-wordpress\/ -->\n<title>Clasificaci\u00f3n League of Legends - Escuela Superior de Inform\u00e1tica de UCLM<\/title>\n<meta name=\"robots\" content=\"index, follow, max-snippet:-1, max-image-preview:large, max-video-preview:-1\" \/>\n<link rel=\"canonical\" href=\"https:\/\/esi.uclm.es\/index.php\/vida-en-la-esi\/deportes-y-ocio\/league-of-legends\/clasificacion-league-of-legends\/\" \/>\n<meta property=\"og:locale\" content=\"es_ES\" \/>\n<meta property=\"og:type\" content=\"article\" \/>\n<meta property=\"og:title\" content=\"Clasificaci\u00f3n League of Legends - Escuela Superior de Inform\u00e1tica de UCLM\" \/>\n<meta property=\"og:description\" content=\"LIGA REGULAR \u00a0 EQUIPO PJ V D KF KC DK PTOS 1 [PENDIENTE DE INSCRIPCIONES] &#8211; &#8211; &#8211; &#8211; &#8211; &#8211; &#8211; 2 [PENDIENTE DE INSCRIPCIONES] &#8211; &#8211; &#8211; &#8211; &#8211; &#8211; &#8211; 3 [PENDIENTE DE INSCRIPCIONES] &#8211; &#8211; &#8211; &#8211; &#8211; &#8211; &#8211; 4 [&hellip;]\" \/>\n<meta property=\"og:url\" content=\"https:\/\/esi.uclm.es\/index.php\/vida-en-la-esi\/deportes-y-ocio\/league-of-legends\/clasificacion-league-of-legends\/\" \/>\n<meta property=\"og:site_name\" content=\"Escuela Superior de Inform\u00e1tica de UCLM\" \/>\n<meta property=\"article:publisher\" content=\"https:\/\/www.facebook.com\/Escuela-Superior-de-Informtica-543261809027158\" \/>\n<meta property=\"article:modified_time\" content=\"2022-09-26T19:27:13+00:00\" \/>\n<meta name=\"twitter:card\" content=\"summary_large_image\" \/>\n<meta name=\"twitter:site\" content=\"@esiuclm\" \/>\n<meta name=\"twitter:label1\" content=\"Tiempo de lectura\" \/>\n\t<meta name=\"twitter:data1\" content=\"1 minuto\" \/>\n<script type=\"application\/ld+json\" class=\"yoast-schema-graph\">{\"@context\":\"https:\\\/\\\/schema.org\",\"@graph\":[{\"@type\":\"WebPage\",\"@id\":\"https:\\\/\\\/esi.uclm.es\\\/index.php\\\/vida-en-la-esi\\\/deportes-y-ocio\\\/league-of-legends\\\/clasificacion-league-of-legends\\\/\",\"url\":\"https:\\\/\\\/esi.uclm.es\\\/index.php\\\/vida-en-la-esi\\\/deportes-y-ocio\\\/league-of-legends\\\/clasificacion-league-of-legends\\\/\",\"name\":\"Clasificaci\u00f3n League of Legends - Escuela Superior de Inform\u00e1tica de UCLM\",\"isPartOf\":{\"@id\":\"https:\\\/\\\/esi.uclm.es\\\/#website\"},\"datePublished\":\"2022-02-06T18:12:12+00:00\",\"dateModified\":\"2022-09-26T19:27:13+00:00\",\"breadcrumb\":{\"@id\":\"https:\\\/\\\/esi.uclm.es\\\/index.php\\\/vida-en-la-esi\\\/deportes-y-ocio\\\/league-of-legends\\\/clasificacion-league-of-legends\\\/#breadcrumb\"},\"inLanguage\":\"es\",\"potentialAction\":[{\"@type\":\"ReadAction\",\"target\":[\"https:\\\/\\\/esi.uclm.es\\\/index.php\\\/vida-en-la-esi\\\/deportes-y-ocio\\\/league-of-legends\\\/clasificacion-league-of-legends\\\/\"]}]},{\"@type\":\"BreadcrumbList\",\"@id\":\"https:\\\/\\\/esi.uclm.es\\\/index.php\\\/vida-en-la-esi\\\/deportes-y-ocio\\\/league-of-legends\\\/clasificacion-league-of-legends\\\/#breadcrumb\",\"itemListElement\":[{\"@type\":\"ListItem\",\"position\":1,\"name\":\"Portada\",\"item\":\"https:\\\/\\\/esi.uclm.es\\\/\"},{\"@type\":\"ListItem\",\"position\":2,\"name\":\"Vida en la ESI\",\"item\":\"https:\\\/\\\/esi.uclm.es\\\/index.php\\\/vida-en-la-esi\\\/\"},{\"@type\":\"ListItem\",\"position\":3,\"name\":\"Deportes y Ocio\",\"item\":\"https:\\\/\\\/esi.uclm.es\\\/index.php\\\/vida-en-la-esi\\\/deportes-y-ocio\\\/\"},{\"@type\":\"ListItem\",\"position\":4,\"name\":\"Liga League of Legends\",\"item\":\"https:\\\/\\\/esi.uclm.es\\\/index.php\\\/vida-en-la-esi\\\/deportes-y-ocio\\\/league-of-legends\\\/\"},{\"@type\":\"ListItem\",\"position\":5,\"name\":\"Clasificaci\u00f3n League of Legends\"}]},{\"@type\":\"WebSite\",\"@id\":\"https:\\\/\\\/esi.uclm.es\\\/#website\",\"url\":\"https:\\\/\\\/esi.uclm.es\\\/\",\"name\":\"Escuela Superior de Inform\u00e1tica de UCLM en Ciudad Real, Castilla-La Mancha\",\"description\":\"La Escuela Superior de Inform\u00e1tica de Ciudad Real (Castilla-La Mancha), Universidad de Castilla-La Mancha es un centro universitario que imparte el ciclo completo de Ingenier\u00eda en Inform\u00e1tica: grado, m\u00e1ster y doctorado.\",\"publisher\":{\"@id\":\"https:\\\/\\\/esi.uclm.es\\\/#organization\"},\"potentialAction\":[{\"@type\":\"SearchAction\",\"target\":{\"@type\":\"EntryPoint\",\"urlTemplate\":\"https:\\\/\\\/esi.uclm.es\\\/?s={search_term_string}\"},\"query-input\":{\"@type\":\"PropertyValueSpecification\",\"valueRequired\":true,\"valueName\":\"search_term_string\"}}],\"inLanguage\":\"es\"},{\"@type\":\"Organization\",\"@id\":\"https:\\\/\\\/esi.uclm.es\\\/#organization\",\"name\":\"Escuela Superior de Inform\u00e1tica de UCLM\",\"url\":\"https:\\\/\\\/esi.uclm.es\\\/\",\"logo\":{\"@type\":\"ImageObject\",\"inLanguage\":\"es\",\"@id\":\"https:\\\/\\\/esi.uclm.es\\\/#\\\/schema\\\/logo\\\/image\\\/\",\"url\":\"https:\\\/\\\/esi.uclm.es\\\/assets\\\/uploads\\\/2022\\\/03\\\/LogoESI_cabecera-1.png\",\"contentUrl\":\"https:\\\/\\\/esi.uclm.es\\\/assets\\\/uploads\\\/2022\\\/03\\\/LogoESI_cabecera-1.png\",\"width\":460,\"height\":184,\"caption\":\"Escuela Superior de Inform\u00e1tica de UCLM\"},\"image\":{\"@id\":\"https:\\\/\\\/esi.uclm.es\\\/#\\\/schema\\\/logo\\\/image\\\/\"},\"sameAs\":[\"https:\\\/\\\/www.facebook.com\\\/Escuela-Superior-de-Informtica-543261809027158\",\"https:\\\/\\\/x.com\\\/esiuclm\",\"https:\\\/\\\/www.instagram.com\\\/esiuclm\\\/\",\"https:\\\/\\\/www.youtube.com\\\/user\\\/esiuclm\",\"https:\\\/\\\/www.twitch.tv\\\/esiuclm\",\"https:\\\/\\\/www.linkedin.com\\\/company\\\/12656631\\\/admin\\\/\"]}]}<\/script>\n<!-- \/ Yoast SEO plugin. -->","yoast_head_json":{"title":"Clasificaci\u00f3n League of Legends - Escuela Superior de Inform\u00e1tica de UCLM","robots":{"index":"index","follow":"follow","max-snippet":"max-snippet:-1","max-image-preview":"max-image-preview:large","max-video-preview":"max-video-preview:-1"},"canonical":"https:\/\/esi.uclm.es\/index.php\/vida-en-la-esi\/deportes-y-ocio\/league-of-legends\/clasificacion-league-of-legends\/","og_locale":"es_ES","og_type":"article","og_title":"Clasificaci\u00f3n League of Legends - Escuela Superior de Inform\u00e1tica de UCLM","og_description":"LIGA REGULAR \u00a0 EQUIPO PJ V D KF KC DK PTOS 1 [PENDIENTE DE INSCRIPCIONES] &#8211; &#8211; &#8211; &#8211; &#8211; &#8211; &#8211; 2 [PENDIENTE DE INSCRIPCIONES] &#8211; &#8211; &#8211; &#8211; &#8211; &#8211; &#8211; 3 [PENDIENTE DE INSCRIPCIONES] &#8211; &#8211; &#8211; &#8211; &#8211; &#8211; &#8211; 4 [&hellip;]","og_url":"https:\/\/esi.uclm.es\/index.php\/vida-en-la-esi\/deportes-y-ocio\/league-of-legends\/clasificacion-league-of-legends\/","og_site_name":"Escuela Superior de Inform\u00e1tica de UCLM","article_publisher":"https:\/\/www.facebook.com\/Escuela-Superior-de-Informtica-543261809027158","article_modified_time":"2022-09-26T19:27:13+00:00","twitter_card":"summary_large_image","twitter_site":"@esiuclm","twitter_misc":{"Tiempo de lectura":"1 minuto"},"schema":{"@context":"https:\/\/schema.org","@graph":[{"@type":"WebPage","@id":"https:\/\/esi.uclm.es\/index.php\/vida-en-la-esi\/deportes-y-ocio\/league-of-legends\/clasificacion-league-of-legends\/","url":"https:\/\/esi.uclm.es\/index.php\/vida-en-la-esi\/deportes-y-ocio\/league-of-legends\/clasificacion-league-of-legends\/","name":"Clasificaci\u00f3n League of Legends - Escuela Superior de Inform\u00e1tica de UCLM","isPartOf":{"@id":"https:\/\/esi.uclm.es\/#website"},"datePublished":"2022-02-06T18:12:12+00:00","dateModified":"2022-09-26T19:27:13+00:00","breadcrumb":{"@id":"https:\/\/esi.uclm.es\/index.php\/vida-en-la-esi\/deportes-y-ocio\/league-of-legends\/clasificacion-league-of-legends\/#breadcrumb"},"inLanguage":"es","potentialAction":[{"@type":"ReadAction","target":["https:\/\/esi.uclm.es\/index.php\/vida-en-la-esi\/deportes-y-ocio\/league-of-legends\/clasificacion-league-of-legends\/"]}]},{"@type":"BreadcrumbList","@id":"https:\/\/esi.uclm.es\/index.php\/vida-en-la-esi\/deportes-y-ocio\/league-of-legends\/clasificacion-league-of-legends\/#breadcrumb","itemListElement":[{"@type":"ListItem","position":1,"name":"Portada","item":"https:\/\/esi.uclm.es\/"},{"@type":"ListItem","position":2,"name":"Vida en la ESI","item":"https:\/\/esi.uclm.es\/index.php\/vida-en-la-esi\/"},{"@type":"ListItem","position":3,"name":"Deportes y Ocio","item":"https:\/\/esi.uclm.es\/index.php\/vida-en-la-esi\/deportes-y-ocio\/"},{"@type":"ListItem","position":4,"name":"Liga League of Legends","item":"https:\/\/esi.uclm.es\/index.php\/vida-en-la-esi\/deportes-y-ocio\/league-of-legends\/"},{"@type":"ListItem","position":5,"name":"Clasificaci\u00f3n League of Legends"}]},{"@type":"WebSite","@id":"https:\/\/esi.uclm.es\/#website","url":"https:\/\/esi.uclm.es\/","name":"Escuela Superior de Inform\u00e1tica de UCLM en Ciudad Real, Castilla-La Mancha","description":"La Escuela Superior de Inform\u00e1tica de Ciudad Real (Castilla-La Mancha), Universidad de Castilla-La Mancha es un centro universitario que imparte el ciclo completo de Ingenier\u00eda en Inform\u00e1tica: grado, m\u00e1ster y doctorado.","publisher":{"@id":"https:\/\/esi.uclm.es\/#organization"},"potentialAction":[{"@type":"SearchAction","target":{"@type":"EntryPoint","urlTemplate":"https:\/\/esi.uclm.es\/?s={search_term_string}"},"query-input":{"@type":"PropertyValueSpecification","valueRequired":true,"valueName":"search_term_string"}}],"inLanguage":"es"},{"@type":"Organization","@id":"https:\/\/esi.uclm.es\/#organization","name":"Escuela Superior de Inform\u00e1tica de UCLM","url":"https:\/\/esi.uclm.es\/","logo":{"@type":"ImageObject","inLanguage":"es","@id":"https:\/\/esi.uclm.es\/#\/schema\/logo\/image\/","url":"https:\/\/esi.uclm.es\/assets\/uploads\/2022\/03\/LogoESI_cabecera-1.png","contentUrl":"https:\/\/esi.uclm.es\/assets\/uploads\/2022\/03\/LogoESI_cabecera-1.png","width":460,"height":184,"caption":"Escuela Superior de Inform\u00e1tica de UCLM"},"image":{"@id":"https:\/\/esi.uclm.es\/#\/schema\/logo\/image\/"},"sameAs":["https:\/\/www.facebook.com\/Escuela-Superior-de-Informtica-543261809027158","https:\/\/x.com\/esiuclm","https:\/\/www.instagram.com\/esiuclm\/","https:\/\/www.youtube.com\/user\/esiuclm","https:\/\/www.twitch.tv\/esiuclm","https:\/\/www.linkedin.com\/company\/12656631\/admin\/"]}]}},"_links":{"self":[{"href":"https:\/\/esi.uclm.es\/index.php\/wp-json\/wp\/v2\/pages\/5887","targetHints":{"allow":["GET"]}}],"collection":[{"href":"https:\/\/esi.uclm.es\/index.php\/wp-json\/wp\/v2\/pages"}],"about":[{"href":"https:\/\/esi.uclm.es\/index.php\/wp-json\/wp\/v2\/types\/page"}],"author":[{"embeddable":true,"href":"https:\/\/esi.uclm.es\/index.php\/wp-json\/wp\/v2\/users\/4"}],"replies":[{"embeddable":true,"href":"https:\/\/esi.uclm.es\/index.php\/wp-json\/wp\/v2\/comments?post=5887"}],"version-history":[{"count":9,"href":"https:\/\/esi.uclm.es\/index.php\/wp-json\/wp\/v2\/pages\/5887\/revisions"}],"predecessor-version":[{"id":12402,"href":"https:\/\/esi.uclm.es\/index.php\/wp-json\/wp\/v2\/pages\/5887\/revisions\/12402"}],"up":[{"embeddable":true,"href":"https:\/\/esi.uclm.es\/index.php\/wp-json\/wp\/v2\/pages\/4898"}],"wp:attachment":[{"href":"https:\/\/esi.uclm.es\/index.php\/wp-json\/wp\/v2\/media?parent=5887"}],"curies":[{"name":"wp","href":"https:\/\/api.w.org\/{rel}","templated":true}]}}