{"id":5869,"date":"2022-02-06T18:01:22","date_gmt":"2022-02-06T18:01:22","guid":{"rendered":"http:\/\/esiaz24.uclm.es\/?page_id=5869"},"modified":"2022-11-22T09:49:49","modified_gmt":"2022-11-22T09:49:49","slug":"participantes-futbol-sala","status":"publish","type":"page","link":"https:\/\/esi.uclm.es\/index.php\/vida-en-la-esi\/deportes-y-ocio\/liga-de-futbol-sala\/participantes-futbol-sala\/","title":{"rendered":"Participantes F\u00fatbol Sala"},"content":{"rendered":"\n<div class=\"wp-block-columns is-layout-flex wp-container-core-columns-is-layout-9d6595d7 wp-block-columns-is-layout-flex\">\n<div class=\"wp-block-column is-layout-flow wp-block-column-is-layout-flow\">\n<p><strong>EQUIPO 1 &#8211; ATL\u00c9TICO TUCUM\u00c1N<\/strong><\/p>\n\n\n\n<ul class=\"wp-block-list\">\n<li>Ra\u00fal Moya Campillos<\/li>\n\n\n\n<li>David Alegre L\u00f3pez de la Franca<\/li>\n\n\n\n<li>Dar\u00edo Andr\u00e9s Fallavollita Figueroa<\/li>\n\n\n\n<li>Javier de la Concepci\u00f3n Dorado<\/li>\n\n\n\n<li>H\u00e9ctor Alberca S\u00e1nchez-Quintanar<\/li>\n\n\n\n<li>Pablo Carbayo Aranda<\/li>\n\n\n\n<li>Jos\u00e9 Luis Nieto Garc\u00eda-Carpintero<\/li>\n\n\n\n<li>Rub\u00e9n Crespo Calcerrada<\/li>\n\n\n\n<li>Ra\u00fal Calzado Olmo<\/li>\n\n\n\n<li>Diego Garc\u00eda \u00c1lvarez<\/li>\n\n\n\n<li>Enrique Garc\u00eda-Pardo Enr\u00edquez<\/li>\n\n\n\n<li>Adri\u00e1n Beato P\u00e9rez<\/li>\n<\/ul>\n<\/div>\n\n\n\n<div class=\"wp-block-column is-layout-flow wp-block-column-is-layout-flow\">\n<p><strong>EQUIPO 2 &#8211; CHURRERIAS JACINTO<\/strong><\/p>\n\n\n\n<ul class=\"wp-block-list\">\n<li>Carlos S\u00e1nchez D\u00edaz<\/li>\n\n\n\n<li>Javier Alemany Abril<\/li>\n\n\n\n<li>Alberto Moreno G\u00f3mez<\/li>\n\n\n\n<li>Sergio Rojo Nielfa<\/li>\n\n\n\n<li>Mario Damas S\u00e1nchez<\/li>\n\n\n\n<li>Rodrigo de la hoz L\u00f3pez<\/li>\n\n\n\n<li>Manuel Caballero Bonilla<\/li>\n\n\n\n<li>Antonio G\u00f3mez Jimeno<\/li>\n\n\n\n<li>Juan Bautista Casta\u00f1o Garc\u00eda-Cervig\u00f3n<\/li>\n\n\n\n<li>Arturo G\u00f3mez Jim\u00e9nez<\/li>\n\n\n\n<li>Mario Puebla Ortiz<\/li>\n<\/ul>\n<\/div>\n<\/div>\n\n\n\n<div class=\"wp-block-columns is-layout-flex wp-container-core-columns-is-layout-9d6595d7 wp-block-columns-is-layout-flex\">\n<div class=\"wp-block-column is-layout-flow wp-block-column-is-layout-flow\">\n<p><strong>EQUIPO 3 &#8211; BRU\u00d1OS F.C<\/strong><\/p>\n\n\n\n<ul class=\"wp-block-list\">\n<li>Mario Ca\u00f1adas Campos<\/li>\n\n\n\n<li>V\u00edctor Mill\u00e1n Triguero<\/li>\n\n\n\n<li>Francisco Javier Delgado Rodr\u00edguez<\/li>\n\n\n\n<li>El\u00edas Gonz\u00e1lez Valdepe\u00f1as<\/li>\n\n\n\n<li>Javier Alcaide Cea<\/li>\n\n\n\n<li>Alejandro Garc\u00eda Chac\u00f3n<\/li>\n\n\n\n<li>Jorge Burgos Ortega<\/li>\n\n\n\n<li>Francisco Javier Luna Ortiz<\/li>\n\n\n\n<li>Elouan Rabaud Coca<\/li>\n\n\n\n<li>Jesus Callejas Soto<\/li>\n<\/ul>\n<\/div>\n\n\n\n<div class=\"wp-block-column is-layout-flow wp-block-column-is-layout-flow\">\n<p><strong>EQUIPO 4 &#8211; CA COCA JUNIORS<\/strong><\/p>\n\n\n\n<ul class=\"wp-block-list\">\n<li>Miguel G\u00f3mez G\u00f3mez \u2013 Lobo<\/li>\n\n\n\n<li>Jose Francisco G\u00f3mez \u2013 Calcerrada \u00c1lvarez<\/li>\n\n\n\n<li>Mario Serrano Romero<\/li>\n\n\n\n<li>Alejandro Gal\u00e1n Moreno<\/li>\n\n\n\n<li>Johnatan Mora Pardo<\/li>\n\n\n\n<li>Jes\u00fas Garc\u00eda &#8211; Pe\u00f1uela Molina \u2013 Prados<\/li>\n\n\n\n<li>Marcos Isabel Lumbreras<\/li>\n\n\n\n<li>Alejandro Guti\u00e9rrez Romero-Salazar<\/li>\n\n\n\n<li>Carlos Romero Jim\u00e9nez \u2013 Ortiz<\/li>\n\n\n\n<li>Jos\u00e9 Mar\u00eda Fern\u00e1ndez \u2013 Baillo Garc\u00eda \u2013 Mascaraque<\/li>\n\n\n\n<li>Javier Flores Mayorga<\/li>\n<\/ul>\n<\/div>\n<\/div>\n\n\n\n<div class=\"wp-block-columns is-layout-flex wp-container-core-columns-is-layout-9d6595d7 wp-block-columns-is-layout-flex\">\n<div class=\"wp-block-column is-layout-flow wp-block-column-is-layout-flow\">\n<p><strong>EQUIPO 5 &#8211; MATAUS FC<\/strong><\/p>\n\n\n\n<ul class=\"wp-block-list\">\n<li>Eduardo Martin Mu\u00f1oz<\/li>\n\n\n\n<li>Jos\u00e9 Mor\u00e1n Gal\u00e1n<\/li>\n\n\n\n<li>Alvaro Lopez-Tola Rodriguez<\/li>\n\n\n\n<li>Cristian Rubio Barato<\/li>\n\n\n\n<li>Jaime Lara Contento<\/li>\n\n\n\n<li>\u00c1lvaro Garcia Caballero<\/li>\n\n\n\n<li>Javier Cuartero Corredor<\/li>\n\n\n\n<li>Pablo Lopez De Los Mosos<\/li>\n\n\n\n<li>Javier Garc\u00eda Mora<\/li>\n\n\n\n<li>\u00c1lvaro Mondejar Tapiador<\/li>\n<\/ul>\n<\/div>\n\n\n\n<div class=\"wp-block-column is-layout-flow wp-block-column-is-layout-flow\">\n<p><strong>EQUIPO 6 &#8211; LOS SOLFAMIDAS<\/strong><\/p>\n\n\n\n<ul class=\"wp-block-list\">\n<li>Jos\u00e9 Luis Mira Serrano<\/li>\n\n\n\n<li>\u00c1ngel Garc\u00eda-Consuegra Trujillo<\/li>\n\n\n\n<li>David Carneros Prado<\/li>\n\n\n\n<li>Ernesto Demostenes Molina Alcolado<\/li>\n\n\n\n<li>Jose Miguel Tercero Valero<\/li>\n\n\n\n<li>Ignacio Ramos Lopez<\/li>\n\n\n\n<li>Cesar Fernandez Garcia<\/li>\n\n\n\n<li>Carlos Rodr\u00edguez Gomez-Carre\u00f1o<\/li>\n\n\n\n<li>Diego Dorado Gal\u00e1n<\/li>\n\n\n\n<li>Jos\u00e9 Carlos Cabello Tejero<\/li>\n\n\n\n<li>Rodrigo D\u00edaz-Guerra Ferm\u00edn<\/li>\n\n\n\n<li>Carlos Ernesto Hernandez Orellana<\/li>\n<\/ul>\n<\/div>\n<\/div>\n","protected":false},"excerpt":{"rendered":"<p>EQUIPO 1 &#8211; ATL\u00c9TICO TUCUM\u00c1N EQUIPO 2 &#8211; CHURRERIAS JACINTO EQUIPO 3 &#8211; BRU\u00d1OS F.C EQUIPO 4 &#8211; CA COCA JUNIORS EQUIPO 5 &#8211; MATAUS FC EQUIPO 6 &#8211; LOS SOLFAMIDAS<\/p>\n","protected":false},"author":4,"featured_media":0,"parent":4896,"menu_order":0,"comment_status":"closed","ping_status":"closed","template":"","meta":{"footnotes":""},"class_list":["post-5869","page","type-page","status-publish","hentry"],"yoast_head":"<!-- This site is optimized with the Yoast SEO plugin v27.3 - https:\/\/yoast.com\/product\/yoast-seo-wordpress\/ -->\n<title>Participantes F\u00fatbol Sala - Escuela Superior de Inform\u00e1tica de UCLM<\/title>\n<meta name=\"robots\" content=\"index, follow, max-snippet:-1, max-image-preview:large, max-video-preview:-1\" \/>\n<link rel=\"canonical\" href=\"https:\/\/esi.uclm.es\/index.php\/vida-en-la-esi\/deportes-y-ocio\/liga-de-futbol-sala\/participantes-futbol-sala\/\" \/>\n<meta property=\"og:locale\" content=\"es_ES\" \/>\n<meta property=\"og:type\" content=\"article\" \/>\n<meta property=\"og:title\" content=\"Participantes F\u00fatbol Sala - Escuela Superior de Inform\u00e1tica de UCLM\" \/>\n<meta property=\"og:description\" content=\"EQUIPO 1 &#8211; ATL\u00c9TICO TUCUM\u00c1N EQUIPO 2 &#8211; CHURRERIAS JACINTO EQUIPO 3 &#8211; BRU\u00d1OS F.C EQUIPO 4 &#8211; CA COCA JUNIORS EQUIPO 5 &#8211; MATAUS FC EQUIPO 6 &#8211; LOS SOLFAMIDAS\" \/>\n<meta property=\"og:url\" content=\"https:\/\/esi.uclm.es\/index.php\/vida-en-la-esi\/deportes-y-ocio\/liga-de-futbol-sala\/participantes-futbol-sala\/\" \/>\n<meta property=\"og:site_name\" content=\"Escuela Superior de Inform\u00e1tica de UCLM\" \/>\n<meta property=\"article:publisher\" content=\"https:\/\/www.facebook.com\/Escuela-Superior-de-Informtica-543261809027158\" \/>\n<meta property=\"article:modified_time\" content=\"2022-11-22T09:49:49+00:00\" \/>\n<meta name=\"twitter:card\" content=\"summary_large_image\" \/>\n<meta name=\"twitter:site\" content=\"@esiuclm\" \/>\n<meta name=\"twitter:label1\" content=\"Tiempo de lectura\" \/>\n\t<meta name=\"twitter:data1\" content=\"2 minutos\" \/>\n<script type=\"application\/ld+json\" class=\"yoast-schema-graph\">{\"@context\":\"https:\\\/\\\/schema.org\",\"@graph\":[{\"@type\":\"WebPage\",\"@id\":\"https:\\\/\\\/esi.uclm.es\\\/index.php\\\/vida-en-la-esi\\\/deportes-y-ocio\\\/liga-de-futbol-sala\\\/participantes-futbol-sala\\\/\",\"url\":\"https:\\\/\\\/esi.uclm.es\\\/index.php\\\/vida-en-la-esi\\\/deportes-y-ocio\\\/liga-de-futbol-sala\\\/participantes-futbol-sala\\\/\",\"name\":\"Participantes F\u00fatbol Sala - Escuela Superior de Inform\u00e1tica de UCLM\",\"isPartOf\":{\"@id\":\"https:\\\/\\\/esi.uclm.es\\\/#website\"},\"datePublished\":\"2022-02-06T18:01:22+00:00\",\"dateModified\":\"2022-11-22T09:49:49+00:00\",\"breadcrumb\":{\"@id\":\"https:\\\/\\\/esi.uclm.es\\\/index.php\\\/vida-en-la-esi\\\/deportes-y-ocio\\\/liga-de-futbol-sala\\\/participantes-futbol-sala\\\/#breadcrumb\"},\"inLanguage\":\"es\",\"potentialAction\":[{\"@type\":\"ReadAction\",\"target\":[\"https:\\\/\\\/esi.uclm.es\\\/index.php\\\/vida-en-la-esi\\\/deportes-y-ocio\\\/liga-de-futbol-sala\\\/participantes-futbol-sala\\\/\"]}]},{\"@type\":\"BreadcrumbList\",\"@id\":\"https:\\\/\\\/esi.uclm.es\\\/index.php\\\/vida-en-la-esi\\\/deportes-y-ocio\\\/liga-de-futbol-sala\\\/participantes-futbol-sala\\\/#breadcrumb\",\"itemListElement\":[{\"@type\":\"ListItem\",\"position\":1,\"name\":\"Portada\",\"item\":\"https:\\\/\\\/esi.uclm.es\\\/\"},{\"@type\":\"ListItem\",\"position\":2,\"name\":\"Vida en la ESI\",\"item\":\"https:\\\/\\\/esi.uclm.es\\\/index.php\\\/vida-en-la-esi\\\/\"},{\"@type\":\"ListItem\",\"position\":3,\"name\":\"Deportes y Ocio\",\"item\":\"https:\\\/\\\/esi.uclm.es\\\/index.php\\\/vida-en-la-esi\\\/deportes-y-ocio\\\/\"},{\"@type\":\"ListItem\",\"position\":4,\"name\":\"Liga de F\u00fatbol Sala\",\"item\":\"https:\\\/\\\/esi.uclm.es\\\/index.php\\\/vida-en-la-esi\\\/deportes-y-ocio\\\/liga-de-futbol-sala\\\/\"},{\"@type\":\"ListItem\",\"position\":5,\"name\":\"Participantes F\u00fatbol Sala\"}]},{\"@type\":\"WebSite\",\"@id\":\"https:\\\/\\\/esi.uclm.es\\\/#website\",\"url\":\"https:\\\/\\\/esi.uclm.es\\\/\",\"name\":\"Escuela Superior de Inform\u00e1tica de UCLM en Ciudad Real, Castilla-La Mancha\",\"description\":\"La Escuela Superior de Inform\u00e1tica de Ciudad Real (Castilla-La Mancha), Universidad de Castilla-La Mancha es un centro universitario que imparte el ciclo completo de Ingenier\u00eda en Inform\u00e1tica: grado, m\u00e1ster y doctorado.\",\"publisher\":{\"@id\":\"https:\\\/\\\/esi.uclm.es\\\/#organization\"},\"potentialAction\":[{\"@type\":\"SearchAction\",\"target\":{\"@type\":\"EntryPoint\",\"urlTemplate\":\"https:\\\/\\\/esi.uclm.es\\\/?s={search_term_string}\"},\"query-input\":{\"@type\":\"PropertyValueSpecification\",\"valueRequired\":true,\"valueName\":\"search_term_string\"}}],\"inLanguage\":\"es\"},{\"@type\":\"Organization\",\"@id\":\"https:\\\/\\\/esi.uclm.es\\\/#organization\",\"name\":\"Escuela Superior de Inform\u00e1tica de UCLM\",\"url\":\"https:\\\/\\\/esi.uclm.es\\\/\",\"logo\":{\"@type\":\"ImageObject\",\"inLanguage\":\"es\",\"@id\":\"https:\\\/\\\/esi.uclm.es\\\/#\\\/schema\\\/logo\\\/image\\\/\",\"url\":\"https:\\\/\\\/esi.uclm.es\\\/assets\\\/uploads\\\/2022\\\/03\\\/LogoESI_cabecera-1.png\",\"contentUrl\":\"https:\\\/\\\/esi.uclm.es\\\/assets\\\/uploads\\\/2022\\\/03\\\/LogoESI_cabecera-1.png\",\"width\":460,\"height\":184,\"caption\":\"Escuela Superior de Inform\u00e1tica de UCLM\"},\"image\":{\"@id\":\"https:\\\/\\\/esi.uclm.es\\\/#\\\/schema\\\/logo\\\/image\\\/\"},\"sameAs\":[\"https:\\\/\\\/www.facebook.com\\\/Escuela-Superior-de-Informtica-543261809027158\",\"https:\\\/\\\/x.com\\\/esiuclm\",\"https:\\\/\\\/www.instagram.com\\\/esiuclm\\\/\",\"https:\\\/\\\/www.youtube.com\\\/user\\\/esiuclm\",\"https:\\\/\\\/www.twitch.tv\\\/esiuclm\",\"https:\\\/\\\/www.linkedin.com\\\/company\\\/12656631\\\/admin\\\/\"]}]}<\/script>\n<!-- \/ Yoast SEO plugin. -->","yoast_head_json":{"title":"Participantes F\u00fatbol Sala - Escuela Superior de Inform\u00e1tica de UCLM","robots":{"index":"index","follow":"follow","max-snippet":"max-snippet:-1","max-image-preview":"max-image-preview:large","max-video-preview":"max-video-preview:-1"},"canonical":"https:\/\/esi.uclm.es\/index.php\/vida-en-la-esi\/deportes-y-ocio\/liga-de-futbol-sala\/participantes-futbol-sala\/","og_locale":"es_ES","og_type":"article","og_title":"Participantes F\u00fatbol Sala - Escuela Superior de Inform\u00e1tica de UCLM","og_description":"EQUIPO 1 &#8211; ATL\u00c9TICO TUCUM\u00c1N EQUIPO 2 &#8211; CHURRERIAS JACINTO EQUIPO 3 &#8211; BRU\u00d1OS F.C EQUIPO 4 &#8211; CA COCA JUNIORS EQUIPO 5 &#8211; MATAUS FC EQUIPO 6 &#8211; LOS SOLFAMIDAS","og_url":"https:\/\/esi.uclm.es\/index.php\/vida-en-la-esi\/deportes-y-ocio\/liga-de-futbol-sala\/participantes-futbol-sala\/","og_site_name":"Escuela Superior de Inform\u00e1tica de UCLM","article_publisher":"https:\/\/www.facebook.com\/Escuela-Superior-de-Informtica-543261809027158","article_modified_time":"2022-11-22T09:49:49+00:00","twitter_card":"summary_large_image","twitter_site":"@esiuclm","twitter_misc":{"Tiempo de lectura":"2 minutos"},"schema":{"@context":"https:\/\/schema.org","@graph":[{"@type":"WebPage","@id":"https:\/\/esi.uclm.es\/index.php\/vida-en-la-esi\/deportes-y-ocio\/liga-de-futbol-sala\/participantes-futbol-sala\/","url":"https:\/\/esi.uclm.es\/index.php\/vida-en-la-esi\/deportes-y-ocio\/liga-de-futbol-sala\/participantes-futbol-sala\/","name":"Participantes F\u00fatbol Sala - Escuela Superior de Inform\u00e1tica de UCLM","isPartOf":{"@id":"https:\/\/esi.uclm.es\/#website"},"datePublished":"2022-02-06T18:01:22+00:00","dateModified":"2022-11-22T09:49:49+00:00","breadcrumb":{"@id":"https:\/\/esi.uclm.es\/index.php\/vida-en-la-esi\/deportes-y-ocio\/liga-de-futbol-sala\/participantes-futbol-sala\/#breadcrumb"},"inLanguage":"es","potentialAction":[{"@type":"ReadAction","target":["https:\/\/esi.uclm.es\/index.php\/vida-en-la-esi\/deportes-y-ocio\/liga-de-futbol-sala\/participantes-futbol-sala\/"]}]},{"@type":"BreadcrumbList","@id":"https:\/\/esi.uclm.es\/index.php\/vida-en-la-esi\/deportes-y-ocio\/liga-de-futbol-sala\/participantes-futbol-sala\/#breadcrumb","itemListElement":[{"@type":"ListItem","position":1,"name":"Portada","item":"https:\/\/esi.uclm.es\/"},{"@type":"ListItem","position":2,"name":"Vida en la ESI","item":"https:\/\/esi.uclm.es\/index.php\/vida-en-la-esi\/"},{"@type":"ListItem","position":3,"name":"Deportes y Ocio","item":"https:\/\/esi.uclm.es\/index.php\/vida-en-la-esi\/deportes-y-ocio\/"},{"@type":"ListItem","position":4,"name":"Liga de F\u00fatbol Sala","item":"https:\/\/esi.uclm.es\/index.php\/vida-en-la-esi\/deportes-y-ocio\/liga-de-futbol-sala\/"},{"@type":"ListItem","position":5,"name":"Participantes F\u00fatbol Sala"}]},{"@type":"WebSite","@id":"https:\/\/esi.uclm.es\/#website","url":"https:\/\/esi.uclm.es\/","name":"Escuela Superior de Inform\u00e1tica de UCLM en Ciudad Real, Castilla-La Mancha","description":"La Escuela Superior de Inform\u00e1tica de Ciudad Real (Castilla-La Mancha), Universidad de Castilla-La Mancha es un centro universitario que imparte el ciclo completo de Ingenier\u00eda en Inform\u00e1tica: grado, m\u00e1ster y doctorado.","publisher":{"@id":"https:\/\/esi.uclm.es\/#organization"},"potentialAction":[{"@type":"SearchAction","target":{"@type":"EntryPoint","urlTemplate":"https:\/\/esi.uclm.es\/?s={search_term_string}"},"query-input":{"@type":"PropertyValueSpecification","valueRequired":true,"valueName":"search_term_string"}}],"inLanguage":"es"},{"@type":"Organization","@id":"https:\/\/esi.uclm.es\/#organization","name":"Escuela Superior de Inform\u00e1tica de UCLM","url":"https:\/\/esi.uclm.es\/","logo":{"@type":"ImageObject","inLanguage":"es","@id":"https:\/\/esi.uclm.es\/#\/schema\/logo\/image\/","url":"https:\/\/esi.uclm.es\/assets\/uploads\/2022\/03\/LogoESI_cabecera-1.png","contentUrl":"https:\/\/esi.uclm.es\/assets\/uploads\/2022\/03\/LogoESI_cabecera-1.png","width":460,"height":184,"caption":"Escuela Superior de Inform\u00e1tica de UCLM"},"image":{"@id":"https:\/\/esi.uclm.es\/#\/schema\/logo\/image\/"},"sameAs":["https:\/\/www.facebook.com\/Escuela-Superior-de-Informtica-543261809027158","https:\/\/x.com\/esiuclm","https:\/\/www.instagram.com\/esiuclm\/","https:\/\/www.youtube.com\/user\/esiuclm","https:\/\/www.twitch.tv\/esiuclm","https:\/\/www.linkedin.com\/company\/12656631\/admin\/"]}]}},"_links":{"self":[{"href":"https:\/\/esi.uclm.es\/index.php\/wp-json\/wp\/v2\/pages\/5869","targetHints":{"allow":["GET"]}}],"collection":[{"href":"https:\/\/esi.uclm.es\/index.php\/wp-json\/wp\/v2\/pages"}],"about":[{"href":"https:\/\/esi.uclm.es\/index.php\/wp-json\/wp\/v2\/types\/page"}],"author":[{"embeddable":true,"href":"https:\/\/esi.uclm.es\/index.php\/wp-json\/wp\/v2\/users\/4"}],"replies":[{"embeddable":true,"href":"https:\/\/esi.uclm.es\/index.php\/wp-json\/wp\/v2\/comments?post=5869"}],"version-history":[{"count":8,"href":"https:\/\/esi.uclm.es\/index.php\/wp-json\/wp\/v2\/pages\/5869\/revisions"}],"predecessor-version":[{"id":13289,"href":"https:\/\/esi.uclm.es\/index.php\/wp-json\/wp\/v2\/pages\/5869\/revisions\/13289"}],"up":[{"embeddable":true,"href":"https:\/\/esi.uclm.es\/index.php\/wp-json\/wp\/v2\/pages\/4896"}],"wp:attachment":[{"href":"https:\/\/esi.uclm.es\/index.php\/wp-json\/wp\/v2\/media?parent=5869"}],"curies":[{"name":"wp","href":"https:\/\/api.w.org\/{rel}","templated":true}]}}