{"id":5859,"date":"2022-02-06T17:54:39","date_gmt":"2022-02-06T17:54:39","guid":{"rendered":"http:\/\/esiaz24.uclm.es\/?page_id=5859"},"modified":"2022-09-26T19:14:04","modified_gmt":"2022-09-26T19:14:04","slug":"preguntas-frecuentes-deportes","status":"publish","type":"page","link":"https:\/\/esi.uclm.es\/index.php\/vida-en-la-esi\/deportes-y-ocio\/preguntas-frecuentes-deportes\/","title":{"rendered":"Preguntas Frecuentes Deportes"},"content":{"rendered":"\n<p><em>Transladadnos vuestras preguntas al correo&nbsp;<strong>lucia.marcos@alu.uclm.es<\/strong><\/em><\/p>\n\n\n\n<p><strong>\u00bfPueden apuntarse antiguos alumnos de la Escuela Superior de Inform\u00e1tica de Ciudad Real?<\/strong><\/p>\n\n\n\n<ul class=\"wp-block-list\"><li>S\u00ed, abrimos inscripciones para todos aquellos alumnos que ya han pasado por la Escuela.<\/li><\/ul>\n\n\n\n<p><strong>\u00bfEs esto el Torneo Rector?<\/strong><\/p>\n\n\n\n<ul class=\"wp-block-list\"><li>No, esto es algo totalmente independiente del Torneo Rector. Esta liga esta organizada \u00fanicamente desde la Escuela Superior de Inform\u00e1tica de Ciudad Real.<\/li><\/ul>\n\n\n\n<p><strong>\u00bfQu\u00e9 sucede si a la hora de hacer el ban&amp;pick (League of Legend) alguno de los equipos se equivoca?<\/strong><\/p>\n\n\n\n<ul class=\"wp-block-list\"><li>Se debe\u00a0repetir el mismo ban&amp;pick hasta el momento. Se recomienda utilizar la p\u00e1gina web de ProDraft para realizar esta parte del partido.<\/li><\/ul>\n\n\n\n<p><em>AUNQUE ALGUNA DE ESTAS CUESTIONES NO SE ENCUENTREN EN EL REGLAMENTO, TIENEN LA MISMA VALIDEZ QUE ESTE.<\/em><\/p>\n","protected":false},"excerpt":{"rendered":"<p>Transladadnos vuestras preguntas al correo&nbsp;lucia.marcos@alu.uclm.es \u00bfPueden apuntarse antiguos alumnos de la Escuela Superior de Inform\u00e1tica de Ciudad Real? S\u00ed, abrimos inscripciones para todos aquellos alumnos que ya han pasado por la Escuela. \u00bfEs esto el Torneo Rector? No, esto es algo totalmente independiente del Torneo [&hellip;]<\/p>\n","protected":false},"author":1,"featured_media":0,"parent":4265,"menu_order":0,"comment_status":"closed","ping_status":"closed","template":"","meta":{"footnotes":""},"class_list":["post-5859","page","type-page","status-publish","hentry"],"yoast_head":"<!-- This site is optimized with the Yoast SEO plugin v27.3 - https:\/\/yoast.com\/product\/yoast-seo-wordpress\/ -->\n<title>Preguntas Frecuentes Deportes - Escuela Superior de Inform\u00e1tica de UCLM<\/title>\n<meta name=\"robots\" content=\"index, follow, max-snippet:-1, max-image-preview:large, max-video-preview:-1\" \/>\n<link rel=\"canonical\" href=\"https:\/\/esi.uclm.es\/index.php\/vida-en-la-esi\/deportes-y-ocio\/preguntas-frecuentes-deportes\/\" \/>\n<meta property=\"og:locale\" content=\"es_ES\" \/>\n<meta property=\"og:type\" content=\"article\" \/>\n<meta property=\"og:title\" content=\"Preguntas Frecuentes Deportes - Escuela Superior de Inform\u00e1tica de UCLM\" \/>\n<meta property=\"og:description\" content=\"Transladadnos vuestras preguntas al correo&nbsp;lucia.marcos@alu.uclm.es \u00bfPueden apuntarse antiguos alumnos de la Escuela Superior de Inform\u00e1tica de Ciudad Real? S\u00ed, abrimos inscripciones para todos aquellos alumnos que ya han pasado por la Escuela. \u00bfEs esto el Torneo Rector? No, esto es algo totalmente independiente del Torneo [&hellip;]\" \/>\n<meta property=\"og:url\" content=\"https:\/\/esi.uclm.es\/index.php\/vida-en-la-esi\/deportes-y-ocio\/preguntas-frecuentes-deportes\/\" \/>\n<meta property=\"og:site_name\" content=\"Escuela Superior de Inform\u00e1tica de UCLM\" \/>\n<meta property=\"article:publisher\" content=\"https:\/\/www.facebook.com\/Escuela-Superior-de-Informtica-543261809027158\" \/>\n<meta property=\"article:modified_time\" content=\"2022-09-26T19:14:04+00:00\" \/>\n<meta name=\"twitter:card\" content=\"summary_large_image\" \/>\n<meta name=\"twitter:site\" content=\"@esiuclm\" \/>\n<meta name=\"twitter:label1\" content=\"Tiempo de lectura\" \/>\n\t<meta name=\"twitter:data1\" content=\"1 minuto\" \/>\n<script type=\"application\/ld+json\" class=\"yoast-schema-graph\">{\"@context\":\"https:\\\/\\\/schema.org\",\"@graph\":[{\"@type\":\"WebPage\",\"@id\":\"https:\\\/\\\/esi.uclm.es\\\/index.php\\\/vida-en-la-esi\\\/deportes-y-ocio\\\/preguntas-frecuentes-deportes\\\/\",\"url\":\"https:\\\/\\\/esi.uclm.es\\\/index.php\\\/vida-en-la-esi\\\/deportes-y-ocio\\\/preguntas-frecuentes-deportes\\\/\",\"name\":\"Preguntas Frecuentes Deportes - Escuela Superior de Inform\u00e1tica de UCLM\",\"isPartOf\":{\"@id\":\"https:\\\/\\\/esi.uclm.es\\\/#website\"},\"datePublished\":\"2022-02-06T17:54:39+00:00\",\"dateModified\":\"2022-09-26T19:14:04+00:00\",\"breadcrumb\":{\"@id\":\"https:\\\/\\\/esi.uclm.es\\\/index.php\\\/vida-en-la-esi\\\/deportes-y-ocio\\\/preguntas-frecuentes-deportes\\\/#breadcrumb\"},\"inLanguage\":\"es\",\"potentialAction\":[{\"@type\":\"ReadAction\",\"target\":[\"https:\\\/\\\/esi.uclm.es\\\/index.php\\\/vida-en-la-esi\\\/deportes-y-ocio\\\/preguntas-frecuentes-deportes\\\/\"]}]},{\"@type\":\"BreadcrumbList\",\"@id\":\"https:\\\/\\\/esi.uclm.es\\\/index.php\\\/vida-en-la-esi\\\/deportes-y-ocio\\\/preguntas-frecuentes-deportes\\\/#breadcrumb\",\"itemListElement\":[{\"@type\":\"ListItem\",\"position\":1,\"name\":\"Portada\",\"item\":\"https:\\\/\\\/esi.uclm.es\\\/\"},{\"@type\":\"ListItem\",\"position\":2,\"name\":\"Vida en la ESI\",\"item\":\"https:\\\/\\\/esi.uclm.es\\\/index.php\\\/vida-en-la-esi\\\/\"},{\"@type\":\"ListItem\",\"position\":3,\"name\":\"Deportes y Ocio\",\"item\":\"https:\\\/\\\/esi.uclm.es\\\/index.php\\\/vida-en-la-esi\\\/deportes-y-ocio\\\/\"},{\"@type\":\"ListItem\",\"position\":4,\"name\":\"Preguntas Frecuentes Deportes\"}]},{\"@type\":\"WebSite\",\"@id\":\"https:\\\/\\\/esi.uclm.es\\\/#website\",\"url\":\"https:\\\/\\\/esi.uclm.es\\\/\",\"name\":\"Escuela Superior de Inform\u00e1tica de UCLM en Ciudad Real, Castilla-La Mancha\",\"description\":\"La Escuela Superior de Inform\u00e1tica de Ciudad Real (Castilla-La Mancha), Universidad de Castilla-La Mancha es un centro universitario que imparte el ciclo completo de Ingenier\u00eda en Inform\u00e1tica: grado, m\u00e1ster y doctorado.\",\"publisher\":{\"@id\":\"https:\\\/\\\/esi.uclm.es\\\/#organization\"},\"potentialAction\":[{\"@type\":\"SearchAction\",\"target\":{\"@type\":\"EntryPoint\",\"urlTemplate\":\"https:\\\/\\\/esi.uclm.es\\\/?s={search_term_string}\"},\"query-input\":{\"@type\":\"PropertyValueSpecification\",\"valueRequired\":true,\"valueName\":\"search_term_string\"}}],\"inLanguage\":\"es\"},{\"@type\":\"Organization\",\"@id\":\"https:\\\/\\\/esi.uclm.es\\\/#organization\",\"name\":\"Escuela Superior de Inform\u00e1tica de UCLM\",\"url\":\"https:\\\/\\\/esi.uclm.es\\\/\",\"logo\":{\"@type\":\"ImageObject\",\"inLanguage\":\"es\",\"@id\":\"https:\\\/\\\/esi.uclm.es\\\/#\\\/schema\\\/logo\\\/image\\\/\",\"url\":\"https:\\\/\\\/esi.uclm.es\\\/assets\\\/uploads\\\/2022\\\/03\\\/LogoESI_cabecera-1.png\",\"contentUrl\":\"https:\\\/\\\/esi.uclm.es\\\/assets\\\/uploads\\\/2022\\\/03\\\/LogoESI_cabecera-1.png\",\"width\":460,\"height\":184,\"caption\":\"Escuela Superior de Inform\u00e1tica de UCLM\"},\"image\":{\"@id\":\"https:\\\/\\\/esi.uclm.es\\\/#\\\/schema\\\/logo\\\/image\\\/\"},\"sameAs\":[\"https:\\\/\\\/www.facebook.com\\\/Escuela-Superior-de-Informtica-543261809027158\",\"https:\\\/\\\/x.com\\\/esiuclm\",\"https:\\\/\\\/www.instagram.com\\\/esiuclm\\\/\",\"https:\\\/\\\/www.youtube.com\\\/user\\\/esiuclm\",\"https:\\\/\\\/www.twitch.tv\\\/esiuclm\",\"https:\\\/\\\/www.linkedin.com\\\/company\\\/12656631\\\/admin\\\/\"]}]}<\/script>\n<!-- \/ Yoast SEO plugin. -->","yoast_head_json":{"title":"Preguntas Frecuentes Deportes - Escuela Superior de Inform\u00e1tica de UCLM","robots":{"index":"index","follow":"follow","max-snippet":"max-snippet:-1","max-image-preview":"max-image-preview:large","max-video-preview":"max-video-preview:-1"},"canonical":"https:\/\/esi.uclm.es\/index.php\/vida-en-la-esi\/deportes-y-ocio\/preguntas-frecuentes-deportes\/","og_locale":"es_ES","og_type":"article","og_title":"Preguntas Frecuentes Deportes - Escuela Superior de Inform\u00e1tica de UCLM","og_description":"Transladadnos vuestras preguntas al correo&nbsp;lucia.marcos@alu.uclm.es \u00bfPueden apuntarse antiguos alumnos de la Escuela Superior de Inform\u00e1tica de Ciudad Real? S\u00ed, abrimos inscripciones para todos aquellos alumnos que ya han pasado por la Escuela. \u00bfEs esto el Torneo Rector? No, esto es algo totalmente independiente del Torneo [&hellip;]","og_url":"https:\/\/esi.uclm.es\/index.php\/vida-en-la-esi\/deportes-y-ocio\/preguntas-frecuentes-deportes\/","og_site_name":"Escuela Superior de Inform\u00e1tica de UCLM","article_publisher":"https:\/\/www.facebook.com\/Escuela-Superior-de-Informtica-543261809027158","article_modified_time":"2022-09-26T19:14:04+00:00","twitter_card":"summary_large_image","twitter_site":"@esiuclm","twitter_misc":{"Tiempo de lectura":"1 minuto"},"schema":{"@context":"https:\/\/schema.org","@graph":[{"@type":"WebPage","@id":"https:\/\/esi.uclm.es\/index.php\/vida-en-la-esi\/deportes-y-ocio\/preguntas-frecuentes-deportes\/","url":"https:\/\/esi.uclm.es\/index.php\/vida-en-la-esi\/deportes-y-ocio\/preguntas-frecuentes-deportes\/","name":"Preguntas Frecuentes Deportes - Escuela Superior de Inform\u00e1tica de UCLM","isPartOf":{"@id":"https:\/\/esi.uclm.es\/#website"},"datePublished":"2022-02-06T17:54:39+00:00","dateModified":"2022-09-26T19:14:04+00:00","breadcrumb":{"@id":"https:\/\/esi.uclm.es\/index.php\/vida-en-la-esi\/deportes-y-ocio\/preguntas-frecuentes-deportes\/#breadcrumb"},"inLanguage":"es","potentialAction":[{"@type":"ReadAction","target":["https:\/\/esi.uclm.es\/index.php\/vida-en-la-esi\/deportes-y-ocio\/preguntas-frecuentes-deportes\/"]}]},{"@type":"BreadcrumbList","@id":"https:\/\/esi.uclm.es\/index.php\/vida-en-la-esi\/deportes-y-ocio\/preguntas-frecuentes-deportes\/#breadcrumb","itemListElement":[{"@type":"ListItem","position":1,"name":"Portada","item":"https:\/\/esi.uclm.es\/"},{"@type":"ListItem","position":2,"name":"Vida en la ESI","item":"https:\/\/esi.uclm.es\/index.php\/vida-en-la-esi\/"},{"@type":"ListItem","position":3,"name":"Deportes y Ocio","item":"https:\/\/esi.uclm.es\/index.php\/vida-en-la-esi\/deportes-y-ocio\/"},{"@type":"ListItem","position":4,"name":"Preguntas Frecuentes Deportes"}]},{"@type":"WebSite","@id":"https:\/\/esi.uclm.es\/#website","url":"https:\/\/esi.uclm.es\/","name":"Escuela Superior de Inform\u00e1tica de UCLM en Ciudad Real, Castilla-La Mancha","description":"La Escuela Superior de Inform\u00e1tica de Ciudad Real (Castilla-La Mancha), Universidad de Castilla-La Mancha es un centro universitario que imparte el ciclo completo de Ingenier\u00eda en Inform\u00e1tica: grado, m\u00e1ster y doctorado.","publisher":{"@id":"https:\/\/esi.uclm.es\/#organization"},"potentialAction":[{"@type":"SearchAction","target":{"@type":"EntryPoint","urlTemplate":"https:\/\/esi.uclm.es\/?s={search_term_string}"},"query-input":{"@type":"PropertyValueSpecification","valueRequired":true,"valueName":"search_term_string"}}],"inLanguage":"es"},{"@type":"Organization","@id":"https:\/\/esi.uclm.es\/#organization","name":"Escuela Superior de Inform\u00e1tica de UCLM","url":"https:\/\/esi.uclm.es\/","logo":{"@type":"ImageObject","inLanguage":"es","@id":"https:\/\/esi.uclm.es\/#\/schema\/logo\/image\/","url":"https:\/\/esi.uclm.es\/assets\/uploads\/2022\/03\/LogoESI_cabecera-1.png","contentUrl":"https:\/\/esi.uclm.es\/assets\/uploads\/2022\/03\/LogoESI_cabecera-1.png","width":460,"height":184,"caption":"Escuela Superior de Inform\u00e1tica de UCLM"},"image":{"@id":"https:\/\/esi.uclm.es\/#\/schema\/logo\/image\/"},"sameAs":["https:\/\/www.facebook.com\/Escuela-Superior-de-Informtica-543261809027158","https:\/\/x.com\/esiuclm","https:\/\/www.instagram.com\/esiuclm\/","https:\/\/www.youtube.com\/user\/esiuclm","https:\/\/www.twitch.tv\/esiuclm","https:\/\/www.linkedin.com\/company\/12656631\/admin\/"]}]}},"_links":{"self":[{"href":"https:\/\/esi.uclm.es\/index.php\/wp-json\/wp\/v2\/pages\/5859","targetHints":{"allow":["GET"]}}],"collection":[{"href":"https:\/\/esi.uclm.es\/index.php\/wp-json\/wp\/v2\/pages"}],"about":[{"href":"https:\/\/esi.uclm.es\/index.php\/wp-json\/wp\/v2\/types\/page"}],"author":[{"embeddable":true,"href":"https:\/\/esi.uclm.es\/index.php\/wp-json\/wp\/v2\/users\/1"}],"replies":[{"embeddable":true,"href":"https:\/\/esi.uclm.es\/index.php\/wp-json\/wp\/v2\/comments?post=5859"}],"version-history":[{"count":3,"href":"https:\/\/esi.uclm.es\/index.php\/wp-json\/wp\/v2\/pages\/5859\/revisions"}],"predecessor-version":[{"id":12396,"href":"https:\/\/esi.uclm.es\/index.php\/wp-json\/wp\/v2\/pages\/5859\/revisions\/12396"}],"up":[{"embeddable":true,"href":"https:\/\/esi.uclm.es\/index.php\/wp-json\/wp\/v2\/pages\/4265"}],"wp:attachment":[{"href":"https:\/\/esi.uclm.es\/index.php\/wp-json\/wp\/v2\/media?parent=5859"}],"curies":[{"name":"wp","href":"https:\/\/api.w.org\/{rel}","templated":true}]}}