{"id":5363,"date":"2022-02-03T13:16:18","date_gmt":"2022-02-03T13:16:18","guid":{"rendered":"http:\/\/esiaz24.uclm.es\/?page_id=5363"},"modified":"2022-02-03T13:16:18","modified_gmt":"2022-02-03T13:16:18","slug":"profesionalizate","status":"publish","type":"page","link":"https:\/\/esi.uclm.es\/index.php\/profesionalizate\/","title":{"rendered":"profESIonal\u00edzate"},"content":{"rendered":"\n<hr class=\"wp-block-separator has-text-color has-background has-vivid-cyan-blue-background-color has-vivid-cyan-blue-color\"\/>\n\n\n\n<p>Hoy en d\u00eda, estamos viviendo en una \u00e9poca realmente convulsa e inusitada desde el punto de vista de empleabilidad. En la disciplina de la Inform\u00e1tica, aunque la empleabilidad de los titulados es relativamente alta, existen todav\u00eda casos en los que los reci\u00e9n titulados no consiguen el puesto o las retribuciones que les corresponder\u00edan de acuerdo a su nivel acad\u00e9mico por falta de especializaci\u00f3n tecnol\u00f3gica o ling\u00fc\u00edstica.<\/p>\n\n\n\n<p>No obstante, y por nuestra vocaci\u00f3n como docentes y como ingenieros, esta situaci\u00f3n supone una motivaci\u00f3n extra para hacer todo lo posible para incrementar y\/o mejorar la empleabilidad de nuestros alumnos.<\/p>\n\n\n\n<p>Desde la Escuela Superior de Inform\u00e1tica (ESI) de Ciudad Real nos planteamos dise\u00f1ar una posible soluci\u00f3n para mejorar este problema. Esa posible soluci\u00f3n pasa por a\u00f1adir un valor extra a los t\u00edtulos de Grado y\/o M\u00e1ster en Ingenier\u00eda en Inform\u00e1tica de nuestros alumnos. Y este valor extra consiste en el fortalecimiento de las competencias profesionales de los alumnos mediante el acercamiento de la empresa a la universidad y de la universidad a la empresa. Con esto los alumnos pueden acabar sus carreras m\u00e1s \u201c<strong>profESIonalizados<\/strong>\u201d logrando un perfil profesional lo m\u00e1s parecido al demandado por los principales agentes empleadores tanto de la regi\u00f3n como de fuera de \u00e9sta, a la vez que se mantiene el rigor cient\u00edfico de una Ingenier\u00eda como es la Inform\u00e1tica.<\/p>\n\n\n\n<p>Para ello, nos planteamos desarrollar un marco de trabajo apropiado para coordinar y gestionar distintos mecanismos que permitan crear oportunidades para que los alumnos adquieran ese valor a\u00f1adido.<\/p>\n\n\n\n<p>Para intentar cubrir el m\u00e1ximo espectro de posibles situaciones de nuestros alumnos, hemos decidido centrarnos en dos mecanismos o l\u00edneas de actuaci\u00f3n: el acceso de los alumnos a las certificaciones profesionales y ling\u00fc\u00edsticas, y la firma de unos convenios especiales con empresas, a los que llamamos FORTE (acr\u00f3nimo de FORTalecimiento de las competencias profesionales de los graduados para la mejora de su Empleabilidad).<\/p>\n\n\n\n<p>Adem\u00e1s de mejorar la empleabilidad de los titulados, el programa profESIonal\u00edzate pretende conseguir otros objetivos adicionales, como la \u201cprofesionalizaci\u00f3n\u201d de los propios profesores. Esta \u201cprofESIonalizaci\u00f3n\u201d de los profesores tiene como objetivo reciclar y actualizar sus conocimientos tecnol\u00f3gicos y acercarles a la realidad de las empresas para que puedan transmitir mejor a los alumnos la vocaci\u00f3n profesional e ingenieril. Para ello, se plantea la renovaci\u00f3n de las asignaturas sin perder la vocaci\u00f3n de formaci\u00f3n universitaria. Entendemos, por \u00faltimo, que todos estos beneficios inciden en una mejora de la calidad en la docencia. Pensamos que estos esfuerzos reportar\u00e1n beneficios netos a los alumnos, y que como m\u00ednimo, les servir\u00e1n para complementar su formaci\u00f3n universitaria.<\/p>\n","protected":false},"excerpt":{"rendered":"<p>Hoy en d\u00eda, estamos viviendo en una \u00e9poca realmente convulsa e inusitada desde el punto de vista de empleabilidad. En la disciplina de la Inform\u00e1tica, aunque la empleabilidad de los titulados es relativamente alta, existen todav\u00eda casos en los que los reci\u00e9n titulados no consiguen [&hellip;]<\/p>\n","protected":false},"author":1,"featured_media":0,"parent":0,"menu_order":0,"comment_status":"closed","ping_status":"closed","template":"","meta":{"footnotes":""},"class_list":["post-5363","page","type-page","status-publish","hentry"],"yoast_head":"<!-- This site is optimized with the Yoast SEO plugin v27.3 - https:\/\/yoast.com\/product\/yoast-seo-wordpress\/ -->\n<title>profESIonal\u00edzate - Escuela Superior de Inform\u00e1tica de UCLM<\/title>\n<meta name=\"robots\" content=\"index, follow, max-snippet:-1, max-image-preview:large, max-video-preview:-1\" \/>\n<link rel=\"canonical\" href=\"https:\/\/esi.uclm.es\/index.php\/profesionalizate\/\" \/>\n<meta property=\"og:locale\" content=\"es_ES\" \/>\n<meta property=\"og:type\" content=\"article\" \/>\n<meta property=\"og:title\" content=\"profESIonal\u00edzate - Escuela Superior de Inform\u00e1tica de UCLM\" \/>\n<meta property=\"og:description\" content=\"Hoy en d\u00eda, estamos viviendo en una \u00e9poca realmente convulsa e inusitada desde el punto de vista de empleabilidad. En la disciplina de la Inform\u00e1tica, aunque la empleabilidad de los titulados es relativamente alta, existen todav\u00eda casos en los que los reci\u00e9n titulados no consiguen [&hellip;]\" \/>\n<meta property=\"og:url\" content=\"https:\/\/esi.uclm.es\/index.php\/profesionalizate\/\" \/>\n<meta property=\"og:site_name\" content=\"Escuela Superior de Inform\u00e1tica de UCLM\" \/>\n<meta property=\"article:publisher\" content=\"https:\/\/www.facebook.com\/Escuela-Superior-de-Informtica-543261809027158\" \/>\n<meta name=\"twitter:card\" content=\"summary_large_image\" \/>\n<meta name=\"twitter:site\" content=\"@esiuclm\" \/>\n<meta name=\"twitter:label1\" content=\"Tiempo de lectura\" \/>\n\t<meta name=\"twitter:data1\" content=\"2 minutos\" \/>\n<script type=\"application\/ld+json\" class=\"yoast-schema-graph\">{\"@context\":\"https:\\\/\\\/schema.org\",\"@graph\":[{\"@type\":\"WebPage\",\"@id\":\"https:\\\/\\\/esi.uclm.es\\\/index.php\\\/profesionalizate\\\/\",\"url\":\"https:\\\/\\\/esi.uclm.es\\\/index.php\\\/profesionalizate\\\/\",\"name\":\"profESIonal\u00edzate - Escuela Superior de Inform\u00e1tica de UCLM\",\"isPartOf\":{\"@id\":\"https:\\\/\\\/esi.uclm.es\\\/#website\"},\"datePublished\":\"2022-02-03T13:16:18+00:00\",\"breadcrumb\":{\"@id\":\"https:\\\/\\\/esi.uclm.es\\\/index.php\\\/profesionalizate\\\/#breadcrumb\"},\"inLanguage\":\"es\",\"potentialAction\":[{\"@type\":\"ReadAction\",\"target\":[\"https:\\\/\\\/esi.uclm.es\\\/index.php\\\/profesionalizate\\\/\"]}]},{\"@type\":\"BreadcrumbList\",\"@id\":\"https:\\\/\\\/esi.uclm.es\\\/index.php\\\/profesionalizate\\\/#breadcrumb\",\"itemListElement\":[{\"@type\":\"ListItem\",\"position\":1,\"name\":\"Portada\",\"item\":\"https:\\\/\\\/esi.uclm.es\\\/\"},{\"@type\":\"ListItem\",\"position\":2,\"name\":\"profESIonal\u00edzate\"}]},{\"@type\":\"WebSite\",\"@id\":\"https:\\\/\\\/esi.uclm.es\\\/#website\",\"url\":\"https:\\\/\\\/esi.uclm.es\\\/\",\"name\":\"Escuela Superior de Inform\u00e1tica de UCLM en Ciudad Real, Castilla-La Mancha\",\"description\":\"La Escuela Superior de Inform\u00e1tica de Ciudad Real (Castilla-La Mancha), Universidad de Castilla-La Mancha es un centro universitario que imparte el ciclo completo de Ingenier\u00eda en Inform\u00e1tica: grado, m\u00e1ster y doctorado.\",\"publisher\":{\"@id\":\"https:\\\/\\\/esi.uclm.es\\\/#organization\"},\"potentialAction\":[{\"@type\":\"SearchAction\",\"target\":{\"@type\":\"EntryPoint\",\"urlTemplate\":\"https:\\\/\\\/esi.uclm.es\\\/?s={search_term_string}\"},\"query-input\":{\"@type\":\"PropertyValueSpecification\",\"valueRequired\":true,\"valueName\":\"search_term_string\"}}],\"inLanguage\":\"es\"},{\"@type\":\"Organization\",\"@id\":\"https:\\\/\\\/esi.uclm.es\\\/#organization\",\"name\":\"Escuela Superior de Inform\u00e1tica de UCLM\",\"url\":\"https:\\\/\\\/esi.uclm.es\\\/\",\"logo\":{\"@type\":\"ImageObject\",\"inLanguage\":\"es\",\"@id\":\"https:\\\/\\\/esi.uclm.es\\\/#\\\/schema\\\/logo\\\/image\\\/\",\"url\":\"https:\\\/\\\/esi.uclm.es\\\/assets\\\/uploads\\\/2022\\\/03\\\/LogoESI_cabecera-1.png\",\"contentUrl\":\"https:\\\/\\\/esi.uclm.es\\\/assets\\\/uploads\\\/2022\\\/03\\\/LogoESI_cabecera-1.png\",\"width\":460,\"height\":184,\"caption\":\"Escuela Superior de Inform\u00e1tica de UCLM\"},\"image\":{\"@id\":\"https:\\\/\\\/esi.uclm.es\\\/#\\\/schema\\\/logo\\\/image\\\/\"},\"sameAs\":[\"https:\\\/\\\/www.facebook.com\\\/Escuela-Superior-de-Informtica-543261809027158\",\"https:\\\/\\\/x.com\\\/esiuclm\",\"https:\\\/\\\/www.instagram.com\\\/esiuclm\\\/\",\"https:\\\/\\\/www.youtube.com\\\/user\\\/esiuclm\",\"https:\\\/\\\/www.twitch.tv\\\/esiuclm\",\"https:\\\/\\\/www.linkedin.com\\\/company\\\/12656631\\\/admin\\\/\"]}]}<\/script>\n<!-- \/ Yoast SEO plugin. -->","yoast_head_json":{"title":"profESIonal\u00edzate - Escuela Superior de Inform\u00e1tica de UCLM","robots":{"index":"index","follow":"follow","max-snippet":"max-snippet:-1","max-image-preview":"max-image-preview:large","max-video-preview":"max-video-preview:-1"},"canonical":"https:\/\/esi.uclm.es\/index.php\/profesionalizate\/","og_locale":"es_ES","og_type":"article","og_title":"profESIonal\u00edzate - Escuela Superior de Inform\u00e1tica de UCLM","og_description":"Hoy en d\u00eda, estamos viviendo en una \u00e9poca realmente convulsa e inusitada desde el punto de vista de empleabilidad. En la disciplina de la Inform\u00e1tica, aunque la empleabilidad de los titulados es relativamente alta, existen todav\u00eda casos en los que los reci\u00e9n titulados no consiguen [&hellip;]","og_url":"https:\/\/esi.uclm.es\/index.php\/profesionalizate\/","og_site_name":"Escuela Superior de Inform\u00e1tica de UCLM","article_publisher":"https:\/\/www.facebook.com\/Escuela-Superior-de-Informtica-543261809027158","twitter_card":"summary_large_image","twitter_site":"@esiuclm","twitter_misc":{"Tiempo de lectura":"2 minutos"},"schema":{"@context":"https:\/\/schema.org","@graph":[{"@type":"WebPage","@id":"https:\/\/esi.uclm.es\/index.php\/profesionalizate\/","url":"https:\/\/esi.uclm.es\/index.php\/profesionalizate\/","name":"profESIonal\u00edzate - Escuela Superior de Inform\u00e1tica de UCLM","isPartOf":{"@id":"https:\/\/esi.uclm.es\/#website"},"datePublished":"2022-02-03T13:16:18+00:00","breadcrumb":{"@id":"https:\/\/esi.uclm.es\/index.php\/profesionalizate\/#breadcrumb"},"inLanguage":"es","potentialAction":[{"@type":"ReadAction","target":["https:\/\/esi.uclm.es\/index.php\/profesionalizate\/"]}]},{"@type":"BreadcrumbList","@id":"https:\/\/esi.uclm.es\/index.php\/profesionalizate\/#breadcrumb","itemListElement":[{"@type":"ListItem","position":1,"name":"Portada","item":"https:\/\/esi.uclm.es\/"},{"@type":"ListItem","position":2,"name":"profESIonal\u00edzate"}]},{"@type":"WebSite","@id":"https:\/\/esi.uclm.es\/#website","url":"https:\/\/esi.uclm.es\/","name":"Escuela Superior de Inform\u00e1tica de UCLM en Ciudad Real, Castilla-La Mancha","description":"La Escuela Superior de Inform\u00e1tica de Ciudad Real (Castilla-La Mancha), Universidad de Castilla-La Mancha es un centro universitario que imparte el ciclo completo de Ingenier\u00eda en Inform\u00e1tica: grado, m\u00e1ster y doctorado.","publisher":{"@id":"https:\/\/esi.uclm.es\/#organization"},"potentialAction":[{"@type":"SearchAction","target":{"@type":"EntryPoint","urlTemplate":"https:\/\/esi.uclm.es\/?s={search_term_string}"},"query-input":{"@type":"PropertyValueSpecification","valueRequired":true,"valueName":"search_term_string"}}],"inLanguage":"es"},{"@type":"Organization","@id":"https:\/\/esi.uclm.es\/#organization","name":"Escuela Superior de Inform\u00e1tica de UCLM","url":"https:\/\/esi.uclm.es\/","logo":{"@type":"ImageObject","inLanguage":"es","@id":"https:\/\/esi.uclm.es\/#\/schema\/logo\/image\/","url":"https:\/\/esi.uclm.es\/assets\/uploads\/2022\/03\/LogoESI_cabecera-1.png","contentUrl":"https:\/\/esi.uclm.es\/assets\/uploads\/2022\/03\/LogoESI_cabecera-1.png","width":460,"height":184,"caption":"Escuela Superior de Inform\u00e1tica de UCLM"},"image":{"@id":"https:\/\/esi.uclm.es\/#\/schema\/logo\/image\/"},"sameAs":["https:\/\/www.facebook.com\/Escuela-Superior-de-Informtica-543261809027158","https:\/\/x.com\/esiuclm","https:\/\/www.instagram.com\/esiuclm\/","https:\/\/www.youtube.com\/user\/esiuclm","https:\/\/www.twitch.tv\/esiuclm","https:\/\/www.linkedin.com\/company\/12656631\/admin\/"]}]}},"_links":{"self":[{"href":"https:\/\/esi.uclm.es\/index.php\/wp-json\/wp\/v2\/pages\/5363","targetHints":{"allow":["GET"]}}],"collection":[{"href":"https:\/\/esi.uclm.es\/index.php\/wp-json\/wp\/v2\/pages"}],"about":[{"href":"https:\/\/esi.uclm.es\/index.php\/wp-json\/wp\/v2\/types\/page"}],"author":[{"embeddable":true,"href":"https:\/\/esi.uclm.es\/index.php\/wp-json\/wp\/v2\/users\/1"}],"replies":[{"embeddable":true,"href":"https:\/\/esi.uclm.es\/index.php\/wp-json\/wp\/v2\/comments?post=5363"}],"version-history":[{"count":1,"href":"https:\/\/esi.uclm.es\/index.php\/wp-json\/wp\/v2\/pages\/5363\/revisions"}],"predecessor-version":[{"id":5364,"href":"https:\/\/esi.uclm.es\/index.php\/wp-json\/wp\/v2\/pages\/5363\/revisions\/5364"}],"wp:attachment":[{"href":"https:\/\/esi.uclm.es\/index.php\/wp-json\/wp\/v2\/media?parent=5363"}],"curies":[{"name":"wp","href":"https:\/\/api.w.org\/{rel}","templated":true}]}}