{"id":5356,"date":"2022-02-03T13:12:27","date_gmt":"2022-02-03T13:12:27","guid":{"rendered":"http:\/\/esiaz24.uclm.es\/?page_id=5356"},"modified":"2023-09-26T09:15:36","modified_gmt":"2023-09-26T09:15:36","slug":"como-colaborar-con-la-esi","status":"publish","type":"page","link":"https:\/\/esi.uclm.es\/index.php\/como-colaborar-con-la-esi\/","title":{"rendered":"C\u00f3mo colaborar con la ESI"},"content":{"rendered":"\n<hr class=\"wp-block-separator has-text-color has-vivid-cyan-blue-color has-css-opacity has-vivid-cyan-blue-background-color has-background\"\/>\n\n\n\n<h3 class=\"wp-block-heading\" id=\"las-relaciones-con-empresas-e-instituciones-que-mantiene-la-esi-permiten-el-continuo-intercambio-de-informacion-sobre-las-necesidades-del-sector-y-el-establecimiento-de-colaboraciones-y-programas-conjuntos\">Las&nbsp;relaciones con empresas&nbsp;e instituciones que mantiene la ESI permiten el continuo intercambio de informaci\u00f3n sobre las necesidades&nbsp;del sector y el establecimiento de&nbsp;colaboraciones y programas conjuntos.<\/h3>\n\n\n\n<p><\/p>\n\n\n\n<figure class=\"wp-block-image size-full\"><img loading=\"lazy\" decoding=\"async\" width=\"600\" height=\"400\" src=\"https:\/\/esi.uclm.es\/assets\/uploads\/2022\/02\/original_empresas.jpg\" alt=\"\" class=\"wp-image-5357\" srcset=\"https:\/\/esi.uclm.es\/assets\/uploads\/2022\/02\/original_empresas.jpg 600w, https:\/\/esi.uclm.es\/assets\/uploads\/2022\/02\/original_empresas-300x200.jpg 300w, https:\/\/esi.uclm.es\/assets\/uploads\/2022\/02\/original_empresas-391x260.jpg 391w, https:\/\/esi.uclm.es\/assets\/uploads\/2022\/02\/original_empresas-128x86.jpg 128w\" sizes=\"auto, (max-width: 600px) 100vw, 600px\" \/><\/figure>\n\n\n\n<p>En virtud de las mismas, aquellos estudiantes que han superado el 50% de los cr\u00e9ditos pueden obtener una formaci\u00f3n pr\u00e1ctica aplicada, lo que complementa &nbsp;su formaci\u00f3n acad\u00e9mica. Por medio de estas experiencias en las que nuestros estudiantes se integran en organizaciones reales, en sus equipos de trabajo, y&nbsp; est\u00e1n en contacto directo con sus profesionales, y sus m\u00e9todos de trabajo, es posible fortalecer su formaci\u00f3n te\u00f3rica con los de contenido pr\u00e1ctico aplicado, asimismo tambi\u00e9n son un mecanismo para reforzar su propia personalidad.<\/p>\n\n\n\n<p>Las Pr\u00e1cticas en Empresas son valoradas en el \u00e1mbito docente, ya que los alumnos pueden solicitar el reconocimiento de dichas pr\u00e1cticas para la obtenci\u00f3n de cr\u00e9ditos optativos. Estas pr\u00e1cticas se realizan en el marco que definen los convenios de cooperaci\u00f3n entre la Universidad y las empresas.<\/p>\n\n\n\n<p>Cabe destacar que la cantidad de pr\u00e1cticas que se ofertan de manera anual es muy elevada y cada vez m\u00e1s estudiantes se decantan por su realizaci\u00f3n.<\/p>\n\n\n\n<p>Para <strong>colaborar<\/strong> con la ESI contactar con Marcela Genero Bocco (<a href=\"mailto:marcela.genero@uclm.es\">marcela.genero@uclm.es<\/a>)<\/p>\n","protected":false},"excerpt":{"rendered":"<p>Las&nbsp;relaciones con empresas&nbsp;e instituciones que mantiene la ESI permiten el continuo intercambio de informaci\u00f3n sobre las necesidades&nbsp;del sector y el establecimiento de&nbsp;colaboraciones y programas conjuntos. En virtud de las mismas, aquellos estudiantes que han superado el 50% de los cr\u00e9ditos pueden obtener una formaci\u00f3n pr\u00e1ctica [&hellip;]<\/p>\n","protected":false},"author":1,"featured_media":0,"parent":0,"menu_order":0,"comment_status":"closed","ping_status":"closed","template":"","meta":{"footnotes":""},"class_list":["post-5356","page","type-page","status-publish","hentry"],"yoast_head":"<!-- This site is optimized with the Yoast SEO plugin v27.3 - https:\/\/yoast.com\/product\/yoast-seo-wordpress\/ -->\n<title>C\u00f3mo colaborar con la ESI - Escuela Superior de Inform\u00e1tica de UCLM<\/title>\n<meta name=\"robots\" content=\"index, follow, max-snippet:-1, max-image-preview:large, max-video-preview:-1\" \/>\n<link rel=\"canonical\" href=\"https:\/\/esi.uclm.es\/index.php\/como-colaborar-con-la-esi\/\" \/>\n<meta property=\"og:locale\" content=\"es_ES\" \/>\n<meta property=\"og:type\" content=\"article\" \/>\n<meta property=\"og:title\" content=\"C\u00f3mo colaborar con la ESI - Escuela Superior de Inform\u00e1tica de UCLM\" \/>\n<meta property=\"og:description\" content=\"Las&nbsp;relaciones con empresas&nbsp;e instituciones que mantiene la ESI permiten el continuo intercambio de informaci\u00f3n sobre las necesidades&nbsp;del sector y el establecimiento de&nbsp;colaboraciones y programas conjuntos. En virtud de las mismas, aquellos estudiantes que han superado el 50% de los cr\u00e9ditos pueden obtener una formaci\u00f3n pr\u00e1ctica [&hellip;]\" \/>\n<meta property=\"og:url\" content=\"https:\/\/esi.uclm.es\/index.php\/como-colaborar-con-la-esi\/\" \/>\n<meta property=\"og:site_name\" content=\"Escuela Superior de Inform\u00e1tica de UCLM\" \/>\n<meta property=\"article:publisher\" content=\"https:\/\/www.facebook.com\/Escuela-Superior-de-Informtica-543261809027158\" \/>\n<meta property=\"article:modified_time\" content=\"2023-09-26T09:15:36+00:00\" \/>\n<meta property=\"og:image\" content=\"https:\/\/esi.uclm.es\/assets\/uploads\/2022\/02\/original_empresas.jpg\" \/>\n<meta name=\"twitter:card\" content=\"summary_large_image\" \/>\n<meta name=\"twitter:site\" content=\"@esiuclm\" \/>\n<meta name=\"twitter:label1\" content=\"Tiempo de lectura\" \/>\n\t<meta name=\"twitter:data1\" content=\"2 minutos\" \/>\n<script type=\"application\/ld+json\" class=\"yoast-schema-graph\">{\"@context\":\"https:\\\/\\\/schema.org\",\"@graph\":[{\"@type\":\"WebPage\",\"@id\":\"https:\\\/\\\/esi.uclm.es\\\/index.php\\\/como-colaborar-con-la-esi\\\/\",\"url\":\"https:\\\/\\\/esi.uclm.es\\\/index.php\\\/como-colaborar-con-la-esi\\\/\",\"name\":\"C\u00f3mo colaborar con la ESI - Escuela Superior de Inform\u00e1tica de UCLM\",\"isPartOf\":{\"@id\":\"https:\\\/\\\/esi.uclm.es\\\/#website\"},\"primaryImageOfPage\":{\"@id\":\"https:\\\/\\\/esi.uclm.es\\\/index.php\\\/como-colaborar-con-la-esi\\\/#primaryimage\"},\"image\":{\"@id\":\"https:\\\/\\\/esi.uclm.es\\\/index.php\\\/como-colaborar-con-la-esi\\\/#primaryimage\"},\"thumbnailUrl\":\"https:\\\/\\\/esi.uclm.es\\\/assets\\\/uploads\\\/2022\\\/02\\\/original_empresas.jpg\",\"datePublished\":\"2022-02-03T13:12:27+00:00\",\"dateModified\":\"2023-09-26T09:15:36+00:00\",\"breadcrumb\":{\"@id\":\"https:\\\/\\\/esi.uclm.es\\\/index.php\\\/como-colaborar-con-la-esi\\\/#breadcrumb\"},\"inLanguage\":\"es\",\"potentialAction\":[{\"@type\":\"ReadAction\",\"target\":[\"https:\\\/\\\/esi.uclm.es\\\/index.php\\\/como-colaborar-con-la-esi\\\/\"]}]},{\"@type\":\"ImageObject\",\"inLanguage\":\"es\",\"@id\":\"https:\\\/\\\/esi.uclm.es\\\/index.php\\\/como-colaborar-con-la-esi\\\/#primaryimage\",\"url\":\"https:\\\/\\\/esi.uclm.es\\\/assets\\\/uploads\\\/2022\\\/02\\\/original_empresas.jpg\",\"contentUrl\":\"https:\\\/\\\/esi.uclm.es\\\/assets\\\/uploads\\\/2022\\\/02\\\/original_empresas.jpg\"},{\"@type\":\"BreadcrumbList\",\"@id\":\"https:\\\/\\\/esi.uclm.es\\\/index.php\\\/como-colaborar-con-la-esi\\\/#breadcrumb\",\"itemListElement\":[{\"@type\":\"ListItem\",\"position\":1,\"name\":\"Portada\",\"item\":\"https:\\\/\\\/esi.uclm.es\\\/\"},{\"@type\":\"ListItem\",\"position\":2,\"name\":\"C\u00f3mo colaborar con la ESI\"}]},{\"@type\":\"WebSite\",\"@id\":\"https:\\\/\\\/esi.uclm.es\\\/#website\",\"url\":\"https:\\\/\\\/esi.uclm.es\\\/\",\"name\":\"Escuela Superior de Inform\u00e1tica de UCLM en Ciudad Real, Castilla-La Mancha\",\"description\":\"La Escuela Superior de Inform\u00e1tica de Ciudad Real (Castilla-La Mancha), Universidad de Castilla-La Mancha es un centro universitario que imparte el ciclo completo de Ingenier\u00eda en Inform\u00e1tica: grado, m\u00e1ster y doctorado.\",\"publisher\":{\"@id\":\"https:\\\/\\\/esi.uclm.es\\\/#organization\"},\"potentialAction\":[{\"@type\":\"SearchAction\",\"target\":{\"@type\":\"EntryPoint\",\"urlTemplate\":\"https:\\\/\\\/esi.uclm.es\\\/?s={search_term_string}\"},\"query-input\":{\"@type\":\"PropertyValueSpecification\",\"valueRequired\":true,\"valueName\":\"search_term_string\"}}],\"inLanguage\":\"es\"},{\"@type\":\"Organization\",\"@id\":\"https:\\\/\\\/esi.uclm.es\\\/#organization\",\"name\":\"Escuela Superior de Inform\u00e1tica de UCLM\",\"url\":\"https:\\\/\\\/esi.uclm.es\\\/\",\"logo\":{\"@type\":\"ImageObject\",\"inLanguage\":\"es\",\"@id\":\"https:\\\/\\\/esi.uclm.es\\\/#\\\/schema\\\/logo\\\/image\\\/\",\"url\":\"https:\\\/\\\/esi.uclm.es\\\/assets\\\/uploads\\\/2022\\\/03\\\/LogoESI_cabecera-1.png\",\"contentUrl\":\"https:\\\/\\\/esi.uclm.es\\\/assets\\\/uploads\\\/2022\\\/03\\\/LogoESI_cabecera-1.png\",\"width\":460,\"height\":184,\"caption\":\"Escuela Superior de Inform\u00e1tica de UCLM\"},\"image\":{\"@id\":\"https:\\\/\\\/esi.uclm.es\\\/#\\\/schema\\\/logo\\\/image\\\/\"},\"sameAs\":[\"https:\\\/\\\/www.facebook.com\\\/Escuela-Superior-de-Informtica-543261809027158\",\"https:\\\/\\\/x.com\\\/esiuclm\",\"https:\\\/\\\/www.instagram.com\\\/esiuclm\\\/\",\"https:\\\/\\\/www.youtube.com\\\/user\\\/esiuclm\",\"https:\\\/\\\/www.twitch.tv\\\/esiuclm\",\"https:\\\/\\\/www.linkedin.com\\\/company\\\/12656631\\\/admin\\\/\"]}]}<\/script>\n<!-- \/ Yoast SEO plugin. -->","yoast_head_json":{"title":"C\u00f3mo colaborar con la ESI - Escuela Superior de Inform\u00e1tica de UCLM","robots":{"index":"index","follow":"follow","max-snippet":"max-snippet:-1","max-image-preview":"max-image-preview:large","max-video-preview":"max-video-preview:-1"},"canonical":"https:\/\/esi.uclm.es\/index.php\/como-colaborar-con-la-esi\/","og_locale":"es_ES","og_type":"article","og_title":"C\u00f3mo colaborar con la ESI - Escuela Superior de Inform\u00e1tica de UCLM","og_description":"Las&nbsp;relaciones con empresas&nbsp;e instituciones que mantiene la ESI permiten el continuo intercambio de informaci\u00f3n sobre las necesidades&nbsp;del sector y el establecimiento de&nbsp;colaboraciones y programas conjuntos. En virtud de las mismas, aquellos estudiantes que han superado el 50% de los cr\u00e9ditos pueden obtener una formaci\u00f3n pr\u00e1ctica [&hellip;]","og_url":"https:\/\/esi.uclm.es\/index.php\/como-colaborar-con-la-esi\/","og_site_name":"Escuela Superior de Inform\u00e1tica de UCLM","article_publisher":"https:\/\/www.facebook.com\/Escuela-Superior-de-Informtica-543261809027158","article_modified_time":"2023-09-26T09:15:36+00:00","og_image":[{"url":"https:\/\/esi.uclm.es\/assets\/uploads\/2022\/02\/original_empresas.jpg","type":"","width":"","height":""}],"twitter_card":"summary_large_image","twitter_site":"@esiuclm","twitter_misc":{"Tiempo de lectura":"2 minutos"},"schema":{"@context":"https:\/\/schema.org","@graph":[{"@type":"WebPage","@id":"https:\/\/esi.uclm.es\/index.php\/como-colaborar-con-la-esi\/","url":"https:\/\/esi.uclm.es\/index.php\/como-colaborar-con-la-esi\/","name":"C\u00f3mo colaborar con la ESI - Escuela Superior de Inform\u00e1tica de UCLM","isPartOf":{"@id":"https:\/\/esi.uclm.es\/#website"},"primaryImageOfPage":{"@id":"https:\/\/esi.uclm.es\/index.php\/como-colaborar-con-la-esi\/#primaryimage"},"image":{"@id":"https:\/\/esi.uclm.es\/index.php\/como-colaborar-con-la-esi\/#primaryimage"},"thumbnailUrl":"https:\/\/esi.uclm.es\/assets\/uploads\/2022\/02\/original_empresas.jpg","datePublished":"2022-02-03T13:12:27+00:00","dateModified":"2023-09-26T09:15:36+00:00","breadcrumb":{"@id":"https:\/\/esi.uclm.es\/index.php\/como-colaborar-con-la-esi\/#breadcrumb"},"inLanguage":"es","potentialAction":[{"@type":"ReadAction","target":["https:\/\/esi.uclm.es\/index.php\/como-colaborar-con-la-esi\/"]}]},{"@type":"ImageObject","inLanguage":"es","@id":"https:\/\/esi.uclm.es\/index.php\/como-colaborar-con-la-esi\/#primaryimage","url":"https:\/\/esi.uclm.es\/assets\/uploads\/2022\/02\/original_empresas.jpg","contentUrl":"https:\/\/esi.uclm.es\/assets\/uploads\/2022\/02\/original_empresas.jpg"},{"@type":"BreadcrumbList","@id":"https:\/\/esi.uclm.es\/index.php\/como-colaborar-con-la-esi\/#breadcrumb","itemListElement":[{"@type":"ListItem","position":1,"name":"Portada","item":"https:\/\/esi.uclm.es\/"},{"@type":"ListItem","position":2,"name":"C\u00f3mo colaborar con la ESI"}]},{"@type":"WebSite","@id":"https:\/\/esi.uclm.es\/#website","url":"https:\/\/esi.uclm.es\/","name":"Escuela Superior de Inform\u00e1tica de UCLM en Ciudad Real, Castilla-La Mancha","description":"La Escuela Superior de Inform\u00e1tica de Ciudad Real (Castilla-La Mancha), Universidad de Castilla-La Mancha es un centro universitario que imparte el ciclo completo de Ingenier\u00eda en Inform\u00e1tica: grado, m\u00e1ster y doctorado.","publisher":{"@id":"https:\/\/esi.uclm.es\/#organization"},"potentialAction":[{"@type":"SearchAction","target":{"@type":"EntryPoint","urlTemplate":"https:\/\/esi.uclm.es\/?s={search_term_string}"},"query-input":{"@type":"PropertyValueSpecification","valueRequired":true,"valueName":"search_term_string"}}],"inLanguage":"es"},{"@type":"Organization","@id":"https:\/\/esi.uclm.es\/#organization","name":"Escuela Superior de Inform\u00e1tica de UCLM","url":"https:\/\/esi.uclm.es\/","logo":{"@type":"ImageObject","inLanguage":"es","@id":"https:\/\/esi.uclm.es\/#\/schema\/logo\/image\/","url":"https:\/\/esi.uclm.es\/assets\/uploads\/2022\/03\/LogoESI_cabecera-1.png","contentUrl":"https:\/\/esi.uclm.es\/assets\/uploads\/2022\/03\/LogoESI_cabecera-1.png","width":460,"height":184,"caption":"Escuela Superior de Inform\u00e1tica de UCLM"},"image":{"@id":"https:\/\/esi.uclm.es\/#\/schema\/logo\/image\/"},"sameAs":["https:\/\/www.facebook.com\/Escuela-Superior-de-Informtica-543261809027158","https:\/\/x.com\/esiuclm","https:\/\/www.instagram.com\/esiuclm\/","https:\/\/www.youtube.com\/user\/esiuclm","https:\/\/www.twitch.tv\/esiuclm","https:\/\/www.linkedin.com\/company\/12656631\/admin\/"]}]}},"_links":{"self":[{"href":"https:\/\/esi.uclm.es\/index.php\/wp-json\/wp\/v2\/pages\/5356","targetHints":{"allow":["GET"]}}],"collection":[{"href":"https:\/\/esi.uclm.es\/index.php\/wp-json\/wp\/v2\/pages"}],"about":[{"href":"https:\/\/esi.uclm.es\/index.php\/wp-json\/wp\/v2\/types\/page"}],"author":[{"embeddable":true,"href":"https:\/\/esi.uclm.es\/index.php\/wp-json\/wp\/v2\/users\/1"}],"replies":[{"embeddable":true,"href":"https:\/\/esi.uclm.es\/index.php\/wp-json\/wp\/v2\/comments?post=5356"}],"version-history":[{"count":5,"href":"https:\/\/esi.uclm.es\/index.php\/wp-json\/wp\/v2\/pages\/5356\/revisions"}],"predecessor-version":[{"id":16838,"href":"https:\/\/esi.uclm.es\/index.php\/wp-json\/wp\/v2\/pages\/5356\/revisions\/16838"}],"wp:attachment":[{"href":"https:\/\/esi.uclm.es\/index.php\/wp-json\/wp\/v2\/media?parent=5356"}],"curies":[{"name":"wp","href":"https:\/\/api.w.org\/{rel}","templated":true}]}}