{"id":5294,"date":"2022-02-02T20:11:22","date_gmt":"2022-02-02T20:11:22","guid":{"rendered":"http:\/\/esiaz24.uclm.es\/?page_id=5294"},"modified":"2022-06-14T21:18:12","modified_gmt":"2022-06-14T21:18:12","slug":"agenda-institucional","status":"publish","type":"page","link":"https:\/\/esi.uclm.es\/index.php\/transparencia\/agenda-institucional\/","title":{"rendered":"Agenda institucional"},"content":{"rendered":"\n<figure class=\"wp-block-image size-large\"><img loading=\"lazy\" decoding=\"async\" width=\"1024\" height=\"256\" src=\"https:\/\/esi.uclm.es\/assets\/uploads\/2022\/05\/calendario_r-1024x256.webp\" alt=\"Agenda de eventos\" class=\"wp-image-10469\" srcset=\"https:\/\/esi.uclm.es\/assets\/uploads\/2022\/05\/calendario_r-1024x256.webp 1024w, https:\/\/esi.uclm.es\/assets\/uploads\/2022\/05\/calendario_r-300x75.webp 300w, https:\/\/esi.uclm.es\/assets\/uploads\/2022\/05\/calendario_r-768x192.webp 768w, https:\/\/esi.uclm.es\/assets\/uploads\/2022\/05\/calendario_r-600x150.webp 600w, https:\/\/esi.uclm.es\/assets\/uploads\/2022\/05\/calendario_r.webp 1199w\" sizes=\"auto, (max-width: 1024px) 100vw, 1024px\" \/><\/figure>\n\n\n\n<p>Se muestran a continuaci\u00f3n las principales reuniones del <a href=\"https:\/\/esi.uclm.es\/index.php\/personal\/equipo-de-gobierno\/\" data-type=\"page\" data-id=\"3846\">equipo de Direcci\u00f3n de la Escuela<\/a>.<\/p>\n\n\n\n<div class=\"mec-gCalendar\" id=\"mec_skin_5298\">\r\n\t<div id='gCalendar-loading' class=\"mec-modal-result\" style=\"display: none\"><\/div>\r\n\t<div id=\"mec-gCalendar-wrap\"><\/div>\r\n\t<div class=\"mec-gCalendar-filters\">\r\n\t\t<div class=\"mec-gCalendar-filters-wrap\">\r\n\t\t\t\t<\/div>\r\n\t<\/div>\r\n<\/div>\r\n<style>.nice-select{color: #838383;-webkit-tap-highlight-color:transparent;background-color:#fff;border:solid 1px #E3E4E5;box-sizing:border-box;clear:both;cursor:pointer;display:block;float:left;font-family:inherit;font-size:12px;font-weight:400;height:42px;line-height:40px;outline:0;padding-left:18px;padding-right:30px;position:relative;text-align:left!important;-webkit-transition:all .2s ease-in-out;transition:all .2s ease-in-out;-webkit-user-select:none;-moz-user-select:none;-ms-user-select:none;user-select:none;white-space:nowrap;width: 100%;border-radius: 0 3px 3px 0;height: 40px;}.nice-select:hover{border-color:#dbdbdb}.nice-select:after{border-bottom: 1px solid #c1c2c3; border-right: 1px solid #c1c2c3; width: 8px; height: 8px; margin-top: -5px; right: 15px;content:'';display:block;pointer-events:none;position:absolute;top:50%;-webkit-transform-origin:66% 66%;-ms-transform-origin:66% 66%;transform-origin:66% 66%;-webkit-transform:rotate(45deg);-ms-transform:rotate(45deg);transform:rotate(45deg);-webkit-transition:all .15s ease-in-out;transition:all .15s ease-in-out}.nice-select.open:after{-webkit-transform:rotate(-135deg);-ms-transform:rotate(-135deg);transform:rotate(-135deg)}.nice-select.open .list{opacity:1;pointer-events:auto;-webkit-transform:scale(1) translateY(0);-ms-transform:scale(1) translateY(0);transform:scale(1) translateY(0)}.nice-select.disabled{border-color:#ededed;color:#999;pointer-events:none}.nice-select.disabled:after{border-color:#ccc}.nice-select.wide{width:100%}.nice-select.wide .list{left:0!important;right:0!important}.nice-select.right{float:right}.nice-select.right .list{left:auto;right:0}.nice-select.small{font-size:12px;height:36px;line-height:34px}.nice-select.small:after{height:4px;width:4px}.nice-select.small .option{line-height:34px;min-height:34px}.nice-select .list{width: 100%;background-color:#fff;border-radius:0 0 3px 3px;box-shadow:0 0 0 1px rgba(68,68,68,.11);box-sizing:border-box;margin-top:4px;opacity:0;overflow:hidden;padding:0;pointer-events:none;position:absolute;top:100%;left:0;-webkit-transform-origin:50% 0;-ms-transform-origin:50% 0;transform-origin:50% 0;-webkit-transform:scale(.75) translateY(-21px);-ms-transform:scale(.75) translateY(-21px);transform:scale(.75) translateY(-21px);-webkit-transition:all .2s cubic-bezier(.5,0,0,1.25),opacity .15s ease-out;transition:all .2s cubic-bezier(.5,0,0,1.25),opacity .15s ease-out;z-index:9}.nice-select .list:hover .option:not(:hover){background-color:transparent!important}.nice-select .option{ cursor: pointer; font-weight: 400;line-height: 1.2;list-style: none;min-height: 30px;outline: 0;padding: 10px 6px 10px 18px;text-align: left;-webkit-transition: all .2s;transition: all .2s;font-size: 14px;letter-spacing: -0.1px;white-space: break-spaces;}.nice-select .option.focus,.nice-select .option.selected.focus,.nice-select .option:hover{background-color:#f6f6f6}.nice-select .option.selected{font-weight:700}.nice-select .option.disabled{background-color:transparent;color:#999;cursor:default}.no-csspointerevents .nice-select .list{display:none}.no-csspointerevents .nice-select.open .list{display:block}<\/style>\r\n\n","protected":false},"excerpt":{"rendered":"<p>Se muestran a continuaci\u00f3n las principales reuniones del equipo de Direcci\u00f3n de la Escuela.<\/p>\n","protected":false},"author":1,"featured_media":0,"parent":5393,"menu_order":0,"comment_status":"closed","ping_status":"closed","template":"","meta":{"footnotes":""},"class_list":["post-5294","page","type-page","status-publish","hentry"],"yoast_head":"<!-- This site is optimized with the Yoast SEO plugin v27.3 - https:\/\/yoast.com\/product\/yoast-seo-wordpress\/ -->\n<title>Agenda institucional - Escuela Superior de Inform\u00e1tica de UCLM<\/title>\n<meta name=\"robots\" content=\"index, follow, max-snippet:-1, max-image-preview:large, max-video-preview:-1\" \/>\n<link rel=\"canonical\" href=\"https:\/\/esi.uclm.es\/index.php\/transparencia\/agenda-institucional\/\" \/>\n<meta property=\"og:locale\" content=\"es_ES\" \/>\n<meta property=\"og:type\" content=\"article\" \/>\n<meta property=\"og:title\" content=\"Agenda institucional - Escuela Superior de Inform\u00e1tica de UCLM\" \/>\n<meta property=\"og:description\" content=\"Se muestran a continuaci\u00f3n las principales reuniones del equipo de Direcci\u00f3n de la Escuela.\" \/>\n<meta property=\"og:url\" content=\"https:\/\/esi.uclm.es\/index.php\/transparencia\/agenda-institucional\/\" \/>\n<meta property=\"og:site_name\" content=\"Escuela Superior de Inform\u00e1tica de UCLM\" \/>\n<meta property=\"article:publisher\" content=\"https:\/\/www.facebook.com\/Escuela-Superior-de-Informtica-543261809027158\" \/>\n<meta property=\"article:modified_time\" content=\"2022-06-14T21:18:12+00:00\" \/>\n<meta property=\"og:image\" content=\"https:\/\/esi.uclm.es\/assets\/uploads\/2022\/05\/calendario_r-1024x256.webp\" \/>\n<meta name=\"twitter:card\" content=\"summary_large_image\" \/>\n<meta name=\"twitter:site\" content=\"@esiuclm\" \/>\n<script type=\"application\/ld+json\" class=\"yoast-schema-graph\">{\"@context\":\"https:\\\/\\\/schema.org\",\"@graph\":[{\"@type\":\"WebPage\",\"@id\":\"https:\\\/\\\/esi.uclm.es\\\/index.php\\\/transparencia\\\/agenda-institucional\\\/\",\"url\":\"https:\\\/\\\/esi.uclm.es\\\/index.php\\\/transparencia\\\/agenda-institucional\\\/\",\"name\":\"Agenda institucional - Escuela Superior de Inform\u00e1tica de UCLM\",\"isPartOf\":{\"@id\":\"https:\\\/\\\/esi.uclm.es\\\/#website\"},\"primaryImageOfPage\":{\"@id\":\"https:\\\/\\\/esi.uclm.es\\\/index.php\\\/transparencia\\\/agenda-institucional\\\/#primaryimage\"},\"image\":{\"@id\":\"https:\\\/\\\/esi.uclm.es\\\/index.php\\\/transparencia\\\/agenda-institucional\\\/#primaryimage\"},\"thumbnailUrl\":\"https:\\\/\\\/esi.uclm.es\\\/assets\\\/uploads\\\/2022\\\/05\\\/calendario_r-1024x256.webp\",\"datePublished\":\"2022-02-02T20:11:22+00:00\",\"dateModified\":\"2022-06-14T21:18:12+00:00\",\"breadcrumb\":{\"@id\":\"https:\\\/\\\/esi.uclm.es\\\/index.php\\\/transparencia\\\/agenda-institucional\\\/#breadcrumb\"},\"inLanguage\":\"es\",\"potentialAction\":[{\"@type\":\"ReadAction\",\"target\":[\"https:\\\/\\\/esi.uclm.es\\\/index.php\\\/transparencia\\\/agenda-institucional\\\/\"]}]},{\"@type\":\"ImageObject\",\"inLanguage\":\"es\",\"@id\":\"https:\\\/\\\/esi.uclm.es\\\/index.php\\\/transparencia\\\/agenda-institucional\\\/#primaryimage\",\"url\":\"https:\\\/\\\/esi.uclm.es\\\/assets\\\/uploads\\\/2022\\\/05\\\/calendario_r-1024x256.webp\",\"contentUrl\":\"https:\\\/\\\/esi.uclm.es\\\/assets\\\/uploads\\\/2022\\\/05\\\/calendario_r-1024x256.webp\"},{\"@type\":\"BreadcrumbList\",\"@id\":\"https:\\\/\\\/esi.uclm.es\\\/index.php\\\/transparencia\\\/agenda-institucional\\\/#breadcrumb\",\"itemListElement\":[{\"@type\":\"ListItem\",\"position\":1,\"name\":\"Portada\",\"item\":\"https:\\\/\\\/esi.uclm.es\\\/\"},{\"@type\":\"ListItem\",\"position\":2,\"name\":\"Transparencia\",\"item\":\"https:\\\/\\\/esi.uclm.es\\\/index.php\\\/transparencia\\\/\"},{\"@type\":\"ListItem\",\"position\":3,\"name\":\"Agenda institucional\"}]},{\"@type\":\"WebSite\",\"@id\":\"https:\\\/\\\/esi.uclm.es\\\/#website\",\"url\":\"https:\\\/\\\/esi.uclm.es\\\/\",\"name\":\"Escuela Superior de Inform\u00e1tica de UCLM en Ciudad Real, Castilla-La Mancha\",\"description\":\"La Escuela Superior de Inform\u00e1tica de Ciudad Real (Castilla-La Mancha), Universidad de Castilla-La Mancha es un centro universitario que imparte el ciclo completo de Ingenier\u00eda en Inform\u00e1tica: grado, m\u00e1ster y doctorado.\",\"publisher\":{\"@id\":\"https:\\\/\\\/esi.uclm.es\\\/#organization\"},\"potentialAction\":[{\"@type\":\"SearchAction\",\"target\":{\"@type\":\"EntryPoint\",\"urlTemplate\":\"https:\\\/\\\/esi.uclm.es\\\/?s={search_term_string}\"},\"query-input\":{\"@type\":\"PropertyValueSpecification\",\"valueRequired\":true,\"valueName\":\"search_term_string\"}}],\"inLanguage\":\"es\"},{\"@type\":\"Organization\",\"@id\":\"https:\\\/\\\/esi.uclm.es\\\/#organization\",\"name\":\"Escuela Superior de Inform\u00e1tica de UCLM\",\"url\":\"https:\\\/\\\/esi.uclm.es\\\/\",\"logo\":{\"@type\":\"ImageObject\",\"inLanguage\":\"es\",\"@id\":\"https:\\\/\\\/esi.uclm.es\\\/#\\\/schema\\\/logo\\\/image\\\/\",\"url\":\"https:\\\/\\\/esi.uclm.es\\\/assets\\\/uploads\\\/2022\\\/03\\\/LogoESI_cabecera-1.png\",\"contentUrl\":\"https:\\\/\\\/esi.uclm.es\\\/assets\\\/uploads\\\/2022\\\/03\\\/LogoESI_cabecera-1.png\",\"width\":460,\"height\":184,\"caption\":\"Escuela Superior de Inform\u00e1tica de UCLM\"},\"image\":{\"@id\":\"https:\\\/\\\/esi.uclm.es\\\/#\\\/schema\\\/logo\\\/image\\\/\"},\"sameAs\":[\"https:\\\/\\\/www.facebook.com\\\/Escuela-Superior-de-Informtica-543261809027158\",\"https:\\\/\\\/x.com\\\/esiuclm\",\"https:\\\/\\\/www.instagram.com\\\/esiuclm\\\/\",\"https:\\\/\\\/www.youtube.com\\\/user\\\/esiuclm\",\"https:\\\/\\\/www.twitch.tv\\\/esiuclm\",\"https:\\\/\\\/www.linkedin.com\\\/company\\\/12656631\\\/admin\\\/\"]}]}<\/script>\n<!-- \/ Yoast SEO plugin. -->","yoast_head_json":{"title":"Agenda institucional - Escuela Superior de Inform\u00e1tica de UCLM","robots":{"index":"index","follow":"follow","max-snippet":"max-snippet:-1","max-image-preview":"max-image-preview:large","max-video-preview":"max-video-preview:-1"},"canonical":"https:\/\/esi.uclm.es\/index.php\/transparencia\/agenda-institucional\/","og_locale":"es_ES","og_type":"article","og_title":"Agenda institucional - Escuela Superior de Inform\u00e1tica de UCLM","og_description":"Se muestran a continuaci\u00f3n las principales reuniones del equipo de Direcci\u00f3n de la Escuela.","og_url":"https:\/\/esi.uclm.es\/index.php\/transparencia\/agenda-institucional\/","og_site_name":"Escuela Superior de Inform\u00e1tica de UCLM","article_publisher":"https:\/\/www.facebook.com\/Escuela-Superior-de-Informtica-543261809027158","article_modified_time":"2022-06-14T21:18:12+00:00","og_image":[{"url":"https:\/\/esi.uclm.es\/assets\/uploads\/2022\/05\/calendario_r-1024x256.webp","type":"","width":"","height":""}],"twitter_card":"summary_large_image","twitter_site":"@esiuclm","schema":{"@context":"https:\/\/schema.org","@graph":[{"@type":"WebPage","@id":"https:\/\/esi.uclm.es\/index.php\/transparencia\/agenda-institucional\/","url":"https:\/\/esi.uclm.es\/index.php\/transparencia\/agenda-institucional\/","name":"Agenda institucional - Escuela Superior de Inform\u00e1tica de UCLM","isPartOf":{"@id":"https:\/\/esi.uclm.es\/#website"},"primaryImageOfPage":{"@id":"https:\/\/esi.uclm.es\/index.php\/transparencia\/agenda-institucional\/#primaryimage"},"image":{"@id":"https:\/\/esi.uclm.es\/index.php\/transparencia\/agenda-institucional\/#primaryimage"},"thumbnailUrl":"https:\/\/esi.uclm.es\/assets\/uploads\/2022\/05\/calendario_r-1024x256.webp","datePublished":"2022-02-02T20:11:22+00:00","dateModified":"2022-06-14T21:18:12+00:00","breadcrumb":{"@id":"https:\/\/esi.uclm.es\/index.php\/transparencia\/agenda-institucional\/#breadcrumb"},"inLanguage":"es","potentialAction":[{"@type":"ReadAction","target":["https:\/\/esi.uclm.es\/index.php\/transparencia\/agenda-institucional\/"]}]},{"@type":"ImageObject","inLanguage":"es","@id":"https:\/\/esi.uclm.es\/index.php\/transparencia\/agenda-institucional\/#primaryimage","url":"https:\/\/esi.uclm.es\/assets\/uploads\/2022\/05\/calendario_r-1024x256.webp","contentUrl":"https:\/\/esi.uclm.es\/assets\/uploads\/2022\/05\/calendario_r-1024x256.webp"},{"@type":"BreadcrumbList","@id":"https:\/\/esi.uclm.es\/index.php\/transparencia\/agenda-institucional\/#breadcrumb","itemListElement":[{"@type":"ListItem","position":1,"name":"Portada","item":"https:\/\/esi.uclm.es\/"},{"@type":"ListItem","position":2,"name":"Transparencia","item":"https:\/\/esi.uclm.es\/index.php\/transparencia\/"},{"@type":"ListItem","position":3,"name":"Agenda institucional"}]},{"@type":"WebSite","@id":"https:\/\/esi.uclm.es\/#website","url":"https:\/\/esi.uclm.es\/","name":"Escuela Superior de Inform\u00e1tica de UCLM en Ciudad Real, Castilla-La Mancha","description":"La Escuela Superior de Inform\u00e1tica de Ciudad Real (Castilla-La Mancha), Universidad de Castilla-La Mancha es un centro universitario que imparte el ciclo completo de Ingenier\u00eda en Inform\u00e1tica: grado, m\u00e1ster y doctorado.","publisher":{"@id":"https:\/\/esi.uclm.es\/#organization"},"potentialAction":[{"@type":"SearchAction","target":{"@type":"EntryPoint","urlTemplate":"https:\/\/esi.uclm.es\/?s={search_term_string}"},"query-input":{"@type":"PropertyValueSpecification","valueRequired":true,"valueName":"search_term_string"}}],"inLanguage":"es"},{"@type":"Organization","@id":"https:\/\/esi.uclm.es\/#organization","name":"Escuela Superior de Inform\u00e1tica de UCLM","url":"https:\/\/esi.uclm.es\/","logo":{"@type":"ImageObject","inLanguage":"es","@id":"https:\/\/esi.uclm.es\/#\/schema\/logo\/image\/","url":"https:\/\/esi.uclm.es\/assets\/uploads\/2022\/03\/LogoESI_cabecera-1.png","contentUrl":"https:\/\/esi.uclm.es\/assets\/uploads\/2022\/03\/LogoESI_cabecera-1.png","width":460,"height":184,"caption":"Escuela Superior de Inform\u00e1tica de UCLM"},"image":{"@id":"https:\/\/esi.uclm.es\/#\/schema\/logo\/image\/"},"sameAs":["https:\/\/www.facebook.com\/Escuela-Superior-de-Informtica-543261809027158","https:\/\/x.com\/esiuclm","https:\/\/www.instagram.com\/esiuclm\/","https:\/\/www.youtube.com\/user\/esiuclm","https:\/\/www.twitch.tv\/esiuclm","https:\/\/www.linkedin.com\/company\/12656631\/admin\/"]}]}},"_links":{"self":[{"href":"https:\/\/esi.uclm.es\/index.php\/wp-json\/wp\/v2\/pages\/5294","targetHints":{"allow":["GET"]}}],"collection":[{"href":"https:\/\/esi.uclm.es\/index.php\/wp-json\/wp\/v2\/pages"}],"about":[{"href":"https:\/\/esi.uclm.es\/index.php\/wp-json\/wp\/v2\/types\/page"}],"author":[{"embeddable":true,"href":"https:\/\/esi.uclm.es\/index.php\/wp-json\/wp\/v2\/users\/1"}],"replies":[{"embeddable":true,"href":"https:\/\/esi.uclm.es\/index.php\/wp-json\/wp\/v2\/comments?post=5294"}],"version-history":[{"count":12,"href":"https:\/\/esi.uclm.es\/index.php\/wp-json\/wp\/v2\/pages\/5294\/revisions"}],"predecessor-version":[{"id":11001,"href":"https:\/\/esi.uclm.es\/index.php\/wp-json\/wp\/v2\/pages\/5294\/revisions\/11001"}],"up":[{"embeddable":true,"href":"https:\/\/esi.uclm.es\/index.php\/wp-json\/wp\/v2\/pages\/5393"}],"wp:attachment":[{"href":"https:\/\/esi.uclm.es\/index.php\/wp-json\/wp\/v2\/media?parent=5294"}],"curies":[{"name":"wp","href":"https:\/\/api.w.org\/{rel}","templated":true}]}}