{"id":4985,"date":"2022-01-30T20:20:00","date_gmt":"2022-01-30T20:20:00","guid":{"rendered":"http:\/\/esiaz24.uclm.es\/?page_id=4985"},"modified":"2022-02-23T18:34:02","modified_gmt":"2022-02-23T18:34:02","slug":"spanish-universities-for-eu-projects","status":"publish","type":"page","link":"https:\/\/esi.uclm.es\/index.php\/internacionalizacion\/spanish-universities-for-eu-projects\/","title":{"rendered":"Spanish Universities for EU Projects"},"content":{"rendered":"\n<h2 class=\"wp-block-heading\" id=\"becas-erasmus-practicas-en-instituciones-europeas\">Becas Erasmus + Pr\u00e1cticas en Instituciones Europeas<\/h2>\n\n\n\n<hr class=\"wp-block-separator has-text-color has-background has-vivid-cyan-blue-background-color has-vivid-cyan-blue-color\"\/>\n\n\n\n<div class=\"wp-block-image\"><figure class=\"aligncenter size-large\"><img loading=\"lazy\" decoding=\"async\" width=\"724\" height=\"1024\" src=\"https:\/\/esi.uclm.es\/assets\/uploads\/2022\/01\/original_SupUn_poster2-724x1024.jpeg\" alt=\"\" class=\"wp-image-4986\" srcset=\"https:\/\/esi.uclm.es\/assets\/uploads\/2022\/01\/original_SupUn_poster2-724x1024.jpeg 724w, https:\/\/esi.uclm.es\/assets\/uploads\/2022\/01\/original_SupUn_poster2-212x300.jpeg 212w, https:\/\/esi.uclm.es\/assets\/uploads\/2022\/01\/original_SupUn_poster2-768x1086.jpeg 768w, https:\/\/esi.uclm.es\/assets\/uploads\/2022\/01\/original_SupUn_poster2-1086x1536.jpeg 1086w, https:\/\/esi.uclm.es\/assets\/uploads\/2022\/01\/original_SupUn_poster2-1448x2048.jpeg 1448w, https:\/\/esi.uclm.es\/assets\/uploads\/2022\/01\/original_SupUn_poster2-1300x1839.jpeg 1300w, https:\/\/esi.uclm.es\/assets\/uploads\/2022\/01\/original_SupUn_poster2-600x849.jpeg 600w, https:\/\/esi.uclm.es\/assets\/uploads\/2022\/01\/original_SupUn_poster2.jpeg 1587w\" sizes=\"auto, (max-width: 724px) 100vw, 724px\" \/><\/figure><\/div>\n\n\n\n<p>Nuestra universidad, que pertenece al proyecto&nbsp;<strong>Spanish Universities for EU Projects<\/strong>, ofrece una plataforma donde encontrar empresas e instituciones para realizar un periodo de pr\u00e1cticas fuera de Espa\u00f1a. La caracter\u00edstica com\u00fan es que todas ellas trabajan en el \u00e1rea de proyectos europeos.<\/p>\n\n\n\n<p>Registrarse en la plataforma y contactar con las diferentes ofertas de pr\u00e1cticas no compromete a nada, el compromiso \u00fanicamente comienza si estudiante y empresa firman una carta de aceptaci\u00f3n. Inscr\u00edbete en la plataforma desde el&nbsp;<strong>16\/11\/2021&nbsp;<\/strong>hasta el<strong>&nbsp;17\/01\/2022<\/strong>&nbsp;y da de alta tu perfil.<\/p>\n\n\n\n<p>&nbsp;A partir del 17\/01\/2022 podr\u00e1s ver las diferentes ofertas de pr\u00e1cticas de la plataforma, realizar entrevistas por videollamada con ellas para conocer mejor las condiciones y en el caso de que empresa y estudiante encajen en sus intereses recibir una beca Erasmus+ para ayudarte en los gastos de esta experiencia.<\/p>\n\n\n\n<p>Realizamos un v\u00eddeo informativo que puedes ver en: &nbsp;<a href=\"http:\/\/www.campusiberus.es\/euprojects\" target=\"_blank\" rel=\"noopener\">http:\/\/www.campusiberus.es\/euprojects<\/a>&nbsp;adem\u00e1s, el proyecto dispone de un n\u00famero de WhatsApp para resolver vuestras dudas y las&nbsp;incidencias que pod\u00e1is tener en el proceso +34 673 05 81 10<\/p>\n","protected":false},"excerpt":{"rendered":"<p>Becas Erasmus + Pr\u00e1cticas en Instituciones Europeas Nuestra universidad, que pertenece al proyecto&nbsp;Spanish Universities for EU Projects, ofrece una plataforma donde encontrar empresas e instituciones para realizar un periodo de pr\u00e1cticas fuera de Espa\u00f1a. La caracter\u00edstica com\u00fan es que todas ellas trabajan en el \u00e1rea [&hellip;]<\/p>\n","protected":false},"author":1,"featured_media":0,"parent":5671,"menu_order":0,"comment_status":"closed","ping_status":"closed","template":"","meta":{"footnotes":""},"class_list":["post-4985","page","type-page","status-publish","hentry"],"yoast_head":"<!-- This site is optimized with the Yoast SEO plugin v27.3 - https:\/\/yoast.com\/product\/yoast-seo-wordpress\/ -->\n<title>Spanish Universities for EU Projects - Escuela Superior de Inform\u00e1tica de UCLM<\/title>\n<meta name=\"robots\" content=\"index, follow, max-snippet:-1, max-image-preview:large, max-video-preview:-1\" \/>\n<link rel=\"canonical\" href=\"https:\/\/esi.uclm.es\/index.php\/internacionalizacion\/spanish-universities-for-eu-projects\/\" \/>\n<meta property=\"og:locale\" content=\"es_ES\" \/>\n<meta property=\"og:type\" content=\"article\" \/>\n<meta property=\"og:title\" content=\"Spanish Universities for EU Projects - Escuela Superior de Inform\u00e1tica de UCLM\" \/>\n<meta property=\"og:description\" content=\"Becas Erasmus + Pr\u00e1cticas en Instituciones Europeas Nuestra universidad, que pertenece al proyecto&nbsp;Spanish Universities for EU Projects, ofrece una plataforma donde encontrar empresas e instituciones para realizar un periodo de pr\u00e1cticas fuera de Espa\u00f1a. La caracter\u00edstica com\u00fan es que todas ellas trabajan en el \u00e1rea [&hellip;]\" \/>\n<meta property=\"og:url\" content=\"https:\/\/esi.uclm.es\/index.php\/internacionalizacion\/spanish-universities-for-eu-projects\/\" \/>\n<meta property=\"og:site_name\" content=\"Escuela Superior de Inform\u00e1tica de UCLM\" \/>\n<meta property=\"article:publisher\" content=\"https:\/\/www.facebook.com\/Escuela-Superior-de-Informtica-543261809027158\" \/>\n<meta property=\"article:modified_time\" content=\"2022-02-23T18:34:02+00:00\" \/>\n<meta property=\"og:image\" content=\"https:\/\/esi.uclm.es\/assets\/uploads\/2022\/01\/original_SupUn_poster2-724x1024.jpeg\" \/>\n<meta name=\"twitter:card\" content=\"summary_large_image\" \/>\n<meta name=\"twitter:site\" content=\"@esiuclm\" \/>\n<meta name=\"twitter:label1\" content=\"Tiempo de lectura\" \/>\n\t<meta name=\"twitter:data1\" content=\"1 minuto\" \/>\n<script type=\"application\/ld+json\" class=\"yoast-schema-graph\">{\"@context\":\"https:\\\/\\\/schema.org\",\"@graph\":[{\"@type\":\"WebPage\",\"@id\":\"https:\\\/\\\/esi.uclm.es\\\/index.php\\\/internacionalizacion\\\/spanish-universities-for-eu-projects\\\/\",\"url\":\"https:\\\/\\\/esi.uclm.es\\\/index.php\\\/internacionalizacion\\\/spanish-universities-for-eu-projects\\\/\",\"name\":\"Spanish Universities for EU Projects - Escuela Superior de Inform\u00e1tica de UCLM\",\"isPartOf\":{\"@id\":\"https:\\\/\\\/esi.uclm.es\\\/#website\"},\"primaryImageOfPage\":{\"@id\":\"https:\\\/\\\/esi.uclm.es\\\/index.php\\\/internacionalizacion\\\/spanish-universities-for-eu-projects\\\/#primaryimage\"},\"image\":{\"@id\":\"https:\\\/\\\/esi.uclm.es\\\/index.php\\\/internacionalizacion\\\/spanish-universities-for-eu-projects\\\/#primaryimage\"},\"thumbnailUrl\":\"https:\\\/\\\/esi.uclm.es\\\/assets\\\/uploads\\\/2022\\\/01\\\/original_SupUn_poster2-724x1024.jpeg\",\"datePublished\":\"2022-01-30T20:20:00+00:00\",\"dateModified\":\"2022-02-23T18:34:02+00:00\",\"breadcrumb\":{\"@id\":\"https:\\\/\\\/esi.uclm.es\\\/index.php\\\/internacionalizacion\\\/spanish-universities-for-eu-projects\\\/#breadcrumb\"},\"inLanguage\":\"es\",\"potentialAction\":[{\"@type\":\"ReadAction\",\"target\":[\"https:\\\/\\\/esi.uclm.es\\\/index.php\\\/internacionalizacion\\\/spanish-universities-for-eu-projects\\\/\"]}]},{\"@type\":\"ImageObject\",\"inLanguage\":\"es\",\"@id\":\"https:\\\/\\\/esi.uclm.es\\\/index.php\\\/internacionalizacion\\\/spanish-universities-for-eu-projects\\\/#primaryimage\",\"url\":\"https:\\\/\\\/esi.uclm.es\\\/assets\\\/uploads\\\/2022\\\/01\\\/original_SupUn_poster2-724x1024.jpeg\",\"contentUrl\":\"https:\\\/\\\/esi.uclm.es\\\/assets\\\/uploads\\\/2022\\\/01\\\/original_SupUn_poster2-724x1024.jpeg\"},{\"@type\":\"BreadcrumbList\",\"@id\":\"https:\\\/\\\/esi.uclm.es\\\/index.php\\\/internacionalizacion\\\/spanish-universities-for-eu-projects\\\/#breadcrumb\",\"itemListElement\":[{\"@type\":\"ListItem\",\"position\":1,\"name\":\"Portada\",\"item\":\"https:\\\/\\\/esi.uclm.es\\\/\"},{\"@type\":\"ListItem\",\"position\":2,\"name\":\"Internacionalizaci\u00f3n\",\"item\":\"https:\\\/\\\/esi.uclm.es\\\/index.php\\\/internacionalizacion\\\/\"},{\"@type\":\"ListItem\",\"position\":3,\"name\":\"Spanish Universities for EU Projects\"}]},{\"@type\":\"WebSite\",\"@id\":\"https:\\\/\\\/esi.uclm.es\\\/#website\",\"url\":\"https:\\\/\\\/esi.uclm.es\\\/\",\"name\":\"Escuela Superior de Inform\u00e1tica de UCLM en Ciudad Real, Castilla-La Mancha\",\"description\":\"La Escuela Superior de Inform\u00e1tica de Ciudad Real (Castilla-La Mancha), Universidad de Castilla-La Mancha es un centro universitario que imparte el ciclo completo de Ingenier\u00eda en Inform\u00e1tica: grado, m\u00e1ster y doctorado.\",\"publisher\":{\"@id\":\"https:\\\/\\\/esi.uclm.es\\\/#organization\"},\"potentialAction\":[{\"@type\":\"SearchAction\",\"target\":{\"@type\":\"EntryPoint\",\"urlTemplate\":\"https:\\\/\\\/esi.uclm.es\\\/?s={search_term_string}\"},\"query-input\":{\"@type\":\"PropertyValueSpecification\",\"valueRequired\":true,\"valueName\":\"search_term_string\"}}],\"inLanguage\":\"es\"},{\"@type\":\"Organization\",\"@id\":\"https:\\\/\\\/esi.uclm.es\\\/#organization\",\"name\":\"Escuela Superior de Inform\u00e1tica de UCLM\",\"url\":\"https:\\\/\\\/esi.uclm.es\\\/\",\"logo\":{\"@type\":\"ImageObject\",\"inLanguage\":\"es\",\"@id\":\"https:\\\/\\\/esi.uclm.es\\\/#\\\/schema\\\/logo\\\/image\\\/\",\"url\":\"https:\\\/\\\/esi.uclm.es\\\/assets\\\/uploads\\\/2022\\\/03\\\/LogoESI_cabecera-1.png\",\"contentUrl\":\"https:\\\/\\\/esi.uclm.es\\\/assets\\\/uploads\\\/2022\\\/03\\\/LogoESI_cabecera-1.png\",\"width\":460,\"height\":184,\"caption\":\"Escuela Superior de Inform\u00e1tica de UCLM\"},\"image\":{\"@id\":\"https:\\\/\\\/esi.uclm.es\\\/#\\\/schema\\\/logo\\\/image\\\/\"},\"sameAs\":[\"https:\\\/\\\/www.facebook.com\\\/Escuela-Superior-de-Informtica-543261809027158\",\"https:\\\/\\\/x.com\\\/esiuclm\",\"https:\\\/\\\/www.instagram.com\\\/esiuclm\\\/\",\"https:\\\/\\\/www.youtube.com\\\/user\\\/esiuclm\",\"https:\\\/\\\/www.twitch.tv\\\/esiuclm\",\"https:\\\/\\\/www.linkedin.com\\\/company\\\/12656631\\\/admin\\\/\"]}]}<\/script>\n<!-- \/ Yoast SEO plugin. -->","yoast_head_json":{"title":"Spanish Universities for EU Projects - Escuela Superior de Inform\u00e1tica de UCLM","robots":{"index":"index","follow":"follow","max-snippet":"max-snippet:-1","max-image-preview":"max-image-preview:large","max-video-preview":"max-video-preview:-1"},"canonical":"https:\/\/esi.uclm.es\/index.php\/internacionalizacion\/spanish-universities-for-eu-projects\/","og_locale":"es_ES","og_type":"article","og_title":"Spanish Universities for EU Projects - Escuela Superior de Inform\u00e1tica de UCLM","og_description":"Becas Erasmus + Pr\u00e1cticas en Instituciones Europeas Nuestra universidad, que pertenece al proyecto&nbsp;Spanish Universities for EU Projects, ofrece una plataforma donde encontrar empresas e instituciones para realizar un periodo de pr\u00e1cticas fuera de Espa\u00f1a. La caracter\u00edstica com\u00fan es que todas ellas trabajan en el \u00e1rea [&hellip;]","og_url":"https:\/\/esi.uclm.es\/index.php\/internacionalizacion\/spanish-universities-for-eu-projects\/","og_site_name":"Escuela Superior de Inform\u00e1tica de UCLM","article_publisher":"https:\/\/www.facebook.com\/Escuela-Superior-de-Informtica-543261809027158","article_modified_time":"2022-02-23T18:34:02+00:00","og_image":[{"url":"https:\/\/esi.uclm.es\/assets\/uploads\/2022\/01\/original_SupUn_poster2-724x1024.jpeg","type":"","width":"","height":""}],"twitter_card":"summary_large_image","twitter_site":"@esiuclm","twitter_misc":{"Tiempo de lectura":"1 minuto"},"schema":{"@context":"https:\/\/schema.org","@graph":[{"@type":"WebPage","@id":"https:\/\/esi.uclm.es\/index.php\/internacionalizacion\/spanish-universities-for-eu-projects\/","url":"https:\/\/esi.uclm.es\/index.php\/internacionalizacion\/spanish-universities-for-eu-projects\/","name":"Spanish Universities for EU Projects - Escuela Superior de Inform\u00e1tica de UCLM","isPartOf":{"@id":"https:\/\/esi.uclm.es\/#website"},"primaryImageOfPage":{"@id":"https:\/\/esi.uclm.es\/index.php\/internacionalizacion\/spanish-universities-for-eu-projects\/#primaryimage"},"image":{"@id":"https:\/\/esi.uclm.es\/index.php\/internacionalizacion\/spanish-universities-for-eu-projects\/#primaryimage"},"thumbnailUrl":"https:\/\/esi.uclm.es\/assets\/uploads\/2022\/01\/original_SupUn_poster2-724x1024.jpeg","datePublished":"2022-01-30T20:20:00+00:00","dateModified":"2022-02-23T18:34:02+00:00","breadcrumb":{"@id":"https:\/\/esi.uclm.es\/index.php\/internacionalizacion\/spanish-universities-for-eu-projects\/#breadcrumb"},"inLanguage":"es","potentialAction":[{"@type":"ReadAction","target":["https:\/\/esi.uclm.es\/index.php\/internacionalizacion\/spanish-universities-for-eu-projects\/"]}]},{"@type":"ImageObject","inLanguage":"es","@id":"https:\/\/esi.uclm.es\/index.php\/internacionalizacion\/spanish-universities-for-eu-projects\/#primaryimage","url":"https:\/\/esi.uclm.es\/assets\/uploads\/2022\/01\/original_SupUn_poster2-724x1024.jpeg","contentUrl":"https:\/\/esi.uclm.es\/assets\/uploads\/2022\/01\/original_SupUn_poster2-724x1024.jpeg"},{"@type":"BreadcrumbList","@id":"https:\/\/esi.uclm.es\/index.php\/internacionalizacion\/spanish-universities-for-eu-projects\/#breadcrumb","itemListElement":[{"@type":"ListItem","position":1,"name":"Portada","item":"https:\/\/esi.uclm.es\/"},{"@type":"ListItem","position":2,"name":"Internacionalizaci\u00f3n","item":"https:\/\/esi.uclm.es\/index.php\/internacionalizacion\/"},{"@type":"ListItem","position":3,"name":"Spanish Universities for EU Projects"}]},{"@type":"WebSite","@id":"https:\/\/esi.uclm.es\/#website","url":"https:\/\/esi.uclm.es\/","name":"Escuela Superior de Inform\u00e1tica de UCLM en Ciudad Real, Castilla-La Mancha","description":"La Escuela Superior de Inform\u00e1tica de Ciudad Real (Castilla-La Mancha), Universidad de Castilla-La Mancha es un centro universitario que imparte el ciclo completo de Ingenier\u00eda en Inform\u00e1tica: grado, m\u00e1ster y doctorado.","publisher":{"@id":"https:\/\/esi.uclm.es\/#organization"},"potentialAction":[{"@type":"SearchAction","target":{"@type":"EntryPoint","urlTemplate":"https:\/\/esi.uclm.es\/?s={search_term_string}"},"query-input":{"@type":"PropertyValueSpecification","valueRequired":true,"valueName":"search_term_string"}}],"inLanguage":"es"},{"@type":"Organization","@id":"https:\/\/esi.uclm.es\/#organization","name":"Escuela Superior de Inform\u00e1tica de UCLM","url":"https:\/\/esi.uclm.es\/","logo":{"@type":"ImageObject","inLanguage":"es","@id":"https:\/\/esi.uclm.es\/#\/schema\/logo\/image\/","url":"https:\/\/esi.uclm.es\/assets\/uploads\/2022\/03\/LogoESI_cabecera-1.png","contentUrl":"https:\/\/esi.uclm.es\/assets\/uploads\/2022\/03\/LogoESI_cabecera-1.png","width":460,"height":184,"caption":"Escuela Superior de Inform\u00e1tica de UCLM"},"image":{"@id":"https:\/\/esi.uclm.es\/#\/schema\/logo\/image\/"},"sameAs":["https:\/\/www.facebook.com\/Escuela-Superior-de-Informtica-543261809027158","https:\/\/x.com\/esiuclm","https:\/\/www.instagram.com\/esiuclm\/","https:\/\/www.youtube.com\/user\/esiuclm","https:\/\/www.twitch.tv\/esiuclm","https:\/\/www.linkedin.com\/company\/12656631\/admin\/"]}]}},"_links":{"self":[{"href":"https:\/\/esi.uclm.es\/index.php\/wp-json\/wp\/v2\/pages\/4985","targetHints":{"allow":["GET"]}}],"collection":[{"href":"https:\/\/esi.uclm.es\/index.php\/wp-json\/wp\/v2\/pages"}],"about":[{"href":"https:\/\/esi.uclm.es\/index.php\/wp-json\/wp\/v2\/types\/page"}],"author":[{"embeddable":true,"href":"https:\/\/esi.uclm.es\/index.php\/wp-json\/wp\/v2\/users\/1"}],"replies":[{"embeddable":true,"href":"https:\/\/esi.uclm.es\/index.php\/wp-json\/wp\/v2\/comments?post=4985"}],"version-history":[{"count":3,"href":"https:\/\/esi.uclm.es\/index.php\/wp-json\/wp\/v2\/pages\/4985\/revisions"}],"predecessor-version":[{"id":7331,"href":"https:\/\/esi.uclm.es\/index.php\/wp-json\/wp\/v2\/pages\/4985\/revisions\/7331"}],"up":[{"embeddable":true,"href":"https:\/\/esi.uclm.es\/index.php\/wp-json\/wp\/v2\/pages\/5671"}],"wp:attachment":[{"href":"https:\/\/esi.uclm.es\/index.php\/wp-json\/wp\/v2\/media?parent=4985"}],"curies":[{"name":"wp","href":"https:\/\/api.w.org\/{rel}","templated":true}]}}