{"id":4896,"date":"2022-01-30T07:58:41","date_gmt":"2022-01-30T07:58:41","guid":{"rendered":"http:\/\/esiaz24.uclm.es\/?page_id=4896"},"modified":"2023-04-23T19:28:24","modified_gmt":"2023-04-23T19:28:24","slug":"liga-de-futbol-sala","status":"publish","type":"page","link":"https:\/\/esi.uclm.es\/index.php\/vida-en-la-esi\/deportes-y-ocio\/liga-de-futbol-sala\/","title":{"rendered":"Liga de F\u00fatbol Sala"},"content":{"rendered":"\r\n<p>\u00a1Ya es oficial! Tenemos aqu\u00ed la II Liga de F\u00fatbol Sala de la Escuela Superior de Inform\u00e1tica. Dentro de muy poco saldr\u00e1n los plazos de inscripci\u00f3n, lo que ya sabemos es que empezamos el 2 de noviembre.<\/p>\r\n\r\n\r\n\r\n<p>&nbsp;<\/p>\r\n\r\n\r\n\r\n<p>\u00bfNo sabes si apuntarte? \u00bfTienes dudas? Igual conociendo los premios te animas.<\/p>\r\n\r\n\r\n\r\n<p>Tenemos premios muy interesantes, para el primero habr\u00e1 un total de 250\u20ac, mientras que para el segundo habr\u00e1 100\u20ac.<\/p>\r\n\r\n\r\n\r\n<p>&nbsp;<\/p>\r\n\r\n\r\n\r\n<p>EQUIPOS M\u00c1XIMOS ADMITIDOS: 6 equipos<\/p>\r\n\r\n\r\n\r\n<p>&nbsp;<\/p>\r\n\r\n\r\n\r\n<p>IMPORTANTE: leer el reglamento antes de inscribirse a la Liga.<\/p>\r\n\r\n\r\n\r\n<p>Para cualquier duda contactar con lucia.marcos@alu.uclm.es<\/p>\r\n\r\n\r\n\r\n<p><strong>\u00a0<\/strong><\/p>\r\n\r\n\r\n\r\n<p><strong>\u00a1\u00a1GANADORES DE LA II LIGA DE FUTBOL SALA: LOS MATAUS!! &#8211; Pronto v\u00eddeo con el partido de la final<\/strong><\/p>\r\n\r\n\r\n\r\n<figure class=\"wp-block-video\"><\/figure>\r\n\r\n\r\n\r\n<p>&nbsp;<\/p>\r\n\r\n\r\n<hr class=\"wp-block-separator has-alpha-channel-opacity\" \/>\r\n\r\n\r\n<p><strong>\u00daltimas Noticias<\/strong><\/p>\r\n\r\n\r\n<div class=\"vc_row wpb_row vc_row-fluid mkd-section mkd-content-aligment-left\" style=\"\"><div class=\"clearfix mkd-full-section-inner\"><div class=\"wpb_column vc_column_container vc_col-sm-12\"><div class=\"vc_column-inner\"><div class=\"wpb_wrapper\"><div class=\"mkd-bnl-holder mkd-pl-seven-holder  mkd-post-columns-2\"  data-base=\"mkd_post_layout_seven\"  data-number_of_posts=\"6\" data-column_number=\"2\"       data-sort=\"latest\"            data-display_pagination=\"no\"     data-paged=\"1\" data-max_pages=\"201\"><div class=\"mkd-bnl-outer\"><div class=\"mkd-bnl-inner\"><div class=\"mkd-pt-seven-item mkd-post-item\">\n\t<div class=\"mkd-pt-seven-item-inner clearfix\">\n\t\t\t\t\t<div class=\"mkd-pt-seven-image-holder\" style=\"width: 123px\">\n\t\t\t\t<a itemprop=\"url\" class=\"mkd-pt-seven-link mkd-image-link\" href=\"https:\/\/esi.uclm.es\/index.php\/2026\/04\/08\/en-video-hackeando-el-miedo-a-la-transparencia-jaime-gomez-obregon\/\" target=\"_self\">\n\t\t\t\t\t<img loading=\"lazy\" decoding=\"async\" src=\"https:\/\/esi.uclm.es\/assets\/uploads\/2026\/04\/jaimeGo_WEB-1-123x105.webp\" alt=\"Jaime G\u00f3mez Obreg\u00f3n en la ESI\" width=\"123\" height=\"105\" \/>\t\t\t\t<\/a>\n\t\t\t<\/div>\n\t\t\t\t<div class=\"mkd-pt-seven-content-holder\">\n\t\t\t<div class=\"mkd-pt-seven-title-holder\">\n\t\t\t\t<h5 class=\"mkd-pt-seven-title\">\n\t\t\t\t\t<a itemprop=\"url\" class=\"mkd-pt-link\" href=\"https:\/\/esi.uclm.es\/index.php\/2026\/04\/08\/en-video-hackeando-el-miedo-a-la-transparencia-jaime-gomez-obregon\/\" target=\"_self\">En v\u00eddeo: Hackeando el miedo a la transparencia | Jaime G\u00f3mez-Obreg\u00f3n<\/a>\n\t\t\t\t<\/h5>\n\t\t\t<\/div>\n\t\t\t<div itemprop=\"dateCreated\" class=\"mkd-post-info-date entry-date updated\">\n\t\t\t<a itemprop=\"url\" href=\"https:\/\/esi.uclm.es\/index.php\/2026\/04\/\">\n\t\t8 de abril de 2026\t\t\t<\/a>\n\t\t<meta itemprop=\"interactionCount\" content=\"UserComments: 0\"\/>\n<\/div>\t\t\t\t\t<\/div>\n\t<\/div>\n<\/div><div class=\"mkd-pt-seven-item mkd-post-item\">\n\t<div class=\"mkd-pt-seven-item-inner clearfix\">\n\t\t\t\t\t<div class=\"mkd-pt-seven-image-holder\" style=\"width: 123px\">\n\t\t\t\t<a itemprop=\"url\" class=\"mkd-pt-seven-link mkd-image-link\" href=\"https:\/\/esi.uclm.es\/index.php\/2026\/04\/04\/8-de-abril-hackeando-el-miedo-a-la-transparencia\/\" target=\"_self\">\n\t\t\t\t\t<img loading=\"lazy\" decoding=\"async\" src=\"https:\/\/esi.uclm.es\/assets\/uploads\/2026\/04\/jaimeGO_web-123x105.webp\" alt=\"Jaime G\u00f3mez Obreg\u00f3n\" width=\"123\" height=\"105\" \/>\t\t\t\t<\/a>\n\t\t\t<\/div>\n\t\t\t\t<div class=\"mkd-pt-seven-content-holder\">\n\t\t\t<div class=\"mkd-pt-seven-title-holder\">\n\t\t\t\t<h5 class=\"mkd-pt-seven-title\">\n\t\t\t\t\t<a itemprop=\"url\" class=\"mkd-pt-link\" href=\"https:\/\/esi.uclm.es\/index.php\/2026\/04\/04\/8-de-abril-hackeando-el-miedo-a-la-transparencia\/\" target=\"_self\">8 de abril &#8211; Hackeando el miedo a la transparencia<\/a>\n\t\t\t\t<\/h5>\n\t\t\t<\/div>\n\t\t\t<div itemprop=\"dateCreated\" class=\"mkd-post-info-date entry-date updated\">\n\t\t\t<a itemprop=\"url\" href=\"https:\/\/esi.uclm.es\/index.php\/2026\/04\/\">\n\t\t4 de abril de 2026\t\t\t<\/a>\n\t\t<meta itemprop=\"interactionCount\" content=\"UserComments: 0\"\/>\n<\/div>\t\t\t\t\t<\/div>\n\t<\/div>\n<\/div><div class=\"mkd-pt-seven-item mkd-post-item\">\n\t<div class=\"mkd-pt-seven-item-inner clearfix\">\n\t\t\t\t\t<div class=\"mkd-pt-seven-image-holder\" style=\"width: 123px\">\n\t\t\t\t<a itemprop=\"url\" class=\"mkd-pt-seven-link mkd-image-link\" href=\"https:\/\/esi.uclm.es\/index.php\/2026\/04\/03\/campana-24-25-estudia-ingenieria-informatica-estudia-en-la-esi\/\" target=\"_self\">\n\t\t\t\t\t<img loading=\"lazy\" decoding=\"async\" src=\"https:\/\/esi.uclm.es\/assets\/uploads\/2023\/04\/fachada_centrada-123x105.jpg\" alt=\"Facchada de la Escuela Superior de Inform\u00e1tica\" width=\"123\" height=\"105\" \/>\t\t\t\t<\/a>\n\t\t\t<\/div>\n\t\t\t\t<div class=\"mkd-pt-seven-content-holder\">\n\t\t\t<div class=\"mkd-pt-seven-title-holder\">\n\t\t\t\t<h5 class=\"mkd-pt-seven-title\">\n\t\t\t\t\t<a itemprop=\"url\" class=\"mkd-pt-link\" href=\"https:\/\/esi.uclm.es\/index.php\/2026\/04\/03\/campana-24-25-estudia-ingenieria-informatica-estudia-en-la-esi\/\" target=\"_self\">Estudia Ingenier\u00eda Inform\u00e1tica, Estudia en la ESI<\/a>\n\t\t\t\t<\/h5>\n\t\t\t<\/div>\n\t\t\t<div itemprop=\"dateCreated\" class=\"mkd-post-info-date entry-date updated\">\n\t\t\t<a itemprop=\"url\" href=\"https:\/\/esi.uclm.es\/index.php\/2026\/04\/\">\n\t\t3 de abril de 2026\t\t\t<\/a>\n\t\t<meta itemprop=\"interactionCount\" content=\"UserComments: 0\"\/>\n<\/div>\t\t\t\t\t<\/div>\n\t<\/div>\n<\/div><div class=\"mkd-pt-seven-item mkd-post-item\">\n\t<div class=\"mkd-pt-seven-item-inner clearfix\">\n\t\t\t\t\t<div class=\"mkd-pt-seven-image-holder\" style=\"width: 123px\">\n\t\t\t\t<a itemprop=\"url\" class=\"mkd-pt-seven-link mkd-image-link\" href=\"https:\/\/esi.uclm.es\/index.php\/2026\/03\/25\/en-video-conferencia-de-isabel-rodriguez-olivar\/\" target=\"_self\">\n\t\t\t\t\t<img loading=\"lazy\" decoding=\"async\" src=\"https:\/\/esi.uclm.es\/assets\/uploads\/2026\/03\/isabelRodriguez_conferencia_Video-123x105.webp\" alt=\"Isabel Rodr\u00edguez Olivar durante la conferencia\" width=\"123\" height=\"105\" \/>\t\t\t\t<\/a>\n\t\t\t<\/div>\n\t\t\t\t<div class=\"mkd-pt-seven-content-holder\">\n\t\t\t<div class=\"mkd-pt-seven-title-holder\">\n\t\t\t\t<h5 class=\"mkd-pt-seven-title\">\n\t\t\t\t\t<a itemprop=\"url\" class=\"mkd-pt-link\" href=\"https:\/\/esi.uclm.es\/index.php\/2026\/03\/25\/en-video-conferencia-de-isabel-rodriguez-olivar\/\" target=\"_self\">En v\u00eddeo &#8211; Conferencia de Isabel Rodr\u00edguez Olivar<\/a>\n\t\t\t\t<\/h5>\n\t\t\t<\/div>\n\t\t\t<div itemprop=\"dateCreated\" class=\"mkd-post-info-date entry-date updated\">\n\t\t\t<a itemprop=\"url\" href=\"https:\/\/esi.uclm.es\/index.php\/2026\/03\/\">\n\t\t25 de marzo de 2026\t\t\t<\/a>\n\t\t<meta itemprop=\"interactionCount\" content=\"UserComments: 0\"\/>\n<\/div>\t\t\t\t\t<\/div>\n\t<\/div>\n<\/div><div class=\"mkd-pt-seven-item mkd-post-item\">\n\t<div class=\"mkd-pt-seven-item-inner clearfix\">\n\t\t\t\t\t<div class=\"mkd-pt-seven-image-holder\" style=\"width: 123px\">\n\t\t\t\t<a itemprop=\"url\" class=\"mkd-pt-seven-link mkd-image-link\" href=\"https:\/\/esi.uclm.es\/index.php\/2026\/03\/25\/la-esi-orienta-a-futuros-universitarios-en-la-feria-del-ies-gregorio-prieto-en-valdepenas\/\" target=\"_self\">\n\t\t\t\t\t<img loading=\"lazy\" decoding=\"async\" src=\"https:\/\/esi.uclm.es\/assets\/uploads\/2026\/03\/portada_feriavaldepenas-123x105.webp\" alt=\"Profesores de la ESI en la Feria de Empleo de Valdepe\u00f1as\" width=\"123\" height=\"105\" \/>\t\t\t\t<\/a>\n\t\t\t<\/div>\n\t\t\t\t<div class=\"mkd-pt-seven-content-holder\">\n\t\t\t<div class=\"mkd-pt-seven-title-holder\">\n\t\t\t\t<h5 class=\"mkd-pt-seven-title\">\n\t\t\t\t\t<a itemprop=\"url\" class=\"mkd-pt-link\" href=\"https:\/\/esi.uclm.es\/index.php\/2026\/03\/25\/la-esi-orienta-a-futuros-universitarios-en-la-feria-del-ies-gregorio-prieto-en-valdepenas\/\" target=\"_self\">La ESI orienta a futuros universitarios en la Feria del IES Gregorio Prieto en Valdepe\u00f1as<\/a>\n\t\t\t\t<\/h5>\n\t\t\t<\/div>\n\t\t\t<div itemprop=\"dateCreated\" class=\"mkd-post-info-date entry-date updated\">\n\t\t\t<a itemprop=\"url\" href=\"https:\/\/esi.uclm.es\/index.php\/2026\/03\/\">\n\t\t25 de marzo de 2026\t\t\t<\/a>\n\t\t<meta itemprop=\"interactionCount\" content=\"UserComments: 0\"\/>\n<\/div>\t\t\t\t\t<\/div>\n\t<\/div>\n<\/div><div class=\"mkd-pt-seven-item mkd-post-item\">\n\t<div class=\"mkd-pt-seven-item-inner clearfix\">\n\t\t\t\t\t<div class=\"mkd-pt-seven-image-holder\" style=\"width: 123px\">\n\t\t\t\t<a itemprop=\"url\" class=\"mkd-pt-seven-link mkd-image-link\" href=\"https:\/\/esi.uclm.es\/index.php\/2026\/03\/23\/se-puede-medir-el-odio\/\" target=\"_self\">\n\t\t\t\t\t<img loading=\"lazy\" decoding=\"async\" src=\"https:\/\/esi.uclm.es\/assets\/uploads\/2026\/03\/odiometro-123x105.webp\" alt=\"mujer con cara de odio y sistemas de medida\" width=\"123\" height=\"105\" \/>\t\t\t\t<\/a>\n\t\t\t<\/div>\n\t\t\t\t<div class=\"mkd-pt-seven-content-holder\">\n\t\t\t<div class=\"mkd-pt-seven-title-holder\">\n\t\t\t\t<h5 class=\"mkd-pt-seven-title\">\n\t\t\t\t\t<a itemprop=\"url\" class=\"mkd-pt-link\" href=\"https:\/\/esi.uclm.es\/index.php\/2026\/03\/23\/se-puede-medir-el-odio\/\" target=\"_self\">\u00bfSe puede medir el odio?<\/a>\n\t\t\t\t<\/h5>\n\t\t\t<\/div>\n\t\t\t<div itemprop=\"dateCreated\" class=\"mkd-post-info-date entry-date updated\">\n\t\t\t<a itemprop=\"url\" href=\"https:\/\/esi.uclm.es\/index.php\/2026\/03\/\">\n\t\t23 de marzo de 2026\t\t\t<\/a>\n\t\t<meta itemprop=\"interactionCount\" content=\"UserComments: 0\"\/>\n<\/div>\t\t\t\t\t<\/div>\n\t<\/div>\n<\/div><\/div><\/div><\/div><\/div><\/div><\/div><\/div><\/div>\n","protected":false},"excerpt":{"rendered":"<p>\u00a1Ya es oficial! Tenemos aqu\u00ed la II Liga de F\u00fatbol Sala de la Escuela Superior de Inform\u00e1tica. Dentro de muy poco saldr\u00e1n los plazos de inscripci\u00f3n, lo que ya sabemos es que empezamos el 2 de noviembre. &nbsp; \u00bfNo sabes si apuntarte? \u00bfTienes dudas? Igual [&hellip;]<\/p>\n","protected":false},"author":4,"featured_media":0,"parent":4265,"menu_order":0,"comment_status":"closed","ping_status":"closed","template":"","meta":{"footnotes":""},"class_list":["post-4896","page","type-page","status-publish","hentry"],"yoast_head":"<!-- This site is optimized with the Yoast SEO plugin v27.3 - https:\/\/yoast.com\/product\/yoast-seo-wordpress\/ -->\n<title>Liga de F\u00fatbol Sala - Escuela Superior de Inform\u00e1tica de UCLM<\/title>\n<meta name=\"robots\" content=\"index, follow, max-snippet:-1, max-image-preview:large, max-video-preview:-1\" \/>\n<link rel=\"canonical\" href=\"https:\/\/esi.uclm.es\/index.php\/vida-en-la-esi\/deportes-y-ocio\/liga-de-futbol-sala\/\" \/>\n<meta property=\"og:locale\" content=\"es_ES\" \/>\n<meta property=\"og:type\" content=\"article\" \/>\n<meta property=\"og:title\" content=\"Liga de F\u00fatbol Sala - Escuela Superior de Inform\u00e1tica de UCLM\" \/>\n<meta property=\"og:description\" content=\"\u00a1Ya es oficial! Tenemos aqu\u00ed la II Liga de F\u00fatbol Sala de la Escuela Superior de Inform\u00e1tica. Dentro de muy poco saldr\u00e1n los plazos de inscripci\u00f3n, lo que ya sabemos es que empezamos el 2 de noviembre. &nbsp; \u00bfNo sabes si apuntarte? \u00bfTienes dudas? Igual [&hellip;]\" \/>\n<meta property=\"og:url\" content=\"https:\/\/esi.uclm.es\/index.php\/vida-en-la-esi\/deportes-y-ocio\/liga-de-futbol-sala\/\" \/>\n<meta property=\"og:site_name\" content=\"Escuela Superior de Inform\u00e1tica de UCLM\" \/>\n<meta property=\"article:publisher\" content=\"https:\/\/www.facebook.com\/Escuela-Superior-de-Informtica-543261809027158\" \/>\n<meta property=\"article:modified_time\" content=\"2023-04-23T19:28:24+00:00\" \/>\n<meta name=\"twitter:card\" content=\"summary_large_image\" \/>\n<meta name=\"twitter:site\" content=\"@esiuclm\" \/>\n<meta name=\"twitter:label1\" content=\"Tiempo de lectura\" \/>\n\t<meta name=\"twitter:data1\" content=\"1 minuto\" \/>\n<script type=\"application\/ld+json\" class=\"yoast-schema-graph\">{\"@context\":\"https:\\\/\\\/schema.org\",\"@graph\":[{\"@type\":\"WebPage\",\"@id\":\"https:\\\/\\\/esi.uclm.es\\\/index.php\\\/vida-en-la-esi\\\/deportes-y-ocio\\\/liga-de-futbol-sala\\\/\",\"url\":\"https:\\\/\\\/esi.uclm.es\\\/index.php\\\/vida-en-la-esi\\\/deportes-y-ocio\\\/liga-de-futbol-sala\\\/\",\"name\":\"Liga de F\u00fatbol Sala - Escuela Superior de Inform\u00e1tica de UCLM\",\"isPartOf\":{\"@id\":\"https:\\\/\\\/esi.uclm.es\\\/#website\"},\"datePublished\":\"2022-01-30T07:58:41+00:00\",\"dateModified\":\"2023-04-23T19:28:24+00:00\",\"breadcrumb\":{\"@id\":\"https:\\\/\\\/esi.uclm.es\\\/index.php\\\/vida-en-la-esi\\\/deportes-y-ocio\\\/liga-de-futbol-sala\\\/#breadcrumb\"},\"inLanguage\":\"es\",\"potentialAction\":[{\"@type\":\"ReadAction\",\"target\":[\"https:\\\/\\\/esi.uclm.es\\\/index.php\\\/vida-en-la-esi\\\/deportes-y-ocio\\\/liga-de-futbol-sala\\\/\"]}]},{\"@type\":\"BreadcrumbList\",\"@id\":\"https:\\\/\\\/esi.uclm.es\\\/index.php\\\/vida-en-la-esi\\\/deportes-y-ocio\\\/liga-de-futbol-sala\\\/#breadcrumb\",\"itemListElement\":[{\"@type\":\"ListItem\",\"position\":1,\"name\":\"Portada\",\"item\":\"https:\\\/\\\/esi.uclm.es\\\/\"},{\"@type\":\"ListItem\",\"position\":2,\"name\":\"Vida en la ESI\",\"item\":\"https:\\\/\\\/esi.uclm.es\\\/index.php\\\/vida-en-la-esi\\\/\"},{\"@type\":\"ListItem\",\"position\":3,\"name\":\"Deportes y Ocio\",\"item\":\"https:\\\/\\\/esi.uclm.es\\\/index.php\\\/vida-en-la-esi\\\/deportes-y-ocio\\\/\"},{\"@type\":\"ListItem\",\"position\":4,\"name\":\"Liga de F\u00fatbol Sala\"}]},{\"@type\":\"WebSite\",\"@id\":\"https:\\\/\\\/esi.uclm.es\\\/#website\",\"url\":\"https:\\\/\\\/esi.uclm.es\\\/\",\"name\":\"Escuela Superior de Inform\u00e1tica de UCLM en Ciudad Real, Castilla-La Mancha\",\"description\":\"La Escuela Superior de Inform\u00e1tica de Ciudad Real (Castilla-La Mancha), Universidad de Castilla-La Mancha es un centro universitario que imparte el ciclo completo de Ingenier\u00eda en Inform\u00e1tica: grado, m\u00e1ster y doctorado.\",\"publisher\":{\"@id\":\"https:\\\/\\\/esi.uclm.es\\\/#organization\"},\"potentialAction\":[{\"@type\":\"SearchAction\",\"target\":{\"@type\":\"EntryPoint\",\"urlTemplate\":\"https:\\\/\\\/esi.uclm.es\\\/?s={search_term_string}\"},\"query-input\":{\"@type\":\"PropertyValueSpecification\",\"valueRequired\":true,\"valueName\":\"search_term_string\"}}],\"inLanguage\":\"es\"},{\"@type\":\"Organization\",\"@id\":\"https:\\\/\\\/esi.uclm.es\\\/#organization\",\"name\":\"Escuela Superior de Inform\u00e1tica de UCLM\",\"url\":\"https:\\\/\\\/esi.uclm.es\\\/\",\"logo\":{\"@type\":\"ImageObject\",\"inLanguage\":\"es\",\"@id\":\"https:\\\/\\\/esi.uclm.es\\\/#\\\/schema\\\/logo\\\/image\\\/\",\"url\":\"https:\\\/\\\/esi.uclm.es\\\/assets\\\/uploads\\\/2022\\\/03\\\/LogoESI_cabecera-1.png\",\"contentUrl\":\"https:\\\/\\\/esi.uclm.es\\\/assets\\\/uploads\\\/2022\\\/03\\\/LogoESI_cabecera-1.png\",\"width\":460,\"height\":184,\"caption\":\"Escuela Superior de Inform\u00e1tica de UCLM\"},\"image\":{\"@id\":\"https:\\\/\\\/esi.uclm.es\\\/#\\\/schema\\\/logo\\\/image\\\/\"},\"sameAs\":[\"https:\\\/\\\/www.facebook.com\\\/Escuela-Superior-de-Informtica-543261809027158\",\"https:\\\/\\\/x.com\\\/esiuclm\",\"https:\\\/\\\/www.instagram.com\\\/esiuclm\\\/\",\"https:\\\/\\\/www.youtube.com\\\/user\\\/esiuclm\",\"https:\\\/\\\/www.twitch.tv\\\/esiuclm\",\"https:\\\/\\\/www.linkedin.com\\\/company\\\/12656631\\\/admin\\\/\"]}]}<\/script>\n<!-- \/ Yoast SEO plugin. -->","yoast_head_json":{"title":"Liga de F\u00fatbol Sala - Escuela Superior de Inform\u00e1tica de UCLM","robots":{"index":"index","follow":"follow","max-snippet":"max-snippet:-1","max-image-preview":"max-image-preview:large","max-video-preview":"max-video-preview:-1"},"canonical":"https:\/\/esi.uclm.es\/index.php\/vida-en-la-esi\/deportes-y-ocio\/liga-de-futbol-sala\/","og_locale":"es_ES","og_type":"article","og_title":"Liga de F\u00fatbol Sala - Escuela Superior de Inform\u00e1tica de UCLM","og_description":"\u00a1Ya es oficial! Tenemos aqu\u00ed la II Liga de F\u00fatbol Sala de la Escuela Superior de Inform\u00e1tica. Dentro de muy poco saldr\u00e1n los plazos de inscripci\u00f3n, lo que ya sabemos es que empezamos el 2 de noviembre. &nbsp; \u00bfNo sabes si apuntarte? \u00bfTienes dudas? Igual [&hellip;]","og_url":"https:\/\/esi.uclm.es\/index.php\/vida-en-la-esi\/deportes-y-ocio\/liga-de-futbol-sala\/","og_site_name":"Escuela Superior de Inform\u00e1tica de UCLM","article_publisher":"https:\/\/www.facebook.com\/Escuela-Superior-de-Informtica-543261809027158","article_modified_time":"2023-04-23T19:28:24+00:00","twitter_card":"summary_large_image","twitter_site":"@esiuclm","twitter_misc":{"Tiempo de lectura":"1 minuto"},"schema":{"@context":"https:\/\/schema.org","@graph":[{"@type":"WebPage","@id":"https:\/\/esi.uclm.es\/index.php\/vida-en-la-esi\/deportes-y-ocio\/liga-de-futbol-sala\/","url":"https:\/\/esi.uclm.es\/index.php\/vida-en-la-esi\/deportes-y-ocio\/liga-de-futbol-sala\/","name":"Liga de F\u00fatbol Sala - Escuela Superior de Inform\u00e1tica de UCLM","isPartOf":{"@id":"https:\/\/esi.uclm.es\/#website"},"datePublished":"2022-01-30T07:58:41+00:00","dateModified":"2023-04-23T19:28:24+00:00","breadcrumb":{"@id":"https:\/\/esi.uclm.es\/index.php\/vida-en-la-esi\/deportes-y-ocio\/liga-de-futbol-sala\/#breadcrumb"},"inLanguage":"es","potentialAction":[{"@type":"ReadAction","target":["https:\/\/esi.uclm.es\/index.php\/vida-en-la-esi\/deportes-y-ocio\/liga-de-futbol-sala\/"]}]},{"@type":"BreadcrumbList","@id":"https:\/\/esi.uclm.es\/index.php\/vida-en-la-esi\/deportes-y-ocio\/liga-de-futbol-sala\/#breadcrumb","itemListElement":[{"@type":"ListItem","position":1,"name":"Portada","item":"https:\/\/esi.uclm.es\/"},{"@type":"ListItem","position":2,"name":"Vida en la ESI","item":"https:\/\/esi.uclm.es\/index.php\/vida-en-la-esi\/"},{"@type":"ListItem","position":3,"name":"Deportes y Ocio","item":"https:\/\/esi.uclm.es\/index.php\/vida-en-la-esi\/deportes-y-ocio\/"},{"@type":"ListItem","position":4,"name":"Liga de F\u00fatbol Sala"}]},{"@type":"WebSite","@id":"https:\/\/esi.uclm.es\/#website","url":"https:\/\/esi.uclm.es\/","name":"Escuela Superior de Inform\u00e1tica de UCLM en Ciudad Real, Castilla-La Mancha","description":"La Escuela Superior de Inform\u00e1tica de Ciudad Real (Castilla-La Mancha), Universidad de Castilla-La Mancha es un centro universitario que imparte el ciclo completo de Ingenier\u00eda en Inform\u00e1tica: grado, m\u00e1ster y doctorado.","publisher":{"@id":"https:\/\/esi.uclm.es\/#organization"},"potentialAction":[{"@type":"SearchAction","target":{"@type":"EntryPoint","urlTemplate":"https:\/\/esi.uclm.es\/?s={search_term_string}"},"query-input":{"@type":"PropertyValueSpecification","valueRequired":true,"valueName":"search_term_string"}}],"inLanguage":"es"},{"@type":"Organization","@id":"https:\/\/esi.uclm.es\/#organization","name":"Escuela Superior de Inform\u00e1tica de UCLM","url":"https:\/\/esi.uclm.es\/","logo":{"@type":"ImageObject","inLanguage":"es","@id":"https:\/\/esi.uclm.es\/#\/schema\/logo\/image\/","url":"https:\/\/esi.uclm.es\/assets\/uploads\/2022\/03\/LogoESI_cabecera-1.png","contentUrl":"https:\/\/esi.uclm.es\/assets\/uploads\/2022\/03\/LogoESI_cabecera-1.png","width":460,"height":184,"caption":"Escuela Superior de Inform\u00e1tica de UCLM"},"image":{"@id":"https:\/\/esi.uclm.es\/#\/schema\/logo\/image\/"},"sameAs":["https:\/\/www.facebook.com\/Escuela-Superior-de-Informtica-543261809027158","https:\/\/x.com\/esiuclm","https:\/\/www.instagram.com\/esiuclm\/","https:\/\/www.youtube.com\/user\/esiuclm","https:\/\/www.twitch.tv\/esiuclm","https:\/\/www.linkedin.com\/company\/12656631\/admin\/"]}]}},"_links":{"self":[{"href":"https:\/\/esi.uclm.es\/index.php\/wp-json\/wp\/v2\/pages\/4896","targetHints":{"allow":["GET"]}}],"collection":[{"href":"https:\/\/esi.uclm.es\/index.php\/wp-json\/wp\/v2\/pages"}],"about":[{"href":"https:\/\/esi.uclm.es\/index.php\/wp-json\/wp\/v2\/types\/page"}],"author":[{"embeddable":true,"href":"https:\/\/esi.uclm.es\/index.php\/wp-json\/wp\/v2\/users\/4"}],"replies":[{"embeddable":true,"href":"https:\/\/esi.uclm.es\/index.php\/wp-json\/wp\/v2\/comments?post=4896"}],"version-history":[{"count":15,"href":"https:\/\/esi.uclm.es\/index.php\/wp-json\/wp\/v2\/pages\/4896\/revisions"}],"predecessor-version":[{"id":15419,"href":"https:\/\/esi.uclm.es\/index.php\/wp-json\/wp\/v2\/pages\/4896\/revisions\/15419"}],"up":[{"embeddable":true,"href":"https:\/\/esi.uclm.es\/index.php\/wp-json\/wp\/v2\/pages\/4265"}],"wp:attachment":[{"href":"https:\/\/esi.uclm.es\/index.php\/wp-json\/wp\/v2\/media?parent=4896"}],"curies":[{"name":"wp","href":"https:\/\/api.w.org\/{rel}","templated":true}]}}