{"id":4889,"date":"2022-01-30T07:52:29","date_gmt":"2022-01-30T07:52:29","guid":{"rendered":"http:\/\/esiaz24.uclm.es\/?page_id=4889"},"modified":"2022-05-30T20:28:44","modified_gmt":"2022-05-30T20:28:44","slug":"admision-doctorado","status":"publish","type":"page","link":"https:\/\/esi.uclm.es\/index.php\/doctorado\/admision-doctorado\/","title":{"rendered":"Admisi\u00f3n Doctorado"},"content":{"rendered":"\n<figure class=\"wp-block-image size-large\"><img loading=\"lazy\" decoding=\"async\" width=\"1024\" height=\"256\" src=\"https:\/\/esi.uclm.es\/assets\/uploads\/2022\/05\/phd-1024x256.jpeg\" alt=\"birrete y lapiceros\" class=\"wp-image-10528\" srcset=\"https:\/\/esi.uclm.es\/assets\/uploads\/2022\/05\/phd-1024x256.jpeg 1024w, https:\/\/esi.uclm.es\/assets\/uploads\/2022\/05\/phd-300x75.jpeg 300w, https:\/\/esi.uclm.es\/assets\/uploads\/2022\/05\/phd-768x192.jpeg 768w, https:\/\/esi.uclm.es\/assets\/uploads\/2022\/05\/phd-600x150.jpeg 600w, https:\/\/esi.uclm.es\/assets\/uploads\/2022\/05\/phd.jpeg 1200w\" sizes=\"auto, (max-width: 1024px) 100vw, 1024px\" \/><\/figure>\n\n\n\n<h2 class=\"wp-block-heading\">Requisitos, perfil de acceso y criterios de admisi\u00f3n<\/h2>\n\n\n\n<hr class=\"wp-block-separator has-text-color has-vivid-cyan-blue-color has-css-opacity has-vivid-cyan-blue-background-color has-background is-style-default\"\/>\n\n\n\n<h3 class=\"wp-block-heading\" id=\"requisitos-de-acceso\">Requisitos de acceso<\/h3>\n\n\n\n<p>Los requisitos legales m\u00ednimos para el ingreso en cualquiera de los programas de doctrodo son los que se especifican en el apartado \u00abAcceso de nuevos doctorandos\u00bb&nbsp;<a href=\"http:\/\/blog.uclm.es\/eid\/matricula\/\">en este enlace<\/a><\/p>\n\n\n\n<h3 class=\"wp-block-heading\" id=\"perfil-de-acceso-recomendado\">Perfil de acceso recomendado<\/h3>\n\n\n\n<p>El perfil m\u00e1s adecuado de acceso al Programa de Doctorado en Tecnolog\u00edas Inform\u00e1ticas Avanzadas por la Universidad de Castilla-La Mancha lo proporciona el t\u00edtulo de M\u00e1ster Universitario en Tecnolog\u00edas Inform\u00e1ticas Avanzadas, as\u00ed como su predecesor, el Diploma de Estudios Avanzados (DEA) del antiguo programa de doctorado en Arquitectura y Gesti\u00f3n de la Informaci\u00f3n y del Conocimiento en Sistemas en Red.<\/p>\n\n\n\n<p>Por otra parte, la Comisi\u00f3n de Acceso del Programa de Doctorado en Tecnolog\u00edas Inform\u00e1ticas Avanzadas &#8211; que coincidir\u00e1 con la Comisi\u00f3n Acad\u00e9mica del Programa de Doctorado en Tecnolog\u00edas Inform\u00e1ticas Avanzadas &#8211; valorar\u00e1 las solicitudes de estudiantes que hayan cursado un M\u00e1ster Universitario o hayan obtenido el DEA o la Suficiencia Investigadora en \u00e1reas afines a este programa.&nbsp;<\/p>\n\n\n\n<p>El perfil de ingreso recomendado presupone que los doctorandos aporten una serie de conocimientos previos, tales como (1) dise\u00f1ar y desarrollar sistemas software \/ hardware usando tecnolog\u00edas inform\u00e1ticas; (2) modelar, configurar y evaluar sistemas inform\u00e1ticos ; (3) dise\u00f1ar e implementar sistemas software de nueva generaci\u00f3n de forma fiable, segura y productiva, seleccionando la mejor soluci\u00f3n tecnol\u00f3gica para un proyecto; (4) desarrollar sistemas de integraci\u00f3n de datos; (5) aplicar t\u00e9cnicas avanzadas de interacci\u00f3n con el usuario, recuperaci\u00f3n de informaci\u00f3n, extracci\u00f3n de conocimiento, miner\u00eda de datos, softcomputing e inteligencia artificial.<\/p>\n\n\n\n<h3 class=\"wp-block-heading\" id=\"otros-perfiles-de-acceso\">Otros perfiles de acceso<\/h3>\n\n\n\n<ul class=\"wp-block-list\"><li>Alumnos con un t\u00edtulo oficial de Grado, Licenciado o Diplomado y al menos 60 cr\u00e9ditos cursados en un t\u00edtulo de M\u00e1ster Universitario en otras titulaciones de Ingenier\u00eda y Ciencias, pero que no aportan los conocimientos previos que se piden en el perfil recomendado. Estos alumnos cursar\u00e1n 18 cr\u00e9ditos ECTS de asignaturas del M\u00e1ster Universitario en Ingenier\u00eda Inform\u00e1tica (MUII). Este m\u00e1ster se imparte en dos centros, la Escuela Superior de Ingenier\u00eda Inform\u00e1tica de Ciudad Real y de Albacete. Los planes de estudios est\u00e1n disponibles en&nbsp;<a href=\"https:\/\/www.uclm.es\/Estudios\/masteres\/master-ingenieria-informatica-ciudad-real\">https:\/\/www.uclm.es\/Estudios\/masteres\/master-ingenieria-informatica-ciudad-real<\/a>&nbsp;y&nbsp;<a href=\"https:\/\/www.uclm.es\/Estudios\/masteres\/master-ingenieria-informatica-albacete\">https:\/\/www.uclm.es\/Estudios\/masteres\/master-ingenieria-informatica-albacete<\/a>, respectivamente.<\/li><li>Alumnos en posesi\u00f3n de otro t\u00edtulo de Doctor previo en Ingenier\u00eda o Ciencias. Estos alumnos cursar\u00e1n 12 cr\u00e9ditos ECTS en asignaturas que se imparten en el M\u00e1ster Universitario en Ingenier\u00eda Inform\u00e1tica (MUII) cuyos datos y planes de estudio se encuentran en los enlaces anteriormente rese\u00f1ados.<\/li><\/ul>\n\n\n\n<h3 class=\"wp-block-heading\" id=\"criterios-especificos-de-admision-del-programa-doctorado-en-tecnologias-informaticas-avanzadas\">Criterios espec\u00edficos de admisi\u00f3n del programa de doctorado en Tecnolog\u00edas Inform\u00e1ticas Avanzadas <\/h3>\n\n\n\n<p>Los criterios espec\u00edficos de selecci\u00f3n de estudiantes son los siguientes (seg\u00fan lo establecido en el punto 3.2 de la Memoria):<\/p>\n\n\n\n<ol class=\"wp-block-list\"><li>La idoneidad de los estudios que le permiten el acceso al tercer ciclo, en relaci\u00f3n con el objeto de investigaci\u00f3n en la que desea elaborar su tesis doctoral. Hasta 3 puntos.<\/li><li>El curr\u00edculum vitae del aspirante. Hasta 5 puntos, sumando: a. Expediente acad\u00e9mico (nota media). Hasta 4 puntos. Se establecer\u00e1 un rango entre 0 y 4, siendo 0 la puntuaci\u00f3n correspondiente a la nota m\u00ednima necesaria para superar los estudios de grado y m\u00e1ster, y 4 la puntuaci\u00f3n correspondiente a la nota m\u00e1xima que se pueda alcanzar. b. Se valorar\u00e1 la experiencia previa en investigaci\u00f3n y docencia. Hasta 1 puntos.<\/li><li>Justificaci\u00f3n, por parte del alumno, de su inter\u00e9s y adecuaci\u00f3n a las l\u00edneas del programa de doctorado. Por medio de una entrevista personal con el coordinador del programa, se valorar\u00e1 la motivaci\u00f3n y el compromiso personal del alumno con el Programa de Doctorado en Tecnolog\u00edas Inform\u00e1ticas Avanzadas. Hasta 1 punto.<\/li><li>Conocimiento del idioma Ingl\u00e9s. El candidato debe acreditar un m\u00ednimo de conocimiento de ingl\u00e9s de nivel B1 o equivalente. Hasta 1 punto.&nbsp;<\/li><\/ol>\n","protected":false},"excerpt":{"rendered":"<p>Requisitos, perfil de acceso y criterios de admisi\u00f3n Requisitos de acceso Los requisitos legales m\u00ednimos para el ingreso en cualquiera de los programas de doctrodo son los que se especifican en el apartado \u00abAcceso de nuevos doctorandos\u00bb&nbsp;en este enlace Perfil de acceso recomendado El perfil [&hellip;]<\/p>\n","protected":false},"author":1,"featured_media":0,"parent":5943,"menu_order":0,"comment_status":"closed","ping_status":"closed","template":"","meta":{"footnotes":""},"class_list":["post-4889","page","type-page","status-publish","hentry"],"yoast_head":"<!-- This site is optimized with the Yoast SEO plugin v27.4 - https:\/\/yoast.com\/product\/yoast-seo-wordpress\/ -->\n<title>Admisi\u00f3n Doctorado - Escuela Superior de Inform\u00e1tica de UCLM<\/title>\n<meta name=\"robots\" content=\"index, follow, max-snippet:-1, max-image-preview:large, max-video-preview:-1\" \/>\n<link rel=\"canonical\" href=\"https:\/\/esi.uclm.es\/index.php\/doctorado\/admision-doctorado\/\" \/>\n<meta property=\"og:locale\" content=\"es_ES\" \/>\n<meta property=\"og:type\" content=\"article\" \/>\n<meta property=\"og:title\" content=\"Admisi\u00f3n Doctorado - Escuela Superior de Inform\u00e1tica de UCLM\" \/>\n<meta property=\"og:description\" content=\"Requisitos, perfil de acceso y criterios de admisi\u00f3n Requisitos de acceso Los requisitos legales m\u00ednimos para el ingreso en cualquiera de los programas de doctrodo son los que se especifican en el apartado \u00abAcceso de nuevos doctorandos\u00bb&nbsp;en este enlace Perfil de acceso recomendado El perfil [&hellip;]\" \/>\n<meta property=\"og:url\" content=\"https:\/\/esi.uclm.es\/index.php\/doctorado\/admision-doctorado\/\" \/>\n<meta property=\"og:site_name\" content=\"Escuela Superior de Inform\u00e1tica de UCLM\" \/>\n<meta property=\"article:publisher\" content=\"https:\/\/www.facebook.com\/Escuela-Superior-de-Informtica-543261809027158\" \/>\n<meta property=\"article:modified_time\" content=\"2022-05-30T20:28:44+00:00\" \/>\n<meta property=\"og:image\" content=\"https:\/\/esi.uclm.es\/assets\/uploads\/2022\/05\/phd-1024x256.jpeg\" \/>\n<meta name=\"twitter:card\" content=\"summary_large_image\" \/>\n<meta name=\"twitter:site\" content=\"@esiuclm\" \/>\n<meta name=\"twitter:label1\" content=\"Tiempo de lectura\" \/>\n\t<meta name=\"twitter:data1\" content=\"3 minutos\" \/>\n<script type=\"application\/ld+json\" class=\"yoast-schema-graph\">{\"@context\":\"https:\\\/\\\/schema.org\",\"@graph\":[{\"@type\":\"WebPage\",\"@id\":\"https:\\\/\\\/esi.uclm.es\\\/index.php\\\/doctorado\\\/admision-doctorado\\\/\",\"url\":\"https:\\\/\\\/esi.uclm.es\\\/index.php\\\/doctorado\\\/admision-doctorado\\\/\",\"name\":\"Admisi\u00f3n Doctorado - Escuela Superior de Inform\u00e1tica de UCLM\",\"isPartOf\":{\"@id\":\"https:\\\/\\\/esi.uclm.es\\\/#website\"},\"primaryImageOfPage\":{\"@id\":\"https:\\\/\\\/esi.uclm.es\\\/index.php\\\/doctorado\\\/admision-doctorado\\\/#primaryimage\"},\"image\":{\"@id\":\"https:\\\/\\\/esi.uclm.es\\\/index.php\\\/doctorado\\\/admision-doctorado\\\/#primaryimage\"},\"thumbnailUrl\":\"https:\\\/\\\/esi.uclm.es\\\/assets\\\/uploads\\\/2022\\\/05\\\/phd-1024x256.jpeg\",\"datePublished\":\"2022-01-30T07:52:29+00:00\",\"dateModified\":\"2022-05-30T20:28:44+00:00\",\"breadcrumb\":{\"@id\":\"https:\\\/\\\/esi.uclm.es\\\/index.php\\\/doctorado\\\/admision-doctorado\\\/#breadcrumb\"},\"inLanguage\":\"es\",\"potentialAction\":[{\"@type\":\"ReadAction\",\"target\":[\"https:\\\/\\\/esi.uclm.es\\\/index.php\\\/doctorado\\\/admision-doctorado\\\/\"]}]},{\"@type\":\"ImageObject\",\"inLanguage\":\"es\",\"@id\":\"https:\\\/\\\/esi.uclm.es\\\/index.php\\\/doctorado\\\/admision-doctorado\\\/#primaryimage\",\"url\":\"https:\\\/\\\/esi.uclm.es\\\/assets\\\/uploads\\\/2022\\\/05\\\/phd-1024x256.jpeg\",\"contentUrl\":\"https:\\\/\\\/esi.uclm.es\\\/assets\\\/uploads\\\/2022\\\/05\\\/phd-1024x256.jpeg\"},{\"@type\":\"BreadcrumbList\",\"@id\":\"https:\\\/\\\/esi.uclm.es\\\/index.php\\\/doctorado\\\/admision-doctorado\\\/#breadcrumb\",\"itemListElement\":[{\"@type\":\"ListItem\",\"position\":1,\"name\":\"Portada\",\"item\":\"https:\\\/\\\/esi.uclm.es\\\/\"},{\"@type\":\"ListItem\",\"position\":2,\"name\":\"Doctorado\",\"item\":\"https:\\\/\\\/esi.uclm.es\\\/index.php\\\/doctorado\\\/\"},{\"@type\":\"ListItem\",\"position\":3,\"name\":\"Admisi\u00f3n Doctorado\"}]},{\"@type\":\"WebSite\",\"@id\":\"https:\\\/\\\/esi.uclm.es\\\/#website\",\"url\":\"https:\\\/\\\/esi.uclm.es\\\/\",\"name\":\"Escuela Superior de Inform\u00e1tica de UCLM en Ciudad Real, Castilla-La Mancha\",\"description\":\"La Escuela Superior de Inform\u00e1tica de Ciudad Real (Castilla-La Mancha), Universidad de Castilla-La Mancha es un centro universitario que imparte el ciclo completo de Ingenier\u00eda en Inform\u00e1tica: grado, m\u00e1ster y doctorado.\",\"publisher\":{\"@id\":\"https:\\\/\\\/esi.uclm.es\\\/#organization\"},\"potentialAction\":[{\"@type\":\"SearchAction\",\"target\":{\"@type\":\"EntryPoint\",\"urlTemplate\":\"https:\\\/\\\/esi.uclm.es\\\/?s={search_term_string}\"},\"query-input\":{\"@type\":\"PropertyValueSpecification\",\"valueRequired\":true,\"valueName\":\"search_term_string\"}}],\"inLanguage\":\"es\"},{\"@type\":\"Organization\",\"@id\":\"https:\\\/\\\/esi.uclm.es\\\/#organization\",\"name\":\"Escuela Superior de Inform\u00e1tica de UCLM\",\"url\":\"https:\\\/\\\/esi.uclm.es\\\/\",\"logo\":{\"@type\":\"ImageObject\",\"inLanguage\":\"es\",\"@id\":\"https:\\\/\\\/esi.uclm.es\\\/#\\\/schema\\\/logo\\\/image\\\/\",\"url\":\"https:\\\/\\\/esi.uclm.es\\\/assets\\\/uploads\\\/2022\\\/03\\\/LogoESI_cabecera-1.png\",\"contentUrl\":\"https:\\\/\\\/esi.uclm.es\\\/assets\\\/uploads\\\/2022\\\/03\\\/LogoESI_cabecera-1.png\",\"width\":460,\"height\":184,\"caption\":\"Escuela Superior de Inform\u00e1tica de UCLM\"},\"image\":{\"@id\":\"https:\\\/\\\/esi.uclm.es\\\/#\\\/schema\\\/logo\\\/image\\\/\"},\"sameAs\":[\"https:\\\/\\\/www.facebook.com\\\/Escuela-Superior-de-Informtica-543261809027158\",\"https:\\\/\\\/x.com\\\/esiuclm\",\"https:\\\/\\\/www.instagram.com\\\/esiuclm\\\/\",\"https:\\\/\\\/www.youtube.com\\\/user\\\/esiuclm\",\"https:\\\/\\\/www.twitch.tv\\\/esiuclm\",\"https:\\\/\\\/www.linkedin.com\\\/company\\\/12656631\\\/admin\\\/\"]}]}<\/script>\n<!-- \/ Yoast SEO plugin. -->","yoast_head_json":{"title":"Admisi\u00f3n Doctorado - Escuela Superior de Inform\u00e1tica de UCLM","robots":{"index":"index","follow":"follow","max-snippet":"max-snippet:-1","max-image-preview":"max-image-preview:large","max-video-preview":"max-video-preview:-1"},"canonical":"https:\/\/esi.uclm.es\/index.php\/doctorado\/admision-doctorado\/","og_locale":"es_ES","og_type":"article","og_title":"Admisi\u00f3n Doctorado - Escuela Superior de Inform\u00e1tica de UCLM","og_description":"Requisitos, perfil de acceso y criterios de admisi\u00f3n Requisitos de acceso Los requisitos legales m\u00ednimos para el ingreso en cualquiera de los programas de doctrodo son los que se especifican en el apartado \u00abAcceso de nuevos doctorandos\u00bb&nbsp;en este enlace Perfil de acceso recomendado El perfil [&hellip;]","og_url":"https:\/\/esi.uclm.es\/index.php\/doctorado\/admision-doctorado\/","og_site_name":"Escuela Superior de Inform\u00e1tica de UCLM","article_publisher":"https:\/\/www.facebook.com\/Escuela-Superior-de-Informtica-543261809027158","article_modified_time":"2022-05-30T20:28:44+00:00","og_image":[{"url":"https:\/\/esi.uclm.es\/assets\/uploads\/2022\/05\/phd-1024x256.jpeg","type":"","width":"","height":""}],"twitter_card":"summary_large_image","twitter_site":"@esiuclm","twitter_misc":{"Tiempo de lectura":"3 minutos"},"schema":{"@context":"https:\/\/schema.org","@graph":[{"@type":"WebPage","@id":"https:\/\/esi.uclm.es\/index.php\/doctorado\/admision-doctorado\/","url":"https:\/\/esi.uclm.es\/index.php\/doctorado\/admision-doctorado\/","name":"Admisi\u00f3n Doctorado - Escuela Superior de Inform\u00e1tica de UCLM","isPartOf":{"@id":"https:\/\/esi.uclm.es\/#website"},"primaryImageOfPage":{"@id":"https:\/\/esi.uclm.es\/index.php\/doctorado\/admision-doctorado\/#primaryimage"},"image":{"@id":"https:\/\/esi.uclm.es\/index.php\/doctorado\/admision-doctorado\/#primaryimage"},"thumbnailUrl":"https:\/\/esi.uclm.es\/assets\/uploads\/2022\/05\/phd-1024x256.jpeg","datePublished":"2022-01-30T07:52:29+00:00","dateModified":"2022-05-30T20:28:44+00:00","breadcrumb":{"@id":"https:\/\/esi.uclm.es\/index.php\/doctorado\/admision-doctorado\/#breadcrumb"},"inLanguage":"es","potentialAction":[{"@type":"ReadAction","target":["https:\/\/esi.uclm.es\/index.php\/doctorado\/admision-doctorado\/"]}]},{"@type":"ImageObject","inLanguage":"es","@id":"https:\/\/esi.uclm.es\/index.php\/doctorado\/admision-doctorado\/#primaryimage","url":"https:\/\/esi.uclm.es\/assets\/uploads\/2022\/05\/phd-1024x256.jpeg","contentUrl":"https:\/\/esi.uclm.es\/assets\/uploads\/2022\/05\/phd-1024x256.jpeg"},{"@type":"BreadcrumbList","@id":"https:\/\/esi.uclm.es\/index.php\/doctorado\/admision-doctorado\/#breadcrumb","itemListElement":[{"@type":"ListItem","position":1,"name":"Portada","item":"https:\/\/esi.uclm.es\/"},{"@type":"ListItem","position":2,"name":"Doctorado","item":"https:\/\/esi.uclm.es\/index.php\/doctorado\/"},{"@type":"ListItem","position":3,"name":"Admisi\u00f3n Doctorado"}]},{"@type":"WebSite","@id":"https:\/\/esi.uclm.es\/#website","url":"https:\/\/esi.uclm.es\/","name":"Escuela Superior de Inform\u00e1tica de UCLM en Ciudad Real, Castilla-La Mancha","description":"La Escuela Superior de Inform\u00e1tica de Ciudad Real (Castilla-La Mancha), Universidad de Castilla-La Mancha es un centro universitario que imparte el ciclo completo de Ingenier\u00eda en Inform\u00e1tica: grado, m\u00e1ster y doctorado.","publisher":{"@id":"https:\/\/esi.uclm.es\/#organization"},"potentialAction":[{"@type":"SearchAction","target":{"@type":"EntryPoint","urlTemplate":"https:\/\/esi.uclm.es\/?s={search_term_string}"},"query-input":{"@type":"PropertyValueSpecification","valueRequired":true,"valueName":"search_term_string"}}],"inLanguage":"es"},{"@type":"Organization","@id":"https:\/\/esi.uclm.es\/#organization","name":"Escuela Superior de Inform\u00e1tica de UCLM","url":"https:\/\/esi.uclm.es\/","logo":{"@type":"ImageObject","inLanguage":"es","@id":"https:\/\/esi.uclm.es\/#\/schema\/logo\/image\/","url":"https:\/\/esi.uclm.es\/assets\/uploads\/2022\/03\/LogoESI_cabecera-1.png","contentUrl":"https:\/\/esi.uclm.es\/assets\/uploads\/2022\/03\/LogoESI_cabecera-1.png","width":460,"height":184,"caption":"Escuela Superior de Inform\u00e1tica de UCLM"},"image":{"@id":"https:\/\/esi.uclm.es\/#\/schema\/logo\/image\/"},"sameAs":["https:\/\/www.facebook.com\/Escuela-Superior-de-Informtica-543261809027158","https:\/\/x.com\/esiuclm","https:\/\/www.instagram.com\/esiuclm\/","https:\/\/www.youtube.com\/user\/esiuclm","https:\/\/www.twitch.tv\/esiuclm","https:\/\/www.linkedin.com\/company\/12656631\/admin\/"]}]}},"_links":{"self":[{"href":"https:\/\/esi.uclm.es\/index.php\/wp-json\/wp\/v2\/pages\/4889","targetHints":{"allow":["GET"]}}],"collection":[{"href":"https:\/\/esi.uclm.es\/index.php\/wp-json\/wp\/v2\/pages"}],"about":[{"href":"https:\/\/esi.uclm.es\/index.php\/wp-json\/wp\/v2\/types\/page"}],"author":[{"embeddable":true,"href":"https:\/\/esi.uclm.es\/index.php\/wp-json\/wp\/v2\/users\/1"}],"replies":[{"embeddable":true,"href":"https:\/\/esi.uclm.es\/index.php\/wp-json\/wp\/v2\/comments?post=4889"}],"version-history":[{"count":6,"href":"https:\/\/esi.uclm.es\/index.php\/wp-json\/wp\/v2\/pages\/4889\/revisions"}],"predecessor-version":[{"id":10529,"href":"https:\/\/esi.uclm.es\/index.php\/wp-json\/wp\/v2\/pages\/4889\/revisions\/10529"}],"up":[{"embeddable":true,"href":"https:\/\/esi.uclm.es\/index.php\/wp-json\/wp\/v2\/pages\/5943"}],"wp:attachment":[{"href":"https:\/\/esi.uclm.es\/index.php\/wp-json\/wp\/v2\/media?parent=4889"}],"curies":[{"name":"wp","href":"https:\/\/api.w.org\/{rel}","templated":true}]}}