{"id":4267,"date":"2022-01-27T18:59:48","date_gmt":"2022-01-27T18:59:48","guid":{"rendered":"http:\/\/esiaz24.uclm.es\/?page_id=4267"},"modified":"2024-11-18T10:37:11","modified_gmt":"2024-11-18T10:37:11","slug":"museo-de-la-informatica","status":"publish","type":"page","link":"https:\/\/esi.uclm.es\/index.php\/vida-en-la-esi\/cultura-y-divulgacion\/museo-de-la-informatica\/","title":{"rendered":"Museo de la Inform\u00e1tica"},"content":{"rendered":"\n<h2 class=\"wp-block-heading\">Visita el Museo de la Inform\u00e1tica en la ESI<\/h2>\n\n\n\n<hr class=\"wp-block-separator has-text-color has-vivid-cyan-blue-color has-css-opacity has-vivid-cyan-blue-background-color has-background is-style-default\"\/>\n\n\n\n<p>El Museo se encuentra en la <strong>planta baja<\/strong> del <strong>Edificio Ferm\u00edn Caballero<\/strong>. Contiene un <strong>dispositivo interactivo<\/strong> para consultar informaci\u00f3n complementaria en formato multimedia.<\/p>\n\n\n\n<p>Y en el <a href=\"https:\/\/www.esi.uclm.es\/museo\/index.html\"><strong>Museo Virtual<\/strong><\/a> podr\u00e1s encontrar los modelos 3D de las piezas expuestas y de muchas otras.<\/p>\n\n\n\n<div style=\"height:10px\" aria-hidden=\"true\" class=\"wp-block-spacer\"><\/div>\n\n\n\n<figure class=\"wp-block-gallery has-nested-images columns-default is-cropped wp-block-gallery-1 is-layout-flex wp-block-gallery-is-layout-flex\">\n<figure class=\"wp-block-image size-large\"><img loading=\"lazy\" decoding=\"async\" width=\"816\" height=\"1232\" data-id=\"7231\" src=\"https:\/\/esi.uclm.es\/assets\/uploads\/2022\/02\/DSC_4082-rotated.jpg\" alt=\"\" class=\"wp-image-7231\" srcset=\"https:\/\/esi.uclm.es\/assets\/uploads\/2022\/02\/DSC_4082-rotated.jpg 816w, https:\/\/esi.uclm.es\/assets\/uploads\/2022\/02\/DSC_4082-199x300.jpg 199w, https:\/\/esi.uclm.es\/assets\/uploads\/2022\/02\/DSC_4082-678x1024.jpg 678w, https:\/\/esi.uclm.es\/assets\/uploads\/2022\/02\/DSC_4082-768x1160.jpg 768w, https:\/\/esi.uclm.es\/assets\/uploads\/2022\/02\/DSC_4082-600x906.jpg 600w\" sizes=\"auto, (max-width: 816px) 100vw, 816px\" \/><\/figure>\n\n\n\n<figure class=\"wp-block-image size-large\"><img loading=\"lazy\" decoding=\"async\" width=\"816\" height=\"1232\" data-id=\"7232\" src=\"https:\/\/esi.uclm.es\/assets\/uploads\/2022\/02\/DSC_4125-rotated.jpg\" alt=\"\" class=\"wp-image-7232\" srcset=\"https:\/\/esi.uclm.es\/assets\/uploads\/2022\/02\/DSC_4125-rotated.jpg 816w, https:\/\/esi.uclm.es\/assets\/uploads\/2022\/02\/DSC_4125-199x300.jpg 199w, https:\/\/esi.uclm.es\/assets\/uploads\/2022\/02\/DSC_4125-678x1024.jpg 678w, https:\/\/esi.uclm.es\/assets\/uploads\/2022\/02\/DSC_4125-768x1160.jpg 768w, https:\/\/esi.uclm.es\/assets\/uploads\/2022\/02\/DSC_4125-600x906.jpg 600w\" sizes=\"auto, (max-width: 816px) 100vw, 816px\" \/><\/figure>\n\n\n\n<figure class=\"wp-block-image size-large\"><img loading=\"lazy\" decoding=\"async\" width=\"1232\" height=\"816\" data-id=\"7233\" src=\"https:\/\/esi.uclm.es\/assets\/uploads\/2022\/02\/DSC_4073.jpg\" alt=\"\" class=\"wp-image-7233\" srcset=\"https:\/\/esi.uclm.es\/assets\/uploads\/2022\/02\/DSC_4073.jpg 1232w, https:\/\/esi.uclm.es\/assets\/uploads\/2022\/02\/DSC_4073-300x199.jpg 300w, https:\/\/esi.uclm.es\/assets\/uploads\/2022\/02\/DSC_4073-1024x678.jpg 1024w, https:\/\/esi.uclm.es\/assets\/uploads\/2022\/02\/DSC_4073-768x509.jpg 768w, https:\/\/esi.uclm.es\/assets\/uploads\/2022\/02\/DSC_4073-391x260.jpg 391w, https:\/\/esi.uclm.es\/assets\/uploads\/2022\/02\/DSC_4073-128x86.jpg 128w, https:\/\/esi.uclm.es\/assets\/uploads\/2022\/02\/DSC_4073-600x397.jpg 600w\" sizes=\"auto, (max-width: 1232px) 100vw, 1232px\" \/><\/figure>\n\n\n\n<figure class=\"wp-block-image size-large\"><img loading=\"lazy\" decoding=\"async\" width=\"1232\" height=\"816\" data-id=\"7234\" src=\"https:\/\/esi.uclm.es\/assets\/uploads\/2022\/02\/DSC_4074.jpg\" alt=\"\" class=\"wp-image-7234\" srcset=\"https:\/\/esi.uclm.es\/assets\/uploads\/2022\/02\/DSC_4074.jpg 1232w, https:\/\/esi.uclm.es\/assets\/uploads\/2022\/02\/DSC_4074-300x199.jpg 300w, https:\/\/esi.uclm.es\/assets\/uploads\/2022\/02\/DSC_4074-1024x678.jpg 1024w, https:\/\/esi.uclm.es\/assets\/uploads\/2022\/02\/DSC_4074-768x509.jpg 768w, https:\/\/esi.uclm.es\/assets\/uploads\/2022\/02\/DSC_4074-391x260.jpg 391w, https:\/\/esi.uclm.es\/assets\/uploads\/2022\/02\/DSC_4074-128x86.jpg 128w, https:\/\/esi.uclm.es\/assets\/uploads\/2022\/02\/DSC_4074-600x397.jpg 600w\" sizes=\"auto, (max-width: 1232px) 100vw, 1232px\" \/><\/figure>\n\n\n\n<figure class=\"wp-block-image size-large\"><img loading=\"lazy\" decoding=\"async\" width=\"1232\" height=\"816\" data-id=\"7235\" src=\"https:\/\/esi.uclm.es\/assets\/uploads\/2022\/02\/DSC_4076.jpg\" alt=\"\" class=\"wp-image-7235\" srcset=\"https:\/\/esi.uclm.es\/assets\/uploads\/2022\/02\/DSC_4076.jpg 1232w, https:\/\/esi.uclm.es\/assets\/uploads\/2022\/02\/DSC_4076-300x199.jpg 300w, https:\/\/esi.uclm.es\/assets\/uploads\/2022\/02\/DSC_4076-1024x678.jpg 1024w, https:\/\/esi.uclm.es\/assets\/uploads\/2022\/02\/DSC_4076-768x509.jpg 768w, https:\/\/esi.uclm.es\/assets\/uploads\/2022\/02\/DSC_4076-391x260.jpg 391w, https:\/\/esi.uclm.es\/assets\/uploads\/2022\/02\/DSC_4076-128x86.jpg 128w, https:\/\/esi.uclm.es\/assets\/uploads\/2022\/02\/DSC_4076-600x397.jpg 600w\" sizes=\"auto, (max-width: 1232px) 100vw, 1232px\" \/><\/figure>\n<\/figure>\n","protected":false},"excerpt":{"rendered":"<p>Visita el Museo de la Inform\u00e1tica en la ESI El Museo se encuentra en la planta baja del Edificio Ferm\u00edn Caballero. Contiene un dispositivo interactivo para consultar informaci\u00f3n complementaria en formato multimedia. Y en el Museo Virtual podr\u00e1s encontrar los modelos 3D de las piezas [&hellip;]<\/p>\n","protected":false},"author":1,"featured_media":0,"parent":6069,"menu_order":0,"comment_status":"closed","ping_status":"closed","template":"","meta":{"footnotes":""},"class_list":["post-4267","page","type-page","status-publish","hentry"],"yoast_head":"<!-- This site is optimized with the Yoast SEO plugin v27.4 - https:\/\/yoast.com\/product\/yoast-seo-wordpress\/ -->\n<title>Museo de la Inform\u00e1tica - Escuela Superior de Inform\u00e1tica de UCLM<\/title>\n<meta name=\"robots\" content=\"index, follow, max-snippet:-1, max-image-preview:large, max-video-preview:-1\" \/>\n<link rel=\"canonical\" href=\"https:\/\/esi.uclm.es\/index.php\/vida-en-la-esi\/cultura-y-divulgacion\/museo-de-la-informatica\/\" \/>\n<meta property=\"og:locale\" content=\"es_ES\" \/>\n<meta property=\"og:type\" content=\"article\" \/>\n<meta property=\"og:title\" content=\"Museo de la Inform\u00e1tica - Escuela Superior de Inform\u00e1tica de UCLM\" \/>\n<meta property=\"og:description\" content=\"Visita el Museo de la Inform\u00e1tica en la ESI El Museo se encuentra en la planta baja del Edificio Ferm\u00edn Caballero. Contiene un dispositivo interactivo para consultar informaci\u00f3n complementaria en formato multimedia. Y en el Museo Virtual podr\u00e1s encontrar los modelos 3D de las piezas [&hellip;]\" \/>\n<meta property=\"og:url\" content=\"https:\/\/esi.uclm.es\/index.php\/vida-en-la-esi\/cultura-y-divulgacion\/museo-de-la-informatica\/\" \/>\n<meta property=\"og:site_name\" content=\"Escuela Superior de Inform\u00e1tica de UCLM\" \/>\n<meta property=\"article:publisher\" content=\"https:\/\/www.facebook.com\/Escuela-Superior-de-Informtica-543261809027158\" \/>\n<meta property=\"article:modified_time\" content=\"2024-11-18T10:37:11+00:00\" \/>\n<meta property=\"og:image\" content=\"https:\/\/esi.uclm.es\/assets\/uploads\/2022\/02\/DSC_4082-rotated.jpg\" \/>\n\t<meta property=\"og:image:width\" content=\"816\" \/>\n\t<meta property=\"og:image:height\" content=\"1232\" \/>\n\t<meta property=\"og:image:type\" content=\"image\/jpeg\" \/>\n<meta name=\"twitter:card\" content=\"summary_large_image\" \/>\n<meta name=\"twitter:site\" content=\"@esiuclm\" \/>\n<meta name=\"twitter:label1\" content=\"Tiempo de lectura\" \/>\n\t<meta name=\"twitter:data1\" content=\"2 minutos\" \/>\n<script type=\"application\/ld+json\" class=\"yoast-schema-graph\">{\"@context\":\"https:\\\/\\\/schema.org\",\"@graph\":[{\"@type\":\"WebPage\",\"@id\":\"https:\\\/\\\/esi.uclm.es\\\/index.php\\\/vida-en-la-esi\\\/cultura-y-divulgacion\\\/museo-de-la-informatica\\\/\",\"url\":\"https:\\\/\\\/esi.uclm.es\\\/index.php\\\/vida-en-la-esi\\\/cultura-y-divulgacion\\\/museo-de-la-informatica\\\/\",\"name\":\"Museo de la Inform\u00e1tica - Escuela Superior de Inform\u00e1tica de UCLM\",\"isPartOf\":{\"@id\":\"https:\\\/\\\/esi.uclm.es\\\/#website\"},\"primaryImageOfPage\":{\"@id\":\"https:\\\/\\\/esi.uclm.es\\\/index.php\\\/vida-en-la-esi\\\/cultura-y-divulgacion\\\/museo-de-la-informatica\\\/#primaryimage\"},\"image\":{\"@id\":\"https:\\\/\\\/esi.uclm.es\\\/index.php\\\/vida-en-la-esi\\\/cultura-y-divulgacion\\\/museo-de-la-informatica\\\/#primaryimage\"},\"thumbnailUrl\":\"https:\\\/\\\/esi.uclm.es\\\/assets\\\/uploads\\\/2022\\\/02\\\/DSC_4082-rotated.jpg\",\"datePublished\":\"2022-01-27T18:59:48+00:00\",\"dateModified\":\"2024-11-18T10:37:11+00:00\",\"breadcrumb\":{\"@id\":\"https:\\\/\\\/esi.uclm.es\\\/index.php\\\/vida-en-la-esi\\\/cultura-y-divulgacion\\\/museo-de-la-informatica\\\/#breadcrumb\"},\"inLanguage\":\"es\",\"potentialAction\":[{\"@type\":\"ReadAction\",\"target\":[\"https:\\\/\\\/esi.uclm.es\\\/index.php\\\/vida-en-la-esi\\\/cultura-y-divulgacion\\\/museo-de-la-informatica\\\/\"]}]},{\"@type\":\"ImageObject\",\"inLanguage\":\"es\",\"@id\":\"https:\\\/\\\/esi.uclm.es\\\/index.php\\\/vida-en-la-esi\\\/cultura-y-divulgacion\\\/museo-de-la-informatica\\\/#primaryimage\",\"url\":\"https:\\\/\\\/esi.uclm.es\\\/assets\\\/uploads\\\/2022\\\/02\\\/DSC_4082-rotated.jpg\",\"contentUrl\":\"https:\\\/\\\/esi.uclm.es\\\/assets\\\/uploads\\\/2022\\\/02\\\/DSC_4082-rotated.jpg\"},{\"@type\":\"BreadcrumbList\",\"@id\":\"https:\\\/\\\/esi.uclm.es\\\/index.php\\\/vida-en-la-esi\\\/cultura-y-divulgacion\\\/museo-de-la-informatica\\\/#breadcrumb\",\"itemListElement\":[{\"@type\":\"ListItem\",\"position\":1,\"name\":\"Portada\",\"item\":\"https:\\\/\\\/esi.uclm.es\\\/\"},{\"@type\":\"ListItem\",\"position\":2,\"name\":\"Vida en la ESI\",\"item\":\"https:\\\/\\\/esi.uclm.es\\\/index.php\\\/vida-en-la-esi\\\/\"},{\"@type\":\"ListItem\",\"position\":3,\"name\":\"Cultura y divulgaci\u00f3n\",\"item\":\"https:\\\/\\\/esi.uclm.es\\\/index.php\\\/vida-en-la-esi\\\/cultura-y-divulgacion\\\/\"},{\"@type\":\"ListItem\",\"position\":4,\"name\":\"Museo de la Inform\u00e1tica\"}]},{\"@type\":\"WebSite\",\"@id\":\"https:\\\/\\\/esi.uclm.es\\\/#website\",\"url\":\"https:\\\/\\\/esi.uclm.es\\\/\",\"name\":\"Escuela Superior de Inform\u00e1tica de UCLM en Ciudad Real, Castilla-La Mancha\",\"description\":\"La Escuela Superior de Inform\u00e1tica de Ciudad Real (Castilla-La Mancha), Universidad de Castilla-La Mancha es un centro universitario que imparte el ciclo completo de Ingenier\u00eda en Inform\u00e1tica: grado, m\u00e1ster y doctorado.\",\"publisher\":{\"@id\":\"https:\\\/\\\/esi.uclm.es\\\/#organization\"},\"potentialAction\":[{\"@type\":\"SearchAction\",\"target\":{\"@type\":\"EntryPoint\",\"urlTemplate\":\"https:\\\/\\\/esi.uclm.es\\\/?s={search_term_string}\"},\"query-input\":{\"@type\":\"PropertyValueSpecification\",\"valueRequired\":true,\"valueName\":\"search_term_string\"}}],\"inLanguage\":\"es\"},{\"@type\":\"Organization\",\"@id\":\"https:\\\/\\\/esi.uclm.es\\\/#organization\",\"name\":\"Escuela Superior de Inform\u00e1tica de UCLM\",\"url\":\"https:\\\/\\\/esi.uclm.es\\\/\",\"logo\":{\"@type\":\"ImageObject\",\"inLanguage\":\"es\",\"@id\":\"https:\\\/\\\/esi.uclm.es\\\/#\\\/schema\\\/logo\\\/image\\\/\",\"url\":\"https:\\\/\\\/esi.uclm.es\\\/assets\\\/uploads\\\/2022\\\/03\\\/LogoESI_cabecera-1.png\",\"contentUrl\":\"https:\\\/\\\/esi.uclm.es\\\/assets\\\/uploads\\\/2022\\\/03\\\/LogoESI_cabecera-1.png\",\"width\":460,\"height\":184,\"caption\":\"Escuela Superior de Inform\u00e1tica de UCLM\"},\"image\":{\"@id\":\"https:\\\/\\\/esi.uclm.es\\\/#\\\/schema\\\/logo\\\/image\\\/\"},\"sameAs\":[\"https:\\\/\\\/www.facebook.com\\\/Escuela-Superior-de-Informtica-543261809027158\",\"https:\\\/\\\/x.com\\\/esiuclm\",\"https:\\\/\\\/www.instagram.com\\\/esiuclm\\\/\",\"https:\\\/\\\/www.youtube.com\\\/user\\\/esiuclm\",\"https:\\\/\\\/www.twitch.tv\\\/esiuclm\",\"https:\\\/\\\/www.linkedin.com\\\/company\\\/12656631\\\/admin\\\/\"]}]}<\/script>\n<!-- \/ Yoast SEO plugin. -->","yoast_head_json":{"title":"Museo de la Inform\u00e1tica - Escuela Superior de Inform\u00e1tica de UCLM","robots":{"index":"index","follow":"follow","max-snippet":"max-snippet:-1","max-image-preview":"max-image-preview:large","max-video-preview":"max-video-preview:-1"},"canonical":"https:\/\/esi.uclm.es\/index.php\/vida-en-la-esi\/cultura-y-divulgacion\/museo-de-la-informatica\/","og_locale":"es_ES","og_type":"article","og_title":"Museo de la Inform\u00e1tica - Escuela Superior de Inform\u00e1tica de UCLM","og_description":"Visita el Museo de la Inform\u00e1tica en la ESI El Museo se encuentra en la planta baja del Edificio Ferm\u00edn Caballero. Contiene un dispositivo interactivo para consultar informaci\u00f3n complementaria en formato multimedia. Y en el Museo Virtual podr\u00e1s encontrar los modelos 3D de las piezas [&hellip;]","og_url":"https:\/\/esi.uclm.es\/index.php\/vida-en-la-esi\/cultura-y-divulgacion\/museo-de-la-informatica\/","og_site_name":"Escuela Superior de Inform\u00e1tica de UCLM","article_publisher":"https:\/\/www.facebook.com\/Escuela-Superior-de-Informtica-543261809027158","article_modified_time":"2024-11-18T10:37:11+00:00","og_image":[{"width":816,"height":1232,"url":"https:\/\/esi.uclm.es\/assets\/uploads\/2022\/02\/DSC_4082-rotated.jpg","type":"image\/jpeg"}],"twitter_card":"summary_large_image","twitter_site":"@esiuclm","twitter_misc":{"Tiempo de lectura":"2 minutos"},"schema":{"@context":"https:\/\/schema.org","@graph":[{"@type":"WebPage","@id":"https:\/\/esi.uclm.es\/index.php\/vida-en-la-esi\/cultura-y-divulgacion\/museo-de-la-informatica\/","url":"https:\/\/esi.uclm.es\/index.php\/vida-en-la-esi\/cultura-y-divulgacion\/museo-de-la-informatica\/","name":"Museo de la Inform\u00e1tica - Escuela Superior de Inform\u00e1tica de UCLM","isPartOf":{"@id":"https:\/\/esi.uclm.es\/#website"},"primaryImageOfPage":{"@id":"https:\/\/esi.uclm.es\/index.php\/vida-en-la-esi\/cultura-y-divulgacion\/museo-de-la-informatica\/#primaryimage"},"image":{"@id":"https:\/\/esi.uclm.es\/index.php\/vida-en-la-esi\/cultura-y-divulgacion\/museo-de-la-informatica\/#primaryimage"},"thumbnailUrl":"https:\/\/esi.uclm.es\/assets\/uploads\/2022\/02\/DSC_4082-rotated.jpg","datePublished":"2022-01-27T18:59:48+00:00","dateModified":"2024-11-18T10:37:11+00:00","breadcrumb":{"@id":"https:\/\/esi.uclm.es\/index.php\/vida-en-la-esi\/cultura-y-divulgacion\/museo-de-la-informatica\/#breadcrumb"},"inLanguage":"es","potentialAction":[{"@type":"ReadAction","target":["https:\/\/esi.uclm.es\/index.php\/vida-en-la-esi\/cultura-y-divulgacion\/museo-de-la-informatica\/"]}]},{"@type":"ImageObject","inLanguage":"es","@id":"https:\/\/esi.uclm.es\/index.php\/vida-en-la-esi\/cultura-y-divulgacion\/museo-de-la-informatica\/#primaryimage","url":"https:\/\/esi.uclm.es\/assets\/uploads\/2022\/02\/DSC_4082-rotated.jpg","contentUrl":"https:\/\/esi.uclm.es\/assets\/uploads\/2022\/02\/DSC_4082-rotated.jpg"},{"@type":"BreadcrumbList","@id":"https:\/\/esi.uclm.es\/index.php\/vida-en-la-esi\/cultura-y-divulgacion\/museo-de-la-informatica\/#breadcrumb","itemListElement":[{"@type":"ListItem","position":1,"name":"Portada","item":"https:\/\/esi.uclm.es\/"},{"@type":"ListItem","position":2,"name":"Vida en la ESI","item":"https:\/\/esi.uclm.es\/index.php\/vida-en-la-esi\/"},{"@type":"ListItem","position":3,"name":"Cultura y divulgaci\u00f3n","item":"https:\/\/esi.uclm.es\/index.php\/vida-en-la-esi\/cultura-y-divulgacion\/"},{"@type":"ListItem","position":4,"name":"Museo de la Inform\u00e1tica"}]},{"@type":"WebSite","@id":"https:\/\/esi.uclm.es\/#website","url":"https:\/\/esi.uclm.es\/","name":"Escuela Superior de Inform\u00e1tica de UCLM en Ciudad Real, Castilla-La Mancha","description":"La Escuela Superior de Inform\u00e1tica de Ciudad Real (Castilla-La Mancha), Universidad de Castilla-La Mancha es un centro universitario que imparte el ciclo completo de Ingenier\u00eda en Inform\u00e1tica: grado, m\u00e1ster y doctorado.","publisher":{"@id":"https:\/\/esi.uclm.es\/#organization"},"potentialAction":[{"@type":"SearchAction","target":{"@type":"EntryPoint","urlTemplate":"https:\/\/esi.uclm.es\/?s={search_term_string}"},"query-input":{"@type":"PropertyValueSpecification","valueRequired":true,"valueName":"search_term_string"}}],"inLanguage":"es"},{"@type":"Organization","@id":"https:\/\/esi.uclm.es\/#organization","name":"Escuela Superior de Inform\u00e1tica de UCLM","url":"https:\/\/esi.uclm.es\/","logo":{"@type":"ImageObject","inLanguage":"es","@id":"https:\/\/esi.uclm.es\/#\/schema\/logo\/image\/","url":"https:\/\/esi.uclm.es\/assets\/uploads\/2022\/03\/LogoESI_cabecera-1.png","contentUrl":"https:\/\/esi.uclm.es\/assets\/uploads\/2022\/03\/LogoESI_cabecera-1.png","width":460,"height":184,"caption":"Escuela Superior de Inform\u00e1tica de UCLM"},"image":{"@id":"https:\/\/esi.uclm.es\/#\/schema\/logo\/image\/"},"sameAs":["https:\/\/www.facebook.com\/Escuela-Superior-de-Informtica-543261809027158","https:\/\/x.com\/esiuclm","https:\/\/www.instagram.com\/esiuclm\/","https:\/\/www.youtube.com\/user\/esiuclm","https:\/\/www.twitch.tv\/esiuclm","https:\/\/www.linkedin.com\/company\/12656631\/admin\/"]}]}},"_links":{"self":[{"href":"https:\/\/esi.uclm.es\/index.php\/wp-json\/wp\/v2\/pages\/4267","targetHints":{"allow":["GET"]}}],"collection":[{"href":"https:\/\/esi.uclm.es\/index.php\/wp-json\/wp\/v2\/pages"}],"about":[{"href":"https:\/\/esi.uclm.es\/index.php\/wp-json\/wp\/v2\/types\/page"}],"author":[{"embeddable":true,"href":"https:\/\/esi.uclm.es\/index.php\/wp-json\/wp\/v2\/users\/1"}],"replies":[{"embeddable":true,"href":"https:\/\/esi.uclm.es\/index.php\/wp-json\/wp\/v2\/comments?post=4267"}],"version-history":[{"count":7,"href":"https:\/\/esi.uclm.es\/index.php\/wp-json\/wp\/v2\/pages\/4267\/revisions"}],"predecessor-version":[{"id":19838,"href":"https:\/\/esi.uclm.es\/index.php\/wp-json\/wp\/v2\/pages\/4267\/revisions\/19838"}],"up":[{"embeddable":true,"href":"https:\/\/esi.uclm.es\/index.php\/wp-json\/wp\/v2\/pages\/6069"}],"wp:attachment":[{"href":"https:\/\/esi.uclm.es\/index.php\/wp-json\/wp\/v2\/media?parent=4267"}],"curies":[{"name":"wp","href":"https:\/\/api.w.org\/{rel}","templated":true}]}}