{"id":4255,"date":"2022-01-27T18:57:32","date_gmt":"2022-01-27T18:57:32","guid":{"rendered":"http:\/\/esiaz24.uclm.es\/?page_id=4255"},"modified":"2022-05-30T20:59:21","modified_gmt":"2022-05-30T20:59:21","slug":"espacio-techlab","status":"publish","type":"page","link":"https:\/\/esi.uclm.es\/index.php\/recursos\/espacio-techlab\/","title":{"rendered":"Espacio TechLab"},"content":{"rendered":"\n<figure class=\"wp-block-image size-large\"><img loading=\"lazy\" decoding=\"async\" width=\"1024\" height=\"241\" src=\"https:\/\/esi.uclm.es\/assets\/uploads\/2022\/05\/techlab-1024x241.png\" alt=\"Laboratorio Techlab de la ESI\" class=\"wp-image-10551\" srcset=\"https:\/\/esi.uclm.es\/assets\/uploads\/2022\/05\/techlab-1024x241.png 1024w, https:\/\/esi.uclm.es\/assets\/uploads\/2022\/05\/techlab-300x71.png 300w, https:\/\/esi.uclm.es\/assets\/uploads\/2022\/05\/techlab-768x181.png 768w, https:\/\/esi.uclm.es\/assets\/uploads\/2022\/05\/techlab-600x142.png 600w, https:\/\/esi.uclm.es\/assets\/uploads\/2022\/05\/techlab.png 1200w\" sizes=\"auto, (max-width: 1024px) 100vw, 1024px\" \/><\/figure>\n\n\n\n<p><\/p>\n\n\n\n<h2 class=\"wp-block-heading\" id=\"descubre-experimenta-diviertete\">Descubre &#8211; Experimenta &#8211; Divi\u00e9rtete<\/h2>\n\n\n\n<hr class=\"wp-block-separator has-text-color has-vivid-cyan-blue-color has-css-opacity has-vivid-cyan-blue-background-color has-background is-style-default\"\/>\n\n\n\n<p>ESI-TechLab es una iniciativa de la Escuela Superior de Inform\u00e1tica de Ciudad Real, de la UCLM, para acercar la Inform\u00e1tica a todos los colectivos de la escuela as\u00ed como a la sociedad en general. ESI-TechLab se compone de dos acciones principales:<\/p>\n\n\n\n<ul class=\"wp-block-list\"><li><strong>Sala ESI-TechLab<\/strong>:&nbsp;&nbsp;Espacio din\u00e1mico y abierto dedicado a las tecnolog\u00edas interactivas, donde los alumnos de la ESI, investigadores y la sociedad en general pueden descubrir y experimentar con dispositivos de \u00faltima generaci\u00f3n que marcar\u00e1n, en los pr\u00f3ximos a\u00f1os, los principales avances de las tecnolog\u00edas de la informaci\u00f3n y la comunicaci\u00f3n.&nbsp;<\/li><li><strong>Talleres ESI-TechLab:<\/strong>&nbsp;Cursos introductorios de programaci\u00f3n para alumnos de Secundaria y Bachillerato donde desarrollar sus propias APPs, programar Robots y desarrollar videojuegos.&nbsp;<a href=\"https:\/\/esi.uclm.es\/index.php\/talleres-techlab\/\" data-type=\"page\" data-id=\"4257\">M\u00e1s Informaci\u00f3n<\/a><\/li><\/ul>\n\n\n\n<figure class=\"wp-block-embed is-type-video is-provider-youtube wp-block-embed-youtube wp-embed-aspect-16-9 wp-has-aspect-ratio\"><div class=\"wp-block-embed__wrapper\">\n<iframe loading=\"lazy\" title=\"Reportaje ESI-TechLab en CMM TV (ESI - UCLM)\" width=\"1060\" height=\"596\" src=\"https:\/\/www.youtube.com\/embed\/qiSXImrgoNI?feature=oembed\" frameborder=\"0\" allow=\"accelerometer; autoplay; clipboard-write; encrypted-media; gyroscope; picture-in-picture\" allowfullscreen><\/iframe>\n<\/div><\/figure>\n\n\n\n<h3 class=\"wp-block-heading\" id=\"espacio-techlab-dedicado-a-tecnologias-interactivas\">Espacio TechLab dedicado a tecnolog\u00edas interactivas<\/h3>\n\n\n\n<p>Espacio din\u00e1mico y abierto dedicado a las tecnolog\u00edas interactivas, donde los alumnos de la ESI, investigadores y la sociedad en general pueden descubrir y experimentar con dispositivos de \u00faltima generaci\u00f3n que marcar\u00e1n, en los pr\u00f3ximos a\u00f1os, los principales avances de las tecnolog\u00edas de la informaci\u00f3n y la comunicaci\u00f3n.<\/p>\n\n\n\n<ul class=\"wp-block-list\"><li><strong>Colectivos de la ESI<\/strong>: Puedes utilizar la sala y sus dispositivos para el desarrollo de tus investigaciones, pr\u00e1cticas o trabajo fin de grado \/ m\u00e1ster.<\/li><li><strong>Otros colectivos<\/strong>: Contacta con nosotros para organizar una visita a la sala ESI-TechLab y vivir una experiencia \u00fanica.<\/li><\/ul>\n\n\n\n<h2 class=\"wp-block-heading\" id=\"catalogo-de-dispositivos\">Cat\u00e1logo de dispositivos<\/h2>\n\n\n\n<p><strong>Robot NAO<\/strong><\/p>\n\n\n\n<div class=\"wp-block-columns is-layout-flex wp-container-core-columns-is-layout-9d6595d7 wp-block-columns-is-layout-flex\">\n<div class=\"wp-block-column is-layout-flow wp-block-column-is-layout-flow\" style=\"flex-basis:50%\"><div class=\"wp-block-image\">\n<figure class=\"alignleft size-full is-resized\"><img loading=\"lazy\" decoding=\"async\" src=\"https:\/\/esi.uclm.es\/assets\/uploads\/2022\/01\/content_robot_nao_919x517_1.jpeg\" alt=\"\" class=\"wp-image-5027\" width=\"266\" height=\"150\" srcset=\"https:\/\/esi.uclm.es\/assets\/uploads\/2022\/01\/content_robot_nao_919x517_1.jpeg 800w, https:\/\/esi.uclm.es\/assets\/uploads\/2022\/01\/content_robot_nao_919x517_1-300x169.jpeg 300w, https:\/\/esi.uclm.es\/assets\/uploads\/2022\/01\/content_robot_nao_919x517_1-768x432.jpeg 768w, https:\/\/esi.uclm.es\/assets\/uploads\/2022\/01\/content_robot_nao_919x517_1-600x338.jpeg 600w\" sizes=\"auto, (max-width: 266px) 100vw, 266px\" \/><\/figure>\n<\/div><\/div>\n\n\n\n<div class=\"wp-block-column is-layout-flow wp-block-column-is-layout-flow\" style=\"flex-basis:50%\">\n<p>Nao es un robot humanoide programable y aut\u00f3nomo, desarrollado por Aldebaran Robotics con 25 grados de libertad. Ofrece una unidad de medici\u00f3n inercial con aceler\u00f3metro, gir\u00f3metro y cuatro sensores de ultrasonidos que le proporcionan a Nao estabilidad y posicionamiento en el espacio. Las piernas incluyen ocho resistencias de detecci\u00f3n de fuerza y dos topes. El robot Nao tambi\u00e9n cuenta con un sistema multimedia incluyendo cuatro micr\u00f3fonos, dos altavoces y dos c\u00e1maras de alta definici\u00f3n.&nbsp;&nbsp; &nbsp;<\/p>\n\n\n\n<p>1 Unidad<\/p>\n<\/div>\n<\/div>\n\n\n\n<hr class=\"wp-block-separator has-css-opacity\"\/>\n\n\n\n<p><strong>Oculus Rift&nbsp;<\/strong><\/p>\n\n\n<div class=\"wp-block-image\">\n<figure class=\"alignleft size-full is-resized\"><img loading=\"lazy\" decoding=\"async\" src=\"https:\/\/esi.uclm.es\/assets\/uploads\/2022\/01\/content_61ahfXnBa0L._SX522_.jpg\" alt=\"\" class=\"wp-image-5028\" width=\"242\" height=\"165\" srcset=\"https:\/\/esi.uclm.es\/assets\/uploads\/2022\/01\/content_61ahfXnBa0L._SX522_.jpg 522w, https:\/\/esi.uclm.es\/assets\/uploads\/2022\/01\/content_61ahfXnBa0L._SX522_-300x205.jpg 300w, https:\/\/esi.uclm.es\/assets\/uploads\/2022\/01\/content_61ahfXnBa0L._SX522_-474x324.jpg 474w, https:\/\/esi.uclm.es\/assets\/uploads\/2022\/01\/content_61ahfXnBa0L._SX522_-128x86.jpg 128w\" sizes=\"auto, (max-width: 242px) 100vw, 242px\" \/><\/figure>\n<\/div>\n\n\n<div class=\"wp-block-columns is-layout-flex wp-container-core-columns-is-layout-9d6595d7 wp-block-columns-is-layout-flex\">\n<div class=\"wp-block-column is-layout-flow wp-block-column-is-layout-flow\" style=\"flex-basis:33.33%\">\n<p>Oculus Rift es un casco de realidad virtual que se fija rodeando la cabeza y cuya pantalla est\u00e1 formada por un par de paneles OLED con resoluci\u00f3n de 2160&#215;1200 p\u00edxeles. Se cuenta con un port\u00e1til MSI GT62VR con las caracter\u00edsticas \u00f3ptimas para tecnolog\u00eda VR.&nbsp;<\/p>\n\n\n\n<p>1 Unidad&nbsp; &nbsp;<\/p>\n<\/div>\n<\/div>\n\n\n\n<hr class=\"wp-block-separator has-css-opacity\"\/>\n\n\n\n<p><strong>Multiclass Pantalla Interactiva&nbsp;&nbsp; &nbsp;<\/strong><\/p>\n\n\n\n<div class=\"wp-block-columns is-layout-flex wp-container-core-columns-is-layout-9d6595d7 wp-block-columns-is-layout-flex\">\n<div class=\"wp-block-column is-layout-flow wp-block-column-is-layout-flow\" style=\"flex-basis:50%\">\n<figure class=\"wp-block-image size-full\"><img loading=\"lazy\" decoding=\"async\" width=\"300\" height=\"240\" src=\"https:\/\/esi.uclm.es\/assets\/uploads\/2022\/01\/content_prod-multiclass-mount-soportes-pantallas-02.jpeg\" alt=\"\" class=\"wp-image-5029\"\/><\/figure>\n<\/div>\n\n\n\n<div class=\"wp-block-column is-layout-flow wp-block-column-is-layout-flow\" style=\"flex-basis:50%\">\n<p>multiCLASS Touch Screen es la nueva generaci\u00f3n de pizarras digitales interactivas, con tecnolog\u00eda t\u00e1ctil multi-touch en una pantalla LED de alta definici\u00f3n 4K de 3840&#215;2160. Tiene unas dimensiones de 65\u00bb con tecnolog\u00edas multitactil por infrarrojos hasta 10 puntos.<\/p>\n\n\n\n<p>1 Unidad<\/p>\n<\/div>\n<\/div>\n\n\n\n<p> &nbsp;&nbsp; &nbsp;<\/p>\n\n\n\n<hr class=\"wp-block-separator has-css-opacity\"\/>\n\n\n\n<p><strong>Drone Parrot Bebop 2 FPV &nbsp;&nbsp; &nbsp;<\/strong><\/p>\n\n\n\n<div class=\"wp-block-columns is-layout-flex wp-container-core-columns-is-layout-9d6595d7 wp-block-columns-is-layout-flex\">\n<div class=\"wp-block-column is-layout-flow wp-block-column-is-layout-flow\" style=\"flex-basis:50%\">\n<figure class=\"wp-block-image size-full is-resized\"><img loading=\"lazy\" decoding=\"async\" src=\"https:\/\/esi.uclm.es\/assets\/uploads\/2022\/01\/content_PRT-PF726263_1.jpeg\" alt=\"\" class=\"wp-image-5030\" width=\"395\" height=\"263\" srcset=\"https:\/\/esi.uclm.es\/assets\/uploads\/2022\/01\/content_PRT-PF726263_1.jpeg 600w, https:\/\/esi.uclm.es\/assets\/uploads\/2022\/01\/content_PRT-PF726263_1-300x200.jpeg 300w, https:\/\/esi.uclm.es\/assets\/uploads\/2022\/01\/content_PRT-PF726263_1-391x260.jpeg 391w, https:\/\/esi.uclm.es\/assets\/uploads\/2022\/01\/content_PRT-PF726263_1-128x86.jpeg 128w\" sizes=\"auto, (max-width: 395px) 100vw, 395px\" \/><\/figure>\n<\/div>\n\n\n\n<div class=\"wp-block-column is-layout-flow wp-block-column-is-layout-flow\" style=\"flex-basis:50%\">\n<p>Drone de vuelo inmersivo mediante gafas Cockpitglasses y manejado mediante Skycontroller 2. Tiene un alcance de 2 Km y una autonom\u00eda de 25 minutos. Dispone de una c\u00e1mara Full HD de 1080p y localizaci\u00f3n GPS<\/p>\n\n\n\n<p>2 Unidades.&nbsp;&nbsp; &nbsp;<\/p>\n<\/div>\n<\/div>\n\n\n\n<hr class=\"wp-block-separator has-css-opacity\"\/>\n\n\n\n<p><strong>Casco EEG Emotiv Insight &nbsp;&nbsp; &nbsp;<\/strong><\/p>\n\n\n\n<div class=\"wp-block-columns is-layout-flex wp-container-core-columns-is-layout-9d6595d7 wp-block-columns-is-layout-flex\">\n<div class=\"wp-block-column is-layout-flow wp-block-column-is-layout-flow\" style=\"flex-basis:50%\">\n<figure class=\"wp-block-image size-full is-resized\"><img loading=\"lazy\" decoding=\"async\" src=\"https:\/\/esi.uclm.es\/assets\/uploads\/2022\/01\/content_emotiv-insight-square-w.jpeg\" alt=\"\" class=\"wp-image-5031\" width=\"316\" height=\"241\" srcset=\"https:\/\/esi.uclm.es\/assets\/uploads\/2022\/01\/content_emotiv-insight-square-w.jpeg 600w, https:\/\/esi.uclm.es\/assets\/uploads\/2022\/01\/content_emotiv-insight-square-w-300x229.jpeg 300w\" sizes=\"auto, (max-width: 316px) 100vw, 316px\" \/><\/figure>\n<\/div>\n\n\n\n<div class=\"wp-block-column is-layout-flow wp-block-column-is-layout-flow\" style=\"flex-basis:50%\">\n<p>Casco de encefalograf\u00eda (EEG) con 5 canales + 2 sensores de referencia para an\u00e1lisis de actividad cerebral. Tiene conectividad inal\u00e1mbrica, 4 horas de funcionamiento de la bater\u00eda y sensores de movimiento en 9 ejes. Permite la obtenci\u00f3n de los datos en bruto de EEG e incluye aplicaciones para comandos mentales y expresiones faciales.<\/p>\n\n\n\n<p>1 Unidad&nbsp;&nbsp; &nbsp;<\/p>\n<\/div>\n<\/div>\n\n\n\n<hr class=\"wp-block-separator has-css-opacity\"\/>\n\n\n\n<p><strong>HP Sprout Pro + escaner 3D &nbsp;&nbsp; &nbsp;<\/strong><\/p>\n\n\n\n<div class=\"wp-block-columns is-layout-flex wp-container-core-columns-is-layout-9d6595d7 wp-block-columns-is-layout-flex\">\n<div class=\"wp-block-column is-layout-flow wp-block-column-is-layout-flow\" style=\"flex-basis:50%\">\n<figure class=\"wp-block-image size-full is-resized\"><img loading=\"lazy\" decoding=\"async\" src=\"https:\/\/esi.uclm.es\/assets\/uploads\/2022\/01\/content_sprout-3d-capture-stage-art.jpeg\" alt=\"\" class=\"wp-image-5032\" width=\"356\" height=\"267\" srcset=\"https:\/\/esi.uclm.es\/assets\/uploads\/2022\/01\/content_sprout-3d-capture-stage-art.jpeg 770w, https:\/\/esi.uclm.es\/assets\/uploads\/2022\/01\/content_sprout-3d-capture-stage-art-300x225.jpeg 300w, https:\/\/esi.uclm.es\/assets\/uploads\/2022\/01\/content_sprout-3d-capture-stage-art-768x576.jpeg 768w, https:\/\/esi.uclm.es\/assets\/uploads\/2022\/01\/content_sprout-3d-capture-stage-art-600x450.jpeg 600w\" sizes=\"auto, (max-width: 356px) 100vw, 356px\" \/><\/figure>\n<\/div>\n\n\n\n<div class=\"wp-block-column is-layout-flow wp-block-column-is-layout-flow\" style=\"flex-basis:50%\">\n<p>Sprout Pro est\u00e1 compuesto por un PC, un proyector, c\u00e1maras de alta resoluci\u00f3n, alfombrilla t\u00e1ctil y capacidades de captura en 2D y 3D. Dispone de un l\u00e1piz sensible a la presi\u00f3n para editar contenidos en tiempo real y potenciar la creatividad. La alfombrilla t\u00e1ctil tiene 20 puntos de presi\u00f3n y las c\u00e1maras son de alta resoluci\u00f3n.&nbsp;&nbsp; <\/p>\n\n\n\n<p>1 Unidad&nbsp;<\/p>\n<\/div>\n<\/div>\n\n\n\n<hr class=\"wp-block-separator has-css-opacity\"\/>\n\n\n\n<p><strong>Leap Motion &nbsp;&nbsp; &nbsp;<\/strong><\/p>\n\n\n\n<div class=\"wp-block-columns is-layout-flex wp-container-core-columns-is-layout-9d6595d7 wp-block-columns-is-layout-flex\">\n<div class=\"wp-block-column is-layout-flow wp-block-column-is-layout-flow\" style=\"flex-basis:50%\">\n<figure class=\"wp-block-image size-full is-resized\"><img loading=\"lazy\" decoding=\"async\" src=\"https:\/\/esi.uclm.es\/assets\/uploads\/2022\/01\/content_leap-motion-3d-motion-gesture-controller-10-large.jpeg\" alt=\"\" class=\"wp-image-5033\" width=\"305\" height=\"261\" srcset=\"https:\/\/esi.uclm.es\/assets\/uploads\/2022\/01\/content_leap-motion-3d-motion-gesture-controller-10-large.jpeg 800w, https:\/\/esi.uclm.es\/assets\/uploads\/2022\/01\/content_leap-motion-3d-motion-gesture-controller-10-large-300x257.jpeg 300w, https:\/\/esi.uclm.es\/assets\/uploads\/2022\/01\/content_leap-motion-3d-motion-gesture-controller-10-large-768x659.jpeg 768w, https:\/\/esi.uclm.es\/assets\/uploads\/2022\/01\/content_leap-motion-3d-motion-gesture-controller-10-large-600x515.jpeg 600w\" sizes=\"auto, (max-width: 305px) 100vw, 305px\" \/><\/figure>\n<\/div>\n\n\n\n<div class=\"wp-block-column is-layout-flow wp-block-column-is-layout-flow\" style=\"flex-basis:50%\">\n<p>Peque\u00f1o dispositivo dotado de sensores que se conecta v\u00eda USB, y no requiere de ning\u00fan tipo de calibrado o configuraci\u00f3n especial. El sistema reconoce manos, dedos, e incluso objetos, dentro de su espacio de trabajo.<\/p>\n\n\n\n<p>1 Unidad &nbsp;&nbsp; &nbsp;<\/p>\n<\/div>\n<\/div>\n\n\n\n<hr class=\"wp-block-separator has-css-opacity\"\/>\n\n\n\n<p><strong>Impresora 3D BQ Witbox&nbsp;&nbsp; &nbsp;<\/strong><\/p>\n\n\n\n<div class=\"wp-block-columns is-layout-flex wp-container-core-columns-is-layout-9d6595d7 wp-block-columns-is-layout-flex\">\n<div class=\"wp-block-column is-layout-flow wp-block-column-is-layout-flow\" style=\"flex-basis:50%\">\n<figure class=\"wp-block-image size-full is-resized\"><img loading=\"lazy\" decoding=\"async\" src=\"https:\/\/esi.uclm.es\/assets\/uploads\/2022\/01\/content_-witbox-frontal-negra-ladeada.jpeg\" alt=\"\" class=\"wp-image-5034\" width=\"288\" height=\"281\" srcset=\"https:\/\/esi.uclm.es\/assets\/uploads\/2022\/01\/content_-witbox-frontal-negra-ladeada.jpeg 800w, https:\/\/esi.uclm.es\/assets\/uploads\/2022\/01\/content_-witbox-frontal-negra-ladeada-300x293.jpeg 300w, https:\/\/esi.uclm.es\/assets\/uploads\/2022\/01\/content_-witbox-frontal-negra-ladeada-768x749.jpeg 768w, https:\/\/esi.uclm.es\/assets\/uploads\/2022\/01\/content_-witbox-frontal-negra-ladeada-600x585.jpeg 600w\" sizes=\"auto, (max-width: 288px) 100vw, 288px\" \/><\/figure>\n<\/div>\n\n\n\n<div class=\"wp-block-column is-layout-flow wp-block-column-is-layout-flow\" style=\"flex-basis:50%\">\n<p>Impresora 3D de BQ modelo Witbox<\/p>\n\n\n\n<p>1 Unidad &nbsp;&nbsp; &nbsp;<\/p>\n<\/div>\n<\/div>\n\n\n\n<hr class=\"wp-block-separator has-css-opacity\"\/>\n","protected":false},"excerpt":{"rendered":"<p>Descubre &#8211; Experimenta &#8211; Divi\u00e9rtete ESI-TechLab es una iniciativa de la Escuela Superior de Inform\u00e1tica de Ciudad Real, de la UCLM, para acercar la Inform\u00e1tica a todos los colectivos de la escuela as\u00ed como a la sociedad en general. ESI-TechLab se compone de dos acciones [&hellip;]<\/p>\n","protected":false},"author":1,"featured_media":0,"parent":6226,"menu_order":0,"comment_status":"closed","ping_status":"closed","template":"","meta":{"footnotes":""},"class_list":["post-4255","page","type-page","status-publish","hentry"],"yoast_head":"<!-- This site is optimized with the Yoast SEO plugin v27.4 - https:\/\/yoast.com\/product\/yoast-seo-wordpress\/ -->\n<title>Espacio TechLab - Escuela Superior de Inform\u00e1tica de UCLM<\/title>\n<meta name=\"robots\" content=\"index, follow, max-snippet:-1, max-image-preview:large, max-video-preview:-1\" \/>\n<link rel=\"canonical\" href=\"https:\/\/esi.uclm.es\/index.php\/recursos\/espacio-techlab\/\" \/>\n<meta property=\"og:locale\" content=\"es_ES\" \/>\n<meta property=\"og:type\" content=\"article\" \/>\n<meta property=\"og:title\" content=\"Espacio TechLab - Escuela Superior de Inform\u00e1tica de UCLM\" \/>\n<meta property=\"og:description\" content=\"Descubre &#8211; Experimenta &#8211; Divi\u00e9rtete ESI-TechLab es una iniciativa de la Escuela Superior de Inform\u00e1tica de Ciudad Real, de la UCLM, para acercar la Inform\u00e1tica a todos los colectivos de la escuela as\u00ed como a la sociedad en general. ESI-TechLab se compone de dos acciones [&hellip;]\" \/>\n<meta property=\"og:url\" content=\"https:\/\/esi.uclm.es\/index.php\/recursos\/espacio-techlab\/\" \/>\n<meta property=\"og:site_name\" content=\"Escuela Superior de Inform\u00e1tica de UCLM\" \/>\n<meta property=\"article:publisher\" content=\"https:\/\/www.facebook.com\/Escuela-Superior-de-Informtica-543261809027158\" \/>\n<meta property=\"article:modified_time\" content=\"2022-05-30T20:59:21+00:00\" \/>\n<meta property=\"og:image\" content=\"https:\/\/esi.uclm.es\/assets\/uploads\/2022\/05\/techlab-1024x241.png\" \/>\n<meta name=\"twitter:card\" content=\"summary_large_image\" \/>\n<meta name=\"twitter:site\" content=\"@esiuclm\" \/>\n<meta name=\"twitter:label1\" content=\"Tiempo de lectura\" \/>\n\t<meta name=\"twitter:data1\" content=\"4 minutos\" \/>\n<script type=\"application\/ld+json\" class=\"yoast-schema-graph\">{\"@context\":\"https:\\\/\\\/schema.org\",\"@graph\":[{\"@type\":\"WebPage\",\"@id\":\"https:\\\/\\\/esi.uclm.es\\\/index.php\\\/recursos\\\/espacio-techlab\\\/\",\"url\":\"https:\\\/\\\/esi.uclm.es\\\/index.php\\\/recursos\\\/espacio-techlab\\\/\",\"name\":\"Espacio TechLab - Escuela Superior de Inform\u00e1tica de UCLM\",\"isPartOf\":{\"@id\":\"https:\\\/\\\/esi.uclm.es\\\/#website\"},\"primaryImageOfPage\":{\"@id\":\"https:\\\/\\\/esi.uclm.es\\\/index.php\\\/recursos\\\/espacio-techlab\\\/#primaryimage\"},\"image\":{\"@id\":\"https:\\\/\\\/esi.uclm.es\\\/index.php\\\/recursos\\\/espacio-techlab\\\/#primaryimage\"},\"thumbnailUrl\":\"https:\\\/\\\/esi.uclm.es\\\/assets\\\/uploads\\\/2022\\\/05\\\/techlab-1024x241.png\",\"datePublished\":\"2022-01-27T18:57:32+00:00\",\"dateModified\":\"2022-05-30T20:59:21+00:00\",\"breadcrumb\":{\"@id\":\"https:\\\/\\\/esi.uclm.es\\\/index.php\\\/recursos\\\/espacio-techlab\\\/#breadcrumb\"},\"inLanguage\":\"es\",\"potentialAction\":[{\"@type\":\"ReadAction\",\"target\":[\"https:\\\/\\\/esi.uclm.es\\\/index.php\\\/recursos\\\/espacio-techlab\\\/\"]}]},{\"@type\":\"ImageObject\",\"inLanguage\":\"es\",\"@id\":\"https:\\\/\\\/esi.uclm.es\\\/index.php\\\/recursos\\\/espacio-techlab\\\/#primaryimage\",\"url\":\"https:\\\/\\\/esi.uclm.es\\\/assets\\\/uploads\\\/2022\\\/05\\\/techlab-1024x241.png\",\"contentUrl\":\"https:\\\/\\\/esi.uclm.es\\\/assets\\\/uploads\\\/2022\\\/05\\\/techlab-1024x241.png\"},{\"@type\":\"BreadcrumbList\",\"@id\":\"https:\\\/\\\/esi.uclm.es\\\/index.php\\\/recursos\\\/espacio-techlab\\\/#breadcrumb\",\"itemListElement\":[{\"@type\":\"ListItem\",\"position\":1,\"name\":\"Portada\",\"item\":\"https:\\\/\\\/esi.uclm.es\\\/\"},{\"@type\":\"ListItem\",\"position\":2,\"name\":\"Recursos\",\"item\":\"https:\\\/\\\/esi.uclm.es\\\/index.php\\\/recursos\\\/\"},{\"@type\":\"ListItem\",\"position\":3,\"name\":\"Espacio TechLab\"}]},{\"@type\":\"WebSite\",\"@id\":\"https:\\\/\\\/esi.uclm.es\\\/#website\",\"url\":\"https:\\\/\\\/esi.uclm.es\\\/\",\"name\":\"Escuela Superior de Inform\u00e1tica de UCLM en Ciudad Real, Castilla-La Mancha\",\"description\":\"La Escuela Superior de Inform\u00e1tica de Ciudad Real (Castilla-La Mancha), Universidad de Castilla-La Mancha es un centro universitario que imparte el ciclo completo de Ingenier\u00eda en Inform\u00e1tica: grado, m\u00e1ster y doctorado.\",\"publisher\":{\"@id\":\"https:\\\/\\\/esi.uclm.es\\\/#organization\"},\"potentialAction\":[{\"@type\":\"SearchAction\",\"target\":{\"@type\":\"EntryPoint\",\"urlTemplate\":\"https:\\\/\\\/esi.uclm.es\\\/?s={search_term_string}\"},\"query-input\":{\"@type\":\"PropertyValueSpecification\",\"valueRequired\":true,\"valueName\":\"search_term_string\"}}],\"inLanguage\":\"es\"},{\"@type\":\"Organization\",\"@id\":\"https:\\\/\\\/esi.uclm.es\\\/#organization\",\"name\":\"Escuela Superior de Inform\u00e1tica de UCLM\",\"url\":\"https:\\\/\\\/esi.uclm.es\\\/\",\"logo\":{\"@type\":\"ImageObject\",\"inLanguage\":\"es\",\"@id\":\"https:\\\/\\\/esi.uclm.es\\\/#\\\/schema\\\/logo\\\/image\\\/\",\"url\":\"https:\\\/\\\/esi.uclm.es\\\/assets\\\/uploads\\\/2022\\\/03\\\/LogoESI_cabecera-1.png\",\"contentUrl\":\"https:\\\/\\\/esi.uclm.es\\\/assets\\\/uploads\\\/2022\\\/03\\\/LogoESI_cabecera-1.png\",\"width\":460,\"height\":184,\"caption\":\"Escuela Superior de Inform\u00e1tica de UCLM\"},\"image\":{\"@id\":\"https:\\\/\\\/esi.uclm.es\\\/#\\\/schema\\\/logo\\\/image\\\/\"},\"sameAs\":[\"https:\\\/\\\/www.facebook.com\\\/Escuela-Superior-de-Informtica-543261809027158\",\"https:\\\/\\\/x.com\\\/esiuclm\",\"https:\\\/\\\/www.instagram.com\\\/esiuclm\\\/\",\"https:\\\/\\\/www.youtube.com\\\/user\\\/esiuclm\",\"https:\\\/\\\/www.twitch.tv\\\/esiuclm\",\"https:\\\/\\\/www.linkedin.com\\\/company\\\/12656631\\\/admin\\\/\"]}]}<\/script>\n<!-- \/ Yoast SEO plugin. -->","yoast_head_json":{"title":"Espacio TechLab - Escuela Superior de Inform\u00e1tica de UCLM","robots":{"index":"index","follow":"follow","max-snippet":"max-snippet:-1","max-image-preview":"max-image-preview:large","max-video-preview":"max-video-preview:-1"},"canonical":"https:\/\/esi.uclm.es\/index.php\/recursos\/espacio-techlab\/","og_locale":"es_ES","og_type":"article","og_title":"Espacio TechLab - Escuela Superior de Inform\u00e1tica de UCLM","og_description":"Descubre &#8211; Experimenta &#8211; Divi\u00e9rtete ESI-TechLab es una iniciativa de la Escuela Superior de Inform\u00e1tica de Ciudad Real, de la UCLM, para acercar la Inform\u00e1tica a todos los colectivos de la escuela as\u00ed como a la sociedad en general. ESI-TechLab se compone de dos acciones [&hellip;]","og_url":"https:\/\/esi.uclm.es\/index.php\/recursos\/espacio-techlab\/","og_site_name":"Escuela Superior de Inform\u00e1tica de UCLM","article_publisher":"https:\/\/www.facebook.com\/Escuela-Superior-de-Informtica-543261809027158","article_modified_time":"2022-05-30T20:59:21+00:00","og_image":[{"url":"https:\/\/esi.uclm.es\/assets\/uploads\/2022\/05\/techlab-1024x241.png","type":"","width":"","height":""}],"twitter_card":"summary_large_image","twitter_site":"@esiuclm","twitter_misc":{"Tiempo de lectura":"4 minutos"},"schema":{"@context":"https:\/\/schema.org","@graph":[{"@type":"WebPage","@id":"https:\/\/esi.uclm.es\/index.php\/recursos\/espacio-techlab\/","url":"https:\/\/esi.uclm.es\/index.php\/recursos\/espacio-techlab\/","name":"Espacio TechLab - Escuela Superior de Inform\u00e1tica de UCLM","isPartOf":{"@id":"https:\/\/esi.uclm.es\/#website"},"primaryImageOfPage":{"@id":"https:\/\/esi.uclm.es\/index.php\/recursos\/espacio-techlab\/#primaryimage"},"image":{"@id":"https:\/\/esi.uclm.es\/index.php\/recursos\/espacio-techlab\/#primaryimage"},"thumbnailUrl":"https:\/\/esi.uclm.es\/assets\/uploads\/2022\/05\/techlab-1024x241.png","datePublished":"2022-01-27T18:57:32+00:00","dateModified":"2022-05-30T20:59:21+00:00","breadcrumb":{"@id":"https:\/\/esi.uclm.es\/index.php\/recursos\/espacio-techlab\/#breadcrumb"},"inLanguage":"es","potentialAction":[{"@type":"ReadAction","target":["https:\/\/esi.uclm.es\/index.php\/recursos\/espacio-techlab\/"]}]},{"@type":"ImageObject","inLanguage":"es","@id":"https:\/\/esi.uclm.es\/index.php\/recursos\/espacio-techlab\/#primaryimage","url":"https:\/\/esi.uclm.es\/assets\/uploads\/2022\/05\/techlab-1024x241.png","contentUrl":"https:\/\/esi.uclm.es\/assets\/uploads\/2022\/05\/techlab-1024x241.png"},{"@type":"BreadcrumbList","@id":"https:\/\/esi.uclm.es\/index.php\/recursos\/espacio-techlab\/#breadcrumb","itemListElement":[{"@type":"ListItem","position":1,"name":"Portada","item":"https:\/\/esi.uclm.es\/"},{"@type":"ListItem","position":2,"name":"Recursos","item":"https:\/\/esi.uclm.es\/index.php\/recursos\/"},{"@type":"ListItem","position":3,"name":"Espacio TechLab"}]},{"@type":"WebSite","@id":"https:\/\/esi.uclm.es\/#website","url":"https:\/\/esi.uclm.es\/","name":"Escuela Superior de Inform\u00e1tica de UCLM en Ciudad Real, Castilla-La Mancha","description":"La Escuela Superior de Inform\u00e1tica de Ciudad Real (Castilla-La Mancha), Universidad de Castilla-La Mancha es un centro universitario que imparte el ciclo completo de Ingenier\u00eda en Inform\u00e1tica: grado, m\u00e1ster y doctorado.","publisher":{"@id":"https:\/\/esi.uclm.es\/#organization"},"potentialAction":[{"@type":"SearchAction","target":{"@type":"EntryPoint","urlTemplate":"https:\/\/esi.uclm.es\/?s={search_term_string}"},"query-input":{"@type":"PropertyValueSpecification","valueRequired":true,"valueName":"search_term_string"}}],"inLanguage":"es"},{"@type":"Organization","@id":"https:\/\/esi.uclm.es\/#organization","name":"Escuela Superior de Inform\u00e1tica de UCLM","url":"https:\/\/esi.uclm.es\/","logo":{"@type":"ImageObject","inLanguage":"es","@id":"https:\/\/esi.uclm.es\/#\/schema\/logo\/image\/","url":"https:\/\/esi.uclm.es\/assets\/uploads\/2022\/03\/LogoESI_cabecera-1.png","contentUrl":"https:\/\/esi.uclm.es\/assets\/uploads\/2022\/03\/LogoESI_cabecera-1.png","width":460,"height":184,"caption":"Escuela Superior de Inform\u00e1tica de UCLM"},"image":{"@id":"https:\/\/esi.uclm.es\/#\/schema\/logo\/image\/"},"sameAs":["https:\/\/www.facebook.com\/Escuela-Superior-de-Informtica-543261809027158","https:\/\/x.com\/esiuclm","https:\/\/www.instagram.com\/esiuclm\/","https:\/\/www.youtube.com\/user\/esiuclm","https:\/\/www.twitch.tv\/esiuclm","https:\/\/www.linkedin.com\/company\/12656631\/admin\/"]}]}},"_links":{"self":[{"href":"https:\/\/esi.uclm.es\/index.php\/wp-json\/wp\/v2\/pages\/4255","targetHints":{"allow":["GET"]}}],"collection":[{"href":"https:\/\/esi.uclm.es\/index.php\/wp-json\/wp\/v2\/pages"}],"about":[{"href":"https:\/\/esi.uclm.es\/index.php\/wp-json\/wp\/v2\/types\/page"}],"author":[{"embeddable":true,"href":"https:\/\/esi.uclm.es\/index.php\/wp-json\/wp\/v2\/users\/1"}],"replies":[{"embeddable":true,"href":"https:\/\/esi.uclm.es\/index.php\/wp-json\/wp\/v2\/comments?post=4255"}],"version-history":[{"count":12,"href":"https:\/\/esi.uclm.es\/index.php\/wp-json\/wp\/v2\/pages\/4255\/revisions"}],"predecessor-version":[{"id":10552,"href":"https:\/\/esi.uclm.es\/index.php\/wp-json\/wp\/v2\/pages\/4255\/revisions\/10552"}],"up":[{"embeddable":true,"href":"https:\/\/esi.uclm.es\/index.php\/wp-json\/wp\/v2\/pages\/6226"}],"wp:attachment":[{"href":"https:\/\/esi.uclm.es\/index.php\/wp-json\/wp\/v2\/media?parent=4255"}],"curies":[{"name":"wp","href":"https:\/\/api.w.org\/{rel}","templated":true}]}}