{"id":4249,"date":"2022-01-27T18:55:52","date_gmt":"2022-01-27T18:55:52","guid":{"rendered":"http:\/\/esiaz24.uclm.es\/?page_id=4249"},"modified":"2023-02-20T10:21:21","modified_gmt":"2023-02-20T10:21:21","slug":"aula-de-libre-uso-alu","status":"publish","type":"page","link":"https:\/\/esi.uclm.es\/index.php\/recursos\/aula-de-libre-uso-alu\/","title":{"rendered":"Aula de Libre Uso (ALU)"},"content":{"rendered":"\n<figure class=\"wp-block-image size-large\"><img loading=\"lazy\" decoding=\"async\" width=\"1024\" height=\"236\" src=\"https:\/\/esi.uclm.es\/assets\/uploads\/2022\/02\/study_alu-1024x236.jpg\" alt=\"\" class=\"wp-image-7526\" srcset=\"https:\/\/esi.uclm.es\/assets\/uploads\/2022\/02\/study_alu-1024x236.jpg 1024w, https:\/\/esi.uclm.es\/assets\/uploads\/2022\/02\/study_alu-300x69.jpg 300w, https:\/\/esi.uclm.es\/assets\/uploads\/2022\/02\/study_alu-768x177.jpg 768w, https:\/\/esi.uclm.es\/assets\/uploads\/2022\/02\/study_alu-1536x354.jpg 1536w, https:\/\/esi.uclm.es\/assets\/uploads\/2022\/02\/study_alu-1300x300.jpg 1300w, https:\/\/esi.uclm.es\/assets\/uploads\/2022\/02\/study_alu-600x138.jpg 600w\" sizes=\"auto, (max-width: 1024px) 100vw, 1024px\" \/><\/figure>\n\n\n\n<p>El <strong>Aula de Libre Uso<\/strong> (<strong>ALU<\/strong>) tiene como prop\u00f3sito proporcionar a los estudiantes un lugar de estudio y reuni\u00f3n con fines exclusivamente acad\u00e9micos. Est\u00e1 destinada a los estudiantes de cualquier curso del Grado en Ingenier\u00eda Inform\u00e1tica, del M\u00e1ster Universitario de Ingenier\u00eda Inform\u00e1tica y de doctorado.<\/p>\n\n\n\n<p>La ALU se encuentra situada en el ala derecha del Edificio Ferm\u00edn Caballero y se accede a ella desde el exterior, a trav\u00e9s de unas escaleras o rampa. La puerta de entrada de la ALU permanecer\u00e1 abierta en el horario de apertura del Centro.<\/p>\n","protected":false},"excerpt":{"rendered":"<p>El Aula de Libre Uso (ALU) tiene como prop\u00f3sito proporcionar a los estudiantes un lugar de estudio y reuni\u00f3n con fines exclusivamente acad\u00e9micos. Est\u00e1 destinada a los estudiantes de cualquier curso del Grado en Ingenier\u00eda Inform\u00e1tica, del M\u00e1ster Universitario de Ingenier\u00eda Inform\u00e1tica y de doctorado. [&hellip;]<\/p>\n","protected":false},"author":1,"featured_media":0,"parent":6226,"menu_order":0,"comment_status":"closed","ping_status":"closed","template":"","meta":{"footnotes":""},"class_list":["post-4249","page","type-page","status-publish","hentry"],"yoast_head":"<!-- This site is optimized with the Yoast SEO plugin v27.3 - https:\/\/yoast.com\/product\/yoast-seo-wordpress\/ -->\n<title>Aula de Libre Uso (ALU) - Escuela Superior de Inform\u00e1tica de UCLM<\/title>\n<meta name=\"robots\" content=\"index, follow, max-snippet:-1, max-image-preview:large, max-video-preview:-1\" \/>\n<link rel=\"canonical\" href=\"https:\/\/esi.uclm.es\/index.php\/recursos\/aula-de-libre-uso-alu\/\" \/>\n<meta property=\"og:locale\" content=\"es_ES\" \/>\n<meta property=\"og:type\" content=\"article\" \/>\n<meta property=\"og:title\" content=\"Aula de Libre Uso (ALU) - Escuela Superior de Inform\u00e1tica de UCLM\" \/>\n<meta property=\"og:description\" content=\"El Aula de Libre Uso (ALU) tiene como prop\u00f3sito proporcionar a los estudiantes un lugar de estudio y reuni\u00f3n con fines exclusivamente acad\u00e9micos. Est\u00e1 destinada a los estudiantes de cualquier curso del Grado en Ingenier\u00eda Inform\u00e1tica, del M\u00e1ster Universitario de Ingenier\u00eda Inform\u00e1tica y de doctorado. [&hellip;]\" \/>\n<meta property=\"og:url\" content=\"https:\/\/esi.uclm.es\/index.php\/recursos\/aula-de-libre-uso-alu\/\" \/>\n<meta property=\"og:site_name\" content=\"Escuela Superior de Inform\u00e1tica de UCLM\" \/>\n<meta property=\"article:publisher\" content=\"https:\/\/www.facebook.com\/Escuela-Superior-de-Informtica-543261809027158\" \/>\n<meta property=\"article:modified_time\" content=\"2023-02-20T10:21:21+00:00\" \/>\n<meta property=\"og:image\" content=\"https:\/\/esi.uclm.es\/assets\/uploads\/2022\/02\/study_alu-1024x236.jpg\" \/>\n<meta name=\"twitter:card\" content=\"summary_large_image\" \/>\n<meta name=\"twitter:site\" content=\"@esiuclm\" \/>\n<script type=\"application\/ld+json\" class=\"yoast-schema-graph\">{\"@context\":\"https:\\\/\\\/schema.org\",\"@graph\":[{\"@type\":\"WebPage\",\"@id\":\"https:\\\/\\\/esi.uclm.es\\\/index.php\\\/recursos\\\/aula-de-libre-uso-alu\\\/\",\"url\":\"https:\\\/\\\/esi.uclm.es\\\/index.php\\\/recursos\\\/aula-de-libre-uso-alu\\\/\",\"name\":\"Aula de Libre Uso (ALU) - Escuela Superior de Inform\u00e1tica de UCLM\",\"isPartOf\":{\"@id\":\"https:\\\/\\\/esi.uclm.es\\\/#website\"},\"primaryImageOfPage\":{\"@id\":\"https:\\\/\\\/esi.uclm.es\\\/index.php\\\/recursos\\\/aula-de-libre-uso-alu\\\/#primaryimage\"},\"image\":{\"@id\":\"https:\\\/\\\/esi.uclm.es\\\/index.php\\\/recursos\\\/aula-de-libre-uso-alu\\\/#primaryimage\"},\"thumbnailUrl\":\"https:\\\/\\\/esi.uclm.es\\\/assets\\\/uploads\\\/2022\\\/02\\\/study_alu-1024x236.jpg\",\"datePublished\":\"2022-01-27T18:55:52+00:00\",\"dateModified\":\"2023-02-20T10:21:21+00:00\",\"breadcrumb\":{\"@id\":\"https:\\\/\\\/esi.uclm.es\\\/index.php\\\/recursos\\\/aula-de-libre-uso-alu\\\/#breadcrumb\"},\"inLanguage\":\"es\",\"potentialAction\":[{\"@type\":\"ReadAction\",\"target\":[\"https:\\\/\\\/esi.uclm.es\\\/index.php\\\/recursos\\\/aula-de-libre-uso-alu\\\/\"]}]},{\"@type\":\"ImageObject\",\"inLanguage\":\"es\",\"@id\":\"https:\\\/\\\/esi.uclm.es\\\/index.php\\\/recursos\\\/aula-de-libre-uso-alu\\\/#primaryimage\",\"url\":\"https:\\\/\\\/esi.uclm.es\\\/assets\\\/uploads\\\/2022\\\/02\\\/study_alu-1024x236.jpg\",\"contentUrl\":\"https:\\\/\\\/esi.uclm.es\\\/assets\\\/uploads\\\/2022\\\/02\\\/study_alu-1024x236.jpg\"},{\"@type\":\"BreadcrumbList\",\"@id\":\"https:\\\/\\\/esi.uclm.es\\\/index.php\\\/recursos\\\/aula-de-libre-uso-alu\\\/#breadcrumb\",\"itemListElement\":[{\"@type\":\"ListItem\",\"position\":1,\"name\":\"Portada\",\"item\":\"https:\\\/\\\/esi.uclm.es\\\/\"},{\"@type\":\"ListItem\",\"position\":2,\"name\":\"Recursos\",\"item\":\"https:\\\/\\\/esi.uclm.es\\\/index.php\\\/recursos\\\/\"},{\"@type\":\"ListItem\",\"position\":3,\"name\":\"Aula de Libre Uso (ALU)\"}]},{\"@type\":\"WebSite\",\"@id\":\"https:\\\/\\\/esi.uclm.es\\\/#website\",\"url\":\"https:\\\/\\\/esi.uclm.es\\\/\",\"name\":\"Escuela Superior de Inform\u00e1tica de UCLM en Ciudad Real, Castilla-La Mancha\",\"description\":\"La Escuela Superior de Inform\u00e1tica de Ciudad Real (Castilla-La Mancha), Universidad de Castilla-La Mancha es un centro universitario que imparte el ciclo completo de Ingenier\u00eda en Inform\u00e1tica: grado, m\u00e1ster y doctorado.\",\"publisher\":{\"@id\":\"https:\\\/\\\/esi.uclm.es\\\/#organization\"},\"potentialAction\":[{\"@type\":\"SearchAction\",\"target\":{\"@type\":\"EntryPoint\",\"urlTemplate\":\"https:\\\/\\\/esi.uclm.es\\\/?s={search_term_string}\"},\"query-input\":{\"@type\":\"PropertyValueSpecification\",\"valueRequired\":true,\"valueName\":\"search_term_string\"}}],\"inLanguage\":\"es\"},{\"@type\":\"Organization\",\"@id\":\"https:\\\/\\\/esi.uclm.es\\\/#organization\",\"name\":\"Escuela Superior de Inform\u00e1tica de UCLM\",\"url\":\"https:\\\/\\\/esi.uclm.es\\\/\",\"logo\":{\"@type\":\"ImageObject\",\"inLanguage\":\"es\",\"@id\":\"https:\\\/\\\/esi.uclm.es\\\/#\\\/schema\\\/logo\\\/image\\\/\",\"url\":\"https:\\\/\\\/esi.uclm.es\\\/assets\\\/uploads\\\/2022\\\/03\\\/LogoESI_cabecera-1.png\",\"contentUrl\":\"https:\\\/\\\/esi.uclm.es\\\/assets\\\/uploads\\\/2022\\\/03\\\/LogoESI_cabecera-1.png\",\"width\":460,\"height\":184,\"caption\":\"Escuela Superior de Inform\u00e1tica de UCLM\"},\"image\":{\"@id\":\"https:\\\/\\\/esi.uclm.es\\\/#\\\/schema\\\/logo\\\/image\\\/\"},\"sameAs\":[\"https:\\\/\\\/www.facebook.com\\\/Escuela-Superior-de-Informtica-543261809027158\",\"https:\\\/\\\/x.com\\\/esiuclm\",\"https:\\\/\\\/www.instagram.com\\\/esiuclm\\\/\",\"https:\\\/\\\/www.youtube.com\\\/user\\\/esiuclm\",\"https:\\\/\\\/www.twitch.tv\\\/esiuclm\",\"https:\\\/\\\/www.linkedin.com\\\/company\\\/12656631\\\/admin\\\/\"]}]}<\/script>\n<!-- \/ Yoast SEO plugin. -->","yoast_head_json":{"title":"Aula de Libre Uso (ALU) - Escuela Superior de Inform\u00e1tica de UCLM","robots":{"index":"index","follow":"follow","max-snippet":"max-snippet:-1","max-image-preview":"max-image-preview:large","max-video-preview":"max-video-preview:-1"},"canonical":"https:\/\/esi.uclm.es\/index.php\/recursos\/aula-de-libre-uso-alu\/","og_locale":"es_ES","og_type":"article","og_title":"Aula de Libre Uso (ALU) - Escuela Superior de Inform\u00e1tica de UCLM","og_description":"El Aula de Libre Uso (ALU) tiene como prop\u00f3sito proporcionar a los estudiantes un lugar de estudio y reuni\u00f3n con fines exclusivamente acad\u00e9micos. Est\u00e1 destinada a los estudiantes de cualquier curso del Grado en Ingenier\u00eda Inform\u00e1tica, del M\u00e1ster Universitario de Ingenier\u00eda Inform\u00e1tica y de doctorado. [&hellip;]","og_url":"https:\/\/esi.uclm.es\/index.php\/recursos\/aula-de-libre-uso-alu\/","og_site_name":"Escuela Superior de Inform\u00e1tica de UCLM","article_publisher":"https:\/\/www.facebook.com\/Escuela-Superior-de-Informtica-543261809027158","article_modified_time":"2023-02-20T10:21:21+00:00","og_image":[{"url":"https:\/\/esi.uclm.es\/assets\/uploads\/2022\/02\/study_alu-1024x236.jpg","type":"","width":"","height":""}],"twitter_card":"summary_large_image","twitter_site":"@esiuclm","schema":{"@context":"https:\/\/schema.org","@graph":[{"@type":"WebPage","@id":"https:\/\/esi.uclm.es\/index.php\/recursos\/aula-de-libre-uso-alu\/","url":"https:\/\/esi.uclm.es\/index.php\/recursos\/aula-de-libre-uso-alu\/","name":"Aula de Libre Uso (ALU) - Escuela Superior de Inform\u00e1tica de UCLM","isPartOf":{"@id":"https:\/\/esi.uclm.es\/#website"},"primaryImageOfPage":{"@id":"https:\/\/esi.uclm.es\/index.php\/recursos\/aula-de-libre-uso-alu\/#primaryimage"},"image":{"@id":"https:\/\/esi.uclm.es\/index.php\/recursos\/aula-de-libre-uso-alu\/#primaryimage"},"thumbnailUrl":"https:\/\/esi.uclm.es\/assets\/uploads\/2022\/02\/study_alu-1024x236.jpg","datePublished":"2022-01-27T18:55:52+00:00","dateModified":"2023-02-20T10:21:21+00:00","breadcrumb":{"@id":"https:\/\/esi.uclm.es\/index.php\/recursos\/aula-de-libre-uso-alu\/#breadcrumb"},"inLanguage":"es","potentialAction":[{"@type":"ReadAction","target":["https:\/\/esi.uclm.es\/index.php\/recursos\/aula-de-libre-uso-alu\/"]}]},{"@type":"ImageObject","inLanguage":"es","@id":"https:\/\/esi.uclm.es\/index.php\/recursos\/aula-de-libre-uso-alu\/#primaryimage","url":"https:\/\/esi.uclm.es\/assets\/uploads\/2022\/02\/study_alu-1024x236.jpg","contentUrl":"https:\/\/esi.uclm.es\/assets\/uploads\/2022\/02\/study_alu-1024x236.jpg"},{"@type":"BreadcrumbList","@id":"https:\/\/esi.uclm.es\/index.php\/recursos\/aula-de-libre-uso-alu\/#breadcrumb","itemListElement":[{"@type":"ListItem","position":1,"name":"Portada","item":"https:\/\/esi.uclm.es\/"},{"@type":"ListItem","position":2,"name":"Recursos","item":"https:\/\/esi.uclm.es\/index.php\/recursos\/"},{"@type":"ListItem","position":3,"name":"Aula de Libre Uso (ALU)"}]},{"@type":"WebSite","@id":"https:\/\/esi.uclm.es\/#website","url":"https:\/\/esi.uclm.es\/","name":"Escuela Superior de Inform\u00e1tica de UCLM en Ciudad Real, Castilla-La Mancha","description":"La Escuela Superior de Inform\u00e1tica de Ciudad Real (Castilla-La Mancha), Universidad de Castilla-La Mancha es un centro universitario que imparte el ciclo completo de Ingenier\u00eda en Inform\u00e1tica: grado, m\u00e1ster y doctorado.","publisher":{"@id":"https:\/\/esi.uclm.es\/#organization"},"potentialAction":[{"@type":"SearchAction","target":{"@type":"EntryPoint","urlTemplate":"https:\/\/esi.uclm.es\/?s={search_term_string}"},"query-input":{"@type":"PropertyValueSpecification","valueRequired":true,"valueName":"search_term_string"}}],"inLanguage":"es"},{"@type":"Organization","@id":"https:\/\/esi.uclm.es\/#organization","name":"Escuela Superior de Inform\u00e1tica de UCLM","url":"https:\/\/esi.uclm.es\/","logo":{"@type":"ImageObject","inLanguage":"es","@id":"https:\/\/esi.uclm.es\/#\/schema\/logo\/image\/","url":"https:\/\/esi.uclm.es\/assets\/uploads\/2022\/03\/LogoESI_cabecera-1.png","contentUrl":"https:\/\/esi.uclm.es\/assets\/uploads\/2022\/03\/LogoESI_cabecera-1.png","width":460,"height":184,"caption":"Escuela Superior de Inform\u00e1tica de UCLM"},"image":{"@id":"https:\/\/esi.uclm.es\/#\/schema\/logo\/image\/"},"sameAs":["https:\/\/www.facebook.com\/Escuela-Superior-de-Informtica-543261809027158","https:\/\/x.com\/esiuclm","https:\/\/www.instagram.com\/esiuclm\/","https:\/\/www.youtube.com\/user\/esiuclm","https:\/\/www.twitch.tv\/esiuclm","https:\/\/www.linkedin.com\/company\/12656631\/admin\/"]}]}},"_links":{"self":[{"href":"https:\/\/esi.uclm.es\/index.php\/wp-json\/wp\/v2\/pages\/4249","targetHints":{"allow":["GET"]}}],"collection":[{"href":"https:\/\/esi.uclm.es\/index.php\/wp-json\/wp\/v2\/pages"}],"about":[{"href":"https:\/\/esi.uclm.es\/index.php\/wp-json\/wp\/v2\/types\/page"}],"author":[{"embeddable":true,"href":"https:\/\/esi.uclm.es\/index.php\/wp-json\/wp\/v2\/users\/1"}],"replies":[{"embeddable":true,"href":"https:\/\/esi.uclm.es\/index.php\/wp-json\/wp\/v2\/comments?post=4249"}],"version-history":[{"count":4,"href":"https:\/\/esi.uclm.es\/index.php\/wp-json\/wp\/v2\/pages\/4249\/revisions"}],"predecessor-version":[{"id":14323,"href":"https:\/\/esi.uclm.es\/index.php\/wp-json\/wp\/v2\/pages\/4249\/revisions\/14323"}],"up":[{"embeddable":true,"href":"https:\/\/esi.uclm.es\/index.php\/wp-json\/wp\/v2\/pages\/6226"}],"wp:attachment":[{"href":"https:\/\/esi.uclm.es\/index.php\/wp-json\/wp\/v2\/media?parent=4249"}],"curies":[{"name":"wp","href":"https:\/\/api.w.org\/{rel}","templated":true}]}}