{"id":4240,"date":"2022-01-27T18:54:05","date_gmt":"2022-01-27T18:54:05","guid":{"rendered":"http:\/\/esiaz24.uclm.es\/?page_id=4240"},"modified":"2023-09-25T16:40:44","modified_gmt":"2023-09-25T16:40:44","slug":"programa-mentor-profesional","status":"publish","type":"page","link":"https:\/\/esi.uclm.es\/index.php\/vida-en-la-esi\/apoyo-al-estudiante\/programa-mentor-profesional\/","title":{"rendered":"Programa Mentor Profesional"},"content":{"rendered":"\n<figure class=\"wp-block-image size-large\"><img loading=\"lazy\" decoding=\"async\" width=\"1024\" height=\"236\" src=\"https:\/\/esi.uclm.es\/assets\/uploads\/2022\/02\/mentor_profesional-1024x236.jpg\" alt=\"\" class=\"wp-image-7553\" srcset=\"https:\/\/esi.uclm.es\/assets\/uploads\/2022\/02\/mentor_profesional-1024x236.jpg 1024w, https:\/\/esi.uclm.es\/assets\/uploads\/2022\/02\/mentor_profesional-300x69.jpg 300w, https:\/\/esi.uclm.es\/assets\/uploads\/2022\/02\/mentor_profesional-768x177.jpg 768w, https:\/\/esi.uclm.es\/assets\/uploads\/2022\/02\/mentor_profesional-1536x354.jpg 1536w, https:\/\/esi.uclm.es\/assets\/uploads\/2022\/02\/mentor_profesional-1300x300.jpg 1300w, https:\/\/esi.uclm.es\/assets\/uploads\/2022\/02\/mentor_profesional-600x138.jpg 600w\" sizes=\"auto, (max-width: 1024px) 100vw, 1024px\" \/><\/figure>\n\n\n\n<h3 class=\"wp-block-heading\"><strong><mark style=\"background-color:rgba(0, 0, 0, 0)\" class=\"has-inline-color has-vivid-cyan-blue-color\">Programa Mentor\u00eda Profesional<\/mark><\/strong><\/h3>\n\n\n\n<p>El programa de Mentor\u00eda Profesional es parte del programa de<strong> Apoyo al Estudiante<\/strong>, en el que la Escuela Superior de Inform\u00e1tica trata, por un lado, de ayudar al estudiante de \u00faltimo curso en su integraci\u00f3n en el mercado laboral y, por otro lado, de mantener el v\u00ednculo con sus alumnos egresados.<\/p>\n\n\n\n<figure class=\"wp-block-embed is-type-video is-provider-youtube wp-block-embed-youtube wp-embed-aspect-16-9 wp-has-aspect-ratio\"><div class=\"wp-block-embed__wrapper\">\n<iframe loading=\"lazy\" title=\"Programa Mentor Profesional\" width=\"1060\" height=\"596\" src=\"https:\/\/www.youtube.com\/embed\/TPQPc-Sf6Mc?feature=oembed\" frameborder=\"0\" allow=\"accelerometer; autoplay; clipboard-write; encrypted-media; gyroscope; picture-in-picture; web-share\" allowfullscreen><\/iframe>\n<\/div><\/figure>\n\n\n\n<h3 class=\"wp-block-heading\"><strong><mark style=\"background-color:rgba(0, 0, 0, 0)\" class=\"has-inline-color has-vivid-cyan-blue-color\">Objetivo:<\/mark><\/strong><\/h3>\n\n\n\n<p>El objetivo del Programa es facilitar un v\u00ednculo entre mentor y mentorizado, mediante el cual el egresado (mentor) ofrece un servicio de orientaci\u00f3n y acompa\u00f1amiento que ayuda al alumno de \u00faltimo curso (mentorizado) a preparar su integraci\u00f3n en el mercado laboral, aport\u00e1ndole su experiencia y conocimiento.<\/p>\n\n\n\n<p>La Mentor\u00eda Profesional es un instrumento para articular la relaci\u00f3n entre mentor y mentorizado, a trav\u00e9s de varias iteraciones, en las que el mentor ayuda a construir progresivamente la <strong>identidad profesional <\/strong>del mentorizado:<\/p>\n\n\n\n<ul class=\"wp-block-list\">\n<li><strong>Auto-evaluaci\u00f3n<\/strong>: es la primera etapa del proceso, donde el mentor plantea al alumno una serie de preguntas relacionadas con su visi\u00f3n de su futuro profesional y que permitan determinar sus capacidades y habilidades, de una manera cuantitativa. <strong><\/strong><\/li>\n\n\n\n<li>Reuniones iterativas, orientadas a potenciar sus habilidades.<\/li>\n\n\n\n<li><strong>Finalizaci\u00f3n<\/strong>: es la \u00faltima etapa del proceso, al final del curso el mentor comprobar\u00e1 la evaluaci\u00f3n de su mentorizado y en qu\u00e9 grado se han adquirido las distintas soft-skills trabajadas\u00bb<\/li>\n<\/ul>\n\n\n\n<p>La Escuela, a trav\u00e9s de este Programa, puede contribuir en esta labor mediante la formaci\u00f3n espec\u00edfica, tanto de mentores como de mentorizados, a trav\u00e9s de talleres, charlas y seminarios de inter\u00e9s. Es un programa voluntario y altruista, al igual que el Programa Mentor, y tiene una duraci\u00f3n de un curso acad\u00e9mico. <\/p>\n\n\n\n<h3 class=\"wp-block-heading\"><strong><mark style=\"background-color:rgba(0, 0, 0, 0)\" class=\"has-inline-color has-vivid-cyan-blue-color\">\u00bfQui\u00e9nes son los mentores y los mentorizados y cu\u00e1les son sus responsabilidades?<\/mark><\/strong><\/h3>\n\n\n\n<p><strong>Los mentores son alumnos\/as <\/strong>egresados\/as con alguna experiencia profesional (<a href=\"https:\/\/esi.uclm.es\/index.php\/vida-en-la-esi\/apoyo-al-estudiante\/programa-mentor-profesional\/quienes-son-los-mentores\/\">Listado de mentores<\/a>)<\/p>\n\n\n\n<p><strong>Los mentorizados son <\/strong>alumnos voluntarios de 4\u00ba curso (no es obligatorio apuntarse al programa).<\/p>\n\n\n\n<p>Las responsabilidades del mentor profesional son:<\/p>\n\n\n\n<ul class=\"wp-block-list\">\n<li>Ofrecer un servicio de orientaci\u00f3n y acompa\u00f1amiento.<\/li>\n\n\n\n<li>Ayudar a definir la identidad profesional del mentorizado, favoreciendo el desarrollo de habilidades <em>soft<\/em> (ver lista m\u00e1s abajo) y tecnol\u00f3gicas.<\/li>\n\n\n\n<li>Disponibilidad para mantener un m\u00ednimo de 3 sesiones con los mentorizados por curso (podr\u00edan ser online).<\/li>\n<\/ul>\n\n\n\n<p>Y las responsabilidades del mentorizado:<\/p>\n\n\n\n<ul class=\"wp-block-list\">\n<li>Asistir a las reuniones con los mentores profesionales.<\/li>\n\n\n\n<li>Asistir a los cursos de formaci\u00f3n impartidos en la Escuela.<\/li>\n<\/ul>\n\n\n\n<h3 class=\"wp-block-heading\"><strong><mark style=\"background-color:rgba(0, 0, 0, 0)\" class=\"has-inline-color has-vivid-cyan-blue-color\">L\u00edneas maestras del programa<\/mark><\/strong><\/h3>\n\n\n\n<ul class=\"wp-block-list\">\n<li>Disponibilidad de mentor y mentorizado para mantener, al menos, 3 reuniones.<strong><\/strong><\/li>\n\n\n\n<li>Un mentor s\u00f3lo puede estar vinculado con un mentorizado en un curso acad\u00e9mico.<strong><\/strong><\/li>\n\n\n\n<li>Mentor y mentorizado, pueden tomar como gu\u00eda para sus reuniones el listado de habilidades <em>soft <\/em>listadas m\u00e1s abajo.<strong><\/strong><\/li>\n\n\n\n<li>El programa se extiende por un curso acad\u00e9mico, desde septiembre\/octubre hasta mayo.<strong><\/strong><\/li>\n<\/ul>\n\n\n\n<h3 class=\"wp-block-heading\"><strong><mark style=\"background-color:rgba(0, 0, 0, 0)\" class=\"has-inline-color has-vivid-cyan-blue-color\">\u00bfCu\u00e1les son las habilidades <em>soft <\/em>que pueden trabajarse entre mentor\/mentorizado?<\/mark><\/strong><\/h3>\n\n\n\n<ul class=\"wp-block-list\" id=\"block-8e11ff96-9805-4ade-ab39-efd8fb3c3f04\">\n<li>Liderazgo&nbsp;<\/li>\n\n\n\n<li>Emprendimiento&nbsp;<\/li>\n\n\n\n<li>Don de gentes,<\/li>\n\n\n\n<li>Capacidad de empatizar,<\/li>\n\n\n\n<li>Orden\/organizaci\u00f3n,<\/li>\n\n\n\n<li>Puntualidad,<\/li>\n\n\n\n<li>Gesti\u00f3n del tiempo&nbsp;<\/li>\n\n\n\n<li>Trabajo en equipo&nbsp;<\/li>\n\n\n\n<li>Comunicaci\u00f3n (hablar en p\u00fablico)<\/li>\n\n\n\n<li>Comunicaci\u00f3n escrita (redactar informes, manuales, etc)<\/li>\n\n\n\n<li>Autodidacta<\/li>\n\n\n\n<li>Pro-Activo<\/li>\n\n\n\n<li>Capacidad para la toma de decisiones<\/li>\n\n\n\n<li>Creativo<\/li>\n\n\n\n<li>Trabajar bajo presi\u00f3n<\/li>\n\n\n\n<li>Flexible (me adapto a los cambios de \u00faltima hora)<\/li>\n\n\n\n<li>Puntualidad<\/li>\n\n\n\n<li>Self-reflection<\/li>\n<\/ul>\n","protected":false},"excerpt":{"rendered":"<p>Programa Mentor\u00eda Profesional El programa de Mentor\u00eda Profesional es parte del programa de Apoyo al Estudiante, en el que la Escuela Superior de Inform\u00e1tica trata, por un lado, de ayudar al estudiante de \u00faltimo curso en su integraci\u00f3n en el mercado laboral y, por otro [&hellip;]<\/p>\n","protected":false},"author":1,"featured_media":0,"parent":5174,"menu_order":0,"comment_status":"closed","ping_status":"closed","template":"","meta":{"footnotes":""},"class_list":["post-4240","page","type-page","status-publish","hentry"],"yoast_head":"<!-- This site is optimized with the Yoast SEO plugin v27.3 - https:\/\/yoast.com\/product\/yoast-seo-wordpress\/ -->\n<title>Programa Mentor Profesional - Escuela Superior de Inform\u00e1tica de UCLM<\/title>\n<meta name=\"robots\" content=\"index, follow, max-snippet:-1, max-image-preview:large, max-video-preview:-1\" \/>\n<link rel=\"canonical\" href=\"https:\/\/esi.uclm.es\/index.php\/vida-en-la-esi\/apoyo-al-estudiante\/programa-mentor-profesional\/\" \/>\n<meta property=\"og:locale\" content=\"es_ES\" \/>\n<meta property=\"og:type\" content=\"article\" \/>\n<meta property=\"og:title\" content=\"Programa Mentor Profesional - Escuela Superior de Inform\u00e1tica de UCLM\" \/>\n<meta property=\"og:description\" content=\"Programa Mentor\u00eda Profesional El programa de Mentor\u00eda Profesional es parte del programa de Apoyo al Estudiante, en el que la Escuela Superior de Inform\u00e1tica trata, por un lado, de ayudar al estudiante de \u00faltimo curso en su integraci\u00f3n en el mercado laboral y, por otro [&hellip;]\" \/>\n<meta property=\"og:url\" content=\"https:\/\/esi.uclm.es\/index.php\/vida-en-la-esi\/apoyo-al-estudiante\/programa-mentor-profesional\/\" \/>\n<meta property=\"og:site_name\" content=\"Escuela Superior de Inform\u00e1tica de UCLM\" \/>\n<meta property=\"article:publisher\" content=\"https:\/\/www.facebook.com\/Escuela-Superior-de-Informtica-543261809027158\" \/>\n<meta property=\"article:modified_time\" content=\"2023-09-25T16:40:44+00:00\" \/>\n<meta property=\"og:image\" content=\"https:\/\/esi.uclm.es\/assets\/uploads\/2022\/02\/mentor_profesional-1024x236.jpg\" \/>\n<meta name=\"twitter:card\" content=\"summary_large_image\" \/>\n<meta name=\"twitter:site\" content=\"@esiuclm\" \/>\n<meta name=\"twitter:label1\" content=\"Tiempo de lectura\" \/>\n\t<meta name=\"twitter:data1\" content=\"3 minutos\" \/>\n<script type=\"application\/ld+json\" class=\"yoast-schema-graph\">{\"@context\":\"https:\\\/\\\/schema.org\",\"@graph\":[{\"@type\":\"WebPage\",\"@id\":\"https:\\\/\\\/esi.uclm.es\\\/index.php\\\/vida-en-la-esi\\\/apoyo-al-estudiante\\\/programa-mentor-profesional\\\/\",\"url\":\"https:\\\/\\\/esi.uclm.es\\\/index.php\\\/vida-en-la-esi\\\/apoyo-al-estudiante\\\/programa-mentor-profesional\\\/\",\"name\":\"Programa Mentor Profesional - Escuela Superior de Inform\u00e1tica de UCLM\",\"isPartOf\":{\"@id\":\"https:\\\/\\\/esi.uclm.es\\\/#website\"},\"primaryImageOfPage\":{\"@id\":\"https:\\\/\\\/esi.uclm.es\\\/index.php\\\/vida-en-la-esi\\\/apoyo-al-estudiante\\\/programa-mentor-profesional\\\/#primaryimage\"},\"image\":{\"@id\":\"https:\\\/\\\/esi.uclm.es\\\/index.php\\\/vida-en-la-esi\\\/apoyo-al-estudiante\\\/programa-mentor-profesional\\\/#primaryimage\"},\"thumbnailUrl\":\"https:\\\/\\\/esi.uclm.es\\\/assets\\\/uploads\\\/2022\\\/02\\\/mentor_profesional-1024x236.jpg\",\"datePublished\":\"2022-01-27T18:54:05+00:00\",\"dateModified\":\"2023-09-25T16:40:44+00:00\",\"breadcrumb\":{\"@id\":\"https:\\\/\\\/esi.uclm.es\\\/index.php\\\/vida-en-la-esi\\\/apoyo-al-estudiante\\\/programa-mentor-profesional\\\/#breadcrumb\"},\"inLanguage\":\"es\",\"potentialAction\":[{\"@type\":\"ReadAction\",\"target\":[\"https:\\\/\\\/esi.uclm.es\\\/index.php\\\/vida-en-la-esi\\\/apoyo-al-estudiante\\\/programa-mentor-profesional\\\/\"]}]},{\"@type\":\"ImageObject\",\"inLanguage\":\"es\",\"@id\":\"https:\\\/\\\/esi.uclm.es\\\/index.php\\\/vida-en-la-esi\\\/apoyo-al-estudiante\\\/programa-mentor-profesional\\\/#primaryimage\",\"url\":\"https:\\\/\\\/esi.uclm.es\\\/assets\\\/uploads\\\/2022\\\/02\\\/mentor_profesional-1024x236.jpg\",\"contentUrl\":\"https:\\\/\\\/esi.uclm.es\\\/assets\\\/uploads\\\/2022\\\/02\\\/mentor_profesional-1024x236.jpg\"},{\"@type\":\"BreadcrumbList\",\"@id\":\"https:\\\/\\\/esi.uclm.es\\\/index.php\\\/vida-en-la-esi\\\/apoyo-al-estudiante\\\/programa-mentor-profesional\\\/#breadcrumb\",\"itemListElement\":[{\"@type\":\"ListItem\",\"position\":1,\"name\":\"Portada\",\"item\":\"https:\\\/\\\/esi.uclm.es\\\/\"},{\"@type\":\"ListItem\",\"position\":2,\"name\":\"Vida en la ESI\",\"item\":\"https:\\\/\\\/esi.uclm.es\\\/index.php\\\/vida-en-la-esi\\\/\"},{\"@type\":\"ListItem\",\"position\":3,\"name\":\"Apoyo al estudiante\",\"item\":\"https:\\\/\\\/esi.uclm.es\\\/index.php\\\/vida-en-la-esi\\\/apoyo-al-estudiante\\\/\"},{\"@type\":\"ListItem\",\"position\":4,\"name\":\"Programa Mentor Profesional\"}]},{\"@type\":\"WebSite\",\"@id\":\"https:\\\/\\\/esi.uclm.es\\\/#website\",\"url\":\"https:\\\/\\\/esi.uclm.es\\\/\",\"name\":\"Escuela Superior de Inform\u00e1tica de UCLM en Ciudad Real, Castilla-La Mancha\",\"description\":\"La Escuela Superior de Inform\u00e1tica de Ciudad Real (Castilla-La Mancha), Universidad de Castilla-La Mancha es un centro universitario que imparte el ciclo completo de Ingenier\u00eda en Inform\u00e1tica: grado, m\u00e1ster y doctorado.\",\"publisher\":{\"@id\":\"https:\\\/\\\/esi.uclm.es\\\/#organization\"},\"potentialAction\":[{\"@type\":\"SearchAction\",\"target\":{\"@type\":\"EntryPoint\",\"urlTemplate\":\"https:\\\/\\\/esi.uclm.es\\\/?s={search_term_string}\"},\"query-input\":{\"@type\":\"PropertyValueSpecification\",\"valueRequired\":true,\"valueName\":\"search_term_string\"}}],\"inLanguage\":\"es\"},{\"@type\":\"Organization\",\"@id\":\"https:\\\/\\\/esi.uclm.es\\\/#organization\",\"name\":\"Escuela Superior de Inform\u00e1tica de UCLM\",\"url\":\"https:\\\/\\\/esi.uclm.es\\\/\",\"logo\":{\"@type\":\"ImageObject\",\"inLanguage\":\"es\",\"@id\":\"https:\\\/\\\/esi.uclm.es\\\/#\\\/schema\\\/logo\\\/image\\\/\",\"url\":\"https:\\\/\\\/esi.uclm.es\\\/assets\\\/uploads\\\/2022\\\/03\\\/LogoESI_cabecera-1.png\",\"contentUrl\":\"https:\\\/\\\/esi.uclm.es\\\/assets\\\/uploads\\\/2022\\\/03\\\/LogoESI_cabecera-1.png\",\"width\":460,\"height\":184,\"caption\":\"Escuela Superior de Inform\u00e1tica de UCLM\"},\"image\":{\"@id\":\"https:\\\/\\\/esi.uclm.es\\\/#\\\/schema\\\/logo\\\/image\\\/\"},\"sameAs\":[\"https:\\\/\\\/www.facebook.com\\\/Escuela-Superior-de-Informtica-543261809027158\",\"https:\\\/\\\/x.com\\\/esiuclm\",\"https:\\\/\\\/www.instagram.com\\\/esiuclm\\\/\",\"https:\\\/\\\/www.youtube.com\\\/user\\\/esiuclm\",\"https:\\\/\\\/www.twitch.tv\\\/esiuclm\",\"https:\\\/\\\/www.linkedin.com\\\/company\\\/12656631\\\/admin\\\/\"]}]}<\/script>\n<!-- \/ Yoast SEO plugin. -->","yoast_head_json":{"title":"Programa Mentor Profesional - Escuela Superior de Inform\u00e1tica de UCLM","robots":{"index":"index","follow":"follow","max-snippet":"max-snippet:-1","max-image-preview":"max-image-preview:large","max-video-preview":"max-video-preview:-1"},"canonical":"https:\/\/esi.uclm.es\/index.php\/vida-en-la-esi\/apoyo-al-estudiante\/programa-mentor-profesional\/","og_locale":"es_ES","og_type":"article","og_title":"Programa Mentor Profesional - Escuela Superior de Inform\u00e1tica de UCLM","og_description":"Programa Mentor\u00eda Profesional El programa de Mentor\u00eda Profesional es parte del programa de Apoyo al Estudiante, en el que la Escuela Superior de Inform\u00e1tica trata, por un lado, de ayudar al estudiante de \u00faltimo curso en su integraci\u00f3n en el mercado laboral y, por otro [&hellip;]","og_url":"https:\/\/esi.uclm.es\/index.php\/vida-en-la-esi\/apoyo-al-estudiante\/programa-mentor-profesional\/","og_site_name":"Escuela Superior de Inform\u00e1tica de UCLM","article_publisher":"https:\/\/www.facebook.com\/Escuela-Superior-de-Informtica-543261809027158","article_modified_time":"2023-09-25T16:40:44+00:00","og_image":[{"url":"https:\/\/esi.uclm.es\/assets\/uploads\/2022\/02\/mentor_profesional-1024x236.jpg","type":"","width":"","height":""}],"twitter_card":"summary_large_image","twitter_site":"@esiuclm","twitter_misc":{"Tiempo de lectura":"3 minutos"},"schema":{"@context":"https:\/\/schema.org","@graph":[{"@type":"WebPage","@id":"https:\/\/esi.uclm.es\/index.php\/vida-en-la-esi\/apoyo-al-estudiante\/programa-mentor-profesional\/","url":"https:\/\/esi.uclm.es\/index.php\/vida-en-la-esi\/apoyo-al-estudiante\/programa-mentor-profesional\/","name":"Programa Mentor Profesional - Escuela Superior de Inform\u00e1tica de UCLM","isPartOf":{"@id":"https:\/\/esi.uclm.es\/#website"},"primaryImageOfPage":{"@id":"https:\/\/esi.uclm.es\/index.php\/vida-en-la-esi\/apoyo-al-estudiante\/programa-mentor-profesional\/#primaryimage"},"image":{"@id":"https:\/\/esi.uclm.es\/index.php\/vida-en-la-esi\/apoyo-al-estudiante\/programa-mentor-profesional\/#primaryimage"},"thumbnailUrl":"https:\/\/esi.uclm.es\/assets\/uploads\/2022\/02\/mentor_profesional-1024x236.jpg","datePublished":"2022-01-27T18:54:05+00:00","dateModified":"2023-09-25T16:40:44+00:00","breadcrumb":{"@id":"https:\/\/esi.uclm.es\/index.php\/vida-en-la-esi\/apoyo-al-estudiante\/programa-mentor-profesional\/#breadcrumb"},"inLanguage":"es","potentialAction":[{"@type":"ReadAction","target":["https:\/\/esi.uclm.es\/index.php\/vida-en-la-esi\/apoyo-al-estudiante\/programa-mentor-profesional\/"]}]},{"@type":"ImageObject","inLanguage":"es","@id":"https:\/\/esi.uclm.es\/index.php\/vida-en-la-esi\/apoyo-al-estudiante\/programa-mentor-profesional\/#primaryimage","url":"https:\/\/esi.uclm.es\/assets\/uploads\/2022\/02\/mentor_profesional-1024x236.jpg","contentUrl":"https:\/\/esi.uclm.es\/assets\/uploads\/2022\/02\/mentor_profesional-1024x236.jpg"},{"@type":"BreadcrumbList","@id":"https:\/\/esi.uclm.es\/index.php\/vida-en-la-esi\/apoyo-al-estudiante\/programa-mentor-profesional\/#breadcrumb","itemListElement":[{"@type":"ListItem","position":1,"name":"Portada","item":"https:\/\/esi.uclm.es\/"},{"@type":"ListItem","position":2,"name":"Vida en la ESI","item":"https:\/\/esi.uclm.es\/index.php\/vida-en-la-esi\/"},{"@type":"ListItem","position":3,"name":"Apoyo al estudiante","item":"https:\/\/esi.uclm.es\/index.php\/vida-en-la-esi\/apoyo-al-estudiante\/"},{"@type":"ListItem","position":4,"name":"Programa Mentor Profesional"}]},{"@type":"WebSite","@id":"https:\/\/esi.uclm.es\/#website","url":"https:\/\/esi.uclm.es\/","name":"Escuela Superior de Inform\u00e1tica de UCLM en Ciudad Real, Castilla-La Mancha","description":"La Escuela Superior de Inform\u00e1tica de Ciudad Real (Castilla-La Mancha), Universidad de Castilla-La Mancha es un centro universitario que imparte el ciclo completo de Ingenier\u00eda en Inform\u00e1tica: grado, m\u00e1ster y doctorado.","publisher":{"@id":"https:\/\/esi.uclm.es\/#organization"},"potentialAction":[{"@type":"SearchAction","target":{"@type":"EntryPoint","urlTemplate":"https:\/\/esi.uclm.es\/?s={search_term_string}"},"query-input":{"@type":"PropertyValueSpecification","valueRequired":true,"valueName":"search_term_string"}}],"inLanguage":"es"},{"@type":"Organization","@id":"https:\/\/esi.uclm.es\/#organization","name":"Escuela Superior de Inform\u00e1tica de UCLM","url":"https:\/\/esi.uclm.es\/","logo":{"@type":"ImageObject","inLanguage":"es","@id":"https:\/\/esi.uclm.es\/#\/schema\/logo\/image\/","url":"https:\/\/esi.uclm.es\/assets\/uploads\/2022\/03\/LogoESI_cabecera-1.png","contentUrl":"https:\/\/esi.uclm.es\/assets\/uploads\/2022\/03\/LogoESI_cabecera-1.png","width":460,"height":184,"caption":"Escuela Superior de Inform\u00e1tica de UCLM"},"image":{"@id":"https:\/\/esi.uclm.es\/#\/schema\/logo\/image\/"},"sameAs":["https:\/\/www.facebook.com\/Escuela-Superior-de-Informtica-543261809027158","https:\/\/x.com\/esiuclm","https:\/\/www.instagram.com\/esiuclm\/","https:\/\/www.youtube.com\/user\/esiuclm","https:\/\/www.twitch.tv\/esiuclm","https:\/\/www.linkedin.com\/company\/12656631\/admin\/"]}]}},"_links":{"self":[{"href":"https:\/\/esi.uclm.es\/index.php\/wp-json\/wp\/v2\/pages\/4240","targetHints":{"allow":["GET"]}}],"collection":[{"href":"https:\/\/esi.uclm.es\/index.php\/wp-json\/wp\/v2\/pages"}],"about":[{"href":"https:\/\/esi.uclm.es\/index.php\/wp-json\/wp\/v2\/types\/page"}],"author":[{"embeddable":true,"href":"https:\/\/esi.uclm.es\/index.php\/wp-json\/wp\/v2\/users\/1"}],"replies":[{"embeddable":true,"href":"https:\/\/esi.uclm.es\/index.php\/wp-json\/wp\/v2\/comments?post=4240"}],"version-history":[{"count":7,"href":"https:\/\/esi.uclm.es\/index.php\/wp-json\/wp\/v2\/pages\/4240\/revisions"}],"predecessor-version":[{"id":16835,"href":"https:\/\/esi.uclm.es\/index.php\/wp-json\/wp\/v2\/pages\/4240\/revisions\/16835"}],"up":[{"embeddable":true,"href":"https:\/\/esi.uclm.es\/index.php\/wp-json\/wp\/v2\/pages\/5174"}],"wp:attachment":[{"href":"https:\/\/esi.uclm.es\/index.php\/wp-json\/wp\/v2\/media?parent=4240"}],"curies":[{"name":"wp","href":"https:\/\/api.w.org\/{rel}","templated":true}]}}