{"id":4238,"date":"2022-01-27T18:53:52","date_gmt":"2022-01-27T18:53:52","guid":{"rendered":"http:\/\/esiaz24.uclm.es\/?page_id=4238"},"modified":"2022-09-22T10:20:29","modified_gmt":"2022-09-22T10:20:29","slug":"programa-mentor","status":"publish","type":"page","link":"https:\/\/esi.uclm.es\/index.php\/vida-en-la-esi\/apoyo-al-estudiante\/programa-mentor\/","title":{"rendered":"Programa Mentor"},"content":{"rendered":"\n<figure class=\"wp-block-image size-large\"><img loading=\"lazy\" decoding=\"async\" width=\"1024\" height=\"236\" src=\"https:\/\/esi.uclm.es\/assets\/uploads\/2022\/02\/programa_mentor-1024x236.jpg\" alt=\"\" class=\"wp-image-7552\" srcset=\"https:\/\/esi.uclm.es\/assets\/uploads\/2022\/02\/programa_mentor-1024x236.jpg 1024w, https:\/\/esi.uclm.es\/assets\/uploads\/2022\/02\/programa_mentor-300x69.jpg 300w, https:\/\/esi.uclm.es\/assets\/uploads\/2022\/02\/programa_mentor-768x177.jpg 768w, https:\/\/esi.uclm.es\/assets\/uploads\/2022\/02\/programa_mentor-1536x354.jpg 1536w, https:\/\/esi.uclm.es\/assets\/uploads\/2022\/02\/programa_mentor-1300x300.jpg 1300w, https:\/\/esi.uclm.es\/assets\/uploads\/2022\/02\/programa_mentor-600x138.jpg 600w\" sizes=\"auto, (max-width: 1024px) 100vw, 1024px\" \/><\/figure>\n\n\n\n<h2 class=\"wp-block-heading\">Mentorizaci\u00f3n<\/h2>\n\n\n\n<hr class=\"wp-block-separator has-text-color has-vivid-cyan-blue-color has-css-opacity has-vivid-cyan-blue-background-color has-background\"\/>\n\n\n\n<p id=\"el-programa-mentor-se-caracteriza-por-la-solidaridad-el-altruismo-y-la-competencia-de-servicio-a-la-comunidad-de-todos-los-alumnos-as-y-profesores-as-que-participan-en-el\">El Programa Mentor se caracteriza por la solidaridad, el altruismo y la competencia de servicio a la comunidad de todos los alumnos\/as y profesores\/as que participan en \u00e9l.<\/p>\n\n\n\n<figure class=\"wp-block-embed is-type-video is-provider-youtube wp-block-embed-youtube wp-embed-aspect-16-9 wp-has-aspect-ratio\"><div class=\"wp-block-embed__wrapper\">\n<iframe loading=\"lazy\" title=\"Programa Mentor y Programa Mentor Profesional\" width=\"1060\" height=\"596\" src=\"https:\/\/www.youtube.com\/embed\/ux6rbog4Kks?feature=oembed\" frameborder=\"0\" allow=\"accelerometer; autoplay; clipboard-write; encrypted-media; gyroscope; picture-in-picture\" allowfullscreen><\/iframe>\n<\/div><\/figure>\n\n\n\n<h3 class=\"wp-block-heading\" id=\"que-es-el-programa-mentor\"><mark style=\"background-color:rgba(0, 0, 0, 0)\" class=\"has-inline-color has-vivid-cyan-blue-color\">\u00bfQu\u00e9 es el Programa Mentor?<\/mark><\/h3>\n\n\n\n<p>El programa Mentor nace con el objetivo de guiar a los alumnos de primero en temas relacionados, con la administraci\u00f3n, docencia y vida universitaria.<\/p>\n\n\n\n<p>A principios de curso se realiza una actividad para que el equipo directivo y los mentores den la bienvenida a los alumnos mentorizados y los presenten al resto de participantes en esta iniciativa.<\/p>\n\n\n\n<h3 class=\"wp-block-heading\" id=\"cual-es-el-objetivo-del-programa-mentor\"><mark style=\"background-color:rgba(0, 0, 0, 0)\" class=\"has-inline-color has-vivid-cyan-blue-color\">\u00bfCu\u00e1l es el objetivo del Programa Mentor?<\/mark><\/h3>\n\n\n\n<p>Asignar a los alumnos y alumnas de nuevo ingreso (los mentorizados\/as) un alumno\/a veterano\/a (los mentores\/as), para recibir orientaci\u00f3n de una persona que ha estado en su mismo lugar no hace mucho tiempo.<\/p>\n\n\n\n<h3 class=\"wp-block-heading\" id=\"quienes-son-los-mentorizados\"><mark style=\"background-color:rgba(0, 0, 0, 0)\" class=\"has-inline-color has-vivid-cyan-blue-color\">\u00bfQui\u00e9nes son los mentorizados?<\/mark><\/h3>\n\n\n\n<p>Alumnos de Primero y estudiantes Eramus que deseen que se le asigne un alumno veterano para que le asesore. Este programa es de car\u00e1cter voluntario y en los primeros d\u00edas de clase se informa de c\u00f3mo solicitar un mentor.<\/p>\n\n\n\n<h3 class=\"wp-block-heading\" id=\"quienes-son-los-mentores\"><mark style=\"background-color:rgba(0, 0, 0, 0)\" class=\"has-inline-color has-vivid-cyan-blue-color\">\u00bfQui\u00e9nes son los mentores?<\/mark><\/h3>\n\n\n\n<p>Alumnos preferiblemente de segundo u otros cursos con un perfil similar al del mentorizado (misma ciudad, proveniente de Bachiller\/M\u00f3dulo, biling\u00fce). Cualquier alumno con ganas de ayudar a otros puede apuntarse a principios de curso para ser mentor. El mentor elige a cu\u00e1ntos estudiantes quiere mentorizar y si desea que sean Erasmus o no.<\/p>\n\n\n\n<h3 class=\"wp-block-heading\" id=\"que-actividades-se-realizan\"><mark style=\"background-color:rgba(0, 0, 0, 0)\" class=\"has-inline-color has-vivid-cyan-blue-color\">\u00bfQu\u00e9 actividades se realizan?<\/mark><\/h3>\n\n\n\n<p>En primer lugar, se asignan los mentores\/as a los mentorizados\/as. Despu\u00e9s, se realiza una primera reuni\u00f3n para que todos nos conozcamos los unos a los otros, creando un ambiente c\u00f3modo en el que interactuar con muchos alumnos\/as de la Escuela. Por \u00faltimo, los mentores\/as reciben una formaci\u00f3n especial para que su servicio como mentores\/as sea de calidad, obteniendo a su vez un t\u00edtulo en \u201cCoaching y Mentor\u00eda\u201d.<\/p>\n\n\n\n<h3 class=\"wp-block-heading\" id=\"esto-es-lo-que-mentores-y-mentorizados-dicen-sobre-el-programa\"><mark style=\"background-color:rgba(0, 0, 0, 0)\" class=\"has-inline-color has-vivid-cyan-blue-color\">Esto es lo que mentores y mentorizados dicen sobre el Programa:<\/mark><\/h3>\n\n\n\n<blockquote class=\"wp-block-quote is-layout-flow wp-block-quote-is-layout-flow\"><p>Para m\u00ed ha significado bastante, me ayud\u00f3 porque estaba completamente perdido, no ten\u00eda idea de nada y como gu\u00eda me sirvi\u00f3 muy bien. Adem\u00e1s me ayud\u00f3 en todos los \u00e1mbitos, acad\u00e9micos y personales<\/p><cite>&#8211; Mentorizado &#8211;<\/cite><\/blockquote>\n\n\n\n<blockquote class=\"wp-block-quote is-layout-flow wp-block-quote-is-layout-flow\"><p>Como mentor, he podido conocer gente nueva a la que he conseguido ayudar, transmiti\u00e9ndoles seguridad en esas primeras semanas en las que parece que todo puede salir mal<\/p><cite>&#8211; Mentor &#8211;<\/cite><\/blockquote>\n\n\n\n<h3 class=\"wp-block-heading\" id=\"si-quieres-formar-parte-del-programa-mentor\"><mark style=\"background-color:rgba(0, 0, 0, 0)\" class=\"has-inline-color has-vivid-cyan-blue-color\">Si quieres formar parte del Programa Mentor &#8230;<\/mark><\/h3>\n\n\n\n<p>Contacta con la profesora <strong><a href=\"mailto:aurora.vizcaino@uclm.es\">Aurora Vizca\u00edno Barcel\u00f3<\/a><\/strong>.<\/p>\n\n\n\n<p><\/p>\n\n\n\n<figure class=\"wp-block-embed is-type-video is-provider-youtube wp-block-embed-youtube wp-embed-aspect-16-9 wp-has-aspect-ratio\"><div class=\"wp-block-embed__wrapper\">\n<iframe loading=\"lazy\" title=\"Programa Mentor 2021-2022\" width=\"1060\" height=\"596\" src=\"https:\/\/www.youtube.com\/embed\/cIvtfyYVCD8?feature=oembed\" frameborder=\"0\" allow=\"accelerometer; autoplay; clipboard-write; encrypted-media; gyroscope; picture-in-picture\" allowfullscreen><\/iframe>\n<\/div><\/figure>\n","protected":false},"excerpt":{"rendered":"<p>Mentorizaci\u00f3n El Programa Mentor se caracteriza por la solidaridad, el altruismo y la competencia de servicio a la comunidad de todos los alumnos\/as y profesores\/as que participan en \u00e9l. \u00bfQu\u00e9 es el Programa Mentor? El programa Mentor nace con el objetivo de guiar a los [&hellip;]<\/p>\n","protected":false},"author":1,"featured_media":0,"parent":5174,"menu_order":0,"comment_status":"closed","ping_status":"closed","template":"","meta":{"footnotes":""},"class_list":["post-4238","page","type-page","status-publish","hentry"],"yoast_head":"<!-- This site is optimized with the Yoast SEO plugin v27.3 - https:\/\/yoast.com\/product\/yoast-seo-wordpress\/ -->\n<title>Programa Mentor - Escuela Superior de Inform\u00e1tica de UCLM<\/title>\n<meta name=\"robots\" content=\"index, follow, max-snippet:-1, max-image-preview:large, max-video-preview:-1\" \/>\n<link rel=\"canonical\" href=\"https:\/\/esi.uclm.es\/index.php\/vida-en-la-esi\/apoyo-al-estudiante\/programa-mentor\/\" \/>\n<meta property=\"og:locale\" content=\"es_ES\" \/>\n<meta property=\"og:type\" content=\"article\" \/>\n<meta property=\"og:title\" content=\"Programa Mentor - Escuela Superior de Inform\u00e1tica de UCLM\" \/>\n<meta property=\"og:description\" content=\"Mentorizaci\u00f3n El Programa Mentor se caracteriza por la solidaridad, el altruismo y la competencia de servicio a la comunidad de todos los alumnos\/as y profesores\/as que participan en \u00e9l. \u00bfQu\u00e9 es el Programa Mentor? El programa Mentor nace con el objetivo de guiar a los [&hellip;]\" \/>\n<meta property=\"og:url\" content=\"https:\/\/esi.uclm.es\/index.php\/vida-en-la-esi\/apoyo-al-estudiante\/programa-mentor\/\" \/>\n<meta property=\"og:site_name\" content=\"Escuela Superior de Inform\u00e1tica de UCLM\" \/>\n<meta property=\"article:publisher\" content=\"https:\/\/www.facebook.com\/Escuela-Superior-de-Informtica-543261809027158\" \/>\n<meta property=\"article:modified_time\" content=\"2022-09-22T10:20:29+00:00\" \/>\n<meta property=\"og:image\" content=\"https:\/\/esi.uclm.es\/assets\/uploads\/2022\/02\/programa_mentor-1024x236.jpg\" \/>\n<meta name=\"twitter:card\" content=\"summary_large_image\" \/>\n<meta name=\"twitter:site\" content=\"@esiuclm\" \/>\n<meta name=\"twitter:label1\" content=\"Tiempo de lectura\" \/>\n\t<meta name=\"twitter:data1\" content=\"2 minutos\" \/>\n<script type=\"application\/ld+json\" class=\"yoast-schema-graph\">{\"@context\":\"https:\\\/\\\/schema.org\",\"@graph\":[{\"@type\":\"WebPage\",\"@id\":\"https:\\\/\\\/esi.uclm.es\\\/index.php\\\/vida-en-la-esi\\\/apoyo-al-estudiante\\\/programa-mentor\\\/\",\"url\":\"https:\\\/\\\/esi.uclm.es\\\/index.php\\\/vida-en-la-esi\\\/apoyo-al-estudiante\\\/programa-mentor\\\/\",\"name\":\"Programa Mentor - Escuela Superior de Inform\u00e1tica de UCLM\",\"isPartOf\":{\"@id\":\"https:\\\/\\\/esi.uclm.es\\\/#website\"},\"primaryImageOfPage\":{\"@id\":\"https:\\\/\\\/esi.uclm.es\\\/index.php\\\/vida-en-la-esi\\\/apoyo-al-estudiante\\\/programa-mentor\\\/#primaryimage\"},\"image\":{\"@id\":\"https:\\\/\\\/esi.uclm.es\\\/index.php\\\/vida-en-la-esi\\\/apoyo-al-estudiante\\\/programa-mentor\\\/#primaryimage\"},\"thumbnailUrl\":\"https:\\\/\\\/esi.uclm.es\\\/assets\\\/uploads\\\/2022\\\/02\\\/programa_mentor-1024x236.jpg\",\"datePublished\":\"2022-01-27T18:53:52+00:00\",\"dateModified\":\"2022-09-22T10:20:29+00:00\",\"breadcrumb\":{\"@id\":\"https:\\\/\\\/esi.uclm.es\\\/index.php\\\/vida-en-la-esi\\\/apoyo-al-estudiante\\\/programa-mentor\\\/#breadcrumb\"},\"inLanguage\":\"es\",\"potentialAction\":[{\"@type\":\"ReadAction\",\"target\":[\"https:\\\/\\\/esi.uclm.es\\\/index.php\\\/vida-en-la-esi\\\/apoyo-al-estudiante\\\/programa-mentor\\\/\"]}]},{\"@type\":\"ImageObject\",\"inLanguage\":\"es\",\"@id\":\"https:\\\/\\\/esi.uclm.es\\\/index.php\\\/vida-en-la-esi\\\/apoyo-al-estudiante\\\/programa-mentor\\\/#primaryimage\",\"url\":\"https:\\\/\\\/esi.uclm.es\\\/assets\\\/uploads\\\/2022\\\/02\\\/programa_mentor-1024x236.jpg\",\"contentUrl\":\"https:\\\/\\\/esi.uclm.es\\\/assets\\\/uploads\\\/2022\\\/02\\\/programa_mentor-1024x236.jpg\"},{\"@type\":\"BreadcrumbList\",\"@id\":\"https:\\\/\\\/esi.uclm.es\\\/index.php\\\/vida-en-la-esi\\\/apoyo-al-estudiante\\\/programa-mentor\\\/#breadcrumb\",\"itemListElement\":[{\"@type\":\"ListItem\",\"position\":1,\"name\":\"Portada\",\"item\":\"https:\\\/\\\/esi.uclm.es\\\/\"},{\"@type\":\"ListItem\",\"position\":2,\"name\":\"Vida en la ESI\",\"item\":\"https:\\\/\\\/esi.uclm.es\\\/index.php\\\/vida-en-la-esi\\\/\"},{\"@type\":\"ListItem\",\"position\":3,\"name\":\"Apoyo al estudiante\",\"item\":\"https:\\\/\\\/esi.uclm.es\\\/index.php\\\/vida-en-la-esi\\\/apoyo-al-estudiante\\\/\"},{\"@type\":\"ListItem\",\"position\":4,\"name\":\"Programa Mentor\"}]},{\"@type\":\"WebSite\",\"@id\":\"https:\\\/\\\/esi.uclm.es\\\/#website\",\"url\":\"https:\\\/\\\/esi.uclm.es\\\/\",\"name\":\"Escuela Superior de Inform\u00e1tica de UCLM en Ciudad Real, Castilla-La Mancha\",\"description\":\"La Escuela Superior de Inform\u00e1tica de Ciudad Real (Castilla-La Mancha), Universidad de Castilla-La Mancha es un centro universitario que imparte el ciclo completo de Ingenier\u00eda en Inform\u00e1tica: grado, m\u00e1ster y doctorado.\",\"publisher\":{\"@id\":\"https:\\\/\\\/esi.uclm.es\\\/#organization\"},\"potentialAction\":[{\"@type\":\"SearchAction\",\"target\":{\"@type\":\"EntryPoint\",\"urlTemplate\":\"https:\\\/\\\/esi.uclm.es\\\/?s={search_term_string}\"},\"query-input\":{\"@type\":\"PropertyValueSpecification\",\"valueRequired\":true,\"valueName\":\"search_term_string\"}}],\"inLanguage\":\"es\"},{\"@type\":\"Organization\",\"@id\":\"https:\\\/\\\/esi.uclm.es\\\/#organization\",\"name\":\"Escuela Superior de Inform\u00e1tica de UCLM\",\"url\":\"https:\\\/\\\/esi.uclm.es\\\/\",\"logo\":{\"@type\":\"ImageObject\",\"inLanguage\":\"es\",\"@id\":\"https:\\\/\\\/esi.uclm.es\\\/#\\\/schema\\\/logo\\\/image\\\/\",\"url\":\"https:\\\/\\\/esi.uclm.es\\\/assets\\\/uploads\\\/2022\\\/03\\\/LogoESI_cabecera-1.png\",\"contentUrl\":\"https:\\\/\\\/esi.uclm.es\\\/assets\\\/uploads\\\/2022\\\/03\\\/LogoESI_cabecera-1.png\",\"width\":460,\"height\":184,\"caption\":\"Escuela Superior de Inform\u00e1tica de UCLM\"},\"image\":{\"@id\":\"https:\\\/\\\/esi.uclm.es\\\/#\\\/schema\\\/logo\\\/image\\\/\"},\"sameAs\":[\"https:\\\/\\\/www.facebook.com\\\/Escuela-Superior-de-Informtica-543261809027158\",\"https:\\\/\\\/x.com\\\/esiuclm\",\"https:\\\/\\\/www.instagram.com\\\/esiuclm\\\/\",\"https:\\\/\\\/www.youtube.com\\\/user\\\/esiuclm\",\"https:\\\/\\\/www.twitch.tv\\\/esiuclm\",\"https:\\\/\\\/www.linkedin.com\\\/company\\\/12656631\\\/admin\\\/\"]}]}<\/script>\n<!-- \/ Yoast SEO plugin. -->","yoast_head_json":{"title":"Programa Mentor - Escuela Superior de Inform\u00e1tica de UCLM","robots":{"index":"index","follow":"follow","max-snippet":"max-snippet:-1","max-image-preview":"max-image-preview:large","max-video-preview":"max-video-preview:-1"},"canonical":"https:\/\/esi.uclm.es\/index.php\/vida-en-la-esi\/apoyo-al-estudiante\/programa-mentor\/","og_locale":"es_ES","og_type":"article","og_title":"Programa Mentor - Escuela Superior de Inform\u00e1tica de UCLM","og_description":"Mentorizaci\u00f3n El Programa Mentor se caracteriza por la solidaridad, el altruismo y la competencia de servicio a la comunidad de todos los alumnos\/as y profesores\/as que participan en \u00e9l. \u00bfQu\u00e9 es el Programa Mentor? El programa Mentor nace con el objetivo de guiar a los [&hellip;]","og_url":"https:\/\/esi.uclm.es\/index.php\/vida-en-la-esi\/apoyo-al-estudiante\/programa-mentor\/","og_site_name":"Escuela Superior de Inform\u00e1tica de UCLM","article_publisher":"https:\/\/www.facebook.com\/Escuela-Superior-de-Informtica-543261809027158","article_modified_time":"2022-09-22T10:20:29+00:00","og_image":[{"url":"https:\/\/esi.uclm.es\/assets\/uploads\/2022\/02\/programa_mentor-1024x236.jpg","type":"","width":"","height":""}],"twitter_card":"summary_large_image","twitter_site":"@esiuclm","twitter_misc":{"Tiempo de lectura":"2 minutos"},"schema":{"@context":"https:\/\/schema.org","@graph":[{"@type":"WebPage","@id":"https:\/\/esi.uclm.es\/index.php\/vida-en-la-esi\/apoyo-al-estudiante\/programa-mentor\/","url":"https:\/\/esi.uclm.es\/index.php\/vida-en-la-esi\/apoyo-al-estudiante\/programa-mentor\/","name":"Programa Mentor - Escuela Superior de Inform\u00e1tica de UCLM","isPartOf":{"@id":"https:\/\/esi.uclm.es\/#website"},"primaryImageOfPage":{"@id":"https:\/\/esi.uclm.es\/index.php\/vida-en-la-esi\/apoyo-al-estudiante\/programa-mentor\/#primaryimage"},"image":{"@id":"https:\/\/esi.uclm.es\/index.php\/vida-en-la-esi\/apoyo-al-estudiante\/programa-mentor\/#primaryimage"},"thumbnailUrl":"https:\/\/esi.uclm.es\/assets\/uploads\/2022\/02\/programa_mentor-1024x236.jpg","datePublished":"2022-01-27T18:53:52+00:00","dateModified":"2022-09-22T10:20:29+00:00","breadcrumb":{"@id":"https:\/\/esi.uclm.es\/index.php\/vida-en-la-esi\/apoyo-al-estudiante\/programa-mentor\/#breadcrumb"},"inLanguage":"es","potentialAction":[{"@type":"ReadAction","target":["https:\/\/esi.uclm.es\/index.php\/vida-en-la-esi\/apoyo-al-estudiante\/programa-mentor\/"]}]},{"@type":"ImageObject","inLanguage":"es","@id":"https:\/\/esi.uclm.es\/index.php\/vida-en-la-esi\/apoyo-al-estudiante\/programa-mentor\/#primaryimage","url":"https:\/\/esi.uclm.es\/assets\/uploads\/2022\/02\/programa_mentor-1024x236.jpg","contentUrl":"https:\/\/esi.uclm.es\/assets\/uploads\/2022\/02\/programa_mentor-1024x236.jpg"},{"@type":"BreadcrumbList","@id":"https:\/\/esi.uclm.es\/index.php\/vida-en-la-esi\/apoyo-al-estudiante\/programa-mentor\/#breadcrumb","itemListElement":[{"@type":"ListItem","position":1,"name":"Portada","item":"https:\/\/esi.uclm.es\/"},{"@type":"ListItem","position":2,"name":"Vida en la ESI","item":"https:\/\/esi.uclm.es\/index.php\/vida-en-la-esi\/"},{"@type":"ListItem","position":3,"name":"Apoyo al estudiante","item":"https:\/\/esi.uclm.es\/index.php\/vida-en-la-esi\/apoyo-al-estudiante\/"},{"@type":"ListItem","position":4,"name":"Programa Mentor"}]},{"@type":"WebSite","@id":"https:\/\/esi.uclm.es\/#website","url":"https:\/\/esi.uclm.es\/","name":"Escuela Superior de Inform\u00e1tica de UCLM en Ciudad Real, Castilla-La Mancha","description":"La Escuela Superior de Inform\u00e1tica de Ciudad Real (Castilla-La Mancha), Universidad de Castilla-La Mancha es un centro universitario que imparte el ciclo completo de Ingenier\u00eda en Inform\u00e1tica: grado, m\u00e1ster y doctorado.","publisher":{"@id":"https:\/\/esi.uclm.es\/#organization"},"potentialAction":[{"@type":"SearchAction","target":{"@type":"EntryPoint","urlTemplate":"https:\/\/esi.uclm.es\/?s={search_term_string}"},"query-input":{"@type":"PropertyValueSpecification","valueRequired":true,"valueName":"search_term_string"}}],"inLanguage":"es"},{"@type":"Organization","@id":"https:\/\/esi.uclm.es\/#organization","name":"Escuela Superior de Inform\u00e1tica de UCLM","url":"https:\/\/esi.uclm.es\/","logo":{"@type":"ImageObject","inLanguage":"es","@id":"https:\/\/esi.uclm.es\/#\/schema\/logo\/image\/","url":"https:\/\/esi.uclm.es\/assets\/uploads\/2022\/03\/LogoESI_cabecera-1.png","contentUrl":"https:\/\/esi.uclm.es\/assets\/uploads\/2022\/03\/LogoESI_cabecera-1.png","width":460,"height":184,"caption":"Escuela Superior de Inform\u00e1tica de UCLM"},"image":{"@id":"https:\/\/esi.uclm.es\/#\/schema\/logo\/image\/"},"sameAs":["https:\/\/www.facebook.com\/Escuela-Superior-de-Informtica-543261809027158","https:\/\/x.com\/esiuclm","https:\/\/www.instagram.com\/esiuclm\/","https:\/\/www.youtube.com\/user\/esiuclm","https:\/\/www.twitch.tv\/esiuclm","https:\/\/www.linkedin.com\/company\/12656631\/admin\/"]}]}},"_links":{"self":[{"href":"https:\/\/esi.uclm.es\/index.php\/wp-json\/wp\/v2\/pages\/4238","targetHints":{"allow":["GET"]}}],"collection":[{"href":"https:\/\/esi.uclm.es\/index.php\/wp-json\/wp\/v2\/pages"}],"about":[{"href":"https:\/\/esi.uclm.es\/index.php\/wp-json\/wp\/v2\/types\/page"}],"author":[{"embeddable":true,"href":"https:\/\/esi.uclm.es\/index.php\/wp-json\/wp\/v2\/users\/1"}],"replies":[{"embeddable":true,"href":"https:\/\/esi.uclm.es\/index.php\/wp-json\/wp\/v2\/comments?post=4238"}],"version-history":[{"count":11,"href":"https:\/\/esi.uclm.es\/index.php\/wp-json\/wp\/v2\/pages\/4238\/revisions"}],"predecessor-version":[{"id":12313,"href":"https:\/\/esi.uclm.es\/index.php\/wp-json\/wp\/v2\/pages\/4238\/revisions\/12313"}],"up":[{"embeddable":true,"href":"https:\/\/esi.uclm.es\/index.php\/wp-json\/wp\/v2\/pages\/5174"}],"wp:attachment":[{"href":"https:\/\/esi.uclm.es\/index.php\/wp-json\/wp\/v2\/media?parent=4238"}],"curies":[{"name":"wp","href":"https:\/\/api.w.org\/{rel}","templated":true}]}}