{"id":4233,"date":"2022-01-27T18:51:14","date_gmt":"2022-01-27T18:51:14","guid":{"rendered":"http:\/\/esiaz24.uclm.es\/?page_id=4233"},"modified":"2022-05-30T20:36:54","modified_gmt":"2022-05-30T20:36:54","slug":"reconocimientos","status":"publish","type":"page","link":"https:\/\/esi.uclm.es\/index.php\/investigaciom\/reconocimientos\/","title":{"rendered":"Reconocimientos"},"content":{"rendered":"\n<p><\/p>\n\n\n\n<figure class=\"wp-block-image size-large\"><img loading=\"lazy\" decoding=\"async\" width=\"1024\" height=\"256\" src=\"https:\/\/esi.uclm.es\/assets\/uploads\/2022\/05\/premio-1024x256.jpeg\" alt=\"Hombre sujetando premio entre sus manos\" class=\"wp-image-10534\" srcset=\"https:\/\/esi.uclm.es\/assets\/uploads\/2022\/05\/premio-1024x256.jpeg 1024w, https:\/\/esi.uclm.es\/assets\/uploads\/2022\/05\/premio-300x75.jpeg 300w, https:\/\/esi.uclm.es\/assets\/uploads\/2022\/05\/premio-768x192.jpeg 768w, https:\/\/esi.uclm.es\/assets\/uploads\/2022\/05\/premio-600x150.jpeg 600w, https:\/\/esi.uclm.es\/assets\/uploads\/2022\/05\/premio.jpeg 1200w\" sizes=\"auto, (max-width: 1024px) 100vw, 1024px\" \/><\/figure>\n\n\n\n<h2 class=\"wp-block-heading\">\u00daltimos m\u00e9ritos otorgados a la instituci\u00f3n y miembros<\/h2>\n\n\n\n<hr class=\"wp-block-separator has-text-color has-vivid-cyan-blue-color has-css-opacity has-vivid-cyan-blue-background-color has-background is-style-default\"\/>\n\n\n\n<h3 class=\"wp-block-heading\">Furious Koalas elegida empresa joven del a\u00f1o  (mayo 2022)<\/h3>\n\n\n\n<figure class=\"wp-block-image size-large is-resized\"><img loading=\"lazy\" decoding=\"async\" src=\"https:\/\/esi.uclm.es\/assets\/uploads\/2022\/05\/fk_office_c_r-1024x531.png\" alt=\"Furius Koalas empresa de la esi uclm premiada\" class=\"wp-image-9707\" width=\"512\" height=\"266\" srcset=\"https:\/\/esi.uclm.es\/assets\/uploads\/2022\/05\/fk_office_c_r-1024x531.png 1024w, https:\/\/esi.uclm.es\/assets\/uploads\/2022\/05\/fk_office_c_r-300x156.png 300w, https:\/\/esi.uclm.es\/assets\/uploads\/2022\/05\/fk_office_c_r-768x398.png 768w, https:\/\/esi.uclm.es\/assets\/uploads\/2022\/05\/fk_office_c_r.png 1199w\" sizes=\"auto, (max-width: 512px) 100vw, 512px\" \/><\/figure>\n\n\n\n<p>La Spin-off Furius Koalas, de la Escuela Superior de Inform\u00e1tica y la&nbsp;<a rel=\"noreferrer noopener\" href=\"https:\/\/www.uclm.es\/\" target=\"_blank\">Universidad de Castilla-La Mancha<\/a>, a la que pertenecen dos profesores de la ESI:&nbsp;<a rel=\"noreferrer noopener\" href=\"https:\/\/blog.uclm.es\/davidvallejo\/\" target=\"_blank\">David Vallejo Fern\u00e1ndez<\/a>&nbsp;y&nbsp;<a rel=\"noreferrer noopener\" href=\"https:\/\/www.esi.uclm.es\/www\/cglez\/index.php?lang=es&amp;sec=home\" target=\"_blank\">Carlos Gonz\u00e1lez Morcillo<\/a>, ha sido premiada como empresa joven del a\u00f1o en los \u2018Premios Impulso a las Telecomunicaciones\u2019 (<a href=\"https:\/\/esi.uclm.es\/index.php\/2022\/05\/09\/furious-koalas-empresa-joven-del-ano\/\" data-type=\"post\" data-id=\"9702\">+ informaci\u00f3n<\/a>)<\/p>\n\n\n\n<h3 class=\"wp-block-heading\" id=\"premios-de-informatica-coiiclm-2021\">Premios de Inform\u00e1tica COIICLM 2021<\/h3>\n\n\n\n<figure class=\"wp-block-image size-large is-resized\"><img loading=\"lazy\" decoding=\"async\" src=\"https:\/\/esi.uclm.es\/assets\/uploads\/2022\/02\/original_Premios_MMJ-1024x535.png\" alt=\"\" class=\"wp-image-5823\" width=\"648\" height=\"339\" srcset=\"https:\/\/esi.uclm.es\/assets\/uploads\/2022\/02\/original_Premios_MMJ-1024x535.png 1024w, https:\/\/esi.uclm.es\/assets\/uploads\/2022\/02\/original_Premios_MMJ-300x157.png 300w, https:\/\/esi.uclm.es\/assets\/uploads\/2022\/02\/original_Premios_MMJ-768x401.png 768w, https:\/\/esi.uclm.es\/assets\/uploads\/2022\/02\/original_Premios_MMJ-600x314.png 600w, https:\/\/esi.uclm.es\/assets\/uploads\/2022\/02\/original_Premios_MMJ.png 1200w\" sizes=\"auto, (max-width: 648px) 100vw, 648px\" \/><figcaption>Mario Piattini y Maria Jos\u00e9 Santofimia<\/figcaption><\/figure>\n\n\n\n<p>En el D\u00eda Mundial de la Inform\u00e1tica, 9 de diciembre, el Colegio Oficial de Ingenieros de Inform\u00e1tica de Castilla-La Mancha (COIICLM) celebr\u00f3 la jornada Premios de Inform\u00e1tica COIICLM 2021.&nbsp;Nuestro compa\u00f1ero Mario Piattini, Catedr\u00e1tico de Universidad de la ESI y director del grupo de investigaci\u00f3n Alarcos, imparti\u00f3 una conferencia inicial sobre&nbsp;<em>Calidad de Software y de Datos<\/em>.<\/p>\n\n\n\n<p>Durante el acto se galardon\u00f3 a Mario Piattini con el premio&nbsp;<em>Grace Hooper<\/em>&nbsp;al inform\u00e1tico del a\u00f1o, as\u00ed como al proyecto europeo SHAPES en la categor\u00eda de Iniciativa P\u00fablica Innovadora, liderado por Mar\u00eda Jos\u00e9 Santofimia, Profesora Titular de la ESI, y desarrollado por el grupo de investigaci\u00f3n ARCO.<\/p>\n\n\n\n<p><a href=\"https:\/\/esi.uclm.es\/index.php\/2022\/01\/27\/premios-de-informatica-coiiclm-2021\/\" data-type=\"post\" data-id=\"3974\">+ Info<\/a><\/p>\n\n\n\n<hr class=\"wp-block-separator has-text-color has-cyan-bluish-gray-color has-css-opacity has-cyan-bluish-gray-background-color has-background is-style-default\"\/>\n\n\n\n<h3 class=\"wp-block-heading\" id=\"spin-offs-de-esi-y-uclm-premiadas-en-el-open-innovation-castilla-la-mancha\">Spin-Offs de ESI y UCLM premiadas en el Open Innovation Castilla-La Mancha<\/h3>\n\n\n\n<figure class=\"wp-block-image size-full is-resized\"><img loading=\"lazy\" decoding=\"async\" src=\"https:\/\/esi.uclm.es\/assets\/uploads\/2022\/02\/original_thumbnail_FotoOpenInnovation.jpg\" alt=\"\" class=\"wp-image-5821\" width=\"643\" height=\"362\" srcset=\"https:\/\/esi.uclm.es\/assets\/uploads\/2022\/02\/original_thumbnail_FotoOpenInnovation.jpg 1024w, https:\/\/esi.uclm.es\/assets\/uploads\/2022\/02\/original_thumbnail_FotoOpenInnovation-300x169.jpg 300w, https:\/\/esi.uclm.es\/assets\/uploads\/2022\/02\/original_thumbnail_FotoOpenInnovation-768x432.jpg 768w, https:\/\/esi.uclm.es\/assets\/uploads\/2022\/02\/original_thumbnail_FotoOpenInnovation-600x338.jpg 600w\" sizes=\"auto, (max-width: 643px) 100vw, 643px\" \/><figcaption>Acto de entrega de premios<\/figcaption><\/figure>\n\n\n\n<h3 class=\"wp-block-heading\" id=\"organizado-por-los-ceeis-centros-europeos-de-empresas-de-innovacion-de-castilla-la-mancha\">Organizado por los CEEIs (Centros Europeos de Empresas de Innovaci\u00f3n de Castilla-La Mancha)<\/h3>\n\n\n\n<p>El 18 de noviembre de 2021 se celebr\u00f3 la fase final de la primera edici\u00f3n del Open Innovation Castilla-La Mancha, organizado por los CEEIs (Centros Europeos de Empresas de Innovaci\u00f3n de Castilla-La Mancha). El evento consiste en la resoluci\u00f3n de retos propuestos por las 4 empresas tractoras (Cojali, R\u00f3deras y Rivera, Vitae Naturals y Witzenmann) por parte de los emprendedores para lograr la cooperaci\u00f3n entre estas \u2018start up\u2019 y empresas consolidadas regionales. Han participado&nbsp;24 empresas planteando soluciones a los 4 retos. Dos de las empresas ganadoras de los retos son Spin-Offs de la UCLM:<\/p>\n\n\n\n<ul class=\"wp-block-list\"><li>Reto \u2018Cojali\u2019: Start up ganadora: Furious Koalas. La Spin-Off de la UCLM constituida en 2016 Furious Koalas est\u00e1 especializada en los sistemas inmersivos, la inteligencia artificial y el desarrollo de sistemas en la nube, cuenta con 20 a\u00f1os de experiencia en los proyectos realizados en los grupos de investigaci\u00f3n Oreto y AIR de la Escuela Superior de Inform\u00e1tica de Ciudad Real.&nbsp;<\/li><li>Reto Witzenmann. Start up ganadora: Inwire Technologies.&nbsp;Spin-Off en constituci\u00f3n de la Universidad de Castilla-La Mancha que capitaliza los m\u00e1s de 20 a\u00f1os de experiencia de los miembros del grupo de investigaci\u00f3n ARCO de la Escuela Superior de Inform\u00e1tica de Ciudad Real. Inwire ofrece servicios de ingenier\u00eda y desarrollos a medida en el \u00e1mbito de los sistemas empotrados, visi\u00f3n por computador, inteligencia artificial e Internet de las Cosas<\/li><li>M\u00e1s informaci\u00f3n:&nbsp;<a href=\"https:\/\/gobanclm.com\/open-innovation-castilla-la-mancha\/\" rel=\"noreferrer noopener\" target=\"_blank\">https:\/\/gobanclm.com\/open-innovation-castilla-la-mancha\/<\/a><\/li><\/ul>\n\n\n\n<hr class=\"wp-block-separator has-text-color has-cyan-bluish-gray-color has-css-opacity has-cyan-bluish-gray-background-color has-background is-style-default\"\/>\n\n\n\n<h3 class=\"wp-block-heading\" id=\"la-profesora-coral-calero-accesit-del-premio-nacional-idanae\">La profesora Coral Calero acc\u00e9sit del premio nacional iDanae<\/h3>\n\n\n\n<figure class=\"wp-block-image size-large is-resized\"><img loading=\"lazy\" decoding=\"async\" src=\"https:\/\/esi.uclm.es\/assets\/uploads\/2022\/02\/original_coral_web-1024x535.png\" alt=\"\" class=\"wp-image-5816\" width=\"639\" height=\"334\" srcset=\"https:\/\/esi.uclm.es\/assets\/uploads\/2022\/02\/original_coral_web-1024x535.png 1024w, https:\/\/esi.uclm.es\/assets\/uploads\/2022\/02\/original_coral_web-300x157.png 300w, https:\/\/esi.uclm.es\/assets\/uploads\/2022\/02\/original_coral_web-768x401.png 768w, https:\/\/esi.uclm.es\/assets\/uploads\/2022\/02\/original_coral_web-600x314.png 600w, https:\/\/esi.uclm.es\/assets\/uploads\/2022\/02\/original_coral_web.png 1200w\" sizes=\"auto, (max-width: 639px) 100vw, 639px\" \/><figcaption>Profesora Coral Calero<\/figcaption><\/figure>\n\n\n\n<p>La&nbsp;<strong>C\u00e1tedra iDanae<\/strong>&nbsp;(inteligencia, datos, an\u00e1lisis y estrategia) en Big Data y Analytics, creada en el marco de colaboraci\u00f3n de la&nbsp;<strong>Universidad Polit\u00e9cnica de Madrid<\/strong>&nbsp;(UPM) y&nbsp;<strong>Management Solutions<\/strong>, organiz\u00f3 el&nbsp;<strong>Premio iDanae a la mujer con excelente carrera profesional STEM<\/strong>, con el objetivo de&nbsp;<strong>visibilizar<\/strong>&nbsp;las carreras acad\u00e9micas y profesionales de mujeres en el \u00e1mbito STEM y de&nbsp;<strong>ampliar la base de talento<\/strong>&nbsp;femenino en este \u00e1mbito.<\/p>\n\n\n\n<p>Dado el alto nivel de todas las participantes, el jurado ha decidido igualmente reconocer p\u00fablicamente, mediante la concesi\u00f3n de un acc\u00e9sit, las carreras profesionales de&nbsp;<strong>Raquel Barco Morena<\/strong>&nbsp;(Universidad de M\u00e1laga),&nbsp;<strong>Coral Calero Mu\u00f1oz<\/strong>&nbsp;(Universidad de Castilla-La Mancha),&nbsp;<strong>Eva Pag\u00e1n D\u00edaz<\/strong>&nbsp;(Red El\u00e9ctrica Espa\u00f1ola) y a&nbsp;<strong>Mar\u00eda del<\/strong>&nbsp;<strong>Mar Viana Rodr\u00edguez<\/strong>&nbsp;(Consejo Superior de Investigaciones Cient\u00edficas).<\/p>\n\n\n\n<p><a href=\"https:\/\/esi.uclm.es\/index.php\/2021\/09\/26\/la-profesora-coral-calero-accesit-del-premio-nacional-idanae\/\" data-type=\"post\" data-id=\"5815\">+ Info<\/a><\/p>\n\n\n\n<hr class=\"wp-block-separator has-text-color has-cyan-bluish-gray-color has-css-opacity has-cyan-bluish-gray-background-color has-background is-style-default\"\/>\n\n\n\n<h3 class=\"wp-block-heading\" id=\"el-profesor-de-la-uclm-jose-angel-olivas-es-nombrado-honoris-causa-por-la-universidad-nacional-de-la-plata-de-argentina-mayo-2020\">El profesor de la UCLM Jos\u00e9 \u00c1ngel Olivas es nombrado \u2018honoris causa\u2019 por la Universidad Nacional de La Plata de Argentina. Mayo 2020.<\/h3>\n\n\n\n<figure class=\"wp-block-image size-full is-resized\"><img loading=\"lazy\" decoding=\"async\" src=\"https:\/\/esi.uclm.es\/assets\/uploads\/2022\/02\/Jose_Angel_Olivas.jpg\" alt=\"\" class=\"wp-image-5811\" width=\"695\" height=\"391\" srcset=\"https:\/\/esi.uclm.es\/assets\/uploads\/2022\/02\/Jose_Angel_Olivas.jpg 854w, https:\/\/esi.uclm.es\/assets\/uploads\/2022\/02\/Jose_Angel_Olivas-300x169.jpg 300w, https:\/\/esi.uclm.es\/assets\/uploads\/2022\/02\/Jose_Angel_Olivas-768x432.jpg 768w, https:\/\/esi.uclm.es\/assets\/uploads\/2022\/02\/Jose_Angel_Olivas-600x337.jpg 600w\" sizes=\"auto, (max-width: 695px) 100vw, 695px\" \/><figcaption>Jos\u00e9 \u00c1ngel Olivas, profesor de la Escuela Superior de Inform\u00e1tica de Ciudad Real<\/figcaption><\/figure>\n\n\n\n<p>La Universidad Nacional de La Plata de Argentina ha nombrado doctor &#8216;honoris causa&#8217; al profesor de la Escuela Superior de Inform\u00e1tica de la Universidad de Castilla-La Mancha (UCLM) Jos\u00e9 \u00c1ngel Olivas Varela. El director del grupo de investigaci\u00f3n SMILe recibir\u00e1 la m\u00e1xima distinci\u00f3n acad\u00e9mica de la instituci\u00f3n en el mes de septiembre si as\u00ed lo permite la pandemia de la COVID-19. Para saber m\u00e1s <a href=\"https:\/\/esi.uclm.es\/index.php\/2020\/05\/22\/el-profesor-de-la-uclm-jose-angel-olivas-es-nombrado-honoris-causa-por-la-universidad-nacional-de-la-plata-de-argentina\/\" data-type=\"post\" data-id=\"5810\">pulse aqu\u00ed<\/a>.<\/p>\n\n\n\n<hr class=\"wp-block-separator has-text-color has-cyan-bluish-gray-color has-css-opacity has-cyan-bluish-gray-background-color has-background is-style-default\"\/>\n\n\n\n<h3 class=\"wp-block-heading\" id=\"mario-piattini-consigue-el-premio-nacional-de-informatica-2016-al-investigador-menor-de-55-anos\">Mario Piattini consigue el Premio Nacional de Inform\u00e1tica 2016 al investigador menor de 55 a\u00f1os<\/h3>\n\n\n\n<p><\/p>\n\n\n\n<figure class=\"wp-block-image size-full\"><img loading=\"lazy\" decoding=\"async\" width=\"696\" height=\"391\" src=\"https:\/\/esi.uclm.es\/assets\/uploads\/2022\/02\/Mario_Piattini.webp\" alt=\"\" class=\"wp-image-5805\" srcset=\"https:\/\/esi.uclm.es\/assets\/uploads\/2022\/02\/Mario_Piattini.webp 696w, https:\/\/esi.uclm.es\/assets\/uploads\/2022\/02\/Mario_Piattini-300x169.webp 300w, https:\/\/esi.uclm.es\/assets\/uploads\/2022\/02\/Mario_Piattini-600x337.webp 600w\" sizes=\"auto, (max-width: 696px) 100vw, 696px\" \/><figcaption><em>Mario Piattini, Premio Nacional de Inform\u00e1tica 2016 en la modalidad &#8216;Aritmel&#8217;<\/em><\/figcaption><\/figure>\n\n\n\n<p>La Sociedad Cient\u00edfica Inform\u00e1tica de Espa\u00f1a concedi\u00f3 el Premio Nacional de Inform\u00e1tica 2016 en la modalidad \u2018Aritmel\u2019, por el que se distingue a los investigadores menores de 55 a\u00f1os que hayan realizado sobresalientes aportaciones cient\u00edficas en el \u00e1rea de la Ingenier\u00eda Inform\u00e1tica, al catedr\u00e1tico de la Universidad de Castilla-La Mancha Mario Piattini. Del galardonado, el jurado ha destacado el hecho de ser un referente nacional e internacional en la calidad de sistemas de informaci\u00f3n, campo en el que centra su l\u00ednea de investigaci\u00f3n; as\u00ed como su actividad de transferencia de tecnolog\u00eda. Para saber m\u00e1s <a href=\"https:\/\/esi.uclm.es\/index.php\/2017\/05\/24\/mario-piattini-consigue-el-premio-nacional-de-informatica-2016-al-investigador-menor-de-55-anos\/\" data-type=\"post\" data-id=\"5807\">pulse aqu\u00ed<\/a>.<\/p>\n","protected":false},"excerpt":{"rendered":"<p>\u00daltimos m\u00e9ritos otorgados a la instituci\u00f3n y miembros Furious Koalas elegida empresa joven del a\u00f1o (mayo 2022) La Spin-off Furius Koalas, de la Escuela Superior de Inform\u00e1tica y la&nbsp;Universidad de Castilla-La Mancha, a la que pertenecen dos profesores de la ESI:&nbsp;David Vallejo Fern\u00e1ndez&nbsp;y&nbsp;Carlos Gonz\u00e1lez Morcillo, [&hellip;]<\/p>\n","protected":false},"author":1,"featured_media":0,"parent":6378,"menu_order":0,"comment_status":"closed","ping_status":"closed","template":"","meta":{"footnotes":""},"class_list":["post-4233","page","type-page","status-publish","hentry"],"yoast_head":"<!-- This site is optimized with the Yoast SEO plugin v27.3 - https:\/\/yoast.com\/product\/yoast-seo-wordpress\/ -->\n<title>Reconocimientos - Escuela Superior de Inform\u00e1tica de UCLM<\/title>\n<meta name=\"robots\" content=\"index, follow, max-snippet:-1, max-image-preview:large, max-video-preview:-1\" \/>\n<link rel=\"canonical\" href=\"https:\/\/esi.uclm.es\/index.php\/investigaciom\/reconocimientos\/\" \/>\n<meta property=\"og:locale\" content=\"es_ES\" \/>\n<meta property=\"og:type\" content=\"article\" \/>\n<meta property=\"og:title\" content=\"Reconocimientos - Escuela Superior de Inform\u00e1tica de UCLM\" \/>\n<meta property=\"og:description\" content=\"\u00daltimos m\u00e9ritos otorgados a la instituci\u00f3n y miembros Furious Koalas elegida empresa joven del a\u00f1o (mayo 2022) La Spin-off Furius Koalas, de la Escuela Superior de Inform\u00e1tica y la&nbsp;Universidad de Castilla-La Mancha, a la que pertenecen dos profesores de la ESI:&nbsp;David Vallejo Fern\u00e1ndez&nbsp;y&nbsp;Carlos Gonz\u00e1lez Morcillo, [&hellip;]\" \/>\n<meta property=\"og:url\" content=\"https:\/\/esi.uclm.es\/index.php\/investigaciom\/reconocimientos\/\" \/>\n<meta property=\"og:site_name\" content=\"Escuela Superior de Inform\u00e1tica de UCLM\" \/>\n<meta property=\"article:publisher\" content=\"https:\/\/www.facebook.com\/Escuela-Superior-de-Informtica-543261809027158\" \/>\n<meta property=\"article:modified_time\" content=\"2022-05-30T20:36:54+00:00\" \/>\n<meta property=\"og:image\" content=\"https:\/\/esi.uclm.es\/assets\/uploads\/2022\/05\/premio-1024x256.jpeg\" \/>\n<meta name=\"twitter:card\" content=\"summary_large_image\" \/>\n<meta name=\"twitter:site\" content=\"@esiuclm\" \/>\n<meta name=\"twitter:label1\" content=\"Tiempo de lectura\" \/>\n\t<meta name=\"twitter:data1\" content=\"4 minutos\" \/>\n<script type=\"application\/ld+json\" class=\"yoast-schema-graph\">{\"@context\":\"https:\\\/\\\/schema.org\",\"@graph\":[{\"@type\":\"WebPage\",\"@id\":\"https:\\\/\\\/esi.uclm.es\\\/index.php\\\/investigaciom\\\/reconocimientos\\\/\",\"url\":\"https:\\\/\\\/esi.uclm.es\\\/index.php\\\/investigaciom\\\/reconocimientos\\\/\",\"name\":\"Reconocimientos - Escuela Superior de Inform\u00e1tica de UCLM\",\"isPartOf\":{\"@id\":\"https:\\\/\\\/esi.uclm.es\\\/#website\"},\"primaryImageOfPage\":{\"@id\":\"https:\\\/\\\/esi.uclm.es\\\/index.php\\\/investigaciom\\\/reconocimientos\\\/#primaryimage\"},\"image\":{\"@id\":\"https:\\\/\\\/esi.uclm.es\\\/index.php\\\/investigaciom\\\/reconocimientos\\\/#primaryimage\"},\"thumbnailUrl\":\"https:\\\/\\\/esi.uclm.es\\\/assets\\\/uploads\\\/2022\\\/05\\\/premio-1024x256.jpeg\",\"datePublished\":\"2022-01-27T18:51:14+00:00\",\"dateModified\":\"2022-05-30T20:36:54+00:00\",\"breadcrumb\":{\"@id\":\"https:\\\/\\\/esi.uclm.es\\\/index.php\\\/investigaciom\\\/reconocimientos\\\/#breadcrumb\"},\"inLanguage\":\"es\",\"potentialAction\":[{\"@type\":\"ReadAction\",\"target\":[\"https:\\\/\\\/esi.uclm.es\\\/index.php\\\/investigaciom\\\/reconocimientos\\\/\"]}]},{\"@type\":\"ImageObject\",\"inLanguage\":\"es\",\"@id\":\"https:\\\/\\\/esi.uclm.es\\\/index.php\\\/investigaciom\\\/reconocimientos\\\/#primaryimage\",\"url\":\"https:\\\/\\\/esi.uclm.es\\\/assets\\\/uploads\\\/2022\\\/05\\\/premio-1024x256.jpeg\",\"contentUrl\":\"https:\\\/\\\/esi.uclm.es\\\/assets\\\/uploads\\\/2022\\\/05\\\/premio-1024x256.jpeg\"},{\"@type\":\"BreadcrumbList\",\"@id\":\"https:\\\/\\\/esi.uclm.es\\\/index.php\\\/investigaciom\\\/reconocimientos\\\/#breadcrumb\",\"itemListElement\":[{\"@type\":\"ListItem\",\"position\":1,\"name\":\"Portada\",\"item\":\"https:\\\/\\\/esi.uclm.es\\\/\"},{\"@type\":\"ListItem\",\"position\":2,\"name\":\"Investigaci\u00f3n\",\"item\":\"https:\\\/\\\/esi.uclm.es\\\/index.php\\\/investigaciom\\\/\"},{\"@type\":\"ListItem\",\"position\":3,\"name\":\"Reconocimientos\"}]},{\"@type\":\"WebSite\",\"@id\":\"https:\\\/\\\/esi.uclm.es\\\/#website\",\"url\":\"https:\\\/\\\/esi.uclm.es\\\/\",\"name\":\"Escuela Superior de Inform\u00e1tica de UCLM en Ciudad Real, Castilla-La Mancha\",\"description\":\"La Escuela Superior de Inform\u00e1tica de Ciudad Real (Castilla-La Mancha), Universidad de Castilla-La Mancha es un centro universitario que imparte el ciclo completo de Ingenier\u00eda en Inform\u00e1tica: grado, m\u00e1ster y doctorado.\",\"publisher\":{\"@id\":\"https:\\\/\\\/esi.uclm.es\\\/#organization\"},\"potentialAction\":[{\"@type\":\"SearchAction\",\"target\":{\"@type\":\"EntryPoint\",\"urlTemplate\":\"https:\\\/\\\/esi.uclm.es\\\/?s={search_term_string}\"},\"query-input\":{\"@type\":\"PropertyValueSpecification\",\"valueRequired\":true,\"valueName\":\"search_term_string\"}}],\"inLanguage\":\"es\"},{\"@type\":\"Organization\",\"@id\":\"https:\\\/\\\/esi.uclm.es\\\/#organization\",\"name\":\"Escuela Superior de Inform\u00e1tica de UCLM\",\"url\":\"https:\\\/\\\/esi.uclm.es\\\/\",\"logo\":{\"@type\":\"ImageObject\",\"inLanguage\":\"es\",\"@id\":\"https:\\\/\\\/esi.uclm.es\\\/#\\\/schema\\\/logo\\\/image\\\/\",\"url\":\"https:\\\/\\\/esi.uclm.es\\\/assets\\\/uploads\\\/2022\\\/03\\\/LogoESI_cabecera-1.png\",\"contentUrl\":\"https:\\\/\\\/esi.uclm.es\\\/assets\\\/uploads\\\/2022\\\/03\\\/LogoESI_cabecera-1.png\",\"width\":460,\"height\":184,\"caption\":\"Escuela Superior de Inform\u00e1tica de UCLM\"},\"image\":{\"@id\":\"https:\\\/\\\/esi.uclm.es\\\/#\\\/schema\\\/logo\\\/image\\\/\"},\"sameAs\":[\"https:\\\/\\\/www.facebook.com\\\/Escuela-Superior-de-Informtica-543261809027158\",\"https:\\\/\\\/x.com\\\/esiuclm\",\"https:\\\/\\\/www.instagram.com\\\/esiuclm\\\/\",\"https:\\\/\\\/www.youtube.com\\\/user\\\/esiuclm\",\"https:\\\/\\\/www.twitch.tv\\\/esiuclm\",\"https:\\\/\\\/www.linkedin.com\\\/company\\\/12656631\\\/admin\\\/\"]}]}<\/script>\n<!-- \/ Yoast SEO plugin. -->","yoast_head_json":{"title":"Reconocimientos - Escuela Superior de Inform\u00e1tica de UCLM","robots":{"index":"index","follow":"follow","max-snippet":"max-snippet:-1","max-image-preview":"max-image-preview:large","max-video-preview":"max-video-preview:-1"},"canonical":"https:\/\/esi.uclm.es\/index.php\/investigaciom\/reconocimientos\/","og_locale":"es_ES","og_type":"article","og_title":"Reconocimientos - Escuela Superior de Inform\u00e1tica de UCLM","og_description":"\u00daltimos m\u00e9ritos otorgados a la instituci\u00f3n y miembros Furious Koalas elegida empresa joven del a\u00f1o (mayo 2022) La Spin-off Furius Koalas, de la Escuela Superior de Inform\u00e1tica y la&nbsp;Universidad de Castilla-La Mancha, a la que pertenecen dos profesores de la ESI:&nbsp;David Vallejo Fern\u00e1ndez&nbsp;y&nbsp;Carlos Gonz\u00e1lez Morcillo, [&hellip;]","og_url":"https:\/\/esi.uclm.es\/index.php\/investigaciom\/reconocimientos\/","og_site_name":"Escuela Superior de Inform\u00e1tica de UCLM","article_publisher":"https:\/\/www.facebook.com\/Escuela-Superior-de-Informtica-543261809027158","article_modified_time":"2022-05-30T20:36:54+00:00","og_image":[{"url":"https:\/\/esi.uclm.es\/assets\/uploads\/2022\/05\/premio-1024x256.jpeg","type":"","width":"","height":""}],"twitter_card":"summary_large_image","twitter_site":"@esiuclm","twitter_misc":{"Tiempo de lectura":"4 minutos"},"schema":{"@context":"https:\/\/schema.org","@graph":[{"@type":"WebPage","@id":"https:\/\/esi.uclm.es\/index.php\/investigaciom\/reconocimientos\/","url":"https:\/\/esi.uclm.es\/index.php\/investigaciom\/reconocimientos\/","name":"Reconocimientos - Escuela Superior de Inform\u00e1tica de UCLM","isPartOf":{"@id":"https:\/\/esi.uclm.es\/#website"},"primaryImageOfPage":{"@id":"https:\/\/esi.uclm.es\/index.php\/investigaciom\/reconocimientos\/#primaryimage"},"image":{"@id":"https:\/\/esi.uclm.es\/index.php\/investigaciom\/reconocimientos\/#primaryimage"},"thumbnailUrl":"https:\/\/esi.uclm.es\/assets\/uploads\/2022\/05\/premio-1024x256.jpeg","datePublished":"2022-01-27T18:51:14+00:00","dateModified":"2022-05-30T20:36:54+00:00","breadcrumb":{"@id":"https:\/\/esi.uclm.es\/index.php\/investigaciom\/reconocimientos\/#breadcrumb"},"inLanguage":"es","potentialAction":[{"@type":"ReadAction","target":["https:\/\/esi.uclm.es\/index.php\/investigaciom\/reconocimientos\/"]}]},{"@type":"ImageObject","inLanguage":"es","@id":"https:\/\/esi.uclm.es\/index.php\/investigaciom\/reconocimientos\/#primaryimage","url":"https:\/\/esi.uclm.es\/assets\/uploads\/2022\/05\/premio-1024x256.jpeg","contentUrl":"https:\/\/esi.uclm.es\/assets\/uploads\/2022\/05\/premio-1024x256.jpeg"},{"@type":"BreadcrumbList","@id":"https:\/\/esi.uclm.es\/index.php\/investigaciom\/reconocimientos\/#breadcrumb","itemListElement":[{"@type":"ListItem","position":1,"name":"Portada","item":"https:\/\/esi.uclm.es\/"},{"@type":"ListItem","position":2,"name":"Investigaci\u00f3n","item":"https:\/\/esi.uclm.es\/index.php\/investigaciom\/"},{"@type":"ListItem","position":3,"name":"Reconocimientos"}]},{"@type":"WebSite","@id":"https:\/\/esi.uclm.es\/#website","url":"https:\/\/esi.uclm.es\/","name":"Escuela Superior de Inform\u00e1tica de UCLM en Ciudad Real, Castilla-La Mancha","description":"La Escuela Superior de Inform\u00e1tica de Ciudad Real (Castilla-La Mancha), Universidad de Castilla-La Mancha es un centro universitario que imparte el ciclo completo de Ingenier\u00eda en Inform\u00e1tica: grado, m\u00e1ster y doctorado.","publisher":{"@id":"https:\/\/esi.uclm.es\/#organization"},"potentialAction":[{"@type":"SearchAction","target":{"@type":"EntryPoint","urlTemplate":"https:\/\/esi.uclm.es\/?s={search_term_string}"},"query-input":{"@type":"PropertyValueSpecification","valueRequired":true,"valueName":"search_term_string"}}],"inLanguage":"es"},{"@type":"Organization","@id":"https:\/\/esi.uclm.es\/#organization","name":"Escuela Superior de Inform\u00e1tica de UCLM","url":"https:\/\/esi.uclm.es\/","logo":{"@type":"ImageObject","inLanguage":"es","@id":"https:\/\/esi.uclm.es\/#\/schema\/logo\/image\/","url":"https:\/\/esi.uclm.es\/assets\/uploads\/2022\/03\/LogoESI_cabecera-1.png","contentUrl":"https:\/\/esi.uclm.es\/assets\/uploads\/2022\/03\/LogoESI_cabecera-1.png","width":460,"height":184,"caption":"Escuela Superior de Inform\u00e1tica de UCLM"},"image":{"@id":"https:\/\/esi.uclm.es\/#\/schema\/logo\/image\/"},"sameAs":["https:\/\/www.facebook.com\/Escuela-Superior-de-Informtica-543261809027158","https:\/\/x.com\/esiuclm","https:\/\/www.instagram.com\/esiuclm\/","https:\/\/www.youtube.com\/user\/esiuclm","https:\/\/www.twitch.tv\/esiuclm","https:\/\/www.linkedin.com\/company\/12656631\/admin\/"]}]}},"_links":{"self":[{"href":"https:\/\/esi.uclm.es\/index.php\/wp-json\/wp\/v2\/pages\/4233","targetHints":{"allow":["GET"]}}],"collection":[{"href":"https:\/\/esi.uclm.es\/index.php\/wp-json\/wp\/v2\/pages"}],"about":[{"href":"https:\/\/esi.uclm.es\/index.php\/wp-json\/wp\/v2\/types\/page"}],"author":[{"embeddable":true,"href":"https:\/\/esi.uclm.es\/index.php\/wp-json\/wp\/v2\/users\/1"}],"replies":[{"embeddable":true,"href":"https:\/\/esi.uclm.es\/index.php\/wp-json\/wp\/v2\/comments?post=4233"}],"version-history":[{"count":13,"href":"https:\/\/esi.uclm.es\/index.php\/wp-json\/wp\/v2\/pages\/4233\/revisions"}],"predecessor-version":[{"id":10536,"href":"https:\/\/esi.uclm.es\/index.php\/wp-json\/wp\/v2\/pages\/4233\/revisions\/10536"}],"up":[{"embeddable":true,"href":"https:\/\/esi.uclm.es\/index.php\/wp-json\/wp\/v2\/pages\/6378"}],"wp:attachment":[{"href":"https:\/\/esi.uclm.es\/index.php\/wp-json\/wp\/v2\/media?parent=4233"}],"curies":[{"name":"wp","href":"https:\/\/api.w.org\/{rel}","templated":true}]}}