{"id":4224,"date":"2022-01-27T18:49:38","date_gmt":"2022-01-27T18:49:38","guid":{"rendered":"http:\/\/esiaz24.uclm.es\/?page_id=4224"},"modified":"2022-02-25T07:29:33","modified_gmt":"2022-02-25T07:29:33","slug":"instituto-de-investigacion-itsi","status":"publish","type":"page","link":"https:\/\/esi.uclm.es\/index.php\/investigaciom\/instituto-de-investigacion-itsi\/","title":{"rendered":"Instituto de Investigaci\u00f3n ITSI"},"content":{"rendered":"\n<figure class=\"wp-block-image size-large\"><img loading=\"lazy\" decoding=\"async\" width=\"1024\" height=\"341\" src=\"https:\/\/esi.uclm.es\/assets\/uploads\/2022\/02\/Conocenos-1024x341.jpg\" alt=\"\" class=\"wp-image-6369\" srcset=\"https:\/\/esi.uclm.es\/assets\/uploads\/2022\/02\/Conocenos-1024x341.jpg 1024w, https:\/\/esi.uclm.es\/assets\/uploads\/2022\/02\/Conocenos-300x100.jpg 300w, https:\/\/esi.uclm.es\/assets\/uploads\/2022\/02\/Conocenos-768x256.jpg 768w, https:\/\/esi.uclm.es\/assets\/uploads\/2022\/02\/Conocenos-600x200.jpg 600w, https:\/\/esi.uclm.es\/assets\/uploads\/2022\/02\/Conocenos.jpg 1200w\" sizes=\"auto, (max-width: 1024px) 100vw, 1024px\" \/><\/figure>\n\n\n\n<h2 class=\"wp-block-heading\">Instituto de Tecnolog\u00edas y Sistemas de Informaci\u00f3n<\/h2>\n\n\n\n<hr class=\"wp-block-separator has-text-color has-background has-vivid-cyan-blue-background-color has-vivid-cyan-blue-color is-style-default\"\/>\n\n\n\n<p>El Instituto de Tecnolog\u00edas y Sistemas de Informaci\u00f3n (ITSI), situado en el campus de Ciudad Real de la Universidad de Castilla-La Mancha, se inaugur\u00f3 el 10 de mayo del 2010.<\/p>\n\n\n\n<p>La misi\u00f3n del ITSI es potenciar la investigaci\u00f3n en diferentes \u00e1reas de la Ingenier\u00eda Inform\u00e1tica con el fin de desarrollar, y transferir a las organizaciones, tecnolog\u00edas y sistemas de informaci\u00f3n que contribuyan al progreso y bienestar de la sociedad, especialmente la castellano manchega.<\/p>\n\n\n\n<p>La visi\u00f3n del ITSI es ser el instituto de investigaci\u00f3n l\u00edder en el campo de las tecnolog\u00edas y sistemas de informaci\u00f3n, de referencia nacional e internacional sobre todo en el \u00e1mbito de la investigaci\u00f3n aplicada.<\/p>\n\n\n\n<p>El ITSI cuenta aproximadamente con 70 investigadores de gran experiencia tanto en investigaci\u00f3n b\u00e1sica (adquirida en la participaci\u00f3n en m\u00faltiples proyectos de investigaci\u00f3n de \u00e1mbitos regionales y nacionales, y en estancias de investigaci\u00f3n de \u00e1mbito internacional) como en investigaci\u00f3n aplicada (en proyectos de \u00e1mbito internacional, convocatorias H2020 y contratos en colaboraci\u00f3n con organismos p\u00fablicos y empresas). Los investigadores desarrollan su labor en diez Grupos de Investigaci\u00f3n que abordan diferentes l\u00edneas relacionadas con las tecnolog\u00edas y sistemas de informaci\u00f3n, todas ellas punteras y alineadas con las prioridades sociales nacionales y europeas.<\/p>\n\n\n\n<p>Adem\u00e1s, el ITSI cuenta con el WeCareLab, una iniciativa transversal a todos los Grupos de Investigaci\u00f3n, centrado en la aplicaci\u00f3n de las TIC a la Salud y el Bienestar de la sociedad.<\/p>\n\n\n\n<p>En su faceta emprendedora, el ITSI alberga a varias Spin-Off formadas por miembros del centro, y que ofrecen a la sociedad una gran diversidad de servicios fundamentados en los conocimientos generados a ra\u00edz de la experiencia b\u00e1sica y aplicada ganada con el paso de los a\u00f1os, y fruto del \u00e9xito en multitud de convocatorias competitivas y contratos con empresas.<\/p>\n\n\n\n<p>Los grupos de investigaci\u00f3n y sus integrantes constituyen la masa cr\u00edtica del ITSI, y donde se desarrolla todo el potencial de innovaci\u00f3n e investigaci\u00f3n con respecto a las Tecnolog\u00edas y los Sistemas de Informaci\u00f3n. Estos grupos y sus l\u00edneas de investigaci\u00f3n son los siguientes:<\/p>\n\n\n\n<ul class=\"wp-block-list\"><li style=\"text-indent:-20px; padding-left: 20px\">Grupo de Investigaci\u00f3n AIR: Inteligencia Artificial Aplicada; Visualizaci\u00f3n y Rendering; y Comercio electr\u00f3nico; Desarrollo tecnol\u00f3gico en salud; Vigilancia inteligente; Realidad virtual y realidad aumentada; Sistemas basados en el conocimiento.<\/li><li style=\"text-indent:-20px; padding-left: 20px\">Grupo de Investigaci\u00f3n ALARCOS: Calidad de Datos y de la Informaci\u00f3n; Calidad en el Desarrollo de Software; Ingenier\u00eda de Software Cu\u00e1ntico; Desarrollo Global de Software y Gesti\u00f3n del Conocimiento; Gobierno, Auditor\u00eda y Seguridad; Ingenier\u00eda de Negocio; Mantenimiento, Reingenier\u00eda y Modernizaci\u00f3n; M\u00e9todos de Investigaci\u00f3n en Ingenier\u00eda de Software y Sistemas de Informaci\u00f3n; Procesos de Software; Pruebas de Software; Sostenibilidad del Software; An\u00e1lisis de Datos Sociales y Demogr\u00e1ficos.<\/li><li style=\"text-indent:-20px; padding-left: 20px\">Grupo de Investigaci\u00f3n ARCO: Sistemas Empotrados y de Alto Rendimiento, soluciones de hardware a medida para la aceleraci\u00f3n de procesos de c\u00f3mputo pesados (visi\u00f3n por computador, aplicaciones cient\u00edficas, etc.), soluciones y arquitecturas para IoT basadas en Fog-Computing y Edge-Computing; Sistemas Ciberf\u00edsicos, redes y servicios avanzados de comunicaciones, implementaci\u00f3n y despliegue de redes de sensores para telecontrol y monitorizaci\u00f3n; Entornos Inteligentes, mantenimiento predictivo de equipamiento industrial, soluciones e-health, sistemas de razonamiento basado en sentido com\u00fan; Gesti\u00f3n de la Innovaci\u00f3n, asesoramiento tecnol\u00f3gico, estudio y an\u00e1lisis de las capacidades en I+D de las organizaciones.<\/li><li style=\"text-indent:-20px; padding-left: 20px\">Grupo de Investigaci\u00f3n CHICO: Dise\u00f1o y especificaci\u00f3n de interfaces de usuario cooperativos y colaborativos; Dise\u00f1o de la interacci\u00f3n mediante los paradigmas de computaci\u00f3n m\u00f3vil, ubicua y realidad aumentada; Evaluaci\u00f3n mediante t\u00e9cnicas de seguimiento ocular; Dise\u00f1o de modelos computacionales en sistemas de aprendizaje; e Integraci\u00f3n de ontolog\u00edas, est\u00e1ndares y objetos de aprendizaje en sistemas de e-Learning.<\/li><li style=\"text-indent:-20px; padding-left: 20px\">Grupo de Investigaci\u00f3n DEC-TAU: Integraci\u00f3n de Lenguajes L\u00f3gicos y Funcionales; Dise\u00f1o e Implementaci\u00f3n de Lenguajes L\u00f3gicos Difusos; y Transformaci\u00f3n y Especializaci\u00f3n de Programas.<\/li><li style=\"text-indent:-20px; padding-left: 20px\">Grupo de Investigaci\u00f3n GSyA: Seguridad en Big Data; An\u00e1lisis y Gesti\u00f3n de Riesgos; Arquitecturas y Patrones de Seguridad; Gesti\u00f3n y Evaluaci\u00f3n de la Seguridad; M\u00e9tricas de Seguridad; Ontolog\u00edas de seguridad; Seguridad en Bases de Datos y Almacenes de Datos; Seguridad en Cloud Computing; Seguridad en Ingenier\u00eda de Requisitos para L\u00edneas de Producto Software; Seguridad en Ingenier\u00eda del Software; Seguridad en MDA; Seguridad en Procesos de Negocio; Seguridad en Sistemas Basados en Servicios Web; y Seguridad en Sistemas Grid M\u00f3viles.<\/li><li style=\"text-indent:-20px; padding-left: 20px\">Grupo de Investigaci\u00f3n MAmI: Ubiquitous Computing; Ambient Intelligence; Ambient Assisted Living; m-Health; Gait Analysis; Behaviour Analysis and Cognitive Rehabilitation.<\/li><li style=\"text-indent:-20px; padding-left: 20px\">Grupo de Investigaci\u00f3n ORETO: T\u00e9cnicas de softcomputing, razonamiento aproximado, sistemas difusos (fuzzy sets), redes neuronales, redes profundas , Big data , computaci\u00f3n en la nube y Aprendizaje M\u00e1quina aplicados al estudio y s\u00edntesis de: 1) Sistemas Inteligentes de an\u00e1lisis y estudio de eventos temporales. Modelos temporales de consumos el\u00e9ctricos en edificios; 2) An\u00e1lisis y modelado de eventos en video . Vigilancia y conducci\u00f3n; 3) An\u00e1lisis de datos y modelos econ\u00f3micos; 4) Estudio y modelado deportivo.<\/li><li style=\"text-indent:-20px; padding-left: 20px\">Grupo de Investigaci\u00f3n SciCom: Tratamiento de sistemas de elementos interrelacionados (redes complejas); y Desarrollo y aplicaci\u00f3n de modelos y t\u00e9cnicas computacionales para la identificaci\u00f3n, descripci\u00f3n y control de la estructura interna de redes complejas.<\/li><li style=\"text-indent:-20px; padding-left: 20px\">Grupo de Investigaci\u00f3n SMILe: Aplicaci\u00f3n de t\u00e9cnicas de Soft-Computing dentro de la Recuperaci\u00f3n de Informaci\u00f3n en Internet, de Sistemas de Aprendizaje y Ayuda a la Decisi\u00f3n, y m\u00e1s recientemente del An\u00e1lisis de Sentimientos y Opiniones y el An\u00e1lisis Inteligente de Datos y Big Data; Desarrollo de modelos que permiten la b\u00fasqueda sem\u00e1ntica de informaci\u00f3n en la Web y otras grandes bases de datos; Gesti\u00f3n eficiente de repositorios din\u00e1micos de documentos, etc.<\/li><\/ul>\n\n\n\n<p>Finalmente, cabe mencionar que las instalaciones del Instituto disponen de una gran variedad de laboratorios y equipos con hardware y software especializado de gran potencia, adem\u00e1s de herramientas propias desarrolladas por los grupos de investigaci\u00f3n.<\/p>\n\n\n\n<p><\/p>\n\n\n\n<div class=\"wp-block-image\"><figure class=\"aligncenter size-large is-resized\"><img loading=\"lazy\" decoding=\"async\" src=\"https:\/\/esi.uclm.es\/assets\/uploads\/2022\/02\/ITSI-Logotipo-COLOR-CMYK-300dpi-1024x265.jpg\" alt=\"\" class=\"wp-image-6365\" width=\"268\" height=\"69\" srcset=\"https:\/\/esi.uclm.es\/assets\/uploads\/2022\/02\/ITSI-Logotipo-COLOR-CMYK-300dpi-1024x265.jpg 1024w, https:\/\/esi.uclm.es\/assets\/uploads\/2022\/02\/ITSI-Logotipo-COLOR-CMYK-300dpi-300x78.jpg 300w, https:\/\/esi.uclm.es\/assets\/uploads\/2022\/02\/ITSI-Logotipo-COLOR-CMYK-300dpi-768x199.jpg 768w, https:\/\/esi.uclm.es\/assets\/uploads\/2022\/02\/ITSI-Logotipo-COLOR-CMYK-300dpi-1536x397.jpg 1536w, https:\/\/esi.uclm.es\/assets\/uploads\/2022\/02\/ITSI-Logotipo-COLOR-CMYK-300dpi-1300x336.jpg 1300w, https:\/\/esi.uclm.es\/assets\/uploads\/2022\/02\/ITSI-Logotipo-COLOR-CMYK-300dpi-600x155.jpg 600w\" sizes=\"auto, (max-width: 268px) 100vw, 268px\" \/><\/figure><\/div>\n\n\n\n<p><\/p>\n","protected":false},"excerpt":{"rendered":"<p>Instituto de Tecnolog\u00edas y Sistemas de Informaci\u00f3n El Instituto de Tecnolog\u00edas y Sistemas de Informaci\u00f3n (ITSI), situado en el campus de Ciudad Real de la Universidad de Castilla-La Mancha, se inaugur\u00f3 el 10 de mayo del 2010. La misi\u00f3n del ITSI es potenciar la investigaci\u00f3n [&hellip;]<\/p>\n","protected":false},"author":1,"featured_media":0,"parent":6378,"menu_order":0,"comment_status":"closed","ping_status":"closed","template":"","meta":{"footnotes":""},"class_list":["post-4224","page","type-page","status-publish","hentry"],"yoast_head":"<!-- This site is optimized with the Yoast SEO plugin v27.3 - https:\/\/yoast.com\/product\/yoast-seo-wordpress\/ -->\n<title>Instituto de Investigaci\u00f3n ITSI - Escuela Superior de Inform\u00e1tica de UCLM<\/title>\n<meta name=\"robots\" content=\"index, follow, max-snippet:-1, max-image-preview:large, max-video-preview:-1\" \/>\n<link rel=\"canonical\" href=\"https:\/\/esi.uclm.es\/index.php\/investigaciom\/instituto-de-investigacion-itsi\/\" \/>\n<meta property=\"og:locale\" content=\"es_ES\" \/>\n<meta property=\"og:type\" content=\"article\" \/>\n<meta property=\"og:title\" content=\"Instituto de Investigaci\u00f3n ITSI - Escuela Superior de Inform\u00e1tica de UCLM\" \/>\n<meta property=\"og:description\" content=\"Instituto de Tecnolog\u00edas y Sistemas de Informaci\u00f3n El Instituto de Tecnolog\u00edas y Sistemas de Informaci\u00f3n (ITSI), situado en el campus de Ciudad Real de la Universidad de Castilla-La Mancha, se inaugur\u00f3 el 10 de mayo del 2010. La misi\u00f3n del ITSI es potenciar la investigaci\u00f3n [&hellip;]\" \/>\n<meta property=\"og:url\" content=\"https:\/\/esi.uclm.es\/index.php\/investigaciom\/instituto-de-investigacion-itsi\/\" \/>\n<meta property=\"og:site_name\" content=\"Escuela Superior de Inform\u00e1tica de UCLM\" \/>\n<meta property=\"article:publisher\" content=\"https:\/\/www.facebook.com\/Escuela-Superior-de-Informtica-543261809027158\" \/>\n<meta property=\"article:modified_time\" content=\"2022-02-25T07:29:33+00:00\" \/>\n<meta property=\"og:image\" content=\"https:\/\/esi.uclm.es\/assets\/uploads\/2022\/02\/Conocenos-1024x341.jpg\" \/>\n<meta name=\"twitter:card\" content=\"summary_large_image\" \/>\n<meta name=\"twitter:site\" content=\"@esiuclm\" \/>\n<meta name=\"twitter:label1\" content=\"Tiempo de lectura\" \/>\n\t<meta name=\"twitter:data1\" content=\"5 minutos\" \/>\n<script type=\"application\/ld+json\" class=\"yoast-schema-graph\">{\"@context\":\"https:\\\/\\\/schema.org\",\"@graph\":[{\"@type\":\"WebPage\",\"@id\":\"https:\\\/\\\/esi.uclm.es\\\/index.php\\\/investigaciom\\\/instituto-de-investigacion-itsi\\\/\",\"url\":\"https:\\\/\\\/esi.uclm.es\\\/index.php\\\/investigaciom\\\/instituto-de-investigacion-itsi\\\/\",\"name\":\"Instituto de Investigaci\u00f3n ITSI - Escuela Superior de Inform\u00e1tica de UCLM\",\"isPartOf\":{\"@id\":\"https:\\\/\\\/esi.uclm.es\\\/#website\"},\"primaryImageOfPage\":{\"@id\":\"https:\\\/\\\/esi.uclm.es\\\/index.php\\\/investigaciom\\\/instituto-de-investigacion-itsi\\\/#primaryimage\"},\"image\":{\"@id\":\"https:\\\/\\\/esi.uclm.es\\\/index.php\\\/investigaciom\\\/instituto-de-investigacion-itsi\\\/#primaryimage\"},\"thumbnailUrl\":\"https:\\\/\\\/esi.uclm.es\\\/assets\\\/uploads\\\/2022\\\/02\\\/Conocenos-1024x341.jpg\",\"datePublished\":\"2022-01-27T18:49:38+00:00\",\"dateModified\":\"2022-02-25T07:29:33+00:00\",\"breadcrumb\":{\"@id\":\"https:\\\/\\\/esi.uclm.es\\\/index.php\\\/investigaciom\\\/instituto-de-investigacion-itsi\\\/#breadcrumb\"},\"inLanguage\":\"es\",\"potentialAction\":[{\"@type\":\"ReadAction\",\"target\":[\"https:\\\/\\\/esi.uclm.es\\\/index.php\\\/investigaciom\\\/instituto-de-investigacion-itsi\\\/\"]}]},{\"@type\":\"ImageObject\",\"inLanguage\":\"es\",\"@id\":\"https:\\\/\\\/esi.uclm.es\\\/index.php\\\/investigaciom\\\/instituto-de-investigacion-itsi\\\/#primaryimage\",\"url\":\"https:\\\/\\\/esi.uclm.es\\\/assets\\\/uploads\\\/2022\\\/02\\\/Conocenos-1024x341.jpg\",\"contentUrl\":\"https:\\\/\\\/esi.uclm.es\\\/assets\\\/uploads\\\/2022\\\/02\\\/Conocenos-1024x341.jpg\"},{\"@type\":\"BreadcrumbList\",\"@id\":\"https:\\\/\\\/esi.uclm.es\\\/index.php\\\/investigaciom\\\/instituto-de-investigacion-itsi\\\/#breadcrumb\",\"itemListElement\":[{\"@type\":\"ListItem\",\"position\":1,\"name\":\"Portada\",\"item\":\"https:\\\/\\\/esi.uclm.es\\\/\"},{\"@type\":\"ListItem\",\"position\":2,\"name\":\"Investigaci\u00f3n\",\"item\":\"https:\\\/\\\/esi.uclm.es\\\/index.php\\\/investigaciom\\\/\"},{\"@type\":\"ListItem\",\"position\":3,\"name\":\"Instituto de Investigaci\u00f3n ITSI\"}]},{\"@type\":\"WebSite\",\"@id\":\"https:\\\/\\\/esi.uclm.es\\\/#website\",\"url\":\"https:\\\/\\\/esi.uclm.es\\\/\",\"name\":\"Escuela Superior de Inform\u00e1tica de UCLM en Ciudad Real, Castilla-La Mancha\",\"description\":\"La Escuela Superior de Inform\u00e1tica de Ciudad Real (Castilla-La Mancha), Universidad de Castilla-La Mancha es un centro universitario que imparte el ciclo completo de Ingenier\u00eda en Inform\u00e1tica: grado, m\u00e1ster y doctorado.\",\"publisher\":{\"@id\":\"https:\\\/\\\/esi.uclm.es\\\/#organization\"},\"potentialAction\":[{\"@type\":\"SearchAction\",\"target\":{\"@type\":\"EntryPoint\",\"urlTemplate\":\"https:\\\/\\\/esi.uclm.es\\\/?s={search_term_string}\"},\"query-input\":{\"@type\":\"PropertyValueSpecification\",\"valueRequired\":true,\"valueName\":\"search_term_string\"}}],\"inLanguage\":\"es\"},{\"@type\":\"Organization\",\"@id\":\"https:\\\/\\\/esi.uclm.es\\\/#organization\",\"name\":\"Escuela Superior de Inform\u00e1tica de UCLM\",\"url\":\"https:\\\/\\\/esi.uclm.es\\\/\",\"logo\":{\"@type\":\"ImageObject\",\"inLanguage\":\"es\",\"@id\":\"https:\\\/\\\/esi.uclm.es\\\/#\\\/schema\\\/logo\\\/image\\\/\",\"url\":\"https:\\\/\\\/esi.uclm.es\\\/assets\\\/uploads\\\/2022\\\/03\\\/LogoESI_cabecera-1.png\",\"contentUrl\":\"https:\\\/\\\/esi.uclm.es\\\/assets\\\/uploads\\\/2022\\\/03\\\/LogoESI_cabecera-1.png\",\"width\":460,\"height\":184,\"caption\":\"Escuela Superior de Inform\u00e1tica de UCLM\"},\"image\":{\"@id\":\"https:\\\/\\\/esi.uclm.es\\\/#\\\/schema\\\/logo\\\/image\\\/\"},\"sameAs\":[\"https:\\\/\\\/www.facebook.com\\\/Escuela-Superior-de-Informtica-543261809027158\",\"https:\\\/\\\/x.com\\\/esiuclm\",\"https:\\\/\\\/www.instagram.com\\\/esiuclm\\\/\",\"https:\\\/\\\/www.youtube.com\\\/user\\\/esiuclm\",\"https:\\\/\\\/www.twitch.tv\\\/esiuclm\",\"https:\\\/\\\/www.linkedin.com\\\/company\\\/12656631\\\/admin\\\/\"]}]}<\/script>\n<!-- \/ Yoast SEO plugin. -->","yoast_head_json":{"title":"Instituto de Investigaci\u00f3n ITSI - Escuela Superior de Inform\u00e1tica de UCLM","robots":{"index":"index","follow":"follow","max-snippet":"max-snippet:-1","max-image-preview":"max-image-preview:large","max-video-preview":"max-video-preview:-1"},"canonical":"https:\/\/esi.uclm.es\/index.php\/investigaciom\/instituto-de-investigacion-itsi\/","og_locale":"es_ES","og_type":"article","og_title":"Instituto de Investigaci\u00f3n ITSI - Escuela Superior de Inform\u00e1tica de UCLM","og_description":"Instituto de Tecnolog\u00edas y Sistemas de Informaci\u00f3n El Instituto de Tecnolog\u00edas y Sistemas de Informaci\u00f3n (ITSI), situado en el campus de Ciudad Real de la Universidad de Castilla-La Mancha, se inaugur\u00f3 el 10 de mayo del 2010. La misi\u00f3n del ITSI es potenciar la investigaci\u00f3n [&hellip;]","og_url":"https:\/\/esi.uclm.es\/index.php\/investigaciom\/instituto-de-investigacion-itsi\/","og_site_name":"Escuela Superior de Inform\u00e1tica de UCLM","article_publisher":"https:\/\/www.facebook.com\/Escuela-Superior-de-Informtica-543261809027158","article_modified_time":"2022-02-25T07:29:33+00:00","og_image":[{"url":"https:\/\/esi.uclm.es\/assets\/uploads\/2022\/02\/Conocenos-1024x341.jpg","type":"","width":"","height":""}],"twitter_card":"summary_large_image","twitter_site":"@esiuclm","twitter_misc":{"Tiempo de lectura":"5 minutos"},"schema":{"@context":"https:\/\/schema.org","@graph":[{"@type":"WebPage","@id":"https:\/\/esi.uclm.es\/index.php\/investigaciom\/instituto-de-investigacion-itsi\/","url":"https:\/\/esi.uclm.es\/index.php\/investigaciom\/instituto-de-investigacion-itsi\/","name":"Instituto de Investigaci\u00f3n ITSI - Escuela Superior de Inform\u00e1tica de UCLM","isPartOf":{"@id":"https:\/\/esi.uclm.es\/#website"},"primaryImageOfPage":{"@id":"https:\/\/esi.uclm.es\/index.php\/investigaciom\/instituto-de-investigacion-itsi\/#primaryimage"},"image":{"@id":"https:\/\/esi.uclm.es\/index.php\/investigaciom\/instituto-de-investigacion-itsi\/#primaryimage"},"thumbnailUrl":"https:\/\/esi.uclm.es\/assets\/uploads\/2022\/02\/Conocenos-1024x341.jpg","datePublished":"2022-01-27T18:49:38+00:00","dateModified":"2022-02-25T07:29:33+00:00","breadcrumb":{"@id":"https:\/\/esi.uclm.es\/index.php\/investigaciom\/instituto-de-investigacion-itsi\/#breadcrumb"},"inLanguage":"es","potentialAction":[{"@type":"ReadAction","target":["https:\/\/esi.uclm.es\/index.php\/investigaciom\/instituto-de-investigacion-itsi\/"]}]},{"@type":"ImageObject","inLanguage":"es","@id":"https:\/\/esi.uclm.es\/index.php\/investigaciom\/instituto-de-investigacion-itsi\/#primaryimage","url":"https:\/\/esi.uclm.es\/assets\/uploads\/2022\/02\/Conocenos-1024x341.jpg","contentUrl":"https:\/\/esi.uclm.es\/assets\/uploads\/2022\/02\/Conocenos-1024x341.jpg"},{"@type":"BreadcrumbList","@id":"https:\/\/esi.uclm.es\/index.php\/investigaciom\/instituto-de-investigacion-itsi\/#breadcrumb","itemListElement":[{"@type":"ListItem","position":1,"name":"Portada","item":"https:\/\/esi.uclm.es\/"},{"@type":"ListItem","position":2,"name":"Investigaci\u00f3n","item":"https:\/\/esi.uclm.es\/index.php\/investigaciom\/"},{"@type":"ListItem","position":3,"name":"Instituto de Investigaci\u00f3n ITSI"}]},{"@type":"WebSite","@id":"https:\/\/esi.uclm.es\/#website","url":"https:\/\/esi.uclm.es\/","name":"Escuela Superior de Inform\u00e1tica de UCLM en Ciudad Real, Castilla-La Mancha","description":"La Escuela Superior de Inform\u00e1tica de Ciudad Real (Castilla-La Mancha), Universidad de Castilla-La Mancha es un centro universitario que imparte el ciclo completo de Ingenier\u00eda en Inform\u00e1tica: grado, m\u00e1ster y doctorado.","publisher":{"@id":"https:\/\/esi.uclm.es\/#organization"},"potentialAction":[{"@type":"SearchAction","target":{"@type":"EntryPoint","urlTemplate":"https:\/\/esi.uclm.es\/?s={search_term_string}"},"query-input":{"@type":"PropertyValueSpecification","valueRequired":true,"valueName":"search_term_string"}}],"inLanguage":"es"},{"@type":"Organization","@id":"https:\/\/esi.uclm.es\/#organization","name":"Escuela Superior de Inform\u00e1tica de UCLM","url":"https:\/\/esi.uclm.es\/","logo":{"@type":"ImageObject","inLanguage":"es","@id":"https:\/\/esi.uclm.es\/#\/schema\/logo\/image\/","url":"https:\/\/esi.uclm.es\/assets\/uploads\/2022\/03\/LogoESI_cabecera-1.png","contentUrl":"https:\/\/esi.uclm.es\/assets\/uploads\/2022\/03\/LogoESI_cabecera-1.png","width":460,"height":184,"caption":"Escuela Superior de Inform\u00e1tica de UCLM"},"image":{"@id":"https:\/\/esi.uclm.es\/#\/schema\/logo\/image\/"},"sameAs":["https:\/\/www.facebook.com\/Escuela-Superior-de-Informtica-543261809027158","https:\/\/x.com\/esiuclm","https:\/\/www.instagram.com\/esiuclm\/","https:\/\/www.youtube.com\/user\/esiuclm","https:\/\/www.twitch.tv\/esiuclm","https:\/\/www.linkedin.com\/company\/12656631\/admin\/"]}]}},"_links":{"self":[{"href":"https:\/\/esi.uclm.es\/index.php\/wp-json\/wp\/v2\/pages\/4224","targetHints":{"allow":["GET"]}}],"collection":[{"href":"https:\/\/esi.uclm.es\/index.php\/wp-json\/wp\/v2\/pages"}],"about":[{"href":"https:\/\/esi.uclm.es\/index.php\/wp-json\/wp\/v2\/types\/page"}],"author":[{"embeddable":true,"href":"https:\/\/esi.uclm.es\/index.php\/wp-json\/wp\/v2\/users\/1"}],"replies":[{"embeddable":true,"href":"https:\/\/esi.uclm.es\/index.php\/wp-json\/wp\/v2\/comments?post=4224"}],"version-history":[{"count":12,"href":"https:\/\/esi.uclm.es\/index.php\/wp-json\/wp\/v2\/pages\/4224\/revisions"}],"predecessor-version":[{"id":7461,"href":"https:\/\/esi.uclm.es\/index.php\/wp-json\/wp\/v2\/pages\/4224\/revisions\/7461"}],"up":[{"embeddable":true,"href":"https:\/\/esi.uclm.es\/index.php\/wp-json\/wp\/v2\/pages\/6378"}],"wp:attachment":[{"href":"https:\/\/esi.uclm.es\/index.php\/wp-json\/wp\/v2\/media?parent=4224"}],"curies":[{"name":"wp","href":"https:\/\/api.w.org\/{rel}","templated":true}]}}