{"id":4222,"date":"2022-01-27T18:49:08","date_gmt":"2022-01-27T18:49:08","guid":{"rendered":"http:\/\/esiaz24.uclm.es\/?page_id=4222"},"modified":"2022-02-23T18:32:11","modified_gmt":"2022-02-23T18:32:11","slug":"junior-empresas","status":"publish","type":"page","link":"https:\/\/esi.uclm.es\/index.php\/transferencia\/junior-empresas\/","title":{"rendered":"Junior Empresas"},"content":{"rendered":"\n<h2 class=\"wp-block-heading\" id=\"la-junior-empresa-de-la-esi\">La Junior Empresa de la ESI<\/h2>\n\n\n\n<hr class=\"wp-block-separator has-text-color has-background has-vivid-cyan-blue-background-color has-vivid-cyan-blue-color is-style-default\"\/>\n\n\n\n<div class=\"wp-block-image\"><figure class=\"aligncenter size-large is-resized\"><img loading=\"lazy\" decoding=\"async\" src=\"https:\/\/esi.uclm.es\/assets\/uploads\/2022\/01\/original_214_entidad_img_logo-1024x680.jpg\" alt=\"\" class=\"wp-image-4965\" width=\"438\" height=\"291\" srcset=\"https:\/\/esi.uclm.es\/assets\/uploads\/2022\/01\/original_214_entidad_img_logo-1024x680.jpg 1024w, https:\/\/esi.uclm.es\/assets\/uploads\/2022\/01\/original_214_entidad_img_logo-300x199.jpg 300w, https:\/\/esi.uclm.es\/assets\/uploads\/2022\/01\/original_214_entidad_img_logo-768x510.jpg 768w, https:\/\/esi.uclm.es\/assets\/uploads\/2022\/01\/original_214_entidad_img_logo-391x260.jpg 391w, https:\/\/esi.uclm.es\/assets\/uploads\/2022\/01\/original_214_entidad_img_logo-1536x1020.jpg 1536w, https:\/\/esi.uclm.es\/assets\/uploads\/2022\/01\/original_214_entidad_img_logo-1300x863.jpg 1300w, https:\/\/esi.uclm.es\/assets\/uploads\/2022\/01\/original_214_entidad_img_logo-128x86.jpg 128w, https:\/\/esi.uclm.es\/assets\/uploads\/2022\/01\/original_214_entidad_img_logo-600x398.jpg 600w\" sizes=\"auto, (max-width: 438px) 100vw, 438px\" \/><\/figure><\/div>\n\n\n\n<p><strong>CireBits<\/strong>&nbsp;es la Junior Empresa de la Escuela Superior de Inform\u00e1tica de Ciudad Real. Es una Asociaci\u00f3n Juvenil de Estudiantes sin \u00e1nimo de lucro, que naci\u00f3 en Noviembre de 2012 con tres socios fundadores.&nbsp;En poco tiempo&nbsp;<strong>CireBits<\/strong>&nbsp;ha ido captando socios hasta los 12 miembros que la integran actualmente. En las \u00faltimas semanas se est\u00e1n finalizando los tr\u00e1mites de constituci\u00f3n oficial en la Universidad de Castilla-La Mancha.&nbsp;<\/p>\n\n\n\n<p>Con estos pasos,&nbsp;<strong>CireBits<\/strong>&nbsp;pretende ser un paso intermedio entre el mundo empresarial y la universidad, una forma de conseguir experiencia laboral y conocimientos aplicados en proyectos de Ingenier\u00eda Inform\u00e1tica reales.<\/p>\n\n\n\n<p>Si quieres m\u00e1s informaci\u00f3n sobre sus proyectos activos, contratar un proyecto o quieres formar parte de CireBits, visita su web oficial en&nbsp;<a href=\"http:\/\/www.cirebits.es\/\" target=\"_blank\" rel=\"noreferrer noopener\">www.cirebits.es<\/a>&nbsp;o f\u00edsicamente su oficina:<\/p>\n\n\n\n<p>Escuela Superior de Inform\u00e1tica<br>Edificio Ferm\u00edn Caballero 1.05.1<br>Calle Paseo de la Universidad, N\u00ba4&nbsp;<br>13071 Ciudad Real&nbsp;<br>Email:&nbsp;<a href=\"mailto:info@cirebits.es\">info@cirebits.es<\/a><\/p>\n","protected":false},"excerpt":{"rendered":"<p>La Junior Empresa de la ESI CireBits&nbsp;es la Junior Empresa de la Escuela Superior de Inform\u00e1tica de Ciudad Real. Es una Asociaci\u00f3n Juvenil de Estudiantes sin \u00e1nimo de lucro, que naci\u00f3 en Noviembre de 2012 con tres socios fundadores.&nbsp;En poco tiempo&nbsp;CireBits&nbsp;ha ido captando socios hasta [&hellip;]<\/p>\n","protected":false},"author":1,"featured_media":0,"parent":6380,"menu_order":0,"comment_status":"closed","ping_status":"closed","template":"","meta":{"footnotes":""},"class_list":["post-4222","page","type-page","status-publish","hentry"],"yoast_head":"<!-- This site is optimized with the Yoast SEO plugin v27.4 - https:\/\/yoast.com\/product\/yoast-seo-wordpress\/ -->\n<title>Junior Empresas - Escuela Superior de Inform\u00e1tica de UCLM<\/title>\n<meta name=\"robots\" content=\"index, follow, max-snippet:-1, max-image-preview:large, max-video-preview:-1\" \/>\n<link rel=\"canonical\" href=\"https:\/\/esi.uclm.es\/index.php\/transferencia\/junior-empresas\/\" \/>\n<meta property=\"og:locale\" content=\"es_ES\" \/>\n<meta property=\"og:type\" content=\"article\" \/>\n<meta property=\"og:title\" content=\"Junior Empresas - Escuela Superior de Inform\u00e1tica de UCLM\" \/>\n<meta property=\"og:description\" content=\"La Junior Empresa de la ESI CireBits&nbsp;es la Junior Empresa de la Escuela Superior de Inform\u00e1tica de Ciudad Real. Es una Asociaci\u00f3n Juvenil de Estudiantes sin \u00e1nimo de lucro, que naci\u00f3 en Noviembre de 2012 con tres socios fundadores.&nbsp;En poco tiempo&nbsp;CireBits&nbsp;ha ido captando socios hasta [&hellip;]\" \/>\n<meta property=\"og:url\" content=\"https:\/\/esi.uclm.es\/index.php\/transferencia\/junior-empresas\/\" \/>\n<meta property=\"og:site_name\" content=\"Escuela Superior de Inform\u00e1tica de UCLM\" \/>\n<meta property=\"article:publisher\" content=\"https:\/\/www.facebook.com\/Escuela-Superior-de-Informtica-543261809027158\" \/>\n<meta property=\"article:modified_time\" content=\"2022-02-23T18:32:11+00:00\" \/>\n<meta property=\"og:image\" content=\"https:\/\/esi.uclm.es\/assets\/uploads\/2022\/01\/original_214_entidad_img_logo-1024x680.jpg\" \/>\n<meta name=\"twitter:card\" content=\"summary_large_image\" \/>\n<meta name=\"twitter:site\" content=\"@esiuclm\" \/>\n<meta name=\"twitter:label1\" content=\"Tiempo de lectura\" \/>\n\t<meta name=\"twitter:data1\" content=\"1 minuto\" \/>\n<script type=\"application\/ld+json\" class=\"yoast-schema-graph\">{\"@context\":\"https:\\\/\\\/schema.org\",\"@graph\":[{\"@type\":\"WebPage\",\"@id\":\"https:\\\/\\\/esi.uclm.es\\\/index.php\\\/transferencia\\\/junior-empresas\\\/\",\"url\":\"https:\\\/\\\/esi.uclm.es\\\/index.php\\\/transferencia\\\/junior-empresas\\\/\",\"name\":\"Junior Empresas - Escuela Superior de Inform\u00e1tica de UCLM\",\"isPartOf\":{\"@id\":\"https:\\\/\\\/esi.uclm.es\\\/#website\"},\"primaryImageOfPage\":{\"@id\":\"https:\\\/\\\/esi.uclm.es\\\/index.php\\\/transferencia\\\/junior-empresas\\\/#primaryimage\"},\"image\":{\"@id\":\"https:\\\/\\\/esi.uclm.es\\\/index.php\\\/transferencia\\\/junior-empresas\\\/#primaryimage\"},\"thumbnailUrl\":\"https:\\\/\\\/esi.uclm.es\\\/assets\\\/uploads\\\/2022\\\/01\\\/original_214_entidad_img_logo-1024x680.jpg\",\"datePublished\":\"2022-01-27T18:49:08+00:00\",\"dateModified\":\"2022-02-23T18:32:11+00:00\",\"breadcrumb\":{\"@id\":\"https:\\\/\\\/esi.uclm.es\\\/index.php\\\/transferencia\\\/junior-empresas\\\/#breadcrumb\"},\"inLanguage\":\"es\",\"potentialAction\":[{\"@type\":\"ReadAction\",\"target\":[\"https:\\\/\\\/esi.uclm.es\\\/index.php\\\/transferencia\\\/junior-empresas\\\/\"]}]},{\"@type\":\"ImageObject\",\"inLanguage\":\"es\",\"@id\":\"https:\\\/\\\/esi.uclm.es\\\/index.php\\\/transferencia\\\/junior-empresas\\\/#primaryimage\",\"url\":\"https:\\\/\\\/esi.uclm.es\\\/assets\\\/uploads\\\/2022\\\/01\\\/original_214_entidad_img_logo-1024x680.jpg\",\"contentUrl\":\"https:\\\/\\\/esi.uclm.es\\\/assets\\\/uploads\\\/2022\\\/01\\\/original_214_entidad_img_logo-1024x680.jpg\"},{\"@type\":\"BreadcrumbList\",\"@id\":\"https:\\\/\\\/esi.uclm.es\\\/index.php\\\/transferencia\\\/junior-empresas\\\/#breadcrumb\",\"itemListElement\":[{\"@type\":\"ListItem\",\"position\":1,\"name\":\"Portada\",\"item\":\"https:\\\/\\\/esi.uclm.es\\\/\"},{\"@type\":\"ListItem\",\"position\":2,\"name\":\"Transferencia\",\"item\":\"https:\\\/\\\/esi.uclm.es\\\/index.php\\\/transferencia\\\/\"},{\"@type\":\"ListItem\",\"position\":3,\"name\":\"Junior Empresas\"}]},{\"@type\":\"WebSite\",\"@id\":\"https:\\\/\\\/esi.uclm.es\\\/#website\",\"url\":\"https:\\\/\\\/esi.uclm.es\\\/\",\"name\":\"Escuela Superior de Inform\u00e1tica de UCLM en Ciudad Real, Castilla-La Mancha\",\"description\":\"La Escuela Superior de Inform\u00e1tica de Ciudad Real (Castilla-La Mancha), Universidad de Castilla-La Mancha es un centro universitario que imparte el ciclo completo de Ingenier\u00eda en Inform\u00e1tica: grado, m\u00e1ster y doctorado.\",\"publisher\":{\"@id\":\"https:\\\/\\\/esi.uclm.es\\\/#organization\"},\"potentialAction\":[{\"@type\":\"SearchAction\",\"target\":{\"@type\":\"EntryPoint\",\"urlTemplate\":\"https:\\\/\\\/esi.uclm.es\\\/?s={search_term_string}\"},\"query-input\":{\"@type\":\"PropertyValueSpecification\",\"valueRequired\":true,\"valueName\":\"search_term_string\"}}],\"inLanguage\":\"es\"},{\"@type\":\"Organization\",\"@id\":\"https:\\\/\\\/esi.uclm.es\\\/#organization\",\"name\":\"Escuela Superior de Inform\u00e1tica de UCLM\",\"url\":\"https:\\\/\\\/esi.uclm.es\\\/\",\"logo\":{\"@type\":\"ImageObject\",\"inLanguage\":\"es\",\"@id\":\"https:\\\/\\\/esi.uclm.es\\\/#\\\/schema\\\/logo\\\/image\\\/\",\"url\":\"https:\\\/\\\/esi.uclm.es\\\/assets\\\/uploads\\\/2022\\\/03\\\/LogoESI_cabecera-1.png\",\"contentUrl\":\"https:\\\/\\\/esi.uclm.es\\\/assets\\\/uploads\\\/2022\\\/03\\\/LogoESI_cabecera-1.png\",\"width\":460,\"height\":184,\"caption\":\"Escuela Superior de Inform\u00e1tica de UCLM\"},\"image\":{\"@id\":\"https:\\\/\\\/esi.uclm.es\\\/#\\\/schema\\\/logo\\\/image\\\/\"},\"sameAs\":[\"https:\\\/\\\/www.facebook.com\\\/Escuela-Superior-de-Informtica-543261809027158\",\"https:\\\/\\\/x.com\\\/esiuclm\",\"https:\\\/\\\/www.instagram.com\\\/esiuclm\\\/\",\"https:\\\/\\\/www.youtube.com\\\/user\\\/esiuclm\",\"https:\\\/\\\/www.twitch.tv\\\/esiuclm\",\"https:\\\/\\\/www.linkedin.com\\\/company\\\/12656631\\\/admin\\\/\"]}]}<\/script>\n<!-- \/ Yoast SEO plugin. -->","yoast_head_json":{"title":"Junior Empresas - Escuela Superior de Inform\u00e1tica de UCLM","robots":{"index":"index","follow":"follow","max-snippet":"max-snippet:-1","max-image-preview":"max-image-preview:large","max-video-preview":"max-video-preview:-1"},"canonical":"https:\/\/esi.uclm.es\/index.php\/transferencia\/junior-empresas\/","og_locale":"es_ES","og_type":"article","og_title":"Junior Empresas - Escuela Superior de Inform\u00e1tica de UCLM","og_description":"La Junior Empresa de la ESI CireBits&nbsp;es la Junior Empresa de la Escuela Superior de Inform\u00e1tica de Ciudad Real. Es una Asociaci\u00f3n Juvenil de Estudiantes sin \u00e1nimo de lucro, que naci\u00f3 en Noviembre de 2012 con tres socios fundadores.&nbsp;En poco tiempo&nbsp;CireBits&nbsp;ha ido captando socios hasta [&hellip;]","og_url":"https:\/\/esi.uclm.es\/index.php\/transferencia\/junior-empresas\/","og_site_name":"Escuela Superior de Inform\u00e1tica de UCLM","article_publisher":"https:\/\/www.facebook.com\/Escuela-Superior-de-Informtica-543261809027158","article_modified_time":"2022-02-23T18:32:11+00:00","og_image":[{"url":"https:\/\/esi.uclm.es\/assets\/uploads\/2022\/01\/original_214_entidad_img_logo-1024x680.jpg","type":"","width":"","height":""}],"twitter_card":"summary_large_image","twitter_site":"@esiuclm","twitter_misc":{"Tiempo de lectura":"1 minuto"},"schema":{"@context":"https:\/\/schema.org","@graph":[{"@type":"WebPage","@id":"https:\/\/esi.uclm.es\/index.php\/transferencia\/junior-empresas\/","url":"https:\/\/esi.uclm.es\/index.php\/transferencia\/junior-empresas\/","name":"Junior Empresas - Escuela Superior de Inform\u00e1tica de UCLM","isPartOf":{"@id":"https:\/\/esi.uclm.es\/#website"},"primaryImageOfPage":{"@id":"https:\/\/esi.uclm.es\/index.php\/transferencia\/junior-empresas\/#primaryimage"},"image":{"@id":"https:\/\/esi.uclm.es\/index.php\/transferencia\/junior-empresas\/#primaryimage"},"thumbnailUrl":"https:\/\/esi.uclm.es\/assets\/uploads\/2022\/01\/original_214_entidad_img_logo-1024x680.jpg","datePublished":"2022-01-27T18:49:08+00:00","dateModified":"2022-02-23T18:32:11+00:00","breadcrumb":{"@id":"https:\/\/esi.uclm.es\/index.php\/transferencia\/junior-empresas\/#breadcrumb"},"inLanguage":"es","potentialAction":[{"@type":"ReadAction","target":["https:\/\/esi.uclm.es\/index.php\/transferencia\/junior-empresas\/"]}]},{"@type":"ImageObject","inLanguage":"es","@id":"https:\/\/esi.uclm.es\/index.php\/transferencia\/junior-empresas\/#primaryimage","url":"https:\/\/esi.uclm.es\/assets\/uploads\/2022\/01\/original_214_entidad_img_logo-1024x680.jpg","contentUrl":"https:\/\/esi.uclm.es\/assets\/uploads\/2022\/01\/original_214_entidad_img_logo-1024x680.jpg"},{"@type":"BreadcrumbList","@id":"https:\/\/esi.uclm.es\/index.php\/transferencia\/junior-empresas\/#breadcrumb","itemListElement":[{"@type":"ListItem","position":1,"name":"Portada","item":"https:\/\/esi.uclm.es\/"},{"@type":"ListItem","position":2,"name":"Transferencia","item":"https:\/\/esi.uclm.es\/index.php\/transferencia\/"},{"@type":"ListItem","position":3,"name":"Junior Empresas"}]},{"@type":"WebSite","@id":"https:\/\/esi.uclm.es\/#website","url":"https:\/\/esi.uclm.es\/","name":"Escuela Superior de Inform\u00e1tica de UCLM en Ciudad Real, Castilla-La Mancha","description":"La Escuela Superior de Inform\u00e1tica de Ciudad Real (Castilla-La Mancha), Universidad de Castilla-La Mancha es un centro universitario que imparte el ciclo completo de Ingenier\u00eda en Inform\u00e1tica: grado, m\u00e1ster y doctorado.","publisher":{"@id":"https:\/\/esi.uclm.es\/#organization"},"potentialAction":[{"@type":"SearchAction","target":{"@type":"EntryPoint","urlTemplate":"https:\/\/esi.uclm.es\/?s={search_term_string}"},"query-input":{"@type":"PropertyValueSpecification","valueRequired":true,"valueName":"search_term_string"}}],"inLanguage":"es"},{"@type":"Organization","@id":"https:\/\/esi.uclm.es\/#organization","name":"Escuela Superior de Inform\u00e1tica de UCLM","url":"https:\/\/esi.uclm.es\/","logo":{"@type":"ImageObject","inLanguage":"es","@id":"https:\/\/esi.uclm.es\/#\/schema\/logo\/image\/","url":"https:\/\/esi.uclm.es\/assets\/uploads\/2022\/03\/LogoESI_cabecera-1.png","contentUrl":"https:\/\/esi.uclm.es\/assets\/uploads\/2022\/03\/LogoESI_cabecera-1.png","width":460,"height":184,"caption":"Escuela Superior de Inform\u00e1tica de UCLM"},"image":{"@id":"https:\/\/esi.uclm.es\/#\/schema\/logo\/image\/"},"sameAs":["https:\/\/www.facebook.com\/Escuela-Superior-de-Informtica-543261809027158","https:\/\/x.com\/esiuclm","https:\/\/www.instagram.com\/esiuclm\/","https:\/\/www.youtube.com\/user\/esiuclm","https:\/\/www.twitch.tv\/esiuclm","https:\/\/www.linkedin.com\/company\/12656631\/admin\/"]}]}},"_links":{"self":[{"href":"https:\/\/esi.uclm.es\/index.php\/wp-json\/wp\/v2\/pages\/4222","targetHints":{"allow":["GET"]}}],"collection":[{"href":"https:\/\/esi.uclm.es\/index.php\/wp-json\/wp\/v2\/pages"}],"about":[{"href":"https:\/\/esi.uclm.es\/index.php\/wp-json\/wp\/v2\/types\/page"}],"author":[{"embeddable":true,"href":"https:\/\/esi.uclm.es\/index.php\/wp-json\/wp\/v2\/users\/1"}],"replies":[{"embeddable":true,"href":"https:\/\/esi.uclm.es\/index.php\/wp-json\/wp\/v2\/comments?post=4222"}],"version-history":[{"count":4,"href":"https:\/\/esi.uclm.es\/index.php\/wp-json\/wp\/v2\/pages\/4222\/revisions"}],"predecessor-version":[{"id":7329,"href":"https:\/\/esi.uclm.es\/index.php\/wp-json\/wp\/v2\/pages\/4222\/revisions\/7329"}],"up":[{"embeddable":true,"href":"https:\/\/esi.uclm.es\/index.php\/wp-json\/wp\/v2\/pages\/6380"}],"wp:attachment":[{"href":"https:\/\/esi.uclm.es\/index.php\/wp-json\/wp\/v2\/media?parent=4222"}],"curies":[{"name":"wp","href":"https:\/\/api.w.org\/{rel}","templated":true}]}}