{"id":4202,"date":"2022-01-27T18:44:36","date_gmt":"2022-01-27T18:44:36","guid":{"rendered":"http:\/\/esiaz24.uclm.es\/?page_id=4202"},"modified":"2025-12-02T11:43:26","modified_gmt":"2025-12-02T11:43:26","slug":"movilidad-nacional","status":"publish","type":"page","link":"https:\/\/esi.uclm.es\/index.php\/internacionalizacion\/movilidad-nacional\/","title":{"rendered":"Movilidad Nacional"},"content":{"rendered":"\n<p><\/p>\n\n\n\n<figure class=\"wp-block-image size-large\"><img loading=\"lazy\" decoding=\"async\" width=\"1024\" height=\"256\" src=\"https:\/\/esi.uclm.es\/assets\/uploads\/2022\/05\/maleta-1024x256.jpeg\" alt=\"Hombre andando con maleta roja\" class=\"wp-image-10555\" srcset=\"https:\/\/esi.uclm.es\/assets\/uploads\/2022\/05\/maleta-1024x256.jpeg 1024w, https:\/\/esi.uclm.es\/assets\/uploads\/2022\/05\/maleta-300x75.jpeg 300w, https:\/\/esi.uclm.es\/assets\/uploads\/2022\/05\/maleta-768x192.jpeg 768w, https:\/\/esi.uclm.es\/assets\/uploads\/2022\/05\/maleta-600x150.jpeg 600w, https:\/\/esi.uclm.es\/assets\/uploads\/2022\/05\/maleta.jpeg 1200w\" sizes=\"auto, (max-width: 1024px) 100vw, 1024px\" \/><\/figure>\n\n\n\n<h2 class=\"wp-block-heading\" id=\"programa-de-movilidad-dentro-de-espana\">Programa de movilidad dentro de Espa\u00f1a<\/h2>\n\n\n\n<hr class=\"wp-block-separator has-text-color has-vivid-cyan-blue-color has-css-opacity has-vivid-cyan-blue-background-color has-background\"\/>\n\n\n\n<p><br>Plazos: La convocatoria se publica en los meses de Febrero o Marzo. <\/p>\n\n\n\n<p>La informaci\u00f3n completa referente a plazos, requisitos y solicitudes, puede ser <a href=\"https:\/\/www.uclm.es\/es\/Misiones\/LaUCLM\/ConsejoDeDireccion\/VERS\/Movilidad-de-estudiantes\">consultada en este enlace de la UCLM, correspondiente al programa de Movilidad Nacional SICUE<\/a>.<\/p>\n\n\n<div class=\"wp-block-image\">\n<figure class=\"aligncenter size-full\"><img loading=\"lazy\" decoding=\"async\" width=\"477\" height=\"295\" src=\"https:\/\/esi.uclm.es\/assets\/uploads\/2022\/01\/original_sicue_uclm_esi.jpg\" alt=\"\" class=\"wp-image-4955\" srcset=\"https:\/\/esi.uclm.es\/assets\/uploads\/2022\/01\/original_sicue_uclm_esi.jpg 477w, https:\/\/esi.uclm.es\/assets\/uploads\/2022\/01\/original_sicue_uclm_esi-300x186.jpg 300w\" sizes=\"auto, (max-width: 477px) 100vw, 477px\" \/><\/figure>\n<\/div>\n\n\n<p>Los acuerdos de movilidad nacional en el marco del programa SICUE que actualmente tiene firmado la UCLM para el \u00e1mbito de la Ingenier\u00eda Inform\u00e1tica son los establecidos con las siguientes universidades espa\u00f1olas:<\/p>\n\n\n\n<ul class=\"wp-block-list\">\n<li>Universidad de Alicante<\/li>\n\n\n\n<li>Universidad de Burgos<\/li>\n\n\n\n<li>Universidad de Cantabria<\/li>\n\n\n\n<li>Universidad de Granada (Granada)<\/li>\n\n\n\n<li>Universidad de Ja\u00e9n<\/li>\n\n\n\n<li>Universidad de La Coru\u00f1a<\/li>\n\n\n\n<li>Universidad de Le\u00f3n<\/li>\n\n\n\n<li>Universidad de M\u00e1laga<\/li>\n\n\n\n<li>Universidad de Murcia (Campus de Espinardo)<\/li>\n\n\n\n<li>Universidad de Rovira i Virgili<\/li>\n\n\n\n<li>Universidad de Sevilla<\/li>\n\n\n\n<li>Universidad del Pa\u00eds Vasco (Guipuzkoa)<\/li>\n\n\n\n<li>Universidad Polit\u00e9cnica de Madrid<\/li>\n\n\n\n<li>Universidad Polit\u00e9cnica de Valencia<\/li>\n\n\n\n<li>Universidad Rey Juan Carlos (Campus de M\u00f3stoles)<\/li>\n\n\n\n<li>Universidad de Salamanca<\/li>\n<\/ul>\n\n\n\n<p>Si el estudiante desea conocer m\u00e1s informaci\u00f3n sobre este programa, ponerse en contacto con el coordinador de movilidad: Jes\u00fas Serrano (<strong>jesus.serrano@uclm.es<\/strong>)<\/p>\n","protected":false},"excerpt":{"rendered":"<p>Programa de movilidad dentro de Espa\u00f1a Plazos: La convocatoria se publica en los meses de Febrero o Marzo. La informaci\u00f3n completa referente a plazos, requisitos y solicitudes, puede ser consultada en este enlace de la UCLM, correspondiente al programa de Movilidad Nacional SICUE. Los acuerdos [&hellip;]<\/p>\n","protected":false},"author":1,"featured_media":0,"parent":5671,"menu_order":0,"comment_status":"closed","ping_status":"closed","template":"","meta":{"footnotes":""},"class_list":["post-4202","page","type-page","status-publish","hentry"],"yoast_head":"<!-- This site is optimized with the Yoast SEO plugin v27.4 - https:\/\/yoast.com\/product\/yoast-seo-wordpress\/ -->\n<title>Movilidad Nacional - Escuela Superior de Inform\u00e1tica de UCLM<\/title>\n<meta name=\"robots\" content=\"index, follow, max-snippet:-1, max-image-preview:large, max-video-preview:-1\" \/>\n<link rel=\"canonical\" href=\"https:\/\/esi.uclm.es\/index.php\/internacionalizacion\/movilidad-nacional\/\" \/>\n<meta property=\"og:locale\" content=\"es_ES\" \/>\n<meta property=\"og:type\" content=\"article\" \/>\n<meta property=\"og:title\" content=\"Movilidad Nacional - Escuela Superior de Inform\u00e1tica de UCLM\" \/>\n<meta property=\"og:description\" content=\"Programa de movilidad dentro de Espa\u00f1a Plazos: La convocatoria se publica en los meses de Febrero o Marzo. La informaci\u00f3n completa referente a plazos, requisitos y solicitudes, puede ser consultada en este enlace de la UCLM, correspondiente al programa de Movilidad Nacional SICUE. Los acuerdos [&hellip;]\" \/>\n<meta property=\"og:url\" content=\"https:\/\/esi.uclm.es\/index.php\/internacionalizacion\/movilidad-nacional\/\" \/>\n<meta property=\"og:site_name\" content=\"Escuela Superior de Inform\u00e1tica de UCLM\" \/>\n<meta property=\"article:publisher\" content=\"https:\/\/www.facebook.com\/Escuela-Superior-de-Informtica-543261809027158\" \/>\n<meta property=\"article:modified_time\" content=\"2025-12-02T11:43:26+00:00\" \/>\n<meta property=\"og:image\" content=\"https:\/\/esi.uclm.es\/assets\/uploads\/2022\/05\/maleta.jpeg\" \/>\n\t<meta property=\"og:image:width\" content=\"1200\" \/>\n\t<meta property=\"og:image:height\" content=\"300\" \/>\n\t<meta property=\"og:image:type\" content=\"image\/jpeg\" \/>\n<meta name=\"twitter:card\" content=\"summary_large_image\" \/>\n<meta name=\"twitter:site\" content=\"@esiuclm\" \/>\n<meta name=\"twitter:label1\" content=\"Tiempo de lectura\" \/>\n\t<meta name=\"twitter:data1\" content=\"2 minutos\" \/>\n<script type=\"application\/ld+json\" class=\"yoast-schema-graph\">{\"@context\":\"https:\\\/\\\/schema.org\",\"@graph\":[{\"@type\":\"WebPage\",\"@id\":\"https:\\\/\\\/esi.uclm.es\\\/index.php\\\/internacionalizacion\\\/movilidad-nacional\\\/\",\"url\":\"https:\\\/\\\/esi.uclm.es\\\/index.php\\\/internacionalizacion\\\/movilidad-nacional\\\/\",\"name\":\"Movilidad Nacional - Escuela Superior de Inform\u00e1tica de UCLM\",\"isPartOf\":{\"@id\":\"https:\\\/\\\/esi.uclm.es\\\/#website\"},\"primaryImageOfPage\":{\"@id\":\"https:\\\/\\\/esi.uclm.es\\\/index.php\\\/internacionalizacion\\\/movilidad-nacional\\\/#primaryimage\"},\"image\":{\"@id\":\"https:\\\/\\\/esi.uclm.es\\\/index.php\\\/internacionalizacion\\\/movilidad-nacional\\\/#primaryimage\"},\"thumbnailUrl\":\"https:\\\/\\\/esi.uclm.es\\\/assets\\\/uploads\\\/2022\\\/05\\\/maleta-1024x256.jpeg\",\"datePublished\":\"2022-01-27T18:44:36+00:00\",\"dateModified\":\"2025-12-02T11:43:26+00:00\",\"breadcrumb\":{\"@id\":\"https:\\\/\\\/esi.uclm.es\\\/index.php\\\/internacionalizacion\\\/movilidad-nacional\\\/#breadcrumb\"},\"inLanguage\":\"es\",\"potentialAction\":[{\"@type\":\"ReadAction\",\"target\":[\"https:\\\/\\\/esi.uclm.es\\\/index.php\\\/internacionalizacion\\\/movilidad-nacional\\\/\"]}]},{\"@type\":\"ImageObject\",\"inLanguage\":\"es\",\"@id\":\"https:\\\/\\\/esi.uclm.es\\\/index.php\\\/internacionalizacion\\\/movilidad-nacional\\\/#primaryimage\",\"url\":\"https:\\\/\\\/esi.uclm.es\\\/assets\\\/uploads\\\/2022\\\/05\\\/maleta-1024x256.jpeg\",\"contentUrl\":\"https:\\\/\\\/esi.uclm.es\\\/assets\\\/uploads\\\/2022\\\/05\\\/maleta-1024x256.jpeg\"},{\"@type\":\"BreadcrumbList\",\"@id\":\"https:\\\/\\\/esi.uclm.es\\\/index.php\\\/internacionalizacion\\\/movilidad-nacional\\\/#breadcrumb\",\"itemListElement\":[{\"@type\":\"ListItem\",\"position\":1,\"name\":\"Portada\",\"item\":\"https:\\\/\\\/esi.uclm.es\\\/\"},{\"@type\":\"ListItem\",\"position\":2,\"name\":\"Internacionalizaci\u00f3n\",\"item\":\"https:\\\/\\\/esi.uclm.es\\\/index.php\\\/internacionalizacion\\\/\"},{\"@type\":\"ListItem\",\"position\":3,\"name\":\"Movilidad Nacional\"}]},{\"@type\":\"WebSite\",\"@id\":\"https:\\\/\\\/esi.uclm.es\\\/#website\",\"url\":\"https:\\\/\\\/esi.uclm.es\\\/\",\"name\":\"Escuela Superior de Inform\u00e1tica de UCLM en Ciudad Real, Castilla-La Mancha\",\"description\":\"La Escuela Superior de Inform\u00e1tica de Ciudad Real (Castilla-La Mancha), Universidad de Castilla-La Mancha es un centro universitario que imparte el ciclo completo de Ingenier\u00eda en Inform\u00e1tica: grado, m\u00e1ster y doctorado.\",\"publisher\":{\"@id\":\"https:\\\/\\\/esi.uclm.es\\\/#organization\"},\"potentialAction\":[{\"@type\":\"SearchAction\",\"target\":{\"@type\":\"EntryPoint\",\"urlTemplate\":\"https:\\\/\\\/esi.uclm.es\\\/?s={search_term_string}\"},\"query-input\":{\"@type\":\"PropertyValueSpecification\",\"valueRequired\":true,\"valueName\":\"search_term_string\"}}],\"inLanguage\":\"es\"},{\"@type\":\"Organization\",\"@id\":\"https:\\\/\\\/esi.uclm.es\\\/#organization\",\"name\":\"Escuela Superior de Inform\u00e1tica de UCLM\",\"url\":\"https:\\\/\\\/esi.uclm.es\\\/\",\"logo\":{\"@type\":\"ImageObject\",\"inLanguage\":\"es\",\"@id\":\"https:\\\/\\\/esi.uclm.es\\\/#\\\/schema\\\/logo\\\/image\\\/\",\"url\":\"https:\\\/\\\/esi.uclm.es\\\/assets\\\/uploads\\\/2022\\\/03\\\/LogoESI_cabecera-1.png\",\"contentUrl\":\"https:\\\/\\\/esi.uclm.es\\\/assets\\\/uploads\\\/2022\\\/03\\\/LogoESI_cabecera-1.png\",\"width\":460,\"height\":184,\"caption\":\"Escuela Superior de Inform\u00e1tica de UCLM\"},\"image\":{\"@id\":\"https:\\\/\\\/esi.uclm.es\\\/#\\\/schema\\\/logo\\\/image\\\/\"},\"sameAs\":[\"https:\\\/\\\/www.facebook.com\\\/Escuela-Superior-de-Informtica-543261809027158\",\"https:\\\/\\\/x.com\\\/esiuclm\",\"https:\\\/\\\/www.instagram.com\\\/esiuclm\\\/\",\"https:\\\/\\\/www.youtube.com\\\/user\\\/esiuclm\",\"https:\\\/\\\/www.twitch.tv\\\/esiuclm\",\"https:\\\/\\\/www.linkedin.com\\\/company\\\/12656631\\\/admin\\\/\"]}]}<\/script>\n<!-- \/ Yoast SEO plugin. -->","yoast_head_json":{"title":"Movilidad Nacional - Escuela Superior de Inform\u00e1tica de UCLM","robots":{"index":"index","follow":"follow","max-snippet":"max-snippet:-1","max-image-preview":"max-image-preview:large","max-video-preview":"max-video-preview:-1"},"canonical":"https:\/\/esi.uclm.es\/index.php\/internacionalizacion\/movilidad-nacional\/","og_locale":"es_ES","og_type":"article","og_title":"Movilidad Nacional - Escuela Superior de Inform\u00e1tica de UCLM","og_description":"Programa de movilidad dentro de Espa\u00f1a Plazos: La convocatoria se publica en los meses de Febrero o Marzo. La informaci\u00f3n completa referente a plazos, requisitos y solicitudes, puede ser consultada en este enlace de la UCLM, correspondiente al programa de Movilidad Nacional SICUE. Los acuerdos [&hellip;]","og_url":"https:\/\/esi.uclm.es\/index.php\/internacionalizacion\/movilidad-nacional\/","og_site_name":"Escuela Superior de Inform\u00e1tica de UCLM","article_publisher":"https:\/\/www.facebook.com\/Escuela-Superior-de-Informtica-543261809027158","article_modified_time":"2025-12-02T11:43:26+00:00","og_image":[{"width":1200,"height":300,"url":"https:\/\/esi.uclm.es\/assets\/uploads\/2022\/05\/maleta.jpeg","type":"image\/jpeg"}],"twitter_card":"summary_large_image","twitter_site":"@esiuclm","twitter_misc":{"Tiempo de lectura":"2 minutos"},"schema":{"@context":"https:\/\/schema.org","@graph":[{"@type":"WebPage","@id":"https:\/\/esi.uclm.es\/index.php\/internacionalizacion\/movilidad-nacional\/","url":"https:\/\/esi.uclm.es\/index.php\/internacionalizacion\/movilidad-nacional\/","name":"Movilidad Nacional - Escuela Superior de Inform\u00e1tica de UCLM","isPartOf":{"@id":"https:\/\/esi.uclm.es\/#website"},"primaryImageOfPage":{"@id":"https:\/\/esi.uclm.es\/index.php\/internacionalizacion\/movilidad-nacional\/#primaryimage"},"image":{"@id":"https:\/\/esi.uclm.es\/index.php\/internacionalizacion\/movilidad-nacional\/#primaryimage"},"thumbnailUrl":"https:\/\/esi.uclm.es\/assets\/uploads\/2022\/05\/maleta-1024x256.jpeg","datePublished":"2022-01-27T18:44:36+00:00","dateModified":"2025-12-02T11:43:26+00:00","breadcrumb":{"@id":"https:\/\/esi.uclm.es\/index.php\/internacionalizacion\/movilidad-nacional\/#breadcrumb"},"inLanguage":"es","potentialAction":[{"@type":"ReadAction","target":["https:\/\/esi.uclm.es\/index.php\/internacionalizacion\/movilidad-nacional\/"]}]},{"@type":"ImageObject","inLanguage":"es","@id":"https:\/\/esi.uclm.es\/index.php\/internacionalizacion\/movilidad-nacional\/#primaryimage","url":"https:\/\/esi.uclm.es\/assets\/uploads\/2022\/05\/maleta-1024x256.jpeg","contentUrl":"https:\/\/esi.uclm.es\/assets\/uploads\/2022\/05\/maleta-1024x256.jpeg"},{"@type":"BreadcrumbList","@id":"https:\/\/esi.uclm.es\/index.php\/internacionalizacion\/movilidad-nacional\/#breadcrumb","itemListElement":[{"@type":"ListItem","position":1,"name":"Portada","item":"https:\/\/esi.uclm.es\/"},{"@type":"ListItem","position":2,"name":"Internacionalizaci\u00f3n","item":"https:\/\/esi.uclm.es\/index.php\/internacionalizacion\/"},{"@type":"ListItem","position":3,"name":"Movilidad Nacional"}]},{"@type":"WebSite","@id":"https:\/\/esi.uclm.es\/#website","url":"https:\/\/esi.uclm.es\/","name":"Escuela Superior de Inform\u00e1tica de UCLM en Ciudad Real, Castilla-La Mancha","description":"La Escuela Superior de Inform\u00e1tica de Ciudad Real (Castilla-La Mancha), Universidad de Castilla-La Mancha es un centro universitario que imparte el ciclo completo de Ingenier\u00eda en Inform\u00e1tica: grado, m\u00e1ster y doctorado.","publisher":{"@id":"https:\/\/esi.uclm.es\/#organization"},"potentialAction":[{"@type":"SearchAction","target":{"@type":"EntryPoint","urlTemplate":"https:\/\/esi.uclm.es\/?s={search_term_string}"},"query-input":{"@type":"PropertyValueSpecification","valueRequired":true,"valueName":"search_term_string"}}],"inLanguage":"es"},{"@type":"Organization","@id":"https:\/\/esi.uclm.es\/#organization","name":"Escuela Superior de Inform\u00e1tica de UCLM","url":"https:\/\/esi.uclm.es\/","logo":{"@type":"ImageObject","inLanguage":"es","@id":"https:\/\/esi.uclm.es\/#\/schema\/logo\/image\/","url":"https:\/\/esi.uclm.es\/assets\/uploads\/2022\/03\/LogoESI_cabecera-1.png","contentUrl":"https:\/\/esi.uclm.es\/assets\/uploads\/2022\/03\/LogoESI_cabecera-1.png","width":460,"height":184,"caption":"Escuela Superior de Inform\u00e1tica de UCLM"},"image":{"@id":"https:\/\/esi.uclm.es\/#\/schema\/logo\/image\/"},"sameAs":["https:\/\/www.facebook.com\/Escuela-Superior-de-Informtica-543261809027158","https:\/\/x.com\/esiuclm","https:\/\/www.instagram.com\/esiuclm\/","https:\/\/www.youtube.com\/user\/esiuclm","https:\/\/www.twitch.tv\/esiuclm","https:\/\/www.linkedin.com\/company\/12656631\/admin\/"]}]}},"_links":{"self":[{"href":"https:\/\/esi.uclm.es\/index.php\/wp-json\/wp\/v2\/pages\/4202","targetHints":{"allow":["GET"]}}],"collection":[{"href":"https:\/\/esi.uclm.es\/index.php\/wp-json\/wp\/v2\/pages"}],"about":[{"href":"https:\/\/esi.uclm.es\/index.php\/wp-json\/wp\/v2\/types\/page"}],"author":[{"embeddable":true,"href":"https:\/\/esi.uclm.es\/index.php\/wp-json\/wp\/v2\/users\/1"}],"replies":[{"embeddable":true,"href":"https:\/\/esi.uclm.es\/index.php\/wp-json\/wp\/v2\/comments?post=4202"}],"version-history":[{"count":13,"href":"https:\/\/esi.uclm.es\/index.php\/wp-json\/wp\/v2\/pages\/4202\/revisions"}],"predecessor-version":[{"id":22210,"href":"https:\/\/esi.uclm.es\/index.php\/wp-json\/wp\/v2\/pages\/4202\/revisions\/22210"}],"up":[{"embeddable":true,"href":"https:\/\/esi.uclm.es\/index.php\/wp-json\/wp\/v2\/pages\/5671"}],"wp:attachment":[{"href":"https:\/\/esi.uclm.es\/index.php\/wp-json\/wp\/v2\/media?parent=4202"}],"curies":[{"name":"wp","href":"https:\/\/api.w.org\/{rel}","templated":true}]}}