{"id":4194,"date":"2022-01-27T18:37:55","date_gmt":"2022-01-27T18:37:55","guid":{"rendered":"http:\/\/esiaz24.uclm.es\/?page_id=4194"},"modified":"2022-03-21T09:26:27","modified_gmt":"2022-03-21T09:26:27","slug":"certificaciones-profesionales","status":"publish","type":"page","link":"https:\/\/esi.uclm.es\/index.php\/formacion-permanente\/certificaciones-profesionales\/","title":{"rendered":"Certificaciones Profesionales"},"content":{"rendered":"\n<h2 class=\"wp-block-heading\">Certificaciones para estudiantes del M\u00e1ster U. en Ingenier\u00eda Inform\u00e1tica<\/h2>\n\n\n\n<hr class=\"wp-block-separator has-text-color has-background has-vivid-cyan-blue-background-color has-vivid-cyan-blue-color\"\/>\n\n\n\n<p>Con el objetivo de que nos estudiantes de M\u00e1ster tengan una formaci\u00f3n complementaria en tecnolog\u00edas emergentes que le permitan estar mejor preparados para su inserci\u00f3n laboral desde la ESI promovemos la realizaci\u00f3n de certificaciones profesionales.<\/p>\n\n\n\n<p>En el curso 2021\/2022 se ha ofertado a los alumnos del m\u00e1ster dos certificaciones profesionales, la de <a href=\"CERTIFICACION_SCRUM.pdf\"><strong>Scrum M\u00e1ster<\/strong><\/a> y la de <a href=\"CARTEL%20ITIL%202022.pdf\"><strong>ITIL 4<\/strong><\/a>.<\/p>\n\n\n\n<p>Anteriormente desde la ESI tambi\u00e9n se ha promovido la realizaci\u00f3n de las siguientes certificaciones: ISTQB Foundation Software Testing  o Blockchain (IBM), entre otras.<\/p>\n\n\n\n<h2 class=\"wp-block-heading\">Certificaciones para profesorado y personal contratado a proyectos de I+D<\/h2>\n\n\n\n<hr class=\"wp-block-separator has-text-color has-background has-vivid-cyan-blue-background-color has-vivid-cyan-blue-color\"\/>\n\n\n\n<p>Con el objetivo de que nuestros profesores est\u00e9n actualizados para ofrecer una mejor formaci\u00f3n a nuestros alumnos la ESI plantea un plan de formaci\u00f3n permanente para profesores y como parte de ello considera esencial las certificaciones profesionales.<\/p>\n\n\n\n<p>A continuaci\u00f3n, se detallan los cursos realizados o que se desarrollaran en breve:<\/p>\n\n\n\n<ul class=\"wp-block-list\"><li>En el segundo semestre de 2022, se impartir\u00e1n dos cursos para obtener posteriormente las certificaciones en <a href=\"https:\/\/esi.uclm.es\/assets\/uploads\/2022\/03\/cloud.pdf\">AWS Cloud Practitioner Essentials<\/a> impartido por profesionales del <a href=\"https:\/\/es.it-institute.org\/\">IT INSTITUTE<\/a> y <a href=\"https:\/\/esi.uclm.es\/assets\/uploads\/2022\/03\/peopleware.pdf\">Management 3.0<\/a>. impartido por profesionales de <a href=\"https:\/\/233gradosdeti.com\/\">233 Grados de TI<\/a><strong>.<\/strong><\/li><li>En el primer semestre del curso 2021\/2022 se imparti\u00f3 el curso de <strong>\u201cCPSA\u00ae \u2010 Certified Professional for Software Architecture \u2010 Foundation Level\u201d <\/strong>perteneciente al esquema de certificaci\u00f3n de <a href=\"https:\/\/www.isaqb.org\/\">International Software Architecture Qualification Board<\/a> (ISAQB), impartido por Gustavo M\u00e1rquez Sosa.<\/li><li>Anteriormente desde la ESI se ha promovido la realizaci\u00f3n de las siguientes certificaciones:&nbsp;<strong>OCA Fundamentos de Programaci\u00f3n 8 en Java, OCP Fundamentos de Programaci\u00f3n 8 en Java, Examen OCA Fundamentos de SQL para Oracle 12c, Examen LPIC-1, SAP, CISA, PMP, ITIL, Scrum Master, etc.<\/strong><\/li><\/ul>\n","protected":false},"excerpt":{"rendered":"<p>Certificaciones para estudiantes del M\u00e1ster U. en Ingenier\u00eda Inform\u00e1tica Con el objetivo de que nos estudiantes de M\u00e1ster tengan una formaci\u00f3n complementaria en tecnolog\u00edas emergentes que le permitan estar mejor preparados para su inserci\u00f3n laboral desde la ESI promovemos la realizaci\u00f3n de certificaciones profesionales. En [&hellip;]<\/p>\n","protected":false},"author":1,"featured_media":0,"parent":5848,"menu_order":0,"comment_status":"closed","ping_status":"closed","template":"","meta":{"footnotes":""},"class_list":["post-4194","page","type-page","status-publish","hentry"],"yoast_head":"<!-- This site is optimized with the Yoast SEO plugin v27.4 - https:\/\/yoast.com\/product\/yoast-seo-wordpress\/ -->\n<title>Certificaciones Profesionales - Escuela Superior de Inform\u00e1tica de UCLM<\/title>\n<meta name=\"robots\" content=\"index, follow, max-snippet:-1, max-image-preview:large, max-video-preview:-1\" \/>\n<link rel=\"canonical\" href=\"https:\/\/esi.uclm.es\/index.php\/formacion-permanente\/certificaciones-profesionales\/\" \/>\n<meta property=\"og:locale\" content=\"es_ES\" \/>\n<meta property=\"og:type\" content=\"article\" \/>\n<meta property=\"og:title\" content=\"Certificaciones Profesionales - Escuela Superior de Inform\u00e1tica de UCLM\" \/>\n<meta property=\"og:description\" content=\"Certificaciones para estudiantes del M\u00e1ster U. en Ingenier\u00eda Inform\u00e1tica Con el objetivo de que nos estudiantes de M\u00e1ster tengan una formaci\u00f3n complementaria en tecnolog\u00edas emergentes que le permitan estar mejor preparados para su inserci\u00f3n laboral desde la ESI promovemos la realizaci\u00f3n de certificaciones profesionales. En [&hellip;]\" \/>\n<meta property=\"og:url\" content=\"https:\/\/esi.uclm.es\/index.php\/formacion-permanente\/certificaciones-profesionales\/\" \/>\n<meta property=\"og:site_name\" content=\"Escuela Superior de Inform\u00e1tica de UCLM\" \/>\n<meta property=\"article:publisher\" content=\"https:\/\/www.facebook.com\/Escuela-Superior-de-Informtica-543261809027158\" \/>\n<meta property=\"article:modified_time\" content=\"2022-03-21T09:26:27+00:00\" \/>\n<meta name=\"twitter:card\" content=\"summary_large_image\" \/>\n<meta name=\"twitter:site\" content=\"@esiuclm\" \/>\n<meta name=\"twitter:label1\" content=\"Tiempo de lectura\" \/>\n\t<meta name=\"twitter:data1\" content=\"1 minuto\" \/>\n<script type=\"application\/ld+json\" class=\"yoast-schema-graph\">{\"@context\":\"https:\\\/\\\/schema.org\",\"@graph\":[{\"@type\":\"WebPage\",\"@id\":\"https:\\\/\\\/esi.uclm.es\\\/index.php\\\/formacion-permanente\\\/certificaciones-profesionales\\\/\",\"url\":\"https:\\\/\\\/esi.uclm.es\\\/index.php\\\/formacion-permanente\\\/certificaciones-profesionales\\\/\",\"name\":\"Certificaciones Profesionales - Escuela Superior de Inform\u00e1tica de UCLM\",\"isPartOf\":{\"@id\":\"https:\\\/\\\/esi.uclm.es\\\/#website\"},\"datePublished\":\"2022-01-27T18:37:55+00:00\",\"dateModified\":\"2022-03-21T09:26:27+00:00\",\"breadcrumb\":{\"@id\":\"https:\\\/\\\/esi.uclm.es\\\/index.php\\\/formacion-permanente\\\/certificaciones-profesionales\\\/#breadcrumb\"},\"inLanguage\":\"es\",\"potentialAction\":[{\"@type\":\"ReadAction\",\"target\":[\"https:\\\/\\\/esi.uclm.es\\\/index.php\\\/formacion-permanente\\\/certificaciones-profesionales\\\/\"]}]},{\"@type\":\"BreadcrumbList\",\"@id\":\"https:\\\/\\\/esi.uclm.es\\\/index.php\\\/formacion-permanente\\\/certificaciones-profesionales\\\/#breadcrumb\",\"itemListElement\":[{\"@type\":\"ListItem\",\"position\":1,\"name\":\"Portada\",\"item\":\"https:\\\/\\\/esi.uclm.es\\\/\"},{\"@type\":\"ListItem\",\"position\":2,\"name\":\"Formaci\u00f3n Permanente\",\"item\":\"https:\\\/\\\/esi.uclm.es\\\/index.php\\\/formacion-permanente\\\/\"},{\"@type\":\"ListItem\",\"position\":3,\"name\":\"Certificaciones Profesionales\"}]},{\"@type\":\"WebSite\",\"@id\":\"https:\\\/\\\/esi.uclm.es\\\/#website\",\"url\":\"https:\\\/\\\/esi.uclm.es\\\/\",\"name\":\"Escuela Superior de Inform\u00e1tica de UCLM en Ciudad Real, Castilla-La Mancha\",\"description\":\"La Escuela Superior de Inform\u00e1tica de Ciudad Real (Castilla-La Mancha), Universidad de Castilla-La Mancha es un centro universitario que imparte el ciclo completo de Ingenier\u00eda en Inform\u00e1tica: grado, m\u00e1ster y doctorado.\",\"publisher\":{\"@id\":\"https:\\\/\\\/esi.uclm.es\\\/#organization\"},\"potentialAction\":[{\"@type\":\"SearchAction\",\"target\":{\"@type\":\"EntryPoint\",\"urlTemplate\":\"https:\\\/\\\/esi.uclm.es\\\/?s={search_term_string}\"},\"query-input\":{\"@type\":\"PropertyValueSpecification\",\"valueRequired\":true,\"valueName\":\"search_term_string\"}}],\"inLanguage\":\"es\"},{\"@type\":\"Organization\",\"@id\":\"https:\\\/\\\/esi.uclm.es\\\/#organization\",\"name\":\"Escuela Superior de Inform\u00e1tica de UCLM\",\"url\":\"https:\\\/\\\/esi.uclm.es\\\/\",\"logo\":{\"@type\":\"ImageObject\",\"inLanguage\":\"es\",\"@id\":\"https:\\\/\\\/esi.uclm.es\\\/#\\\/schema\\\/logo\\\/image\\\/\",\"url\":\"https:\\\/\\\/esi.uclm.es\\\/assets\\\/uploads\\\/2022\\\/03\\\/LogoESI_cabecera-1.png\",\"contentUrl\":\"https:\\\/\\\/esi.uclm.es\\\/assets\\\/uploads\\\/2022\\\/03\\\/LogoESI_cabecera-1.png\",\"width\":460,\"height\":184,\"caption\":\"Escuela Superior de Inform\u00e1tica de UCLM\"},\"image\":{\"@id\":\"https:\\\/\\\/esi.uclm.es\\\/#\\\/schema\\\/logo\\\/image\\\/\"},\"sameAs\":[\"https:\\\/\\\/www.facebook.com\\\/Escuela-Superior-de-Informtica-543261809027158\",\"https:\\\/\\\/x.com\\\/esiuclm\",\"https:\\\/\\\/www.instagram.com\\\/esiuclm\\\/\",\"https:\\\/\\\/www.youtube.com\\\/user\\\/esiuclm\",\"https:\\\/\\\/www.twitch.tv\\\/esiuclm\",\"https:\\\/\\\/www.linkedin.com\\\/company\\\/12656631\\\/admin\\\/\"]}]}<\/script>\n<!-- \/ Yoast SEO plugin. -->","yoast_head_json":{"title":"Certificaciones Profesionales - Escuela Superior de Inform\u00e1tica de UCLM","robots":{"index":"index","follow":"follow","max-snippet":"max-snippet:-1","max-image-preview":"max-image-preview:large","max-video-preview":"max-video-preview:-1"},"canonical":"https:\/\/esi.uclm.es\/index.php\/formacion-permanente\/certificaciones-profesionales\/","og_locale":"es_ES","og_type":"article","og_title":"Certificaciones Profesionales - Escuela Superior de Inform\u00e1tica de UCLM","og_description":"Certificaciones para estudiantes del M\u00e1ster U. en Ingenier\u00eda Inform\u00e1tica Con el objetivo de que nos estudiantes de M\u00e1ster tengan una formaci\u00f3n complementaria en tecnolog\u00edas emergentes que le permitan estar mejor preparados para su inserci\u00f3n laboral desde la ESI promovemos la realizaci\u00f3n de certificaciones profesionales. En [&hellip;]","og_url":"https:\/\/esi.uclm.es\/index.php\/formacion-permanente\/certificaciones-profesionales\/","og_site_name":"Escuela Superior de Inform\u00e1tica de UCLM","article_publisher":"https:\/\/www.facebook.com\/Escuela-Superior-de-Informtica-543261809027158","article_modified_time":"2022-03-21T09:26:27+00:00","twitter_card":"summary_large_image","twitter_site":"@esiuclm","twitter_misc":{"Tiempo de lectura":"1 minuto"},"schema":{"@context":"https:\/\/schema.org","@graph":[{"@type":"WebPage","@id":"https:\/\/esi.uclm.es\/index.php\/formacion-permanente\/certificaciones-profesionales\/","url":"https:\/\/esi.uclm.es\/index.php\/formacion-permanente\/certificaciones-profesionales\/","name":"Certificaciones Profesionales - Escuela Superior de Inform\u00e1tica de UCLM","isPartOf":{"@id":"https:\/\/esi.uclm.es\/#website"},"datePublished":"2022-01-27T18:37:55+00:00","dateModified":"2022-03-21T09:26:27+00:00","breadcrumb":{"@id":"https:\/\/esi.uclm.es\/index.php\/formacion-permanente\/certificaciones-profesionales\/#breadcrumb"},"inLanguage":"es","potentialAction":[{"@type":"ReadAction","target":["https:\/\/esi.uclm.es\/index.php\/formacion-permanente\/certificaciones-profesionales\/"]}]},{"@type":"BreadcrumbList","@id":"https:\/\/esi.uclm.es\/index.php\/formacion-permanente\/certificaciones-profesionales\/#breadcrumb","itemListElement":[{"@type":"ListItem","position":1,"name":"Portada","item":"https:\/\/esi.uclm.es\/"},{"@type":"ListItem","position":2,"name":"Formaci\u00f3n Permanente","item":"https:\/\/esi.uclm.es\/index.php\/formacion-permanente\/"},{"@type":"ListItem","position":3,"name":"Certificaciones Profesionales"}]},{"@type":"WebSite","@id":"https:\/\/esi.uclm.es\/#website","url":"https:\/\/esi.uclm.es\/","name":"Escuela Superior de Inform\u00e1tica de UCLM en Ciudad Real, Castilla-La Mancha","description":"La Escuela Superior de Inform\u00e1tica de Ciudad Real (Castilla-La Mancha), Universidad de Castilla-La Mancha es un centro universitario que imparte el ciclo completo de Ingenier\u00eda en Inform\u00e1tica: grado, m\u00e1ster y doctorado.","publisher":{"@id":"https:\/\/esi.uclm.es\/#organization"},"potentialAction":[{"@type":"SearchAction","target":{"@type":"EntryPoint","urlTemplate":"https:\/\/esi.uclm.es\/?s={search_term_string}"},"query-input":{"@type":"PropertyValueSpecification","valueRequired":true,"valueName":"search_term_string"}}],"inLanguage":"es"},{"@type":"Organization","@id":"https:\/\/esi.uclm.es\/#organization","name":"Escuela Superior de Inform\u00e1tica de UCLM","url":"https:\/\/esi.uclm.es\/","logo":{"@type":"ImageObject","inLanguage":"es","@id":"https:\/\/esi.uclm.es\/#\/schema\/logo\/image\/","url":"https:\/\/esi.uclm.es\/assets\/uploads\/2022\/03\/LogoESI_cabecera-1.png","contentUrl":"https:\/\/esi.uclm.es\/assets\/uploads\/2022\/03\/LogoESI_cabecera-1.png","width":460,"height":184,"caption":"Escuela Superior de Inform\u00e1tica de UCLM"},"image":{"@id":"https:\/\/esi.uclm.es\/#\/schema\/logo\/image\/"},"sameAs":["https:\/\/www.facebook.com\/Escuela-Superior-de-Informtica-543261809027158","https:\/\/x.com\/esiuclm","https:\/\/www.instagram.com\/esiuclm\/","https:\/\/www.youtube.com\/user\/esiuclm","https:\/\/www.twitch.tv\/esiuclm","https:\/\/www.linkedin.com\/company\/12656631\/admin\/"]}]}},"_links":{"self":[{"href":"https:\/\/esi.uclm.es\/index.php\/wp-json\/wp\/v2\/pages\/4194","targetHints":{"allow":["GET"]}}],"collection":[{"href":"https:\/\/esi.uclm.es\/index.php\/wp-json\/wp\/v2\/pages"}],"about":[{"href":"https:\/\/esi.uclm.es\/index.php\/wp-json\/wp\/v2\/types\/page"}],"author":[{"embeddable":true,"href":"https:\/\/esi.uclm.es\/index.php\/wp-json\/wp\/v2\/users\/1"}],"replies":[{"embeddable":true,"href":"https:\/\/esi.uclm.es\/index.php\/wp-json\/wp\/v2\/comments?post=4194"}],"version-history":[{"count":6,"href":"https:\/\/esi.uclm.es\/index.php\/wp-json\/wp\/v2\/pages\/4194\/revisions"}],"predecessor-version":[{"id":8331,"href":"https:\/\/esi.uclm.es\/index.php\/wp-json\/wp\/v2\/pages\/4194\/revisions\/8331"}],"up":[{"embeddable":true,"href":"https:\/\/esi.uclm.es\/index.php\/wp-json\/wp\/v2\/pages\/5848"}],"wp:attachment":[{"href":"https:\/\/esi.uclm.es\/index.php\/wp-json\/wp\/v2\/media?parent=4194"}],"curies":[{"name":"wp","href":"https:\/\/api.w.org\/{rel}","templated":true}]}}