{"id":4192,"date":"2022-01-27T18:37:37","date_gmt":"2022-01-27T18:37:37","guid":{"rendered":"http:\/\/esiaz24.uclm.es\/?page_id=4192"},"modified":"2022-03-22T05:34:55","modified_gmt":"2022-03-22T05:34:55","slug":"titulos-propios","status":"publish","type":"page","link":"https:\/\/esi.uclm.es\/index.php\/formacion-permanente\/titulos-propios\/","title":{"rendered":"T\u00edtulos Propios"},"content":{"rendered":"\n<h2 class=\"wp-block-heading\">Curso de Experto en Direcci\u00f3n Integrada de Proyectos &#8211; PROJECT MANAGEMENT<\/h2>\n\n\n\n<hr class=\"wp-block-separator has-text-color has-background has-vivid-cyan-blue-background-color has-vivid-cyan-blue-color\"\/>\n\n\n\n<p>Tras el \u00e9xito de las anteriores ediciones del curso de \u201c<strong>EXPERTO EN DIRECCI\u00d3N INTEGRADA DE PROYECTOS \u2013 PROJECT MANAGEMENT<\/strong>\u201d, con preparaci\u00f3n espec\u00edfica para superar el examen de&nbsp;<strong>CERTIFICACI\u00d3N PMP\u00ae \/ CAMP\u00ae<\/strong>, ya es posible realizar la preinscripci\u00f3n y matr\u00edcula para la nuevas ediciones, en los campus de&nbsp;<strong>CIUDAD REAL&nbsp;<\/strong>y<strong>&nbsp;ALBACETE<\/strong>.<\/p>\n\n\n\n<ul class=\"wp-block-list\"><li><strong><em>Edici\u00f3n Ciudad Real:<\/em><\/strong>&nbsp;<a href=\"https:\/\/www.uclm.es\/estudios\/propios\/experto-direccion-integrada-proyectos-ciudad-real\" target=\"_blank\" rel=\"noreferrer noopener\">https:\/\/www.uclm.es\/estudios\/propios\/experto-direccion-integrada-proyectos-ciudad-real<\/a><\/li><\/ul>\n\n\n\n<p><strong><em>Edici\u00f3n Albacete:<\/em><\/strong>&nbsp;<a href=\"https:\/\/www.uclm.es\/estudios\/propios\/experto-direccion-integrada-proyectos-albacete\" target=\"_blank\" rel=\"noreferrer noopener\">https:\/\/www.uclm.es\/estudios\/propios\/experto-direccion-integrada-proyectos-albacete<\/a><\/p>\n\n\n\n<p>El principal objetivo de este curso es que el alumno adquiera los conocimientos y habilidades necesarias para convertirse en un&nbsp;<strong>Profesional de la Gesti\u00f3n y Direcci\u00f3n de Proyectos<\/strong>&nbsp;Certificado.<\/p>\n\n\n\n<p><strong>Objetivos:<\/strong><\/p>\n\n\n\n<ol class=\"wp-block-list\" type=\"1\"><li>La aplicaci\u00f3n del conocimiento, habilidades, herramientas y t\u00e9cnicas de la Direcci\u00f3n de proyectos, con el objetivo de cumplir de forma exitosa con los requisitos del proyecto.<\/li><li>Adquirir las habilidades necesarias para gestionar eficientemente un equipo de Direcci\u00f3n de Proyectos.<\/li><li>Conocer la estructura de conocimiento del Project Management Institute, PMI\u00ae, reflejada en su PMBOK\u00ae edici\u00f3n actual, con el objetivo de capacitar a los alumnos para superar con \u00e9xito las pruebas para su certificaci\u00f3n PMP\u00ae CAMP\u00ae como Profesionales.<\/li><\/ol>\n\n\n\n<p><strong>Capacidades y competencias a adquirir<\/strong>:<\/p>\n\n\n\n<ul class=\"wp-block-list\"><li>Manejar Recursos escasos (tiempo, dinero, personal, \u2026).<\/li><li>Establecer una Comunicaci\u00f3n adecuada.<\/li><li>Gestionar Conflictos.<\/li><li>Cumplir con los Requerimientos, internos o contractuales.<\/li><li>Alcanzar los Objetivos empresariales (costes, margen, \u2026)<\/li><li>Manejar adecuadamente la Incertidumbre y el Riesgo.<\/li><li>Tomar Decisiones en ambientes de Presi\u00f3n y Riesgo.<\/li><li>Prever el futuro y gestionar preventivamente las Desviaciones.<\/li><li>Generar Criterio Profesional que permita tener una Capacidad Integradora de todos los grupos funcionales y de todos los participantes clave (Stakeholder).<\/li><li>Ayudar a entender las Lecciones Aprendidas.<\/li><li>Tener una Visi\u00f3n Global del proyecto y su impacto en el Negocio.<\/li><\/ul>\n\n\n\n<p><strong>Profesorado:<\/strong><\/p>\n\n\n\n<p>Una parte importante de los contenidos del curso ser\u00e1 impartida por profesionales de prestigio, todos ellos con certificaci\u00f3n PMP\u00ae o CAMP\u00ae, y con a\u00f1os de experiencia tanto profesional como en la docencia de cursos preparatorios para la obtenci\u00f3n de la certificaci\u00f3n.<\/p>\n\n\n\n<p><strong>Calendario:<\/strong><\/p>\n\n\n\n<p>Con el objetivo de facilitar tanto a estudiantes como a profesionales la asistencia al curso, la estructura del mismo est\u00e1 planteada de forma semi-presencial con 6 m\u00f3dulos, cuya parte presencial est\u00e1 repartida en 7 bloques de viernes-tarde y s\u00e1bado-ma\u00f1ana (4 + 5 horas). Viernes, de 16:30 a 20:30 y s\u00e1bados: de 9:00 a 14:00.<\/p>\n\n\n\n<ul class=\"wp-block-list\"><li><strong><em>Edici\u00f3n Ciudad Real:<\/em><\/strong>&nbsp;del 22 de abril, al 3 de junio de 2022<\/li><li><strong><em>Edici\u00f3n Albacete:<\/em><\/strong>&nbsp;del 29 de abril, al 11 de junio de 2022<\/li><\/ul>\n\n\n\n<p><strong>Ubicaci\u00f3n:<\/strong><\/p>\n\n\n\n<ul class=\"wp-block-list\"><li><strong><em>Edici\u00f3n Ciudad Real:<\/em><\/strong>&nbsp;Edificio Polit\u00e9cnico \u2013 Avda. Camilo Jos\u00e9 Cela, s\/n \u2013 13071 Ciudad Real<\/li><li><strong><em>Edici\u00f3n Albacete:<\/em><\/strong>&nbsp;Escuela Polit\u00e9cnica Superior \u2013 Edificio Infante Don Juan Manuel \u2013 Avda. de Espa\u00f1a s\/n \u2013 02071 Albacete<\/li><\/ul>\n\n\n\n<p><strong>Parte On-Line:<\/strong><\/p>\n\n\n\n<p>Para la parte no presencial, se cuenta con una base de datos con miles de preguntas de examen, extra\u00eddas de ex\u00e1menes reales anteriores, con la que el alumno podr\u00e1 practicar y ensayar la realizaci\u00f3n del examen. Se cuenta tambi\u00e9n con bases de datos de consulta de la teor\u00eda y conceptos manejados en clase. Las clases ser\u00e1n grabadas y puestas a disposici\u00f3n de los alumnos.<\/p>\n\n\n\n<p><strong>Contenido adjunto:<\/strong><\/p>\n\n\n\n<p>Se adjunta al correo los d\u00edpticos-resumen de las dos ediciones del curso, con un breve CV de los profesores de que intervienen.<\/p>\n\n\n\n<p><strong>Precio:<\/strong><\/p>\n\n\n\n<p><strong>500\u20ac<\/strong>, con posibilidad de pago fraccionado (300\u20ac al formalizar la matr\u00edcula + 200\u20ac a mitad de curso).<\/p>\n\n\n\n<p><strong>Inscripci\u00f3n:&nbsp;<em>Acceso y Matr\u00edcula &gt;&gt; Preinscripci\u00f3n &gt;&gt; Preinscripci\u00f3n online<\/em><\/strong><strong><\/strong><\/p>\n\n\n\n<ul class=\"wp-block-list\"><li><strong><em>Edici\u00f3n Ciudad Real:<\/em><\/strong>&nbsp;<a href=\"https:\/\/www.uclm.es\/estudios\/propios\/experto-direccion-integrada-proyectos-ciudad-real\" target=\"_blank\" rel=\"noreferrer noopener\">https:\/\/www.uclm.es\/estudios\/propios\/experto-direccion-integrada-proyectos-ciudad-real<\/a><\/li><li><strong><em>Edici\u00f3n Albacete:<\/em><\/strong>&nbsp;<a href=\"https:\/\/www.uclm.es\/estudios\/propios\/experto-direccion-integrada-proyectos-albacete\" target=\"_blank\" rel=\"noreferrer noopener\">https:\/\/www.uclm.es\/estudios\/propios\/experto-direccion-integrada-proyectos-albacete<\/a><\/li><\/ul>\n","protected":false},"excerpt":{"rendered":"<p>Curso de Experto en Direcci\u00f3n Integrada de Proyectos &#8211; PROJECT MANAGEMENT Tras el \u00e9xito de las anteriores ediciones del curso de \u201cEXPERTO EN DIRECCI\u00d3N INTEGRADA DE PROYECTOS \u2013 PROJECT MANAGEMENT\u201d, con preparaci\u00f3n espec\u00edfica para superar el examen de&nbsp;CERTIFICACI\u00d3N PMP\u00ae \/ CAMP\u00ae, ya es posible realizar [&hellip;]<\/p>\n","protected":false},"author":1,"featured_media":0,"parent":5848,"menu_order":0,"comment_status":"closed","ping_status":"closed","template":"","meta":{"footnotes":""},"class_list":["post-4192","page","type-page","status-publish","hentry"],"yoast_head":"<!-- This site is optimized with the Yoast SEO plugin v27.3 - https:\/\/yoast.com\/product\/yoast-seo-wordpress\/ -->\n<title>T\u00edtulos Propios - Escuela Superior de Inform\u00e1tica de UCLM<\/title>\n<meta name=\"robots\" content=\"index, follow, max-snippet:-1, max-image-preview:large, max-video-preview:-1\" \/>\n<link rel=\"canonical\" href=\"https:\/\/esi.uclm.es\/index.php\/formacion-permanente\/titulos-propios\/\" \/>\n<meta property=\"og:locale\" content=\"es_ES\" \/>\n<meta property=\"og:type\" content=\"article\" \/>\n<meta property=\"og:title\" content=\"T\u00edtulos Propios - Escuela Superior de Inform\u00e1tica de UCLM\" \/>\n<meta property=\"og:description\" content=\"Curso de Experto en Direcci\u00f3n Integrada de Proyectos &#8211; PROJECT MANAGEMENT Tras el \u00e9xito de las anteriores ediciones del curso de \u201cEXPERTO EN DIRECCI\u00d3N INTEGRADA DE PROYECTOS \u2013 PROJECT MANAGEMENT\u201d, con preparaci\u00f3n espec\u00edfica para superar el examen de&nbsp;CERTIFICACI\u00d3N PMP\u00ae \/ CAMP\u00ae, ya es posible realizar [&hellip;]\" \/>\n<meta property=\"og:url\" content=\"https:\/\/esi.uclm.es\/index.php\/formacion-permanente\/titulos-propios\/\" \/>\n<meta property=\"og:site_name\" content=\"Escuela Superior de Inform\u00e1tica de UCLM\" \/>\n<meta property=\"article:publisher\" content=\"https:\/\/www.facebook.com\/Escuela-Superior-de-Informtica-543261809027158\" \/>\n<meta property=\"article:modified_time\" content=\"2022-03-22T05:34:55+00:00\" \/>\n<meta name=\"twitter:card\" content=\"summary_large_image\" \/>\n<meta name=\"twitter:site\" content=\"@esiuclm\" \/>\n<meta name=\"twitter:label1\" content=\"Tiempo de lectura\" \/>\n\t<meta name=\"twitter:data1\" content=\"3 minutos\" \/>\n<script type=\"application\/ld+json\" class=\"yoast-schema-graph\">{\"@context\":\"https:\\\/\\\/schema.org\",\"@graph\":[{\"@type\":\"WebPage\",\"@id\":\"https:\\\/\\\/esi.uclm.es\\\/index.php\\\/formacion-permanente\\\/titulos-propios\\\/\",\"url\":\"https:\\\/\\\/esi.uclm.es\\\/index.php\\\/formacion-permanente\\\/titulos-propios\\\/\",\"name\":\"T\u00edtulos Propios - Escuela Superior de Inform\u00e1tica de UCLM\",\"isPartOf\":{\"@id\":\"https:\\\/\\\/esi.uclm.es\\\/#website\"},\"datePublished\":\"2022-01-27T18:37:37+00:00\",\"dateModified\":\"2022-03-22T05:34:55+00:00\",\"breadcrumb\":{\"@id\":\"https:\\\/\\\/esi.uclm.es\\\/index.php\\\/formacion-permanente\\\/titulos-propios\\\/#breadcrumb\"},\"inLanguage\":\"es\",\"potentialAction\":[{\"@type\":\"ReadAction\",\"target\":[\"https:\\\/\\\/esi.uclm.es\\\/index.php\\\/formacion-permanente\\\/titulos-propios\\\/\"]}]},{\"@type\":\"BreadcrumbList\",\"@id\":\"https:\\\/\\\/esi.uclm.es\\\/index.php\\\/formacion-permanente\\\/titulos-propios\\\/#breadcrumb\",\"itemListElement\":[{\"@type\":\"ListItem\",\"position\":1,\"name\":\"Portada\",\"item\":\"https:\\\/\\\/esi.uclm.es\\\/\"},{\"@type\":\"ListItem\",\"position\":2,\"name\":\"Formaci\u00f3n Permanente\",\"item\":\"https:\\\/\\\/esi.uclm.es\\\/index.php\\\/formacion-permanente\\\/\"},{\"@type\":\"ListItem\",\"position\":3,\"name\":\"T\u00edtulos Propios\"}]},{\"@type\":\"WebSite\",\"@id\":\"https:\\\/\\\/esi.uclm.es\\\/#website\",\"url\":\"https:\\\/\\\/esi.uclm.es\\\/\",\"name\":\"Escuela Superior de Inform\u00e1tica de UCLM en Ciudad Real, Castilla-La Mancha\",\"description\":\"La Escuela Superior de Inform\u00e1tica de Ciudad Real (Castilla-La Mancha), Universidad de Castilla-La Mancha es un centro universitario que imparte el ciclo completo de Ingenier\u00eda en Inform\u00e1tica: grado, m\u00e1ster y doctorado.\",\"publisher\":{\"@id\":\"https:\\\/\\\/esi.uclm.es\\\/#organization\"},\"potentialAction\":[{\"@type\":\"SearchAction\",\"target\":{\"@type\":\"EntryPoint\",\"urlTemplate\":\"https:\\\/\\\/esi.uclm.es\\\/?s={search_term_string}\"},\"query-input\":{\"@type\":\"PropertyValueSpecification\",\"valueRequired\":true,\"valueName\":\"search_term_string\"}}],\"inLanguage\":\"es\"},{\"@type\":\"Organization\",\"@id\":\"https:\\\/\\\/esi.uclm.es\\\/#organization\",\"name\":\"Escuela Superior de Inform\u00e1tica de UCLM\",\"url\":\"https:\\\/\\\/esi.uclm.es\\\/\",\"logo\":{\"@type\":\"ImageObject\",\"inLanguage\":\"es\",\"@id\":\"https:\\\/\\\/esi.uclm.es\\\/#\\\/schema\\\/logo\\\/image\\\/\",\"url\":\"https:\\\/\\\/esi.uclm.es\\\/assets\\\/uploads\\\/2022\\\/03\\\/LogoESI_cabecera-1.png\",\"contentUrl\":\"https:\\\/\\\/esi.uclm.es\\\/assets\\\/uploads\\\/2022\\\/03\\\/LogoESI_cabecera-1.png\",\"width\":460,\"height\":184,\"caption\":\"Escuela Superior de Inform\u00e1tica de UCLM\"},\"image\":{\"@id\":\"https:\\\/\\\/esi.uclm.es\\\/#\\\/schema\\\/logo\\\/image\\\/\"},\"sameAs\":[\"https:\\\/\\\/www.facebook.com\\\/Escuela-Superior-de-Informtica-543261809027158\",\"https:\\\/\\\/x.com\\\/esiuclm\",\"https:\\\/\\\/www.instagram.com\\\/esiuclm\\\/\",\"https:\\\/\\\/www.youtube.com\\\/user\\\/esiuclm\",\"https:\\\/\\\/www.twitch.tv\\\/esiuclm\",\"https:\\\/\\\/www.linkedin.com\\\/company\\\/12656631\\\/admin\\\/\"]}]}<\/script>\n<!-- \/ Yoast SEO plugin. -->","yoast_head_json":{"title":"T\u00edtulos Propios - Escuela Superior de Inform\u00e1tica de UCLM","robots":{"index":"index","follow":"follow","max-snippet":"max-snippet:-1","max-image-preview":"max-image-preview:large","max-video-preview":"max-video-preview:-1"},"canonical":"https:\/\/esi.uclm.es\/index.php\/formacion-permanente\/titulos-propios\/","og_locale":"es_ES","og_type":"article","og_title":"T\u00edtulos Propios - Escuela Superior de Inform\u00e1tica de UCLM","og_description":"Curso de Experto en Direcci\u00f3n Integrada de Proyectos &#8211; PROJECT MANAGEMENT Tras el \u00e9xito de las anteriores ediciones del curso de \u201cEXPERTO EN DIRECCI\u00d3N INTEGRADA DE PROYECTOS \u2013 PROJECT MANAGEMENT\u201d, con preparaci\u00f3n espec\u00edfica para superar el examen de&nbsp;CERTIFICACI\u00d3N PMP\u00ae \/ CAMP\u00ae, ya es posible realizar [&hellip;]","og_url":"https:\/\/esi.uclm.es\/index.php\/formacion-permanente\/titulos-propios\/","og_site_name":"Escuela Superior de Inform\u00e1tica de UCLM","article_publisher":"https:\/\/www.facebook.com\/Escuela-Superior-de-Informtica-543261809027158","article_modified_time":"2022-03-22T05:34:55+00:00","twitter_card":"summary_large_image","twitter_site":"@esiuclm","twitter_misc":{"Tiempo de lectura":"3 minutos"},"schema":{"@context":"https:\/\/schema.org","@graph":[{"@type":"WebPage","@id":"https:\/\/esi.uclm.es\/index.php\/formacion-permanente\/titulos-propios\/","url":"https:\/\/esi.uclm.es\/index.php\/formacion-permanente\/titulos-propios\/","name":"T\u00edtulos Propios - Escuela Superior de Inform\u00e1tica de UCLM","isPartOf":{"@id":"https:\/\/esi.uclm.es\/#website"},"datePublished":"2022-01-27T18:37:37+00:00","dateModified":"2022-03-22T05:34:55+00:00","breadcrumb":{"@id":"https:\/\/esi.uclm.es\/index.php\/formacion-permanente\/titulos-propios\/#breadcrumb"},"inLanguage":"es","potentialAction":[{"@type":"ReadAction","target":["https:\/\/esi.uclm.es\/index.php\/formacion-permanente\/titulos-propios\/"]}]},{"@type":"BreadcrumbList","@id":"https:\/\/esi.uclm.es\/index.php\/formacion-permanente\/titulos-propios\/#breadcrumb","itemListElement":[{"@type":"ListItem","position":1,"name":"Portada","item":"https:\/\/esi.uclm.es\/"},{"@type":"ListItem","position":2,"name":"Formaci\u00f3n Permanente","item":"https:\/\/esi.uclm.es\/index.php\/formacion-permanente\/"},{"@type":"ListItem","position":3,"name":"T\u00edtulos Propios"}]},{"@type":"WebSite","@id":"https:\/\/esi.uclm.es\/#website","url":"https:\/\/esi.uclm.es\/","name":"Escuela Superior de Inform\u00e1tica de UCLM en Ciudad Real, Castilla-La Mancha","description":"La Escuela Superior de Inform\u00e1tica de Ciudad Real (Castilla-La Mancha), Universidad de Castilla-La Mancha es un centro universitario que imparte el ciclo completo de Ingenier\u00eda en Inform\u00e1tica: grado, m\u00e1ster y doctorado.","publisher":{"@id":"https:\/\/esi.uclm.es\/#organization"},"potentialAction":[{"@type":"SearchAction","target":{"@type":"EntryPoint","urlTemplate":"https:\/\/esi.uclm.es\/?s={search_term_string}"},"query-input":{"@type":"PropertyValueSpecification","valueRequired":true,"valueName":"search_term_string"}}],"inLanguage":"es"},{"@type":"Organization","@id":"https:\/\/esi.uclm.es\/#organization","name":"Escuela Superior de Inform\u00e1tica de UCLM","url":"https:\/\/esi.uclm.es\/","logo":{"@type":"ImageObject","inLanguage":"es","@id":"https:\/\/esi.uclm.es\/#\/schema\/logo\/image\/","url":"https:\/\/esi.uclm.es\/assets\/uploads\/2022\/03\/LogoESI_cabecera-1.png","contentUrl":"https:\/\/esi.uclm.es\/assets\/uploads\/2022\/03\/LogoESI_cabecera-1.png","width":460,"height":184,"caption":"Escuela Superior de Inform\u00e1tica de UCLM"},"image":{"@id":"https:\/\/esi.uclm.es\/#\/schema\/logo\/image\/"},"sameAs":["https:\/\/www.facebook.com\/Escuela-Superior-de-Informtica-543261809027158","https:\/\/x.com\/esiuclm","https:\/\/www.instagram.com\/esiuclm\/","https:\/\/www.youtube.com\/user\/esiuclm","https:\/\/www.twitch.tv\/esiuclm","https:\/\/www.linkedin.com\/company\/12656631\/admin\/"]}]}},"_links":{"self":[{"href":"https:\/\/esi.uclm.es\/index.php\/wp-json\/wp\/v2\/pages\/4192","targetHints":{"allow":["GET"]}}],"collection":[{"href":"https:\/\/esi.uclm.es\/index.php\/wp-json\/wp\/v2\/pages"}],"about":[{"href":"https:\/\/esi.uclm.es\/index.php\/wp-json\/wp\/v2\/types\/page"}],"author":[{"embeddable":true,"href":"https:\/\/esi.uclm.es\/index.php\/wp-json\/wp\/v2\/users\/1"}],"replies":[{"embeddable":true,"href":"https:\/\/esi.uclm.es\/index.php\/wp-json\/wp\/v2\/comments?post=4192"}],"version-history":[{"count":3,"href":"https:\/\/esi.uclm.es\/index.php\/wp-json\/wp\/v2\/pages\/4192\/revisions"}],"predecessor-version":[{"id":8404,"href":"https:\/\/esi.uclm.es\/index.php\/wp-json\/wp\/v2\/pages\/4192\/revisions\/8404"}],"up":[{"embeddable":true,"href":"https:\/\/esi.uclm.es\/index.php\/wp-json\/wp\/v2\/pages\/5848"}],"wp:attachment":[{"href":"https:\/\/esi.uclm.es\/index.php\/wp-json\/wp\/v2\/media?parent=4192"}],"curies":[{"name":"wp","href":"https:\/\/api.w.org\/{rel}","templated":true}]}}