{"id":4187,"date":"2022-01-27T18:36:52","date_gmt":"2022-01-27T18:36:52","guid":{"rendered":"http:\/\/esiaz24.uclm.es\/?page_id=4187"},"modified":"2025-07-29T08:47:04","modified_gmt":"2025-07-29T08:47:04","slug":"curso-cero-de-matematicas-y-fisica","status":"publish","type":"page","link":"https:\/\/esi.uclm.es\/index.php\/formacion-permanente\/curso-cero-de-matematicas-y-fisica\/","title":{"rendered":"Curso cero de Matem\u00e1ticas y F\u00edsica"},"content":{"rendered":"\n<h2 class=\"wp-block-heading\">Curso cero<\/h2>\n\n\n\n<hr class=\"wp-block-separator has-text-color has-vivid-cyan-blue-color has-css-opacity has-vivid-cyan-blue-background-color has-background\"\/>\n\n\n<div class=\"wp-block-image is-style-default\">\n<figure class=\"aligncenter size-large\"><img loading=\"lazy\" decoding=\"async\" width=\"1024\" height=\"576\" src=\"https:\/\/esi.uclm.es\/assets\/uploads\/2022\/02\/E-03f9PXsAAl5ZG-1024x576.jpeg\" alt=\"\" class=\"wp-image-5387\" srcset=\"https:\/\/esi.uclm.es\/assets\/uploads\/2022\/02\/E-03f9PXsAAl5ZG-1024x576.jpeg 1024w, https:\/\/esi.uclm.es\/assets\/uploads\/2022\/02\/E-03f9PXsAAl5ZG-300x169.jpeg 300w, https:\/\/esi.uclm.es\/assets\/uploads\/2022\/02\/E-03f9PXsAAl5ZG-768x432.jpeg 768w, https:\/\/esi.uclm.es\/assets\/uploads\/2022\/02\/E-03f9PXsAAl5ZG-1536x864.jpeg 1536w, https:\/\/esi.uclm.es\/assets\/uploads\/2022\/02\/E-03f9PXsAAl5ZG-1300x731.jpeg 1300w, https:\/\/esi.uclm.es\/assets\/uploads\/2022\/02\/E-03f9PXsAAl5ZG-600x338.jpeg 600w\" sizes=\"auto, (max-width: 1024px) 100vw, 1024px\" \/><figcaption class=\"wp-element-caption\">Curso cero de Matem\u00e1ticas y F\u00edsica<\/figcaption><\/figure>\n<\/div>\n\n\n<p><strong><mark style=\"background-color:rgba(0, 0, 0, 0)\" class=\"has-inline-color has-vivid-cyan-blue-color\">Fechas, Horario y Lugar<\/mark><\/strong><\/p>\n\n\n\n<ul class=\"wp-block-list\">\n<li>4, 5, 8 y 9 de septiembre de 2025.<\/li>\n\n\n\n<li>De 9.00 a 14.00 horas. <\/li>\n<\/ul>\n\n\n\n<p><strong><mark style=\"background-color:rgba(0, 0, 0, 0)\" class=\"has-inline-color has-vivid-cyan-blue-color\">Justificaci\u00f3n y Objetivos de las Ense\u00f1anzas<\/mark><\/strong><\/p>\n\n\n\n<p>Enmarcado en el Plan de Calidad del Centro, tiene como objetivo proporcionar al alumno que comienza su vida universitaria en la ESI una preparaci\u00f3n y\/o repaso sobre fundamentos de Matem\u00e1ticas y F\u00edsica que le ser\u00e1n \u00fatiles y necesarios para abordar con \u00e9xito diferentes materias que conforman su plan de estudios.<\/p>\n\n\n\n<p><strong><mark style=\"background-color:rgba(0, 0, 0, 0)\" class=\"has-inline-color has-vivid-cyan-blue-color\">Lugar<\/mark><\/strong><\/p>\n\n\n\n<p>Escuela Superior de Inform\u00e1tica<\/p>\n\n\n\n<p>Edificio Ferm\u00edn Caballero<\/p>\n\n\n\n<p>Paseo de la Universidad,4 &#8211; 13071 Ciudad Real<\/p>\n\n\n\n<p><strong><mark style=\"background-color:rgba(0, 0, 0, 0)\" class=\"has-inline-color has-vivid-cyan-blue-color\">Calendario Previsto<\/mark><\/strong><\/p>\n\n\n\n<ul class=\"wp-block-list\">\n<li><strong>Preinscripci\u00f3n<\/strong>: del 15 de julio al 2 de agosto de 2025.<\/li>\n\n\n\n<li><strong>Lista de Admitidos<\/strong>: 28 de julio de 2025<\/li>\n\n\n\n<li><strong>Matricula<\/strong>: 29 de julio al 2 de septiembre de 2025.<\/li>\n\n\n\n<li><strong>Clases<\/strong>: 4, 5, 8 y 9 de septiembre de 2025<\/li>\n<\/ul>\n\n\n\n<p><strong><mark style=\"background-color:rgba(0, 0, 0, 0)\" class=\"has-inline-color has-vivid-cyan-blue-color\">Programa<\/mark><\/strong><\/p>\n\n\n\n<ul class=\"wp-block-list\">\n<li><strong>Programaci\u00f3n docente<\/strong>: 20 horas, divididas en 4 sesiones de 5 horas.<\/li>\n\n\n\n<li><strong>Valoraci\u00f3n en cr\u00e9ditos ECTS<\/strong>: 1 cr\u00e9dito<\/li>\n<\/ul>\n\n\n\n<p><strong><mark style=\"background-color:rgba(0, 0, 0, 0)\" class=\"has-inline-color has-vivid-cyan-blue-color\">Programa del curso<\/mark><\/strong><\/p>\n\n\n\n<ul class=\"wp-block-list\">\n<li>Repaso de \u00c1lgebra (N\u00fameros, Matrices, Ecuaciones)<\/li>\n\n\n\n<li>Repaso de C\u00e1lculo (Funciones, Continuidad, Derivabilidad, Integraci\u00f3n en una variable)<\/li>\n\n\n\n<li>Fundamentos de An\u00e1lisis Vectorial (Vectores, Operaciones, Productos, Derivadas, Integrales)<\/li>\n<\/ul>\n\n\n\n<p><strong><mark style=\"background-color:rgba(0, 0, 0, 0)\" class=\"has-inline-color has-vivid-cyan-blue-color\">Numero de Plazas<\/mark><\/strong><\/p>\n\n\n\n<ul class=\"wp-block-list\">\n<li><strong>M\u00ednimo<\/strong>: 30<\/li>\n\n\n\n<li><strong>M\u00e1ximo<\/strong>: 60<\/li>\n<\/ul>\n\n\n\n<p><strong><mark style=\"background-color:rgba(0, 0, 0, 0)\" class=\"has-inline-color has-vivid-cyan-blue-color\">Requisitos y Procedimiento de Admisi\u00f3n<\/mark><\/strong><\/p>\n\n\n\n<ul class=\"wp-block-list\">\n<li>Alumnos de nueva matriculaci\u00f3n<\/li>\n\n\n\n<li>Por orden de inscripci\u00f3n, con preferencia a aquellos alumnos matriculados en la ESI<\/li>\n<\/ul>\n\n\n\n<p><strong><mark style=\"background-color:rgba(0, 0, 0, 0)\" class=\"has-inline-color has-vivid-cyan-blue-color\">Precio del Curso<\/mark><\/strong><\/p>\n\n\n\n<ul class=\"wp-block-list\">\n<li>Cincuenta euros (50 \u20ac).<\/li>\n<\/ul>\n\n\n\n<p><strong><mark style=\"background-color:rgba(0, 0, 0, 0)\" class=\"has-inline-color has-vivid-cyan-blue-color\">Criterios de Evaluaci\u00f3n y Control<\/mark><\/strong><\/p>\n\n\n\n<p>La asistencia ser\u00e1 obligatoria en al menos el 80% de las horas. Se expedir\u00e1 un certificado de asistencia y aprovechamiento por la Escuela Superior de Inform\u00e1tica.<\/p>\n\n\n\n<p><strong><mark style=\"background-color:rgba(0, 0, 0, 0)\" class=\"has-inline-color has-vivid-cyan-blue-color\">Preinscripci\u00f3n y Matricula<\/mark><\/strong><\/p>\n\n\n\n<p>La preinscripci\u00f3n deber\u00e1 formalizarse accediendo a la aplicaci\u00f3n LEAD el siguiente enlace: <a href=\"https:\/\/lead.apps.uclm.es\/actividades\/105095\">Curso cero de Matem\u00e1ticas y F\u00edsica &#8211; Solicitud<\/a>, mediante el usuario UCLM.<\/p>\n\n\n\n<p>Una vez en la aplicaci\u00f3n, se completa en proceso pulsando <strong>Solicitar<\/strong>.<\/p>\n\n\n\n<pre class=\"wp-block-verse\"><strong>Atenci\u00f3n:<\/strong> en el caso de encontrar dificultades t\u00e9cnicas para preinscribirte en el curso cero de Matem\u00e1ticas y F\u00edsica, puedes escribirnos a <a href=\"mailto:esi@uclm.es\">esi@uclm.es<\/a> y te inscribimos directamente.<\/pre>\n","protected":false},"excerpt":{"rendered":"<p>Curso cero Fechas, Horario y Lugar Justificaci\u00f3n y Objetivos de las Ense\u00f1anzas Enmarcado en el Plan de Calidad del Centro, tiene como objetivo proporcionar al alumno que comienza su vida universitaria en la ESI una preparaci\u00f3n y\/o repaso sobre fundamentos de Matem\u00e1ticas y F\u00edsica que [&hellip;]<\/p>\n","protected":false},"author":1,"featured_media":0,"parent":5848,"menu_order":0,"comment_status":"closed","ping_status":"closed","template":"","meta":{"footnotes":""},"class_list":["post-4187","page","type-page","status-publish","hentry"],"yoast_head":"<!-- This site is optimized with the Yoast SEO plugin v27.3 - https:\/\/yoast.com\/product\/yoast-seo-wordpress\/ -->\n<title>Curso cero de Matem\u00e1ticas y F\u00edsica - Escuela Superior de Inform\u00e1tica de UCLM<\/title>\n<meta name=\"robots\" content=\"index, follow, max-snippet:-1, max-image-preview:large, max-video-preview:-1\" \/>\n<link rel=\"canonical\" href=\"https:\/\/esi.uclm.es\/index.php\/formacion-permanente\/curso-cero-de-matematicas-y-fisica\/\" \/>\n<meta property=\"og:locale\" content=\"es_ES\" \/>\n<meta property=\"og:type\" content=\"article\" \/>\n<meta property=\"og:title\" content=\"Curso cero de Matem\u00e1ticas y F\u00edsica - Escuela Superior de Inform\u00e1tica de UCLM\" \/>\n<meta property=\"og:description\" content=\"Curso cero Fechas, Horario y Lugar Justificaci\u00f3n y Objetivos de las Ense\u00f1anzas Enmarcado en el Plan de Calidad del Centro, tiene como objetivo proporcionar al alumno que comienza su vida universitaria en la ESI una preparaci\u00f3n y\/o repaso sobre fundamentos de Matem\u00e1ticas y F\u00edsica que [&hellip;]\" \/>\n<meta property=\"og:url\" content=\"https:\/\/esi.uclm.es\/index.php\/formacion-permanente\/curso-cero-de-matematicas-y-fisica\/\" \/>\n<meta property=\"og:site_name\" content=\"Escuela Superior de Inform\u00e1tica de UCLM\" \/>\n<meta property=\"article:publisher\" content=\"https:\/\/www.facebook.com\/Escuela-Superior-de-Informtica-543261809027158\" \/>\n<meta property=\"article:modified_time\" content=\"2025-07-29T08:47:04+00:00\" \/>\n<meta property=\"og:image\" content=\"https:\/\/esi.uclm.es\/assets\/uploads\/2022\/02\/E-03f9PXsAAl5ZG-scaled.jpeg\" \/>\n\t<meta property=\"og:image:width\" content=\"2560\" \/>\n\t<meta property=\"og:image:height\" content=\"1440\" \/>\n\t<meta property=\"og:image:type\" content=\"image\/jpeg\" \/>\n<meta name=\"twitter:card\" content=\"summary_large_image\" \/>\n<meta name=\"twitter:site\" content=\"@esiuclm\" \/>\n<meta name=\"twitter:label1\" content=\"Tiempo de lectura\" \/>\n\t<meta name=\"twitter:data1\" content=\"2 minutos\" \/>\n<script type=\"application\/ld+json\" class=\"yoast-schema-graph\">{\"@context\":\"https:\\\/\\\/schema.org\",\"@graph\":[{\"@type\":\"WebPage\",\"@id\":\"https:\\\/\\\/esi.uclm.es\\\/index.php\\\/formacion-permanente\\\/curso-cero-de-matematicas-y-fisica\\\/\",\"url\":\"https:\\\/\\\/esi.uclm.es\\\/index.php\\\/formacion-permanente\\\/curso-cero-de-matematicas-y-fisica\\\/\",\"name\":\"Curso cero de Matem\u00e1ticas y F\u00edsica - Escuela Superior de Inform\u00e1tica de UCLM\",\"isPartOf\":{\"@id\":\"https:\\\/\\\/esi.uclm.es\\\/#website\"},\"primaryImageOfPage\":{\"@id\":\"https:\\\/\\\/esi.uclm.es\\\/index.php\\\/formacion-permanente\\\/curso-cero-de-matematicas-y-fisica\\\/#primaryimage\"},\"image\":{\"@id\":\"https:\\\/\\\/esi.uclm.es\\\/index.php\\\/formacion-permanente\\\/curso-cero-de-matematicas-y-fisica\\\/#primaryimage\"},\"thumbnailUrl\":\"https:\\\/\\\/esi.uclm.es\\\/assets\\\/uploads\\\/2022\\\/02\\\/E-03f9PXsAAl5ZG-1024x576.jpeg\",\"datePublished\":\"2022-01-27T18:36:52+00:00\",\"dateModified\":\"2025-07-29T08:47:04+00:00\",\"breadcrumb\":{\"@id\":\"https:\\\/\\\/esi.uclm.es\\\/index.php\\\/formacion-permanente\\\/curso-cero-de-matematicas-y-fisica\\\/#breadcrumb\"},\"inLanguage\":\"es\",\"potentialAction\":[{\"@type\":\"ReadAction\",\"target\":[\"https:\\\/\\\/esi.uclm.es\\\/index.php\\\/formacion-permanente\\\/curso-cero-de-matematicas-y-fisica\\\/\"]}]},{\"@type\":\"ImageObject\",\"inLanguage\":\"es\",\"@id\":\"https:\\\/\\\/esi.uclm.es\\\/index.php\\\/formacion-permanente\\\/curso-cero-de-matematicas-y-fisica\\\/#primaryimage\",\"url\":\"https:\\\/\\\/esi.uclm.es\\\/assets\\\/uploads\\\/2022\\\/02\\\/E-03f9PXsAAl5ZG-1024x576.jpeg\",\"contentUrl\":\"https:\\\/\\\/esi.uclm.es\\\/assets\\\/uploads\\\/2022\\\/02\\\/E-03f9PXsAAl5ZG-1024x576.jpeg\"},{\"@type\":\"BreadcrumbList\",\"@id\":\"https:\\\/\\\/esi.uclm.es\\\/index.php\\\/formacion-permanente\\\/curso-cero-de-matematicas-y-fisica\\\/#breadcrumb\",\"itemListElement\":[{\"@type\":\"ListItem\",\"position\":1,\"name\":\"Portada\",\"item\":\"https:\\\/\\\/esi.uclm.es\\\/\"},{\"@type\":\"ListItem\",\"position\":2,\"name\":\"Formaci\u00f3n Permanente\",\"item\":\"https:\\\/\\\/esi.uclm.es\\\/index.php\\\/formacion-permanente\\\/\"},{\"@type\":\"ListItem\",\"position\":3,\"name\":\"Curso cero de Matem\u00e1ticas y F\u00edsica\"}]},{\"@type\":\"WebSite\",\"@id\":\"https:\\\/\\\/esi.uclm.es\\\/#website\",\"url\":\"https:\\\/\\\/esi.uclm.es\\\/\",\"name\":\"Escuela Superior de Inform\u00e1tica de UCLM en Ciudad Real, Castilla-La Mancha\",\"description\":\"La Escuela Superior de Inform\u00e1tica de Ciudad Real (Castilla-La Mancha), Universidad de Castilla-La Mancha es un centro universitario que imparte el ciclo completo de Ingenier\u00eda en Inform\u00e1tica: grado, m\u00e1ster y doctorado.\",\"publisher\":{\"@id\":\"https:\\\/\\\/esi.uclm.es\\\/#organization\"},\"potentialAction\":[{\"@type\":\"SearchAction\",\"target\":{\"@type\":\"EntryPoint\",\"urlTemplate\":\"https:\\\/\\\/esi.uclm.es\\\/?s={search_term_string}\"},\"query-input\":{\"@type\":\"PropertyValueSpecification\",\"valueRequired\":true,\"valueName\":\"search_term_string\"}}],\"inLanguage\":\"es\"},{\"@type\":\"Organization\",\"@id\":\"https:\\\/\\\/esi.uclm.es\\\/#organization\",\"name\":\"Escuela Superior de Inform\u00e1tica de UCLM\",\"url\":\"https:\\\/\\\/esi.uclm.es\\\/\",\"logo\":{\"@type\":\"ImageObject\",\"inLanguage\":\"es\",\"@id\":\"https:\\\/\\\/esi.uclm.es\\\/#\\\/schema\\\/logo\\\/image\\\/\",\"url\":\"https:\\\/\\\/esi.uclm.es\\\/assets\\\/uploads\\\/2022\\\/03\\\/LogoESI_cabecera-1.png\",\"contentUrl\":\"https:\\\/\\\/esi.uclm.es\\\/assets\\\/uploads\\\/2022\\\/03\\\/LogoESI_cabecera-1.png\",\"width\":460,\"height\":184,\"caption\":\"Escuela Superior de Inform\u00e1tica de UCLM\"},\"image\":{\"@id\":\"https:\\\/\\\/esi.uclm.es\\\/#\\\/schema\\\/logo\\\/image\\\/\"},\"sameAs\":[\"https:\\\/\\\/www.facebook.com\\\/Escuela-Superior-de-Informtica-543261809027158\",\"https:\\\/\\\/x.com\\\/esiuclm\",\"https:\\\/\\\/www.instagram.com\\\/esiuclm\\\/\",\"https:\\\/\\\/www.youtube.com\\\/user\\\/esiuclm\",\"https:\\\/\\\/www.twitch.tv\\\/esiuclm\",\"https:\\\/\\\/www.linkedin.com\\\/company\\\/12656631\\\/admin\\\/\"]}]}<\/script>\n<!-- \/ Yoast SEO plugin. -->","yoast_head_json":{"title":"Curso cero de Matem\u00e1ticas y F\u00edsica - Escuela Superior de Inform\u00e1tica de UCLM","robots":{"index":"index","follow":"follow","max-snippet":"max-snippet:-1","max-image-preview":"max-image-preview:large","max-video-preview":"max-video-preview:-1"},"canonical":"https:\/\/esi.uclm.es\/index.php\/formacion-permanente\/curso-cero-de-matematicas-y-fisica\/","og_locale":"es_ES","og_type":"article","og_title":"Curso cero de Matem\u00e1ticas y F\u00edsica - Escuela Superior de Inform\u00e1tica de UCLM","og_description":"Curso cero Fechas, Horario y Lugar Justificaci\u00f3n y Objetivos de las Ense\u00f1anzas Enmarcado en el Plan de Calidad del Centro, tiene como objetivo proporcionar al alumno que comienza su vida universitaria en la ESI una preparaci\u00f3n y\/o repaso sobre fundamentos de Matem\u00e1ticas y F\u00edsica que [&hellip;]","og_url":"https:\/\/esi.uclm.es\/index.php\/formacion-permanente\/curso-cero-de-matematicas-y-fisica\/","og_site_name":"Escuela Superior de Inform\u00e1tica de UCLM","article_publisher":"https:\/\/www.facebook.com\/Escuela-Superior-de-Informtica-543261809027158","article_modified_time":"2025-07-29T08:47:04+00:00","og_image":[{"width":2560,"height":1440,"url":"https:\/\/esi.uclm.es\/assets\/uploads\/2022\/02\/E-03f9PXsAAl5ZG-scaled.jpeg","type":"image\/jpeg"}],"twitter_card":"summary_large_image","twitter_site":"@esiuclm","twitter_misc":{"Tiempo de lectura":"2 minutos"},"schema":{"@context":"https:\/\/schema.org","@graph":[{"@type":"WebPage","@id":"https:\/\/esi.uclm.es\/index.php\/formacion-permanente\/curso-cero-de-matematicas-y-fisica\/","url":"https:\/\/esi.uclm.es\/index.php\/formacion-permanente\/curso-cero-de-matematicas-y-fisica\/","name":"Curso cero de Matem\u00e1ticas y F\u00edsica - Escuela Superior de Inform\u00e1tica de UCLM","isPartOf":{"@id":"https:\/\/esi.uclm.es\/#website"},"primaryImageOfPage":{"@id":"https:\/\/esi.uclm.es\/index.php\/formacion-permanente\/curso-cero-de-matematicas-y-fisica\/#primaryimage"},"image":{"@id":"https:\/\/esi.uclm.es\/index.php\/formacion-permanente\/curso-cero-de-matematicas-y-fisica\/#primaryimage"},"thumbnailUrl":"https:\/\/esi.uclm.es\/assets\/uploads\/2022\/02\/E-03f9PXsAAl5ZG-1024x576.jpeg","datePublished":"2022-01-27T18:36:52+00:00","dateModified":"2025-07-29T08:47:04+00:00","breadcrumb":{"@id":"https:\/\/esi.uclm.es\/index.php\/formacion-permanente\/curso-cero-de-matematicas-y-fisica\/#breadcrumb"},"inLanguage":"es","potentialAction":[{"@type":"ReadAction","target":["https:\/\/esi.uclm.es\/index.php\/formacion-permanente\/curso-cero-de-matematicas-y-fisica\/"]}]},{"@type":"ImageObject","inLanguage":"es","@id":"https:\/\/esi.uclm.es\/index.php\/formacion-permanente\/curso-cero-de-matematicas-y-fisica\/#primaryimage","url":"https:\/\/esi.uclm.es\/assets\/uploads\/2022\/02\/E-03f9PXsAAl5ZG-1024x576.jpeg","contentUrl":"https:\/\/esi.uclm.es\/assets\/uploads\/2022\/02\/E-03f9PXsAAl5ZG-1024x576.jpeg"},{"@type":"BreadcrumbList","@id":"https:\/\/esi.uclm.es\/index.php\/formacion-permanente\/curso-cero-de-matematicas-y-fisica\/#breadcrumb","itemListElement":[{"@type":"ListItem","position":1,"name":"Portada","item":"https:\/\/esi.uclm.es\/"},{"@type":"ListItem","position":2,"name":"Formaci\u00f3n Permanente","item":"https:\/\/esi.uclm.es\/index.php\/formacion-permanente\/"},{"@type":"ListItem","position":3,"name":"Curso cero de Matem\u00e1ticas y F\u00edsica"}]},{"@type":"WebSite","@id":"https:\/\/esi.uclm.es\/#website","url":"https:\/\/esi.uclm.es\/","name":"Escuela Superior de Inform\u00e1tica de UCLM en Ciudad Real, Castilla-La Mancha","description":"La Escuela Superior de Inform\u00e1tica de Ciudad Real (Castilla-La Mancha), Universidad de Castilla-La Mancha es un centro universitario que imparte el ciclo completo de Ingenier\u00eda en Inform\u00e1tica: grado, m\u00e1ster y doctorado.","publisher":{"@id":"https:\/\/esi.uclm.es\/#organization"},"potentialAction":[{"@type":"SearchAction","target":{"@type":"EntryPoint","urlTemplate":"https:\/\/esi.uclm.es\/?s={search_term_string}"},"query-input":{"@type":"PropertyValueSpecification","valueRequired":true,"valueName":"search_term_string"}}],"inLanguage":"es"},{"@type":"Organization","@id":"https:\/\/esi.uclm.es\/#organization","name":"Escuela Superior de Inform\u00e1tica de UCLM","url":"https:\/\/esi.uclm.es\/","logo":{"@type":"ImageObject","inLanguage":"es","@id":"https:\/\/esi.uclm.es\/#\/schema\/logo\/image\/","url":"https:\/\/esi.uclm.es\/assets\/uploads\/2022\/03\/LogoESI_cabecera-1.png","contentUrl":"https:\/\/esi.uclm.es\/assets\/uploads\/2022\/03\/LogoESI_cabecera-1.png","width":460,"height":184,"caption":"Escuela Superior de Inform\u00e1tica de UCLM"},"image":{"@id":"https:\/\/esi.uclm.es\/#\/schema\/logo\/image\/"},"sameAs":["https:\/\/www.facebook.com\/Escuela-Superior-de-Informtica-543261809027158","https:\/\/x.com\/esiuclm","https:\/\/www.instagram.com\/esiuclm\/","https:\/\/www.youtube.com\/user\/esiuclm","https:\/\/www.twitch.tv\/esiuclm","https:\/\/www.linkedin.com\/company\/12656631\/admin\/"]}]}},"_links":{"self":[{"href":"https:\/\/esi.uclm.es\/index.php\/wp-json\/wp\/v2\/pages\/4187","targetHints":{"allow":["GET"]}}],"collection":[{"href":"https:\/\/esi.uclm.es\/index.php\/wp-json\/wp\/v2\/pages"}],"about":[{"href":"https:\/\/esi.uclm.es\/index.php\/wp-json\/wp\/v2\/types\/page"}],"author":[{"embeddable":true,"href":"https:\/\/esi.uclm.es\/index.php\/wp-json\/wp\/v2\/users\/1"}],"replies":[{"embeddable":true,"href":"https:\/\/esi.uclm.es\/index.php\/wp-json\/wp\/v2\/comments?post=4187"}],"version-history":[{"count":20,"href":"https:\/\/esi.uclm.es\/index.php\/wp-json\/wp\/v2\/pages\/4187\/revisions"}],"predecessor-version":[{"id":21206,"href":"https:\/\/esi.uclm.es\/index.php\/wp-json\/wp\/v2\/pages\/4187\/revisions\/21206"}],"up":[{"embeddable":true,"href":"https:\/\/esi.uclm.es\/index.php\/wp-json\/wp\/v2\/pages\/5848"}],"wp:attachment":[{"href":"https:\/\/esi.uclm.es\/index.php\/wp-json\/wp\/v2\/media?parent=4187"}],"curies":[{"name":"wp","href":"https:\/\/api.w.org\/{rel}","templated":true}]}}