{"id":4181,"date":"2022-01-27T18:35:06","date_gmt":"2022-01-27T18:35:06","guid":{"rendered":"http:\/\/esiaz24.uclm.es\/?page_id=4181"},"modified":"2023-04-23T19:33:37","modified_gmt":"2023-04-23T19:33:37","slug":"programa-forte","status":"publish","type":"page","link":"https:\/\/esi.uclm.es\/index.php\/programas-singulares\/programa-forte\/","title":{"rendered":"Programa Forte"},"content":{"rendered":"\n<p><\/p>\n\n\n\n<figure class=\"wp-block-image size-full\"><img loading=\"lazy\" decoding=\"async\" width=\"1024\" height=\"236\" src=\"https:\/\/esi.uclm.es\/assets\/uploads\/2022\/05\/empleabilidad.webp\" alt=\"Edificio de empresas\" class=\"wp-image-10316\" srcset=\"https:\/\/esi.uclm.es\/assets\/uploads\/2022\/05\/empleabilidad.webp 1024w, https:\/\/esi.uclm.es\/assets\/uploads\/2022\/05\/empleabilidad-300x69.webp 300w, https:\/\/esi.uclm.es\/assets\/uploads\/2022\/05\/empleabilidad-768x177.webp 768w, https:\/\/esi.uclm.es\/assets\/uploads\/2022\/05\/empleabilidad-600x138.webp 600w\" sizes=\"auto, (max-width: 1024px) 100vw, 1024px\" \/><\/figure>\n\n\n\n<pre class=\"wp-block-verse\">Los convenios FORTE (FORTalecimiento de la Empleabilidad) son una de las l\u00edneas de acci\u00f3n del programa profESIonal\u00edzate lanzado por la Escuela Superior de Inform\u00e1tica (ESI) de Ciudad Real.<\/pre>\n\n\n\n<p><\/p>\n\n\n\n<p>Dicho programa persigue el fortalecimiento de las competencias profesionales de los egresados de la ESI. Se instrumenta a trav\u00e9s de <strong><a href=\"https:\/\/esi.uclm.es\/index.php\/programas-singulares\/convocatorias-forte\/\">convocatorias anuales<\/a><\/strong>.<\/p>\n\n\n\n<p>El objetivo fundamental de los FORTE es permitir que los estudiantes que est\u00e1n pr\u00f3ximos a la finalizaci\u00f3n de la carrera o el m\u00e1ster, y que idealmente s\u00f3lo le falte para concluir el TFG o TFM (TFE &#8211; Trabajo Fin de Estudios), sumergirse en el desarrollo de alg\u00fan proyecto real que se est\u00e9 llevando a cabo dentro de una empresa y realizar el TFE dentro de la misma. De esta forma, el estudiante tendr\u00e1 la oportunidad de realizar de manera conjunta pr\u00e1cticas, dentro del seno de la empresa, y el desarrollo de su TFE. Cada estudiante ser\u00e1 tutorizado por un profesor de la ESI y un Ingeniero por parte de la empresa, quien tendr\u00e1 la visi\u00f3n m\u00e1s pr\u00e1ctica del TFE. Por su parte, el profesor de la ESI podr\u00e1 acometer tanto labores pr\u00e1cticas, aunque siempre respetando la visi\u00f3n de la empresa pero velando por el cumplimiento de los objetivos desde el punto de vista acad\u00e9mico, como tareas m\u00e1s formales y acad\u00e9micas, comprobando que se cumple con la normativa existente y los est\u00e1ndares de calidad.<\/p>\n\n\n\n<p>Por tanto, se brinda a los estudiantes la posibilidad de iniciarse en el mundo empresarial antes de la finalizaci\u00f3n de la carrera. A diferencia de las pr\u00e1cticas en empresa, el estudiante se integra en un proyecto real y asume desde el principio mayor responsabilidad ya que ser\u00e1 necesario la consecuci\u00f3n de los objetivos del FORTE, objetivos m\u00e1s amplios de los que se pretenden alcanzar en pr\u00e1cticas en empresa.<\/p>\n\n\n\n<p>Tras la terminaci\u00f3n del FORTE y la consecuente defensa del TFE, la empresa se puede plantear contratar al alumno, aunque es as\u00ed en la mayor\u00eda de los casos, en ning\u00fan momento es vinculante y por tanto no obliga a la empresa ni al estudiante nada. Por tanto, los FORTE son una herramienta muy \u00fatil para obtener un perfil profesional m\u00e1s especializado que incremente las posibilidades no s\u00f3lo de ser contratado, sino de tener un [primer] contrato mejor.<\/p>\n\n\n\n<p>El proceso tiene estos pasos:<\/p>\n\n\n\n<ol class=\"wp-block-list\">\n<li>Conocimiento del inter\u00e9s por parte de los estudiantes. Se contacta con los estudiantes para conocer su perfil, las empresas en las que est\u00e1n interesados, tipo de proyectos que les gustar\u00eda realizar, etc.<\/li>\n\n\n\n<li>En funci\u00f3n de las preferencias indicadas por los estudiantes se contacta con las empresas m\u00e1s adecuadas y se les pide que muestren su inter\u00e9s en participar o no en la convocatoria. En caso de estar interesadas deben proporcionarnos los FORTE que ofertan y las caracter\u00edsticas de cada uno de ellos.<\/li>\n\n\n\n<li>Se publica la convocatoria para que los estudiantes puedan realizar las solicitudes.<\/li>\n\n\n\n<li>Los alumnos env\u00edan la solicitud, indicando los FORTE que les interesan. Adem\u00e1s deben adjuntar una copia de su CV y la ficha informativa que contiene su expediente acad\u00e9mico.<\/li>\n\n\n\n<li>Se env\u00eda a cada empresa la lista de posibles candidatos para cada FORTE y comienza el proceso de selecci\u00f3n por parte de las empresas. Habitualmente este proceso implica la realizaci\u00f3n de una o varias entrevistas por parte de los estudiantes para demostrar su val\u00eda.<\/li>\n\n\n\n<li>Las empresas comunican los resultados, los cuales son trasladados a los estudiantes por parte del responsable pertinente por parte de la ESI y se resuelven posibles conflictos. Los conflictos vienen ocasionados debido a que puede haber estudiantes que sean seleccionados por varias empresas y que, por tanto, tienen que rechazar alguna de las ofertas. Eso hace que haya una lista de suplentes para cubrir esa vacante.<\/li>\n<\/ol>\n\n\n\n<div class=\"wp-block-file\"><a id=\"wp-block-file--media-534547bb-c5af-4034-8016-0831fe2a2628\" href=\"https:\/\/esi.uclm.es\/assets\/uploads\/2022\/06\/buenas_practicas_forte.pdf\">+ Buenas Pr\u00e1cticas para la tutorizaci\u00f3n de Pr\u00e1cticas en Empresas y Trabajos Fin de Grado dentro de los convenios FORTE<\/a><a href=\"https:\/\/esi.uclm.es\/assets\/uploads\/2022\/06\/buenas_practicas_forte.pdf\" class=\"wp-block-file__button wp-element-button\" download aria-describedby=\"wp-block-file--media-534547bb-c5af-4034-8016-0831fe2a2628\">Descarga<\/a><\/div>\n","protected":false},"excerpt":{"rendered":"<p>Los convenios FORTE (FORTalecimiento de la Empleabilidad) son una de las l\u00edneas de acci\u00f3n del programa profESIonal\u00edzate lanzado por la Escuela Superior de Inform\u00e1tica (ESI) de Ciudad Real. Dicho programa persigue el fortalecimiento de las competencias profesionales de los egresados de la ESI. Se instrumenta [&hellip;]<\/p>\n","protected":false},"author":1,"featured_media":0,"parent":6885,"menu_order":0,"comment_status":"closed","ping_status":"closed","template":"","meta":{"footnotes":""},"class_list":["post-4181","page","type-page","status-publish","hentry"],"yoast_head":"<!-- This site is optimized with the Yoast SEO plugin v27.3 - https:\/\/yoast.com\/product\/yoast-seo-wordpress\/ -->\n<title>Programa Forte - Escuela Superior de Inform\u00e1tica de UCLM<\/title>\n<meta name=\"robots\" content=\"index, follow, max-snippet:-1, max-image-preview:large, max-video-preview:-1\" \/>\n<link rel=\"canonical\" href=\"https:\/\/esi.uclm.es\/index.php\/programas-singulares\/programa-forte\/\" \/>\n<meta property=\"og:locale\" content=\"es_ES\" \/>\n<meta property=\"og:type\" content=\"article\" \/>\n<meta property=\"og:title\" content=\"Programa Forte - Escuela Superior de Inform\u00e1tica de UCLM\" \/>\n<meta property=\"og:description\" content=\"Los convenios FORTE (FORTalecimiento de la Empleabilidad) son una de las l\u00edneas de acci\u00f3n del programa profESIonal\u00edzate lanzado por la Escuela Superior de Inform\u00e1tica (ESI) de Ciudad Real. Dicho programa persigue el fortalecimiento de las competencias profesionales de los egresados de la ESI. Se instrumenta [&hellip;]\" \/>\n<meta property=\"og:url\" content=\"https:\/\/esi.uclm.es\/index.php\/programas-singulares\/programa-forte\/\" \/>\n<meta property=\"og:site_name\" content=\"Escuela Superior de Inform\u00e1tica de UCLM\" \/>\n<meta property=\"article:publisher\" content=\"https:\/\/www.facebook.com\/Escuela-Superior-de-Informtica-543261809027158\" \/>\n<meta property=\"article:modified_time\" content=\"2023-04-23T19:33:37+00:00\" \/>\n<meta property=\"og:image\" content=\"https:\/\/esi.uclm.es\/assets\/uploads\/2022\/05\/empleabilidad.webp\" \/>\n<meta name=\"twitter:card\" content=\"summary_large_image\" \/>\n<meta name=\"twitter:site\" content=\"@esiuclm\" \/>\n<meta name=\"twitter:label1\" content=\"Tiempo de lectura\" \/>\n\t<meta name=\"twitter:data1\" content=\"4 minutos\" \/>\n<script type=\"application\/ld+json\" class=\"yoast-schema-graph\">{\"@context\":\"https:\\\/\\\/schema.org\",\"@graph\":[{\"@type\":\"WebPage\",\"@id\":\"https:\\\/\\\/esi.uclm.es\\\/index.php\\\/programas-singulares\\\/programa-forte\\\/\",\"url\":\"https:\\\/\\\/esi.uclm.es\\\/index.php\\\/programas-singulares\\\/programa-forte\\\/\",\"name\":\"Programa Forte - Escuela Superior de Inform\u00e1tica de UCLM\",\"isPartOf\":{\"@id\":\"https:\\\/\\\/esi.uclm.es\\\/#website\"},\"primaryImageOfPage\":{\"@id\":\"https:\\\/\\\/esi.uclm.es\\\/index.php\\\/programas-singulares\\\/programa-forte\\\/#primaryimage\"},\"image\":{\"@id\":\"https:\\\/\\\/esi.uclm.es\\\/index.php\\\/programas-singulares\\\/programa-forte\\\/#primaryimage\"},\"thumbnailUrl\":\"https:\\\/\\\/esi.uclm.es\\\/assets\\\/uploads\\\/2022\\\/05\\\/empleabilidad.webp\",\"datePublished\":\"2022-01-27T18:35:06+00:00\",\"dateModified\":\"2023-04-23T19:33:37+00:00\",\"breadcrumb\":{\"@id\":\"https:\\\/\\\/esi.uclm.es\\\/index.php\\\/programas-singulares\\\/programa-forte\\\/#breadcrumb\"},\"inLanguage\":\"es\",\"potentialAction\":[{\"@type\":\"ReadAction\",\"target\":[\"https:\\\/\\\/esi.uclm.es\\\/index.php\\\/programas-singulares\\\/programa-forte\\\/\"]}]},{\"@type\":\"ImageObject\",\"inLanguage\":\"es\",\"@id\":\"https:\\\/\\\/esi.uclm.es\\\/index.php\\\/programas-singulares\\\/programa-forte\\\/#primaryimage\",\"url\":\"https:\\\/\\\/esi.uclm.es\\\/assets\\\/uploads\\\/2022\\\/05\\\/empleabilidad.webp\",\"contentUrl\":\"https:\\\/\\\/esi.uclm.es\\\/assets\\\/uploads\\\/2022\\\/05\\\/empleabilidad.webp\"},{\"@type\":\"BreadcrumbList\",\"@id\":\"https:\\\/\\\/esi.uclm.es\\\/index.php\\\/programas-singulares\\\/programa-forte\\\/#breadcrumb\",\"itemListElement\":[{\"@type\":\"ListItem\",\"position\":1,\"name\":\"Portada\",\"item\":\"https:\\\/\\\/esi.uclm.es\\\/\"},{\"@type\":\"ListItem\",\"position\":2,\"name\":\"Programas singulares\",\"item\":\"https:\\\/\\\/esi.uclm.es\\\/index.php\\\/programas-singulares\\\/\"},{\"@type\":\"ListItem\",\"position\":3,\"name\":\"Programa Forte\"}]},{\"@type\":\"WebSite\",\"@id\":\"https:\\\/\\\/esi.uclm.es\\\/#website\",\"url\":\"https:\\\/\\\/esi.uclm.es\\\/\",\"name\":\"Escuela Superior de Inform\u00e1tica de UCLM en Ciudad Real, Castilla-La Mancha\",\"description\":\"La Escuela Superior de Inform\u00e1tica de Ciudad Real (Castilla-La Mancha), Universidad de Castilla-La Mancha es un centro universitario que imparte el ciclo completo de Ingenier\u00eda en Inform\u00e1tica: grado, m\u00e1ster y doctorado.\",\"publisher\":{\"@id\":\"https:\\\/\\\/esi.uclm.es\\\/#organization\"},\"potentialAction\":[{\"@type\":\"SearchAction\",\"target\":{\"@type\":\"EntryPoint\",\"urlTemplate\":\"https:\\\/\\\/esi.uclm.es\\\/?s={search_term_string}\"},\"query-input\":{\"@type\":\"PropertyValueSpecification\",\"valueRequired\":true,\"valueName\":\"search_term_string\"}}],\"inLanguage\":\"es\"},{\"@type\":\"Organization\",\"@id\":\"https:\\\/\\\/esi.uclm.es\\\/#organization\",\"name\":\"Escuela Superior de Inform\u00e1tica de UCLM\",\"url\":\"https:\\\/\\\/esi.uclm.es\\\/\",\"logo\":{\"@type\":\"ImageObject\",\"inLanguage\":\"es\",\"@id\":\"https:\\\/\\\/esi.uclm.es\\\/#\\\/schema\\\/logo\\\/image\\\/\",\"url\":\"https:\\\/\\\/esi.uclm.es\\\/assets\\\/uploads\\\/2022\\\/03\\\/LogoESI_cabecera-1.png\",\"contentUrl\":\"https:\\\/\\\/esi.uclm.es\\\/assets\\\/uploads\\\/2022\\\/03\\\/LogoESI_cabecera-1.png\",\"width\":460,\"height\":184,\"caption\":\"Escuela Superior de Inform\u00e1tica de UCLM\"},\"image\":{\"@id\":\"https:\\\/\\\/esi.uclm.es\\\/#\\\/schema\\\/logo\\\/image\\\/\"},\"sameAs\":[\"https:\\\/\\\/www.facebook.com\\\/Escuela-Superior-de-Informtica-543261809027158\",\"https:\\\/\\\/x.com\\\/esiuclm\",\"https:\\\/\\\/www.instagram.com\\\/esiuclm\\\/\",\"https:\\\/\\\/www.youtube.com\\\/user\\\/esiuclm\",\"https:\\\/\\\/www.twitch.tv\\\/esiuclm\",\"https:\\\/\\\/www.linkedin.com\\\/company\\\/12656631\\\/admin\\\/\"]}]}<\/script>\n<!-- \/ Yoast SEO plugin. -->","yoast_head_json":{"title":"Programa Forte - Escuela Superior de Inform\u00e1tica de UCLM","robots":{"index":"index","follow":"follow","max-snippet":"max-snippet:-1","max-image-preview":"max-image-preview:large","max-video-preview":"max-video-preview:-1"},"canonical":"https:\/\/esi.uclm.es\/index.php\/programas-singulares\/programa-forte\/","og_locale":"es_ES","og_type":"article","og_title":"Programa Forte - Escuela Superior de Inform\u00e1tica de UCLM","og_description":"Los convenios FORTE (FORTalecimiento de la Empleabilidad) son una de las l\u00edneas de acci\u00f3n del programa profESIonal\u00edzate lanzado por la Escuela Superior de Inform\u00e1tica (ESI) de Ciudad Real. Dicho programa persigue el fortalecimiento de las competencias profesionales de los egresados de la ESI. Se instrumenta [&hellip;]","og_url":"https:\/\/esi.uclm.es\/index.php\/programas-singulares\/programa-forte\/","og_site_name":"Escuela Superior de Inform\u00e1tica de UCLM","article_publisher":"https:\/\/www.facebook.com\/Escuela-Superior-de-Informtica-543261809027158","article_modified_time":"2023-04-23T19:33:37+00:00","og_image":[{"url":"https:\/\/esi.uclm.es\/assets\/uploads\/2022\/05\/empleabilidad.webp","type":"","width":"","height":""}],"twitter_card":"summary_large_image","twitter_site":"@esiuclm","twitter_misc":{"Tiempo de lectura":"4 minutos"},"schema":{"@context":"https:\/\/schema.org","@graph":[{"@type":"WebPage","@id":"https:\/\/esi.uclm.es\/index.php\/programas-singulares\/programa-forte\/","url":"https:\/\/esi.uclm.es\/index.php\/programas-singulares\/programa-forte\/","name":"Programa Forte - Escuela Superior de Inform\u00e1tica de UCLM","isPartOf":{"@id":"https:\/\/esi.uclm.es\/#website"},"primaryImageOfPage":{"@id":"https:\/\/esi.uclm.es\/index.php\/programas-singulares\/programa-forte\/#primaryimage"},"image":{"@id":"https:\/\/esi.uclm.es\/index.php\/programas-singulares\/programa-forte\/#primaryimage"},"thumbnailUrl":"https:\/\/esi.uclm.es\/assets\/uploads\/2022\/05\/empleabilidad.webp","datePublished":"2022-01-27T18:35:06+00:00","dateModified":"2023-04-23T19:33:37+00:00","breadcrumb":{"@id":"https:\/\/esi.uclm.es\/index.php\/programas-singulares\/programa-forte\/#breadcrumb"},"inLanguage":"es","potentialAction":[{"@type":"ReadAction","target":["https:\/\/esi.uclm.es\/index.php\/programas-singulares\/programa-forte\/"]}]},{"@type":"ImageObject","inLanguage":"es","@id":"https:\/\/esi.uclm.es\/index.php\/programas-singulares\/programa-forte\/#primaryimage","url":"https:\/\/esi.uclm.es\/assets\/uploads\/2022\/05\/empleabilidad.webp","contentUrl":"https:\/\/esi.uclm.es\/assets\/uploads\/2022\/05\/empleabilidad.webp"},{"@type":"BreadcrumbList","@id":"https:\/\/esi.uclm.es\/index.php\/programas-singulares\/programa-forte\/#breadcrumb","itemListElement":[{"@type":"ListItem","position":1,"name":"Portada","item":"https:\/\/esi.uclm.es\/"},{"@type":"ListItem","position":2,"name":"Programas singulares","item":"https:\/\/esi.uclm.es\/index.php\/programas-singulares\/"},{"@type":"ListItem","position":3,"name":"Programa Forte"}]},{"@type":"WebSite","@id":"https:\/\/esi.uclm.es\/#website","url":"https:\/\/esi.uclm.es\/","name":"Escuela Superior de Inform\u00e1tica de UCLM en Ciudad Real, Castilla-La Mancha","description":"La Escuela Superior de Inform\u00e1tica de Ciudad Real (Castilla-La Mancha), Universidad de Castilla-La Mancha es un centro universitario que imparte el ciclo completo de Ingenier\u00eda en Inform\u00e1tica: grado, m\u00e1ster y doctorado.","publisher":{"@id":"https:\/\/esi.uclm.es\/#organization"},"potentialAction":[{"@type":"SearchAction","target":{"@type":"EntryPoint","urlTemplate":"https:\/\/esi.uclm.es\/?s={search_term_string}"},"query-input":{"@type":"PropertyValueSpecification","valueRequired":true,"valueName":"search_term_string"}}],"inLanguage":"es"},{"@type":"Organization","@id":"https:\/\/esi.uclm.es\/#organization","name":"Escuela Superior de Inform\u00e1tica de UCLM","url":"https:\/\/esi.uclm.es\/","logo":{"@type":"ImageObject","inLanguage":"es","@id":"https:\/\/esi.uclm.es\/#\/schema\/logo\/image\/","url":"https:\/\/esi.uclm.es\/assets\/uploads\/2022\/03\/LogoESI_cabecera-1.png","contentUrl":"https:\/\/esi.uclm.es\/assets\/uploads\/2022\/03\/LogoESI_cabecera-1.png","width":460,"height":184,"caption":"Escuela Superior de Inform\u00e1tica de UCLM"},"image":{"@id":"https:\/\/esi.uclm.es\/#\/schema\/logo\/image\/"},"sameAs":["https:\/\/www.facebook.com\/Escuela-Superior-de-Informtica-543261809027158","https:\/\/x.com\/esiuclm","https:\/\/www.instagram.com\/esiuclm\/","https:\/\/www.youtube.com\/user\/esiuclm","https:\/\/www.twitch.tv\/esiuclm","https:\/\/www.linkedin.com\/company\/12656631\/admin\/"]}]}},"_links":{"self":[{"href":"https:\/\/esi.uclm.es\/index.php\/wp-json\/wp\/v2\/pages\/4181","targetHints":{"allow":["GET"]}}],"collection":[{"href":"https:\/\/esi.uclm.es\/index.php\/wp-json\/wp\/v2\/pages"}],"about":[{"href":"https:\/\/esi.uclm.es\/index.php\/wp-json\/wp\/v2\/types\/page"}],"author":[{"embeddable":true,"href":"https:\/\/esi.uclm.es\/index.php\/wp-json\/wp\/v2\/users\/1"}],"replies":[{"embeddable":true,"href":"https:\/\/esi.uclm.es\/index.php\/wp-json\/wp\/v2\/comments?post=4181"}],"version-history":[{"count":10,"href":"https:\/\/esi.uclm.es\/index.php\/wp-json\/wp\/v2\/pages\/4181\/revisions"}],"predecessor-version":[{"id":15421,"href":"https:\/\/esi.uclm.es\/index.php\/wp-json\/wp\/v2\/pages\/4181\/revisions\/15421"}],"up":[{"embeddable":true,"href":"https:\/\/esi.uclm.es\/index.php\/wp-json\/wp\/v2\/pages\/6885"}],"wp:attachment":[{"href":"https:\/\/esi.uclm.es\/index.php\/wp-json\/wp\/v2\/media?parent=4181"}],"curies":[{"name":"wp","href":"https:\/\/api.w.org\/{rel}","templated":true}]}}