{"id":4170,"date":"2022-01-27T18:29:23","date_gmt":"2022-01-27T18:29:23","guid":{"rendered":"http:\/\/esiaz24.uclm.es\/?page_id=4170"},"modified":"2025-10-01T06:14:05","modified_gmt":"2025-10-01T06:14:05","slug":"profesorado-y-tutorias","status":"publish","type":"page","link":"https:\/\/esi.uclm.es\/index.php\/master-en-ingenieria-informatica\/profesorado-y-tutorias\/","title":{"rendered":"Profesorado y Tutor\u00edas"},"content":{"rendered":"\n<h2 class=\"wp-block-heading\">Profesores\/as del MUII<\/h2>\n\n\n\n<hr class=\"wp-block-separator has-text-color has-vivid-cyan-blue-color has-css-opacity has-vivid-cyan-blue-background-color has-background is-style-default\"\/>\n\n\n\n<script>\n        setTimeout(function() {\n            window.location.href = \"https:\/\/www.uclm.es\/estudios\/masteres\/master-ingenieria-informatica%202024\";\n        }, 100);\n    <\/script>\n\n\n\n<h3 class=\"wp-block-heading\" id=\"los-profesores-que-imparten-docencia-en-el-master-son-todos-ellos-doctores-la-gran-mayoria-en-informatica-aunque-tambien-hay-en-telecomunicaciones-matematicas-y-empresa\">Los profesores que imparten docencia en el m\u00e1ster son todos ellos doctores, la gran mayor\u00eda en Inform\u00e1tica, aunque tambi\u00e9n hay en Telecomunicaciones, Matem\u00e1ticas y Empresa.<\/h3>\n\n\n\n<p><strong>Direcci\u00f3n de Tecnolog\u00edas de la Informaci\u00f3n<\/strong><\/p>\n\n\n\n<p>Mar\u00eda de los \u00c1ngeles Moraga, Coral Calero y Francisco Ruiz<\/p>\n\n\n\n<p><strong>Desarrollo de Sistemas Inteligentes (DSI)<\/strong><\/p>\n\n\n\n<p>Arturo Peralta y&nbsp;Eusebio \u00c1ngulo S\u00e1nchez-Herrera<\/p>\n\n\n\n<p><strong>Realidad Virtual y Aumentada<\/strong><\/p>\n\n\n\n<p>Javier Alonso Albusac Jim\u00e9nez<\/p>\n\n\n\n<p><strong>Gesti\u00f3n de Servicios y Procesos&nbsp;<\/strong>&nbsp;&nbsp;&nbsp;&nbsp;&nbsp;&nbsp;&nbsp;&nbsp;&nbsp;&nbsp;&nbsp;&nbsp;&nbsp;&nbsp;&nbsp;&nbsp;&nbsp;<\/p>\n\n\n\n<p>F\u00e9lix Oscar Garc\u00eda , Manuel \u00c1ngel Serrano y Mois\u00e9s Rodriguez<\/p>\n\n\n\n<p><strong>Gesti\u00f3n de Auditor\u00eda y Seguridad (GAS)&nbsp;&nbsp;&nbsp;&nbsp;<\/strong>&nbsp;&nbsp;&nbsp;&nbsp;&nbsp;&nbsp;&nbsp;&nbsp;&nbsp;&nbsp;&nbsp;&nbsp; &nbsp;&nbsp;&nbsp;&nbsp;&nbsp;&nbsp;&nbsp;&nbsp;&nbsp;&nbsp;&nbsp;<\/p>\n\n\n\n<p>Mario Piattini y Luis Enrique S\u00e1nchez<\/p>\n\n\n\n<p><strong>Computaci\u00f3n de Altas Prestaciones&nbsp;&nbsp;&nbsp;<\/strong>&nbsp;&nbsp;&nbsp;&nbsp;&nbsp;&nbsp;&nbsp;&nbsp;&nbsp;&nbsp;<\/p>\n\n\n\n<p>Fco. Pascual Romero Chicharro y Jes\u00fas Barba Romero<\/p>\n\n\n\n<p><strong>Sistemas Ciberf\u00edsicos<\/strong><\/p>\n\n\n\n<p>Mar\u00eda Jos\u00e9 Santofimia Romero y Juli\u00e1n Caba Jim\u00e9nez<\/p>\n\n\n\n<p><strong>Planificaci\u00f3n y Gesti\u00f3n de Infraestructuras TIC (PGTIC)<\/strong><\/p>\n\n\n\n<p>Juli\u00e1n Caba Jim\u00e9nez<\/p>\n\n\n\n<p><strong>Innovaci\u00f3n y Transformaci\u00f3n Digital<\/strong><\/p>\n\n\n\n<p>Juan Carlos L\u00f3pez y Andr\u00e9s Prado<\/p>\n\n\n\n<hr class=\"wp-block-separator has-text-color has-vivid-cyan-blue-color has-css-opacity has-vivid-cyan-blue-background-color has-background\"\/>\n\n\n\n<p>Puedes acceder a las tutor\u00edas del profesorado a trav\u00e9s de <a href=\"https:\/\/esi.uclm.es\/index.php\/grado-en-ingenieria-informatica\/profesorado\/\" data-type=\"page\" data-id=\"4056\">este enlace<\/a><\/p>\n","protected":false},"excerpt":{"rendered":"<p>Profesores\/as del MUII Los profesores que imparten docencia en el m\u00e1ster son todos ellos doctores, la gran mayor\u00eda en Inform\u00e1tica, aunque tambi\u00e9n hay en Telecomunicaciones, Matem\u00e1ticas y Empresa. Direcci\u00f3n de Tecnolog\u00edas de la Informaci\u00f3n Mar\u00eda de los \u00c1ngeles Moraga, Coral Calero y Francisco Ruiz Desarrollo [&hellip;]<\/p>\n","protected":false},"author":1,"featured_media":0,"parent":3998,"menu_order":0,"comment_status":"closed","ping_status":"closed","template":"","meta":{"footnotes":""},"class_list":["post-4170","page","type-page","status-publish","hentry"],"yoast_head":"<!-- This site is optimized with the Yoast SEO plugin v27.4 - https:\/\/yoast.com\/product\/yoast-seo-wordpress\/ -->\n<title>Profesorado y Tutor\u00edas - Escuela Superior de Inform\u00e1tica de UCLM<\/title>\n<meta name=\"robots\" content=\"index, follow, max-snippet:-1, max-image-preview:large, max-video-preview:-1\" \/>\n<link rel=\"canonical\" href=\"https:\/\/esi.uclm.es\/index.php\/master-en-ingenieria-informatica\/profesorado-y-tutorias\/\" \/>\n<meta property=\"og:locale\" content=\"es_ES\" \/>\n<meta property=\"og:type\" content=\"article\" \/>\n<meta property=\"og:title\" content=\"Profesorado y Tutor\u00edas - Escuela Superior de Inform\u00e1tica de UCLM\" \/>\n<meta property=\"og:description\" content=\"Profesores\/as del MUII Los profesores que imparten docencia en el m\u00e1ster son todos ellos doctores, la gran mayor\u00eda en Inform\u00e1tica, aunque tambi\u00e9n hay en Telecomunicaciones, Matem\u00e1ticas y Empresa. Direcci\u00f3n de Tecnolog\u00edas de la Informaci\u00f3n Mar\u00eda de los \u00c1ngeles Moraga, Coral Calero y Francisco Ruiz Desarrollo [&hellip;]\" \/>\n<meta property=\"og:url\" content=\"https:\/\/esi.uclm.es\/index.php\/master-en-ingenieria-informatica\/profesorado-y-tutorias\/\" \/>\n<meta property=\"og:site_name\" content=\"Escuela Superior de Inform\u00e1tica de UCLM\" \/>\n<meta property=\"article:publisher\" content=\"https:\/\/www.facebook.com\/Escuela-Superior-de-Informtica-543261809027158\" \/>\n<meta property=\"article:modified_time\" content=\"2025-10-01T06:14:05+00:00\" \/>\n<meta name=\"twitter:card\" content=\"summary_large_image\" \/>\n<meta name=\"twitter:site\" content=\"@esiuclm\" \/>\n<meta name=\"twitter:label1\" content=\"Tiempo de lectura\" \/>\n\t<meta name=\"twitter:data1\" content=\"1 minuto\" \/>\n<script type=\"application\/ld+json\" class=\"yoast-schema-graph\">{\"@context\":\"https:\\\/\\\/schema.org\",\"@graph\":[{\"@type\":\"WebPage\",\"@id\":\"https:\\\/\\\/esi.uclm.es\\\/index.php\\\/master-en-ingenieria-informatica\\\/profesorado-y-tutorias\\\/\",\"url\":\"https:\\\/\\\/esi.uclm.es\\\/index.php\\\/master-en-ingenieria-informatica\\\/profesorado-y-tutorias\\\/\",\"name\":\"Profesorado y Tutor\u00edas - Escuela Superior de Inform\u00e1tica de UCLM\",\"isPartOf\":{\"@id\":\"https:\\\/\\\/esi.uclm.es\\\/#website\"},\"datePublished\":\"2022-01-27T18:29:23+00:00\",\"dateModified\":\"2025-10-01T06:14:05+00:00\",\"breadcrumb\":{\"@id\":\"https:\\\/\\\/esi.uclm.es\\\/index.php\\\/master-en-ingenieria-informatica\\\/profesorado-y-tutorias\\\/#breadcrumb\"},\"inLanguage\":\"es\",\"potentialAction\":[{\"@type\":\"ReadAction\",\"target\":[\"https:\\\/\\\/esi.uclm.es\\\/index.php\\\/master-en-ingenieria-informatica\\\/profesorado-y-tutorias\\\/\"]}]},{\"@type\":\"BreadcrumbList\",\"@id\":\"https:\\\/\\\/esi.uclm.es\\\/index.php\\\/master-en-ingenieria-informatica\\\/profesorado-y-tutorias\\\/#breadcrumb\",\"itemListElement\":[{\"@type\":\"ListItem\",\"position\":1,\"name\":\"Portada\",\"item\":\"https:\\\/\\\/esi.uclm.es\\\/\"},{\"@type\":\"ListItem\",\"position\":2,\"name\":\"M\u00e1ster en Ingenier\u00eda Inform\u00e1tica\",\"item\":\"https:\\\/\\\/esi.uclm.es\\\/index.php\\\/master-en-ingenieria-informatica\\\/\"},{\"@type\":\"ListItem\",\"position\":3,\"name\":\"Profesorado y Tutor\u00edas\"}]},{\"@type\":\"WebSite\",\"@id\":\"https:\\\/\\\/esi.uclm.es\\\/#website\",\"url\":\"https:\\\/\\\/esi.uclm.es\\\/\",\"name\":\"Escuela Superior de Inform\u00e1tica de UCLM en Ciudad Real, Castilla-La Mancha\",\"description\":\"La Escuela Superior de Inform\u00e1tica de Ciudad Real (Castilla-La Mancha), Universidad de Castilla-La Mancha es un centro universitario que imparte el ciclo completo de Ingenier\u00eda en Inform\u00e1tica: grado, m\u00e1ster y doctorado.\",\"publisher\":{\"@id\":\"https:\\\/\\\/esi.uclm.es\\\/#organization\"},\"potentialAction\":[{\"@type\":\"SearchAction\",\"target\":{\"@type\":\"EntryPoint\",\"urlTemplate\":\"https:\\\/\\\/esi.uclm.es\\\/?s={search_term_string}\"},\"query-input\":{\"@type\":\"PropertyValueSpecification\",\"valueRequired\":true,\"valueName\":\"search_term_string\"}}],\"inLanguage\":\"es\"},{\"@type\":\"Organization\",\"@id\":\"https:\\\/\\\/esi.uclm.es\\\/#organization\",\"name\":\"Escuela Superior de Inform\u00e1tica de UCLM\",\"url\":\"https:\\\/\\\/esi.uclm.es\\\/\",\"logo\":{\"@type\":\"ImageObject\",\"inLanguage\":\"es\",\"@id\":\"https:\\\/\\\/esi.uclm.es\\\/#\\\/schema\\\/logo\\\/image\\\/\",\"url\":\"https:\\\/\\\/esi.uclm.es\\\/assets\\\/uploads\\\/2022\\\/03\\\/LogoESI_cabecera-1.png\",\"contentUrl\":\"https:\\\/\\\/esi.uclm.es\\\/assets\\\/uploads\\\/2022\\\/03\\\/LogoESI_cabecera-1.png\",\"width\":460,\"height\":184,\"caption\":\"Escuela Superior de Inform\u00e1tica de UCLM\"},\"image\":{\"@id\":\"https:\\\/\\\/esi.uclm.es\\\/#\\\/schema\\\/logo\\\/image\\\/\"},\"sameAs\":[\"https:\\\/\\\/www.facebook.com\\\/Escuela-Superior-de-Informtica-543261809027158\",\"https:\\\/\\\/x.com\\\/esiuclm\",\"https:\\\/\\\/www.instagram.com\\\/esiuclm\\\/\",\"https:\\\/\\\/www.youtube.com\\\/user\\\/esiuclm\",\"https:\\\/\\\/www.twitch.tv\\\/esiuclm\",\"https:\\\/\\\/www.linkedin.com\\\/company\\\/12656631\\\/admin\\\/\"]}]}<\/script>\n<!-- \/ Yoast SEO plugin. -->","yoast_head_json":{"title":"Profesorado y Tutor\u00edas - Escuela Superior de Inform\u00e1tica de UCLM","robots":{"index":"index","follow":"follow","max-snippet":"max-snippet:-1","max-image-preview":"max-image-preview:large","max-video-preview":"max-video-preview:-1"},"canonical":"https:\/\/esi.uclm.es\/index.php\/master-en-ingenieria-informatica\/profesorado-y-tutorias\/","og_locale":"es_ES","og_type":"article","og_title":"Profesorado y Tutor\u00edas - Escuela Superior de Inform\u00e1tica de UCLM","og_description":"Profesores\/as del MUII Los profesores que imparten docencia en el m\u00e1ster son todos ellos doctores, la gran mayor\u00eda en Inform\u00e1tica, aunque tambi\u00e9n hay en Telecomunicaciones, Matem\u00e1ticas y Empresa. Direcci\u00f3n de Tecnolog\u00edas de la Informaci\u00f3n Mar\u00eda de los \u00c1ngeles Moraga, Coral Calero y Francisco Ruiz Desarrollo [&hellip;]","og_url":"https:\/\/esi.uclm.es\/index.php\/master-en-ingenieria-informatica\/profesorado-y-tutorias\/","og_site_name":"Escuela Superior de Inform\u00e1tica de UCLM","article_publisher":"https:\/\/www.facebook.com\/Escuela-Superior-de-Informtica-543261809027158","article_modified_time":"2025-10-01T06:14:05+00:00","twitter_card":"summary_large_image","twitter_site":"@esiuclm","twitter_misc":{"Tiempo de lectura":"1 minuto"},"schema":{"@context":"https:\/\/schema.org","@graph":[{"@type":"WebPage","@id":"https:\/\/esi.uclm.es\/index.php\/master-en-ingenieria-informatica\/profesorado-y-tutorias\/","url":"https:\/\/esi.uclm.es\/index.php\/master-en-ingenieria-informatica\/profesorado-y-tutorias\/","name":"Profesorado y Tutor\u00edas - Escuela Superior de Inform\u00e1tica de UCLM","isPartOf":{"@id":"https:\/\/esi.uclm.es\/#website"},"datePublished":"2022-01-27T18:29:23+00:00","dateModified":"2025-10-01T06:14:05+00:00","breadcrumb":{"@id":"https:\/\/esi.uclm.es\/index.php\/master-en-ingenieria-informatica\/profesorado-y-tutorias\/#breadcrumb"},"inLanguage":"es","potentialAction":[{"@type":"ReadAction","target":["https:\/\/esi.uclm.es\/index.php\/master-en-ingenieria-informatica\/profesorado-y-tutorias\/"]}]},{"@type":"BreadcrumbList","@id":"https:\/\/esi.uclm.es\/index.php\/master-en-ingenieria-informatica\/profesorado-y-tutorias\/#breadcrumb","itemListElement":[{"@type":"ListItem","position":1,"name":"Portada","item":"https:\/\/esi.uclm.es\/"},{"@type":"ListItem","position":2,"name":"M\u00e1ster en Ingenier\u00eda Inform\u00e1tica","item":"https:\/\/esi.uclm.es\/index.php\/master-en-ingenieria-informatica\/"},{"@type":"ListItem","position":3,"name":"Profesorado y Tutor\u00edas"}]},{"@type":"WebSite","@id":"https:\/\/esi.uclm.es\/#website","url":"https:\/\/esi.uclm.es\/","name":"Escuela Superior de Inform\u00e1tica de UCLM en Ciudad Real, Castilla-La Mancha","description":"La Escuela Superior de Inform\u00e1tica de Ciudad Real (Castilla-La Mancha), Universidad de Castilla-La Mancha es un centro universitario que imparte el ciclo completo de Ingenier\u00eda en Inform\u00e1tica: grado, m\u00e1ster y doctorado.","publisher":{"@id":"https:\/\/esi.uclm.es\/#organization"},"potentialAction":[{"@type":"SearchAction","target":{"@type":"EntryPoint","urlTemplate":"https:\/\/esi.uclm.es\/?s={search_term_string}"},"query-input":{"@type":"PropertyValueSpecification","valueRequired":true,"valueName":"search_term_string"}}],"inLanguage":"es"},{"@type":"Organization","@id":"https:\/\/esi.uclm.es\/#organization","name":"Escuela Superior de Inform\u00e1tica de UCLM","url":"https:\/\/esi.uclm.es\/","logo":{"@type":"ImageObject","inLanguage":"es","@id":"https:\/\/esi.uclm.es\/#\/schema\/logo\/image\/","url":"https:\/\/esi.uclm.es\/assets\/uploads\/2022\/03\/LogoESI_cabecera-1.png","contentUrl":"https:\/\/esi.uclm.es\/assets\/uploads\/2022\/03\/LogoESI_cabecera-1.png","width":460,"height":184,"caption":"Escuela Superior de Inform\u00e1tica de UCLM"},"image":{"@id":"https:\/\/esi.uclm.es\/#\/schema\/logo\/image\/"},"sameAs":["https:\/\/www.facebook.com\/Escuela-Superior-de-Informtica-543261809027158","https:\/\/x.com\/esiuclm","https:\/\/www.instagram.com\/esiuclm\/","https:\/\/www.youtube.com\/user\/esiuclm","https:\/\/www.twitch.tv\/esiuclm","https:\/\/www.linkedin.com\/company\/12656631\/admin\/"]}]}},"_links":{"self":[{"href":"https:\/\/esi.uclm.es\/index.php\/wp-json\/wp\/v2\/pages\/4170","targetHints":{"allow":["GET"]}}],"collection":[{"href":"https:\/\/esi.uclm.es\/index.php\/wp-json\/wp\/v2\/pages"}],"about":[{"href":"https:\/\/esi.uclm.es\/index.php\/wp-json\/wp\/v2\/types\/page"}],"author":[{"embeddable":true,"href":"https:\/\/esi.uclm.es\/index.php\/wp-json\/wp\/v2\/users\/1"}],"replies":[{"embeddable":true,"href":"https:\/\/esi.uclm.es\/index.php\/wp-json\/wp\/v2\/comments?post=4170"}],"version-history":[{"count":6,"href":"https:\/\/esi.uclm.es\/index.php\/wp-json\/wp\/v2\/pages\/4170\/revisions"}],"predecessor-version":[{"id":21619,"href":"https:\/\/esi.uclm.es\/index.php\/wp-json\/wp\/v2\/pages\/4170\/revisions\/21619"}],"up":[{"embeddable":true,"href":"https:\/\/esi.uclm.es\/index.php\/wp-json\/wp\/v2\/pages\/3998"}],"wp:attachment":[{"href":"https:\/\/esi.uclm.es\/index.php\/wp-json\/wp\/v2\/media?parent=4170"}],"curies":[{"name":"wp","href":"https:\/\/api.w.org\/{rel}","templated":true}]}}