{"id":4164,"date":"2022-01-27T18:27:47","date_gmt":"2022-01-27T18:27:47","guid":{"rendered":"http:\/\/esiaz24.uclm.es\/?page_id=4164"},"modified":"2025-10-01T06:17:54","modified_gmt":"2025-10-01T06:17:54","slug":"faq-master","status":"publish","type":"page","link":"https:\/\/esi.uclm.es\/index.php\/master-en-ingenieria-informatica\/faq-master\/","title":{"rendered":"FAQ M\u00e1ster"},"content":{"rendered":"\n<figure class=\"wp-block-image size-full\"><img loading=\"lazy\" decoding=\"async\" width=\"1024\" height=\"236\" src=\"https:\/\/esi.uclm.es\/assets\/uploads\/2022\/05\/preguntas.webp\" alt=\"Preguntas y s\u00edmbolos de interrogaci\u00f3n\" class=\"wp-image-10319\" srcset=\"https:\/\/esi.uclm.es\/assets\/uploads\/2022\/05\/preguntas.webp 1024w, https:\/\/esi.uclm.es\/assets\/uploads\/2022\/05\/preguntas-300x69.webp 300w, https:\/\/esi.uclm.es\/assets\/uploads\/2022\/05\/preguntas-768x177.webp 768w, https:\/\/esi.uclm.es\/assets\/uploads\/2022\/05\/preguntas-600x138.webp 600w\" sizes=\"auto, (max-width: 1024px) 100vw, 1024px\" \/><\/figure>\n\n\n\n<h2 class=\"wp-block-heading\">Preguntas Frecuentes<\/h2>\n\n\n\n<hr class=\"wp-block-separator has-text-color has-vivid-cyan-blue-color has-css-opacity has-vivid-cyan-blue-background-color has-background is-style-default\"\/>\n\n\n\n<p>En este documento se intentan aclarar algunas dudas para los posibles interesados en el M\u00e1ster oficial en Ingenier\u00eda Inform\u00e1tica (MII):<\/p>\n\n\n\n<script>\n        setTimeout(function() {\n            window.location.href = \"https:\/\/www.uclm.es\/estudios\/masteres\/master-ingenieria-informatica%202024\";\n        }, 100);\n    <\/script>\n\n\n\n<div class=\"wp-block-file\"><a id=\"wp-block-file--media-893f29d6-68c3-4ab2-850e-651d487e5870\" href=\"https:\/\/esi.uclm.es\/assets\/uploads\/2022\/01\/esi-mii-preguntasfrecuentes20172018.pdf\">esi-mii-preguntasfrecuentes20172018<\/a><a href=\"https:\/\/esi.uclm.es\/assets\/uploads\/2022\/01\/esi-mii-preguntasfrecuentes20172018.pdf\" class=\"wp-block-file__button wp-element-button\" download aria-describedby=\"wp-block-file--media-893f29d6-68c3-4ab2-850e-651d487e5870\">Descarga<\/a><\/div>\n","protected":false},"excerpt":{"rendered":"<p>Preguntas Frecuentes En este documento se intentan aclarar algunas dudas para los posibles interesados en el M\u00e1ster oficial en Ingenier\u00eda Inform\u00e1tica (MII):<\/p>\n","protected":false},"author":1,"featured_media":0,"parent":3998,"menu_order":0,"comment_status":"closed","ping_status":"closed","template":"","meta":{"footnotes":""},"class_list":["post-4164","page","type-page","status-publish","hentry"],"yoast_head":"<!-- This site is optimized with the Yoast SEO plugin v27.4 - https:\/\/yoast.com\/product\/yoast-seo-wordpress\/ -->\n<title>FAQ M\u00e1ster - Escuela Superior de Inform\u00e1tica de UCLM<\/title>\n<meta name=\"robots\" content=\"index, follow, max-snippet:-1, max-image-preview:large, max-video-preview:-1\" \/>\n<link rel=\"canonical\" href=\"https:\/\/esi.uclm.es\/index.php\/master-en-ingenieria-informatica\/faq-master\/\" \/>\n<meta property=\"og:locale\" content=\"es_ES\" \/>\n<meta property=\"og:type\" content=\"article\" \/>\n<meta property=\"og:title\" content=\"FAQ M\u00e1ster - Escuela Superior de Inform\u00e1tica de UCLM\" \/>\n<meta property=\"og:description\" content=\"Preguntas Frecuentes En este documento se intentan aclarar algunas dudas para los posibles interesados en el M\u00e1ster oficial en Ingenier\u00eda Inform\u00e1tica (MII):\" \/>\n<meta property=\"og:url\" content=\"https:\/\/esi.uclm.es\/index.php\/master-en-ingenieria-informatica\/faq-master\/\" \/>\n<meta property=\"og:site_name\" content=\"Escuela Superior de Inform\u00e1tica de UCLM\" \/>\n<meta property=\"article:publisher\" content=\"https:\/\/www.facebook.com\/Escuela-Superior-de-Informtica-543261809027158\" \/>\n<meta property=\"article:modified_time\" content=\"2025-10-01T06:17:54+00:00\" \/>\n<meta property=\"og:image\" content=\"https:\/\/esi.uclm.es\/assets\/uploads\/2022\/05\/preguntas.webp\" \/>\n\t<meta property=\"og:image:width\" content=\"1024\" \/>\n\t<meta property=\"og:image:height\" content=\"236\" \/>\n\t<meta property=\"og:image:type\" content=\"image\/webp\" \/>\n<meta name=\"twitter:card\" content=\"summary_large_image\" \/>\n<meta name=\"twitter:site\" content=\"@esiuclm\" \/>\n<meta name=\"twitter:label1\" content=\"Tiempo de lectura\" \/>\n\t<meta name=\"twitter:data1\" content=\"1 minuto\" \/>\n<script type=\"application\/ld+json\" class=\"yoast-schema-graph\">{\"@context\":\"https:\\\/\\\/schema.org\",\"@graph\":[{\"@type\":\"WebPage\",\"@id\":\"https:\\\/\\\/esi.uclm.es\\\/index.php\\\/master-en-ingenieria-informatica\\\/faq-master\\\/\",\"url\":\"https:\\\/\\\/esi.uclm.es\\\/index.php\\\/master-en-ingenieria-informatica\\\/faq-master\\\/\",\"name\":\"FAQ M\u00e1ster - Escuela Superior de Inform\u00e1tica de UCLM\",\"isPartOf\":{\"@id\":\"https:\\\/\\\/esi.uclm.es\\\/#website\"},\"primaryImageOfPage\":{\"@id\":\"https:\\\/\\\/esi.uclm.es\\\/index.php\\\/master-en-ingenieria-informatica\\\/faq-master\\\/#primaryimage\"},\"image\":{\"@id\":\"https:\\\/\\\/esi.uclm.es\\\/index.php\\\/master-en-ingenieria-informatica\\\/faq-master\\\/#primaryimage\"},\"thumbnailUrl\":\"https:\\\/\\\/esi.uclm.es\\\/assets\\\/uploads\\\/2022\\\/05\\\/preguntas.webp\",\"datePublished\":\"2022-01-27T18:27:47+00:00\",\"dateModified\":\"2025-10-01T06:17:54+00:00\",\"breadcrumb\":{\"@id\":\"https:\\\/\\\/esi.uclm.es\\\/index.php\\\/master-en-ingenieria-informatica\\\/faq-master\\\/#breadcrumb\"},\"inLanguage\":\"es\",\"potentialAction\":[{\"@type\":\"ReadAction\",\"target\":[\"https:\\\/\\\/esi.uclm.es\\\/index.php\\\/master-en-ingenieria-informatica\\\/faq-master\\\/\"]}]},{\"@type\":\"ImageObject\",\"inLanguage\":\"es\",\"@id\":\"https:\\\/\\\/esi.uclm.es\\\/index.php\\\/master-en-ingenieria-informatica\\\/faq-master\\\/#primaryimage\",\"url\":\"https:\\\/\\\/esi.uclm.es\\\/assets\\\/uploads\\\/2022\\\/05\\\/preguntas.webp\",\"contentUrl\":\"https:\\\/\\\/esi.uclm.es\\\/assets\\\/uploads\\\/2022\\\/05\\\/preguntas.webp\"},{\"@type\":\"BreadcrumbList\",\"@id\":\"https:\\\/\\\/esi.uclm.es\\\/index.php\\\/master-en-ingenieria-informatica\\\/faq-master\\\/#breadcrumb\",\"itemListElement\":[{\"@type\":\"ListItem\",\"position\":1,\"name\":\"Portada\",\"item\":\"https:\\\/\\\/esi.uclm.es\\\/\"},{\"@type\":\"ListItem\",\"position\":2,\"name\":\"M\u00e1ster en Ingenier\u00eda Inform\u00e1tica\",\"item\":\"https:\\\/\\\/esi.uclm.es\\\/index.php\\\/master-en-ingenieria-informatica\\\/\"},{\"@type\":\"ListItem\",\"position\":3,\"name\":\"FAQ M\u00e1ster\"}]},{\"@type\":\"WebSite\",\"@id\":\"https:\\\/\\\/esi.uclm.es\\\/#website\",\"url\":\"https:\\\/\\\/esi.uclm.es\\\/\",\"name\":\"Escuela Superior de Inform\u00e1tica de UCLM en Ciudad Real, Castilla-La Mancha\",\"description\":\"La Escuela Superior de Inform\u00e1tica de Ciudad Real (Castilla-La Mancha), Universidad de Castilla-La Mancha es un centro universitario que imparte el ciclo completo de Ingenier\u00eda en Inform\u00e1tica: grado, m\u00e1ster y doctorado.\",\"publisher\":{\"@id\":\"https:\\\/\\\/esi.uclm.es\\\/#organization\"},\"potentialAction\":[{\"@type\":\"SearchAction\",\"target\":{\"@type\":\"EntryPoint\",\"urlTemplate\":\"https:\\\/\\\/esi.uclm.es\\\/?s={search_term_string}\"},\"query-input\":{\"@type\":\"PropertyValueSpecification\",\"valueRequired\":true,\"valueName\":\"search_term_string\"}}],\"inLanguage\":\"es\"},{\"@type\":\"Organization\",\"@id\":\"https:\\\/\\\/esi.uclm.es\\\/#organization\",\"name\":\"Escuela Superior de Inform\u00e1tica de UCLM\",\"url\":\"https:\\\/\\\/esi.uclm.es\\\/\",\"logo\":{\"@type\":\"ImageObject\",\"inLanguage\":\"es\",\"@id\":\"https:\\\/\\\/esi.uclm.es\\\/#\\\/schema\\\/logo\\\/image\\\/\",\"url\":\"https:\\\/\\\/esi.uclm.es\\\/assets\\\/uploads\\\/2022\\\/03\\\/LogoESI_cabecera-1.png\",\"contentUrl\":\"https:\\\/\\\/esi.uclm.es\\\/assets\\\/uploads\\\/2022\\\/03\\\/LogoESI_cabecera-1.png\",\"width\":460,\"height\":184,\"caption\":\"Escuela Superior de Inform\u00e1tica de UCLM\"},\"image\":{\"@id\":\"https:\\\/\\\/esi.uclm.es\\\/#\\\/schema\\\/logo\\\/image\\\/\"},\"sameAs\":[\"https:\\\/\\\/www.facebook.com\\\/Escuela-Superior-de-Informtica-543261809027158\",\"https:\\\/\\\/x.com\\\/esiuclm\",\"https:\\\/\\\/www.instagram.com\\\/esiuclm\\\/\",\"https:\\\/\\\/www.youtube.com\\\/user\\\/esiuclm\",\"https:\\\/\\\/www.twitch.tv\\\/esiuclm\",\"https:\\\/\\\/www.linkedin.com\\\/company\\\/12656631\\\/admin\\\/\"]}]}<\/script>\n<!-- \/ Yoast SEO plugin. -->","yoast_head_json":{"title":"FAQ M\u00e1ster - Escuela Superior de Inform\u00e1tica de UCLM","robots":{"index":"index","follow":"follow","max-snippet":"max-snippet:-1","max-image-preview":"max-image-preview:large","max-video-preview":"max-video-preview:-1"},"canonical":"https:\/\/esi.uclm.es\/index.php\/master-en-ingenieria-informatica\/faq-master\/","og_locale":"es_ES","og_type":"article","og_title":"FAQ M\u00e1ster - Escuela Superior de Inform\u00e1tica de UCLM","og_description":"Preguntas Frecuentes En este documento se intentan aclarar algunas dudas para los posibles interesados en el M\u00e1ster oficial en Ingenier\u00eda Inform\u00e1tica (MII):","og_url":"https:\/\/esi.uclm.es\/index.php\/master-en-ingenieria-informatica\/faq-master\/","og_site_name":"Escuela Superior de Inform\u00e1tica de UCLM","article_publisher":"https:\/\/www.facebook.com\/Escuela-Superior-de-Informtica-543261809027158","article_modified_time":"2025-10-01T06:17:54+00:00","og_image":[{"width":1024,"height":236,"url":"https:\/\/esi.uclm.es\/assets\/uploads\/2022\/05\/preguntas.webp","type":"image\/webp"}],"twitter_card":"summary_large_image","twitter_site":"@esiuclm","twitter_misc":{"Tiempo de lectura":"1 minuto"},"schema":{"@context":"https:\/\/schema.org","@graph":[{"@type":"WebPage","@id":"https:\/\/esi.uclm.es\/index.php\/master-en-ingenieria-informatica\/faq-master\/","url":"https:\/\/esi.uclm.es\/index.php\/master-en-ingenieria-informatica\/faq-master\/","name":"FAQ M\u00e1ster - Escuela Superior de Inform\u00e1tica de UCLM","isPartOf":{"@id":"https:\/\/esi.uclm.es\/#website"},"primaryImageOfPage":{"@id":"https:\/\/esi.uclm.es\/index.php\/master-en-ingenieria-informatica\/faq-master\/#primaryimage"},"image":{"@id":"https:\/\/esi.uclm.es\/index.php\/master-en-ingenieria-informatica\/faq-master\/#primaryimage"},"thumbnailUrl":"https:\/\/esi.uclm.es\/assets\/uploads\/2022\/05\/preguntas.webp","datePublished":"2022-01-27T18:27:47+00:00","dateModified":"2025-10-01T06:17:54+00:00","breadcrumb":{"@id":"https:\/\/esi.uclm.es\/index.php\/master-en-ingenieria-informatica\/faq-master\/#breadcrumb"},"inLanguage":"es","potentialAction":[{"@type":"ReadAction","target":["https:\/\/esi.uclm.es\/index.php\/master-en-ingenieria-informatica\/faq-master\/"]}]},{"@type":"ImageObject","inLanguage":"es","@id":"https:\/\/esi.uclm.es\/index.php\/master-en-ingenieria-informatica\/faq-master\/#primaryimage","url":"https:\/\/esi.uclm.es\/assets\/uploads\/2022\/05\/preguntas.webp","contentUrl":"https:\/\/esi.uclm.es\/assets\/uploads\/2022\/05\/preguntas.webp"},{"@type":"BreadcrumbList","@id":"https:\/\/esi.uclm.es\/index.php\/master-en-ingenieria-informatica\/faq-master\/#breadcrumb","itemListElement":[{"@type":"ListItem","position":1,"name":"Portada","item":"https:\/\/esi.uclm.es\/"},{"@type":"ListItem","position":2,"name":"M\u00e1ster en Ingenier\u00eda Inform\u00e1tica","item":"https:\/\/esi.uclm.es\/index.php\/master-en-ingenieria-informatica\/"},{"@type":"ListItem","position":3,"name":"FAQ M\u00e1ster"}]},{"@type":"WebSite","@id":"https:\/\/esi.uclm.es\/#website","url":"https:\/\/esi.uclm.es\/","name":"Escuela Superior de Inform\u00e1tica de UCLM en Ciudad Real, Castilla-La Mancha","description":"La Escuela Superior de Inform\u00e1tica de Ciudad Real (Castilla-La Mancha), Universidad de Castilla-La Mancha es un centro universitario que imparte el ciclo completo de Ingenier\u00eda en Inform\u00e1tica: grado, m\u00e1ster y doctorado.","publisher":{"@id":"https:\/\/esi.uclm.es\/#organization"},"potentialAction":[{"@type":"SearchAction","target":{"@type":"EntryPoint","urlTemplate":"https:\/\/esi.uclm.es\/?s={search_term_string}"},"query-input":{"@type":"PropertyValueSpecification","valueRequired":true,"valueName":"search_term_string"}}],"inLanguage":"es"},{"@type":"Organization","@id":"https:\/\/esi.uclm.es\/#organization","name":"Escuela Superior de Inform\u00e1tica de UCLM","url":"https:\/\/esi.uclm.es\/","logo":{"@type":"ImageObject","inLanguage":"es","@id":"https:\/\/esi.uclm.es\/#\/schema\/logo\/image\/","url":"https:\/\/esi.uclm.es\/assets\/uploads\/2022\/03\/LogoESI_cabecera-1.png","contentUrl":"https:\/\/esi.uclm.es\/assets\/uploads\/2022\/03\/LogoESI_cabecera-1.png","width":460,"height":184,"caption":"Escuela Superior de Inform\u00e1tica de UCLM"},"image":{"@id":"https:\/\/esi.uclm.es\/#\/schema\/logo\/image\/"},"sameAs":["https:\/\/www.facebook.com\/Escuela-Superior-de-Informtica-543261809027158","https:\/\/x.com\/esiuclm","https:\/\/www.instagram.com\/esiuclm\/","https:\/\/www.youtube.com\/user\/esiuclm","https:\/\/www.twitch.tv\/esiuclm","https:\/\/www.linkedin.com\/company\/12656631\/admin\/"]}]}},"_links":{"self":[{"href":"https:\/\/esi.uclm.es\/index.php\/wp-json\/wp\/v2\/pages\/4164","targetHints":{"allow":["GET"]}}],"collection":[{"href":"https:\/\/esi.uclm.es\/index.php\/wp-json\/wp\/v2\/pages"}],"about":[{"href":"https:\/\/esi.uclm.es\/index.php\/wp-json\/wp\/v2\/types\/page"}],"author":[{"embeddable":true,"href":"https:\/\/esi.uclm.es\/index.php\/wp-json\/wp\/v2\/users\/1"}],"replies":[{"embeddable":true,"href":"https:\/\/esi.uclm.es\/index.php\/wp-json\/wp\/v2\/comments?post=4164"}],"version-history":[{"count":7,"href":"https:\/\/esi.uclm.es\/index.php\/wp-json\/wp\/v2\/pages\/4164\/revisions"}],"predecessor-version":[{"id":21622,"href":"https:\/\/esi.uclm.es\/index.php\/wp-json\/wp\/v2\/pages\/4164\/revisions\/21622"}],"up":[{"embeddable":true,"href":"https:\/\/esi.uclm.es\/index.php\/wp-json\/wp\/v2\/pages\/3998"}],"wp:attachment":[{"href":"https:\/\/esi.uclm.es\/index.php\/wp-json\/wp\/v2\/media?parent=4164"}],"curies":[{"name":"wp","href":"https:\/\/api.w.org\/{rel}","templated":true}]}}