{"id":4153,"date":"2022-01-27T18:24:45","date_gmt":"2022-01-27T18:24:45","guid":{"rendered":"http:\/\/esiaz24.uclm.es\/?page_id=4153"},"modified":"2025-10-01T06:14:49","modified_gmt":"2025-10-01T06:14:49","slug":"practicas-en-empresa","status":"publish","type":"page","link":"https:\/\/esi.uclm.es\/index.php\/master-en-ingenieria-informatica\/practicas-en-empresa\/","title":{"rendered":"Pr\u00e1cticas en Empresa M\u00e1ster"},"content":{"rendered":"\n<figure class=\"wp-block-image size-large\"><img loading=\"lazy\" decoding=\"async\" width=\"1024\" height=\"240\" src=\"https:\/\/esi.uclm.es\/assets\/uploads\/2022\/05\/empresa-1024x240.jpeg\" alt=\"Personas trabajando en una empresa\" class=\"wp-image-10562\" srcset=\"https:\/\/esi.uclm.es\/assets\/uploads\/2022\/05\/empresa-1024x240.jpeg 1024w, https:\/\/esi.uclm.es\/assets\/uploads\/2022\/05\/empresa-300x70.jpeg 300w, https:\/\/esi.uclm.es\/assets\/uploads\/2022\/05\/empresa-768x180.jpeg 768w, https:\/\/esi.uclm.es\/assets\/uploads\/2022\/05\/empresa-600x140.jpeg 600w, https:\/\/esi.uclm.es\/assets\/uploads\/2022\/05\/empresa.jpeg 1282w\" sizes=\"auto, (max-width: 1024px) 100vw, 1024px\" \/><\/figure>\n\n\n\n<script>\n        setTimeout(function() {\n            window.location.href = \"https:\/\/www.uclm.es\/estudios\/masteres\/master-ingenieria-informatica%202024\";\n        }, 100);\n    <\/script>\n\n\n\n<h2 class=\"wp-block-heading\" id=\"master-universitario-en-ingenieria-informatica\">Pr\u00e1cticas externas<\/h2>\n\n\n\n<hr class=\"wp-block-separator has-text-color has-vivid-cyan-blue-color has-css-opacity has-vivid-cyan-blue-background-color has-background is-style-default\"\/>\n\n\n\n<h4 class=\"wp-block-heading\" id=\"las-practicas-en-empresa-forman-parte-de-los-requisitos-que-debe-superar-un-alumno-para-obtener-el-titulo-de-master-en-ingenieria-informatica\">Las pr\u00e1cticas en empresa forman parte de los requisitos que debe superar un alumno para obtener el t\u00edtulo de M\u00e1ster en Ingenier\u00eda Inform\u00e1tica.<\/h4>\n\n\n\n<ul class=\"wp-block-list\">\n<li>\u00c9stas pr\u00e1cticas suponen\u00a0<strong>9 cr\u00e9ditos<\/strong>, lo que implica que deben tener una duraci\u00f3n aproximada de\u00a0<strong>225 horas<\/strong>.<\/li>\n\n\n\n<li>\u00c9stas 225 horas equivalen aproximadamente\u00a0a <strong>2,5 meses de pr\u00e1cticas a media jornada. \u00a0<\/strong>Se pueden estudiar otros periodos, en funci\u00f3n de las horas diarias que el alumno invierta y de los acuerdos que puedan llegarse entre el alumno, la ESI y la empresa.<\/li>\n\n\n\n<li>El alumno tendr\u00e1 un tutor en la empresa y un tutor acad\u00e9mico, preferiblemente profesor del m\u00e1ster.<\/li>\n\n\n\n<li>La empresa podr\u00e1 ser seleccionada por la ESI o propuesta por el propio alumno (lo que requerir\u00e1 la firma de un convenio ESI-empresa).<\/li>\n\n\n\n<li>La evaluaci\u00f3n vendr\u00e1 determinada por los informes realizados por el tutor de la empresa, el tutor acad\u00e9mico y el propio alumno.<\/li>\n\n\n\n<li>M\u00e1s detalles se pueden consultar al\u00a0<strong>coordinador de las pr\u00e1cticas<\/strong>\u00a0(<a href=\"mailto:Manuel.Serrano@uclm.es\">Manuel.Serrano@uclm.es<\/a>)<strong>.<\/strong><\/li>\n<\/ul>\n\n\n\n<p>La ESI tiene convenio de pr\u00e1cticas con m\u00e1s de un centenar de empresas, algunas de ellas pueden <a href=\"https:\/\/esi.uclm.es\/index.php\/transferencia\/colaboracion-con-empresas\/\" data-type=\"page\" data-id=\"4215\">consultarse aqu\u00ed<\/a>.<\/p>\n\n\n\n<p>+ Acceso al <a href=\"https:\/\/practicasyempleo.uclm.es\/\">portal de pr\u00e1cticas <\/a>en empresa de la <a href=\"https:\/\/www.uclm.es\">UCLM<\/a><\/p>\n","protected":false},"excerpt":{"rendered":"<p>Pr\u00e1cticas externas Las pr\u00e1cticas en empresa forman parte de los requisitos que debe superar un alumno para obtener el t\u00edtulo de M\u00e1ster en Ingenier\u00eda Inform\u00e1tica. La ESI tiene convenio de pr\u00e1cticas con m\u00e1s de un centenar de empresas, algunas de ellas pueden consultarse aqu\u00ed. + [&hellip;]<\/p>\n","protected":false},"author":1,"featured_media":0,"parent":3998,"menu_order":0,"comment_status":"closed","ping_status":"closed","template":"","meta":{"footnotes":""},"class_list":["post-4153","page","type-page","status-publish","hentry"],"yoast_head":"<!-- This site is optimized with the Yoast SEO plugin v27.3 - https:\/\/yoast.com\/product\/yoast-seo-wordpress\/ -->\n<title>Pr\u00e1cticas en Empresa M\u00e1ster - Escuela Superior de Inform\u00e1tica de UCLM<\/title>\n<meta name=\"robots\" content=\"index, follow, max-snippet:-1, max-image-preview:large, max-video-preview:-1\" \/>\n<link rel=\"canonical\" href=\"https:\/\/esi.uclm.es\/index.php\/master-en-ingenieria-informatica\/practicas-en-empresa\/\" \/>\n<meta property=\"og:locale\" content=\"es_ES\" \/>\n<meta property=\"og:type\" content=\"article\" \/>\n<meta property=\"og:title\" content=\"Pr\u00e1cticas en Empresa M\u00e1ster - Escuela Superior de Inform\u00e1tica de UCLM\" \/>\n<meta property=\"og:description\" content=\"Pr\u00e1cticas externas Las pr\u00e1cticas en empresa forman parte de los requisitos que debe superar un alumno para obtener el t\u00edtulo de M\u00e1ster en Ingenier\u00eda Inform\u00e1tica. La ESI tiene convenio de pr\u00e1cticas con m\u00e1s de un centenar de empresas, algunas de ellas pueden consultarse aqu\u00ed. + [&hellip;]\" \/>\n<meta property=\"og:url\" content=\"https:\/\/esi.uclm.es\/index.php\/master-en-ingenieria-informatica\/practicas-en-empresa\/\" \/>\n<meta property=\"og:site_name\" content=\"Escuela Superior de Inform\u00e1tica de UCLM\" \/>\n<meta property=\"article:publisher\" content=\"https:\/\/www.facebook.com\/Escuela-Superior-de-Informtica-543261809027158\" \/>\n<meta property=\"article:modified_time\" content=\"2025-10-01T06:14:49+00:00\" \/>\n<meta property=\"og:image\" content=\"https:\/\/esi.uclm.es\/assets\/uploads\/2022\/05\/empresa.jpeg\" \/>\n\t<meta property=\"og:image:width\" content=\"1282\" \/>\n\t<meta property=\"og:image:height\" content=\"300\" \/>\n\t<meta property=\"og:image:type\" content=\"image\/jpeg\" \/>\n<meta name=\"twitter:card\" content=\"summary_large_image\" \/>\n<meta name=\"twitter:site\" content=\"@esiuclm\" \/>\n<meta name=\"twitter:label1\" content=\"Tiempo de lectura\" \/>\n\t<meta name=\"twitter:data1\" content=\"2 minutos\" \/>\n<script type=\"application\/ld+json\" class=\"yoast-schema-graph\">{\"@context\":\"https:\\\/\\\/schema.org\",\"@graph\":[{\"@type\":\"WebPage\",\"@id\":\"https:\\\/\\\/esi.uclm.es\\\/index.php\\\/master-en-ingenieria-informatica\\\/practicas-en-empresa\\\/\",\"url\":\"https:\\\/\\\/esi.uclm.es\\\/index.php\\\/master-en-ingenieria-informatica\\\/practicas-en-empresa\\\/\",\"name\":\"Pr\u00e1cticas en Empresa M\u00e1ster - Escuela Superior de Inform\u00e1tica de UCLM\",\"isPartOf\":{\"@id\":\"https:\\\/\\\/esi.uclm.es\\\/#website\"},\"primaryImageOfPage\":{\"@id\":\"https:\\\/\\\/esi.uclm.es\\\/index.php\\\/master-en-ingenieria-informatica\\\/practicas-en-empresa\\\/#primaryimage\"},\"image\":{\"@id\":\"https:\\\/\\\/esi.uclm.es\\\/index.php\\\/master-en-ingenieria-informatica\\\/practicas-en-empresa\\\/#primaryimage\"},\"thumbnailUrl\":\"https:\\\/\\\/esi.uclm.es\\\/assets\\\/uploads\\\/2022\\\/05\\\/empresa-1024x240.jpeg\",\"datePublished\":\"2022-01-27T18:24:45+00:00\",\"dateModified\":\"2025-10-01T06:14:49+00:00\",\"breadcrumb\":{\"@id\":\"https:\\\/\\\/esi.uclm.es\\\/index.php\\\/master-en-ingenieria-informatica\\\/practicas-en-empresa\\\/#breadcrumb\"},\"inLanguage\":\"es\",\"potentialAction\":[{\"@type\":\"ReadAction\",\"target\":[\"https:\\\/\\\/esi.uclm.es\\\/index.php\\\/master-en-ingenieria-informatica\\\/practicas-en-empresa\\\/\"]}]},{\"@type\":\"ImageObject\",\"inLanguage\":\"es\",\"@id\":\"https:\\\/\\\/esi.uclm.es\\\/index.php\\\/master-en-ingenieria-informatica\\\/practicas-en-empresa\\\/#primaryimage\",\"url\":\"https:\\\/\\\/esi.uclm.es\\\/assets\\\/uploads\\\/2022\\\/05\\\/empresa-1024x240.jpeg\",\"contentUrl\":\"https:\\\/\\\/esi.uclm.es\\\/assets\\\/uploads\\\/2022\\\/05\\\/empresa-1024x240.jpeg\"},{\"@type\":\"BreadcrumbList\",\"@id\":\"https:\\\/\\\/esi.uclm.es\\\/index.php\\\/master-en-ingenieria-informatica\\\/practicas-en-empresa\\\/#breadcrumb\",\"itemListElement\":[{\"@type\":\"ListItem\",\"position\":1,\"name\":\"Portada\",\"item\":\"https:\\\/\\\/esi.uclm.es\\\/\"},{\"@type\":\"ListItem\",\"position\":2,\"name\":\"M\u00e1ster en Ingenier\u00eda Inform\u00e1tica\",\"item\":\"https:\\\/\\\/esi.uclm.es\\\/index.php\\\/master-en-ingenieria-informatica\\\/\"},{\"@type\":\"ListItem\",\"position\":3,\"name\":\"Pr\u00e1cticas en Empresa M\u00e1ster\"}]},{\"@type\":\"WebSite\",\"@id\":\"https:\\\/\\\/esi.uclm.es\\\/#website\",\"url\":\"https:\\\/\\\/esi.uclm.es\\\/\",\"name\":\"Escuela Superior de Inform\u00e1tica de UCLM en Ciudad Real, Castilla-La Mancha\",\"description\":\"La Escuela Superior de Inform\u00e1tica de Ciudad Real (Castilla-La Mancha), Universidad de Castilla-La Mancha es un centro universitario que imparte el ciclo completo de Ingenier\u00eda en Inform\u00e1tica: grado, m\u00e1ster y doctorado.\",\"publisher\":{\"@id\":\"https:\\\/\\\/esi.uclm.es\\\/#organization\"},\"potentialAction\":[{\"@type\":\"SearchAction\",\"target\":{\"@type\":\"EntryPoint\",\"urlTemplate\":\"https:\\\/\\\/esi.uclm.es\\\/?s={search_term_string}\"},\"query-input\":{\"@type\":\"PropertyValueSpecification\",\"valueRequired\":true,\"valueName\":\"search_term_string\"}}],\"inLanguage\":\"es\"},{\"@type\":\"Organization\",\"@id\":\"https:\\\/\\\/esi.uclm.es\\\/#organization\",\"name\":\"Escuela Superior de Inform\u00e1tica de UCLM\",\"url\":\"https:\\\/\\\/esi.uclm.es\\\/\",\"logo\":{\"@type\":\"ImageObject\",\"inLanguage\":\"es\",\"@id\":\"https:\\\/\\\/esi.uclm.es\\\/#\\\/schema\\\/logo\\\/image\\\/\",\"url\":\"https:\\\/\\\/esi.uclm.es\\\/assets\\\/uploads\\\/2022\\\/03\\\/LogoESI_cabecera-1.png\",\"contentUrl\":\"https:\\\/\\\/esi.uclm.es\\\/assets\\\/uploads\\\/2022\\\/03\\\/LogoESI_cabecera-1.png\",\"width\":460,\"height\":184,\"caption\":\"Escuela Superior de Inform\u00e1tica de UCLM\"},\"image\":{\"@id\":\"https:\\\/\\\/esi.uclm.es\\\/#\\\/schema\\\/logo\\\/image\\\/\"},\"sameAs\":[\"https:\\\/\\\/www.facebook.com\\\/Escuela-Superior-de-Informtica-543261809027158\",\"https:\\\/\\\/x.com\\\/esiuclm\",\"https:\\\/\\\/www.instagram.com\\\/esiuclm\\\/\",\"https:\\\/\\\/www.youtube.com\\\/user\\\/esiuclm\",\"https:\\\/\\\/www.twitch.tv\\\/esiuclm\",\"https:\\\/\\\/www.linkedin.com\\\/company\\\/12656631\\\/admin\\\/\"]}]}<\/script>\n<!-- \/ Yoast SEO plugin. -->","yoast_head_json":{"title":"Pr\u00e1cticas en Empresa M\u00e1ster - Escuela Superior de Inform\u00e1tica de UCLM","robots":{"index":"index","follow":"follow","max-snippet":"max-snippet:-1","max-image-preview":"max-image-preview:large","max-video-preview":"max-video-preview:-1"},"canonical":"https:\/\/esi.uclm.es\/index.php\/master-en-ingenieria-informatica\/practicas-en-empresa\/","og_locale":"es_ES","og_type":"article","og_title":"Pr\u00e1cticas en Empresa M\u00e1ster - Escuela Superior de Inform\u00e1tica de UCLM","og_description":"Pr\u00e1cticas externas Las pr\u00e1cticas en empresa forman parte de los requisitos que debe superar un alumno para obtener el t\u00edtulo de M\u00e1ster en Ingenier\u00eda Inform\u00e1tica. La ESI tiene convenio de pr\u00e1cticas con m\u00e1s de un centenar de empresas, algunas de ellas pueden consultarse aqu\u00ed. + [&hellip;]","og_url":"https:\/\/esi.uclm.es\/index.php\/master-en-ingenieria-informatica\/practicas-en-empresa\/","og_site_name":"Escuela Superior de Inform\u00e1tica de UCLM","article_publisher":"https:\/\/www.facebook.com\/Escuela-Superior-de-Informtica-543261809027158","article_modified_time":"2025-10-01T06:14:49+00:00","og_image":[{"width":1282,"height":300,"url":"https:\/\/esi.uclm.es\/assets\/uploads\/2022\/05\/empresa.jpeg","type":"image\/jpeg"}],"twitter_card":"summary_large_image","twitter_site":"@esiuclm","twitter_misc":{"Tiempo de lectura":"2 minutos"},"schema":{"@context":"https:\/\/schema.org","@graph":[{"@type":"WebPage","@id":"https:\/\/esi.uclm.es\/index.php\/master-en-ingenieria-informatica\/practicas-en-empresa\/","url":"https:\/\/esi.uclm.es\/index.php\/master-en-ingenieria-informatica\/practicas-en-empresa\/","name":"Pr\u00e1cticas en Empresa M\u00e1ster - Escuela Superior de Inform\u00e1tica de UCLM","isPartOf":{"@id":"https:\/\/esi.uclm.es\/#website"},"primaryImageOfPage":{"@id":"https:\/\/esi.uclm.es\/index.php\/master-en-ingenieria-informatica\/practicas-en-empresa\/#primaryimage"},"image":{"@id":"https:\/\/esi.uclm.es\/index.php\/master-en-ingenieria-informatica\/practicas-en-empresa\/#primaryimage"},"thumbnailUrl":"https:\/\/esi.uclm.es\/assets\/uploads\/2022\/05\/empresa-1024x240.jpeg","datePublished":"2022-01-27T18:24:45+00:00","dateModified":"2025-10-01T06:14:49+00:00","breadcrumb":{"@id":"https:\/\/esi.uclm.es\/index.php\/master-en-ingenieria-informatica\/practicas-en-empresa\/#breadcrumb"},"inLanguage":"es","potentialAction":[{"@type":"ReadAction","target":["https:\/\/esi.uclm.es\/index.php\/master-en-ingenieria-informatica\/practicas-en-empresa\/"]}]},{"@type":"ImageObject","inLanguage":"es","@id":"https:\/\/esi.uclm.es\/index.php\/master-en-ingenieria-informatica\/practicas-en-empresa\/#primaryimage","url":"https:\/\/esi.uclm.es\/assets\/uploads\/2022\/05\/empresa-1024x240.jpeg","contentUrl":"https:\/\/esi.uclm.es\/assets\/uploads\/2022\/05\/empresa-1024x240.jpeg"},{"@type":"BreadcrumbList","@id":"https:\/\/esi.uclm.es\/index.php\/master-en-ingenieria-informatica\/practicas-en-empresa\/#breadcrumb","itemListElement":[{"@type":"ListItem","position":1,"name":"Portada","item":"https:\/\/esi.uclm.es\/"},{"@type":"ListItem","position":2,"name":"M\u00e1ster en Ingenier\u00eda Inform\u00e1tica","item":"https:\/\/esi.uclm.es\/index.php\/master-en-ingenieria-informatica\/"},{"@type":"ListItem","position":3,"name":"Pr\u00e1cticas en Empresa M\u00e1ster"}]},{"@type":"WebSite","@id":"https:\/\/esi.uclm.es\/#website","url":"https:\/\/esi.uclm.es\/","name":"Escuela Superior de Inform\u00e1tica de UCLM en Ciudad Real, Castilla-La Mancha","description":"La Escuela Superior de Inform\u00e1tica de Ciudad Real (Castilla-La Mancha), Universidad de Castilla-La Mancha es un centro universitario que imparte el ciclo completo de Ingenier\u00eda en Inform\u00e1tica: grado, m\u00e1ster y doctorado.","publisher":{"@id":"https:\/\/esi.uclm.es\/#organization"},"potentialAction":[{"@type":"SearchAction","target":{"@type":"EntryPoint","urlTemplate":"https:\/\/esi.uclm.es\/?s={search_term_string}"},"query-input":{"@type":"PropertyValueSpecification","valueRequired":true,"valueName":"search_term_string"}}],"inLanguage":"es"},{"@type":"Organization","@id":"https:\/\/esi.uclm.es\/#organization","name":"Escuela Superior de Inform\u00e1tica de UCLM","url":"https:\/\/esi.uclm.es\/","logo":{"@type":"ImageObject","inLanguage":"es","@id":"https:\/\/esi.uclm.es\/#\/schema\/logo\/image\/","url":"https:\/\/esi.uclm.es\/assets\/uploads\/2022\/03\/LogoESI_cabecera-1.png","contentUrl":"https:\/\/esi.uclm.es\/assets\/uploads\/2022\/03\/LogoESI_cabecera-1.png","width":460,"height":184,"caption":"Escuela Superior de Inform\u00e1tica de UCLM"},"image":{"@id":"https:\/\/esi.uclm.es\/#\/schema\/logo\/image\/"},"sameAs":["https:\/\/www.facebook.com\/Escuela-Superior-de-Informtica-543261809027158","https:\/\/x.com\/esiuclm","https:\/\/www.instagram.com\/esiuclm\/","https:\/\/www.youtube.com\/user\/esiuclm","https:\/\/www.twitch.tv\/esiuclm","https:\/\/www.linkedin.com\/company\/12656631\/admin\/"]}]}},"_links":{"self":[{"href":"https:\/\/esi.uclm.es\/index.php\/wp-json\/wp\/v2\/pages\/4153","targetHints":{"allow":["GET"]}}],"collection":[{"href":"https:\/\/esi.uclm.es\/index.php\/wp-json\/wp\/v2\/pages"}],"about":[{"href":"https:\/\/esi.uclm.es\/index.php\/wp-json\/wp\/v2\/types\/page"}],"author":[{"embeddable":true,"href":"https:\/\/esi.uclm.es\/index.php\/wp-json\/wp\/v2\/users\/1"}],"replies":[{"embeddable":true,"href":"https:\/\/esi.uclm.es\/index.php\/wp-json\/wp\/v2\/comments?post=4153"}],"version-history":[{"count":12,"href":"https:\/\/esi.uclm.es\/index.php\/wp-json\/wp\/v2\/pages\/4153\/revisions"}],"predecessor-version":[{"id":21620,"href":"https:\/\/esi.uclm.es\/index.php\/wp-json\/wp\/v2\/pages\/4153\/revisions\/21620"}],"up":[{"embeddable":true,"href":"https:\/\/esi.uclm.es\/index.php\/wp-json\/wp\/v2\/pages\/3998"}],"wp:attachment":[{"href":"https:\/\/esi.uclm.es\/index.php\/wp-json\/wp\/v2\/media?parent=4153"}],"curies":[{"name":"wp","href":"https:\/\/api.w.org\/{rel}","templated":true}]}}