{"id":4106,"date":"2022-01-27T18:02:24","date_gmt":"2022-01-27T18:02:24","guid":{"rendered":"http:\/\/esiaz24.uclm.es\/?page_id=4106"},"modified":"2024-04-16T10:44:29","modified_gmt":"2024-04-16T10:44:29","slug":"normativa","status":"publish","type":"page","link":"https:\/\/esi.uclm.es\/index.php\/procedimientos-y-servicios\/normativa\/","title":{"rendered":"Normativa"},"content":{"rendered":"\n<figure class=\"wp-block-image size-full\"><img loading=\"lazy\" decoding=\"async\" width=\"1024\" height=\"236\" src=\"https:\/\/esi.uclm.es\/assets\/uploads\/2022\/05\/flechas_guia.webp\" alt=\"Flechas que gu\u00edan\" class=\"wp-image-10312\" srcset=\"https:\/\/esi.uclm.es\/assets\/uploads\/2022\/05\/flechas_guia.webp 1024w, https:\/\/esi.uclm.es\/assets\/uploads\/2022\/05\/flechas_guia-300x69.webp 300w, https:\/\/esi.uclm.es\/assets\/uploads\/2022\/05\/flechas_guia-768x177.webp 768w, https:\/\/esi.uclm.es\/assets\/uploads\/2022\/05\/flechas_guia-600x138.webp 600w\" sizes=\"auto, (max-width: 1024px) 100vw, 1024px\" \/><\/figure>\n\n\n\n<h2 class=\"wp-block-heading\" id=\"normativas-de-los-estudios-de-la-esi\">Normas sobre estudios<\/h2>\n\n\n\n<ul class=\"wp-block-list\">\n<li><strong><a href=\"#evaluacion\">Normativa de&nbsp;evaluaci\u00f3n&nbsp;del estudiante<\/a><\/strong><\/li>\n\n\n\n<li><a href=\"#permanencia\"><strong>Normativa sobre&nbsp;permanencia&nbsp;en el Grado y M\u00e1ster<\/strong>&nbsp;<\/a><\/li>\n\n\n\n<li><a href=\"#reconocimientos\"><strong>Normativa sobre&nbsp;reconocimiento y trasferencia de cr\u00e9ditos<\/strong><\/a><\/li>\n\n\n\n<li><strong><a href=\"https:\/\/esi.uclm.es\/index.php\/grado-en-ingenieria-informatica\/trabajos-fin-de-grado\/\">Normativa sobre\u00a0<strong>Trabajos Fin de Grado<\/strong><\/a><\/strong><\/li>\n\n\n\n<li><strong><a href=\"https:\/\/esi.uclm.es\/assets\/uploads\/2022\/02\/libreeleccion.pdf\">Normativa sobre&nbsp;<strong>cr\u00e9ditos de libre elecci\u00f3n<\/strong><\/a><\/strong><\/li>\n\n\n\n<li><strong><a href=\"https:\/\/esi.uclm.es\/assets\/uploads\/2022\/02\/ProcesoPracticasEmpresas.pdf\">Procedimiento de tramitaci\u00f3n de&nbsp;<strong>pr\u00e1cticas en empresa<\/strong><\/a><\/strong><\/li>\n<\/ul>\n\n\n\n<h2 class=\"wp-block-heading\" id=\"representacion-estudiantil\">Representaci\u00f3n estudiantil<\/h2>\n\n\n\n<ul class=\"wp-block-list\">\n<li><strong><a href=\"https:\/\/esi.uclm.es\/assets\/uploads\/2022\/02\/elecciones.pdf\">Celebraci\u00f3n de&nbsp;<strong>elecciones a representantes de alumnos<\/strong><\/a><\/strong><\/li>\n\n\n\n<li><strong><a href=\"https:\/\/esi.uclm.es\/assets\/uploads\/2022\/02\/delegaciones.pdf\">Regulaci\u00f3n de las&nbsp;<strong>delegaciones de alumnos<\/strong><\/a><\/strong><\/li>\n<\/ul>\n\n\n\n<h2 class=\"wp-block-heading\" id=\"otras-normativas-de-la-uclm-y-la-esi\">Otras normativas<\/h2>\n\n\n\n<ul class=\"wp-block-list\">\n<li><a href=\"https:\/\/esi.uclm.es\/assets\/uploads\/2022\/02\/biblioteca.pdf\"><strong>Reglamento de la&nbsp;Biblioteca Universitaria<\/strong><\/a><\/li>\n\n\n\n<li><strong><a href=\"https:\/\/esi.uclm.es\/assets\/uploads\/2022\/02\/reginterno.pdf\" data-type=\"URL\" data-id=\"https:\/\/esi.uclm.es\/assets\/uploads\/2022\/02\/reginterno.pdf\"><strong>R\u00e9gimen interno<\/strong>&nbsp;de los centros<\/a><\/strong><\/li>\n\n\n\n<li><strong><a href=\"https:\/\/esi.uclm.es\/assets\/uploads\/2022\/02\/NormativaERASMUS.pdf\">Normativa&nbsp;<strong>Erasmus<\/strong><\/a><\/strong><\/li>\n\n\n\n<li><strong><a href=\"https:\/\/www.uclm.es\/es\/misiones\/lauclm\/consejodedireccion\/vp\/evaluacion-actividad-docente\">Encuestas de la actividad docente del profesorado<\/a><\/strong><\/li>\n<\/ul>\n\n\n\n<hr class=\"wp-block-separator has-text-color has-vivid-cyan-blue-color has-css-opacity has-vivid-cyan-blue-background-color has-background is-style-wide\"\/>\n\n\n\n<h3 class=\"wp-block-heading\" id=\"evaluacion\"><strong>Normativa de evaluaci\u00f3n del estudiante<\/strong><\/h3>\n\n\n\n<p>La presente normativa tiene por objeto la&nbsp;<strong>regulaci\u00f3n de las gu\u00edas docentes, el r\u00e9gimen y los sistemas de evaluaci\u00f3n, la programaci\u00f3n de pruebas, la publicidad de las calificaciones y los procedimientos de revisi\u00f3n y reclamaci\u00f3n de calificaciones<\/strong>&nbsp;que ser\u00e1n de aplicaci\u00f3n en todas&nbsp;las ense\u00f1anzas de car\u00e1cter oficial de Grado y M\u00e1ster impartidas por la Universidad de Castilla &#8211; La Mancha.<\/p>\n\n\n\n<ul class=\"wp-block-list\">\n<li><strong><a href=\"https:\/\/esi.uclm.es\/assets\/uploads\/2024\/04\/Reglamento_de_evaluacion_del_estudiante_de_la_UCLM_2022.pdf\">Reglamento de evaluaci\u00f3n del estudiante de la UCLM<\/a><\/strong><\/li>\n<\/ul>\n\n\n\n<p><strong>Importante<\/strong>:&nbsp;De acuerdo a los criterios establecidos por la ESI, el punto 1 del art\u00edculo 7 del reglamento de evaluaci\u00f3n del estudiante se interpretar\u00e1 del siguiente modo:&nbsp;<strong>Se considerar\u00e1 como \u201cprueba de evaluaci\u00f3n\u201d exclusivamente la realizaci\u00f3n de pruebas parciales y pruebas de progreso.<\/strong><\/p>\n\n\n\n<div style=\"height:10px\" aria-hidden=\"true\" class=\"wp-block-spacer\"><\/div>\n\n\n\n<h3 class=\"wp-block-heading\" id=\"permanencia\"><strong>Normativa de Permanencia en el grado<\/strong><\/h3>\n\n\n\n<p>La&nbsp;<strong>normativa de Permanencia<\/strong>&nbsp;naci\u00f3 con el fin de aprovechar los medios que se ponen a disposici\u00f3n del alumnado. Tras dos a\u00f1os de implantaci\u00f3n se constat\u00e1 la necesidad de modificarla, flexibiliz\u00e1ndola, incrementando los tiempos m\u00e1ximos para la obtenci\u00f3n del t\u00edtulo y modificando el r\u00e9gimen de convocatorias en caso de no presentaci\u00f3n a examen.<\/p>\n\n\n\n<ul class=\"wp-block-list\">\n<li><a href=\"https:\/\/esi.uclm.es\/assets\/uploads\/2024\/04\/Normativa_de_progreso_y_permanencia_en_los_estudios_de_Grado_y_Master_de_la_UCLM_2022.pdf\">Normativa de progreso y permanencia en los estudios de Grado y M\u00e1ster de la UCLM<\/a><\/li>\n<\/ul>\n\n\n\n<p>Se puede resumir la normativa en:<\/p>\n\n\n\n<ul class=\"wp-block-list\">\n<li>Los estudiantes podr\u00e1n matricularse en los estudios de Grado y M\u00e1ster a tiempo completo (TC) o parcial (TP). El r\u00e9gimen elegido se mantendr\u00e1 durante todo el curso acad\u00e9mico pudiendo modificarse en cursos posteriores.<\/li>\n\n\n\n<li>La matr\u00edcula de cualquier asignatura comprender\u00e1, a efectos de evaluaci\u00f3n, dos convocatorias dentro del curso acad\u00e9mico en que se formalice la matr\u00edcula.<\/li>\n\n\n\n<li>Los estudiantes a TC, en primer curso de Grado, podr\u00e1n matricularse de un n\u00famero de cr\u00e9ditos, no superior a 60 ni inferior a 48 cr\u00e9ditos ECTS. A partir del segundo curso y posteriores, no se podr\u00e1 ser superior a 72 ni inferior a 48, salvo que el estudiante est\u00e9 en su \u00faltimo curso.<\/li>\n\n\n\n<li>Los estudiantes a TP, en primer curso de Grado, deber\u00e1n matricularse de 30 cr\u00e9ditos ECTS. En segundo curso y posteriores los estudiantes el n\u00famero de cr\u00e9ditos que se matriculan no ser\u00e1 inferior a 48 e igual o superior a 24, salvo que el estudiante est\u00e9 en su \u00faltimo curso.<\/li>\n\n\n\n<li>Los estudiantes de M\u00e1ster a TC se matricular\u00e1n el primer a\u00f1o de 60 cr\u00e9ditos y los estudiantes a TP de un m\u00ednimo de 30 cr\u00e9ditos. Los estudiantes de M\u00e1ster se matricular\u00e1n en segundo curso y posteriores, de un m\u00ednimo de 6 cr\u00e9ditos para los que tengan un r\u00e9gimen de dedicaci\u00f3n a tiempo parcial y de un m\u00ednimo de 12 cr\u00e9ditos para los que tengan una dedicaci\u00f3n a tiempo completo, salvo que les reste un n\u00famero inferior de cr\u00e9ditos para finalizar los estudios.<\/li>\n\n\n\n<li>El estudiante deber\u00e1 matricularse en las asignaturas pendientes de superar de cursos anteriores.<\/li>\n\n\n\n<li>El l\u00edmite m\u00e1ximo de permanencia en los estudios de grado ser\u00e1 un m\u00e1ximo de 8 a\u00f1os (TC) y 12 (TP).<\/li>\n\n\n\n<li>Los alumnos matriculados en primer curso tendr\u00e1n que superar 6 cr\u00e9ditos ECTS para poder continuar sus estudios.<\/li>\n\n\n\n<li>Los alumnos tendr\u00e1n 6 convocatorias para superar cada asignatura.<\/li>\n\n\n\n<li>La Universidad promover\u00e1 la adecuaci\u00f3n de la normativa de matr\u00edcula y permanencia a los estudiantes con discapacidad, valorando cada caso concreto y adoptando las&nbsp;medidas adecuadas.&nbsp;<\/li>\n<\/ul>\n\n\n\n<h3 class=\"wp-block-heading\" id=\"permanencia\"><strong>Asignaturas no superadas en el curso anterior de obligada matriculaci\u00f3n<\/strong><\/h3>\n\n\n\n<p>La Normativa de Progreso y Permanencia en los estudios de Grado y M\u00e1ster de la Universidad de Castilla La Mancha incorpora, con car\u00e1cter general, la no obligatoriedad de matriculaci\u00f3n de las asignaturas pendientes del curso anterior, excepto para aquellas asignaturas correspondientes a materias b\u00e1sicas u obligatorias que haya determinado para cada titulaci\u00f3n el centro de impartici\u00f3n, atendiendo a circunstancias excepcionales que lo justifiquen. En este caso, no se podr\u00e1 formalizar la matr\u00edcula sin que se cumpla este requisito.<\/p>\n\n\n\n<p>En cumplimiento al art\u00edculo 5.4 y 5.5 de dicha normativa, el 23 de febrero de 2022, la Junta de Centro de la Escuela Superior de Inform\u00e1tica acord\u00f3 aprobar la siguiente relaci\u00f3n de asignaturas de obligada matriculaci\u00f3n en la titulaci\u00f3n de Grado en Ingenier\u00eda Inform\u00e1tica:<\/p>\n\n\n\n<ul class=\"wp-block-list\">\n<li>Fundamentos de la Programaci\u00f3n I (Primer Curso, Primer Cuatrimestre)<\/li>\n\n\n\n<li>Fundamentos de la Programaci\u00f3n II (Primer Curso, Segundo Cuatrimestre)<\/li>\n\n\n\n<li>Estructura de Computadores (Primer Curso, Segundo Cuatrimestre)<\/li>\n\n\n\n<li>Redes de Computadores I (Primer Curso, Segundo Cuatrimestre)<\/li>\n<\/ul>\n\n\n\n<h3 class=\"wp-block-heading\" id=\"reconocimientos\"><strong>Normativa de reconocimiento y transferencia de cr\u00e9ditos<\/strong><\/h3>\n\n\n\n<p>Se entiende por reconocimiento de cr\u00e9ditos la aceptaci\u00f3n por la UCLM de los cr\u00e9ditos que, habiendo sido obtenidos en unas ense\u00f1anzas oficiales en esta u otra universidad, son computados en otra distinta a efectos de la obtenci\u00f3n de un t\u00edtulo oficial. Asimismo, podr\u00e1n ser objeto de reconocimiento los cr\u00e9ditos cursados en otras ense\u00f1anzas superiores oficiales o en ense\u00f1anzas universitarias conducentes a la obtenci\u00f3n de otros t\u00edtulos, a los que se refiere el art\u00edculo el R.D. 43\/2015 modifica el Art. 13, apartado a), del R.D. 1393\/2007.<\/p>\n\n\n<ul>\n<li id=\"descargar-real-decreto-43-2015\"><a href=\"https:\/\/www.boe.es\/diario_boe\/txt.php?id=BOE-A-2015-943\" target=\"_blank\" rel=\"noreferrer noopener\"><strong>Real Decreto 43\/2015<\/strong><\/a><\/li>\n<\/ul>\n\n\n<p>De forma general y resumida, se establece lo siguiente en relaci\u00f3n a reconocimiento de cr\u00e9ditos:<\/p>\n\n\n\n<p><strong>\u201cSiempre que el t\u00edtulo al que se pretende acceder pertenezca a la misma rama de conocimiento, ser\u00e1n objeto de reconocimiento al menos el 15 por ciento de los cr\u00e9ditos correspondientes a las materias de formaci\u00f3n b\u00e1sica de dicha rama\u201d.<\/strong><\/p>\n\n\n\n<p>Mas informaci\u00f3n<strong>:&nbsp;<a href=\"https:\/\/www.uclm.es\/perfiles\/preuniversitario\/acceso\/~\/link.aspx?_id=448C0513F8DC4F068B7F9665FD37171F&amp;_z=z\">Web de la UCLM<\/a><\/strong><\/p>\n\n\n\n<p><\/p>\n","protected":false},"excerpt":{"rendered":"<p>Normas sobre estudios Representaci\u00f3n estudiantil Otras normativas Normativa de evaluaci\u00f3n del estudiante La presente normativa tiene por objeto la&nbsp;regulaci\u00f3n de las gu\u00edas docentes, el r\u00e9gimen y los sistemas de evaluaci\u00f3n, la programaci\u00f3n de pruebas, la publicidad de las calificaciones y los procedimientos de revisi\u00f3n y [&hellip;]<\/p>\n","protected":false},"author":1,"featured_media":0,"parent":6888,"menu_order":0,"comment_status":"closed","ping_status":"closed","template":"","meta":{"footnotes":""},"class_list":["post-4106","page","type-page","status-publish","hentry"],"yoast_head":"<!-- This site is optimized with the Yoast SEO plugin v27.3 - https:\/\/yoast.com\/product\/yoast-seo-wordpress\/ -->\n<title>Normativa - Escuela Superior de Inform\u00e1tica de UCLM<\/title>\n<meta name=\"robots\" content=\"index, follow, max-snippet:-1, max-image-preview:large, max-video-preview:-1\" \/>\n<link rel=\"canonical\" href=\"https:\/\/esi.uclm.es\/index.php\/procedimientos-y-servicios\/normativa\/\" \/>\n<meta property=\"og:locale\" content=\"es_ES\" \/>\n<meta property=\"og:type\" content=\"article\" \/>\n<meta property=\"og:title\" content=\"Normativa - Escuela Superior de Inform\u00e1tica de UCLM\" \/>\n<meta property=\"og:description\" content=\"Normas sobre estudios Representaci\u00f3n estudiantil Otras normativas Normativa de evaluaci\u00f3n del estudiante La presente normativa tiene por objeto la&nbsp;regulaci\u00f3n de las gu\u00edas docentes, el r\u00e9gimen y los sistemas de evaluaci\u00f3n, la programaci\u00f3n de pruebas, la publicidad de las calificaciones y los procedimientos de revisi\u00f3n y [&hellip;]\" \/>\n<meta property=\"og:url\" content=\"https:\/\/esi.uclm.es\/index.php\/procedimientos-y-servicios\/normativa\/\" \/>\n<meta property=\"og:site_name\" content=\"Escuela Superior de Inform\u00e1tica de UCLM\" \/>\n<meta property=\"article:publisher\" content=\"https:\/\/www.facebook.com\/Escuela-Superior-de-Informtica-543261809027158\" \/>\n<meta property=\"article:modified_time\" content=\"2024-04-16T10:44:29+00:00\" \/>\n<meta property=\"og:image\" content=\"https:\/\/esi.uclm.es\/assets\/uploads\/2022\/05\/flechas_guia.webp\" \/>\n<meta name=\"twitter:card\" content=\"summary_large_image\" \/>\n<meta name=\"twitter:site\" content=\"@esiuclm\" \/>\n<meta name=\"twitter:label1\" content=\"Tiempo de lectura\" \/>\n\t<meta name=\"twitter:data1\" content=\"5 minutos\" \/>\n<script type=\"application\/ld+json\" class=\"yoast-schema-graph\">{\"@context\":\"https:\\\/\\\/schema.org\",\"@graph\":[{\"@type\":\"WebPage\",\"@id\":\"https:\\\/\\\/esi.uclm.es\\\/index.php\\\/procedimientos-y-servicios\\\/normativa\\\/\",\"url\":\"https:\\\/\\\/esi.uclm.es\\\/index.php\\\/procedimientos-y-servicios\\\/normativa\\\/\",\"name\":\"Normativa - Escuela Superior de Inform\u00e1tica de UCLM\",\"isPartOf\":{\"@id\":\"https:\\\/\\\/esi.uclm.es\\\/#website\"},\"primaryImageOfPage\":{\"@id\":\"https:\\\/\\\/esi.uclm.es\\\/index.php\\\/procedimientos-y-servicios\\\/normativa\\\/#primaryimage\"},\"image\":{\"@id\":\"https:\\\/\\\/esi.uclm.es\\\/index.php\\\/procedimientos-y-servicios\\\/normativa\\\/#primaryimage\"},\"thumbnailUrl\":\"https:\\\/\\\/esi.uclm.es\\\/assets\\\/uploads\\\/2022\\\/05\\\/flechas_guia.webp\",\"datePublished\":\"2022-01-27T18:02:24+00:00\",\"dateModified\":\"2024-04-16T10:44:29+00:00\",\"breadcrumb\":{\"@id\":\"https:\\\/\\\/esi.uclm.es\\\/index.php\\\/procedimientos-y-servicios\\\/normativa\\\/#breadcrumb\"},\"inLanguage\":\"es\",\"potentialAction\":[{\"@type\":\"ReadAction\",\"target\":[\"https:\\\/\\\/esi.uclm.es\\\/index.php\\\/procedimientos-y-servicios\\\/normativa\\\/\"]}]},{\"@type\":\"ImageObject\",\"inLanguage\":\"es\",\"@id\":\"https:\\\/\\\/esi.uclm.es\\\/index.php\\\/procedimientos-y-servicios\\\/normativa\\\/#primaryimage\",\"url\":\"https:\\\/\\\/esi.uclm.es\\\/assets\\\/uploads\\\/2022\\\/05\\\/flechas_guia.webp\",\"contentUrl\":\"https:\\\/\\\/esi.uclm.es\\\/assets\\\/uploads\\\/2022\\\/05\\\/flechas_guia.webp\"},{\"@type\":\"BreadcrumbList\",\"@id\":\"https:\\\/\\\/esi.uclm.es\\\/index.php\\\/procedimientos-y-servicios\\\/normativa\\\/#breadcrumb\",\"itemListElement\":[{\"@type\":\"ListItem\",\"position\":1,\"name\":\"Portada\",\"item\":\"https:\\\/\\\/esi.uclm.es\\\/\"},{\"@type\":\"ListItem\",\"position\":2,\"name\":\"Procedimientos y Servicios\",\"item\":\"https:\\\/\\\/esi.uclm.es\\\/index.php\\\/procedimientos-y-servicios\\\/\"},{\"@type\":\"ListItem\",\"position\":3,\"name\":\"Normativa\"}]},{\"@type\":\"WebSite\",\"@id\":\"https:\\\/\\\/esi.uclm.es\\\/#website\",\"url\":\"https:\\\/\\\/esi.uclm.es\\\/\",\"name\":\"Escuela Superior de Inform\u00e1tica de UCLM en Ciudad Real, Castilla-La Mancha\",\"description\":\"La Escuela Superior de Inform\u00e1tica de Ciudad Real (Castilla-La Mancha), Universidad de Castilla-La Mancha es un centro universitario que imparte el ciclo completo de Ingenier\u00eda en Inform\u00e1tica: grado, m\u00e1ster y doctorado.\",\"publisher\":{\"@id\":\"https:\\\/\\\/esi.uclm.es\\\/#organization\"},\"potentialAction\":[{\"@type\":\"SearchAction\",\"target\":{\"@type\":\"EntryPoint\",\"urlTemplate\":\"https:\\\/\\\/esi.uclm.es\\\/?s={search_term_string}\"},\"query-input\":{\"@type\":\"PropertyValueSpecification\",\"valueRequired\":true,\"valueName\":\"search_term_string\"}}],\"inLanguage\":\"es\"},{\"@type\":\"Organization\",\"@id\":\"https:\\\/\\\/esi.uclm.es\\\/#organization\",\"name\":\"Escuela Superior de Inform\u00e1tica de UCLM\",\"url\":\"https:\\\/\\\/esi.uclm.es\\\/\",\"logo\":{\"@type\":\"ImageObject\",\"inLanguage\":\"es\",\"@id\":\"https:\\\/\\\/esi.uclm.es\\\/#\\\/schema\\\/logo\\\/image\\\/\",\"url\":\"https:\\\/\\\/esi.uclm.es\\\/assets\\\/uploads\\\/2022\\\/03\\\/LogoESI_cabecera-1.png\",\"contentUrl\":\"https:\\\/\\\/esi.uclm.es\\\/assets\\\/uploads\\\/2022\\\/03\\\/LogoESI_cabecera-1.png\",\"width\":460,\"height\":184,\"caption\":\"Escuela Superior de Inform\u00e1tica de UCLM\"},\"image\":{\"@id\":\"https:\\\/\\\/esi.uclm.es\\\/#\\\/schema\\\/logo\\\/image\\\/\"},\"sameAs\":[\"https:\\\/\\\/www.facebook.com\\\/Escuela-Superior-de-Informtica-543261809027158\",\"https:\\\/\\\/x.com\\\/esiuclm\",\"https:\\\/\\\/www.instagram.com\\\/esiuclm\\\/\",\"https:\\\/\\\/www.youtube.com\\\/user\\\/esiuclm\",\"https:\\\/\\\/www.twitch.tv\\\/esiuclm\",\"https:\\\/\\\/www.linkedin.com\\\/company\\\/12656631\\\/admin\\\/\"]}]}<\/script>\n<!-- \/ Yoast SEO plugin. -->","yoast_head_json":{"title":"Normativa - Escuela Superior de Inform\u00e1tica de UCLM","robots":{"index":"index","follow":"follow","max-snippet":"max-snippet:-1","max-image-preview":"max-image-preview:large","max-video-preview":"max-video-preview:-1"},"canonical":"https:\/\/esi.uclm.es\/index.php\/procedimientos-y-servicios\/normativa\/","og_locale":"es_ES","og_type":"article","og_title":"Normativa - Escuela Superior de Inform\u00e1tica de UCLM","og_description":"Normas sobre estudios Representaci\u00f3n estudiantil Otras normativas Normativa de evaluaci\u00f3n del estudiante La presente normativa tiene por objeto la&nbsp;regulaci\u00f3n de las gu\u00edas docentes, el r\u00e9gimen y los sistemas de evaluaci\u00f3n, la programaci\u00f3n de pruebas, la publicidad de las calificaciones y los procedimientos de revisi\u00f3n y [&hellip;]","og_url":"https:\/\/esi.uclm.es\/index.php\/procedimientos-y-servicios\/normativa\/","og_site_name":"Escuela Superior de Inform\u00e1tica de UCLM","article_publisher":"https:\/\/www.facebook.com\/Escuela-Superior-de-Informtica-543261809027158","article_modified_time":"2024-04-16T10:44:29+00:00","og_image":[{"url":"https:\/\/esi.uclm.es\/assets\/uploads\/2022\/05\/flechas_guia.webp","type":"","width":"","height":""}],"twitter_card":"summary_large_image","twitter_site":"@esiuclm","twitter_misc":{"Tiempo de lectura":"5 minutos"},"schema":{"@context":"https:\/\/schema.org","@graph":[{"@type":"WebPage","@id":"https:\/\/esi.uclm.es\/index.php\/procedimientos-y-servicios\/normativa\/","url":"https:\/\/esi.uclm.es\/index.php\/procedimientos-y-servicios\/normativa\/","name":"Normativa - Escuela Superior de Inform\u00e1tica de UCLM","isPartOf":{"@id":"https:\/\/esi.uclm.es\/#website"},"primaryImageOfPage":{"@id":"https:\/\/esi.uclm.es\/index.php\/procedimientos-y-servicios\/normativa\/#primaryimage"},"image":{"@id":"https:\/\/esi.uclm.es\/index.php\/procedimientos-y-servicios\/normativa\/#primaryimage"},"thumbnailUrl":"https:\/\/esi.uclm.es\/assets\/uploads\/2022\/05\/flechas_guia.webp","datePublished":"2022-01-27T18:02:24+00:00","dateModified":"2024-04-16T10:44:29+00:00","breadcrumb":{"@id":"https:\/\/esi.uclm.es\/index.php\/procedimientos-y-servicios\/normativa\/#breadcrumb"},"inLanguage":"es","potentialAction":[{"@type":"ReadAction","target":["https:\/\/esi.uclm.es\/index.php\/procedimientos-y-servicios\/normativa\/"]}]},{"@type":"ImageObject","inLanguage":"es","@id":"https:\/\/esi.uclm.es\/index.php\/procedimientos-y-servicios\/normativa\/#primaryimage","url":"https:\/\/esi.uclm.es\/assets\/uploads\/2022\/05\/flechas_guia.webp","contentUrl":"https:\/\/esi.uclm.es\/assets\/uploads\/2022\/05\/flechas_guia.webp"},{"@type":"BreadcrumbList","@id":"https:\/\/esi.uclm.es\/index.php\/procedimientos-y-servicios\/normativa\/#breadcrumb","itemListElement":[{"@type":"ListItem","position":1,"name":"Portada","item":"https:\/\/esi.uclm.es\/"},{"@type":"ListItem","position":2,"name":"Procedimientos y Servicios","item":"https:\/\/esi.uclm.es\/index.php\/procedimientos-y-servicios\/"},{"@type":"ListItem","position":3,"name":"Normativa"}]},{"@type":"WebSite","@id":"https:\/\/esi.uclm.es\/#website","url":"https:\/\/esi.uclm.es\/","name":"Escuela Superior de Inform\u00e1tica de UCLM en Ciudad Real, Castilla-La Mancha","description":"La Escuela Superior de Inform\u00e1tica de Ciudad Real (Castilla-La Mancha), Universidad de Castilla-La Mancha es un centro universitario que imparte el ciclo completo de Ingenier\u00eda en Inform\u00e1tica: grado, m\u00e1ster y doctorado.","publisher":{"@id":"https:\/\/esi.uclm.es\/#organization"},"potentialAction":[{"@type":"SearchAction","target":{"@type":"EntryPoint","urlTemplate":"https:\/\/esi.uclm.es\/?s={search_term_string}"},"query-input":{"@type":"PropertyValueSpecification","valueRequired":true,"valueName":"search_term_string"}}],"inLanguage":"es"},{"@type":"Organization","@id":"https:\/\/esi.uclm.es\/#organization","name":"Escuela Superior de Inform\u00e1tica de UCLM","url":"https:\/\/esi.uclm.es\/","logo":{"@type":"ImageObject","inLanguage":"es","@id":"https:\/\/esi.uclm.es\/#\/schema\/logo\/image\/","url":"https:\/\/esi.uclm.es\/assets\/uploads\/2022\/03\/LogoESI_cabecera-1.png","contentUrl":"https:\/\/esi.uclm.es\/assets\/uploads\/2022\/03\/LogoESI_cabecera-1.png","width":460,"height":184,"caption":"Escuela Superior de Inform\u00e1tica de UCLM"},"image":{"@id":"https:\/\/esi.uclm.es\/#\/schema\/logo\/image\/"},"sameAs":["https:\/\/www.facebook.com\/Escuela-Superior-de-Informtica-543261809027158","https:\/\/x.com\/esiuclm","https:\/\/www.instagram.com\/esiuclm\/","https:\/\/www.youtube.com\/user\/esiuclm","https:\/\/www.twitch.tv\/esiuclm","https:\/\/www.linkedin.com\/company\/12656631\/admin\/"]}]}},"_links":{"self":[{"href":"https:\/\/esi.uclm.es\/index.php\/wp-json\/wp\/v2\/pages\/4106","targetHints":{"allow":["GET"]}}],"collection":[{"href":"https:\/\/esi.uclm.es\/index.php\/wp-json\/wp\/v2\/pages"}],"about":[{"href":"https:\/\/esi.uclm.es\/index.php\/wp-json\/wp\/v2\/types\/page"}],"author":[{"embeddable":true,"href":"https:\/\/esi.uclm.es\/index.php\/wp-json\/wp\/v2\/users\/1"}],"replies":[{"embeddable":true,"href":"https:\/\/esi.uclm.es\/index.php\/wp-json\/wp\/v2\/comments?post=4106"}],"version-history":[{"count":24,"href":"https:\/\/esi.uclm.es\/index.php\/wp-json\/wp\/v2\/pages\/4106\/revisions"}],"predecessor-version":[{"id":18405,"href":"https:\/\/esi.uclm.es\/index.php\/wp-json\/wp\/v2\/pages\/4106\/revisions\/18405"}],"up":[{"embeddable":true,"href":"https:\/\/esi.uclm.es\/index.php\/wp-json\/wp\/v2\/pages\/6888"}],"wp:attachment":[{"href":"https:\/\/esi.uclm.es\/index.php\/wp-json\/wp\/v2\/media?parent=4106"}],"curies":[{"name":"wp","href":"https:\/\/api.w.org\/{rel}","templated":true}]}}