{"id":4102,"date":"2022-01-27T18:00:51","date_gmt":"2022-01-27T18:00:51","guid":{"rendered":"http:\/\/esiaz24.uclm.es\/?page_id=4102"},"modified":"2025-09-01T18:01:17","modified_gmt":"2025-09-01T18:01:17","slug":"gobierno-abierto","status":"publish","type":"page","link":"https:\/\/esi.uclm.es\/index.php\/transparencia\/gobierno-abierto\/","title":{"rendered":"Gobierno abierto"},"content":{"rendered":"\n<figure class=\"wp-block-image size-full\"><img loading=\"lazy\" decoding=\"async\" width=\"1024\" height=\"236\" src=\"https:\/\/esi.uclm.es\/assets\/uploads\/2022\/02\/gobierno_abierto.jpg\" alt=\"\" class=\"wp-image-7338\" srcset=\"https:\/\/esi.uclm.es\/assets\/uploads\/2022\/02\/gobierno_abierto.jpg 1024w, https:\/\/esi.uclm.es\/assets\/uploads\/2022\/02\/gobierno_abierto-300x69.jpg 300w, https:\/\/esi.uclm.es\/assets\/uploads\/2022\/02\/gobierno_abierto-768x177.jpg 768w, https:\/\/esi.uclm.es\/assets\/uploads\/2022\/02\/gobierno_abierto-600x138.jpg 600w\" sizes=\"auto, (max-width: 1024px) 100vw, 1024px\" \/><\/figure>\n\n\n\n<h2 class=\"wp-block-heading\" id=\"proyectos-y-herramientas-de-participacion\">Proyectos y herramientas de participaci\u00f3n<\/h2>\n\n\n\n<hr class=\"wp-block-separator has-text-color has-vivid-cyan-blue-color has-css-opacity has-vivid-cyan-blue-background-color has-background is-style-default\"\/>\n\n\n\n<p>Esta p\u00e1gina recoge proyectos y f\u00f3rmulas de gobierno abierto, basadas en herramientas de participaci\u00f3n, para la toma de decisiones en la ESI.<\/p>\n\n\n\n<ul class=\"wp-block-list\">\n<li><a href=\"https:\/\/esi.uclm.es\/index.php\/transparencia\/gobierno-abierto\/v-presupuesto-participativo-2025\/\">V Presupuesto participativo ESI (2025)<\/a><\/li>\n\n\n\n<li><a href=\"https:\/\/esi.uclm.es\/index.php\/transparencia\/gobierno-abierto\/presupuesto-participativo-2024\/\">IV Presupuesto participativo ESI (2024)<\/a><\/li>\n\n\n\n<li><a href=\"https:\/\/esi.uclm.es\/index.php\/transparencia\/gobierno-abierto\/presupuesto-participativo-2023\">III Presupuesto participativo ESI (2023<\/a>)<\/li>\n\n\n\n<li><a href=\"https:\/\/esi.uclm.es\/index.php\/transparencia\/gobierno-abierto\/presupuesto-participativo-2022\/\">II Presupuesto participativo ESI (2022<\/a>)<\/li>\n\n\n\n<li><a data-type=\"page\" data-id=\"6265\" href=\"https:\/\/esi.uclm.es\/index.php\/presupuesto-participativo-2021\/\">I Presupuesto participativo ESI (2021<\/a>)<\/li>\n\n\n\n<li><a href=\"https:\/\/esi.uclm.es\/index.php\/portal-de-transparencia\/gobierno-abierto\/decoracion-alu\/\" data-type=\"page\" data-id=\"6270\">Frases para la decoraci\u00f3n de la ALU (Aula de Libre Uso)<\/a><\/li>\n<\/ul>\n\n\n\n<p><\/p>\n","protected":false},"excerpt":{"rendered":"<p>Proyectos y herramientas de participaci\u00f3n Esta p\u00e1gina recoge proyectos y f\u00f3rmulas de gobierno abierto, basadas en herramientas de participaci\u00f3n, para la toma de decisiones en la ESI.<\/p>\n","protected":false},"author":1,"featured_media":0,"parent":5393,"menu_order":0,"comment_status":"closed","ping_status":"closed","template":"","meta":{"footnotes":""},"class_list":["post-4102","page","type-page","status-publish","hentry"],"yoast_head":"<!-- This site is optimized with the Yoast SEO plugin v27.3 - https:\/\/yoast.com\/product\/yoast-seo-wordpress\/ -->\n<title>Gobierno abierto - Escuela Superior de Inform\u00e1tica de UCLM<\/title>\n<meta name=\"robots\" content=\"index, follow, max-snippet:-1, max-image-preview:large, max-video-preview:-1\" \/>\n<link rel=\"canonical\" href=\"https:\/\/esi.uclm.es\/index.php\/transparencia\/gobierno-abierto\/\" \/>\n<meta property=\"og:locale\" content=\"es_ES\" \/>\n<meta property=\"og:type\" content=\"article\" \/>\n<meta property=\"og:title\" content=\"Gobierno abierto - Escuela Superior de Inform\u00e1tica de UCLM\" \/>\n<meta property=\"og:description\" content=\"Proyectos y herramientas de participaci\u00f3n Esta p\u00e1gina recoge proyectos y f\u00f3rmulas de gobierno abierto, basadas en herramientas de participaci\u00f3n, para la toma de decisiones en la ESI.\" \/>\n<meta property=\"og:url\" content=\"https:\/\/esi.uclm.es\/index.php\/transparencia\/gobierno-abierto\/\" \/>\n<meta property=\"og:site_name\" content=\"Escuela Superior de Inform\u00e1tica de UCLM\" \/>\n<meta property=\"article:publisher\" content=\"https:\/\/www.facebook.com\/Escuela-Superior-de-Informtica-543261809027158\" \/>\n<meta property=\"article:modified_time\" content=\"2025-09-01T18:01:17+00:00\" \/>\n<meta property=\"og:image\" content=\"https:\/\/esi.uclm.es\/assets\/uploads\/2022\/02\/gobierno_abierto.jpg\" \/>\n\t<meta property=\"og:image:width\" content=\"1024\" \/>\n\t<meta property=\"og:image:height\" content=\"236\" \/>\n\t<meta property=\"og:image:type\" content=\"image\/jpeg\" \/>\n<meta name=\"twitter:card\" content=\"summary_large_image\" \/>\n<meta name=\"twitter:site\" content=\"@esiuclm\" \/>\n<meta name=\"twitter:label1\" content=\"Tiempo de lectura\" \/>\n\t<meta name=\"twitter:data1\" content=\"1 minuto\" \/>\n<script type=\"application\/ld+json\" class=\"yoast-schema-graph\">{\"@context\":\"https:\\\/\\\/schema.org\",\"@graph\":[{\"@type\":\"WebPage\",\"@id\":\"https:\\\/\\\/esi.uclm.es\\\/index.php\\\/transparencia\\\/gobierno-abierto\\\/\",\"url\":\"https:\\\/\\\/esi.uclm.es\\\/index.php\\\/transparencia\\\/gobierno-abierto\\\/\",\"name\":\"Gobierno abierto - Escuela Superior de Inform\u00e1tica de UCLM\",\"isPartOf\":{\"@id\":\"https:\\\/\\\/esi.uclm.es\\\/#website\"},\"primaryImageOfPage\":{\"@id\":\"https:\\\/\\\/esi.uclm.es\\\/index.php\\\/transparencia\\\/gobierno-abierto\\\/#primaryimage\"},\"image\":{\"@id\":\"https:\\\/\\\/esi.uclm.es\\\/index.php\\\/transparencia\\\/gobierno-abierto\\\/#primaryimage\"},\"thumbnailUrl\":\"https:\\\/\\\/esi.uclm.es\\\/assets\\\/uploads\\\/2022\\\/02\\\/gobierno_abierto.jpg\",\"datePublished\":\"2022-01-27T18:00:51+00:00\",\"dateModified\":\"2025-09-01T18:01:17+00:00\",\"breadcrumb\":{\"@id\":\"https:\\\/\\\/esi.uclm.es\\\/index.php\\\/transparencia\\\/gobierno-abierto\\\/#breadcrumb\"},\"inLanguage\":\"es\",\"potentialAction\":[{\"@type\":\"ReadAction\",\"target\":[\"https:\\\/\\\/esi.uclm.es\\\/index.php\\\/transparencia\\\/gobierno-abierto\\\/\"]}]},{\"@type\":\"ImageObject\",\"inLanguage\":\"es\",\"@id\":\"https:\\\/\\\/esi.uclm.es\\\/index.php\\\/transparencia\\\/gobierno-abierto\\\/#primaryimage\",\"url\":\"https:\\\/\\\/esi.uclm.es\\\/assets\\\/uploads\\\/2022\\\/02\\\/gobierno_abierto.jpg\",\"contentUrl\":\"https:\\\/\\\/esi.uclm.es\\\/assets\\\/uploads\\\/2022\\\/02\\\/gobierno_abierto.jpg\"},{\"@type\":\"BreadcrumbList\",\"@id\":\"https:\\\/\\\/esi.uclm.es\\\/index.php\\\/transparencia\\\/gobierno-abierto\\\/#breadcrumb\",\"itemListElement\":[{\"@type\":\"ListItem\",\"position\":1,\"name\":\"Portada\",\"item\":\"https:\\\/\\\/esi.uclm.es\\\/\"},{\"@type\":\"ListItem\",\"position\":2,\"name\":\"Transparencia\",\"item\":\"https:\\\/\\\/esi.uclm.es\\\/index.php\\\/transparencia\\\/\"},{\"@type\":\"ListItem\",\"position\":3,\"name\":\"Gobierno abierto\"}]},{\"@type\":\"WebSite\",\"@id\":\"https:\\\/\\\/esi.uclm.es\\\/#website\",\"url\":\"https:\\\/\\\/esi.uclm.es\\\/\",\"name\":\"Escuela Superior de Inform\u00e1tica de UCLM en Ciudad Real, Castilla-La Mancha\",\"description\":\"La Escuela Superior de Inform\u00e1tica de Ciudad Real (Castilla-La Mancha), Universidad de Castilla-La Mancha es un centro universitario que imparte el ciclo completo de Ingenier\u00eda en Inform\u00e1tica: grado, m\u00e1ster y doctorado.\",\"publisher\":{\"@id\":\"https:\\\/\\\/esi.uclm.es\\\/#organization\"},\"potentialAction\":[{\"@type\":\"SearchAction\",\"target\":{\"@type\":\"EntryPoint\",\"urlTemplate\":\"https:\\\/\\\/esi.uclm.es\\\/?s={search_term_string}\"},\"query-input\":{\"@type\":\"PropertyValueSpecification\",\"valueRequired\":true,\"valueName\":\"search_term_string\"}}],\"inLanguage\":\"es\"},{\"@type\":\"Organization\",\"@id\":\"https:\\\/\\\/esi.uclm.es\\\/#organization\",\"name\":\"Escuela Superior de Inform\u00e1tica de UCLM\",\"url\":\"https:\\\/\\\/esi.uclm.es\\\/\",\"logo\":{\"@type\":\"ImageObject\",\"inLanguage\":\"es\",\"@id\":\"https:\\\/\\\/esi.uclm.es\\\/#\\\/schema\\\/logo\\\/image\\\/\",\"url\":\"https:\\\/\\\/esi.uclm.es\\\/assets\\\/uploads\\\/2022\\\/03\\\/LogoESI_cabecera-1.png\",\"contentUrl\":\"https:\\\/\\\/esi.uclm.es\\\/assets\\\/uploads\\\/2022\\\/03\\\/LogoESI_cabecera-1.png\",\"width\":460,\"height\":184,\"caption\":\"Escuela Superior de Inform\u00e1tica de UCLM\"},\"image\":{\"@id\":\"https:\\\/\\\/esi.uclm.es\\\/#\\\/schema\\\/logo\\\/image\\\/\"},\"sameAs\":[\"https:\\\/\\\/www.facebook.com\\\/Escuela-Superior-de-Informtica-543261809027158\",\"https:\\\/\\\/x.com\\\/esiuclm\",\"https:\\\/\\\/www.instagram.com\\\/esiuclm\\\/\",\"https:\\\/\\\/www.youtube.com\\\/user\\\/esiuclm\",\"https:\\\/\\\/www.twitch.tv\\\/esiuclm\",\"https:\\\/\\\/www.linkedin.com\\\/company\\\/12656631\\\/admin\\\/\"]}]}<\/script>\n<!-- \/ Yoast SEO plugin. -->","yoast_head_json":{"title":"Gobierno abierto - Escuela Superior de Inform\u00e1tica de UCLM","robots":{"index":"index","follow":"follow","max-snippet":"max-snippet:-1","max-image-preview":"max-image-preview:large","max-video-preview":"max-video-preview:-1"},"canonical":"https:\/\/esi.uclm.es\/index.php\/transparencia\/gobierno-abierto\/","og_locale":"es_ES","og_type":"article","og_title":"Gobierno abierto - Escuela Superior de Inform\u00e1tica de UCLM","og_description":"Proyectos y herramientas de participaci\u00f3n Esta p\u00e1gina recoge proyectos y f\u00f3rmulas de gobierno abierto, basadas en herramientas de participaci\u00f3n, para la toma de decisiones en la ESI.","og_url":"https:\/\/esi.uclm.es\/index.php\/transparencia\/gobierno-abierto\/","og_site_name":"Escuela Superior de Inform\u00e1tica de UCLM","article_publisher":"https:\/\/www.facebook.com\/Escuela-Superior-de-Informtica-543261809027158","article_modified_time":"2025-09-01T18:01:17+00:00","og_image":[{"width":1024,"height":236,"url":"https:\/\/esi.uclm.es\/assets\/uploads\/2022\/02\/gobierno_abierto.jpg","type":"image\/jpeg"}],"twitter_card":"summary_large_image","twitter_site":"@esiuclm","twitter_misc":{"Tiempo de lectura":"1 minuto"},"schema":{"@context":"https:\/\/schema.org","@graph":[{"@type":"WebPage","@id":"https:\/\/esi.uclm.es\/index.php\/transparencia\/gobierno-abierto\/","url":"https:\/\/esi.uclm.es\/index.php\/transparencia\/gobierno-abierto\/","name":"Gobierno abierto - Escuela Superior de Inform\u00e1tica de UCLM","isPartOf":{"@id":"https:\/\/esi.uclm.es\/#website"},"primaryImageOfPage":{"@id":"https:\/\/esi.uclm.es\/index.php\/transparencia\/gobierno-abierto\/#primaryimage"},"image":{"@id":"https:\/\/esi.uclm.es\/index.php\/transparencia\/gobierno-abierto\/#primaryimage"},"thumbnailUrl":"https:\/\/esi.uclm.es\/assets\/uploads\/2022\/02\/gobierno_abierto.jpg","datePublished":"2022-01-27T18:00:51+00:00","dateModified":"2025-09-01T18:01:17+00:00","breadcrumb":{"@id":"https:\/\/esi.uclm.es\/index.php\/transparencia\/gobierno-abierto\/#breadcrumb"},"inLanguage":"es","potentialAction":[{"@type":"ReadAction","target":["https:\/\/esi.uclm.es\/index.php\/transparencia\/gobierno-abierto\/"]}]},{"@type":"ImageObject","inLanguage":"es","@id":"https:\/\/esi.uclm.es\/index.php\/transparencia\/gobierno-abierto\/#primaryimage","url":"https:\/\/esi.uclm.es\/assets\/uploads\/2022\/02\/gobierno_abierto.jpg","contentUrl":"https:\/\/esi.uclm.es\/assets\/uploads\/2022\/02\/gobierno_abierto.jpg"},{"@type":"BreadcrumbList","@id":"https:\/\/esi.uclm.es\/index.php\/transparencia\/gobierno-abierto\/#breadcrumb","itemListElement":[{"@type":"ListItem","position":1,"name":"Portada","item":"https:\/\/esi.uclm.es\/"},{"@type":"ListItem","position":2,"name":"Transparencia","item":"https:\/\/esi.uclm.es\/index.php\/transparencia\/"},{"@type":"ListItem","position":3,"name":"Gobierno abierto"}]},{"@type":"WebSite","@id":"https:\/\/esi.uclm.es\/#website","url":"https:\/\/esi.uclm.es\/","name":"Escuela Superior de Inform\u00e1tica de UCLM en Ciudad Real, Castilla-La Mancha","description":"La Escuela Superior de Inform\u00e1tica de Ciudad Real (Castilla-La Mancha), Universidad de Castilla-La Mancha es un centro universitario que imparte el ciclo completo de Ingenier\u00eda en Inform\u00e1tica: grado, m\u00e1ster y doctorado.","publisher":{"@id":"https:\/\/esi.uclm.es\/#organization"},"potentialAction":[{"@type":"SearchAction","target":{"@type":"EntryPoint","urlTemplate":"https:\/\/esi.uclm.es\/?s={search_term_string}"},"query-input":{"@type":"PropertyValueSpecification","valueRequired":true,"valueName":"search_term_string"}}],"inLanguage":"es"},{"@type":"Organization","@id":"https:\/\/esi.uclm.es\/#organization","name":"Escuela Superior de Inform\u00e1tica de UCLM","url":"https:\/\/esi.uclm.es\/","logo":{"@type":"ImageObject","inLanguage":"es","@id":"https:\/\/esi.uclm.es\/#\/schema\/logo\/image\/","url":"https:\/\/esi.uclm.es\/assets\/uploads\/2022\/03\/LogoESI_cabecera-1.png","contentUrl":"https:\/\/esi.uclm.es\/assets\/uploads\/2022\/03\/LogoESI_cabecera-1.png","width":460,"height":184,"caption":"Escuela Superior de Inform\u00e1tica de UCLM"},"image":{"@id":"https:\/\/esi.uclm.es\/#\/schema\/logo\/image\/"},"sameAs":["https:\/\/www.facebook.com\/Escuela-Superior-de-Informtica-543261809027158","https:\/\/x.com\/esiuclm","https:\/\/www.instagram.com\/esiuclm\/","https:\/\/www.youtube.com\/user\/esiuclm","https:\/\/www.twitch.tv\/esiuclm","https:\/\/www.linkedin.com\/company\/12656631\/admin\/"]}]}},"_links":{"self":[{"href":"https:\/\/esi.uclm.es\/index.php\/wp-json\/wp\/v2\/pages\/4102","targetHints":{"allow":["GET"]}}],"collection":[{"href":"https:\/\/esi.uclm.es\/index.php\/wp-json\/wp\/v2\/pages"}],"about":[{"href":"https:\/\/esi.uclm.es\/index.php\/wp-json\/wp\/v2\/types\/page"}],"author":[{"embeddable":true,"href":"https:\/\/esi.uclm.es\/index.php\/wp-json\/wp\/v2\/users\/1"}],"replies":[{"embeddable":true,"href":"https:\/\/esi.uclm.es\/index.php\/wp-json\/wp\/v2\/comments?post=4102"}],"version-history":[{"count":18,"href":"https:\/\/esi.uclm.es\/index.php\/wp-json\/wp\/v2\/pages\/4102\/revisions"}],"predecessor-version":[{"id":21392,"href":"https:\/\/esi.uclm.es\/index.php\/wp-json\/wp\/v2\/pages\/4102\/revisions\/21392"}],"up":[{"embeddable":true,"href":"https:\/\/esi.uclm.es\/index.php\/wp-json\/wp\/v2\/pages\/5393"}],"wp:attachment":[{"href":"https:\/\/esi.uclm.es\/index.php\/wp-json\/wp\/v2\/media?parent=4102"}],"curies":[{"name":"wp","href":"https:\/\/api.w.org\/{rel}","templated":true}]}}