{"id":4083,"date":"2022-01-27T17:55:11","date_gmt":"2022-01-27T17:55:11","guid":{"rendered":"http:\/\/esiaz24.uclm.es\/?page_id=4083"},"modified":"2024-08-16T15:10:30","modified_gmt":"2024-08-16T15:10:30","slug":"logomarca","status":"publish","type":"page","link":"https:\/\/esi.uclm.es\/index.php\/comunicacion-y-medios\/logomarca\/","title":{"rendered":"Logomarca"},"content":{"rendered":"\n<figure class=\"wp-block-gallery has-nested-images columns-4 wp-block-gallery-1 is-layout-flex wp-block-gallery-is-layout-flex\">\n<figure class=\"wp-block-image size-large\"><img loading=\"lazy\" decoding=\"async\" width=\"656\" height=\"524\" data-id=\"7512\" src=\"https:\/\/esi.uclm.es\/assets\/uploads\/2022\/02\/Logo-ESI-Gris-RGB450ppp.jpg\" alt=\"\" class=\"wp-image-7512\" srcset=\"https:\/\/esi.uclm.es\/assets\/uploads\/2022\/02\/Logo-ESI-Gris-RGB450ppp.jpg 656w, https:\/\/esi.uclm.es\/assets\/uploads\/2022\/02\/Logo-ESI-Gris-RGB450ppp-300x240.jpg 300w, https:\/\/esi.uclm.es\/assets\/uploads\/2022\/02\/Logo-ESI-Gris-RGB450ppp-600x479.jpg 600w\" sizes=\"auto, (max-width: 656px) 100vw, 656px\" \/><\/figure>\n\n\n\n<figure class=\"wp-block-image size-large\"><img loading=\"lazy\" decoding=\"async\" width=\"656\" height=\"524\" data-id=\"5680\" src=\"https:\/\/esi.uclm.es\/assets\/uploads\/2022\/02\/content_Logo_ESI_Azul_RGB450ppp.jpg\" alt=\"\" class=\"wp-image-5680\" srcset=\"https:\/\/esi.uclm.es\/assets\/uploads\/2022\/02\/content_Logo_ESI_Azul_RGB450ppp.jpg 656w, https:\/\/esi.uclm.es\/assets\/uploads\/2022\/02\/content_Logo_ESI_Azul_RGB450ppp-300x240.jpg 300w, https:\/\/esi.uclm.es\/assets\/uploads\/2022\/02\/content_Logo_ESI_Azul_RGB450ppp-600x479.jpg 600w\" sizes=\"auto, (max-width: 656px) 100vw, 656px\" \/><\/figure>\n\n\n\n<figure class=\"wp-block-image size-large\"><img loading=\"lazy\" decoding=\"async\" width=\"658\" height=\"526\" data-id=\"5679\" src=\"https:\/\/esi.uclm.es\/assets\/uploads\/2022\/02\/content_Logo_ESI_Degradado_RGB450ppp.jpg\" alt=\"\" class=\"wp-image-5679\" srcset=\"https:\/\/esi.uclm.es\/assets\/uploads\/2022\/02\/content_Logo_ESI_Degradado_RGB450ppp.jpg 658w, https:\/\/esi.uclm.es\/assets\/uploads\/2022\/02\/content_Logo_ESI_Degradado_RGB450ppp-300x240.jpg 300w, https:\/\/esi.uclm.es\/assets\/uploads\/2022\/02\/content_Logo_ESI_Degradado_RGB450ppp-600x480.jpg 600w\" sizes=\"auto, (max-width: 658px) 100vw, 658px\" \/><\/figure>\n\n\n\n<figure class=\"wp-block-image size-large\"><img loading=\"lazy\" decoding=\"async\" width=\"971\" height=\"1008\" data-id=\"7510\" src=\"https:\/\/esi.uclm.es\/assets\/uploads\/2022\/02\/lynx_cara.jpg\" alt=\"\" class=\"wp-image-7510\" srcset=\"https:\/\/esi.uclm.es\/assets\/uploads\/2022\/02\/lynx_cara.jpg 971w, https:\/\/esi.uclm.es\/assets\/uploads\/2022\/02\/lynx_cara-289x300.jpg 289w, https:\/\/esi.uclm.es\/assets\/uploads\/2022\/02\/lynx_cara-768x797.jpg 768w, https:\/\/esi.uclm.es\/assets\/uploads\/2022\/02\/lynx_cara-600x623.jpg 600w\" sizes=\"auto, (max-width: 971px) 100vw, 971px\" \/><\/figure>\n<\/figure>\n\n\n\n<h2 class=\"wp-block-heading\" id=\"concepto\">Concepto<\/h2>\n\n\n\n<hr class=\"wp-block-separator has-text-color has-vivid-cyan-blue-color has-css-opacity has-vivid-cyan-blue-background-color has-background is-style-wide\"\/>\n\n\n\n<p>La nueva logomarca creada en julio de 2021 surge para generar un impulso en la promoci\u00f3n de nuestros estudios y para mejorar la percepci\u00f3n externa de la Escuela Superior de Inform\u00e1tica de Ciudad Real. Manteniendo las formas generales para que se siga reconociendo el logo ESI de siempre, el nuevo dise\u00f1o es ahora m\u00e1s actual, din\u00e1mico y moderno que antes, con proporciones mejoradas.<\/p>\n\n\n\n<figure class=\"wp-block-embed is-type-video is-provider-youtube wp-block-embed-youtube wp-embed-aspect-16-9 wp-has-aspect-ratio\"><div class=\"wp-block-embed__wrapper\">\n<iframe loading=\"lazy\" title=\"Nuevo Logo ESI - 2021\" width=\"1060\" height=\"596\" src=\"https:\/\/www.youtube.com\/embed\/e1Cn-NKUiBM?feature=oembed\" frameborder=\"0\" allow=\"accelerometer; autoplay; clipboard-write; encrypted-media; gyroscope; picture-in-picture\" allowfullscreen><\/iframe>\n<\/div><\/figure>\n\n\n\n<p><\/p>\n\n\n\n<h2 class=\"wp-block-heading\" id=\"recursos\">Recursos<\/h2>\n\n\n\n<hr class=\"wp-block-separator has-text-color has-vivid-cyan-blue-color has-css-opacity has-vivid-cyan-blue-background-color has-background is-style-wide\"\/>\n\n\n\n<p>A continuaci\u00f3n, ponemos a disposici\u00f3n de la comunidad de la Escuela Superior de Inform\u00e1tica los recursos relacionados con la identidad digital de la ESI. Estos recursos deben ser utilizados en todo el material y actividades relacionadas con la ESI junto a los establecidos por la UCLM en&nbsp;su <a href=\"https:\/\/blog.uclm.es\/identidadvisualcorporativa\/\">Manual de Identidad Visual Corporativa<\/a>.<\/p>\n\n\n\n<ul class=\"wp-block-list\">\n<li><a href=\"https:\/\/esi.uclm.es\/assets\/uploads\/2022\/02\/Manual-Logomarca-ESI-2021.pdf\">Manual de Identidad Visual Corporativa de la ESI<\/a><\/li>\n\n\n\n<li><a href=\"https:\/\/esi.uclm.es\/assets\/uploads\/2022\/02\/Logomarca-ESI-RGB.zip\">Recursos gr\u00e1ficos<\/a><\/li>\n\n\n\n<li>Colores corporativos:<\/li>\n<\/ul>\n\n\n\n<div style=\"padding-left: 80px;\"><span style=\"background-color: #a7aeb2; color: #ffffff;\"><strong>Pantone 429C:&nbsp; #a7aeb2<\/strong><\/span><\/div>\n\n\n\n<div style=\"padding-left: 80px;\"><span style=\"color: #ffffff; background-color: #0097d7;\"><strong>Pantone 299C:&nbsp; #0097d7<\/strong><\/span><\/div>\n\n\n\n<div style=\"padding-left: 80px;\"><span style=\"color: #ffffff; background-color: #1d2262;\"><strong>Pantone 2747C: #1d226<\/strong><\/span><\/div>\n\n\n\n<ul class=\"wp-block-list\">\n<li><a href=\"https:\/\/esi.uclm.es\/assets\/uploads\/2022\/02\/Logomarca-SMART-ESI.zip\">Recursos gr\u00e1ficos de Smart ESI<\/a><\/li>\n<\/ul>\n\n\n\n<h2 class=\"wp-block-heading\" id=\"computer-lynx\">Computer Lynx<\/h2>\n\n\n\n<hr class=\"wp-block-separator has-text-color has-vivid-cyan-blue-color has-css-opacity has-vivid-cyan-blue-background-color has-background is-style-wide\"\/>\n\n\n\n<div class=\"wp-block-columns is-layout-flex wp-container-core-columns-is-layout-9d6595d7 wp-block-columns-is-layout-flex\">\n<div class=\"wp-block-column is-layout-flow wp-block-column-is-layout-flow\">\n<figure class=\"wp-block-image size-full\"><img loading=\"lazy\" decoding=\"async\" width=\"1024\" height=\"768\" src=\"https:\/\/esi.uclm.es\/assets\/uploads\/2024\/08\/lynx_2425.jpg\" alt=\"\" class=\"wp-image-19072\" style=\"object-fit:cover\" srcset=\"https:\/\/esi.uclm.es\/assets\/uploads\/2024\/08\/lynx_2425.jpg 1024w, https:\/\/esi.uclm.es\/assets\/uploads\/2024\/08\/lynx_2425-300x225.jpg 300w, https:\/\/esi.uclm.es\/assets\/uploads\/2024\/08\/lynx_2425-768x576.jpg 768w, https:\/\/esi.uclm.es\/assets\/uploads\/2024\/08\/lynx_2425-800x600.jpg 800w\" sizes=\"auto, (max-width: 1024px) 100vw, 1024px\" \/><figcaption class=\"wp-element-caption\">Lynx La mascota de la ESI<\/figcaption><\/figure>\n<\/div>\n\n\n\n<div class=\"wp-block-column is-layout-flow wp-block-column-is-layout-flow\">\n<p>La mascota de la ESI, denominada <strong>Computer Lynx<\/strong>, es un simp\u00e1tico lince. Este felino presenta fuertes patas, cola corta y piel moteada.<\/p>\n\n\n\n<p>El lince ib\u00e9rico, end\u00e9mico de nuestra pen\u00ednsula, ha estado en grave peligro de extinci\u00f3n desde principios de siglo, si bien la poblaci\u00f3n se ha podido recuperar recientemente. La regi\u00f3n de Castilla-La Mancha acoge a un tercio de los ejemplares de esta especie.<\/p>\n\n\n\n<p>Computer Lynx act\u00faa como una segunda marca de la Escuela Superior de Inform\u00e1tica en cuanto a la promoci\u00f3n de sus t\u00edtulos, como gesto de preocupaci\u00f3n por el <strong>medioambiente<\/strong> y la <strong>naturaleza<\/strong>, expresando apego y compromiso con nuestra <strong>regi\u00f3n<\/strong>, por representar caracter\u00edsticas destacables como la <strong>astucia<\/strong>, <strong>agilidad<\/strong>, <strong>velocidad<\/strong>, <strong>resistencia<\/strong> y <strong>trabajo en equipo<\/strong>, y por la conexi\u00f3n de esta palabra con la <strong>Inform\u00e1tica<\/strong> y sus or\u00edgenes (<em>lynx<\/em> es el nombre de un sistema operativo de la d\u00e9cada de los 80 y es tambi\u00e9n una palabra parecida a Linux, n\u00facleo de GNU Linux\u00bb).<\/p>\n\n\n\n<p><\/p>\n<\/div>\n<\/div>\n\n\n<div class=\"wp-block-image\">\n<figure class=\"aligncenter size-full\"><img loading=\"lazy\" decoding=\"async\" width=\"595\" height=\"595\" src=\"https:\/\/esi.uclm.es\/assets\/uploads\/2024\/08\/Lynx_sinfondoBlack.png\" alt=\"\" class=\"wp-image-19078\" srcset=\"https:\/\/esi.uclm.es\/assets\/uploads\/2024\/08\/Lynx_sinfondoBlack.png 595w, https:\/\/esi.uclm.es\/assets\/uploads\/2024\/08\/Lynx_sinfondoBlack-300x300.png 300w, https:\/\/esi.uclm.es\/assets\/uploads\/2024\/08\/Lynx_sinfondoBlack-150x150.png 150w, https:\/\/esi.uclm.es\/assets\/uploads\/2024\/08\/Lynx_sinfondoBlack-550x550.png 550w\" sizes=\"auto, (max-width: 595px) 100vw, 595px\" \/><\/figure>\n<\/div>\n\n\n<p><\/p>\n","protected":false},"excerpt":{"rendered":"<p>Concepto La nueva logomarca creada en julio de 2021 surge para generar un impulso en la promoci\u00f3n de nuestros estudios y para mejorar la percepci\u00f3n externa de la Escuela Superior de Inform\u00e1tica de Ciudad Real. Manteniendo las formas generales para que se siga reconociendo el [&hellip;]<\/p>\n","protected":false},"author":1,"featured_media":5676,"parent":5516,"menu_order":0,"comment_status":"closed","ping_status":"closed","template":"","meta":{"footnotes":""},"class_list":["post-4083","page","type-page","status-publish","has-post-thumbnail","hentry"],"yoast_head":"<!-- This site is optimized with the Yoast SEO plugin v27.3 - https:\/\/yoast.com\/product\/yoast-seo-wordpress\/ -->\n<title>Logomarca - Escuela Superior de Inform\u00e1tica de UCLM<\/title>\n<meta name=\"robots\" content=\"index, follow, max-snippet:-1, max-image-preview:large, max-video-preview:-1\" \/>\n<link rel=\"canonical\" href=\"https:\/\/esi.uclm.es\/index.php\/comunicacion-y-medios\/logomarca\/\" \/>\n<meta property=\"og:locale\" content=\"es_ES\" \/>\n<meta property=\"og:type\" content=\"article\" \/>\n<meta property=\"og:title\" content=\"Logomarca - Escuela Superior de Inform\u00e1tica de UCLM\" \/>\n<meta property=\"og:description\" content=\"Concepto La nueva logomarca creada en julio de 2021 surge para generar un impulso en la promoci\u00f3n de nuestros estudios y para mejorar la percepci\u00f3n externa de la Escuela Superior de Inform\u00e1tica de Ciudad Real. Manteniendo las formas generales para que se siga reconociendo el [&hellip;]\" \/>\n<meta property=\"og:url\" content=\"https:\/\/esi.uclm.es\/index.php\/comunicacion-y-medios\/logomarca\/\" \/>\n<meta property=\"og:site_name\" content=\"Escuela Superior de Inform\u00e1tica de UCLM\" \/>\n<meta property=\"article:publisher\" content=\"https:\/\/www.facebook.com\/Escuela-Superior-de-Informtica-543261809027158\" \/>\n<meta property=\"article:modified_time\" content=\"2024-08-16T15:10:30+00:00\" \/>\n<meta property=\"og:image\" content=\"http:\/\/esi.uclm.es\/assets\/uploads\/2022\/02\/content_Logo_ESI_Gris_con_titulo_Aniversario_RGB450ppp.jpg\" \/>\n\t<meta property=\"og:image:width\" content=\"800\" \/>\n\t<meta property=\"og:image:height\" content=\"363\" \/>\n\t<meta property=\"og:image:type\" content=\"image\/jpeg\" \/>\n<meta name=\"twitter:card\" content=\"summary_large_image\" \/>\n<meta name=\"twitter:site\" content=\"@esiuclm\" \/>\n<meta name=\"twitter:label1\" content=\"Tiempo de lectura\" \/>\n\t<meta name=\"twitter:data1\" content=\"3 minutos\" \/>\n<script type=\"application\/ld+json\" class=\"yoast-schema-graph\">{\"@context\":\"https:\\\/\\\/schema.org\",\"@graph\":[{\"@type\":\"WebPage\",\"@id\":\"https:\\\/\\\/esi.uclm.es\\\/index.php\\\/comunicacion-y-medios\\\/logomarca\\\/\",\"url\":\"https:\\\/\\\/esi.uclm.es\\\/index.php\\\/comunicacion-y-medios\\\/logomarca\\\/\",\"name\":\"Logomarca - Escuela Superior de Inform\u00e1tica de UCLM\",\"isPartOf\":{\"@id\":\"https:\\\/\\\/esi.uclm.es\\\/#website\"},\"primaryImageOfPage\":{\"@id\":\"https:\\\/\\\/esi.uclm.es\\\/index.php\\\/comunicacion-y-medios\\\/logomarca\\\/#primaryimage\"},\"image\":{\"@id\":\"https:\\\/\\\/esi.uclm.es\\\/index.php\\\/comunicacion-y-medios\\\/logomarca\\\/#primaryimage\"},\"thumbnailUrl\":\"https:\\\/\\\/esi.uclm.es\\\/assets\\\/uploads\\\/2022\\\/02\\\/content_Logo_ESI_Gris_con_titulo_Aniversario_RGB450ppp.jpg\",\"datePublished\":\"2022-01-27T17:55:11+00:00\",\"dateModified\":\"2024-08-16T15:10:30+00:00\",\"breadcrumb\":{\"@id\":\"https:\\\/\\\/esi.uclm.es\\\/index.php\\\/comunicacion-y-medios\\\/logomarca\\\/#breadcrumb\"},\"inLanguage\":\"es\",\"potentialAction\":[{\"@type\":\"ReadAction\",\"target\":[\"https:\\\/\\\/esi.uclm.es\\\/index.php\\\/comunicacion-y-medios\\\/logomarca\\\/\"]}]},{\"@type\":\"ImageObject\",\"inLanguage\":\"es\",\"@id\":\"https:\\\/\\\/esi.uclm.es\\\/index.php\\\/comunicacion-y-medios\\\/logomarca\\\/#primaryimage\",\"url\":\"https:\\\/\\\/esi.uclm.es\\\/assets\\\/uploads\\\/2022\\\/02\\\/content_Logo_ESI_Gris_con_titulo_Aniversario_RGB450ppp.jpg\",\"contentUrl\":\"https:\\\/\\\/esi.uclm.es\\\/assets\\\/uploads\\\/2022\\\/02\\\/content_Logo_ESI_Gris_con_titulo_Aniversario_RGB450ppp.jpg\",\"width\":800,\"height\":363},{\"@type\":\"BreadcrumbList\",\"@id\":\"https:\\\/\\\/esi.uclm.es\\\/index.php\\\/comunicacion-y-medios\\\/logomarca\\\/#breadcrumb\",\"itemListElement\":[{\"@type\":\"ListItem\",\"position\":1,\"name\":\"Portada\",\"item\":\"https:\\\/\\\/esi.uclm.es\\\/\"},{\"@type\":\"ListItem\",\"position\":2,\"name\":\"Comunicaci\u00f3n y Medios\",\"item\":\"https:\\\/\\\/esi.uclm.es\\\/index.php\\\/comunicacion-y-medios\\\/\"},{\"@type\":\"ListItem\",\"position\":3,\"name\":\"Logomarca\"}]},{\"@type\":\"WebSite\",\"@id\":\"https:\\\/\\\/esi.uclm.es\\\/#website\",\"url\":\"https:\\\/\\\/esi.uclm.es\\\/\",\"name\":\"Escuela Superior de Inform\u00e1tica de UCLM en Ciudad Real, Castilla-La Mancha\",\"description\":\"La Escuela Superior de Inform\u00e1tica de Ciudad Real (Castilla-La Mancha), Universidad de Castilla-La Mancha es un centro universitario que imparte el ciclo completo de Ingenier\u00eda en Inform\u00e1tica: grado, m\u00e1ster y doctorado.\",\"publisher\":{\"@id\":\"https:\\\/\\\/esi.uclm.es\\\/#organization\"},\"potentialAction\":[{\"@type\":\"SearchAction\",\"target\":{\"@type\":\"EntryPoint\",\"urlTemplate\":\"https:\\\/\\\/esi.uclm.es\\\/?s={search_term_string}\"},\"query-input\":{\"@type\":\"PropertyValueSpecification\",\"valueRequired\":true,\"valueName\":\"search_term_string\"}}],\"inLanguage\":\"es\"},{\"@type\":\"Organization\",\"@id\":\"https:\\\/\\\/esi.uclm.es\\\/#organization\",\"name\":\"Escuela Superior de Inform\u00e1tica de UCLM\",\"url\":\"https:\\\/\\\/esi.uclm.es\\\/\",\"logo\":{\"@type\":\"ImageObject\",\"inLanguage\":\"es\",\"@id\":\"https:\\\/\\\/esi.uclm.es\\\/#\\\/schema\\\/logo\\\/image\\\/\",\"url\":\"https:\\\/\\\/esi.uclm.es\\\/assets\\\/uploads\\\/2022\\\/03\\\/LogoESI_cabecera-1.png\",\"contentUrl\":\"https:\\\/\\\/esi.uclm.es\\\/assets\\\/uploads\\\/2022\\\/03\\\/LogoESI_cabecera-1.png\",\"width\":460,\"height\":184,\"caption\":\"Escuela Superior de Inform\u00e1tica de UCLM\"},\"image\":{\"@id\":\"https:\\\/\\\/esi.uclm.es\\\/#\\\/schema\\\/logo\\\/image\\\/\"},\"sameAs\":[\"https:\\\/\\\/www.facebook.com\\\/Escuela-Superior-de-Informtica-543261809027158\",\"https:\\\/\\\/x.com\\\/esiuclm\",\"https:\\\/\\\/www.instagram.com\\\/esiuclm\\\/\",\"https:\\\/\\\/www.youtube.com\\\/user\\\/esiuclm\",\"https:\\\/\\\/www.twitch.tv\\\/esiuclm\",\"https:\\\/\\\/www.linkedin.com\\\/company\\\/12656631\\\/admin\\\/\"]}]}<\/script>\n<!-- \/ Yoast SEO plugin. -->","yoast_head_json":{"title":"Logomarca - Escuela Superior de Inform\u00e1tica de UCLM","robots":{"index":"index","follow":"follow","max-snippet":"max-snippet:-1","max-image-preview":"max-image-preview:large","max-video-preview":"max-video-preview:-1"},"canonical":"https:\/\/esi.uclm.es\/index.php\/comunicacion-y-medios\/logomarca\/","og_locale":"es_ES","og_type":"article","og_title":"Logomarca - Escuela Superior de Inform\u00e1tica de UCLM","og_description":"Concepto La nueva logomarca creada en julio de 2021 surge para generar un impulso en la promoci\u00f3n de nuestros estudios y para mejorar la percepci\u00f3n externa de la Escuela Superior de Inform\u00e1tica de Ciudad Real. Manteniendo las formas generales para que se siga reconociendo el [&hellip;]","og_url":"https:\/\/esi.uclm.es\/index.php\/comunicacion-y-medios\/logomarca\/","og_site_name":"Escuela Superior de Inform\u00e1tica de UCLM","article_publisher":"https:\/\/www.facebook.com\/Escuela-Superior-de-Informtica-543261809027158","article_modified_time":"2024-08-16T15:10:30+00:00","og_image":[{"width":800,"height":363,"url":"http:\/\/esi.uclm.es\/assets\/uploads\/2022\/02\/content_Logo_ESI_Gris_con_titulo_Aniversario_RGB450ppp.jpg","type":"image\/jpeg"}],"twitter_card":"summary_large_image","twitter_site":"@esiuclm","twitter_misc":{"Tiempo de lectura":"3 minutos"},"schema":{"@context":"https:\/\/schema.org","@graph":[{"@type":"WebPage","@id":"https:\/\/esi.uclm.es\/index.php\/comunicacion-y-medios\/logomarca\/","url":"https:\/\/esi.uclm.es\/index.php\/comunicacion-y-medios\/logomarca\/","name":"Logomarca - Escuela Superior de Inform\u00e1tica de UCLM","isPartOf":{"@id":"https:\/\/esi.uclm.es\/#website"},"primaryImageOfPage":{"@id":"https:\/\/esi.uclm.es\/index.php\/comunicacion-y-medios\/logomarca\/#primaryimage"},"image":{"@id":"https:\/\/esi.uclm.es\/index.php\/comunicacion-y-medios\/logomarca\/#primaryimage"},"thumbnailUrl":"https:\/\/esi.uclm.es\/assets\/uploads\/2022\/02\/content_Logo_ESI_Gris_con_titulo_Aniversario_RGB450ppp.jpg","datePublished":"2022-01-27T17:55:11+00:00","dateModified":"2024-08-16T15:10:30+00:00","breadcrumb":{"@id":"https:\/\/esi.uclm.es\/index.php\/comunicacion-y-medios\/logomarca\/#breadcrumb"},"inLanguage":"es","potentialAction":[{"@type":"ReadAction","target":["https:\/\/esi.uclm.es\/index.php\/comunicacion-y-medios\/logomarca\/"]}]},{"@type":"ImageObject","inLanguage":"es","@id":"https:\/\/esi.uclm.es\/index.php\/comunicacion-y-medios\/logomarca\/#primaryimage","url":"https:\/\/esi.uclm.es\/assets\/uploads\/2022\/02\/content_Logo_ESI_Gris_con_titulo_Aniversario_RGB450ppp.jpg","contentUrl":"https:\/\/esi.uclm.es\/assets\/uploads\/2022\/02\/content_Logo_ESI_Gris_con_titulo_Aniversario_RGB450ppp.jpg","width":800,"height":363},{"@type":"BreadcrumbList","@id":"https:\/\/esi.uclm.es\/index.php\/comunicacion-y-medios\/logomarca\/#breadcrumb","itemListElement":[{"@type":"ListItem","position":1,"name":"Portada","item":"https:\/\/esi.uclm.es\/"},{"@type":"ListItem","position":2,"name":"Comunicaci\u00f3n y Medios","item":"https:\/\/esi.uclm.es\/index.php\/comunicacion-y-medios\/"},{"@type":"ListItem","position":3,"name":"Logomarca"}]},{"@type":"WebSite","@id":"https:\/\/esi.uclm.es\/#website","url":"https:\/\/esi.uclm.es\/","name":"Escuela Superior de Inform\u00e1tica de UCLM en Ciudad Real, Castilla-La Mancha","description":"La Escuela Superior de Inform\u00e1tica de Ciudad Real (Castilla-La Mancha), Universidad de Castilla-La Mancha es un centro universitario que imparte el ciclo completo de Ingenier\u00eda en Inform\u00e1tica: grado, m\u00e1ster y doctorado.","publisher":{"@id":"https:\/\/esi.uclm.es\/#organization"},"potentialAction":[{"@type":"SearchAction","target":{"@type":"EntryPoint","urlTemplate":"https:\/\/esi.uclm.es\/?s={search_term_string}"},"query-input":{"@type":"PropertyValueSpecification","valueRequired":true,"valueName":"search_term_string"}}],"inLanguage":"es"},{"@type":"Organization","@id":"https:\/\/esi.uclm.es\/#organization","name":"Escuela Superior de Inform\u00e1tica de UCLM","url":"https:\/\/esi.uclm.es\/","logo":{"@type":"ImageObject","inLanguage":"es","@id":"https:\/\/esi.uclm.es\/#\/schema\/logo\/image\/","url":"https:\/\/esi.uclm.es\/assets\/uploads\/2022\/03\/LogoESI_cabecera-1.png","contentUrl":"https:\/\/esi.uclm.es\/assets\/uploads\/2022\/03\/LogoESI_cabecera-1.png","width":460,"height":184,"caption":"Escuela Superior de Inform\u00e1tica de UCLM"},"image":{"@id":"https:\/\/esi.uclm.es\/#\/schema\/logo\/image\/"},"sameAs":["https:\/\/www.facebook.com\/Escuela-Superior-de-Informtica-543261809027158","https:\/\/x.com\/esiuclm","https:\/\/www.instagram.com\/esiuclm\/","https:\/\/www.youtube.com\/user\/esiuclm","https:\/\/www.twitch.tv\/esiuclm","https:\/\/www.linkedin.com\/company\/12656631\/admin\/"]}]}},"_links":{"self":[{"href":"https:\/\/esi.uclm.es\/index.php\/wp-json\/wp\/v2\/pages\/4083","targetHints":{"allow":["GET"]}}],"collection":[{"href":"https:\/\/esi.uclm.es\/index.php\/wp-json\/wp\/v2\/pages"}],"about":[{"href":"https:\/\/esi.uclm.es\/index.php\/wp-json\/wp\/v2\/types\/page"}],"author":[{"embeddable":true,"href":"https:\/\/esi.uclm.es\/index.php\/wp-json\/wp\/v2\/users\/1"}],"replies":[{"embeddable":true,"href":"https:\/\/esi.uclm.es\/index.php\/wp-json\/wp\/v2\/comments?post=4083"}],"version-history":[{"count":20,"href":"https:\/\/esi.uclm.es\/index.php\/wp-json\/wp\/v2\/pages\/4083\/revisions"}],"predecessor-version":[{"id":19079,"href":"https:\/\/esi.uclm.es\/index.php\/wp-json\/wp\/v2\/pages\/4083\/revisions\/19079"}],"up":[{"embeddable":true,"href":"https:\/\/esi.uclm.es\/index.php\/wp-json\/wp\/v2\/pages\/5516"}],"wp:featuredmedia":[{"embeddable":true,"href":"https:\/\/esi.uclm.es\/index.php\/wp-json\/wp\/v2\/media\/5676"}],"wp:attachment":[{"href":"https:\/\/esi.uclm.es\/index.php\/wp-json\/wp\/v2\/media?parent=4083"}],"curies":[{"name":"wp","href":"https:\/\/api.w.org\/{rel}","templated":true}]}}