{"id":4075,"date":"2022-01-27T17:50:46","date_gmt":"2022-01-27T17:50:46","guid":{"rendered":"http:\/\/esiaz24.uclm.es\/?page_id=4075"},"modified":"2022-05-30T19:45:09","modified_gmt":"2022-05-30T19:45:09","slug":"puertas-abiertas","status":"publish","type":"page","link":"https:\/\/esi.uclm.es\/index.php\/conocenos-visitanos\/puertas-abiertas\/","title":{"rendered":"Puertas abiertas"},"content":{"rendered":"\n<figure class=\"wp-block-image size-large\"><img loading=\"lazy\" decoding=\"async\" width=\"1024\" height=\"236\" src=\"https:\/\/esi.uclm.es\/assets\/uploads\/2022\/02\/esi-entrada-1024x236.jpg\" alt=\"\" class=\"wp-image-7280\" srcset=\"https:\/\/esi.uclm.es\/assets\/uploads\/2022\/02\/esi-entrada-1024x236.jpg 1024w, https:\/\/esi.uclm.es\/assets\/uploads\/2022\/02\/esi-entrada-300x69.jpg 300w, https:\/\/esi.uclm.es\/assets\/uploads\/2022\/02\/esi-entrada-768x177.jpg 768w, https:\/\/esi.uclm.es\/assets\/uploads\/2022\/02\/esi-entrada-600x138.jpg 600w, https:\/\/esi.uclm.es\/assets\/uploads\/2022\/02\/esi-entrada.jpg 1300w\" sizes=\"auto, (max-width: 1024px) 100vw, 1024px\" \/><\/figure>\n\n\n\n<h2 class=\"wp-block-heading\">Visita guiada a la Escuela<\/h2>\n\n\n\n<hr class=\"wp-block-separator has-text-color has-vivid-cyan-blue-color has-css-opacity has-vivid-cyan-blue-background-color has-background\"\/>\n\n\n\n<p>Todos los a\u00f1os, la Escuela Superior de Inform\u00e1tica de Ciudad Real tiene sus puertas abiertas a todas aquellas familias cuyos miembros tengan inter\u00e9s en formarse como Ingenieros\/as en Inform\u00e1tica. En el a\u00f1o 2021, las jornadas de puertas abiertas se celebraron de forma on-line (ver v\u00eddeo de m\u00e1s abajo). Recuperada cierta normalidad tras las alteraciones ocasionadas por la pandemia, tambi\u00e9n se recupera la modalidad presencial, en la que te esperamos con los brazos abiertos para disfrutar de un tour guiado por nuestras instalaciones.<\/p>\n\n\n\n<div style=\"height:16px\" aria-hidden=\"true\" class=\"wp-block-spacer\"><\/div>\n\n\n\n<figure class=\"wp-block-embed is-type-video is-provider-youtube wp-block-embed-youtube wp-embed-aspect-16-9 wp-has-aspect-ratio\"><div class=\"wp-block-embed__wrapper\">\n<iframe loading=\"lazy\" title=\"Escuela Superior de Inform\u00e1tica de Ciudad Real - Jornadas de Puertas Abiertas 2021\" width=\"1060\" height=\"596\" src=\"https:\/\/www.youtube.com\/embed\/GaSlYp4gpLo?feature=oembed\" frameborder=\"0\" allow=\"accelerometer; autoplay; clipboard-write; encrypted-media; gyroscope; picture-in-picture\" allowfullscreen><\/iframe>\n<\/div><\/figure>\n","protected":false},"excerpt":{"rendered":"<p>Visita guiada a la Escuela Todos los a\u00f1os, la Escuela Superior de Inform\u00e1tica de Ciudad Real tiene sus puertas abiertas a todas aquellas familias cuyos miembros tengan inter\u00e9s en formarse como Ingenieros\/as en Inform\u00e1tica. En el a\u00f1o 2021, las jornadas de puertas abiertas se celebraron [&hellip;]<\/p>\n","protected":false},"author":1,"featured_media":0,"parent":5513,"menu_order":0,"comment_status":"closed","ping_status":"closed","template":"","meta":{"footnotes":""},"class_list":["post-4075","page","type-page","status-publish","hentry"],"yoast_head":"<!-- This site is optimized with the Yoast SEO plugin v27.3 - https:\/\/yoast.com\/product\/yoast-seo-wordpress\/ -->\n<title>Puertas abiertas - Escuela Superior de Inform\u00e1tica de UCLM<\/title>\n<meta name=\"robots\" content=\"index, follow, max-snippet:-1, max-image-preview:large, max-video-preview:-1\" \/>\n<link rel=\"canonical\" href=\"https:\/\/esi.uclm.es\/index.php\/conocenos-visitanos\/puertas-abiertas\/\" \/>\n<meta property=\"og:locale\" content=\"es_ES\" \/>\n<meta property=\"og:type\" content=\"article\" \/>\n<meta property=\"og:title\" content=\"Puertas abiertas - Escuela Superior de Inform\u00e1tica de UCLM\" \/>\n<meta property=\"og:description\" content=\"Visita guiada a la Escuela Todos los a\u00f1os, la Escuela Superior de Inform\u00e1tica de Ciudad Real tiene sus puertas abiertas a todas aquellas familias cuyos miembros tengan inter\u00e9s en formarse como Ingenieros\/as en Inform\u00e1tica. En el a\u00f1o 2021, las jornadas de puertas abiertas se celebraron [&hellip;]\" \/>\n<meta property=\"og:url\" content=\"https:\/\/esi.uclm.es\/index.php\/conocenos-visitanos\/puertas-abiertas\/\" \/>\n<meta property=\"og:site_name\" content=\"Escuela Superior de Inform\u00e1tica de UCLM\" \/>\n<meta property=\"article:publisher\" content=\"https:\/\/www.facebook.com\/Escuela-Superior-de-Informtica-543261809027158\" \/>\n<meta property=\"article:modified_time\" content=\"2022-05-30T19:45:09+00:00\" \/>\n<meta property=\"og:image\" content=\"https:\/\/esi.uclm.es\/assets\/uploads\/2022\/02\/esi-entrada-1024x236.jpg\" \/>\n<meta name=\"twitter:card\" content=\"summary_large_image\" \/>\n<meta name=\"twitter:site\" content=\"@esiuclm\" \/>\n<meta name=\"twitter:label1\" content=\"Tiempo de lectura\" \/>\n\t<meta name=\"twitter:data1\" content=\"1 minuto\" \/>\n<script type=\"application\/ld+json\" class=\"yoast-schema-graph\">{\"@context\":\"https:\\\/\\\/schema.org\",\"@graph\":[{\"@type\":\"WebPage\",\"@id\":\"https:\\\/\\\/esi.uclm.es\\\/index.php\\\/conocenos-visitanos\\\/puertas-abiertas\\\/\",\"url\":\"https:\\\/\\\/esi.uclm.es\\\/index.php\\\/conocenos-visitanos\\\/puertas-abiertas\\\/\",\"name\":\"Puertas abiertas - Escuela Superior de Inform\u00e1tica de UCLM\",\"isPartOf\":{\"@id\":\"https:\\\/\\\/esi.uclm.es\\\/#website\"},\"primaryImageOfPage\":{\"@id\":\"https:\\\/\\\/esi.uclm.es\\\/index.php\\\/conocenos-visitanos\\\/puertas-abiertas\\\/#primaryimage\"},\"image\":{\"@id\":\"https:\\\/\\\/esi.uclm.es\\\/index.php\\\/conocenos-visitanos\\\/puertas-abiertas\\\/#primaryimage\"},\"thumbnailUrl\":\"https:\\\/\\\/esi.uclm.es\\\/assets\\\/uploads\\\/2022\\\/02\\\/esi-entrada-1024x236.jpg\",\"datePublished\":\"2022-01-27T17:50:46+00:00\",\"dateModified\":\"2022-05-30T19:45:09+00:00\",\"breadcrumb\":{\"@id\":\"https:\\\/\\\/esi.uclm.es\\\/index.php\\\/conocenos-visitanos\\\/puertas-abiertas\\\/#breadcrumb\"},\"inLanguage\":\"es\",\"potentialAction\":[{\"@type\":\"ReadAction\",\"target\":[\"https:\\\/\\\/esi.uclm.es\\\/index.php\\\/conocenos-visitanos\\\/puertas-abiertas\\\/\"]}]},{\"@type\":\"ImageObject\",\"inLanguage\":\"es\",\"@id\":\"https:\\\/\\\/esi.uclm.es\\\/index.php\\\/conocenos-visitanos\\\/puertas-abiertas\\\/#primaryimage\",\"url\":\"https:\\\/\\\/esi.uclm.es\\\/assets\\\/uploads\\\/2022\\\/02\\\/esi-entrada-1024x236.jpg\",\"contentUrl\":\"https:\\\/\\\/esi.uclm.es\\\/assets\\\/uploads\\\/2022\\\/02\\\/esi-entrada-1024x236.jpg\"},{\"@type\":\"BreadcrumbList\",\"@id\":\"https:\\\/\\\/esi.uclm.es\\\/index.php\\\/conocenos-visitanos\\\/puertas-abiertas\\\/#breadcrumb\",\"itemListElement\":[{\"@type\":\"ListItem\",\"position\":1,\"name\":\"Portada\",\"item\":\"https:\\\/\\\/esi.uclm.es\\\/\"},{\"@type\":\"ListItem\",\"position\":2,\"name\":\"Con\u00f3cenos\",\"item\":\"https:\\\/\\\/esi.uclm.es\\\/index.php\\\/conocenos-visitanos\\\/\"},{\"@type\":\"ListItem\",\"position\":3,\"name\":\"Puertas abiertas\"}]},{\"@type\":\"WebSite\",\"@id\":\"https:\\\/\\\/esi.uclm.es\\\/#website\",\"url\":\"https:\\\/\\\/esi.uclm.es\\\/\",\"name\":\"Escuela Superior de Inform\u00e1tica de UCLM en Ciudad Real, Castilla-La Mancha\",\"description\":\"La Escuela Superior de Inform\u00e1tica de Ciudad Real (Castilla-La Mancha), Universidad de Castilla-La Mancha es un centro universitario que imparte el ciclo completo de Ingenier\u00eda en Inform\u00e1tica: grado, m\u00e1ster y doctorado.\",\"publisher\":{\"@id\":\"https:\\\/\\\/esi.uclm.es\\\/#organization\"},\"potentialAction\":[{\"@type\":\"SearchAction\",\"target\":{\"@type\":\"EntryPoint\",\"urlTemplate\":\"https:\\\/\\\/esi.uclm.es\\\/?s={search_term_string}\"},\"query-input\":{\"@type\":\"PropertyValueSpecification\",\"valueRequired\":true,\"valueName\":\"search_term_string\"}}],\"inLanguage\":\"es\"},{\"@type\":\"Organization\",\"@id\":\"https:\\\/\\\/esi.uclm.es\\\/#organization\",\"name\":\"Escuela Superior de Inform\u00e1tica de UCLM\",\"url\":\"https:\\\/\\\/esi.uclm.es\\\/\",\"logo\":{\"@type\":\"ImageObject\",\"inLanguage\":\"es\",\"@id\":\"https:\\\/\\\/esi.uclm.es\\\/#\\\/schema\\\/logo\\\/image\\\/\",\"url\":\"https:\\\/\\\/esi.uclm.es\\\/assets\\\/uploads\\\/2022\\\/03\\\/LogoESI_cabecera-1.png\",\"contentUrl\":\"https:\\\/\\\/esi.uclm.es\\\/assets\\\/uploads\\\/2022\\\/03\\\/LogoESI_cabecera-1.png\",\"width\":460,\"height\":184,\"caption\":\"Escuela Superior de Inform\u00e1tica de UCLM\"},\"image\":{\"@id\":\"https:\\\/\\\/esi.uclm.es\\\/#\\\/schema\\\/logo\\\/image\\\/\"},\"sameAs\":[\"https:\\\/\\\/www.facebook.com\\\/Escuela-Superior-de-Informtica-543261809027158\",\"https:\\\/\\\/x.com\\\/esiuclm\",\"https:\\\/\\\/www.instagram.com\\\/esiuclm\\\/\",\"https:\\\/\\\/www.youtube.com\\\/user\\\/esiuclm\",\"https:\\\/\\\/www.twitch.tv\\\/esiuclm\",\"https:\\\/\\\/www.linkedin.com\\\/company\\\/12656631\\\/admin\\\/\"]}]}<\/script>\n<!-- \/ Yoast SEO plugin. -->","yoast_head_json":{"title":"Puertas abiertas - Escuela Superior de Inform\u00e1tica de UCLM","robots":{"index":"index","follow":"follow","max-snippet":"max-snippet:-1","max-image-preview":"max-image-preview:large","max-video-preview":"max-video-preview:-1"},"canonical":"https:\/\/esi.uclm.es\/index.php\/conocenos-visitanos\/puertas-abiertas\/","og_locale":"es_ES","og_type":"article","og_title":"Puertas abiertas - Escuela Superior de Inform\u00e1tica de UCLM","og_description":"Visita guiada a la Escuela Todos los a\u00f1os, la Escuela Superior de Inform\u00e1tica de Ciudad Real tiene sus puertas abiertas a todas aquellas familias cuyos miembros tengan inter\u00e9s en formarse como Ingenieros\/as en Inform\u00e1tica. En el a\u00f1o 2021, las jornadas de puertas abiertas se celebraron [&hellip;]","og_url":"https:\/\/esi.uclm.es\/index.php\/conocenos-visitanos\/puertas-abiertas\/","og_site_name":"Escuela Superior de Inform\u00e1tica de UCLM","article_publisher":"https:\/\/www.facebook.com\/Escuela-Superior-de-Informtica-543261809027158","article_modified_time":"2022-05-30T19:45:09+00:00","og_image":[{"url":"https:\/\/esi.uclm.es\/assets\/uploads\/2022\/02\/esi-entrada-1024x236.jpg","type":"","width":"","height":""}],"twitter_card":"summary_large_image","twitter_site":"@esiuclm","twitter_misc":{"Tiempo de lectura":"1 minuto"},"schema":{"@context":"https:\/\/schema.org","@graph":[{"@type":"WebPage","@id":"https:\/\/esi.uclm.es\/index.php\/conocenos-visitanos\/puertas-abiertas\/","url":"https:\/\/esi.uclm.es\/index.php\/conocenos-visitanos\/puertas-abiertas\/","name":"Puertas abiertas - Escuela Superior de Inform\u00e1tica de UCLM","isPartOf":{"@id":"https:\/\/esi.uclm.es\/#website"},"primaryImageOfPage":{"@id":"https:\/\/esi.uclm.es\/index.php\/conocenos-visitanos\/puertas-abiertas\/#primaryimage"},"image":{"@id":"https:\/\/esi.uclm.es\/index.php\/conocenos-visitanos\/puertas-abiertas\/#primaryimage"},"thumbnailUrl":"https:\/\/esi.uclm.es\/assets\/uploads\/2022\/02\/esi-entrada-1024x236.jpg","datePublished":"2022-01-27T17:50:46+00:00","dateModified":"2022-05-30T19:45:09+00:00","breadcrumb":{"@id":"https:\/\/esi.uclm.es\/index.php\/conocenos-visitanos\/puertas-abiertas\/#breadcrumb"},"inLanguage":"es","potentialAction":[{"@type":"ReadAction","target":["https:\/\/esi.uclm.es\/index.php\/conocenos-visitanos\/puertas-abiertas\/"]}]},{"@type":"ImageObject","inLanguage":"es","@id":"https:\/\/esi.uclm.es\/index.php\/conocenos-visitanos\/puertas-abiertas\/#primaryimage","url":"https:\/\/esi.uclm.es\/assets\/uploads\/2022\/02\/esi-entrada-1024x236.jpg","contentUrl":"https:\/\/esi.uclm.es\/assets\/uploads\/2022\/02\/esi-entrada-1024x236.jpg"},{"@type":"BreadcrumbList","@id":"https:\/\/esi.uclm.es\/index.php\/conocenos-visitanos\/puertas-abiertas\/#breadcrumb","itemListElement":[{"@type":"ListItem","position":1,"name":"Portada","item":"https:\/\/esi.uclm.es\/"},{"@type":"ListItem","position":2,"name":"Con\u00f3cenos","item":"https:\/\/esi.uclm.es\/index.php\/conocenos-visitanos\/"},{"@type":"ListItem","position":3,"name":"Puertas abiertas"}]},{"@type":"WebSite","@id":"https:\/\/esi.uclm.es\/#website","url":"https:\/\/esi.uclm.es\/","name":"Escuela Superior de Inform\u00e1tica de UCLM en Ciudad Real, Castilla-La Mancha","description":"La Escuela Superior de Inform\u00e1tica de Ciudad Real (Castilla-La Mancha), Universidad de Castilla-La Mancha es un centro universitario que imparte el ciclo completo de Ingenier\u00eda en Inform\u00e1tica: grado, m\u00e1ster y doctorado.","publisher":{"@id":"https:\/\/esi.uclm.es\/#organization"},"potentialAction":[{"@type":"SearchAction","target":{"@type":"EntryPoint","urlTemplate":"https:\/\/esi.uclm.es\/?s={search_term_string}"},"query-input":{"@type":"PropertyValueSpecification","valueRequired":true,"valueName":"search_term_string"}}],"inLanguage":"es"},{"@type":"Organization","@id":"https:\/\/esi.uclm.es\/#organization","name":"Escuela Superior de Inform\u00e1tica de UCLM","url":"https:\/\/esi.uclm.es\/","logo":{"@type":"ImageObject","inLanguage":"es","@id":"https:\/\/esi.uclm.es\/#\/schema\/logo\/image\/","url":"https:\/\/esi.uclm.es\/assets\/uploads\/2022\/03\/LogoESI_cabecera-1.png","contentUrl":"https:\/\/esi.uclm.es\/assets\/uploads\/2022\/03\/LogoESI_cabecera-1.png","width":460,"height":184,"caption":"Escuela Superior de Inform\u00e1tica de UCLM"},"image":{"@id":"https:\/\/esi.uclm.es\/#\/schema\/logo\/image\/"},"sameAs":["https:\/\/www.facebook.com\/Escuela-Superior-de-Informtica-543261809027158","https:\/\/x.com\/esiuclm","https:\/\/www.instagram.com\/esiuclm\/","https:\/\/www.youtube.com\/user\/esiuclm","https:\/\/www.twitch.tv\/esiuclm","https:\/\/www.linkedin.com\/company\/12656631\/admin\/"]}]}},"_links":{"self":[{"href":"https:\/\/esi.uclm.es\/index.php\/wp-json\/wp\/v2\/pages\/4075","targetHints":{"allow":["GET"]}}],"collection":[{"href":"https:\/\/esi.uclm.es\/index.php\/wp-json\/wp\/v2\/pages"}],"about":[{"href":"https:\/\/esi.uclm.es\/index.php\/wp-json\/wp\/v2\/types\/page"}],"author":[{"embeddable":true,"href":"https:\/\/esi.uclm.es\/index.php\/wp-json\/wp\/v2\/users\/1"}],"replies":[{"embeddable":true,"href":"https:\/\/esi.uclm.es\/index.php\/wp-json\/wp\/v2\/comments?post=4075"}],"version-history":[{"count":5,"href":"https:\/\/esi.uclm.es\/index.php\/wp-json\/wp\/v2\/pages\/4075\/revisions"}],"predecessor-version":[{"id":10463,"href":"https:\/\/esi.uclm.es\/index.php\/wp-json\/wp\/v2\/pages\/4075\/revisions\/10463"}],"up":[{"embeddable":true,"href":"https:\/\/esi.uclm.es\/index.php\/wp-json\/wp\/v2\/pages\/5513"}],"wp:attachment":[{"href":"https:\/\/esi.uclm.es\/index.php\/wp-json\/wp\/v2\/media?parent=4075"}],"curies":[{"name":"wp","href":"https:\/\/api.w.org\/{rel}","templated":true}]}}