{"id":4058,"date":"2022-01-27T17:28:20","date_gmt":"2022-01-27T17:28:20","guid":{"rendered":"http:\/\/esiaz24.uclm.es\/?page_id=4058"},"modified":"2025-10-01T06:13:35","modified_gmt":"2025-10-01T06:13:35","slug":"trabajo-fin-de-master","status":"publish","type":"page","link":"https:\/\/esi.uclm.es\/index.php\/master-en-ingenieria-informatica\/trabajo-fin-de-master\/","title":{"rendered":"Trabajo Fin de M\u00e1ster"},"content":{"rendered":"\n<script>\n        setTimeout(function() {\n            window.location.href = \"https:\/\/www.uclm.es\/estudios\/masteres\/master-ingenieria-informatica%202024\";\n        }, 100);\n    <\/script>\n\n\n\n<figure class=\"wp-block-image size-large\"><img loading=\"lazy\" decoding=\"async\" width=\"1024\" height=\"256\" src=\"https:\/\/esi.uclm.es\/assets\/uploads\/2022\/05\/tfm-1024x256.jpeg\" alt=\"Personas desarrollando proyectos\" class=\"wp-image-10560\" srcset=\"https:\/\/esi.uclm.es\/assets\/uploads\/2022\/05\/tfm-1024x256.jpeg 1024w, https:\/\/esi.uclm.es\/assets\/uploads\/2022\/05\/tfm-300x75.jpeg 300w, https:\/\/esi.uclm.es\/assets\/uploads\/2022\/05\/tfm-768x192.jpeg 768w, https:\/\/esi.uclm.es\/assets\/uploads\/2022\/05\/tfm-600x150.jpeg 600w, https:\/\/esi.uclm.es\/assets\/uploads\/2022\/05\/tfm.jpeg 1200w\" sizes=\"auto, (max-width: 1024px) 100vw, 1024px\" \/><figcaption class=\"wp-element-caption\">Vector illustration of big light bulb and office people discussing, proposing new business ideas. Innovation, creating new ideas, brainstorming concepts for web banner, website page etc.<\/figcaption><\/figure>\n\n\n\n<h2 class=\"wp-block-heading\" id=\"master-universitario-en-ingenieria-informatica\">Trabajo fin de estudios<\/h2>\n\n\n\n<hr class=\"wp-block-separator has-text-color has-vivid-cyan-blue-color has-css-opacity has-vivid-cyan-blue-background-color has-background is-style-default\"\/>\n\n\n\n<p>El &#8216;Trabajo Fin de M\u00e1ster&nbsp;(TFM) consiste en la realizaci\u00f3n,&nbsp;presentaci\u00f3n y defensa, una vez obtenidos todos los cr\u00e9ditos del plan de estudios, de un trabajo original realizado individualmente ante un tribunal universitario, consistente en un proyecto integral de Ingenier\u00eda en Inform\u00e1tica de naturaleza profesional en el que se sinteticen las&nbsp;competencias&nbsp;adquiridas en las ense\u00f1anzas.<\/p>\n\n\n\n<p>Tiene un valor acad\u00e9mico de 9 ECTS.<\/p>\n\n\n\n<h3 class=\"wp-block-heading\" id=\"como-empezar\">\u00bfC\u00f3mo empezar?&nbsp;<\/h3>\n\n\n\n<p>Si quieres realizar alguno de los TFM ofertados (ver lista m\u00e1s abajo) y libres (sin alumno asignado),&nbsp;contacta con el profesor tutor que lo propone. Si quieres proponer t\u00fa otro tema: busca un profesor del M\u00e1ster que quieras que sea tu tutor y habla con \u00e9l (podr\u00e1s tener otro tutor de fuera o de empresas).<\/p>\n\n\n\n<p>Puedes proponer un TFM a realizar en una empresa (espa\u00f1ola o extranjera), con un tutor de la propia empresa, en cuyo caso deber\u00e1s contactar y plante\u00e1rselo a un profesor del m\u00e1ster para que sea el tutor &#8216;acad\u00e9mico&#8217; (encargado de orientar y velar por el cumplimiento de los requisitos acad\u00e9micos).<\/p>\n\n\n\n<p>Antes de empezar a realizar el TFM es importante saber lo que se espera del trabajo. Los criterios de evaluaci\u00f3n incluidos abajo, apartado de Normativa, son la mejor orientaci\u00f3n para ello.&nbsp;<\/p>\n\n\n\n<p><a href=\"https:\/\/forms.office.com\/e\/CqjamGtMAc?origin=lprLink\">Mediante este formulario puedes enviar la propuesta de tu TFM a la comisi\u00f3n acad\u00e9mica, para su aprobaci\u00f3n.<\/a><\/p>\n\n\n\n\n\n<h3 class=\"wp-block-heading\">Estructura del TFM<\/h3>\n\n\n\n<p>A continuaci\u00f3n se plantea una posible estructura del documento que refleja el trabajo a&nbsp;desarrollar por el estudiante como su Trabajo Fin de M\u00e1ster. Este documento ha sido&nbsp;generado utilizando LaTeX mediante la plantilla disponible en este&nbsp;<a href=\"https:\/\/github.com\/UCLM-ESI\/esi-tfg\">enlace.<\/a><\/p>\n\n\n\n\n\n<h3 class=\"wp-block-heading\">Defensa del TFM<\/h3>\n\n\n\n<p>La defensa del TFM consiste en un acto p\u00fablico en el que el estudiante expondr\u00e1 los aspectos m\u00e1s destacables de su trabajo ante un tribunal compuesto por tres miembros. El tiempo establecido a priori es de 30 minutos de exposici\u00f3n m\u00e1s un m\u00e1ximo de 20 minutos de preguntas. No obstante, el tribunal podr\u00e1 ajustar estos tiempos seg\u00fan vea conveniente y dependiendo del n\u00famero de trabajos a defender en cada convocatoria.<\/p>\n\n\n\n<p>La informaci\u00f3n sobre TFMs ofertados y asignados se encuentra en el siguiente enlace&nbsp;<a href=\"http:\/\/secretariavirtual.uclm.es\/tfe\">http:\/\/secretariavirtual.uclm.es\/tfe<\/a><\/p>\n\n\n\n<p><\/p>\n\n\n\n<h3 class=\"wp-block-heading\" id=\"normativa\">Normativa&nbsp;<\/h3>\n\n\n\n<ul class=\"wp-block-list\">\n<li><a href=\"https:\/\/esi.uclm.es\/assets\/uploads\/2022\/01\/TFM_Normativa.pdf\">Normativa oficial de la UCLM (general) <\/a><\/li>\n\n\n\n<li><a href=\"https:\/\/esi.uclm.es\/assets\/uploads\/2022\/01\/MII_TFM_Adenda_ESI_nueva.pdf\">Adenda de la ESI a la normativa UCLM<\/a><\/li>\n\n\n\n<li><a href=\"https:\/\/esi.uclm.es\/assets\/uploads\/2022\/01\/competencias_MasterIngenieriaInformatica_v1.21.pdf\">Competencias indicadas en la memoria de la titulaci\u00f3n<\/a>(en proceso de actualizaci\u00f3n)<\/li>\n\n\n\n<li><a href=\"https:\/\/esi.uclm.es\/assets\/uploads\/2022\/01\/TFM-CriteriosDeEvaluacion_2020.pdf\">Criterios de evaluaci\u00f3n del TFM <\/a><\/li>\n<\/ul>\n\n\n\n<h3 class=\"wp-block-heading\">Tribunales<\/h3>\n\n\n\n<ul class=\"wp-block-list\">\n<li>Curso 2024\/2025\n<ul class=\"wp-block-list\">\n<li><a href=\"https:\/\/esi.uclm.es\/assets\/uploads\/2024\/12\/propuesta-tribunales-diciembre-2024_v2.pdf\">Convocatoria Diciembre 2024<\/a><\/li>\n\n\n\n<li><a href=\"https:\/\/esi.uclm.es\/assets\/uploads\/2025\/02\/propuesta-tribunales-febrero-2025.pdf\">Convocatoria Febrero 2025<\/a><\/li>\n\n\n\n<li><a href=\"https:\/\/esi.uclm.es\/assets\/uploads\/2025\/07\/propuesta-tribunales-MUII-Julio-2025.pdf\">Convocatoria Julio 2025<\/a><\/li>\n<\/ul>\n<\/li>\n\n\n\n<li>Curso 2023\/2024\n<ul class=\"wp-block-list\">\n<li><a href=\"https:\/\/esi.uclm.es\/assets\/uploads\/2023\/12\/propuesta-tribunales-dic2023.pdf\">Convocatoria Diciembre 2023<\/a><\/li>\n\n\n\n<li><a href=\"https:\/\/esi.uclm.es\/assets\/uploads\/2024\/07\/propuesta-tribunales-julio2024_v3-1.pdf\">Convocatoria Julio 2024<\/a><\/li>\n\n\n\n<li><a href=\"https:\/\/esi.uclm.es\/assets\/uploads\/2024\/10\/propuesta-tribunales-octubre-2024.pdf\">Convocatoria Octubre 2024<\/a><\/li>\n<\/ul>\n<\/li>\n\n\n\n<li>Curso 2022\/2023:\n<ul class=\"wp-block-list\">\n<li><a href=\"http:\/\/esi.uclm.es\/assets\/uploads\/2022\/11\/propuesta-tribunales-diciembre2022.pdf\">Convocatoria Diciembre 2022<\/a><\/li>\n\n\n\n<li><a href=\"https:\/\/esi.uclm.es\/assets\/uploads\/2023\/07\/propuesta-tribunales-jul2023_v2.pdf\">Convocatoria Julio 2023<\/a><\/li>\n\n\n\n<li><a href=\"https:\/\/esi.uclm.es\/assets\/uploads\/2023\/10\/propuesta-tribunal-extra-oct2023.pdf\">Convocatoria Octubre 2023 (extraordinaria)<\/a><\/li>\n\n\n\n<li><a href=\"https:\/\/esi.uclm.es\/assets\/uploads\/2023\/10\/propuesta-tribunal-oct2023.pdf\">Convocatoria 16-18 de Octubre 2023<\/a><\/li>\n<\/ul>\n<\/li>\n\n\n\n<li>Curso 2021\/2022:\n<ul class=\"wp-block-list\">\n<li><a href=\"https:\/\/esi.uclm.es\/assets\/uploads\/2022\/10\/propuesta-tribunales-octubre2022.pdf\">Convocatoria Octubre 2022<\/a><\/li>\n<\/ul>\n<\/li>\n<\/ul>\n","protected":false},"excerpt":{"rendered":"<p>Trabajo fin de estudios El &#8216;Trabajo Fin de M\u00e1ster&nbsp;(TFM) consiste en la realizaci\u00f3n,&nbsp;presentaci\u00f3n y defensa, una vez obtenidos todos los cr\u00e9ditos del plan de estudios, de un trabajo original realizado individualmente ante un tribunal universitario, consistente en un proyecto integral de Ingenier\u00eda en Inform\u00e1tica de [&hellip;]<\/p>\n","protected":false},"author":1,"featured_media":0,"parent":3998,"menu_order":0,"comment_status":"closed","ping_status":"closed","template":"","meta":{"footnotes":""},"class_list":["post-4058","page","type-page","status-publish","hentry"],"yoast_head":"<!-- This site is optimized with the Yoast SEO plugin v27.3 - https:\/\/yoast.com\/product\/yoast-seo-wordpress\/ -->\n<title>Trabajo Fin de M\u00e1ster - Escuela Superior de Inform\u00e1tica de UCLM<\/title>\n<meta name=\"robots\" content=\"index, follow, max-snippet:-1, max-image-preview:large, max-video-preview:-1\" \/>\n<link rel=\"canonical\" href=\"https:\/\/esi.uclm.es\/index.php\/master-en-ingenieria-informatica\/trabajo-fin-de-master\/\" \/>\n<meta property=\"og:locale\" content=\"es_ES\" \/>\n<meta property=\"og:type\" content=\"article\" \/>\n<meta property=\"og:title\" content=\"Trabajo Fin de M\u00e1ster - Escuela Superior de Inform\u00e1tica de UCLM\" \/>\n<meta property=\"og:description\" content=\"Trabajo fin de estudios El &#8216;Trabajo Fin de M\u00e1ster&nbsp;(TFM) consiste en la realizaci\u00f3n,&nbsp;presentaci\u00f3n y defensa, una vez obtenidos todos los cr\u00e9ditos del plan de estudios, de un trabajo original realizado individualmente ante un tribunal universitario, consistente en un proyecto integral de Ingenier\u00eda en Inform\u00e1tica de [&hellip;]\" \/>\n<meta property=\"og:url\" content=\"https:\/\/esi.uclm.es\/index.php\/master-en-ingenieria-informatica\/trabajo-fin-de-master\/\" \/>\n<meta property=\"og:site_name\" content=\"Escuela Superior de Inform\u00e1tica de UCLM\" \/>\n<meta property=\"article:publisher\" content=\"https:\/\/www.facebook.com\/Escuela-Superior-de-Informtica-543261809027158\" \/>\n<meta property=\"article:modified_time\" content=\"2025-10-01T06:13:35+00:00\" \/>\n<meta property=\"og:image\" content=\"https:\/\/esi.uclm.es\/assets\/uploads\/2022\/05\/tfm.jpeg\" \/>\n\t<meta property=\"og:image:width\" content=\"1200\" \/>\n\t<meta property=\"og:image:height\" content=\"300\" \/>\n\t<meta property=\"og:image:type\" content=\"image\/jpeg\" \/>\n<meta name=\"twitter:card\" content=\"summary_large_image\" \/>\n<meta name=\"twitter:site\" content=\"@esiuclm\" \/>\n<meta name=\"twitter:label1\" content=\"Tiempo de lectura\" \/>\n\t<meta name=\"twitter:data1\" content=\"3 minutos\" \/>\n<script type=\"application\/ld+json\" class=\"yoast-schema-graph\">{\"@context\":\"https:\\\/\\\/schema.org\",\"@graph\":[{\"@type\":\"WebPage\",\"@id\":\"https:\\\/\\\/esi.uclm.es\\\/index.php\\\/master-en-ingenieria-informatica\\\/trabajo-fin-de-master\\\/\",\"url\":\"https:\\\/\\\/esi.uclm.es\\\/index.php\\\/master-en-ingenieria-informatica\\\/trabajo-fin-de-master\\\/\",\"name\":\"Trabajo Fin de M\u00e1ster - Escuela Superior de Inform\u00e1tica de UCLM\",\"isPartOf\":{\"@id\":\"https:\\\/\\\/esi.uclm.es\\\/#website\"},\"primaryImageOfPage\":{\"@id\":\"https:\\\/\\\/esi.uclm.es\\\/index.php\\\/master-en-ingenieria-informatica\\\/trabajo-fin-de-master\\\/#primaryimage\"},\"image\":{\"@id\":\"https:\\\/\\\/esi.uclm.es\\\/index.php\\\/master-en-ingenieria-informatica\\\/trabajo-fin-de-master\\\/#primaryimage\"},\"thumbnailUrl\":\"https:\\\/\\\/esi.uclm.es\\\/assets\\\/uploads\\\/2022\\\/05\\\/tfm-1024x256.jpeg\",\"datePublished\":\"2022-01-27T17:28:20+00:00\",\"dateModified\":\"2025-10-01T06:13:35+00:00\",\"breadcrumb\":{\"@id\":\"https:\\\/\\\/esi.uclm.es\\\/index.php\\\/master-en-ingenieria-informatica\\\/trabajo-fin-de-master\\\/#breadcrumb\"},\"inLanguage\":\"es\",\"potentialAction\":[{\"@type\":\"ReadAction\",\"target\":[\"https:\\\/\\\/esi.uclm.es\\\/index.php\\\/master-en-ingenieria-informatica\\\/trabajo-fin-de-master\\\/\"]}]},{\"@type\":\"ImageObject\",\"inLanguage\":\"es\",\"@id\":\"https:\\\/\\\/esi.uclm.es\\\/index.php\\\/master-en-ingenieria-informatica\\\/trabajo-fin-de-master\\\/#primaryimage\",\"url\":\"https:\\\/\\\/esi.uclm.es\\\/assets\\\/uploads\\\/2022\\\/05\\\/tfm-1024x256.jpeg\",\"contentUrl\":\"https:\\\/\\\/esi.uclm.es\\\/assets\\\/uploads\\\/2022\\\/05\\\/tfm-1024x256.jpeg\"},{\"@type\":\"BreadcrumbList\",\"@id\":\"https:\\\/\\\/esi.uclm.es\\\/index.php\\\/master-en-ingenieria-informatica\\\/trabajo-fin-de-master\\\/#breadcrumb\",\"itemListElement\":[{\"@type\":\"ListItem\",\"position\":1,\"name\":\"Portada\",\"item\":\"https:\\\/\\\/esi.uclm.es\\\/\"},{\"@type\":\"ListItem\",\"position\":2,\"name\":\"M\u00e1ster en Ingenier\u00eda Inform\u00e1tica\",\"item\":\"https:\\\/\\\/esi.uclm.es\\\/index.php\\\/master-en-ingenieria-informatica\\\/\"},{\"@type\":\"ListItem\",\"position\":3,\"name\":\"Trabajo Fin de M\u00e1ster\"}]},{\"@type\":\"WebSite\",\"@id\":\"https:\\\/\\\/esi.uclm.es\\\/#website\",\"url\":\"https:\\\/\\\/esi.uclm.es\\\/\",\"name\":\"Escuela Superior de Inform\u00e1tica de UCLM en Ciudad Real, Castilla-La Mancha\",\"description\":\"La Escuela Superior de Inform\u00e1tica de Ciudad Real (Castilla-La Mancha), Universidad de Castilla-La Mancha es un centro universitario que imparte el ciclo completo de Ingenier\u00eda en Inform\u00e1tica: grado, m\u00e1ster y doctorado.\",\"publisher\":{\"@id\":\"https:\\\/\\\/esi.uclm.es\\\/#organization\"},\"potentialAction\":[{\"@type\":\"SearchAction\",\"target\":{\"@type\":\"EntryPoint\",\"urlTemplate\":\"https:\\\/\\\/esi.uclm.es\\\/?s={search_term_string}\"},\"query-input\":{\"@type\":\"PropertyValueSpecification\",\"valueRequired\":true,\"valueName\":\"search_term_string\"}}],\"inLanguage\":\"es\"},{\"@type\":\"Organization\",\"@id\":\"https:\\\/\\\/esi.uclm.es\\\/#organization\",\"name\":\"Escuela Superior de Inform\u00e1tica de UCLM\",\"url\":\"https:\\\/\\\/esi.uclm.es\\\/\",\"logo\":{\"@type\":\"ImageObject\",\"inLanguage\":\"es\",\"@id\":\"https:\\\/\\\/esi.uclm.es\\\/#\\\/schema\\\/logo\\\/image\\\/\",\"url\":\"https:\\\/\\\/esi.uclm.es\\\/assets\\\/uploads\\\/2022\\\/03\\\/LogoESI_cabecera-1.png\",\"contentUrl\":\"https:\\\/\\\/esi.uclm.es\\\/assets\\\/uploads\\\/2022\\\/03\\\/LogoESI_cabecera-1.png\",\"width\":460,\"height\":184,\"caption\":\"Escuela Superior de Inform\u00e1tica de UCLM\"},\"image\":{\"@id\":\"https:\\\/\\\/esi.uclm.es\\\/#\\\/schema\\\/logo\\\/image\\\/\"},\"sameAs\":[\"https:\\\/\\\/www.facebook.com\\\/Escuela-Superior-de-Informtica-543261809027158\",\"https:\\\/\\\/x.com\\\/esiuclm\",\"https:\\\/\\\/www.instagram.com\\\/esiuclm\\\/\",\"https:\\\/\\\/www.youtube.com\\\/user\\\/esiuclm\",\"https:\\\/\\\/www.twitch.tv\\\/esiuclm\",\"https:\\\/\\\/www.linkedin.com\\\/company\\\/12656631\\\/admin\\\/\"]}]}<\/script>\n<!-- \/ Yoast SEO plugin. -->","yoast_head_json":{"title":"Trabajo Fin de M\u00e1ster - Escuela Superior de Inform\u00e1tica de UCLM","robots":{"index":"index","follow":"follow","max-snippet":"max-snippet:-1","max-image-preview":"max-image-preview:large","max-video-preview":"max-video-preview:-1"},"canonical":"https:\/\/esi.uclm.es\/index.php\/master-en-ingenieria-informatica\/trabajo-fin-de-master\/","og_locale":"es_ES","og_type":"article","og_title":"Trabajo Fin de M\u00e1ster - Escuela Superior de Inform\u00e1tica de UCLM","og_description":"Trabajo fin de estudios El &#8216;Trabajo Fin de M\u00e1ster&nbsp;(TFM) consiste en la realizaci\u00f3n,&nbsp;presentaci\u00f3n y defensa, una vez obtenidos todos los cr\u00e9ditos del plan de estudios, de un trabajo original realizado individualmente ante un tribunal universitario, consistente en un proyecto integral de Ingenier\u00eda en Inform\u00e1tica de [&hellip;]","og_url":"https:\/\/esi.uclm.es\/index.php\/master-en-ingenieria-informatica\/trabajo-fin-de-master\/","og_site_name":"Escuela Superior de Inform\u00e1tica de UCLM","article_publisher":"https:\/\/www.facebook.com\/Escuela-Superior-de-Informtica-543261809027158","article_modified_time":"2025-10-01T06:13:35+00:00","og_image":[{"width":1200,"height":300,"url":"https:\/\/esi.uclm.es\/assets\/uploads\/2022\/05\/tfm.jpeg","type":"image\/jpeg"}],"twitter_card":"summary_large_image","twitter_site":"@esiuclm","twitter_misc":{"Tiempo de lectura":"3 minutos"},"schema":{"@context":"https:\/\/schema.org","@graph":[{"@type":"WebPage","@id":"https:\/\/esi.uclm.es\/index.php\/master-en-ingenieria-informatica\/trabajo-fin-de-master\/","url":"https:\/\/esi.uclm.es\/index.php\/master-en-ingenieria-informatica\/trabajo-fin-de-master\/","name":"Trabajo Fin de M\u00e1ster - Escuela Superior de Inform\u00e1tica de UCLM","isPartOf":{"@id":"https:\/\/esi.uclm.es\/#website"},"primaryImageOfPage":{"@id":"https:\/\/esi.uclm.es\/index.php\/master-en-ingenieria-informatica\/trabajo-fin-de-master\/#primaryimage"},"image":{"@id":"https:\/\/esi.uclm.es\/index.php\/master-en-ingenieria-informatica\/trabajo-fin-de-master\/#primaryimage"},"thumbnailUrl":"https:\/\/esi.uclm.es\/assets\/uploads\/2022\/05\/tfm-1024x256.jpeg","datePublished":"2022-01-27T17:28:20+00:00","dateModified":"2025-10-01T06:13:35+00:00","breadcrumb":{"@id":"https:\/\/esi.uclm.es\/index.php\/master-en-ingenieria-informatica\/trabajo-fin-de-master\/#breadcrumb"},"inLanguage":"es","potentialAction":[{"@type":"ReadAction","target":["https:\/\/esi.uclm.es\/index.php\/master-en-ingenieria-informatica\/trabajo-fin-de-master\/"]}]},{"@type":"ImageObject","inLanguage":"es","@id":"https:\/\/esi.uclm.es\/index.php\/master-en-ingenieria-informatica\/trabajo-fin-de-master\/#primaryimage","url":"https:\/\/esi.uclm.es\/assets\/uploads\/2022\/05\/tfm-1024x256.jpeg","contentUrl":"https:\/\/esi.uclm.es\/assets\/uploads\/2022\/05\/tfm-1024x256.jpeg"},{"@type":"BreadcrumbList","@id":"https:\/\/esi.uclm.es\/index.php\/master-en-ingenieria-informatica\/trabajo-fin-de-master\/#breadcrumb","itemListElement":[{"@type":"ListItem","position":1,"name":"Portada","item":"https:\/\/esi.uclm.es\/"},{"@type":"ListItem","position":2,"name":"M\u00e1ster en Ingenier\u00eda Inform\u00e1tica","item":"https:\/\/esi.uclm.es\/index.php\/master-en-ingenieria-informatica\/"},{"@type":"ListItem","position":3,"name":"Trabajo Fin de M\u00e1ster"}]},{"@type":"WebSite","@id":"https:\/\/esi.uclm.es\/#website","url":"https:\/\/esi.uclm.es\/","name":"Escuela Superior de Inform\u00e1tica de UCLM en Ciudad Real, Castilla-La Mancha","description":"La Escuela Superior de Inform\u00e1tica de Ciudad Real (Castilla-La Mancha), Universidad de Castilla-La Mancha es un centro universitario que imparte el ciclo completo de Ingenier\u00eda en Inform\u00e1tica: grado, m\u00e1ster y doctorado.","publisher":{"@id":"https:\/\/esi.uclm.es\/#organization"},"potentialAction":[{"@type":"SearchAction","target":{"@type":"EntryPoint","urlTemplate":"https:\/\/esi.uclm.es\/?s={search_term_string}"},"query-input":{"@type":"PropertyValueSpecification","valueRequired":true,"valueName":"search_term_string"}}],"inLanguage":"es"},{"@type":"Organization","@id":"https:\/\/esi.uclm.es\/#organization","name":"Escuela Superior de Inform\u00e1tica de UCLM","url":"https:\/\/esi.uclm.es\/","logo":{"@type":"ImageObject","inLanguage":"es","@id":"https:\/\/esi.uclm.es\/#\/schema\/logo\/image\/","url":"https:\/\/esi.uclm.es\/assets\/uploads\/2022\/03\/LogoESI_cabecera-1.png","contentUrl":"https:\/\/esi.uclm.es\/assets\/uploads\/2022\/03\/LogoESI_cabecera-1.png","width":460,"height":184,"caption":"Escuela Superior de Inform\u00e1tica de UCLM"},"image":{"@id":"https:\/\/esi.uclm.es\/#\/schema\/logo\/image\/"},"sameAs":["https:\/\/www.facebook.com\/Escuela-Superior-de-Informtica-543261809027158","https:\/\/x.com\/esiuclm","https:\/\/www.instagram.com\/esiuclm\/","https:\/\/www.youtube.com\/user\/esiuclm","https:\/\/www.twitch.tv\/esiuclm","https:\/\/www.linkedin.com\/company\/12656631\/admin\/"]}]}},"_links":{"self":[{"href":"https:\/\/esi.uclm.es\/index.php\/wp-json\/wp\/v2\/pages\/4058","targetHints":{"allow":["GET"]}}],"collection":[{"href":"https:\/\/esi.uclm.es\/index.php\/wp-json\/wp\/v2\/pages"}],"about":[{"href":"https:\/\/esi.uclm.es\/index.php\/wp-json\/wp\/v2\/types\/page"}],"author":[{"embeddable":true,"href":"https:\/\/esi.uclm.es\/index.php\/wp-json\/wp\/v2\/users\/1"}],"replies":[{"embeddable":true,"href":"https:\/\/esi.uclm.es\/index.php\/wp-json\/wp\/v2\/comments?post=4058"}],"version-history":[{"count":28,"href":"https:\/\/esi.uclm.es\/index.php\/wp-json\/wp\/v2\/pages\/4058\/revisions"}],"predecessor-version":[{"id":21618,"href":"https:\/\/esi.uclm.es\/index.php\/wp-json\/wp\/v2\/pages\/4058\/revisions\/21618"}],"up":[{"embeddable":true,"href":"https:\/\/esi.uclm.es\/index.php\/wp-json\/wp\/v2\/pages\/3998"}],"wp:attachment":[{"href":"https:\/\/esi.uclm.es\/index.php\/wp-json\/wp\/v2\/media?parent=4058"}],"curies":[{"name":"wp","href":"https:\/\/api.w.org\/{rel}","templated":true}]}}