{"id":4054,"date":"2022-01-27T17:27:41","date_gmt":"2022-01-27T17:27:41","guid":{"rendered":"http:\/\/esiaz24.uclm.es\/?page_id=4054"},"modified":"2025-10-01T06:12:57","modified_gmt":"2025-10-01T06:12:57","slug":"plan-de-estudios-y-calendario","status":"publish","type":"page","link":"https:\/\/esi.uclm.es\/index.php\/master-en-ingenieria-informatica\/plan-de-estudios-y-calendario\/","title":{"rendered":"Plan de Estudios"},"content":{"rendered":"\n<p><\/p>\n\n\n\n<figure class=\"wp-block-image size-large\"><img loading=\"lazy\" decoding=\"async\" width=\"1024\" height=\"256\" src=\"https:\/\/esi.uclm.es\/assets\/uploads\/2022\/05\/plan_estudios-1024x256.jpeg\" alt=\"Usuarios trabajando en diferentes niveles\" class=\"wp-image-10479\" srcset=\"https:\/\/esi.uclm.es\/assets\/uploads\/2022\/05\/plan_estudios-1024x256.jpeg 1024w, https:\/\/esi.uclm.es\/assets\/uploads\/2022\/05\/plan_estudios-300x75.jpeg 300w, https:\/\/esi.uclm.es\/assets\/uploads\/2022\/05\/plan_estudios-768x192.jpeg 768w, https:\/\/esi.uclm.es\/assets\/uploads\/2022\/05\/plan_estudios-600x150.jpeg 600w, https:\/\/esi.uclm.es\/assets\/uploads\/2022\/05\/plan_estudios.jpeg 1200w\" sizes=\"auto, (max-width: 1024px) 100vw, 1024px\" \/><\/figure>\n\n\n\n<script>\n        setTimeout(function() {\n            window.location.href = \"https:\/\/www.uclm.es\/estudios\/masteres\/master-ingenieria-informatica%202024\";\n        }, 100);\n    <\/script>\n\n\n\n<h2 class=\"wp-block-heading\" id=\"master-universitario-en-ingenieria-informatica\">M\u00e1ster Virtual en Ingenier\u00eda Inform\u00e1tica<\/h2>\n\n\n\n<hr class=\"wp-block-separator has-text-color has-vivid-cyan-blue-color has-css-opacity has-vivid-cyan-blue-background-color has-background is-style-default\"\/>\n\n\n\n<p><a href=\"https:\/\/www.uclm.es\/estudios\/masteres\/master-ingenieria-informatica%202024\">Web Oficial del M\u00e1ster<\/a> | <a href=\"https:\/\/esi.uclm.es\/index.php\/2024\/05\/05\/nuevo-master-en-ingenieria-informatica-virtual\/\">Noticia asociada<\/a><\/p>\n\n\n\n<p><strong>ESTUDIOS<\/strong>:&nbsp;M\u00e1ster en Ingenier\u00eda Inform\u00e1tica<br><strong>CENTRO<\/strong>:&nbsp;Escuela Superior de Inform\u00e1tica (Ciudad Real)<br><strong>CARGA LECTIVA:&nbsp;<\/strong>90 ECTS<\/p>\n\n\n\n<p class=\"has-vivid-cyan-blue-color has-text-color has-link-color wp-elements-1190cb108399ebe4c0d7aa3861803b60\"><strong>PRIMER CURSO<\/strong><\/p>\n\n\n\n<figure class=\"wp-block-table is-style-stripes\"><table><thead><tr><th scope=\"col\"><strong>C\u00f3digo<\/strong><\/th><td><strong>Asignatura<\/strong><\/td><td><strong>Semestre<\/strong><\/td><td><strong>Car\u00e1cter<\/strong><\/td><td><strong>ECTS<\/strong><\/td><\/tr><\/thead><tbody><tr><td>311290<\/td><td><a href=\"https:\/\/planea.apps.uclm.es\/web\/guia\/2378\/311290\">Sistemas y Servicios en la Nube<\/a><\/td><td>S1<\/td><td>OB<\/td><td>6<\/td><\/tr><tr><td>311291<\/td><td><a href=\"https:\/\/planea.apps.uclm.es\/web\/guia\/2378\/311291\">Desarrollo e Integraci\u00f3n de Servicios de IA<\/a><\/td><td>S2<\/td><td>OB<\/td><td>6<\/td><\/tr><tr><td>311292<\/td><td><a href=\"https:\/\/planea.apps.uclm.es\/web\/guia\/2378\/311292\">Pr\u00e1cticas Acad\u00e9micas Externas<\/a><\/td><td><\/td><td>PE<\/td><td>6<\/td><\/tr><tr><td>311302<\/td><td><a href=\"https:\/\/planea.apps.uclm.es\/web\/guia\/2378\/311302\">Direcci\u00f3n de Tecnolog\u00edas de la Informaci\u00f3n<\/a><\/td><td>S1<\/td><td>OB<\/td><td>6<\/td><\/tr><tr><td>311303<\/td><td><a href=\"https:\/\/planea.apps.uclm.es\/web\/guia\/2378\/311303\">Innovaci\u00f3n y Transformaci\u00f3n Digital<\/a><\/td><td>S1<\/td><td>OB<\/td><td>6<\/td><\/tr><tr><td>311304<\/td><td><a href=\"https:\/\/planea.apps.uclm.es\/web\/guia\/2378\/311304\">Sistemas Ciber-F\u00edsicos<\/a><\/td><td>S1<\/td><td>OB<\/td><td>6<\/td><\/tr><tr><td>311305<\/td><td><a href=\"https:\/\/planea.apps.uclm.es\/web\/guia\/2378\/311305\">Realidad Virtual y Aumentada<\/a><\/td><td>S2<\/td><td>OB<\/td><td>6<\/td><\/tr><tr><td>311306<\/td><td><a href=\"https:\/\/planea.apps.uclm.es\/web\/guia\/2378\/311306\">Computaci\u00f3n de Altas Prestaciones<\/a><\/td><td>S2<\/td><td>OB<\/td><td>6<\/td><\/tr><tr><td>311307<\/td><td><a href=\"https:\/\/planea.apps.uclm.es\/web\/guia\/2378\/311307\">Gesti\u00f3n de Auditor\u00eda y Seguridad<\/a><\/td><td>S1<\/td><td>OB<\/td><td>6<\/td><\/tr><tr><td>311308<\/td><td><a href=\"https:\/\/planea.apps.uclm.es\/web\/guia\/2378\/311308\">Gesti\u00f3n de Proyectos y Servicios<\/a><\/td><td>S2<\/td><td>OB<\/td><td>6<\/td><\/tr><\/tbody><\/table><\/figure>\n\n\n\n<p class=\"has-vivid-cyan-blue-color has-text-color has-link-color wp-elements-83ddf8f4254744f7f279429265ad1b8d\"><strong>SEGUNDO CURSO<\/strong><\/p>\n\n\n\n<figure class=\"wp-block-table is-style-stripes\"><table><thead><tr><th scope=\"col\"><strong>C\u00f3digo<\/strong><\/th><td><strong>Asignatura<\/strong><\/td><td><strong>Semestre<\/strong><\/td><td><strong>Car\u00e1cter<\/strong><\/td><td><strong>ECTS<\/strong><\/td><\/tr><\/thead><tbody><tr><td>311293<\/td><td><a href=\"https:\/\/planea.apps.uclm.es\/web\/guia\/2378\/311293\">Trabajo Fin de M\u00e1ster<\/a><\/td><td>S3<\/td><td>TFG<\/td><td>12<\/td><\/tr><\/tbody><\/table><\/figure>\n\n\n\n<p class=\"has-vivid-cyan-blue-color has-text-color has-link-color wp-elements-be762545510ac41a91304688ffb432e6\"><strong>OPTATIVAS: Especialidad Big Data y Computaci\u00f3n en la Nube<\/strong><\/p>\n\n\n\n<figure class=\"wp-block-table is-style-stripes\"><table><thead><tr><th scope=\"col\"><strong>C\u00f3digo<\/strong><\/th><td><strong>Asignatura<\/strong><\/td><td><strong>Semestre<\/strong><\/td><td><strong>Car\u00e1cter<\/strong><\/td><td><strong>ECTS<\/strong><\/td><\/tr><\/thead><tbody><tr><td>311294<\/td><td><a href=\"https:\/\/planea.apps.uclm.es\/web\/guia\/2378\/311294\">An\u00e1lisis y Visualizaci\u00f3n de Datos<\/a><\/td><td>S3<\/td><td>OP<\/td><td>6<\/td><\/tr><tr><td>311295<\/td><td><a href=\"https:\/\/planea.apps.uclm.es\/web\/guia\/2378\/311295\">Procesamiento Masivo de Datos<\/a><\/td><td>S3<\/td><td>OP<\/td><td>6<\/td><\/tr><tr><td>311296<\/td><td><a href=\"https:\/\/planea.apps.uclm.es\/web\/guia\/2378\/311296\">Arquitectura de Sistemas de Big Data<\/a><\/td><td>S3<\/td><td>OP<\/td><td>6<\/td><\/tr><\/tbody><\/table><\/figure>\n\n\n\n<p class=\"has-vivid-cyan-blue-color has-text-color has-link-color wp-elements-8094ab2677e64de3b2cf08eea3520754\"><strong>OPTATIVAS: Especialidad Inteligencia Artificial<\/strong><\/p>\n\n\n\n<figure class=\"wp-block-table is-style-stripes\"><table><thead><tr><th scope=\"col\"><strong>C\u00f3digo<\/strong><\/th><td><strong>Asignatura<\/strong><\/td><td><strong>Semestre<\/strong><\/td><td><strong>Car\u00e1cter<\/strong><\/td><td><strong>ECTS<\/strong><\/td><\/tr><\/thead><tbody><tr><td>311309<\/td><td><a href=\"https:\/\/planea.apps.uclm.es\/web\/guia\/2378\/311309\">Inteligencia Artificial Confiable<\/a><\/td><td>S3<\/td><td>OP<\/td><td>6<\/td><\/tr><tr><td>311298<\/td><td><a href=\"https:\/\/planea.apps.uclm.es\/web\/guia\/2378\/311298\">Aprendizaje Autom\u00e1tico<\/a><\/td><td>S3<\/td><td>OP<\/td><td>6<\/td><\/tr><tr><td>311299<\/td><td><a href=\"https:\/\/planea.apps.uclm.es\/web\/guia\/2378\/311299\">Aprendizaje por Refuerzo y Aplicaciones<\/a><\/td><td>S3<\/td><td>OP<\/td><td>6<\/td><\/tr><\/tbody><\/table><\/figure>\n\n\n\n<p class=\"has-vivid-cyan-blue-color has-text-color has-link-color wp-elements-5bcb3f76d3401effdc4ab778a8a18142\"><strong>OPTATIVAS: Menci\u00f3n Dual (Programa de Formaci\u00f3n en Empresa)<\/strong><\/p>\n\n\n\n<figure class=\"wp-block-table is-style-stripes\"><table><thead><tr><th scope=\"col\"><strong>C\u00f3digo<\/strong><\/th><td><strong>Asignatura<\/strong><\/td><td><strong>Semestre<\/strong><\/td><td><strong>Car\u00e1cter<\/strong><\/td><td><strong>ECTS<\/strong><\/td><\/tr><\/thead><tbody><tr><td>311301<\/td><td><a href=\"https:\/\/planea.apps.uclm.es\/web\/guia\/2378\/311301\">Programa Formativo de Empresa<\/a><\/td><td>S3<\/td><td>OP<\/td><td>18<\/td><\/tr><\/tbody><\/table><\/figure>\n\n\n\n<p class=\"has-vivid-cyan-blue-color has-text-color has-link-color wp-elements-cbc8860626aac4776e7c9b59f87ab290\"><strong>PR\u00c1CTICAS EN EMPRESA<\/strong><\/p>\n\n\n\n<figure class=\"wp-block-table is-style-stripes\"><table><thead><tr><th scope=\"col\"><strong>C\u00f3digo<\/strong><\/th><td><strong>Asignatura<\/strong><\/td><td><strong>Semestre<\/strong><\/td><td><strong>Car\u00e1cter<\/strong><\/td><td><strong>ECTS<\/strong><\/td><\/tr><\/thead><tbody><tr><td>311300<\/td><td><a href=\"https:\/\/planea.apps.uclm.es\/web\/guia\/2378\/311300\">Pr\u00e1cticas en Empresa<\/a><\/td><td>S2<\/td><td>OP<\/td><td>6<\/td><\/tr><\/tbody><\/table><\/figure>\n\n\n\n<p><em><strong>Car\u00e1cter de las Asignaturas<\/strong><\/em><\/p>\n\n\n\n<p><strong>OB<\/strong>: Obligatoria&nbsp;<strong>OP<\/strong>: Optativa&nbsp;<strong>PE<\/strong>: Pr\u00e1cticas en empresa&nbsp;<strong>TFG<\/strong>: Trabajo fin de Estudios<\/p>\n\n\n\n<p><strong>S1<\/strong>: Primer semestre&nbsp;<strong>S2<\/strong>: Segundo Semestre&nbsp;<strong>S3<\/strong>: Tercer Semestre <strong>AN<\/strong>: Anual<\/p>\n\n\n\n<h2 class=\"wp-block-heading\" id=\"master-universitario-en-ingenieria-informatica\">Antiguo Plan de Estudios del M\u00e1ster Universitario en Ingenier\u00eda Inform\u00e1tica<\/h2>\n\n\n\n<hr class=\"wp-block-separator has-text-color has-vivid-cyan-blue-color has-css-opacity has-vivid-cyan-blue-background-color has-background is-style-default\"\/>\n\n\n\n<p><strong>ESTUDIOS<\/strong>:&nbsp;M\u00e1ster en Ingenier\u00eda Inform\u00e1tica<br><strong>CENTRO<\/strong>:&nbsp;Escuela Superior de Inform\u00e1tica (Ciudad Real)<br><strong>CARGA LECTIVA:&nbsp;<\/strong>72 ECTS<\/p>\n\n\n\n<h3 class=\"wp-block-heading\" id=\"asignaturas\">ASIGNATURAS<\/h3>\n\n\n\n<p><a href=\"http:\/\/planea.apps.uclm.es\/web\/guia\/2362\/311045\">DIRECCI\u00d3N DE TECNOLOG\u00cdAS DE LA INFORMACI\u00d3N<\/a><br>C\u00f3digo: 311045 \u00b7&nbsp;Semestre: 1 \u00b7&nbsp;Car\u00e1cter:&nbsp;B \u00b7 ECTS:&nbsp;6<\/p>\n\n\n\n<p><a href=\"http:\/\/planea.apps.uclm.es\/web\/guia\/2362\/311046\">INNOVACI\u00d3N Y TRANSFORMACI\u00d3N DIGITAL<\/a><br>C\u00f3digo: 311046 \u00b7&nbsp;Semestre: 1 \u00b7&nbsp;Car\u00e1cter:&nbsp;B \u00b7 ECTS:&nbsp;6<\/p>\n\n\n\n<p><a href=\"http:\/\/planea.apps.uclm.es\/web\/guia\/2362\/311047\">SISTEMAS CIBER-F\u00cdSICOS<\/a><br>C\u00f3digo: 311047 \u00b7&nbsp;Semestre: 1 \u00b7&nbsp;Car\u00e1cter:&nbsp;B \u00b7 ECTS:&nbsp;6<\/p>\n\n\n\n<p><a href=\"http:\/\/planea.apps.uclm.es\/web\/guia\/2362\/311048\">REALIDAD VIRTUAL Y AUMENTADA<\/a><br>C\u00f3digo: 311048 \u00b7&nbsp;Semestre: 1 \u00b7&nbsp;Car\u00e1cter:&nbsp;B \u00b7 ECTS:&nbsp;6<\/p>\n\n\n\n<p><a href=\"http:\/\/planea.apps.uclm.es\/web\/guia\/2362\/310608\">GESTI\u00d3N DE AUDITOR\u00cdA Y SEGURIDAD<\/a><br>C\u00f3digo: 310608 \u00b7&nbsp;Semestre: 1 \u00b7&nbsp;Car\u00e1cter:&nbsp;B \u00b7 ECTS:&nbsp;6<\/p>\n\n\n\n<p><a href=\"http:\/\/planea.apps.uclm.es\/web\/guia\/2362\/310604\">PLANIFICACI\u00d3N Y GESTI\u00d3N DEINFRAESTRUCTURAS TIC<\/a><br>C\u00f3digo: 310604 \u00b7&nbsp;Semestre: 2 \u00b7&nbsp;Car\u00e1cter:&nbsp;B&nbsp;\u00b7 ECTS:&nbsp;6<\/p>\n\n\n\n<p><a href=\"http:\/\/planea.apps.uclm.es\/web\/guia\/2362\/310606\">DESARROLLO DE SISTEMAS INTELIGENTES<\/a><br>C\u00f3digo: 310606 \u00b7&nbsp;Semestre: 2 \u00b7&nbsp;Car\u00e1cter:&nbsp;B \u00b7 ECTS:&nbsp;6<\/p>\n\n\n\n<p><a href=\"http:\/\/planea.apps.uclm.es\/web\/guia\/2362\/311049\">COMPUTACI\u00d3N DE ALTAS PRESTACIONES<\/a><br>C\u00f3digo: 311049&nbsp;\u00b7&nbsp;Semestre: 2 \u00b7&nbsp;Car\u00e1cter:&nbsp;B \u00b7 ECTS:&nbsp;6<\/p>\n\n\n\n<p><a href=\"http:\/\/planea.apps.uclm.es\/web\/guia\/2362\/311050\">GESTI\u00d3N DE PROCESOS Y SERVICIOS<\/a><br>C\u00f3digo: 311050&nbsp;\u00b7&nbsp;Semestre: 2 \u00b7&nbsp;Car\u00e1cter:&nbsp;B \u00b7 ECTS:&nbsp;6<\/p>\n\n\n\n<p><strong><a href=\"http:\/\/planea.apps.uclm.es\/web\/guia\/2362\/310610\">PR\u00c1CTICAS EN EMPRESA<\/a><\/strong><br>C\u00f3digo: 310610 \u00b7 Semestre: 1 \u00b7 Car\u00e1cter: B \u00b7 ECTS: 9<\/p>\n\n\n\n<p><strong><a href=\"http:\/\/planea.apps.uclm.es\/web\/guia\/2362\/311051\">T<\/a><\/strong><a href=\"http:\/\/planea.apps.uclm.es\/web\/guia\/2362\/311051\"><strong>RABAJO FIN DE M\u00c1STER<\/strong><\/a><br>C\u00f3digo:&nbsp;311051 \u00b7 Semestre: 1 \u00b7 Car\u00e1cter: TFM \u00b7 ECTS: 9<\/p>\n\n\n\n<p><em><strong>Car\u00e1cter de las asignaturas&nbsp;<\/strong><br>Obligatoria (B), Trabajo Fin de M\u00e1ster (TFM)<\/em><\/p>\n","protected":false},"excerpt":{"rendered":"<p>M\u00e1ster Virtual en Ingenier\u00eda Inform\u00e1tica Web Oficial del M\u00e1ster | Noticia asociada ESTUDIOS:&nbsp;M\u00e1ster en Ingenier\u00eda Inform\u00e1ticaCENTRO:&nbsp;Escuela Superior de Inform\u00e1tica (Ciudad Real)CARGA LECTIVA:&nbsp;90 ECTS PRIMER CURSO C\u00f3digo Asignatura Semestre Car\u00e1cter ECTS 311290 Sistemas y Servicios en la Nube S1 OB 6 311291 Desarrollo e Integraci\u00f3n de [&hellip;]<\/p>\n","protected":false},"author":1,"featured_media":0,"parent":3998,"menu_order":0,"comment_status":"closed","ping_status":"closed","template":"","meta":{"footnotes":""},"class_list":["post-4054","page","type-page","status-publish","hentry"],"yoast_head":"<!-- This site is optimized with the Yoast SEO plugin v27.3 - https:\/\/yoast.com\/product\/yoast-seo-wordpress\/ -->\n<title>Plan de Estudios - Escuela Superior de Inform\u00e1tica de UCLM<\/title>\n<meta name=\"robots\" content=\"index, follow, max-snippet:-1, max-image-preview:large, max-video-preview:-1\" \/>\n<link rel=\"canonical\" href=\"https:\/\/esi.uclm.es\/index.php\/master-en-ingenieria-informatica\/plan-de-estudios-y-calendario\/\" \/>\n<meta property=\"og:locale\" content=\"es_ES\" \/>\n<meta property=\"og:type\" content=\"article\" \/>\n<meta property=\"og:title\" content=\"Plan de Estudios - Escuela Superior de Inform\u00e1tica de UCLM\" \/>\n<meta property=\"og:description\" content=\"M\u00e1ster Virtual en Ingenier\u00eda Inform\u00e1tica Web Oficial del M\u00e1ster | Noticia asociada ESTUDIOS:&nbsp;M\u00e1ster en Ingenier\u00eda Inform\u00e1ticaCENTRO:&nbsp;Escuela Superior de Inform\u00e1tica (Ciudad Real)CARGA LECTIVA:&nbsp;90 ECTS PRIMER CURSO C\u00f3digo Asignatura Semestre Car\u00e1cter ECTS 311290 Sistemas y Servicios en la Nube S1 OB 6 311291 Desarrollo e Integraci\u00f3n de [&hellip;]\" \/>\n<meta property=\"og:url\" content=\"https:\/\/esi.uclm.es\/index.php\/master-en-ingenieria-informatica\/plan-de-estudios-y-calendario\/\" \/>\n<meta property=\"og:site_name\" content=\"Escuela Superior de Inform\u00e1tica de UCLM\" \/>\n<meta property=\"article:publisher\" content=\"https:\/\/www.facebook.com\/Escuela-Superior-de-Informtica-543261809027158\" \/>\n<meta property=\"article:modified_time\" content=\"2025-10-01T06:12:57+00:00\" \/>\n<meta property=\"og:image\" content=\"https:\/\/esi.uclm.es\/assets\/uploads\/2022\/05\/plan_estudios.jpeg\" \/>\n\t<meta property=\"og:image:width\" content=\"1200\" \/>\n\t<meta property=\"og:image:height\" content=\"300\" \/>\n\t<meta property=\"og:image:type\" content=\"image\/jpeg\" \/>\n<meta name=\"twitter:card\" content=\"summary_large_image\" \/>\n<meta name=\"twitter:site\" content=\"@esiuclm\" \/>\n<meta name=\"twitter:label1\" content=\"Tiempo de lectura\" \/>\n\t<meta name=\"twitter:data1\" content=\"3 minutos\" \/>\n<script type=\"application\/ld+json\" class=\"yoast-schema-graph\">{\"@context\":\"https:\\\/\\\/schema.org\",\"@graph\":[{\"@type\":\"WebPage\",\"@id\":\"https:\\\/\\\/esi.uclm.es\\\/index.php\\\/master-en-ingenieria-informatica\\\/plan-de-estudios-y-calendario\\\/\",\"url\":\"https:\\\/\\\/esi.uclm.es\\\/index.php\\\/master-en-ingenieria-informatica\\\/plan-de-estudios-y-calendario\\\/\",\"name\":\"Plan de Estudios - Escuela Superior de Inform\u00e1tica de UCLM\",\"isPartOf\":{\"@id\":\"https:\\\/\\\/esi.uclm.es\\\/#website\"},\"primaryImageOfPage\":{\"@id\":\"https:\\\/\\\/esi.uclm.es\\\/index.php\\\/master-en-ingenieria-informatica\\\/plan-de-estudios-y-calendario\\\/#primaryimage\"},\"image\":{\"@id\":\"https:\\\/\\\/esi.uclm.es\\\/index.php\\\/master-en-ingenieria-informatica\\\/plan-de-estudios-y-calendario\\\/#primaryimage\"},\"thumbnailUrl\":\"https:\\\/\\\/esi.uclm.es\\\/assets\\\/uploads\\\/2022\\\/05\\\/plan_estudios-1024x256.jpeg\",\"datePublished\":\"2022-01-27T17:27:41+00:00\",\"dateModified\":\"2025-10-01T06:12:57+00:00\",\"breadcrumb\":{\"@id\":\"https:\\\/\\\/esi.uclm.es\\\/index.php\\\/master-en-ingenieria-informatica\\\/plan-de-estudios-y-calendario\\\/#breadcrumb\"},\"inLanguage\":\"es\",\"potentialAction\":[{\"@type\":\"ReadAction\",\"target\":[\"https:\\\/\\\/esi.uclm.es\\\/index.php\\\/master-en-ingenieria-informatica\\\/plan-de-estudios-y-calendario\\\/\"]}]},{\"@type\":\"ImageObject\",\"inLanguage\":\"es\",\"@id\":\"https:\\\/\\\/esi.uclm.es\\\/index.php\\\/master-en-ingenieria-informatica\\\/plan-de-estudios-y-calendario\\\/#primaryimage\",\"url\":\"https:\\\/\\\/esi.uclm.es\\\/assets\\\/uploads\\\/2022\\\/05\\\/plan_estudios-1024x256.jpeg\",\"contentUrl\":\"https:\\\/\\\/esi.uclm.es\\\/assets\\\/uploads\\\/2022\\\/05\\\/plan_estudios-1024x256.jpeg\"},{\"@type\":\"BreadcrumbList\",\"@id\":\"https:\\\/\\\/esi.uclm.es\\\/index.php\\\/master-en-ingenieria-informatica\\\/plan-de-estudios-y-calendario\\\/#breadcrumb\",\"itemListElement\":[{\"@type\":\"ListItem\",\"position\":1,\"name\":\"Portada\",\"item\":\"https:\\\/\\\/esi.uclm.es\\\/\"},{\"@type\":\"ListItem\",\"position\":2,\"name\":\"M\u00e1ster en Ingenier\u00eda Inform\u00e1tica\",\"item\":\"https:\\\/\\\/esi.uclm.es\\\/index.php\\\/master-en-ingenieria-informatica\\\/\"},{\"@type\":\"ListItem\",\"position\":3,\"name\":\"Plan de Estudios\"}]},{\"@type\":\"WebSite\",\"@id\":\"https:\\\/\\\/esi.uclm.es\\\/#website\",\"url\":\"https:\\\/\\\/esi.uclm.es\\\/\",\"name\":\"Escuela Superior de Inform\u00e1tica de UCLM en Ciudad Real, Castilla-La Mancha\",\"description\":\"La Escuela Superior de Inform\u00e1tica de Ciudad Real (Castilla-La Mancha), Universidad de Castilla-La Mancha es un centro universitario que imparte el ciclo completo de Ingenier\u00eda en Inform\u00e1tica: grado, m\u00e1ster y doctorado.\",\"publisher\":{\"@id\":\"https:\\\/\\\/esi.uclm.es\\\/#organization\"},\"potentialAction\":[{\"@type\":\"SearchAction\",\"target\":{\"@type\":\"EntryPoint\",\"urlTemplate\":\"https:\\\/\\\/esi.uclm.es\\\/?s={search_term_string}\"},\"query-input\":{\"@type\":\"PropertyValueSpecification\",\"valueRequired\":true,\"valueName\":\"search_term_string\"}}],\"inLanguage\":\"es\"},{\"@type\":\"Organization\",\"@id\":\"https:\\\/\\\/esi.uclm.es\\\/#organization\",\"name\":\"Escuela Superior de Inform\u00e1tica de UCLM\",\"url\":\"https:\\\/\\\/esi.uclm.es\\\/\",\"logo\":{\"@type\":\"ImageObject\",\"inLanguage\":\"es\",\"@id\":\"https:\\\/\\\/esi.uclm.es\\\/#\\\/schema\\\/logo\\\/image\\\/\",\"url\":\"https:\\\/\\\/esi.uclm.es\\\/assets\\\/uploads\\\/2022\\\/03\\\/LogoESI_cabecera-1.png\",\"contentUrl\":\"https:\\\/\\\/esi.uclm.es\\\/assets\\\/uploads\\\/2022\\\/03\\\/LogoESI_cabecera-1.png\",\"width\":460,\"height\":184,\"caption\":\"Escuela Superior de Inform\u00e1tica de UCLM\"},\"image\":{\"@id\":\"https:\\\/\\\/esi.uclm.es\\\/#\\\/schema\\\/logo\\\/image\\\/\"},\"sameAs\":[\"https:\\\/\\\/www.facebook.com\\\/Escuela-Superior-de-Informtica-543261809027158\",\"https:\\\/\\\/x.com\\\/esiuclm\",\"https:\\\/\\\/www.instagram.com\\\/esiuclm\\\/\",\"https:\\\/\\\/www.youtube.com\\\/user\\\/esiuclm\",\"https:\\\/\\\/www.twitch.tv\\\/esiuclm\",\"https:\\\/\\\/www.linkedin.com\\\/company\\\/12656631\\\/admin\\\/\"]}]}<\/script>\n<!-- \/ Yoast SEO plugin. -->","yoast_head_json":{"title":"Plan de Estudios - Escuela Superior de Inform\u00e1tica de UCLM","robots":{"index":"index","follow":"follow","max-snippet":"max-snippet:-1","max-image-preview":"max-image-preview:large","max-video-preview":"max-video-preview:-1"},"canonical":"https:\/\/esi.uclm.es\/index.php\/master-en-ingenieria-informatica\/plan-de-estudios-y-calendario\/","og_locale":"es_ES","og_type":"article","og_title":"Plan de Estudios - Escuela Superior de Inform\u00e1tica de UCLM","og_description":"M\u00e1ster Virtual en Ingenier\u00eda Inform\u00e1tica Web Oficial del M\u00e1ster | Noticia asociada ESTUDIOS:&nbsp;M\u00e1ster en Ingenier\u00eda Inform\u00e1ticaCENTRO:&nbsp;Escuela Superior de Inform\u00e1tica (Ciudad Real)CARGA LECTIVA:&nbsp;90 ECTS PRIMER CURSO C\u00f3digo Asignatura Semestre Car\u00e1cter ECTS 311290 Sistemas y Servicios en la Nube S1 OB 6 311291 Desarrollo e Integraci\u00f3n de [&hellip;]","og_url":"https:\/\/esi.uclm.es\/index.php\/master-en-ingenieria-informatica\/plan-de-estudios-y-calendario\/","og_site_name":"Escuela Superior de Inform\u00e1tica de UCLM","article_publisher":"https:\/\/www.facebook.com\/Escuela-Superior-de-Informtica-543261809027158","article_modified_time":"2025-10-01T06:12:57+00:00","og_image":[{"width":1200,"height":300,"url":"https:\/\/esi.uclm.es\/assets\/uploads\/2022\/05\/plan_estudios.jpeg","type":"image\/jpeg"}],"twitter_card":"summary_large_image","twitter_site":"@esiuclm","twitter_misc":{"Tiempo de lectura":"3 minutos"},"schema":{"@context":"https:\/\/schema.org","@graph":[{"@type":"WebPage","@id":"https:\/\/esi.uclm.es\/index.php\/master-en-ingenieria-informatica\/plan-de-estudios-y-calendario\/","url":"https:\/\/esi.uclm.es\/index.php\/master-en-ingenieria-informatica\/plan-de-estudios-y-calendario\/","name":"Plan de Estudios - Escuela Superior de Inform\u00e1tica de UCLM","isPartOf":{"@id":"https:\/\/esi.uclm.es\/#website"},"primaryImageOfPage":{"@id":"https:\/\/esi.uclm.es\/index.php\/master-en-ingenieria-informatica\/plan-de-estudios-y-calendario\/#primaryimage"},"image":{"@id":"https:\/\/esi.uclm.es\/index.php\/master-en-ingenieria-informatica\/plan-de-estudios-y-calendario\/#primaryimage"},"thumbnailUrl":"https:\/\/esi.uclm.es\/assets\/uploads\/2022\/05\/plan_estudios-1024x256.jpeg","datePublished":"2022-01-27T17:27:41+00:00","dateModified":"2025-10-01T06:12:57+00:00","breadcrumb":{"@id":"https:\/\/esi.uclm.es\/index.php\/master-en-ingenieria-informatica\/plan-de-estudios-y-calendario\/#breadcrumb"},"inLanguage":"es","potentialAction":[{"@type":"ReadAction","target":["https:\/\/esi.uclm.es\/index.php\/master-en-ingenieria-informatica\/plan-de-estudios-y-calendario\/"]}]},{"@type":"ImageObject","inLanguage":"es","@id":"https:\/\/esi.uclm.es\/index.php\/master-en-ingenieria-informatica\/plan-de-estudios-y-calendario\/#primaryimage","url":"https:\/\/esi.uclm.es\/assets\/uploads\/2022\/05\/plan_estudios-1024x256.jpeg","contentUrl":"https:\/\/esi.uclm.es\/assets\/uploads\/2022\/05\/plan_estudios-1024x256.jpeg"},{"@type":"BreadcrumbList","@id":"https:\/\/esi.uclm.es\/index.php\/master-en-ingenieria-informatica\/plan-de-estudios-y-calendario\/#breadcrumb","itemListElement":[{"@type":"ListItem","position":1,"name":"Portada","item":"https:\/\/esi.uclm.es\/"},{"@type":"ListItem","position":2,"name":"M\u00e1ster en Ingenier\u00eda Inform\u00e1tica","item":"https:\/\/esi.uclm.es\/index.php\/master-en-ingenieria-informatica\/"},{"@type":"ListItem","position":3,"name":"Plan de Estudios"}]},{"@type":"WebSite","@id":"https:\/\/esi.uclm.es\/#website","url":"https:\/\/esi.uclm.es\/","name":"Escuela Superior de Inform\u00e1tica de UCLM en Ciudad Real, Castilla-La Mancha","description":"La Escuela Superior de Inform\u00e1tica de Ciudad Real (Castilla-La Mancha), Universidad de Castilla-La Mancha es un centro universitario que imparte el ciclo completo de Ingenier\u00eda en Inform\u00e1tica: grado, m\u00e1ster y doctorado.","publisher":{"@id":"https:\/\/esi.uclm.es\/#organization"},"potentialAction":[{"@type":"SearchAction","target":{"@type":"EntryPoint","urlTemplate":"https:\/\/esi.uclm.es\/?s={search_term_string}"},"query-input":{"@type":"PropertyValueSpecification","valueRequired":true,"valueName":"search_term_string"}}],"inLanguage":"es"},{"@type":"Organization","@id":"https:\/\/esi.uclm.es\/#organization","name":"Escuela Superior de Inform\u00e1tica de UCLM","url":"https:\/\/esi.uclm.es\/","logo":{"@type":"ImageObject","inLanguage":"es","@id":"https:\/\/esi.uclm.es\/#\/schema\/logo\/image\/","url":"https:\/\/esi.uclm.es\/assets\/uploads\/2022\/03\/LogoESI_cabecera-1.png","contentUrl":"https:\/\/esi.uclm.es\/assets\/uploads\/2022\/03\/LogoESI_cabecera-1.png","width":460,"height":184,"caption":"Escuela Superior de Inform\u00e1tica de UCLM"},"image":{"@id":"https:\/\/esi.uclm.es\/#\/schema\/logo\/image\/"},"sameAs":["https:\/\/www.facebook.com\/Escuela-Superior-de-Informtica-543261809027158","https:\/\/x.com\/esiuclm","https:\/\/www.instagram.com\/esiuclm\/","https:\/\/www.youtube.com\/user\/esiuclm","https:\/\/www.twitch.tv\/esiuclm","https:\/\/www.linkedin.com\/company\/12656631\/admin\/"]}]}},"_links":{"self":[{"href":"https:\/\/esi.uclm.es\/index.php\/wp-json\/wp\/v2\/pages\/4054","targetHints":{"allow":["GET"]}}],"collection":[{"href":"https:\/\/esi.uclm.es\/index.php\/wp-json\/wp\/v2\/pages"}],"about":[{"href":"https:\/\/esi.uclm.es\/index.php\/wp-json\/wp\/v2\/types\/page"}],"author":[{"embeddable":true,"href":"https:\/\/esi.uclm.es\/index.php\/wp-json\/wp\/v2\/users\/1"}],"replies":[{"embeddable":true,"href":"https:\/\/esi.uclm.es\/index.php\/wp-json\/wp\/v2\/comments?post=4054"}],"version-history":[{"count":24,"href":"https:\/\/esi.uclm.es\/index.php\/wp-json\/wp\/v2\/pages\/4054\/revisions"}],"predecessor-version":[{"id":21617,"href":"https:\/\/esi.uclm.es\/index.php\/wp-json\/wp\/v2\/pages\/4054\/revisions\/21617"}],"up":[{"embeddable":true,"href":"https:\/\/esi.uclm.es\/index.php\/wp-json\/wp\/v2\/pages\/3998"}],"wp:attachment":[{"href":"https:\/\/esi.uclm.es\/index.php\/wp-json\/wp\/v2\/media?parent=4054"}],"curies":[{"name":"wp","href":"https:\/\/api.w.org\/{rel}","templated":true}]}}