{"id":4052,"date":"2022-01-27T17:27:25","date_gmt":"2022-01-27T17:27:25","guid":{"rendered":"http:\/\/esiaz24.uclm.es\/?page_id=4052"},"modified":"2022-05-30T19:54:12","modified_gmt":"2022-05-30T19:54:12","slug":"perfil-de-ingreso","status":"publish","type":"page","link":"https:\/\/esi.uclm.es\/index.php\/master-en-ingenieria-informatica\/perfil-de-ingreso\/","title":{"rendered":"Perfil de Ingreso"},"content":{"rendered":"\n<p><\/p>\n\n\n\n<figure class=\"wp-block-image size-large is-resized\"><img loading=\"lazy\" decoding=\"async\" src=\"https:\/\/esi.uclm.es\/assets\/uploads\/2022\/05\/estudiantes_2-1024x256.webp\" alt=\"Estudiantes con ordenador\" class=\"wp-image-10474\" width=\"1200\" height=\"300\" srcset=\"https:\/\/esi.uclm.es\/assets\/uploads\/2022\/05\/estudiantes_2-1024x256.webp 1024w, https:\/\/esi.uclm.es\/assets\/uploads\/2022\/05\/estudiantes_2-300x75.webp 300w, https:\/\/esi.uclm.es\/assets\/uploads\/2022\/05\/estudiantes_2-768x192.webp 768w, https:\/\/esi.uclm.es\/assets\/uploads\/2022\/05\/estudiantes_2-600x150.webp 600w, https:\/\/esi.uclm.es\/assets\/uploads\/2022\/05\/estudiantes_2.webp 1200w\" sizes=\"auto, (max-width: 1200px) 100vw, 1200px\" \/><\/figure>\n\n\n\n<h2 class=\"wp-block-heading\" id=\"master-universitario-en-ingenieria-informatica\">Perfil de ingreso del M\u00e1ster Universitario en Ingenier\u00eda Inform\u00e1tica<\/h2>\n\n\n\n<hr class=\"wp-block-separator has-text-color has-vivid-cyan-blue-color has-css-opacity has-vivid-cyan-blue-background-color has-background is-style-default\"\/>\n\n\n\n<p>Para acceder al M\u00e1ster en Ingenier\u00eda Inform\u00e1tica necesitas&nbsp;<strong>preinscribirte<\/strong>&nbsp;previamente a trav\u00e9s del siguiente&nbsp;<a href=\"https:\/\/masteruniversitario.uclm.es\/preinscripcion\/index.aspx\">enlace<\/a>.&nbsp;<\/p>\n\n\n\n<p>Toda la informaci\u00f3n sobre la preinscripci\u00f3n y la matr\u00edcula la puedes encontrar en el siguiente&nbsp;<a href=\"https:\/\/miicr.masteruniversitario.uclm.es\/preinscripcion.aspx\">enlace<\/a>.<br>Adem\u00e1s, para conocer si cumples las condiciones generales y criterios espec\u00edficos de acceso puedes ir al siguiente&nbsp;<a href=\"https:\/\/www.uclm.es\/estudios\/masteres\/master-ingenieria-informatica-ciudad-real\">enlace<\/a>.<\/p>\n\n\n\n<p>A modo informativo a continuaci\u00f3n se resumen los criterios de acceso para los&nbsp;<strong>perfiles m\u00e1s comunes<\/strong>.&nbsp;<\/p>\n\n\n\n<ul class=\"wp-block-list\"><li>Si eres&nbsp;<strong>Graduado\/a en Ingenier\u00eda Inform\u00e1tica<\/strong>&#8230;<ul><li>&nbsp; &nbsp; &nbsp;Puedes preinscribirte directamente.<\/li><\/ul><\/li><li>Si eres&nbsp;<strong>Ingeniero\/a en Inform\u00e1tica<\/strong>&#8230;<ul><li>&nbsp; &nbsp; &nbsp;Puedes preinscribirte directamente.<\/li><li>&nbsp; &nbsp; &nbsp;Se puede convalidar una parte importante del M\u00e1ster.<\/li><\/ul><\/li><li>Si eres&nbsp;<strong>estudiante de Grado en Ingenier\u00eda Inform\u00e1tica<\/strong>&#8230;<ul><li>&nbsp; &nbsp; &nbsp;Puedes preinscribirte directamente cuando completes tus estudios.<\/li><li>&nbsp; &nbsp; &nbsp;Si&nbsp;s\u00f3lo te falta presentar el TFG, puedes preinscribirte. Tu matr\u00edcula final estar\u00e1 condicionada a la aprobaci\u00f3n del TFG.<\/li><\/ul><\/li><li>Si eres&nbsp;<strong>Ingeniero\/a T\u00e9cnico\/a en Inform\u00e1tica<\/strong>&#8230;<ul><li>&nbsp; &nbsp; &nbsp;Puedes preinscribirte directamente.<\/li><li>&nbsp; &nbsp; &nbsp;Tendr\u00e1s que cursar 30 cr\u00e9ditos adicionales de complementos formativos.<\/li><\/ul><\/li><\/ul>\n","protected":false},"excerpt":{"rendered":"<p>Perfil de ingreso del M\u00e1ster Universitario en Ingenier\u00eda Inform\u00e1tica Para acceder al M\u00e1ster en Ingenier\u00eda Inform\u00e1tica necesitas&nbsp;preinscribirte&nbsp;previamente a trav\u00e9s del siguiente&nbsp;enlace.&nbsp; Toda la informaci\u00f3n sobre la preinscripci\u00f3n y la matr\u00edcula la puedes encontrar en el siguiente&nbsp;enlace.Adem\u00e1s, para conocer si cumples las condiciones generales y criterios [&hellip;]<\/p>\n","protected":false},"author":1,"featured_media":0,"parent":3998,"menu_order":0,"comment_status":"closed","ping_status":"closed","template":"","meta":{"footnotes":""},"class_list":["post-4052","page","type-page","status-publish","hentry"],"yoast_head":"<!-- This site is optimized with the Yoast SEO plugin v27.4 - https:\/\/yoast.com\/product\/yoast-seo-wordpress\/ -->\n<title>Perfil de Ingreso - Escuela Superior de Inform\u00e1tica de UCLM<\/title>\n<meta name=\"robots\" content=\"index, follow, max-snippet:-1, max-image-preview:large, max-video-preview:-1\" \/>\n<link rel=\"canonical\" href=\"https:\/\/esi.uclm.es\/index.php\/master-en-ingenieria-informatica\/perfil-de-ingreso\/\" \/>\n<meta property=\"og:locale\" content=\"es_ES\" \/>\n<meta property=\"og:type\" content=\"article\" \/>\n<meta property=\"og:title\" content=\"Perfil de Ingreso - Escuela Superior de Inform\u00e1tica de UCLM\" \/>\n<meta property=\"og:description\" content=\"Perfil de ingreso del M\u00e1ster Universitario en Ingenier\u00eda Inform\u00e1tica Para acceder al M\u00e1ster en Ingenier\u00eda Inform\u00e1tica necesitas&nbsp;preinscribirte&nbsp;previamente a trav\u00e9s del siguiente&nbsp;enlace.&nbsp; Toda la informaci\u00f3n sobre la preinscripci\u00f3n y la matr\u00edcula la puedes encontrar en el siguiente&nbsp;enlace.Adem\u00e1s, para conocer si cumples las condiciones generales y criterios [&hellip;]\" \/>\n<meta property=\"og:url\" content=\"https:\/\/esi.uclm.es\/index.php\/master-en-ingenieria-informatica\/perfil-de-ingreso\/\" \/>\n<meta property=\"og:site_name\" content=\"Escuela Superior de Inform\u00e1tica de UCLM\" \/>\n<meta property=\"article:publisher\" content=\"https:\/\/www.facebook.com\/Escuela-Superior-de-Informtica-543261809027158\" \/>\n<meta property=\"article:modified_time\" content=\"2022-05-30T19:54:12+00:00\" \/>\n<meta property=\"og:image\" content=\"https:\/\/esi.uclm.es\/assets\/uploads\/2022\/05\/estudiantes_2-1024x256.webp\" \/>\n<meta name=\"twitter:card\" content=\"summary_large_image\" \/>\n<meta name=\"twitter:site\" content=\"@esiuclm\" \/>\n<meta name=\"twitter:label1\" content=\"Tiempo de lectura\" \/>\n\t<meta name=\"twitter:data1\" content=\"1 minuto\" \/>\n<script type=\"application\/ld+json\" class=\"yoast-schema-graph\">{\"@context\":\"https:\\\/\\\/schema.org\",\"@graph\":[{\"@type\":\"WebPage\",\"@id\":\"https:\\\/\\\/esi.uclm.es\\\/index.php\\\/master-en-ingenieria-informatica\\\/perfil-de-ingreso\\\/\",\"url\":\"https:\\\/\\\/esi.uclm.es\\\/index.php\\\/master-en-ingenieria-informatica\\\/perfil-de-ingreso\\\/\",\"name\":\"Perfil de Ingreso - Escuela Superior de Inform\u00e1tica de UCLM\",\"isPartOf\":{\"@id\":\"https:\\\/\\\/esi.uclm.es\\\/#website\"},\"primaryImageOfPage\":{\"@id\":\"https:\\\/\\\/esi.uclm.es\\\/index.php\\\/master-en-ingenieria-informatica\\\/perfil-de-ingreso\\\/#primaryimage\"},\"image\":{\"@id\":\"https:\\\/\\\/esi.uclm.es\\\/index.php\\\/master-en-ingenieria-informatica\\\/perfil-de-ingreso\\\/#primaryimage\"},\"thumbnailUrl\":\"https:\\\/\\\/esi.uclm.es\\\/assets\\\/uploads\\\/2022\\\/05\\\/estudiantes_2-1024x256.webp\",\"datePublished\":\"2022-01-27T17:27:25+00:00\",\"dateModified\":\"2022-05-30T19:54:12+00:00\",\"breadcrumb\":{\"@id\":\"https:\\\/\\\/esi.uclm.es\\\/index.php\\\/master-en-ingenieria-informatica\\\/perfil-de-ingreso\\\/#breadcrumb\"},\"inLanguage\":\"es\",\"potentialAction\":[{\"@type\":\"ReadAction\",\"target\":[\"https:\\\/\\\/esi.uclm.es\\\/index.php\\\/master-en-ingenieria-informatica\\\/perfil-de-ingreso\\\/\"]}]},{\"@type\":\"ImageObject\",\"inLanguage\":\"es\",\"@id\":\"https:\\\/\\\/esi.uclm.es\\\/index.php\\\/master-en-ingenieria-informatica\\\/perfil-de-ingreso\\\/#primaryimage\",\"url\":\"https:\\\/\\\/esi.uclm.es\\\/assets\\\/uploads\\\/2022\\\/05\\\/estudiantes_2-1024x256.webp\",\"contentUrl\":\"https:\\\/\\\/esi.uclm.es\\\/assets\\\/uploads\\\/2022\\\/05\\\/estudiantes_2-1024x256.webp\"},{\"@type\":\"BreadcrumbList\",\"@id\":\"https:\\\/\\\/esi.uclm.es\\\/index.php\\\/master-en-ingenieria-informatica\\\/perfil-de-ingreso\\\/#breadcrumb\",\"itemListElement\":[{\"@type\":\"ListItem\",\"position\":1,\"name\":\"Portada\",\"item\":\"https:\\\/\\\/esi.uclm.es\\\/\"},{\"@type\":\"ListItem\",\"position\":2,\"name\":\"M\u00e1ster en Ingenier\u00eda Inform\u00e1tica\",\"item\":\"https:\\\/\\\/esi.uclm.es\\\/index.php\\\/master-en-ingenieria-informatica\\\/\"},{\"@type\":\"ListItem\",\"position\":3,\"name\":\"Perfil de Ingreso\"}]},{\"@type\":\"WebSite\",\"@id\":\"https:\\\/\\\/esi.uclm.es\\\/#website\",\"url\":\"https:\\\/\\\/esi.uclm.es\\\/\",\"name\":\"Escuela Superior de Inform\u00e1tica de UCLM en Ciudad Real, Castilla-La Mancha\",\"description\":\"La Escuela Superior de Inform\u00e1tica de Ciudad Real (Castilla-La Mancha), Universidad de Castilla-La Mancha es un centro universitario que imparte el ciclo completo de Ingenier\u00eda en Inform\u00e1tica: grado, m\u00e1ster y doctorado.\",\"publisher\":{\"@id\":\"https:\\\/\\\/esi.uclm.es\\\/#organization\"},\"potentialAction\":[{\"@type\":\"SearchAction\",\"target\":{\"@type\":\"EntryPoint\",\"urlTemplate\":\"https:\\\/\\\/esi.uclm.es\\\/?s={search_term_string}\"},\"query-input\":{\"@type\":\"PropertyValueSpecification\",\"valueRequired\":true,\"valueName\":\"search_term_string\"}}],\"inLanguage\":\"es\"},{\"@type\":\"Organization\",\"@id\":\"https:\\\/\\\/esi.uclm.es\\\/#organization\",\"name\":\"Escuela Superior de Inform\u00e1tica de UCLM\",\"url\":\"https:\\\/\\\/esi.uclm.es\\\/\",\"logo\":{\"@type\":\"ImageObject\",\"inLanguage\":\"es\",\"@id\":\"https:\\\/\\\/esi.uclm.es\\\/#\\\/schema\\\/logo\\\/image\\\/\",\"url\":\"https:\\\/\\\/esi.uclm.es\\\/assets\\\/uploads\\\/2022\\\/03\\\/LogoESI_cabecera-1.png\",\"contentUrl\":\"https:\\\/\\\/esi.uclm.es\\\/assets\\\/uploads\\\/2022\\\/03\\\/LogoESI_cabecera-1.png\",\"width\":460,\"height\":184,\"caption\":\"Escuela Superior de Inform\u00e1tica de UCLM\"},\"image\":{\"@id\":\"https:\\\/\\\/esi.uclm.es\\\/#\\\/schema\\\/logo\\\/image\\\/\"},\"sameAs\":[\"https:\\\/\\\/www.facebook.com\\\/Escuela-Superior-de-Informtica-543261809027158\",\"https:\\\/\\\/x.com\\\/esiuclm\",\"https:\\\/\\\/www.instagram.com\\\/esiuclm\\\/\",\"https:\\\/\\\/www.youtube.com\\\/user\\\/esiuclm\",\"https:\\\/\\\/www.twitch.tv\\\/esiuclm\",\"https:\\\/\\\/www.linkedin.com\\\/company\\\/12656631\\\/admin\\\/\"]}]}<\/script>\n<!-- \/ Yoast SEO plugin. -->","yoast_head_json":{"title":"Perfil de Ingreso - Escuela Superior de Inform\u00e1tica de UCLM","robots":{"index":"index","follow":"follow","max-snippet":"max-snippet:-1","max-image-preview":"max-image-preview:large","max-video-preview":"max-video-preview:-1"},"canonical":"https:\/\/esi.uclm.es\/index.php\/master-en-ingenieria-informatica\/perfil-de-ingreso\/","og_locale":"es_ES","og_type":"article","og_title":"Perfil de Ingreso - Escuela Superior de Inform\u00e1tica de UCLM","og_description":"Perfil de ingreso del M\u00e1ster Universitario en Ingenier\u00eda Inform\u00e1tica Para acceder al M\u00e1ster en Ingenier\u00eda Inform\u00e1tica necesitas&nbsp;preinscribirte&nbsp;previamente a trav\u00e9s del siguiente&nbsp;enlace.&nbsp; Toda la informaci\u00f3n sobre la preinscripci\u00f3n y la matr\u00edcula la puedes encontrar en el siguiente&nbsp;enlace.Adem\u00e1s, para conocer si cumples las condiciones generales y criterios [&hellip;]","og_url":"https:\/\/esi.uclm.es\/index.php\/master-en-ingenieria-informatica\/perfil-de-ingreso\/","og_site_name":"Escuela Superior de Inform\u00e1tica de UCLM","article_publisher":"https:\/\/www.facebook.com\/Escuela-Superior-de-Informtica-543261809027158","article_modified_time":"2022-05-30T19:54:12+00:00","og_image":[{"url":"https:\/\/esi.uclm.es\/assets\/uploads\/2022\/05\/estudiantes_2-1024x256.webp","type":"","width":"","height":""}],"twitter_card":"summary_large_image","twitter_site":"@esiuclm","twitter_misc":{"Tiempo de lectura":"1 minuto"},"schema":{"@context":"https:\/\/schema.org","@graph":[{"@type":"WebPage","@id":"https:\/\/esi.uclm.es\/index.php\/master-en-ingenieria-informatica\/perfil-de-ingreso\/","url":"https:\/\/esi.uclm.es\/index.php\/master-en-ingenieria-informatica\/perfil-de-ingreso\/","name":"Perfil de Ingreso - Escuela Superior de Inform\u00e1tica de UCLM","isPartOf":{"@id":"https:\/\/esi.uclm.es\/#website"},"primaryImageOfPage":{"@id":"https:\/\/esi.uclm.es\/index.php\/master-en-ingenieria-informatica\/perfil-de-ingreso\/#primaryimage"},"image":{"@id":"https:\/\/esi.uclm.es\/index.php\/master-en-ingenieria-informatica\/perfil-de-ingreso\/#primaryimage"},"thumbnailUrl":"https:\/\/esi.uclm.es\/assets\/uploads\/2022\/05\/estudiantes_2-1024x256.webp","datePublished":"2022-01-27T17:27:25+00:00","dateModified":"2022-05-30T19:54:12+00:00","breadcrumb":{"@id":"https:\/\/esi.uclm.es\/index.php\/master-en-ingenieria-informatica\/perfil-de-ingreso\/#breadcrumb"},"inLanguage":"es","potentialAction":[{"@type":"ReadAction","target":["https:\/\/esi.uclm.es\/index.php\/master-en-ingenieria-informatica\/perfil-de-ingreso\/"]}]},{"@type":"ImageObject","inLanguage":"es","@id":"https:\/\/esi.uclm.es\/index.php\/master-en-ingenieria-informatica\/perfil-de-ingreso\/#primaryimage","url":"https:\/\/esi.uclm.es\/assets\/uploads\/2022\/05\/estudiantes_2-1024x256.webp","contentUrl":"https:\/\/esi.uclm.es\/assets\/uploads\/2022\/05\/estudiantes_2-1024x256.webp"},{"@type":"BreadcrumbList","@id":"https:\/\/esi.uclm.es\/index.php\/master-en-ingenieria-informatica\/perfil-de-ingreso\/#breadcrumb","itemListElement":[{"@type":"ListItem","position":1,"name":"Portada","item":"https:\/\/esi.uclm.es\/"},{"@type":"ListItem","position":2,"name":"M\u00e1ster en Ingenier\u00eda Inform\u00e1tica","item":"https:\/\/esi.uclm.es\/index.php\/master-en-ingenieria-informatica\/"},{"@type":"ListItem","position":3,"name":"Perfil de Ingreso"}]},{"@type":"WebSite","@id":"https:\/\/esi.uclm.es\/#website","url":"https:\/\/esi.uclm.es\/","name":"Escuela Superior de Inform\u00e1tica de UCLM en Ciudad Real, Castilla-La Mancha","description":"La Escuela Superior de Inform\u00e1tica de Ciudad Real (Castilla-La Mancha), Universidad de Castilla-La Mancha es un centro universitario que imparte el ciclo completo de Ingenier\u00eda en Inform\u00e1tica: grado, m\u00e1ster y doctorado.","publisher":{"@id":"https:\/\/esi.uclm.es\/#organization"},"potentialAction":[{"@type":"SearchAction","target":{"@type":"EntryPoint","urlTemplate":"https:\/\/esi.uclm.es\/?s={search_term_string}"},"query-input":{"@type":"PropertyValueSpecification","valueRequired":true,"valueName":"search_term_string"}}],"inLanguage":"es"},{"@type":"Organization","@id":"https:\/\/esi.uclm.es\/#organization","name":"Escuela Superior de Inform\u00e1tica de UCLM","url":"https:\/\/esi.uclm.es\/","logo":{"@type":"ImageObject","inLanguage":"es","@id":"https:\/\/esi.uclm.es\/#\/schema\/logo\/image\/","url":"https:\/\/esi.uclm.es\/assets\/uploads\/2022\/03\/LogoESI_cabecera-1.png","contentUrl":"https:\/\/esi.uclm.es\/assets\/uploads\/2022\/03\/LogoESI_cabecera-1.png","width":460,"height":184,"caption":"Escuela Superior de Inform\u00e1tica de UCLM"},"image":{"@id":"https:\/\/esi.uclm.es\/#\/schema\/logo\/image\/"},"sameAs":["https:\/\/www.facebook.com\/Escuela-Superior-de-Informtica-543261809027158","https:\/\/x.com\/esiuclm","https:\/\/www.instagram.com\/esiuclm\/","https:\/\/www.youtube.com\/user\/esiuclm","https:\/\/www.twitch.tv\/esiuclm","https:\/\/www.linkedin.com\/company\/12656631\/admin\/"]}]}},"_links":{"self":[{"href":"https:\/\/esi.uclm.es\/index.php\/wp-json\/wp\/v2\/pages\/4052","targetHints":{"allow":["GET"]}}],"collection":[{"href":"https:\/\/esi.uclm.es\/index.php\/wp-json\/wp\/v2\/pages"}],"about":[{"href":"https:\/\/esi.uclm.es\/index.php\/wp-json\/wp\/v2\/types\/page"}],"author":[{"embeddable":true,"href":"https:\/\/esi.uclm.es\/index.php\/wp-json\/wp\/v2\/users\/1"}],"replies":[{"embeddable":true,"href":"https:\/\/esi.uclm.es\/index.php\/wp-json\/wp\/v2\/comments?post=4052"}],"version-history":[{"count":4,"href":"https:\/\/esi.uclm.es\/index.php\/wp-json\/wp\/v2\/pages\/4052\/revisions"}],"predecessor-version":[{"id":10475,"href":"https:\/\/esi.uclm.es\/index.php\/wp-json\/wp\/v2\/pages\/4052\/revisions\/10475"}],"up":[{"embeddable":true,"href":"https:\/\/esi.uclm.es\/index.php\/wp-json\/wp\/v2\/pages\/3998"}],"wp:attachment":[{"href":"https:\/\/esi.uclm.es\/index.php\/wp-json\/wp\/v2\/media?parent=4052"}],"curies":[{"name":"wp","href":"https:\/\/api.w.org\/{rel}","templated":true}]}}