{"id":4043,"date":"2022-01-27T17:20:38","date_gmt":"2022-01-27T17:20:38","guid":{"rendered":"http:\/\/esiaz24.uclm.es\/?page_id=4043"},"modified":"2022-05-31T19:00:51","modified_gmt":"2022-05-31T19:00:51","slug":"documentacion","status":"publish","type":"page","link":"https:\/\/esi.uclm.es\/index.php\/grado-en-ingenieria-informatica\/documentacion\/","title":{"rendered":"Documentaci\u00f3n"},"content":{"rendered":"\n<figure class=\"wp-block-image size-large\"><img loading=\"lazy\" decoding=\"async\" width=\"1024\" height=\"256\" src=\"https:\/\/esi.uclm.es\/assets\/uploads\/2022\/05\/informacion-1024x256.jpeg\" alt=\"Mano pulsando iconos de archivos y carpetas\" class=\"wp-image-10644\" srcset=\"https:\/\/esi.uclm.es\/assets\/uploads\/2022\/05\/informacion-1024x256.jpeg 1024w, https:\/\/esi.uclm.es\/assets\/uploads\/2022\/05\/informacion-300x75.jpeg 300w, https:\/\/esi.uclm.es\/assets\/uploads\/2022\/05\/informacion-768x192.jpeg 768w, https:\/\/esi.uclm.es\/assets\/uploads\/2022\/05\/informacion-600x150.jpeg 600w, https:\/\/esi.uclm.es\/assets\/uploads\/2022\/05\/informacion.jpeg 1200w\" sizes=\"auto, (max-width: 1024px) 100vw, 1024px\" \/><\/figure>\n\n\n\n<p><\/p>\n\n\n\n<h3 class=\"wp-block-heading\" id=\"documentos-oficiales\">Documentos Oficiales<\/h3>\n\n\n\n<hr class=\"wp-block-separator has-text-color has-vivid-cyan-blue-color has-css-opacity has-vivid-cyan-blue-background-color has-background is-style-default\"\/>\n\n\n\n<div class=\"wp-block-file\"><a id=\"wp-block-file--media-b0ca887d-0ce8-4a1b-a9e1-6d7e09ed376c\" href=\"https:\/\/esi.uclm.es\/assets\/uploads\/2022\/02\/BOE-A-2020-13016.pdf\"><a rel=\"noreferrer noopener\" href=\"https:\/\/www.boe.es\/boe\/dias\/2020\/10\/27\/pdfs\/BOE-A-2020-13016.pdf\" target=\"_blank\"><strong>Publicaci\u00f3n en BOE del Grado<\/strong><\/a>\u00a0<\/a><\/div>\n\n\n\n<p><a rel=\"noreferrer noopener\" href=\"https:\/\/www.educacion.gob.es\/ruct\/estudiouniversidad.action?codigoCiclo=SC&amp;codigoEstudio=2502466&amp;actual=universidad\" target=\"_blank\"><strong>Registro de Universidades, Centros y T\u00edtulos del Grado<\/strong><\/a>&nbsp;<\/p>\n\n\n\n<div class=\"wp-block-file\"><a id=\"wp-block-file--media-7c13ce2f-a757-4814-a369-6ade3b6339b7\" href=\"https:\/\/esi.uclm.es\/assets\/uploads\/2022\/02\/Ing-Informtica-julio-2019.pdf\"><a rel=\"noreferrer noopener\" href=\"https:\/\/www.uclm.es\/-\/media\/Files\/A01-Asistencia-Direccion\/A01-124-Vicerrectorado-Docencia\/grados\/ingenieria-informatica\/documentos-oficiales\/Ing-Informtica-julio-2019.ashx\" target=\"_blank\">Memoria Oficial del Grado<\/a><\/a><\/div>\n\n\n\n<div class=\"wp-block-file\"><a id=\"wp-block-file--media-1c20f440-b4fa-4299-9961-74929ef8e122\" href=\"https:\/\/esi.uclm.es\/assets\/uploads\/2022\/02\/Informe-final-290410.pdf\"><a rel=\"noreferrer noopener\" href=\"https:\/\/www.uclm.es\/-\/media\/Files\/A01-Asistencia-Direccion\/A01-124-Vicerrectorado-Docencia\/grados\/ingenieria-informatica\/documentos-oficiales\/Informe-final-290410.ashx\" target=\"_blank\">Informe de Verificaci\u00f3n<\/a><\/a><\/div>\n\n\n\n<div class=\"wp-block-file\"><a id=\"wp-block-file--media-6857f9e9-7c51-4575-a616-39ddf37807d8\" href=\"https:\/\/esi.uclm.es\/assets\/uploads\/2022\/02\/Resolucin-verificacin-310510.pdf\"><a rel=\"noreferrer noopener\" href=\"https:\/\/www.uclm.es\/-\/media\/Files\/A01-Asistencia-Direccion\/A01-124-Vicerrectorado-Docencia\/grados\/ingenieria-informatica\/documentos-oficiales\/Resolucin-verificacin-310510.ashx\" target=\"_blank\">Resoluci\u00f3n de Verificaci\u00f3n<\/a><\/a><\/div>\n\n\n\n<h3 class=\"wp-block-heading\" id=\"informes-de-modificacion-del-grado\">Informes de modificaci\u00f3n del Grado<\/h3>\n\n\n\n<hr class=\"wp-block-separator has-text-color has-vivid-cyan-blue-color has-css-opacity has-vivid-cyan-blue-background-color has-background is-style-default\"\/>\n\n\n\n<div class=\"wp-block-file\"><a id=\"wp-block-file--media-d93a23e7-9907-4957-a7dc-54da1ac7168b\" href=\"https:\/\/esi.uclm.es\/assets\/uploads\/2022\/02\/2019-Informe-Favorable.pdf\">2019-Informe-Favorable<\/a><\/div>\n\n\n\n<div class=\"wp-block-file\"><a id=\"wp-block-file--media-876c8ea3-f37b-4c61-8303-8b1dd7fe69cb\" href=\"https:\/\/esi.uclm.es\/assets\/uploads\/2022\/02\/2013-Informe-Favorable.pdf\">2013-Informe-Favorable<\/a><\/div>\n\n\n\n<div class=\"wp-block-file\"><a id=\"wp-block-file--media-174f6cea-f15f-4b7c-a25a-a709eda87d26\" href=\"https:\/\/esi.uclm.es\/assets\/uploads\/2022\/02\/2011-Informe-Favorable.pdf\">2011-Informe-Favorable<\/a><\/div>\n\n\n\n<p><\/p>\n","protected":false},"excerpt":{"rendered":"<p>Documentos Oficiales Registro de Universidades, Centros y T\u00edtulos del Grado&nbsp; Informes de modificaci\u00f3n del Grado<\/p>\n","protected":false},"author":1,"featured_media":0,"parent":3996,"menu_order":0,"comment_status":"closed","ping_status":"closed","template":"","meta":{"footnotes":""},"class_list":["post-4043","page","type-page","status-publish","hentry"],"yoast_head":"<!-- This site is optimized with the Yoast SEO plugin v27.3 - https:\/\/yoast.com\/product\/yoast-seo-wordpress\/ -->\n<title>Documentaci\u00f3n - Escuela Superior de Inform\u00e1tica de UCLM<\/title>\n<meta name=\"robots\" content=\"index, follow, max-snippet:-1, max-image-preview:large, max-video-preview:-1\" \/>\n<link rel=\"canonical\" href=\"https:\/\/esi.uclm.es\/index.php\/grado-en-ingenieria-informatica\/documentacion\/\" \/>\n<meta property=\"og:locale\" content=\"es_ES\" \/>\n<meta property=\"og:type\" content=\"article\" \/>\n<meta property=\"og:title\" content=\"Documentaci\u00f3n - Escuela Superior de Inform\u00e1tica de UCLM\" \/>\n<meta property=\"og:description\" content=\"Documentos Oficiales Registro de Universidades, Centros y T\u00edtulos del Grado&nbsp; Informes de modificaci\u00f3n del Grado\" \/>\n<meta property=\"og:url\" content=\"https:\/\/esi.uclm.es\/index.php\/grado-en-ingenieria-informatica\/documentacion\/\" \/>\n<meta property=\"og:site_name\" content=\"Escuela Superior de Inform\u00e1tica de UCLM\" \/>\n<meta property=\"article:publisher\" content=\"https:\/\/www.facebook.com\/Escuela-Superior-de-Informtica-543261809027158\" \/>\n<meta property=\"article:modified_time\" content=\"2022-05-31T19:00:51+00:00\" \/>\n<meta property=\"og:image\" content=\"https:\/\/esi.uclm.es\/assets\/uploads\/2022\/05\/informacion-1024x256.jpeg\" \/>\n<meta name=\"twitter:card\" content=\"summary_large_image\" \/>\n<meta name=\"twitter:site\" content=\"@esiuclm\" \/>\n<script type=\"application\/ld+json\" class=\"yoast-schema-graph\">{\"@context\":\"https:\\\/\\\/schema.org\",\"@graph\":[{\"@type\":\"WebPage\",\"@id\":\"https:\\\/\\\/esi.uclm.es\\\/index.php\\\/grado-en-ingenieria-informatica\\\/documentacion\\\/\",\"url\":\"https:\\\/\\\/esi.uclm.es\\\/index.php\\\/grado-en-ingenieria-informatica\\\/documentacion\\\/\",\"name\":\"Documentaci\u00f3n - Escuela Superior de Inform\u00e1tica de UCLM\",\"isPartOf\":{\"@id\":\"https:\\\/\\\/esi.uclm.es\\\/#website\"},\"primaryImageOfPage\":{\"@id\":\"https:\\\/\\\/esi.uclm.es\\\/index.php\\\/grado-en-ingenieria-informatica\\\/documentacion\\\/#primaryimage\"},\"image\":{\"@id\":\"https:\\\/\\\/esi.uclm.es\\\/index.php\\\/grado-en-ingenieria-informatica\\\/documentacion\\\/#primaryimage\"},\"thumbnailUrl\":\"https:\\\/\\\/esi.uclm.es\\\/assets\\\/uploads\\\/2022\\\/05\\\/informacion-1024x256.jpeg\",\"datePublished\":\"2022-01-27T17:20:38+00:00\",\"dateModified\":\"2022-05-31T19:00:51+00:00\",\"breadcrumb\":{\"@id\":\"https:\\\/\\\/esi.uclm.es\\\/index.php\\\/grado-en-ingenieria-informatica\\\/documentacion\\\/#breadcrumb\"},\"inLanguage\":\"es\",\"potentialAction\":[{\"@type\":\"ReadAction\",\"target\":[\"https:\\\/\\\/esi.uclm.es\\\/index.php\\\/grado-en-ingenieria-informatica\\\/documentacion\\\/\"]}]},{\"@type\":\"ImageObject\",\"inLanguage\":\"es\",\"@id\":\"https:\\\/\\\/esi.uclm.es\\\/index.php\\\/grado-en-ingenieria-informatica\\\/documentacion\\\/#primaryimage\",\"url\":\"https:\\\/\\\/esi.uclm.es\\\/assets\\\/uploads\\\/2022\\\/05\\\/informacion-1024x256.jpeg\",\"contentUrl\":\"https:\\\/\\\/esi.uclm.es\\\/assets\\\/uploads\\\/2022\\\/05\\\/informacion-1024x256.jpeg\"},{\"@type\":\"BreadcrumbList\",\"@id\":\"https:\\\/\\\/esi.uclm.es\\\/index.php\\\/grado-en-ingenieria-informatica\\\/documentacion\\\/#breadcrumb\",\"itemListElement\":[{\"@type\":\"ListItem\",\"position\":1,\"name\":\"Portada\",\"item\":\"https:\\\/\\\/esi.uclm.es\\\/\"},{\"@type\":\"ListItem\",\"position\":2,\"name\":\"Grado en Ingenier\u00eda Inform\u00e1tica\",\"item\":\"https:\\\/\\\/esi.uclm.es\\\/index.php\\\/grado-en-ingenieria-informatica\\\/\"},{\"@type\":\"ListItem\",\"position\":3,\"name\":\"Documentaci\u00f3n\"}]},{\"@type\":\"WebSite\",\"@id\":\"https:\\\/\\\/esi.uclm.es\\\/#website\",\"url\":\"https:\\\/\\\/esi.uclm.es\\\/\",\"name\":\"Escuela Superior de Inform\u00e1tica de UCLM en Ciudad Real, Castilla-La Mancha\",\"description\":\"La Escuela Superior de Inform\u00e1tica de Ciudad Real (Castilla-La Mancha), Universidad de Castilla-La Mancha es un centro universitario que imparte el ciclo completo de Ingenier\u00eda en Inform\u00e1tica: grado, m\u00e1ster y doctorado.\",\"publisher\":{\"@id\":\"https:\\\/\\\/esi.uclm.es\\\/#organization\"},\"potentialAction\":[{\"@type\":\"SearchAction\",\"target\":{\"@type\":\"EntryPoint\",\"urlTemplate\":\"https:\\\/\\\/esi.uclm.es\\\/?s={search_term_string}\"},\"query-input\":{\"@type\":\"PropertyValueSpecification\",\"valueRequired\":true,\"valueName\":\"search_term_string\"}}],\"inLanguage\":\"es\"},{\"@type\":\"Organization\",\"@id\":\"https:\\\/\\\/esi.uclm.es\\\/#organization\",\"name\":\"Escuela Superior de Inform\u00e1tica de UCLM\",\"url\":\"https:\\\/\\\/esi.uclm.es\\\/\",\"logo\":{\"@type\":\"ImageObject\",\"inLanguage\":\"es\",\"@id\":\"https:\\\/\\\/esi.uclm.es\\\/#\\\/schema\\\/logo\\\/image\\\/\",\"url\":\"https:\\\/\\\/esi.uclm.es\\\/assets\\\/uploads\\\/2022\\\/03\\\/LogoESI_cabecera-1.png\",\"contentUrl\":\"https:\\\/\\\/esi.uclm.es\\\/assets\\\/uploads\\\/2022\\\/03\\\/LogoESI_cabecera-1.png\",\"width\":460,\"height\":184,\"caption\":\"Escuela Superior de Inform\u00e1tica de UCLM\"},\"image\":{\"@id\":\"https:\\\/\\\/esi.uclm.es\\\/#\\\/schema\\\/logo\\\/image\\\/\"},\"sameAs\":[\"https:\\\/\\\/www.facebook.com\\\/Escuela-Superior-de-Informtica-543261809027158\",\"https:\\\/\\\/x.com\\\/esiuclm\",\"https:\\\/\\\/www.instagram.com\\\/esiuclm\\\/\",\"https:\\\/\\\/www.youtube.com\\\/user\\\/esiuclm\",\"https:\\\/\\\/www.twitch.tv\\\/esiuclm\",\"https:\\\/\\\/www.linkedin.com\\\/company\\\/12656631\\\/admin\\\/\"]}]}<\/script>\n<!-- \/ Yoast SEO plugin. -->","yoast_head_json":{"title":"Documentaci\u00f3n - Escuela Superior de Inform\u00e1tica de UCLM","robots":{"index":"index","follow":"follow","max-snippet":"max-snippet:-1","max-image-preview":"max-image-preview:large","max-video-preview":"max-video-preview:-1"},"canonical":"https:\/\/esi.uclm.es\/index.php\/grado-en-ingenieria-informatica\/documentacion\/","og_locale":"es_ES","og_type":"article","og_title":"Documentaci\u00f3n - Escuela Superior de Inform\u00e1tica de UCLM","og_description":"Documentos Oficiales Registro de Universidades, Centros y T\u00edtulos del Grado&nbsp; Informes de modificaci\u00f3n del Grado","og_url":"https:\/\/esi.uclm.es\/index.php\/grado-en-ingenieria-informatica\/documentacion\/","og_site_name":"Escuela Superior de Inform\u00e1tica de UCLM","article_publisher":"https:\/\/www.facebook.com\/Escuela-Superior-de-Informtica-543261809027158","article_modified_time":"2022-05-31T19:00:51+00:00","og_image":[{"url":"https:\/\/esi.uclm.es\/assets\/uploads\/2022\/05\/informacion-1024x256.jpeg","type":"","width":"","height":""}],"twitter_card":"summary_large_image","twitter_site":"@esiuclm","schema":{"@context":"https:\/\/schema.org","@graph":[{"@type":"WebPage","@id":"https:\/\/esi.uclm.es\/index.php\/grado-en-ingenieria-informatica\/documentacion\/","url":"https:\/\/esi.uclm.es\/index.php\/grado-en-ingenieria-informatica\/documentacion\/","name":"Documentaci\u00f3n - Escuela Superior de Inform\u00e1tica de UCLM","isPartOf":{"@id":"https:\/\/esi.uclm.es\/#website"},"primaryImageOfPage":{"@id":"https:\/\/esi.uclm.es\/index.php\/grado-en-ingenieria-informatica\/documentacion\/#primaryimage"},"image":{"@id":"https:\/\/esi.uclm.es\/index.php\/grado-en-ingenieria-informatica\/documentacion\/#primaryimage"},"thumbnailUrl":"https:\/\/esi.uclm.es\/assets\/uploads\/2022\/05\/informacion-1024x256.jpeg","datePublished":"2022-01-27T17:20:38+00:00","dateModified":"2022-05-31T19:00:51+00:00","breadcrumb":{"@id":"https:\/\/esi.uclm.es\/index.php\/grado-en-ingenieria-informatica\/documentacion\/#breadcrumb"},"inLanguage":"es","potentialAction":[{"@type":"ReadAction","target":["https:\/\/esi.uclm.es\/index.php\/grado-en-ingenieria-informatica\/documentacion\/"]}]},{"@type":"ImageObject","inLanguage":"es","@id":"https:\/\/esi.uclm.es\/index.php\/grado-en-ingenieria-informatica\/documentacion\/#primaryimage","url":"https:\/\/esi.uclm.es\/assets\/uploads\/2022\/05\/informacion-1024x256.jpeg","contentUrl":"https:\/\/esi.uclm.es\/assets\/uploads\/2022\/05\/informacion-1024x256.jpeg"},{"@type":"BreadcrumbList","@id":"https:\/\/esi.uclm.es\/index.php\/grado-en-ingenieria-informatica\/documentacion\/#breadcrumb","itemListElement":[{"@type":"ListItem","position":1,"name":"Portada","item":"https:\/\/esi.uclm.es\/"},{"@type":"ListItem","position":2,"name":"Grado en Ingenier\u00eda Inform\u00e1tica","item":"https:\/\/esi.uclm.es\/index.php\/grado-en-ingenieria-informatica\/"},{"@type":"ListItem","position":3,"name":"Documentaci\u00f3n"}]},{"@type":"WebSite","@id":"https:\/\/esi.uclm.es\/#website","url":"https:\/\/esi.uclm.es\/","name":"Escuela Superior de Inform\u00e1tica de UCLM en Ciudad Real, Castilla-La Mancha","description":"La Escuela Superior de Inform\u00e1tica de Ciudad Real (Castilla-La Mancha), Universidad de Castilla-La Mancha es un centro universitario que imparte el ciclo completo de Ingenier\u00eda en Inform\u00e1tica: grado, m\u00e1ster y doctorado.","publisher":{"@id":"https:\/\/esi.uclm.es\/#organization"},"potentialAction":[{"@type":"SearchAction","target":{"@type":"EntryPoint","urlTemplate":"https:\/\/esi.uclm.es\/?s={search_term_string}"},"query-input":{"@type":"PropertyValueSpecification","valueRequired":true,"valueName":"search_term_string"}}],"inLanguage":"es"},{"@type":"Organization","@id":"https:\/\/esi.uclm.es\/#organization","name":"Escuela Superior de Inform\u00e1tica de UCLM","url":"https:\/\/esi.uclm.es\/","logo":{"@type":"ImageObject","inLanguage":"es","@id":"https:\/\/esi.uclm.es\/#\/schema\/logo\/image\/","url":"https:\/\/esi.uclm.es\/assets\/uploads\/2022\/03\/LogoESI_cabecera-1.png","contentUrl":"https:\/\/esi.uclm.es\/assets\/uploads\/2022\/03\/LogoESI_cabecera-1.png","width":460,"height":184,"caption":"Escuela Superior de Inform\u00e1tica de UCLM"},"image":{"@id":"https:\/\/esi.uclm.es\/#\/schema\/logo\/image\/"},"sameAs":["https:\/\/www.facebook.com\/Escuela-Superior-de-Informtica-543261809027158","https:\/\/x.com\/esiuclm","https:\/\/www.instagram.com\/esiuclm\/","https:\/\/www.youtube.com\/user\/esiuclm","https:\/\/www.twitch.tv\/esiuclm","https:\/\/www.linkedin.com\/company\/12656631\/admin\/"]}]}},"_links":{"self":[{"href":"https:\/\/esi.uclm.es\/index.php\/wp-json\/wp\/v2\/pages\/4043","targetHints":{"allow":["GET"]}}],"collection":[{"href":"https:\/\/esi.uclm.es\/index.php\/wp-json\/wp\/v2\/pages"}],"about":[{"href":"https:\/\/esi.uclm.es\/index.php\/wp-json\/wp\/v2\/types\/page"}],"author":[{"embeddable":true,"href":"https:\/\/esi.uclm.es\/index.php\/wp-json\/wp\/v2\/users\/1"}],"replies":[{"embeddable":true,"href":"https:\/\/esi.uclm.es\/index.php\/wp-json\/wp\/v2\/comments?post=4043"}],"version-history":[{"count":8,"href":"https:\/\/esi.uclm.es\/index.php\/wp-json\/wp\/v2\/pages\/4043\/revisions"}],"predecessor-version":[{"id":10645,"href":"https:\/\/esi.uclm.es\/index.php\/wp-json\/wp\/v2\/pages\/4043\/revisions\/10645"}],"up":[{"embeddable":true,"href":"https:\/\/esi.uclm.es\/index.php\/wp-json\/wp\/v2\/pages\/3996"}],"wp:attachment":[{"href":"https:\/\/esi.uclm.es\/index.php\/wp-json\/wp\/v2\/media?parent=4043"}],"curies":[{"name":"wp","href":"https:\/\/api.w.org\/{rel}","templated":true}]}}