{"id":4026,"date":"2022-01-27T17:11:56","date_gmt":"2022-01-27T17:11:56","guid":{"rendered":"http:\/\/esiaz24.uclm.es\/?page_id=4026"},"modified":"2026-04-13T08:35:01","modified_gmt":"2026-04-13T08:35:01","slug":"optativas","status":"publish","type":"page","link":"https:\/\/esi.uclm.es\/index.php\/grado-en-ingenieria-informatica\/optativas\/","title":{"rendered":"Asignaturas Optativas"},"content":{"rendered":"\n<p><\/p>\n\n\n\n<figure class=\"wp-block-image size-large\"><img loading=\"lazy\" decoding=\"async\" width=\"1024\" height=\"256\" src=\"https:\/\/esi.uclm.es\/assets\/uploads\/2022\/05\/Optativas-1024x256.jpeg\" alt=\"Hombre eligiendo una opci\u00f3n\" class=\"wp-image-10508\" srcset=\"https:\/\/esi.uclm.es\/assets\/uploads\/2022\/05\/Optativas-1024x256.jpeg 1024w, https:\/\/esi.uclm.es\/assets\/uploads\/2022\/05\/Optativas-300x75.jpeg 300w, https:\/\/esi.uclm.es\/assets\/uploads\/2022\/05\/Optativas-768x192.jpeg 768w, https:\/\/esi.uclm.es\/assets\/uploads\/2022\/05\/Optativas-600x150.jpeg 600w, https:\/\/esi.uclm.es\/assets\/uploads\/2022\/05\/Optativas.jpeg 1200w\" sizes=\"auto, (max-width: 1024px) 100vw, 1024px\" \/><\/figure>\n\n\n\n<h2 class=\"wp-block-heading\" id=\"grado-en-ingenieria-informatica\">Optatividad en el Grado en Ingenier\u00eda Inform\u00e1tica<\/h2>\n\n\n\n<hr class=\"wp-block-separator has-text-color has-vivid-cyan-blue-color has-css-opacity has-vivid-cyan-blue-background-color has-background is-style-default\"\/>\n\n\n\n<h3 class=\"wp-block-heading\" id=\"optativas\">Optativas<\/h3>\n\n\n\n<p>El t\u00edtulo de Grado en Ingenier\u00eda Inform\u00e1tica se ha dise\u00f1ado usando el modelo de un \u00fanico grado con&nbsp; varias intensificaciones y un cat\u00e1logo de optativas. Las asignaturas optativas se cursan durante el cuarto curso, en el primero y segundo semestre.<\/p>\n\n\n\n<p>Los estudiantes que hayan cursado el tercer curso&nbsp;pueden realizar la solicitud de optativas previamente a la gesti\u00f3n de matriculaci\u00f3n del cuarto curso. A continuaci\u00f3n se describen los plazos importantes&nbsp;relativos&nbsp;a la solicitud de optativas, y la documentaci\u00f3n necesaria para realizar dicha solicitud.<\/p>\n\n\n\n<h3 class=\"wp-block-heading\" id=\"listado-de-asignaturas-optativas\">Listado de asignaturas optativas<\/h3>\n\n\n\n<p>El listado de asignaturas optativas es el que aparece a continuaci\u00f3n, junto con el cuatrimestre e idioma de impartici\u00f3n.<\/p>\n\n\n\n<figure class=\"wp-block-table is-style-stripes\"><table><thead><tr><th scope=\"col\">Cuatrimestre<\/th><th scope=\"col\">Asignatura<\/th><th scope=\"col\">Idioma<\/th><\/tr><\/thead><tbody><tr><td>1<\/td><td><a href=\"https:\/\/esi.uclm.es\/assets\/uploads\/2022\/04\/ineg-presentacion_2022_2.mp4\">Ingenier\u00eda de Negocio<\/a><\/td><td>ES<\/td><\/tr><tr><td>1<\/td><td><a href=\"https:\/\/esi.uclm.es\/assets\/uploads\/2022\/04\/Tecnicas-de-Aprendizaje-Automatico-5905998.pdf\">T\u00e9cnicas de aprendizaje autom\u00e1tico<\/a><\/td><td>EN<\/td><\/tr><tr><td>1<\/td><td>Aplicaciones distribuidas en Internet<\/td><td>ES<\/td><\/tr><tr><td>2<\/td><td>Auditor\u00eda de Sistemas de informaci\u00f3n<\/td><td>EN<\/td><\/tr><tr><td>2<\/td><td>Gr\u00e1ficos por Computador<\/td><td>EN<\/td><\/tr><tr><td>2<\/td><td>Redes y Servicios M\u00f3viles<\/td><td>ES<\/td><\/tr><tr><td>2<\/td><td>An\u00e1lisis Forense Inform\u00e1tico<\/td><td>ES<\/td><\/tr><tr><td>2<\/td><td>Desarrollo de Sistemas Web<\/td><td>EN<\/td><\/tr><tr><td>2<\/td><td>Bases de Datos Avanzadas<\/td><td>ES<\/td><\/tr><tr><td>2<\/td><td><a href=\"https:\/\/esi.uclm.es\/assets\/uploads\/2022\/04\/guiaDocenteVLSI_comentada.pdf\">Dise\u00f1o VLSI<\/a><\/td><td>ES<\/td><\/tr><\/tbody><\/table><\/figure>\n\n\n\n<h3 class=\"wp-block-heading\" id=\"proceso-de-solicitud-curso-2021-2022\">Proceso de solicitud &#8211; Curso 2026\/2027<\/h3>\n\n\n\n<ul class=\"wp-block-list\">\n<li><strong>Informaci\u00f3n sobre el procedimiento de asignaci\u00f3n de optativas<\/strong> (Procedimiento Optativas &#8211; se indicar\u00e1 pr\u00f3ximamente).<\/li>\n\n\n\n<li><strong>Video con informaci\u00f3n sobre el proceso<\/strong> &#8211; se podr\u00e1 visualizar pr\u00f3ximamente<\/li>\n\n\n\n<li><strong>Alumnos que aprueban todas sus asignaturas en convocatoria ordinaria<\/strong>:\n<ul class=\"wp-block-list\">\n<li><strong>Periodo de matriculaci\u00f3n (ordinaria)<\/strong>: se anunciar\u00e1 pr\u00f3ximamente.<\/li>\n\n\n\n<li><strong>Antes de realizar la matr\u00edcula<\/strong>: comunicar la elecci\u00f3n de optativas mediante correo electr\u00f3nico a <a href=\"mailto: soledad.escolar@uclm.es\">Soledad Escolar<\/a>.<\/li>\n\n\n\n<li><strong>Esperar a recibir confirmaci\u00f3n del centro<\/strong> por correo electr\u00f3nico.<\/li>\n<\/ul>\n<\/li>\n\n\n\n<li><strong>Alumnos que se presentan a la evaluaci\u00f3n en convocatoria extraordinaria<\/strong>:\n<ul class=\"wp-block-list\">\n<li><strong>Solicitud<\/strong>: El estudiante debe completar el siguiente\u00a0<a href=\"https:\/\/forms.office.com\/pages\/responsepage.aspx?id=5rosxPRhjEmRB2qM9fAeVtCOJeA4CrxLnWQMnu2wRopUNFlFUExaUDU2TkxCVUdUSks5SUZTODMxQy4u&amp;route=shorturl\">formulario<\/a> (es necesario acceder con el usuario UCLM).\u00a0El formulario estar\u00e1 accesible pr\u00f3ximamente.<\/li>\n\n\n\n<li><strong>Publicaci\u00f3n Listado Provisional<\/strong>: se anunciar\u00e1 pr\u00f3ximamente.\n<ul class=\"wp-block-list\">\n<li><strong>Presentaci\u00f3n de Reclamaciones al Listado Provisional<\/strong>: se anunciar\u00e1 pr\u00f3ximamente.<\/li>\n<\/ul>\n<\/li>\n\n\n\n<li><strong>Publicaci\u00f3n Listado Definitivo<\/strong>: se anunciar\u00e1 pr\u00f3ximamente.<\/li>\n\n\n\n<li><strong>Inicio de Matr\u00edcula (extraordinaria)<\/strong>: se anunciar\u00e1 pr\u00f3ximamente.<\/li>\n<\/ul>\n<\/li>\n<\/ul>\n\n\n\n<h3 class=\"wp-block-heading\" id=\"proceso-de-asignacion-de-optativas-curso-2021-2022\">Proceso de asignaci\u00f3n de optativas &#8211; Curso 2026\/2027<\/h3>\n\n\n\n<p>El proceso de asignaci\u00f3n de asignaturas optativas a estudiantes del Grado en Ingenier\u00eda Inform\u00e1tica de la ESI de Ciudad Real ha utilizado estrictamente los siguientes criterios de asignaci\u00f3n:<\/p>\n\n\n\n<ul class=\"wp-block-list\">\n<li>Aquellos estudiantes que aprueben todas las asignaturas en la convocatoria ordinaria tienen prioridad en la selecci\u00f3n.<\/li>\n\n\n\n<li>Nota media del expediente acad\u00e9mico del alumno.<\/li>\n\n\n\n<li>El n\u00famero m\u00ednimo de estudiantes que deben matricularse en una asignatura optativa para que sea viable ha de ser 10.<\/li>\n\n\n\n<li>Listado de asignaciones de asignaturas optativas a estudiantes (provisional)<\/li>\n\n\n\n<li>Listado de asignaciones de asignaturas optativas a estudiantes (definitivo)<\/li>\n\n\n\n<li><a href=\"https:\/\/esi.uclm.es\/assets\/uploads\/2025\/07\/Solicitud-reclamacion.docx\">Documento de solicitud de reclamaci\u00f3n gen\u00e9rica<\/a><\/li>\n<\/ul>\n\n\n\n<p>La Subdirecci\u00f3n Acad\u00e9mica es responsable de garantizar la libre elecci\u00f3n de Optativas por parte de los estudiantes y al mismo tiempo garantizar la calidad de la docencia. Por este motivo, la Subdirecci\u00f3n velar\u00e1 por una distribuci\u00f3n de estudiantes en las asignaturas optativas que trate de satisfacer la prioridad de los estudiantes, sujeto al expediente acad\u00e9mico del alumno y a la restricci\u00f3n de mantener un \u00fanico grupo tanto de teor\u00eda como de pr\u00e1ctica para cada optativa, de acuerdo al Plan de Ordenaci\u00f3n Acad\u00e9mica de la UCLM.&nbsp;<\/p>\n","protected":false},"excerpt":{"rendered":"<p>Optatividad en el Grado en Ingenier\u00eda Inform\u00e1tica Optativas El t\u00edtulo de Grado en Ingenier\u00eda Inform\u00e1tica se ha dise\u00f1ado usando el modelo de un \u00fanico grado con&nbsp; varias intensificaciones y un cat\u00e1logo de optativas. Las asignaturas optativas se cursan durante el cuarto curso, en el primero [&hellip;]<\/p>\n","protected":false},"author":1,"featured_media":0,"parent":3996,"menu_order":0,"comment_status":"closed","ping_status":"closed","template":"","meta":{"footnotes":""},"class_list":["post-4026","page","type-page","status-publish","hentry"],"yoast_head":"<!-- This site is optimized with the Yoast SEO plugin v27.5 - https:\/\/yoast.com\/product\/yoast-seo-wordpress\/ -->\n<title>Asignaturas Optativas - Escuela Superior de Inform\u00e1tica de UCLM<\/title>\n<meta name=\"robots\" content=\"index, follow, max-snippet:-1, max-image-preview:large, max-video-preview:-1\" \/>\n<link rel=\"canonical\" href=\"https:\/\/esi.uclm.es\/index.php\/grado-en-ingenieria-informatica\/optativas\/\" \/>\n<meta property=\"og:locale\" content=\"es_ES\" \/>\n<meta property=\"og:type\" content=\"article\" \/>\n<meta property=\"og:title\" content=\"Asignaturas Optativas - Escuela Superior de Inform\u00e1tica de UCLM\" \/>\n<meta property=\"og:description\" content=\"Optatividad en el Grado en Ingenier\u00eda Inform\u00e1tica Optativas El t\u00edtulo de Grado en Ingenier\u00eda Inform\u00e1tica se ha dise\u00f1ado usando el modelo de un \u00fanico grado con&nbsp; varias intensificaciones y un cat\u00e1logo de optativas. Las asignaturas optativas se cursan durante el cuarto curso, en el primero [&hellip;]\" \/>\n<meta property=\"og:url\" content=\"https:\/\/esi.uclm.es\/index.php\/grado-en-ingenieria-informatica\/optativas\/\" \/>\n<meta property=\"og:site_name\" content=\"Escuela Superior de Inform\u00e1tica de UCLM\" \/>\n<meta property=\"article:publisher\" content=\"https:\/\/www.facebook.com\/Escuela-Superior-de-Informtica-543261809027158\" \/>\n<meta property=\"article:modified_time\" content=\"2026-04-13T08:35:01+00:00\" \/>\n<meta property=\"og:image\" content=\"https:\/\/esi.uclm.es\/assets\/uploads\/2022\/05\/Optativas.jpeg\" \/>\n\t<meta property=\"og:image:width\" content=\"1200\" \/>\n\t<meta property=\"og:image:height\" content=\"300\" \/>\n\t<meta property=\"og:image:type\" content=\"image\/jpeg\" \/>\n<meta name=\"twitter:card\" content=\"summary_large_image\" \/>\n<meta name=\"twitter:site\" content=\"@esiuclm\" \/>\n<meta name=\"twitter:label1\" content=\"Tiempo de lectura\" \/>\n\t<meta name=\"twitter:data1\" content=\"3 minutos\" \/>\n<script type=\"application\/ld+json\" class=\"yoast-schema-graph\">{\"@context\":\"https:\\\/\\\/schema.org\",\"@graph\":[{\"@type\":\"WebPage\",\"@id\":\"https:\\\/\\\/esi.uclm.es\\\/index.php\\\/grado-en-ingenieria-informatica\\\/optativas\\\/\",\"url\":\"https:\\\/\\\/esi.uclm.es\\\/index.php\\\/grado-en-ingenieria-informatica\\\/optativas\\\/\",\"name\":\"Asignaturas Optativas - Escuela Superior de Inform\u00e1tica de UCLM\",\"isPartOf\":{\"@id\":\"https:\\\/\\\/esi.uclm.es\\\/#website\"},\"primaryImageOfPage\":{\"@id\":\"https:\\\/\\\/esi.uclm.es\\\/index.php\\\/grado-en-ingenieria-informatica\\\/optativas\\\/#primaryimage\"},\"image\":{\"@id\":\"https:\\\/\\\/esi.uclm.es\\\/index.php\\\/grado-en-ingenieria-informatica\\\/optativas\\\/#primaryimage\"},\"thumbnailUrl\":\"https:\\\/\\\/esi.uclm.es\\\/assets\\\/uploads\\\/2022\\\/05\\\/Optativas-1024x256.jpeg\",\"datePublished\":\"2022-01-27T17:11:56+00:00\",\"dateModified\":\"2026-04-13T08:35:01+00:00\",\"breadcrumb\":{\"@id\":\"https:\\\/\\\/esi.uclm.es\\\/index.php\\\/grado-en-ingenieria-informatica\\\/optativas\\\/#breadcrumb\"},\"inLanguage\":\"es\",\"potentialAction\":[{\"@type\":\"ReadAction\",\"target\":[\"https:\\\/\\\/esi.uclm.es\\\/index.php\\\/grado-en-ingenieria-informatica\\\/optativas\\\/\"]}]},{\"@type\":\"ImageObject\",\"inLanguage\":\"es\",\"@id\":\"https:\\\/\\\/esi.uclm.es\\\/index.php\\\/grado-en-ingenieria-informatica\\\/optativas\\\/#primaryimage\",\"url\":\"https:\\\/\\\/esi.uclm.es\\\/assets\\\/uploads\\\/2022\\\/05\\\/Optativas-1024x256.jpeg\",\"contentUrl\":\"https:\\\/\\\/esi.uclm.es\\\/assets\\\/uploads\\\/2022\\\/05\\\/Optativas-1024x256.jpeg\"},{\"@type\":\"BreadcrumbList\",\"@id\":\"https:\\\/\\\/esi.uclm.es\\\/index.php\\\/grado-en-ingenieria-informatica\\\/optativas\\\/#breadcrumb\",\"itemListElement\":[{\"@type\":\"ListItem\",\"position\":1,\"name\":\"Portada\",\"item\":\"https:\\\/\\\/esi.uclm.es\\\/\"},{\"@type\":\"ListItem\",\"position\":2,\"name\":\"Grado en Ingenier\u00eda Inform\u00e1tica\",\"item\":\"https:\\\/\\\/esi.uclm.es\\\/index.php\\\/grado-en-ingenieria-informatica\\\/\"},{\"@type\":\"ListItem\",\"position\":3,\"name\":\"Asignaturas Optativas\"}]},{\"@type\":\"WebSite\",\"@id\":\"https:\\\/\\\/esi.uclm.es\\\/#website\",\"url\":\"https:\\\/\\\/esi.uclm.es\\\/\",\"name\":\"Escuela Superior de Inform\u00e1tica de UCLM en Ciudad Real, Castilla-La Mancha\",\"description\":\"La Escuela Superior de Inform\u00e1tica de Ciudad Real (Castilla-La Mancha), Universidad de Castilla-La Mancha es un centro universitario que imparte el ciclo completo de Ingenier\u00eda en Inform\u00e1tica: grado, m\u00e1ster y doctorado.\",\"publisher\":{\"@id\":\"https:\\\/\\\/esi.uclm.es\\\/#organization\"},\"potentialAction\":[{\"@type\":\"SearchAction\",\"target\":{\"@type\":\"EntryPoint\",\"urlTemplate\":\"https:\\\/\\\/esi.uclm.es\\\/?s={search_term_string}\"},\"query-input\":{\"@type\":\"PropertyValueSpecification\",\"valueRequired\":true,\"valueName\":\"search_term_string\"}}],\"inLanguage\":\"es\"},{\"@type\":\"Organization\",\"@id\":\"https:\\\/\\\/esi.uclm.es\\\/#organization\",\"name\":\"Escuela Superior de Inform\u00e1tica de UCLM\",\"url\":\"https:\\\/\\\/esi.uclm.es\\\/\",\"logo\":{\"@type\":\"ImageObject\",\"inLanguage\":\"es\",\"@id\":\"https:\\\/\\\/esi.uclm.es\\\/#\\\/schema\\\/logo\\\/image\\\/\",\"url\":\"https:\\\/\\\/esi.uclm.es\\\/assets\\\/uploads\\\/2022\\\/03\\\/LogoESI_cabecera-1.png\",\"contentUrl\":\"https:\\\/\\\/esi.uclm.es\\\/assets\\\/uploads\\\/2022\\\/03\\\/LogoESI_cabecera-1.png\",\"width\":460,\"height\":184,\"caption\":\"Escuela Superior de Inform\u00e1tica de UCLM\"},\"image\":{\"@id\":\"https:\\\/\\\/esi.uclm.es\\\/#\\\/schema\\\/logo\\\/image\\\/\"},\"sameAs\":[\"https:\\\/\\\/www.facebook.com\\\/Escuela-Superior-de-Informtica-543261809027158\",\"https:\\\/\\\/x.com\\\/esiuclm\",\"https:\\\/\\\/www.instagram.com\\\/esiuclm\\\/\",\"https:\\\/\\\/www.youtube.com\\\/user\\\/esiuclm\",\"https:\\\/\\\/www.twitch.tv\\\/esiuclm\",\"https:\\\/\\\/www.linkedin.com\\\/company\\\/12656631\\\/admin\\\/\"]}]}<\/script>\n<!-- \/ Yoast SEO plugin. -->","yoast_head_json":{"title":"Asignaturas Optativas - Escuela Superior de Inform\u00e1tica de UCLM","robots":{"index":"index","follow":"follow","max-snippet":"max-snippet:-1","max-image-preview":"max-image-preview:large","max-video-preview":"max-video-preview:-1"},"canonical":"https:\/\/esi.uclm.es\/index.php\/grado-en-ingenieria-informatica\/optativas\/","og_locale":"es_ES","og_type":"article","og_title":"Asignaturas Optativas - Escuela Superior de Inform\u00e1tica de UCLM","og_description":"Optatividad en el Grado en Ingenier\u00eda Inform\u00e1tica Optativas El t\u00edtulo de Grado en Ingenier\u00eda Inform\u00e1tica se ha dise\u00f1ado usando el modelo de un \u00fanico grado con&nbsp; varias intensificaciones y un cat\u00e1logo de optativas. Las asignaturas optativas se cursan durante el cuarto curso, en el primero [&hellip;]","og_url":"https:\/\/esi.uclm.es\/index.php\/grado-en-ingenieria-informatica\/optativas\/","og_site_name":"Escuela Superior de Inform\u00e1tica de UCLM","article_publisher":"https:\/\/www.facebook.com\/Escuela-Superior-de-Informtica-543261809027158","article_modified_time":"2026-04-13T08:35:01+00:00","og_image":[{"width":1200,"height":300,"url":"https:\/\/esi.uclm.es\/assets\/uploads\/2022\/05\/Optativas.jpeg","type":"image\/jpeg"}],"twitter_card":"summary_large_image","twitter_site":"@esiuclm","twitter_misc":{"Tiempo de lectura":"3 minutos"},"schema":{"@context":"https:\/\/schema.org","@graph":[{"@type":"WebPage","@id":"https:\/\/esi.uclm.es\/index.php\/grado-en-ingenieria-informatica\/optativas\/","url":"https:\/\/esi.uclm.es\/index.php\/grado-en-ingenieria-informatica\/optativas\/","name":"Asignaturas Optativas - Escuela Superior de Inform\u00e1tica de UCLM","isPartOf":{"@id":"https:\/\/esi.uclm.es\/#website"},"primaryImageOfPage":{"@id":"https:\/\/esi.uclm.es\/index.php\/grado-en-ingenieria-informatica\/optativas\/#primaryimage"},"image":{"@id":"https:\/\/esi.uclm.es\/index.php\/grado-en-ingenieria-informatica\/optativas\/#primaryimage"},"thumbnailUrl":"https:\/\/esi.uclm.es\/assets\/uploads\/2022\/05\/Optativas-1024x256.jpeg","datePublished":"2022-01-27T17:11:56+00:00","dateModified":"2026-04-13T08:35:01+00:00","breadcrumb":{"@id":"https:\/\/esi.uclm.es\/index.php\/grado-en-ingenieria-informatica\/optativas\/#breadcrumb"},"inLanguage":"es","potentialAction":[{"@type":"ReadAction","target":["https:\/\/esi.uclm.es\/index.php\/grado-en-ingenieria-informatica\/optativas\/"]}]},{"@type":"ImageObject","inLanguage":"es","@id":"https:\/\/esi.uclm.es\/index.php\/grado-en-ingenieria-informatica\/optativas\/#primaryimage","url":"https:\/\/esi.uclm.es\/assets\/uploads\/2022\/05\/Optativas-1024x256.jpeg","contentUrl":"https:\/\/esi.uclm.es\/assets\/uploads\/2022\/05\/Optativas-1024x256.jpeg"},{"@type":"BreadcrumbList","@id":"https:\/\/esi.uclm.es\/index.php\/grado-en-ingenieria-informatica\/optativas\/#breadcrumb","itemListElement":[{"@type":"ListItem","position":1,"name":"Portada","item":"https:\/\/esi.uclm.es\/"},{"@type":"ListItem","position":2,"name":"Grado en Ingenier\u00eda Inform\u00e1tica","item":"https:\/\/esi.uclm.es\/index.php\/grado-en-ingenieria-informatica\/"},{"@type":"ListItem","position":3,"name":"Asignaturas Optativas"}]},{"@type":"WebSite","@id":"https:\/\/esi.uclm.es\/#website","url":"https:\/\/esi.uclm.es\/","name":"Escuela Superior de Inform\u00e1tica de UCLM en Ciudad Real, Castilla-La Mancha","description":"La Escuela Superior de Inform\u00e1tica de Ciudad Real (Castilla-La Mancha), Universidad de Castilla-La Mancha es un centro universitario que imparte el ciclo completo de Ingenier\u00eda en Inform\u00e1tica: grado, m\u00e1ster y doctorado.","publisher":{"@id":"https:\/\/esi.uclm.es\/#organization"},"potentialAction":[{"@type":"SearchAction","target":{"@type":"EntryPoint","urlTemplate":"https:\/\/esi.uclm.es\/?s={search_term_string}"},"query-input":{"@type":"PropertyValueSpecification","valueRequired":true,"valueName":"search_term_string"}}],"inLanguage":"es"},{"@type":"Organization","@id":"https:\/\/esi.uclm.es\/#organization","name":"Escuela Superior de Inform\u00e1tica de UCLM","url":"https:\/\/esi.uclm.es\/","logo":{"@type":"ImageObject","inLanguage":"es","@id":"https:\/\/esi.uclm.es\/#\/schema\/logo\/image\/","url":"https:\/\/esi.uclm.es\/assets\/uploads\/2022\/03\/LogoESI_cabecera-1.png","contentUrl":"https:\/\/esi.uclm.es\/assets\/uploads\/2022\/03\/LogoESI_cabecera-1.png","width":460,"height":184,"caption":"Escuela Superior de Inform\u00e1tica de UCLM"},"image":{"@id":"https:\/\/esi.uclm.es\/#\/schema\/logo\/image\/"},"sameAs":["https:\/\/www.facebook.com\/Escuela-Superior-de-Informtica-543261809027158","https:\/\/x.com\/esiuclm","https:\/\/www.instagram.com\/esiuclm\/","https:\/\/www.youtube.com\/user\/esiuclm","https:\/\/www.twitch.tv\/esiuclm","https:\/\/www.linkedin.com\/company\/12656631\/admin\/"]}]}},"_links":{"self":[{"href":"https:\/\/esi.uclm.es\/index.php\/wp-json\/wp\/v2\/pages\/4026","targetHints":{"allow":["GET"]}}],"collection":[{"href":"https:\/\/esi.uclm.es\/index.php\/wp-json\/wp\/v2\/pages"}],"about":[{"href":"https:\/\/esi.uclm.es\/index.php\/wp-json\/wp\/v2\/types\/page"}],"author":[{"embeddable":true,"href":"https:\/\/esi.uclm.es\/index.php\/wp-json\/wp\/v2\/users\/1"}],"replies":[{"embeddable":true,"href":"https:\/\/esi.uclm.es\/index.php\/wp-json\/wp\/v2\/comments?post=4026"}],"version-history":[{"count":54,"href":"https:\/\/esi.uclm.es\/index.php\/wp-json\/wp\/v2\/pages\/4026\/revisions"}],"predecessor-version":[{"id":22975,"href":"https:\/\/esi.uclm.es\/index.php\/wp-json\/wp\/v2\/pages\/4026\/revisions\/22975"}],"up":[{"embeddable":true,"href":"https:\/\/esi.uclm.es\/index.php\/wp-json\/wp\/v2\/pages\/3996"}],"wp:attachment":[{"href":"https:\/\/esi.uclm.es\/index.php\/wp-json\/wp\/v2\/media?parent=4026"}],"curies":[{"name":"wp","href":"https:\/\/api.w.org\/{rel}","templated":true}]}}