{"id":4024,"date":"2022-01-27T17:11:13","date_gmt":"2022-01-27T17:11:13","guid":{"rendered":"http:\/\/esiaz24.uclm.es\/?page_id=4024"},"modified":"2026-04-07T15:16:43","modified_gmt":"2026-04-07T15:16:43","slug":"horarios-y-examenes","status":"publish","type":"page","link":"https:\/\/esi.uclm.es\/index.php\/grado-en-ingenieria-informatica\/horarios-y-examenes\/","title":{"rendered":"Horarios y Ex\u00e1menes Grado"},"content":{"rendered":"\n<p>&nbsp;<\/p>\n\n\n\n<figure class=\"wp-block-image size-large\"><img loading=\"lazy\" decoding=\"async\" width=\"1024\" height=\"256\" src=\"https:\/\/esi.uclm.es\/assets\/uploads\/2022\/05\/horarios_r-1024x256.webp\" alt=\"Imagen de calendario y reloj\" class=\"wp-image-10464\" srcset=\"https:\/\/esi.uclm.es\/assets\/uploads\/2022\/05\/horarios_r-1024x256.webp 1024w, https:\/\/esi.uclm.es\/assets\/uploads\/2022\/05\/horarios_r-300x75.webp 300w, https:\/\/esi.uclm.es\/assets\/uploads\/2022\/05\/horarios_r-768x192.webp 768w, https:\/\/esi.uclm.es\/assets\/uploads\/2022\/05\/horarios_r-600x150.webp 600w, https:\/\/esi.uclm.es\/assets\/uploads\/2022\/05\/horarios_r.webp 1200w\" sizes=\"auto, (max-width: 1024px) 100vw, 1024px\" \/><\/figure>\n\n\n\n<div class=\"vc_row wpb_row vc_row-fluid mkd-section mkd-content-aligment-left\" style=\"\"><div class=\"clearfix mkd-full-section-inner\"><\/div><\/div><div class=\"wpb_column vc_column_container vc_col-sm-12\"><div class=\"vc_column-inner\"><div class=\"wpb_wrapper\"><\/div><\/div><\/div>\n\t<div class=\"wpb_text_column wpb_content_element \" >\n\t\t<div class=\"wpb_wrapper\">\n\t\t\t\n\t\t<\/div>\n\t<\/div>\n\n\n\n\n<h3 class=\"wp-block-heading\">Horarios<\/h3>\n\n\n\n<hr class=\"wp-block-separator has-text-color has-vivid-cyan-blue-color has-css-opacity has-vivid-cyan-blue-background-color has-background\"\/>\n\n\n\n<pre class=\"wp-block-verse has-small-font-size\"><strong>DISTRIBUCI\u00d3N GRUPOS DE CLASE CURSO ACAD\u00c9MICO 2025-26<\/strong><br><br><strong>1er Curso HORARIO MA\u00d1ANA<\/strong>: Hay cuatro grupos para cada asignatura. Marcar <strong>TODAS<\/strong> las asignaturas en el mismo grupo seg\u00fan corresponda: <br><strong>G20:<\/strong> Grupo A \u2013 \u00danicamente estudiantes del Grado Biling\u00fce. <br><strong>G21:<\/strong> Grupo B \u2013 Estudiantes no biling\u00fce, primera letra del primer apellido entre la letra A y la F. <br><strong>G22:<\/strong> Grupo C \u2013 Estudiantes no biling\u00fce, primera letra del primer apellido entre la letra G y la M. <br><strong>G23:<\/strong> Grupo D \u2013 Estudiantes no biling\u00fce, primera letra del primer apellido entre la letra N y la Z. <br><br><strong>2\u00ba Curso HORARIO DE MA\u00d1ANA<\/strong>: Hay tres grupos para cada asignatura. A excepci\u00f3n de las asignaturas 42311, 42313 y 42319 que tienen cuatro grupos.<br><br>Para las asignaturas de 3 grupos, marcar las asignaturas en el mismo grupo seg\u00fan corresponda: <br><strong>G20:<\/strong> Grupo A \u2013 <strong>\u00danicamente estudiantes del Grado Biling\u00fce.<\/strong><br><strong>G21:<\/strong> Grupo B \u2013 Estudiantes no biling\u00fce, primera letra del primer apellido entre la letra A y la J. <br><strong>G22:<\/strong> Grupo C \u2013 Estudiantes no biling\u00fce, primera letra del primer apellido entre la K y la Z. <br><br>Para las asignaturas de 4 grupos, marcar las asignaturas en el mismo grupo seg\u00fan corresponda: <br><strong>G20:<\/strong> Grupo A \u2013 <strong>\u00danicamente estudiantes del Grado Biling\u00fce.<\/strong> <br><strong>G21:<\/strong> Grupo B \u2013 Estudiantes no biling\u00fce, primera letra del primer apellido entre la letra A y la F. <br><strong>G22:<\/strong> Grupo C \u2013 Estudiantes no biling\u00fce, primera letra del primer apellido entre la G y la M. <br><strong>G23:<\/strong> Grupo D \u2013 Estudiantes no biling\u00fce, primera letra del primer apellido entre la N y la Z.<br><br><strong>3\u00ba Curso HORARIO DE MA\u00d1ANA<\/strong>: Hay tres grupos para cada asignatura<sup>1<\/sup>. <br>Marcar TODAS las asignaturas en el mismo grupo seg\u00fan corresponda: <br><strong>G20:<\/strong> Grupo A - <strong>\u00danicamente estudiantes del Grado Biling\u00fce. <\/strong><br><strong>G21:<\/strong> Grupo B - Estudiantes no biling\u00fce, primera letra del primer apellido entre la letra A y la G. <br><strong>G22:<\/strong> Grupo C- Estudiantes no biling\u00fce, primera letra del primer apellido entre la letra H y la Z. <br><br><sub><sup>1<\/sup><\/sub><strong>ATENCI\u00d3N: Para la asignatura Aspectos Profesionales de la Inform\u00e1tica, hay dos grupos: <br>G20: Grupo A - Estudiantes matriculados en la Intensificaci\u00f3n de Computaci\u00f3n o Ingenier\u00eda de Software <br>G21: Grupo B - Estudiantes matriculados en la Intensificaci\u00f3n de Ingenier\u00eda Computadores o Tecnolog\u00edas de la Informaci\u00f3n. <\/strong><br><br><strong>4\u00ba Curso HORARIO DE TARDE:<\/strong> A excepci\u00f3n de las asignaturas Optativas que tendr\u00e1n horario de MA\u00d1ANA. <br><br>Para las asignaturas de Intensificaci\u00f3n y Optativas, solo hay un grupo de actividad, el grupo 20<br><br><a href=\"https:\/\/esi.uclm.es\/assets\/uploads\/2025\/09\/Distribucion-grupos-por-apellidos-25-26.pdf\">Descargar distribuci\u00f3n de grupos por apellidos 2025-2026<\/a><br><br><\/pre>\n\n\n\n<div class=\"wp-block-file\"><a id=\"wp-block-file--media-82de6e16-810d-4e31-88d0-2b6b951ba224\" href=\"https:\/\/esi.uclm.es\/assets\/uploads\/2025\/10\/ESI2025-26-GRADO_1C_Grupos_v2.4.pdf\">Horarios del Primer Cuatrimestre en el Curso 2025-2026 (Actualizado 9-10-2025)<\/a><a href=\"https:\/\/esi.uclm.es\/assets\/uploads\/2025\/10\/ESI2025-26-GRADO_1C_Grupos_v2.4.pdf\" class=\"wp-block-file__button wp-element-button\" download aria-describedby=\"wp-block-file--media-82de6e16-810d-4e31-88d0-2b6b951ba224\">Descarga<\/a><\/div>\n\n\n\n<div class=\"wp-block-file\"><a id=\"wp-block-file--media-fed0d1f7-a399-4178-bfe7-810db34358e1\" href=\"https:\/\/esi.uclm.es\/assets\/uploads\/2026\/03\/ESI2025-26-GRADO_2C_Grupos_v2.8.pdf\">Horarios del Segundo Cuatrimestre en el Curso 2025-2026 (Actualizado 12-03-2026)<\/a><a href=\"https:\/\/esi.uclm.es\/assets\/uploads\/2026\/03\/ESI2025-26-GRADO_2C_Grupos_v2.8.pdf\" class=\"wp-block-file__button wp-element-button\" download aria-describedby=\"wp-block-file--media-fed0d1f7-a399-4178-bfe7-810db34358e1\">Descarga<\/a><\/div>\n\n\n\n<h3 class=\"wp-block-heading\" id=\"examenes-ordinarios\">Ex\u00e1menes Ordinarios<\/h3>\n\n\n\n<hr class=\"wp-block-separator has-text-color has-vivid-cyan-blue-color has-css-opacity has-vivid-cyan-blue-background-color has-background\"\/>\n\n\n\n<div class=\"wp-block-file\"><a id=\"wp-block-file--media-065c7e75-5012-464a-b56a-10bd9ef528e9\" href=\"https:\/\/esi.uclm.es\/assets\/uploads\/2025\/07\/Examenes-GradoII-Ord-1C_2025-2026-2.pdf\">Ex\u00e1menes Ordinarios del Primer Cuatrimestre en el Curso 2025-2026<\/a><a href=\"https:\/\/esi.uclm.es\/assets\/uploads\/2025\/07\/Examenes-GradoII-Ord-1C_2025-2026-2.pdf\" class=\"wp-block-file__button wp-element-button\" download aria-describedby=\"wp-block-file--media-065c7e75-5012-464a-b56a-10bd9ef528e9\">Descarga<\/a><\/div>\n\n\n\n<div class=\"wp-block-file\"><a id=\"wp-block-file--media-512261fd-ef93-460d-8245-6c88e7aff1a7\" href=\"https:\/\/esi.uclm.es\/assets\/uploads\/2026\/04\/Examenes-GradoII-Ord-2C_2025_2026_v2.pdf\">Ex\u00e1menes Ordinarios del Segundo Cuatrimestre en el Curso 2025-2026 (Actualizado 7-04-2026)<\/a><a href=\"https:\/\/esi.uclm.es\/assets\/uploads\/2026\/04\/Examenes-GradoII-Ord-2C_2025_2026_v2.pdf\" class=\"wp-block-file__button wp-element-button\" download aria-describedby=\"wp-block-file--media-512261fd-ef93-460d-8245-6c88e7aff1a7\">Descarga<\/a><\/div>\n\n\n\n<h3 class=\"wp-block-heading\">Ex\u00e1menes Extraordinarios<\/h3>\n\n\n\n<hr class=\"wp-block-separator has-text-color has-vivid-cyan-blue-color has-alpha-channel-opacity has-vivid-cyan-blue-background-color has-background\"\/>\n\n\n\n<div class=\"wp-block-file\"><a id=\"wp-block-file--media-d75ac98a-e6a5-4f05-8750-1700258bac4f\" href=\"https:\/\/esi.uclm.es\/assets\/uploads\/2025\/07\/Examenes-GradoII-Extra-1C_2025-2026.pdf\">Ex\u00e1menes Extraordinarios del Primer Cuatrimestre en el Curso 2025-2026<\/a><a href=\"https:\/\/esi.uclm.es\/assets\/uploads\/2025\/07\/Examenes-GradoII-Extra-1C_2025-2026.pdf\" class=\"wp-block-file__button wp-element-button\" download aria-describedby=\"wp-block-file--media-d75ac98a-e6a5-4f05-8750-1700258bac4f\">Descarga<\/a><\/div>\n\n\n\n<div class=\"wp-block-file\"><a id=\"wp-block-file--media-01597754-e63d-41b9-a3a1-113b7886614b\" href=\"https:\/\/esi.uclm.es\/assets\/uploads\/2025\/12\/Examenes-GradoII-Extra-2C_2025_2026_v2.pdf\">Ex\u00e1menes Extraordinarios del Segundo Cuatrimestre en el Curso 2025-2026 (Actualizado 4-12-2025)<\/a><a href=\"https:\/\/esi.uclm.es\/assets\/uploads\/2025\/12\/Examenes-GradoII-Extra-2C_2025_2026_v2.pdf\" class=\"wp-block-file__button wp-element-button\" download aria-describedby=\"wp-block-file--media-01597754-e63d-41b9-a3a1-113b7886614b\">Descarga<\/a><\/div>\n\n\n\n<h3 class=\"wp-block-heading\">Ex\u00e1menes Parciales<\/h3>\n\n\n\n<hr class=\"wp-block-separator has-text-color has-vivid-cyan-blue-color has-alpha-channel-opacity has-vivid-cyan-blue-background-color has-background\"\/>\n\n\n\n<div class=\"wp-block-file\"><a id=\"wp-block-file--media-0e9ab541-a3bc-4e7e-8e67-19e278007bbb\" href=\"https:\/\/esi.uclm.es\/assets\/uploads\/2025\/09\/Parciales-1C-2025-2026.pdf\">Ex\u00e1menes Parciales del Primer Cuatrimestre en el Curso 2025-2026<\/a><a href=\"https:\/\/esi.uclm.es\/assets\/uploads\/2025\/09\/Parciales-1C-2025-2026.pdf\" class=\"wp-block-file__button wp-element-button\" download aria-describedby=\"wp-block-file--media-0e9ab541-a3bc-4e7e-8e67-19e278007bbb\">Descarga<\/a><\/div>\n\n\n\n<div class=\"wp-block-file\"><a id=\"wp-block-file--media-db967e1c-9d20-4b39-9732-a5754969d655\" href=\"https:\/\/esi.uclm.es\/assets\/uploads\/2026\/02\/Parciales-2C-2025-2026.pdf\">Ex\u00e1menes Parciales del Segundo Cuatrimestre en el Curso 2025-2026<\/a><a href=\"https:\/\/esi.uclm.es\/assets\/uploads\/2026\/02\/Parciales-2C-2025-2026.pdf\" class=\"wp-block-file__button wp-element-button\" download aria-describedby=\"wp-block-file--media-db967e1c-9d20-4b39-9732-a5754969d655\">Descarga<\/a><\/div>\n\n\n\n<h3 class=\"wp-block-heading\">Convocatoria Especial de Finalizaci\u00f3n<\/h3>\n\n\n\n<hr class=\"wp-block-separator has-text-color has-vivid-cyan-blue-color has-alpha-channel-opacity has-vivid-cyan-blue-background-color has-background\"\/>\n\n\n\n<div class=\"wp-block-file\"><a id=\"wp-block-file--media-50ddea29-f157-48fd-81c5-a12f774aa3a3\" href=\"https:\/\/esi.uclm.es\/assets\/uploads\/2025\/10\/EspecialFinalizacion-2025-2026.pdf\">Convocatoria Especial de Finalizaci\u00f3n en el Curso 2025-2026<\/a><a href=\"https:\/\/esi.uclm.es\/assets\/uploads\/2025\/10\/EspecialFinalizacion-2025-2026.pdf\" class=\"wp-block-file__button wp-element-button\" download aria-describedby=\"wp-block-file--media-50ddea29-f157-48fd-81c5-a12f774aa3a3\">Descarga<\/a><\/div>\n\n\n\n<p>&nbsp;<\/p>\n\n\n\n<p>&nbsp;<\/p>\n\n\n\n<p>&nbsp;<\/p>\n\n\n\n<p>&nbsp;<\/p>\n\n\n\n<h3 class=\"wp-block-heading\"><strong>Actualidad en la ESI<\/strong><\/h3>\n\n\n<ul class=\"wp-block-latest-posts__list wp-block-latest-posts\"><li><a class=\"wp-block-latest-posts__post-title\" href=\"https:\/\/esi.uclm.es\/index.php\/2026\/04\/17\/estudiantes-de-la-esi-ganadores-del-i-dedalus-datathon-castilla-la-mancha\/\">Estudiantes de la ESI Ganadores del I Dedalus Datathon Castilla-La Mancha<\/a><\/li>\n<li><a class=\"wp-block-latest-posts__post-title\" href=\"https:\/\/esi.uclm.es\/index.php\/2026\/04\/17\/curso-y-competicion-de-minecraft-educativo-para-preuniversitarios-2026\/\">Curso y Competici\u00f3n de Minecraft Educativo para estudiantes de IES<\/a><\/li>\n<li><a class=\"wp-block-latest-posts__post-title\" href=\"https:\/\/esi.uclm.es\/index.php\/2026\/04\/17\/convocatoria-becas-de-colaboracion-esi\/\">Convocatoria Becas de Colaboraci\u00f3n ESI<\/a><\/li>\n<li><a class=\"wp-block-latest-posts__post-title\" href=\"https:\/\/esi.uclm.es\/index.php\/2026\/04\/15\/17-abril-finales-e-sports-intercampus-en-la-esi\/\">17 abril &#8211; Finales e-sports intercampus en la ESI<\/a><\/li>\n<li><a class=\"wp-block-latest-posts__post-title\" href=\"https:\/\/esi.uclm.es\/index.php\/2026\/04\/15\/javier-garzas-impartira-el-curso-ingenieria-del-software-aumentada-con-ia-en-la-esi\/\">Javier Garzas impartir\u00e1 el curso \u00abIngenier\u00eda del Software aumentada con IA\u00bb en la ESI<\/a><\/li>\n<\/ul>","protected":false},"excerpt":{"rendered":"<p>&nbsp; Horarios DISTRIBUCI\u00d3N GRUPOS DE CLASE CURSO ACAD\u00c9MICO 2025-261er Curso HORARIO MA\u00d1ANA: Hay cuatro grupos para cada asignatura. Marcar TODAS las asignaturas en el mismo grupo seg\u00fan corresponda: G20: Grupo A \u2013 \u00danicamente estudiantes del Grado Biling\u00fce. G21: Grupo B \u2013 Estudiantes no biling\u00fce, primera [&hellip;]<\/p>\n","protected":false},"author":1,"featured_media":0,"parent":3996,"menu_order":0,"comment_status":"closed","ping_status":"closed","template":"","meta":{"footnotes":""},"class_list":["post-4024","page","type-page","status-publish","hentry"],"yoast_head":"<!-- This site is optimized with the Yoast SEO plugin v27.4 - https:\/\/yoast.com\/product\/yoast-seo-wordpress\/ -->\n<title>Horarios y Ex\u00e1menes Grado - Escuela Superior de Inform\u00e1tica de UCLM<\/title>\n<meta name=\"description\" content=\"Horarios y Ex\u00e1menes del Grado en Ingenier\u00eda Inform\u00e1tica en ESI UCLM\" \/>\n<meta name=\"robots\" content=\"index, follow, max-snippet:-1, max-image-preview:large, max-video-preview:-1\" \/>\n<link rel=\"canonical\" href=\"https:\/\/esi.uclm.es\/index.php\/grado-en-ingenieria-informatica\/horarios-y-examenes\/\" \/>\n<meta property=\"og:locale\" content=\"es_ES\" \/>\n<meta property=\"og:type\" content=\"article\" \/>\n<meta property=\"og:title\" content=\"Horarios y Ex\u00e1menes Grado - Escuela Superior de Inform\u00e1tica de UCLM\" \/>\n<meta property=\"og:description\" content=\"Horarios y Ex\u00e1menes del Grado en Ingenier\u00eda Inform\u00e1tica en ESI UCLM\" \/>\n<meta property=\"og:url\" content=\"https:\/\/esi.uclm.es\/index.php\/grado-en-ingenieria-informatica\/horarios-y-examenes\/\" \/>\n<meta property=\"og:site_name\" content=\"Escuela Superior de Inform\u00e1tica de UCLM\" \/>\n<meta property=\"article:publisher\" content=\"https:\/\/www.facebook.com\/Escuela-Superior-de-Informtica-543261809027158\" \/>\n<meta property=\"article:modified_time\" content=\"2026-04-07T15:16:43+00:00\" \/>\n<meta property=\"og:image\" content=\"https:\/\/esi.uclm.es\/assets\/uploads\/2022\/05\/horarios_r.webp\" \/>\n\t<meta property=\"og:image:width\" content=\"1200\" \/>\n\t<meta property=\"og:image:height\" content=\"300\" \/>\n\t<meta property=\"og:image:type\" content=\"image\/webp\" \/>\n<meta name=\"twitter:card\" content=\"summary_large_image\" \/>\n<meta name=\"twitter:site\" content=\"@esiuclm\" \/>\n<meta name=\"twitter:label1\" content=\"Tiempo de lectura\" \/>\n\t<meta name=\"twitter:data1\" content=\"1 minuto\" \/>\n<script type=\"application\/ld+json\" class=\"yoast-schema-graph\">{\"@context\":\"https:\\\/\\\/schema.org\",\"@graph\":[{\"@type\":\"WebPage\",\"@id\":\"https:\\\/\\\/esi.uclm.es\\\/index.php\\\/grado-en-ingenieria-informatica\\\/horarios-y-examenes\\\/\",\"url\":\"https:\\\/\\\/esi.uclm.es\\\/index.php\\\/grado-en-ingenieria-informatica\\\/horarios-y-examenes\\\/\",\"name\":\"Horarios y Ex\u00e1menes Grado - Escuela Superior de Inform\u00e1tica de UCLM\",\"isPartOf\":{\"@id\":\"https:\\\/\\\/esi.uclm.es\\\/#website\"},\"primaryImageOfPage\":{\"@id\":\"https:\\\/\\\/esi.uclm.es\\\/index.php\\\/grado-en-ingenieria-informatica\\\/horarios-y-examenes\\\/#primaryimage\"},\"image\":{\"@id\":\"https:\\\/\\\/esi.uclm.es\\\/index.php\\\/grado-en-ingenieria-informatica\\\/horarios-y-examenes\\\/#primaryimage\"},\"thumbnailUrl\":\"https:\\\/\\\/esi.uclm.es\\\/assets\\\/uploads\\\/2022\\\/05\\\/horarios_r-1024x256.webp\",\"datePublished\":\"2022-01-27T17:11:13+00:00\",\"dateModified\":\"2026-04-07T15:16:43+00:00\",\"description\":\"Horarios y Ex\u00e1menes del Grado en Ingenier\u00eda Inform\u00e1tica en ESI UCLM\",\"breadcrumb\":{\"@id\":\"https:\\\/\\\/esi.uclm.es\\\/index.php\\\/grado-en-ingenieria-informatica\\\/horarios-y-examenes\\\/#breadcrumb\"},\"inLanguage\":\"es\",\"potentialAction\":[{\"@type\":\"ReadAction\",\"target\":[\"https:\\\/\\\/esi.uclm.es\\\/index.php\\\/grado-en-ingenieria-informatica\\\/horarios-y-examenes\\\/\"]}]},{\"@type\":\"ImageObject\",\"inLanguage\":\"es\",\"@id\":\"https:\\\/\\\/esi.uclm.es\\\/index.php\\\/grado-en-ingenieria-informatica\\\/horarios-y-examenes\\\/#primaryimage\",\"url\":\"https:\\\/\\\/esi.uclm.es\\\/assets\\\/uploads\\\/2022\\\/05\\\/horarios_r-1024x256.webp\",\"contentUrl\":\"https:\\\/\\\/esi.uclm.es\\\/assets\\\/uploads\\\/2022\\\/05\\\/horarios_r-1024x256.webp\"},{\"@type\":\"BreadcrumbList\",\"@id\":\"https:\\\/\\\/esi.uclm.es\\\/index.php\\\/grado-en-ingenieria-informatica\\\/horarios-y-examenes\\\/#breadcrumb\",\"itemListElement\":[{\"@type\":\"ListItem\",\"position\":1,\"name\":\"Portada\",\"item\":\"https:\\\/\\\/esi.uclm.es\\\/\"},{\"@type\":\"ListItem\",\"position\":2,\"name\":\"Grado en Ingenier\u00eda Inform\u00e1tica\",\"item\":\"https:\\\/\\\/esi.uclm.es\\\/index.php\\\/grado-en-ingenieria-informatica\\\/\"},{\"@type\":\"ListItem\",\"position\":3,\"name\":\"Horarios y Ex\u00e1menes Grado\"}]},{\"@type\":\"WebSite\",\"@id\":\"https:\\\/\\\/esi.uclm.es\\\/#website\",\"url\":\"https:\\\/\\\/esi.uclm.es\\\/\",\"name\":\"Escuela Superior de Inform\u00e1tica de UCLM en Ciudad Real, Castilla-La Mancha\",\"description\":\"La Escuela Superior de Inform\u00e1tica de Ciudad Real (Castilla-La Mancha), Universidad de Castilla-La Mancha es un centro universitario que imparte el ciclo completo de Ingenier\u00eda en Inform\u00e1tica: grado, m\u00e1ster y doctorado.\",\"publisher\":{\"@id\":\"https:\\\/\\\/esi.uclm.es\\\/#organization\"},\"potentialAction\":[{\"@type\":\"SearchAction\",\"target\":{\"@type\":\"EntryPoint\",\"urlTemplate\":\"https:\\\/\\\/esi.uclm.es\\\/?s={search_term_string}\"},\"query-input\":{\"@type\":\"PropertyValueSpecification\",\"valueRequired\":true,\"valueName\":\"search_term_string\"}}],\"inLanguage\":\"es\"},{\"@type\":\"Organization\",\"@id\":\"https:\\\/\\\/esi.uclm.es\\\/#organization\",\"name\":\"Escuela Superior de Inform\u00e1tica de UCLM\",\"url\":\"https:\\\/\\\/esi.uclm.es\\\/\",\"logo\":{\"@type\":\"ImageObject\",\"inLanguage\":\"es\",\"@id\":\"https:\\\/\\\/esi.uclm.es\\\/#\\\/schema\\\/logo\\\/image\\\/\",\"url\":\"https:\\\/\\\/esi.uclm.es\\\/assets\\\/uploads\\\/2022\\\/03\\\/LogoESI_cabecera-1.png\",\"contentUrl\":\"https:\\\/\\\/esi.uclm.es\\\/assets\\\/uploads\\\/2022\\\/03\\\/LogoESI_cabecera-1.png\",\"width\":460,\"height\":184,\"caption\":\"Escuela Superior de Inform\u00e1tica de UCLM\"},\"image\":{\"@id\":\"https:\\\/\\\/esi.uclm.es\\\/#\\\/schema\\\/logo\\\/image\\\/\"},\"sameAs\":[\"https:\\\/\\\/www.facebook.com\\\/Escuela-Superior-de-Informtica-543261809027158\",\"https:\\\/\\\/x.com\\\/esiuclm\",\"https:\\\/\\\/www.instagram.com\\\/esiuclm\\\/\",\"https:\\\/\\\/www.youtube.com\\\/user\\\/esiuclm\",\"https:\\\/\\\/www.twitch.tv\\\/esiuclm\",\"https:\\\/\\\/www.linkedin.com\\\/company\\\/12656631\\\/admin\\\/\"]}]}<\/script>\n<!-- \/ Yoast SEO plugin. -->","yoast_head_json":{"title":"Horarios y Ex\u00e1menes Grado - Escuela Superior de Inform\u00e1tica de UCLM","description":"Horarios y Ex\u00e1menes del Grado en Ingenier\u00eda Inform\u00e1tica en ESI UCLM","robots":{"index":"index","follow":"follow","max-snippet":"max-snippet:-1","max-image-preview":"max-image-preview:large","max-video-preview":"max-video-preview:-1"},"canonical":"https:\/\/esi.uclm.es\/index.php\/grado-en-ingenieria-informatica\/horarios-y-examenes\/","og_locale":"es_ES","og_type":"article","og_title":"Horarios y Ex\u00e1menes Grado - Escuela Superior de Inform\u00e1tica de UCLM","og_description":"Horarios y Ex\u00e1menes del Grado en Ingenier\u00eda Inform\u00e1tica en ESI UCLM","og_url":"https:\/\/esi.uclm.es\/index.php\/grado-en-ingenieria-informatica\/horarios-y-examenes\/","og_site_name":"Escuela Superior de Inform\u00e1tica de UCLM","article_publisher":"https:\/\/www.facebook.com\/Escuela-Superior-de-Informtica-543261809027158","article_modified_time":"2026-04-07T15:16:43+00:00","og_image":[{"width":1200,"height":300,"url":"https:\/\/esi.uclm.es\/assets\/uploads\/2022\/05\/horarios_r.webp","type":"image\/webp"}],"twitter_card":"summary_large_image","twitter_site":"@esiuclm","twitter_misc":{"Tiempo de lectura":"1 minuto"},"schema":{"@context":"https:\/\/schema.org","@graph":[{"@type":"WebPage","@id":"https:\/\/esi.uclm.es\/index.php\/grado-en-ingenieria-informatica\/horarios-y-examenes\/","url":"https:\/\/esi.uclm.es\/index.php\/grado-en-ingenieria-informatica\/horarios-y-examenes\/","name":"Horarios y Ex\u00e1menes Grado - Escuela Superior de Inform\u00e1tica de UCLM","isPartOf":{"@id":"https:\/\/esi.uclm.es\/#website"},"primaryImageOfPage":{"@id":"https:\/\/esi.uclm.es\/index.php\/grado-en-ingenieria-informatica\/horarios-y-examenes\/#primaryimage"},"image":{"@id":"https:\/\/esi.uclm.es\/index.php\/grado-en-ingenieria-informatica\/horarios-y-examenes\/#primaryimage"},"thumbnailUrl":"https:\/\/esi.uclm.es\/assets\/uploads\/2022\/05\/horarios_r-1024x256.webp","datePublished":"2022-01-27T17:11:13+00:00","dateModified":"2026-04-07T15:16:43+00:00","description":"Horarios y Ex\u00e1menes del Grado en Ingenier\u00eda Inform\u00e1tica en ESI UCLM","breadcrumb":{"@id":"https:\/\/esi.uclm.es\/index.php\/grado-en-ingenieria-informatica\/horarios-y-examenes\/#breadcrumb"},"inLanguage":"es","potentialAction":[{"@type":"ReadAction","target":["https:\/\/esi.uclm.es\/index.php\/grado-en-ingenieria-informatica\/horarios-y-examenes\/"]}]},{"@type":"ImageObject","inLanguage":"es","@id":"https:\/\/esi.uclm.es\/index.php\/grado-en-ingenieria-informatica\/horarios-y-examenes\/#primaryimage","url":"https:\/\/esi.uclm.es\/assets\/uploads\/2022\/05\/horarios_r-1024x256.webp","contentUrl":"https:\/\/esi.uclm.es\/assets\/uploads\/2022\/05\/horarios_r-1024x256.webp"},{"@type":"BreadcrumbList","@id":"https:\/\/esi.uclm.es\/index.php\/grado-en-ingenieria-informatica\/horarios-y-examenes\/#breadcrumb","itemListElement":[{"@type":"ListItem","position":1,"name":"Portada","item":"https:\/\/esi.uclm.es\/"},{"@type":"ListItem","position":2,"name":"Grado en Ingenier\u00eda Inform\u00e1tica","item":"https:\/\/esi.uclm.es\/index.php\/grado-en-ingenieria-informatica\/"},{"@type":"ListItem","position":3,"name":"Horarios y Ex\u00e1menes Grado"}]},{"@type":"WebSite","@id":"https:\/\/esi.uclm.es\/#website","url":"https:\/\/esi.uclm.es\/","name":"Escuela Superior de Inform\u00e1tica de UCLM en Ciudad Real, Castilla-La Mancha","description":"La Escuela Superior de Inform\u00e1tica de Ciudad Real (Castilla-La Mancha), Universidad de Castilla-La Mancha es un centro universitario que imparte el ciclo completo de Ingenier\u00eda en Inform\u00e1tica: grado, m\u00e1ster y doctorado.","publisher":{"@id":"https:\/\/esi.uclm.es\/#organization"},"potentialAction":[{"@type":"SearchAction","target":{"@type":"EntryPoint","urlTemplate":"https:\/\/esi.uclm.es\/?s={search_term_string}"},"query-input":{"@type":"PropertyValueSpecification","valueRequired":true,"valueName":"search_term_string"}}],"inLanguage":"es"},{"@type":"Organization","@id":"https:\/\/esi.uclm.es\/#organization","name":"Escuela Superior de Inform\u00e1tica de UCLM","url":"https:\/\/esi.uclm.es\/","logo":{"@type":"ImageObject","inLanguage":"es","@id":"https:\/\/esi.uclm.es\/#\/schema\/logo\/image\/","url":"https:\/\/esi.uclm.es\/assets\/uploads\/2022\/03\/LogoESI_cabecera-1.png","contentUrl":"https:\/\/esi.uclm.es\/assets\/uploads\/2022\/03\/LogoESI_cabecera-1.png","width":460,"height":184,"caption":"Escuela Superior de Inform\u00e1tica de UCLM"},"image":{"@id":"https:\/\/esi.uclm.es\/#\/schema\/logo\/image\/"},"sameAs":["https:\/\/www.facebook.com\/Escuela-Superior-de-Informtica-543261809027158","https:\/\/x.com\/esiuclm","https:\/\/www.instagram.com\/esiuclm\/","https:\/\/www.youtube.com\/user\/esiuclm","https:\/\/www.twitch.tv\/esiuclm","https:\/\/www.linkedin.com\/company\/12656631\/admin\/"]}]}},"_links":{"self":[{"href":"https:\/\/esi.uclm.es\/index.php\/wp-json\/wp\/v2\/pages\/4024","targetHints":{"allow":["GET"]}}],"collection":[{"href":"https:\/\/esi.uclm.es\/index.php\/wp-json\/wp\/v2\/pages"}],"about":[{"href":"https:\/\/esi.uclm.es\/index.php\/wp-json\/wp\/v2\/types\/page"}],"author":[{"embeddable":true,"href":"https:\/\/esi.uclm.es\/index.php\/wp-json\/wp\/v2\/users\/1"}],"replies":[{"embeddable":true,"href":"https:\/\/esi.uclm.es\/index.php\/wp-json\/wp\/v2\/comments?post=4024"}],"version-history":[{"count":170,"href":"https:\/\/esi.uclm.es\/index.php\/wp-json\/wp\/v2\/pages\/4024\/revisions"}],"predecessor-version":[{"id":22946,"href":"https:\/\/esi.uclm.es\/index.php\/wp-json\/wp\/v2\/pages\/4024\/revisions\/22946"}],"up":[{"embeddable":true,"href":"https:\/\/esi.uclm.es\/index.php\/wp-json\/wp\/v2\/pages\/3996"}],"wp:attachment":[{"href":"https:\/\/esi.uclm.es\/index.php\/wp-json\/wp\/v2\/media?parent=4024"}],"curies":[{"name":"wp","href":"https:\/\/api.w.org\/{rel}","templated":true}]}}