{"id":4022,"date":"2022-01-27T17:10:59","date_gmt":"2022-01-27T17:10:59","guid":{"rendered":"http:\/\/esiaz24.uclm.es\/?page_id=4022"},"modified":"2026-02-02T11:12:34","modified_gmt":"2026-02-02T11:12:34","slug":"calendario","status":"publish","type":"page","link":"https:\/\/esi.uclm.es\/index.php\/grado-en-ingenieria-informatica\/calendario\/","title":{"rendered":"Calendario"},"content":{"rendered":"\n<p>&nbsp;<\/p>\n\n\n\n<figure class=\"wp-block-image size-large\"><img loading=\"lazy\" decoding=\"async\" width=\"1024\" height=\"256\" src=\"https:\/\/esi.uclm.es\/assets\/uploads\/2022\/05\/calendario_r-1024x256.webp\" alt=\"Calendario sobre fondo azul\" class=\"wp-image-10469\" srcset=\"https:\/\/esi.uclm.es\/assets\/uploads\/2022\/05\/calendario_r-1024x256.webp 1024w, https:\/\/esi.uclm.es\/assets\/uploads\/2022\/05\/calendario_r-300x75.webp 300w, https:\/\/esi.uclm.es\/assets\/uploads\/2022\/05\/calendario_r-768x192.webp 768w, https:\/\/esi.uclm.es\/assets\/uploads\/2022\/05\/calendario_r-600x150.webp 600w, https:\/\/esi.uclm.es\/assets\/uploads\/2022\/05\/calendario_r.webp 1199w\" sizes=\"auto, (max-width: 1024px) 100vw, 1024px\" \/><\/figure>\n\n\n\n<h2 class=\"wp-block-heading\" id=\"grado-en-ingenieria-informatica-curso-2021-2022\">Grado en Ingenier\u00eda Inform\u00e1tica &#8211; curso 2025\/2026<\/h2>\n\n\n\n<hr class=\"wp-block-separator has-text-color has-vivid-cyan-blue-color has-css-opacity has-vivid-cyan-blue-background-color has-background is-style-default\"\/>\n\n\n\n<h3 class=\"wp-block-heading\">PERIODOS DOCENTES Y DE EVALUACI\u00d3N<\/h3>\n\n\n\n<p><strong>Docencia<\/strong><\/p>\n\n\n\n<ul class=\"wp-block-list\">\n<li>Semana de Cursos de Preparaci\u00f3n y Refuerzo: jueves 4 a martes 9 de septiembre de 2025<\/li>\n\n\n\n<li>Presentaci\u00f3n del curso acad\u00e9mico (todos los cursos): mi\u00e9rcoles 10 de septiembre de 2025<\/li>\n\n\n\n<li>1er. semestre (todos los cursos): mi\u00e9rcoles 10 de septiembre de 2025 a viernes 23 de enero de 2026<\/li>\n\n\n\n<li>2do. Semestre: martes 27 de enero a martes 2 de junio de 2026<\/li>\n\n\n\n<li>Per\u00edodo lectivo 1er. semestre: mi\u00e9rcoles 10 de septiembre a martes 23 diciembre de 2025 (15 semanas lectivas)<\/li>\n\n\n\n<li>Per\u00edodo lectivo 2do. semestre: martes 27 de enero a viernes 15 de mayo de 2026 (15 semanas lectivas)<\/li>\n<\/ul>\n\n\n\n<h3 class=\"wp-block-heading\">Evaluaci\u00f3n<\/h3>\n\n\n\n<ul class=\"wp-block-list\">\n<li>Ordinaria 1er. semestre: viernes 9 de enero a viernes 23 de enero de 2026<\/li>\n\n\n\n<li>Ordinaria 2do. semestre: lunes 18 de mayo a martes 2 de junio de 2026<\/li>\n\n\n\n<li>Extraordinaria 1er. semestre:\u00a0 mi\u00e9rcoles 3 de junio a lunes 18 de junio de 2026<sup data-fn=\"a1f0ba2b-3a0f-41b1-b225-9a4ae0e36d8b\" class=\"fn\"><a id=\"a1f0ba2b-3a0f-41b1-b225-9a4ae0e36d8b-link\" href=\"#a1f0ba2b-3a0f-41b1-b225-9a4ae0e36d8b\">1<\/a><\/sup><\/li>\n\n\n\n<li>Extraordinaria 2do. semestre: viernes 19 de junio a mi\u00e9rcoles 1 de julio de 2026<sup data-fn=\"463eecaf-884d-4197-b942-fabc557bddd6\" class=\"fn\"><a id=\"463eecaf-884d-4197-b942-fabc557bddd6-link\" href=\"#463eecaf-884d-4197-b942-fabc557bddd6\">2<\/a><\/sup><\/li>\n\n\n\n<li>Especial finalizaci\u00f3n: lunes 17 de noviembre a lunes 24 de noviembre de 2025<\/li>\n<\/ul>\n\n\n\n<h3 class=\"wp-block-heading\">Defensas de TFG<\/h3>\n\n\n\n<ul class=\"wp-block-list\">\n<li>Convocatoria especial de finalizaci\u00f3n (diciembre):\n<ul class=\"wp-block-list\">\n<li>Entrega: hasta el jueves 4 de diciembre de 2025<\/li>\n\n\n\n<li>Defensa: mi\u00e9rcoles 17 a viernes 19 de diciembre de 2025<\/li>\n<\/ul>\n<\/li>\n\n\n\n<li>Convocatoria ordinaria (febrero):\n<ul class=\"wp-block-list\">\n<li>Entrega: hasta el viernes 6 de febrero de 2026<\/li>\n\n\n\n<li>Defensa: mi\u00e9rcoles 18 a viernes 20 de febrero de 2026<\/li>\n<\/ul>\n<\/li>\n\n\n\n<li>Convocatoria ordinaria (junio)\n<ul class=\"wp-block-list\">\n<li>Entrega: hasta el lunes 15 de junio de 2026<\/li>\n\n\n\n<li>Defensa: desde el lunes 22 a mi\u00e9rcoles 24 de junio de 2026<\/li>\n<\/ul>\n<\/li>\n\n\n\n<li>Convocatoria extraordinaria (julio)<sup data-fn=\"931c57b0-1167-4a30-97f1-24bd49fe295a\" class=\"fn\"><a id=\"931c57b0-1167-4a30-97f1-24bd49fe295a-link\" href=\"#931c57b0-1167-4a30-97f1-24bd49fe295a\">3<\/a><\/sup>\n<ul class=\"wp-block-list\">\n<li>Entrega: hasta el lunes 13 de julio de 2026<\/li>\n\n\n\n<li>Defensa: mi\u00e9rcoles 15 a viernes 24 de julio de 2026<\/li>\n<\/ul>\n<\/li>\n<\/ul>\n\n\n\n<h3 class=\"wp-block-heading\">CIERRE DE ACTAS<\/h3>\n\n\n\n<ul class=\"wp-block-list\">\n<li>Convocatoria ordinaria:\n<ul class=\"wp-block-list\">\n<li><strong>1er. semestre: <\/strong>6 de febrero de 2026<\/li>\n\n\n\n<li><strong>2do. semestre: <\/strong>11 de junio de 2026<\/li>\n<\/ul>\n<\/li>\n\n\n\n<li>Convocatoria extraordinaria 1er. y 2do. semestre: 9 de julio de 2026<\/li>\n\n\n\n<li>Convocatoria especial finalizaci\u00f3n: 1 de diciembre de 2025<\/li>\n\n\n\n<li>TFG Convocatoria ordinaria (julio): 31 de julio de 2026<\/li>\n\n\n\n<li>TFG<sup data-fn=\"9be564c2-9f71-44f2-b1b1-37fd168e14e7\" class=\"fn\"><a id=\"9be564c2-9f71-44f2-b1b1-37fd168e14e7-link\" href=\"#9be564c2-9f71-44f2-b1b1-37fd168e14e7\">4<\/a><\/sup> Convocatoria extraordinaria (septiembre): 15 de septiembre de 2026<\/li>\n<\/ul>\n\n\n\n<h3 class=\"wp-block-heading\">PERIODOS NO LECTIVOS<\/h3>\n\n\n\n<ul class=\"wp-block-list\">\n<li>Navidad: del 24 de diciembre de 2025 al 7 de enero de 2026<\/li>\n\n\n\n<li>Semana Santa: del 30 de marzo al 6 de abril de 2026<\/li>\n\n\n\n<li>Vacaciones verano: agosto de 2026<\/li>\n<\/ul>\n\n\n\n<h3 class=\"wp-block-heading\">ACTIVIDADES ACAD\u00c9MICAS, CULTURALES Y DEPORTIVAS DE SANTA TECLA<\/h3>\n\n\n\n<ul class=\"wp-block-list\">\n<li>Del 28 al 31 de octubre de 2025<\/li>\n<\/ul>\n\n\n\n<h3 class=\"wp-block-heading\">D\u00cdAS FESTIVOS<sup data-fn=\"b38a7b49-94a7-4e97-93cd-43a45178bafc\" class=\"fn\"><a id=\"b38a7b49-94a7-4e97-93cd-43a45178bafc-link\" href=\"#b38a7b49-94a7-4e97-93cd-43a45178bafc\">5<\/a><\/sup><\/h3>\n\n\n\n<ul class=\"wp-block-list\">\n<li>Santa Tecla: lunes 3 de noviembre de 2025<\/li>\n\n\n\n<li>Santo Tom\u00e1s de Aquino: lunes 26 de enero de 2026<\/li>\n\n\n\n<li>Santa Mar\u00eda de Alarcos: lunes 25 de mayo de 2026<\/li>\n\n\n\n<li>D\u00eda de Castilla-La Mancha: 31 de mayo de 2026<\/li>\n\n\n\n<li>Corpus Christi: 4 de junio de 2026<\/li>\n<\/ul>\n\n\n\n<div class=\"wp-block-file\"><a id=\"wp-block-file--media-f818f54f-efbb-4e69-8a49-b86ee077effb\" href=\"https:\/\/esi.uclm.es\/assets\/uploads\/2026\/02\/Calendario_academico_de_Grado_ESI_2025_2026_v3.pdf\">Calendario Acad\u00e9mico de Grado ESI 2025_2026 (Actualizado 02-02-2026)<\/a><a href=\"https:\/\/esi.uclm.es\/assets\/uploads\/2026\/02\/Calendario_academico_de_Grado_ESI_2025_2026_v3.pdf\" class=\"wp-block-file__button wp-element-button\" download aria-describedby=\"wp-block-file--media-f818f54f-efbb-4e69-8a49-b86ee077effb\">Descarga<\/a><\/div>\n\n\n\n<hr class=\"wp-block-separator has-alpha-channel-opacity\"\/>\n\n\n<ol class=\"wp-block-footnotes\"><li id=\"a1f0ba2b-3a0f-41b1-b225-9a4ae0e36d8b\">&#8211; Los d\u00edas 8, 9 y 10 de junio, se celebrar\u00e1n, previsiblemente, los ex\u00e1menes de PAU 2026 (convocatoria ordinaria), y los d\u00edas 11, 12 y 18 de junio tendr\u00e1n lugar las correcciones, por lo que s\u00f3lo se programar\u00e1n ex\u00e1menes en las aulas de la ESI.  <a href=\"#a1f0ba2b-3a0f-41b1-b225-9a4ae0e36d8b-link\" aria-label=\"Saltar a la referencia de la nota 1\">\u21a9\ufe0e<\/a><\/li><li id=\"463eecaf-884d-4197-b942-fabc557bddd6\">Los d\u00edas 29, 30 de junio y 1 de julio, se celebrar\u00e1n, previsiblemente, los ex\u00e1menes de PAU 2026 (convocatoria extraordinaria), y los d\u00edas 2 y 9 de julio tendr\u00e1n lugar las correcciones, por lo que s\u00f3lo se programar\u00e1n ex\u00e1menes en las aulas de la ESI. <a href=\"#463eecaf-884d-4197-b942-fabc557bddd6-link\" aria-label=\"Saltar a la referencia de la nota 2\">\u21a9\ufe0e<\/a><\/li><li id=\"931c57b0-1167-4a30-97f1-24bd49fe295a\">En cumplimiento a la pautas remitidas por el Vic. de Estudios, Calidad y Acreditaci\u00f3n para facilitar el acceso al M\u00e1ster U en Profesor de Educaci\u00f3n Secundaria Obligatoria y Bachillerato, Formaci\u00f3n Profesional y Ense\u00f1anza de Idiomas (MUFPS) en el curso 2025-2026. <a href=\"#931c57b0-1167-4a30-97f1-24bd49fe295a-link\" aria-label=\"Saltar a la referencia de la nota 3\">\u21a9\ufe0e<\/a><\/li><li id=\"9be564c2-9f71-44f2-b1b1-37fd168e14e7\">Si a fecha de 31 de julio no se ha defendido el TFG se calificar\u00e1 como NP en la convocatoria ordinaria. <a href=\"#9be564c2-9f71-44f2-b1b1-37fd168e14e7-link\" aria-label=\"Saltar a la referencia de la nota 4\">\u21a9\ufe0e<\/a><\/li><li id=\"b38a7b49-94a7-4e97-93cd-43a45178bafc\">La determinaci\u00f3n de las fiestas laborales, tanto de \u00e1mbito local como regional, aprobadas con posterioridad a este calendario acad\u00e9mico, pueden interferir en los per\u00edodos docentes y de ex\u00e1menes fijados en \u00e9ste. De ser necesario, la ESI modificar\u00e1 las fechas afectadas con suficiente antelaci\u00f3n y previa autorizaci\u00f3n del Vic. de Docencia. <a href=\"#b38a7b49-94a7-4e97-93cd-43a45178bafc-link\" aria-label=\"Saltar a la referencia de la nota 5\">\u21a9\ufe0e<\/a><\/li><\/ol>","protected":false},"excerpt":{"rendered":"<p>&nbsp; Grado en Ingenier\u00eda Inform\u00e1tica &#8211; curso 2025\/2026 PERIODOS DOCENTES Y DE EVALUACI\u00d3N Docencia Evaluaci\u00f3n Defensas de TFG CIERRE DE ACTAS PERIODOS NO LECTIVOS ACTIVIDADES ACAD\u00c9MICAS, CULTURALES Y DEPORTIVAS DE SANTA TECLA D\u00cdAS FESTIVOS5<\/p>\n","protected":false},"author":1,"featured_media":0,"parent":3996,"menu_order":0,"comment_status":"closed","ping_status":"closed","template":"","meta":{"footnotes":"[{\"content\":\"- Los d\u00edas 8, 9 y 10 de junio, se celebrar\u00e1n, previsiblemente, los ex\u00e1menes de PAU 2026 (convocatoria ordinaria), y los d\u00edas 11, 12 y 18 de junio tendr\u00e1n lugar las correcciones, por lo que s\u00f3lo se programar\u00e1n ex\u00e1menes en las aulas de la ESI. \",\"id\":\"a1f0ba2b-3a0f-41b1-b225-9a4ae0e36d8b\"},{\"content\":\"Los d\u00edas 29, 30 de junio y 1 de julio, se celebrar\u00e1n, previsiblemente, los ex\u00e1menes de PAU 2026 (convocatoria extraordinaria), y los d\u00edas 2 y 9 de julio tendr\u00e1n lugar las correcciones, por lo que s\u00f3lo se programar\u00e1n ex\u00e1menes en las aulas de la ESI.\",\"id\":\"463eecaf-884d-4197-b942-fabc557bddd6\"},{\"content\":\"En cumplimiento a la pautas remitidas por el Vic. de Estudios, Calidad y Acreditaci\u00f3n para facilitar el acceso al M\u00e1ster U en Profesor de Educaci\u00f3n Secundaria Obligatoria y Bachillerato, Formaci\u00f3n Profesional y Ense\u00f1anza de Idiomas (MUFPS) en el curso 2025-2026.\",\"id\":\"931c57b0-1167-4a30-97f1-24bd49fe295a\"},{\"content\":\"Si a fecha de 31 de julio no se ha defendido el TFG se calificar\u00e1 como NP en la convocatoria ordinaria.\",\"id\":\"9be564c2-9f71-44f2-b1b1-37fd168e14e7\"},{\"content\":\"La determinaci\u00f3n de las fiestas laborales, tanto de \u00e1mbito local como regional, aprobadas con posterioridad a este calendario acad\u00e9mico, pueden interferir en los per\u00edodos docentes y de ex\u00e1menes fijados en \u00e9ste. De ser necesario, la ESI modificar\u00e1 las fechas afectadas con suficiente antelaci\u00f3n y previa autorizaci\u00f3n del Vic. de Docencia.\",\"id\":\"b38a7b49-94a7-4e97-93cd-43a45178bafc\"}]"},"class_list":["post-4022","page","type-page","status-publish","hentry"],"yoast_head":"<!-- This site is optimized with the Yoast SEO plugin v27.3 - https:\/\/yoast.com\/product\/yoast-seo-wordpress\/ -->\n<title>Calendario - Escuela Superior de Inform\u00e1tica de UCLM<\/title>\n<meta name=\"robots\" content=\"index, follow, max-snippet:-1, max-image-preview:large, max-video-preview:-1\" \/>\n<link rel=\"canonical\" href=\"https:\/\/esi.uclm.es\/index.php\/grado-en-ingenieria-informatica\/calendario\/\" \/>\n<meta property=\"og:locale\" content=\"es_ES\" \/>\n<meta property=\"og:type\" content=\"article\" \/>\n<meta property=\"og:title\" content=\"Calendario - Escuela Superior de Inform\u00e1tica de UCLM\" \/>\n<meta property=\"og:description\" content=\"&nbsp; Grado en Ingenier\u00eda Inform\u00e1tica &#8211; curso 2025\/2026 PERIODOS DOCENTES Y DE EVALUACI\u00d3N Docencia Evaluaci\u00f3n Defensas de TFG CIERRE DE ACTAS PERIODOS NO LECTIVOS ACTIVIDADES ACAD\u00c9MICAS, CULTURALES Y DEPORTIVAS DE SANTA TECLA D\u00cdAS FESTIVOS5\" \/>\n<meta property=\"og:url\" content=\"https:\/\/esi.uclm.es\/index.php\/grado-en-ingenieria-informatica\/calendario\/\" \/>\n<meta property=\"og:site_name\" content=\"Escuela Superior de Inform\u00e1tica de UCLM\" \/>\n<meta property=\"article:publisher\" content=\"https:\/\/www.facebook.com\/Escuela-Superior-de-Informtica-543261809027158\" \/>\n<meta property=\"article:modified_time\" content=\"2026-02-02T11:12:34+00:00\" \/>\n<meta property=\"og:image\" content=\"https:\/\/esi.uclm.es\/assets\/uploads\/2022\/05\/calendario_r.webp\" \/>\n\t<meta property=\"og:image:width\" content=\"1199\" \/>\n\t<meta property=\"og:image:height\" content=\"300\" \/>\n\t<meta property=\"og:image:type\" content=\"image\/webp\" \/>\n<meta name=\"twitter:card\" content=\"summary_large_image\" \/>\n<meta name=\"twitter:site\" content=\"@esiuclm\" \/>\n<meta name=\"twitter:label1\" content=\"Tiempo de lectura\" \/>\n\t<meta name=\"twitter:data1\" content=\"3 minutos\" \/>\n<script type=\"application\/ld+json\" class=\"yoast-schema-graph\">{\"@context\":\"https:\\\/\\\/schema.org\",\"@graph\":[{\"@type\":\"WebPage\",\"@id\":\"https:\\\/\\\/esi.uclm.es\\\/index.php\\\/grado-en-ingenieria-informatica\\\/calendario\\\/\",\"url\":\"https:\\\/\\\/esi.uclm.es\\\/index.php\\\/grado-en-ingenieria-informatica\\\/calendario\\\/\",\"name\":\"Calendario - Escuela Superior de Inform\u00e1tica de UCLM\",\"isPartOf\":{\"@id\":\"https:\\\/\\\/esi.uclm.es\\\/#website\"},\"primaryImageOfPage\":{\"@id\":\"https:\\\/\\\/esi.uclm.es\\\/index.php\\\/grado-en-ingenieria-informatica\\\/calendario\\\/#primaryimage\"},\"image\":{\"@id\":\"https:\\\/\\\/esi.uclm.es\\\/index.php\\\/grado-en-ingenieria-informatica\\\/calendario\\\/#primaryimage\"},\"thumbnailUrl\":\"https:\\\/\\\/esi.uclm.es\\\/assets\\\/uploads\\\/2022\\\/05\\\/calendario_r-1024x256.webp\",\"datePublished\":\"2022-01-27T17:10:59+00:00\",\"dateModified\":\"2026-02-02T11:12:34+00:00\",\"breadcrumb\":{\"@id\":\"https:\\\/\\\/esi.uclm.es\\\/index.php\\\/grado-en-ingenieria-informatica\\\/calendario\\\/#breadcrumb\"},\"inLanguage\":\"es\",\"potentialAction\":[{\"@type\":\"ReadAction\",\"target\":[\"https:\\\/\\\/esi.uclm.es\\\/index.php\\\/grado-en-ingenieria-informatica\\\/calendario\\\/\"]}]},{\"@type\":\"ImageObject\",\"inLanguage\":\"es\",\"@id\":\"https:\\\/\\\/esi.uclm.es\\\/index.php\\\/grado-en-ingenieria-informatica\\\/calendario\\\/#primaryimage\",\"url\":\"https:\\\/\\\/esi.uclm.es\\\/assets\\\/uploads\\\/2022\\\/05\\\/calendario_r-1024x256.webp\",\"contentUrl\":\"https:\\\/\\\/esi.uclm.es\\\/assets\\\/uploads\\\/2022\\\/05\\\/calendario_r-1024x256.webp\"},{\"@type\":\"BreadcrumbList\",\"@id\":\"https:\\\/\\\/esi.uclm.es\\\/index.php\\\/grado-en-ingenieria-informatica\\\/calendario\\\/#breadcrumb\",\"itemListElement\":[{\"@type\":\"ListItem\",\"position\":1,\"name\":\"Portada\",\"item\":\"https:\\\/\\\/esi.uclm.es\\\/\"},{\"@type\":\"ListItem\",\"position\":2,\"name\":\"Grado en Ingenier\u00eda Inform\u00e1tica\",\"item\":\"https:\\\/\\\/esi.uclm.es\\\/index.php\\\/grado-en-ingenieria-informatica\\\/\"},{\"@type\":\"ListItem\",\"position\":3,\"name\":\"Calendario\"}]},{\"@type\":\"WebSite\",\"@id\":\"https:\\\/\\\/esi.uclm.es\\\/#website\",\"url\":\"https:\\\/\\\/esi.uclm.es\\\/\",\"name\":\"Escuela Superior de Inform\u00e1tica de UCLM en Ciudad Real, Castilla-La Mancha\",\"description\":\"La Escuela Superior de Inform\u00e1tica de Ciudad Real (Castilla-La Mancha), Universidad de Castilla-La Mancha es un centro universitario que imparte el ciclo completo de Ingenier\u00eda en Inform\u00e1tica: grado, m\u00e1ster y doctorado.\",\"publisher\":{\"@id\":\"https:\\\/\\\/esi.uclm.es\\\/#organization\"},\"potentialAction\":[{\"@type\":\"SearchAction\",\"target\":{\"@type\":\"EntryPoint\",\"urlTemplate\":\"https:\\\/\\\/esi.uclm.es\\\/?s={search_term_string}\"},\"query-input\":{\"@type\":\"PropertyValueSpecification\",\"valueRequired\":true,\"valueName\":\"search_term_string\"}}],\"inLanguage\":\"es\"},{\"@type\":\"Organization\",\"@id\":\"https:\\\/\\\/esi.uclm.es\\\/#organization\",\"name\":\"Escuela Superior de Inform\u00e1tica de UCLM\",\"url\":\"https:\\\/\\\/esi.uclm.es\\\/\",\"logo\":{\"@type\":\"ImageObject\",\"inLanguage\":\"es\",\"@id\":\"https:\\\/\\\/esi.uclm.es\\\/#\\\/schema\\\/logo\\\/image\\\/\",\"url\":\"https:\\\/\\\/esi.uclm.es\\\/assets\\\/uploads\\\/2022\\\/03\\\/LogoESI_cabecera-1.png\",\"contentUrl\":\"https:\\\/\\\/esi.uclm.es\\\/assets\\\/uploads\\\/2022\\\/03\\\/LogoESI_cabecera-1.png\",\"width\":460,\"height\":184,\"caption\":\"Escuela Superior de Inform\u00e1tica de UCLM\"},\"image\":{\"@id\":\"https:\\\/\\\/esi.uclm.es\\\/#\\\/schema\\\/logo\\\/image\\\/\"},\"sameAs\":[\"https:\\\/\\\/www.facebook.com\\\/Escuela-Superior-de-Informtica-543261809027158\",\"https:\\\/\\\/x.com\\\/esiuclm\",\"https:\\\/\\\/www.instagram.com\\\/esiuclm\\\/\",\"https:\\\/\\\/www.youtube.com\\\/user\\\/esiuclm\",\"https:\\\/\\\/www.twitch.tv\\\/esiuclm\",\"https:\\\/\\\/www.linkedin.com\\\/company\\\/12656631\\\/admin\\\/\"]}]}<\/script>\n<!-- \/ Yoast SEO plugin. -->","yoast_head_json":{"title":"Calendario - Escuela Superior de Inform\u00e1tica de UCLM","robots":{"index":"index","follow":"follow","max-snippet":"max-snippet:-1","max-image-preview":"max-image-preview:large","max-video-preview":"max-video-preview:-1"},"canonical":"https:\/\/esi.uclm.es\/index.php\/grado-en-ingenieria-informatica\/calendario\/","og_locale":"es_ES","og_type":"article","og_title":"Calendario - Escuela Superior de Inform\u00e1tica de UCLM","og_description":"&nbsp; Grado en Ingenier\u00eda Inform\u00e1tica &#8211; curso 2025\/2026 PERIODOS DOCENTES Y DE EVALUACI\u00d3N Docencia Evaluaci\u00f3n Defensas de TFG CIERRE DE ACTAS PERIODOS NO LECTIVOS ACTIVIDADES ACAD\u00c9MICAS, CULTURALES Y DEPORTIVAS DE SANTA TECLA D\u00cdAS FESTIVOS5","og_url":"https:\/\/esi.uclm.es\/index.php\/grado-en-ingenieria-informatica\/calendario\/","og_site_name":"Escuela Superior de Inform\u00e1tica de UCLM","article_publisher":"https:\/\/www.facebook.com\/Escuela-Superior-de-Informtica-543261809027158","article_modified_time":"2026-02-02T11:12:34+00:00","og_image":[{"width":1199,"height":300,"url":"https:\/\/esi.uclm.es\/assets\/uploads\/2022\/05\/calendario_r.webp","type":"image\/webp"}],"twitter_card":"summary_large_image","twitter_site":"@esiuclm","twitter_misc":{"Tiempo de lectura":"3 minutos"},"schema":{"@context":"https:\/\/schema.org","@graph":[{"@type":"WebPage","@id":"https:\/\/esi.uclm.es\/index.php\/grado-en-ingenieria-informatica\/calendario\/","url":"https:\/\/esi.uclm.es\/index.php\/grado-en-ingenieria-informatica\/calendario\/","name":"Calendario - Escuela Superior de Inform\u00e1tica de UCLM","isPartOf":{"@id":"https:\/\/esi.uclm.es\/#website"},"primaryImageOfPage":{"@id":"https:\/\/esi.uclm.es\/index.php\/grado-en-ingenieria-informatica\/calendario\/#primaryimage"},"image":{"@id":"https:\/\/esi.uclm.es\/index.php\/grado-en-ingenieria-informatica\/calendario\/#primaryimage"},"thumbnailUrl":"https:\/\/esi.uclm.es\/assets\/uploads\/2022\/05\/calendario_r-1024x256.webp","datePublished":"2022-01-27T17:10:59+00:00","dateModified":"2026-02-02T11:12:34+00:00","breadcrumb":{"@id":"https:\/\/esi.uclm.es\/index.php\/grado-en-ingenieria-informatica\/calendario\/#breadcrumb"},"inLanguage":"es","potentialAction":[{"@type":"ReadAction","target":["https:\/\/esi.uclm.es\/index.php\/grado-en-ingenieria-informatica\/calendario\/"]}]},{"@type":"ImageObject","inLanguage":"es","@id":"https:\/\/esi.uclm.es\/index.php\/grado-en-ingenieria-informatica\/calendario\/#primaryimage","url":"https:\/\/esi.uclm.es\/assets\/uploads\/2022\/05\/calendario_r-1024x256.webp","contentUrl":"https:\/\/esi.uclm.es\/assets\/uploads\/2022\/05\/calendario_r-1024x256.webp"},{"@type":"BreadcrumbList","@id":"https:\/\/esi.uclm.es\/index.php\/grado-en-ingenieria-informatica\/calendario\/#breadcrumb","itemListElement":[{"@type":"ListItem","position":1,"name":"Portada","item":"https:\/\/esi.uclm.es\/"},{"@type":"ListItem","position":2,"name":"Grado en Ingenier\u00eda Inform\u00e1tica","item":"https:\/\/esi.uclm.es\/index.php\/grado-en-ingenieria-informatica\/"},{"@type":"ListItem","position":3,"name":"Calendario"}]},{"@type":"WebSite","@id":"https:\/\/esi.uclm.es\/#website","url":"https:\/\/esi.uclm.es\/","name":"Escuela Superior de Inform\u00e1tica de UCLM en Ciudad Real, Castilla-La Mancha","description":"La Escuela Superior de Inform\u00e1tica de Ciudad Real (Castilla-La Mancha), Universidad de Castilla-La Mancha es un centro universitario que imparte el ciclo completo de Ingenier\u00eda en Inform\u00e1tica: grado, m\u00e1ster y doctorado.","publisher":{"@id":"https:\/\/esi.uclm.es\/#organization"},"potentialAction":[{"@type":"SearchAction","target":{"@type":"EntryPoint","urlTemplate":"https:\/\/esi.uclm.es\/?s={search_term_string}"},"query-input":{"@type":"PropertyValueSpecification","valueRequired":true,"valueName":"search_term_string"}}],"inLanguage":"es"},{"@type":"Organization","@id":"https:\/\/esi.uclm.es\/#organization","name":"Escuela Superior de Inform\u00e1tica de UCLM","url":"https:\/\/esi.uclm.es\/","logo":{"@type":"ImageObject","inLanguage":"es","@id":"https:\/\/esi.uclm.es\/#\/schema\/logo\/image\/","url":"https:\/\/esi.uclm.es\/assets\/uploads\/2022\/03\/LogoESI_cabecera-1.png","contentUrl":"https:\/\/esi.uclm.es\/assets\/uploads\/2022\/03\/LogoESI_cabecera-1.png","width":460,"height":184,"caption":"Escuela Superior de Inform\u00e1tica de UCLM"},"image":{"@id":"https:\/\/esi.uclm.es\/#\/schema\/logo\/image\/"},"sameAs":["https:\/\/www.facebook.com\/Escuela-Superior-de-Informtica-543261809027158","https:\/\/x.com\/esiuclm","https:\/\/www.instagram.com\/esiuclm\/","https:\/\/www.youtube.com\/user\/esiuclm","https:\/\/www.twitch.tv\/esiuclm","https:\/\/www.linkedin.com\/company\/12656631\/admin\/"]}]}},"_links":{"self":[{"href":"https:\/\/esi.uclm.es\/index.php\/wp-json\/wp\/v2\/pages\/4022","targetHints":{"allow":["GET"]}}],"collection":[{"href":"https:\/\/esi.uclm.es\/index.php\/wp-json\/wp\/v2\/pages"}],"about":[{"href":"https:\/\/esi.uclm.es\/index.php\/wp-json\/wp\/v2\/types\/page"}],"author":[{"embeddable":true,"href":"https:\/\/esi.uclm.es\/index.php\/wp-json\/wp\/v2\/users\/1"}],"replies":[{"embeddable":true,"href":"https:\/\/esi.uclm.es\/index.php\/wp-json\/wp\/v2\/comments?post=4022"}],"version-history":[{"count":62,"href":"https:\/\/esi.uclm.es\/index.php\/wp-json\/wp\/v2\/pages\/4022\/revisions"}],"predecessor-version":[{"id":22494,"href":"https:\/\/esi.uclm.es\/index.php\/wp-json\/wp\/v2\/pages\/4022\/revisions\/22494"}],"up":[{"embeddable":true,"href":"https:\/\/esi.uclm.es\/index.php\/wp-json\/wp\/v2\/pages\/3996"}],"wp:attachment":[{"href":"https:\/\/esi.uclm.es\/index.php\/wp-json\/wp\/v2\/media?parent=4022"}],"curies":[{"name":"wp","href":"https:\/\/api.w.org\/{rel}","templated":true}]}}