{"id":4015,"date":"2022-01-27T17:10:00","date_gmt":"2022-01-27T17:10:00","guid":{"rendered":"http:\/\/esiaz24.uclm.es\/?page_id=4015"},"modified":"2025-07-23T10:35:03","modified_gmt":"2025-07-23T10:35:03","slug":"grado-bilingue","status":"publish","type":"page","link":"https:\/\/esi.uclm.es\/index.php\/grado-en-ingenieria-informatica\/grado-bilingue\/","title":{"rendered":"Grado Biling\u00fce"},"content":{"rendered":"\n<figure class=\"wp-block-image size-full\"><img loading=\"lazy\" decoding=\"async\" width=\"1024\" height=\"236\" src=\"https:\/\/esi.uclm.es\/assets\/uploads\/2022\/02\/bilin.jpg\" alt=\"\" class=\"wp-image-7413\" srcset=\"https:\/\/esi.uclm.es\/assets\/uploads\/2022\/02\/bilin.jpg 1024w, https:\/\/esi.uclm.es\/assets\/uploads\/2022\/02\/bilin-300x69.jpg 300w, https:\/\/esi.uclm.es\/assets\/uploads\/2022\/02\/bilin-768x177.jpg 768w, https:\/\/esi.uclm.es\/assets\/uploads\/2022\/02\/bilin-600x138.jpg 600w\" sizes=\"auto, (max-width: 1024px) 100vw, 1024px\" \/><\/figure>\n\n\n\n<p><\/p>\n\n\n\n<h2 class=\"wp-block-heading\" id=\"grado-en-ingenieria-informatica-opcion-bilingue\">Grado en Ingenier\u00eda Inform\u00e1tica opci\u00f3n biling\u00fce<\/h2>\n\n\n\n<hr class=\"wp-block-separator has-text-color has-vivid-cyan-blue-color has-css-opacity has-vivid-cyan-blue-background-color has-background is-style-default\"\/>\n\n\n\n<p><strong>Dominar una lengua extranjera, y m\u00e1s en concreto el ingl\u00e9s, supone un factor diferenciador para los profesionales del mundo inform\u00e1tico, puesto que permite el acceso a un mercado global que, a\u00fan en la situaci\u00f3n actual, sigue demandando profesionales a lo largo y ancho de todo el mundo.<\/strong><\/p>\n\n\n\n<p>La Universidad de Castilla-La Mancha, a trav\u00e9s de su Campus de Excelencia Internacional, incorpora la posibilidad de cursar el Grado en Ingenier\u00eda Inform\u00e1tica en opci\u00f3n biling\u00fce, mediante la oferta de un n\u00famero de asignaturas que, durante los distintos cursos, se podr\u00e1n cursar en ingl\u00e9s.<\/p>\n\n\n\n<p>Esta posibilidad ofrece un marco ideal para aquellos estudiantes que pretendan conseguir una alta cualificaci\u00f3n profesional y una posici\u00f3n a\u00fan m\u00e1s competitiva al finalizar sus estudios, cursar alg\u00fan a\u00f1o en universidades extranjeras, etc.<\/p>\n\n\n\n<h3 class=\"wp-block-heading\" id=\"obtencion-del-titulo\">Obtenci\u00f3n del t\u00edtulo<\/h3>\n\n\n\n<p>Para conseguir el t\u00edtulo de Graduado en Ingenier\u00eda Inform\u00e1tica &#8211; opci\u00f3n biling\u00fce ser\u00e1 necesario cursar un m\u00ednimo del 40% de la carga total de cr\u00e9ditos ECTS.<\/p>\n\n\n\n<p>Todas las asignaturas cursadas en ingl\u00e9s aparecer\u00e1n en el Suplemento Europeo al t\u00edtulo de Graduado en Ingenier\u00eda Inform\u00e1tica.<\/p>\n\n\n\n<h3 class=\"wp-block-heading\" id=\"matriculacion\">Matriculaci\u00f3n<\/h3>\n\n\n\n<p>Para acceder al Grado en Ingenier\u00eda Inform\u00e1tica &#8211; opci\u00f3n biling\u00fce, los alumnos interesados deber\u00e1n cumplir al menos uno de los siguientes requisitos:<\/p>\n\n\n\n<ul class=\"wp-block-list\">\n<li>Acreditar el nivel B1 (o equivalente) de ingl\u00e9s.<\/li>\n\n\n\n<li>Haber obtenido una nota m\u00ednima de 7 (Notable) en la prueba de idioma (ingl\u00e9s) de las Pruebas de Acceso a los Estudios de Grado.<\/li>\n\n\n\n<li>Superar la prueba de acceso que se realizar\u00e1 en el mes de septiembre.<\/li>\n<\/ul>\n\n\n\n<p>Los estudiantes de nuevo ingreso que elijan realizar la opci\u00f3n biling\u00fce dispondr\u00e1n de un per\u00edodo de 15 d\u00edas al comienzo de cada cuatrimestre para modificar su matr\u00edcula y cambiarse a los grupos con docencia en castellano.<\/p>\n\n\n\n<p>Las asignaturas ofertadas en opci\u00f3n biling\u00fce podr\u00e1n ser cursadas por cualquier estudiante del Grado en Ingenier\u00eda Inform\u00e1tica, si bien tendr\u00e1n prioridad los estudiantes que est\u00e9n cursando la opci\u00f3n biling\u00fce si hubiera m\u00e1s demanda que plazas ofertadas.<\/p>\n\n\n\n<h3 class=\"wp-block-heading has-text-color\" id=\"asignaturas-ofertadas-en-el-curso-2021-2022\" style=\"color:#2f5496\">Asignaturas Ofertadas <\/h3>\n\n\n\n<ul class=\"wp-block-list\">\n<li>\u00a0<a href=\"https:\/\/esi.uclm.es\/assets\/uploads\/2025\/07\/Subjects-dossier-2025-26.pdf\">Descargar el dossier de asignaturas<\/a> (Todas las asignaturas son de 6 cr\u00e9ditos)<\/li>\n<\/ul>\n\n\n\n<p><strong>Tabla 1. <\/strong>Asignaturas impartidas en ingl\u00e9s en los cursos pasado y vigente.<\/p>\n\n\n\n<figure class=\"wp-block-table is-style-stripes\"><table><thead><tr><th class=\"has-text-align-left\" data-align=\"left\">C\u00f3digo<\/th><th class=\"has-text-align-left\" data-align=\"left\"><strong>Asignatura<\/strong><\/th><th class=\"has-text-align-left\" data-align=\"left\"><strong>Tipo<sup>1<\/sup> y curso de impartici\u00f3n<\/strong><\/th><th class=\"has-text-align-left\" data-align=\"left\">Semestre<\/th><\/tr><\/thead><tbody><tr><td class=\"has-text-align-left\" data-align=\"left\">42302<\/td><td class=\"has-text-align-left\" data-align=\"left\">FUNDAMENTOS DE PROGRAMACI\u00d3N I<\/td><td class=\"has-text-align-left\" data-align=\"left\">FB, 1\u00ba<\/td><td class=\"has-text-align-left\" data-align=\"left\">1<\/td><\/tr><tr><td class=\"has-text-align-left\" data-align=\"left\">42301<\/td><td class=\"has-text-align-left\" data-align=\"left\">FUNDAMENTOS F\u00cdSICOS DE LA INFORM\u00c1TICA<\/td><td class=\"has-text-align-left\" data-align=\"left\">FB, 1\u00ba<\/td><td class=\"has-text-align-left\" data-align=\"left\">1<\/td><\/tr><tr><td class=\"has-text-align-left\" data-align=\"left\">42304<\/td><td class=\"has-text-align-left\" data-align=\"left\">FUNDAMENTOS DE GESTI\u00d3N EMPRESARIAL<\/td><td class=\"has-text-align-left\" data-align=\"left\">FB, 1\u00ba<\/td><td class=\"has-text-align-left\" data-align=\"left\">1<\/td><\/tr><tr><td class=\"has-text-align-left\" data-align=\"left\">42305<\/td><td class=\"has-text-align-left\" data-align=\"left\">\u00c1LGEBRA Y MATEM\u00c1TICA DISCRETA<\/td><td class=\"has-text-align-left\" data-align=\"left\">FB, 1\u00ba<\/td><td class=\"has-text-align-left\" data-align=\"left\">2<\/td><\/tr><tr><td class=\"has-text-align-left\" data-align=\"left\">42306<\/td><td class=\"has-text-align-left\" data-align=\"left\">FUNDAMENTOS DE PROGRAMACION II<\/td><td class=\"has-text-align-left\" data-align=\"left\">FB, 1\u00ba<\/td><td class=\"has-text-align-left\" data-align=\"left\">2<\/td><\/tr><tr><td class=\"has-text-align-left\" data-align=\"left\">42308<\/td><td class=\"has-text-align-left\" data-align=\"left\">REDES DE COMPUTADORES I<\/td><td class=\"has-text-align-left\" data-align=\"left\">B, 1\u00ba<\/td><td class=\"has-text-align-left\" data-align=\"left\">2<\/td><\/tr><tr><td class=\"has-text-align-left\" data-align=\"left\">42312<\/td><td class=\"has-text-align-left\" data-align=\"left\">ESTRUCTURA DE DATOS<\/td><td class=\"has-text-align-left\" data-align=\"left\">B, 2\u00ba<\/td><td class=\"has-text-align-left\" data-align=\"left\">1<\/td><\/tr><tr><td class=\"has-text-align-left\" data-align=\"left\">42313<\/td><td class=\"has-text-align-left\" data-align=\"left\">SISTEMAS OPERATIVOS I<\/td><td class=\"has-text-align-left\" data-align=\"left\">B, 2\u00ba<\/td><td class=\"has-text-align-left\" data-align=\"left\">1<\/td><\/tr><tr><td class=\"has-text-align-left\" data-align=\"left\">42315<\/td><td class=\"has-text-align-left\" data-align=\"left\">ESTAD\u00cdSTICA<\/td><td class=\"has-text-align-left\" data-align=\"left\">FB, 2\u00ba<\/td><td class=\"has-text-align-left\" data-align=\"left\">2<\/td><\/tr><tr><td class=\"has-text-align-left\" data-align=\"left\">42316<\/td><td class=\"has-text-align-left\" data-align=\"left\">METODOLOG\u00cdA DE LA PROGRAMACI\u00d3N<\/td><td class=\"has-text-align-left\" data-align=\"left\">B, 2\u00ba<\/td><td class=\"has-text-align-left\" data-align=\"left\">2<\/td><\/tr><tr><td class=\"has-text-align-left\" data-align=\"left\">42317<\/td><td class=\"has-text-align-left\" data-align=\"left\">PROGRAMACI\u00d3N CONCURRENTE Y TIEMPO REAL<\/td><td class=\"has-text-align-left\" data-align=\"left\">B, 2\u00ba<\/td><td class=\"has-text-align-left\" data-align=\"left\">2<\/td><\/tr><tr><td class=\"has-text-align-left\" data-align=\"left\">42319<\/td><td class=\"has-text-align-left\" data-align=\"left\">BASES DE DATOS<\/td><td class=\"has-text-align-left\" data-align=\"left\">B, 2\u00ba<\/td><td class=\"has-text-align-left\" data-align=\"left\">2<\/td><\/tr><tr><td class=\"has-text-align-left\" data-align=\"left\">42323<\/td><td class=\"has-text-align-left\" data-align=\"left\">ARQUITECTURA DE COMPUTADORES<\/td><td class=\"has-text-align-left\" data-align=\"left\">B, 3\u00ba<\/td><td class=\"has-text-align-left\" data-align=\"left\">1<\/td><\/tr><tr><td class=\"has-text-align-left\" data-align=\"left\">42321<\/td><td class=\"has-text-align-left\" data-align=\"left\">SISTEMAS INTELIGENTES<\/td><td class=\"has-text-align-left\" data-align=\"left\">B, 3\u00ba<\/td><td class=\"has-text-align-left\" data-align=\"left\">1<\/td><\/tr><tr><td class=\"has-text-align-left\" data-align=\"left\">42324<\/td><td class=\"has-text-align-left\" data-align=\"left\">INGENIER\u00cdA DEL SOFTWARE II<\/td><td class=\"has-text-align-left\" data-align=\"left\">B, 3\u00ba<\/td><td class=\"has-text-align-left\" data-align=\"left\">1<\/td><\/tr><tr><td class=\"has-text-align-left\" data-align=\"left\">42392<\/td><td class=\"has-text-align-left\" data-align=\"left\">T\u00c9CNICAS DE APRENDIZAJE AUTOM\u00c1TICO<\/td><td class=\"has-text-align-left\" data-align=\"left\">OP, 4\u00ba<\/td><td class=\"has-text-align-left\" data-align=\"left\">1<\/td><\/tr><tr><td class=\"has-text-align-left\" data-align=\"left\">42393<\/td><td class=\"has-text-align-left\" data-align=\"left\">GR\u00c1FICOS POR COMPUTADOR<\/td><td class=\"has-text-align-left\" data-align=\"left\">OP, 4\u00ba<\/td><td class=\"has-text-align-left\" data-align=\"left\">2<\/td><\/tr><tr><td class=\"has-text-align-left\" data-align=\"left\">42366<\/td><td class=\"has-text-align-left\" data-align=\"left\">AUDITOR\u00cdA DE SISTEMAS DE INFORMACI\u00d3N<\/td><td class=\"has-text-align-left\" data-align=\"left\">OP, 4\u00ba<\/td><td class=\"has-text-align-left\" data-align=\"left\">2<\/td><\/tr><tr><td class=\"has-text-align-left\" data-align=\"left\">42386<\/td><td class=\"has-text-align-left\" data-align=\"left\">DESARROLLO DE SISTEMAS WEB<\/td><td class=\"has-text-align-left\" data-align=\"left\">OP, 4\u00ba<\/td><td class=\"has-text-align-left\" data-align=\"left\">2<\/td><\/tr><\/tbody><\/table><\/figure>\n\n\n\n<p>1 FB = Formaci\u00f3n B\u00e1sica, B = B\u00e1sica (obligatoria), OP = Optativa<\/p>\n\n\n\n<p>Para cualquier pregunta sobre el Grado Biling\u00fce, env\u00ede un correo electr\u00f3nico al coordinador : <a href=\"mailto: joseangel.martin@uclm.es\">joseangel.martin@uclm.es<\/a><\/p>\n","protected":false},"excerpt":{"rendered":"<p>Grado en Ingenier\u00eda Inform\u00e1tica opci\u00f3n biling\u00fce Dominar una lengua extranjera, y m\u00e1s en concreto el ingl\u00e9s, supone un factor diferenciador para los profesionales del mundo inform\u00e1tico, puesto que permite el acceso a un mercado global que, a\u00fan en la situaci\u00f3n actual, sigue demandando profesionales a [&hellip;]<\/p>\n","protected":false},"author":1,"featured_media":0,"parent":3996,"menu_order":0,"comment_status":"closed","ping_status":"closed","template":"","meta":{"footnotes":""},"class_list":["post-4015","page","type-page","status-publish","hentry"],"yoast_head":"<!-- This site is optimized with the Yoast SEO plugin v27.3 - https:\/\/yoast.com\/product\/yoast-seo-wordpress\/ -->\n<title>Grado Biling\u00fce - Escuela Superior de Inform\u00e1tica de UCLM<\/title>\n<meta name=\"robots\" content=\"index, follow, max-snippet:-1, max-image-preview:large, max-video-preview:-1\" \/>\n<link rel=\"canonical\" href=\"https:\/\/esi.uclm.es\/index.php\/grado-en-ingenieria-informatica\/grado-bilingue\/\" \/>\n<meta property=\"og:locale\" content=\"es_ES\" \/>\n<meta property=\"og:type\" content=\"article\" \/>\n<meta property=\"og:title\" content=\"Grado Biling\u00fce - Escuela Superior de Inform\u00e1tica de UCLM\" \/>\n<meta property=\"og:description\" content=\"Grado en Ingenier\u00eda Inform\u00e1tica opci\u00f3n biling\u00fce Dominar una lengua extranjera, y m\u00e1s en concreto el ingl\u00e9s, supone un factor diferenciador para los profesionales del mundo inform\u00e1tico, puesto que permite el acceso a un mercado global que, a\u00fan en la situaci\u00f3n actual, sigue demandando profesionales a [&hellip;]\" \/>\n<meta property=\"og:url\" content=\"https:\/\/esi.uclm.es\/index.php\/grado-en-ingenieria-informatica\/grado-bilingue\/\" \/>\n<meta property=\"og:site_name\" content=\"Escuela Superior de Inform\u00e1tica de UCLM\" \/>\n<meta property=\"article:publisher\" content=\"https:\/\/www.facebook.com\/Escuela-Superior-de-Informtica-543261809027158\" \/>\n<meta property=\"article:modified_time\" content=\"2025-07-23T10:35:03+00:00\" \/>\n<meta property=\"og:image\" content=\"https:\/\/esi.uclm.es\/assets\/uploads\/2022\/02\/bilin.jpg\" \/>\n\t<meta property=\"og:image:width\" content=\"1024\" \/>\n\t<meta property=\"og:image:height\" content=\"236\" \/>\n\t<meta property=\"og:image:type\" content=\"image\/jpeg\" \/>\n<meta name=\"twitter:card\" content=\"summary_large_image\" \/>\n<meta name=\"twitter:site\" content=\"@esiuclm\" \/>\n<meta name=\"twitter:label1\" content=\"Tiempo de lectura\" \/>\n\t<meta name=\"twitter:data1\" content=\"3 minutos\" \/>\n<script type=\"application\/ld+json\" class=\"yoast-schema-graph\">{\"@context\":\"https:\\\/\\\/schema.org\",\"@graph\":[{\"@type\":\"WebPage\",\"@id\":\"https:\\\/\\\/esi.uclm.es\\\/index.php\\\/grado-en-ingenieria-informatica\\\/grado-bilingue\\\/\",\"url\":\"https:\\\/\\\/esi.uclm.es\\\/index.php\\\/grado-en-ingenieria-informatica\\\/grado-bilingue\\\/\",\"name\":\"Grado Biling\u00fce - Escuela Superior de Inform\u00e1tica de UCLM\",\"isPartOf\":{\"@id\":\"https:\\\/\\\/esi.uclm.es\\\/#website\"},\"primaryImageOfPage\":{\"@id\":\"https:\\\/\\\/esi.uclm.es\\\/index.php\\\/grado-en-ingenieria-informatica\\\/grado-bilingue\\\/#primaryimage\"},\"image\":{\"@id\":\"https:\\\/\\\/esi.uclm.es\\\/index.php\\\/grado-en-ingenieria-informatica\\\/grado-bilingue\\\/#primaryimage\"},\"thumbnailUrl\":\"https:\\\/\\\/esi.uclm.es\\\/assets\\\/uploads\\\/2022\\\/02\\\/bilin.jpg\",\"datePublished\":\"2022-01-27T17:10:00+00:00\",\"dateModified\":\"2025-07-23T10:35:03+00:00\",\"breadcrumb\":{\"@id\":\"https:\\\/\\\/esi.uclm.es\\\/index.php\\\/grado-en-ingenieria-informatica\\\/grado-bilingue\\\/#breadcrumb\"},\"inLanguage\":\"es\",\"potentialAction\":[{\"@type\":\"ReadAction\",\"target\":[\"https:\\\/\\\/esi.uclm.es\\\/index.php\\\/grado-en-ingenieria-informatica\\\/grado-bilingue\\\/\"]}]},{\"@type\":\"ImageObject\",\"inLanguage\":\"es\",\"@id\":\"https:\\\/\\\/esi.uclm.es\\\/index.php\\\/grado-en-ingenieria-informatica\\\/grado-bilingue\\\/#primaryimage\",\"url\":\"https:\\\/\\\/esi.uclm.es\\\/assets\\\/uploads\\\/2022\\\/02\\\/bilin.jpg\",\"contentUrl\":\"https:\\\/\\\/esi.uclm.es\\\/assets\\\/uploads\\\/2022\\\/02\\\/bilin.jpg\"},{\"@type\":\"BreadcrumbList\",\"@id\":\"https:\\\/\\\/esi.uclm.es\\\/index.php\\\/grado-en-ingenieria-informatica\\\/grado-bilingue\\\/#breadcrumb\",\"itemListElement\":[{\"@type\":\"ListItem\",\"position\":1,\"name\":\"Portada\",\"item\":\"https:\\\/\\\/esi.uclm.es\\\/\"},{\"@type\":\"ListItem\",\"position\":2,\"name\":\"Grado en Ingenier\u00eda Inform\u00e1tica\",\"item\":\"https:\\\/\\\/esi.uclm.es\\\/index.php\\\/grado-en-ingenieria-informatica\\\/\"},{\"@type\":\"ListItem\",\"position\":3,\"name\":\"Grado Biling\u00fce\"}]},{\"@type\":\"WebSite\",\"@id\":\"https:\\\/\\\/esi.uclm.es\\\/#website\",\"url\":\"https:\\\/\\\/esi.uclm.es\\\/\",\"name\":\"Escuela Superior de Inform\u00e1tica de UCLM en Ciudad Real, Castilla-La Mancha\",\"description\":\"La Escuela Superior de Inform\u00e1tica de Ciudad Real (Castilla-La Mancha), Universidad de Castilla-La Mancha es un centro universitario que imparte el ciclo completo de Ingenier\u00eda en Inform\u00e1tica: grado, m\u00e1ster y doctorado.\",\"publisher\":{\"@id\":\"https:\\\/\\\/esi.uclm.es\\\/#organization\"},\"potentialAction\":[{\"@type\":\"SearchAction\",\"target\":{\"@type\":\"EntryPoint\",\"urlTemplate\":\"https:\\\/\\\/esi.uclm.es\\\/?s={search_term_string}\"},\"query-input\":{\"@type\":\"PropertyValueSpecification\",\"valueRequired\":true,\"valueName\":\"search_term_string\"}}],\"inLanguage\":\"es\"},{\"@type\":\"Organization\",\"@id\":\"https:\\\/\\\/esi.uclm.es\\\/#organization\",\"name\":\"Escuela Superior de Inform\u00e1tica de UCLM\",\"url\":\"https:\\\/\\\/esi.uclm.es\\\/\",\"logo\":{\"@type\":\"ImageObject\",\"inLanguage\":\"es\",\"@id\":\"https:\\\/\\\/esi.uclm.es\\\/#\\\/schema\\\/logo\\\/image\\\/\",\"url\":\"https:\\\/\\\/esi.uclm.es\\\/assets\\\/uploads\\\/2022\\\/03\\\/LogoESI_cabecera-1.png\",\"contentUrl\":\"https:\\\/\\\/esi.uclm.es\\\/assets\\\/uploads\\\/2022\\\/03\\\/LogoESI_cabecera-1.png\",\"width\":460,\"height\":184,\"caption\":\"Escuela Superior de Inform\u00e1tica de UCLM\"},\"image\":{\"@id\":\"https:\\\/\\\/esi.uclm.es\\\/#\\\/schema\\\/logo\\\/image\\\/\"},\"sameAs\":[\"https:\\\/\\\/www.facebook.com\\\/Escuela-Superior-de-Informtica-543261809027158\",\"https:\\\/\\\/x.com\\\/esiuclm\",\"https:\\\/\\\/www.instagram.com\\\/esiuclm\\\/\",\"https:\\\/\\\/www.youtube.com\\\/user\\\/esiuclm\",\"https:\\\/\\\/www.twitch.tv\\\/esiuclm\",\"https:\\\/\\\/www.linkedin.com\\\/company\\\/12656631\\\/admin\\\/\"]}]}<\/script>\n<!-- \/ Yoast SEO plugin. -->","yoast_head_json":{"title":"Grado Biling\u00fce - Escuela Superior de Inform\u00e1tica de UCLM","robots":{"index":"index","follow":"follow","max-snippet":"max-snippet:-1","max-image-preview":"max-image-preview:large","max-video-preview":"max-video-preview:-1"},"canonical":"https:\/\/esi.uclm.es\/index.php\/grado-en-ingenieria-informatica\/grado-bilingue\/","og_locale":"es_ES","og_type":"article","og_title":"Grado Biling\u00fce - Escuela Superior de Inform\u00e1tica de UCLM","og_description":"Grado en Ingenier\u00eda Inform\u00e1tica opci\u00f3n biling\u00fce Dominar una lengua extranjera, y m\u00e1s en concreto el ingl\u00e9s, supone un factor diferenciador para los profesionales del mundo inform\u00e1tico, puesto que permite el acceso a un mercado global que, a\u00fan en la situaci\u00f3n actual, sigue demandando profesionales a [&hellip;]","og_url":"https:\/\/esi.uclm.es\/index.php\/grado-en-ingenieria-informatica\/grado-bilingue\/","og_site_name":"Escuela Superior de Inform\u00e1tica de UCLM","article_publisher":"https:\/\/www.facebook.com\/Escuela-Superior-de-Informtica-543261809027158","article_modified_time":"2025-07-23T10:35:03+00:00","og_image":[{"width":1024,"height":236,"url":"https:\/\/esi.uclm.es\/assets\/uploads\/2022\/02\/bilin.jpg","type":"image\/jpeg"}],"twitter_card":"summary_large_image","twitter_site":"@esiuclm","twitter_misc":{"Tiempo de lectura":"3 minutos"},"schema":{"@context":"https:\/\/schema.org","@graph":[{"@type":"WebPage","@id":"https:\/\/esi.uclm.es\/index.php\/grado-en-ingenieria-informatica\/grado-bilingue\/","url":"https:\/\/esi.uclm.es\/index.php\/grado-en-ingenieria-informatica\/grado-bilingue\/","name":"Grado Biling\u00fce - Escuela Superior de Inform\u00e1tica de UCLM","isPartOf":{"@id":"https:\/\/esi.uclm.es\/#website"},"primaryImageOfPage":{"@id":"https:\/\/esi.uclm.es\/index.php\/grado-en-ingenieria-informatica\/grado-bilingue\/#primaryimage"},"image":{"@id":"https:\/\/esi.uclm.es\/index.php\/grado-en-ingenieria-informatica\/grado-bilingue\/#primaryimage"},"thumbnailUrl":"https:\/\/esi.uclm.es\/assets\/uploads\/2022\/02\/bilin.jpg","datePublished":"2022-01-27T17:10:00+00:00","dateModified":"2025-07-23T10:35:03+00:00","breadcrumb":{"@id":"https:\/\/esi.uclm.es\/index.php\/grado-en-ingenieria-informatica\/grado-bilingue\/#breadcrumb"},"inLanguage":"es","potentialAction":[{"@type":"ReadAction","target":["https:\/\/esi.uclm.es\/index.php\/grado-en-ingenieria-informatica\/grado-bilingue\/"]}]},{"@type":"ImageObject","inLanguage":"es","@id":"https:\/\/esi.uclm.es\/index.php\/grado-en-ingenieria-informatica\/grado-bilingue\/#primaryimage","url":"https:\/\/esi.uclm.es\/assets\/uploads\/2022\/02\/bilin.jpg","contentUrl":"https:\/\/esi.uclm.es\/assets\/uploads\/2022\/02\/bilin.jpg"},{"@type":"BreadcrumbList","@id":"https:\/\/esi.uclm.es\/index.php\/grado-en-ingenieria-informatica\/grado-bilingue\/#breadcrumb","itemListElement":[{"@type":"ListItem","position":1,"name":"Portada","item":"https:\/\/esi.uclm.es\/"},{"@type":"ListItem","position":2,"name":"Grado en Ingenier\u00eda Inform\u00e1tica","item":"https:\/\/esi.uclm.es\/index.php\/grado-en-ingenieria-informatica\/"},{"@type":"ListItem","position":3,"name":"Grado Biling\u00fce"}]},{"@type":"WebSite","@id":"https:\/\/esi.uclm.es\/#website","url":"https:\/\/esi.uclm.es\/","name":"Escuela Superior de Inform\u00e1tica de UCLM en Ciudad Real, Castilla-La Mancha","description":"La Escuela Superior de Inform\u00e1tica de Ciudad Real (Castilla-La Mancha), Universidad de Castilla-La Mancha es un centro universitario que imparte el ciclo completo de Ingenier\u00eda en Inform\u00e1tica: grado, m\u00e1ster y doctorado.","publisher":{"@id":"https:\/\/esi.uclm.es\/#organization"},"potentialAction":[{"@type":"SearchAction","target":{"@type":"EntryPoint","urlTemplate":"https:\/\/esi.uclm.es\/?s={search_term_string}"},"query-input":{"@type":"PropertyValueSpecification","valueRequired":true,"valueName":"search_term_string"}}],"inLanguage":"es"},{"@type":"Organization","@id":"https:\/\/esi.uclm.es\/#organization","name":"Escuela Superior de Inform\u00e1tica de UCLM","url":"https:\/\/esi.uclm.es\/","logo":{"@type":"ImageObject","inLanguage":"es","@id":"https:\/\/esi.uclm.es\/#\/schema\/logo\/image\/","url":"https:\/\/esi.uclm.es\/assets\/uploads\/2022\/03\/LogoESI_cabecera-1.png","contentUrl":"https:\/\/esi.uclm.es\/assets\/uploads\/2022\/03\/LogoESI_cabecera-1.png","width":460,"height":184,"caption":"Escuela Superior de Inform\u00e1tica de UCLM"},"image":{"@id":"https:\/\/esi.uclm.es\/#\/schema\/logo\/image\/"},"sameAs":["https:\/\/www.facebook.com\/Escuela-Superior-de-Informtica-543261809027158","https:\/\/x.com\/esiuclm","https:\/\/www.instagram.com\/esiuclm\/","https:\/\/www.youtube.com\/user\/esiuclm","https:\/\/www.twitch.tv\/esiuclm","https:\/\/www.linkedin.com\/company\/12656631\/admin\/"]}]}},"_links":{"self":[{"href":"https:\/\/esi.uclm.es\/index.php\/wp-json\/wp\/v2\/pages\/4015","targetHints":{"allow":["GET"]}}],"collection":[{"href":"https:\/\/esi.uclm.es\/index.php\/wp-json\/wp\/v2\/pages"}],"about":[{"href":"https:\/\/esi.uclm.es\/index.php\/wp-json\/wp\/v2\/types\/page"}],"author":[{"embeddable":true,"href":"https:\/\/esi.uclm.es\/index.php\/wp-json\/wp\/v2\/users\/1"}],"replies":[{"embeddable":true,"href":"https:\/\/esi.uclm.es\/index.php\/wp-json\/wp\/v2\/comments?post=4015"}],"version-history":[{"count":35,"href":"https:\/\/esi.uclm.es\/index.php\/wp-json\/wp\/v2\/pages\/4015\/revisions"}],"predecessor-version":[{"id":21134,"href":"https:\/\/esi.uclm.es\/index.php\/wp-json\/wp\/v2\/pages\/4015\/revisions\/21134"}],"up":[{"embeddable":true,"href":"https:\/\/esi.uclm.es\/index.php\/wp-json\/wp\/v2\/pages\/3996"}],"wp:attachment":[{"href":"https:\/\/esi.uclm.es\/index.php\/wp-json\/wp\/v2\/media?parent=4015"}],"curies":[{"name":"wp","href":"https:\/\/api.w.org\/{rel}","templated":true}]}}