{"id":4009,"date":"2022-01-27T17:09:17","date_gmt":"2022-01-27T17:09:17","guid":{"rendered":"http:\/\/esiaz24.uclm.es\/?page_id=4009"},"modified":"2022-05-30T20:08:36","modified_gmt":"2022-05-30T20:08:36","slug":"salidas-profesionales","status":"publish","type":"page","link":"https:\/\/esi.uclm.es\/index.php\/grado-en-ingenieria-informatica\/salidas-profesionales\/","title":{"rendered":"Salidas Profesionales"},"content":{"rendered":"\n<figure class=\"wp-block-image size-large\"><img loading=\"lazy\" decoding=\"async\" width=\"1024\" height=\"256\" src=\"https:\/\/esi.uclm.es\/assets\/uploads\/2022\/05\/reunion-1024x256.jpeg\" alt=\"Personas reunidas alrededor de una mesa cuadrada\" class=\"wp-image-10492\" srcset=\"https:\/\/esi.uclm.es\/assets\/uploads\/2022\/05\/reunion-1024x256.jpeg 1024w, https:\/\/esi.uclm.es\/assets\/uploads\/2022\/05\/reunion-300x75.jpeg 300w, https:\/\/esi.uclm.es\/assets\/uploads\/2022\/05\/reunion-768x192.jpeg 768w, https:\/\/esi.uclm.es\/assets\/uploads\/2022\/05\/reunion-600x150.jpeg 600w, https:\/\/esi.uclm.es\/assets\/uploads\/2022\/05\/reunion.jpeg 1200w\" sizes=\"auto, (max-width: 1024px) 100vw, 1024px\" \/><\/figure>\n\n\n\n<p><\/p>\n\n\n\n<h2 class=\"wp-block-heading\">Salidas profesionales del grado en ingenier\u00eda inform\u00e1tica<\/h2>\n\n\n\n<hr class=\"wp-block-separator has-text-color has-vivid-cyan-blue-color has-css-opacity has-vivid-cyan-blue-background-color has-background is-style-default\"\/>\n\n\n\n<p>El Grado est\u00e1 especialmente enfocado a personas apasionadas con las nuevas tecnolog\u00edas, siendo \u00e9ste un campo con una gran proyecci\u00f3n profesional y una empleabilidad pr\u00e1cticamente del 100% en la actualidad. Adem\u00e1s, diferentes estudios a nivel nacional e internacional reconocen unas excelentes expectativas de empleo para el sector, previendo la creaci\u00f3n de cientos de miles de puestos de trabajo en las pr\u00f3ximas d\u00e9cadas.<\/p>\n\n\n\n<p>Los estudios de Grado en Ingenier\u00eda Inform\u00e1tica impartidos en la UCLM forman al estudiante para poder desarrollarse profesionalmente tanto en la empresa privada (est\u00e9 directamente relacionada con la Inform\u00e1tica o corresponda a cualquier otro \u00e1mbito) como en la administraci\u00f3n p\u00fablica. Adem\u00e1s, le capacitar\u00e1n para la creaci\u00f3n de su propia empresa.<\/p>\n\n\n\n<p>Algunos de los muchos ejemplos de puestos de trabajo a los que tienen acceso los titulados en Ingenier\u00eda Inform\u00e1tica son: desarrollador de aplicaciones m\u00f3viles, dise\u00f1ador web, ingeniero de software, ingeniero de requisitos, responsable de proyectos software, ingeniero de sistemas, administrador o analista de sistemas, administrador o analista de seguridad, administrador de redes, auditor de sistemas, desarrollador o consultor de sistemas de informaci\u00f3n, analista de sistemas de negocio, consultor de calidad, profesiones relacionadas con la industria cinematogr\u00e1fica y del videojuego, el manejo de grandes vol\u00famenes de datos y de informaci\u00f3n, la rob\u00f3tica, inform\u00e1tica industrial o la supervisi\u00f3n, vigilancia y administraci\u00f3n de las caracter\u00edsticas de la informaci\u00f3n, su clasificaci\u00f3n, su almacenamiento, su estructura, su recuperaci\u00f3n y los m\u00faltiples procesos que pueden darse en la empresa.<\/p>\n\n\n\n<p>Los graduados en Ingenier\u00eda Inform\u00e1tica est\u00e1n habilitados para el desempe\u00f1o de la profesi\u00f3n, en particular, esta titulaci\u00f3n de Grado cumple lo especificado en la Resoluci\u00f3n de 8 de junio de 2009, de la Secretar\u00eda General de Universidades, por la que se da publicidad al Acuerdo del Consejo de Universidades, por el que se establecen recomendaciones para la propuesta por las Universidades de memorias de solicitud de t\u00edtulos oficiales del \u00e1mbito de la Ingenier\u00eda T\u00e9cnica Inform\u00e1tica (BOE Num. 187 del 4\/8\/2009).<\/p>\n\n\n\n<p>La continuaci\u00f3n natural de los estudios del Grado en Ingenier\u00eda Inform\u00e1tica es el&nbsp;<a href=\"https:\/\/esi.uclm.es\/index.php\/master-en-ingenieria-informatica\/\" data-type=\"page\" data-id=\"3998\">Master Universitario en Ingenier\u00eda Inform\u00e1tica<\/a>&nbsp;que tambi\u00e9n se imparte en la Escuela Superior de Inform\u00e1tica de Ciudad Real, en formato tanto presencial como semipresencial. Este master&nbsp;capacita en&nbsp;responsabilidades directivas inform\u00e1ticas, a nivel de proyecto, equipos de trabajo, departamentos o corporativo. Adem\u00e1s aborda las \u00e1reas punteras y en auge a nivel profesional como BigData, Cloud Computing, Internet of Things, Business Intelligence, etc&#8230;<\/p>\n\n\n\n<p>El M\u00e1ster Universitario en Ingenier\u00eda Inform\u00e1tica, adem\u00e1s de una especializaci\u00f3n profesional, es una v\u00eda de entrada a la&nbsp;<a href=\"http:\/\/eid.uclm.es\/\" target=\"_blank\" rel=\"noreferrer noopener\">Escuela Internacional de Doctorado<\/a>&nbsp;de la UCLM, y particularmente a los estudios del Programa de&nbsp;<a href=\"http:\/\/dtia99.doctorado.uclm.es\/seccion.aspx?s=objetivo\" target=\"_blank\" rel=\"noreferrer noopener\">Doctorado en Tecnolog\u00edas Inform\u00e1ticas Avanzadas<\/a>&nbsp;del Departamento de Tecnolog\u00edas de la Informaci\u00f3n de Ciudad Real y el Departamento de Sistemas Inform\u00e1ticos de Albacete.<\/p>\n","protected":false},"excerpt":{"rendered":"<p>Salidas profesionales del grado en ingenier\u00eda inform\u00e1tica El Grado est\u00e1 especialmente enfocado a personas apasionadas con las nuevas tecnolog\u00edas, siendo \u00e9ste un campo con una gran proyecci\u00f3n profesional y una empleabilidad pr\u00e1cticamente del 100% en la actualidad. Adem\u00e1s, diferentes estudios a nivel nacional e internacional [&hellip;]<\/p>\n","protected":false},"author":1,"featured_media":0,"parent":3996,"menu_order":0,"comment_status":"closed","ping_status":"closed","template":"","meta":{"footnotes":""},"class_list":["post-4009","page","type-page","status-publish","hentry"],"yoast_head":"<!-- This site is optimized with the Yoast SEO plugin v27.3 - https:\/\/yoast.com\/product\/yoast-seo-wordpress\/ -->\n<title>Salidas Profesionales - Escuela Superior de Inform\u00e1tica de UCLM<\/title>\n<meta name=\"robots\" content=\"index, follow, max-snippet:-1, max-image-preview:large, max-video-preview:-1\" \/>\n<link rel=\"canonical\" href=\"https:\/\/esi.uclm.es\/index.php\/grado-en-ingenieria-informatica\/salidas-profesionales\/\" \/>\n<meta property=\"og:locale\" content=\"es_ES\" \/>\n<meta property=\"og:type\" content=\"article\" \/>\n<meta property=\"og:title\" content=\"Salidas Profesionales - Escuela Superior de Inform\u00e1tica de UCLM\" \/>\n<meta property=\"og:description\" content=\"Salidas profesionales del grado en ingenier\u00eda inform\u00e1tica El Grado est\u00e1 especialmente enfocado a personas apasionadas con las nuevas tecnolog\u00edas, siendo \u00e9ste un campo con una gran proyecci\u00f3n profesional y una empleabilidad pr\u00e1cticamente del 100% en la actualidad. Adem\u00e1s, diferentes estudios a nivel nacional e internacional [&hellip;]\" \/>\n<meta property=\"og:url\" content=\"https:\/\/esi.uclm.es\/index.php\/grado-en-ingenieria-informatica\/salidas-profesionales\/\" \/>\n<meta property=\"og:site_name\" content=\"Escuela Superior de Inform\u00e1tica de UCLM\" \/>\n<meta property=\"article:publisher\" content=\"https:\/\/www.facebook.com\/Escuela-Superior-de-Informtica-543261809027158\" \/>\n<meta property=\"article:modified_time\" content=\"2022-05-30T20:08:36+00:00\" \/>\n<meta property=\"og:image\" content=\"https:\/\/esi.uclm.es\/assets\/uploads\/2022\/05\/reunion-1024x256.jpeg\" \/>\n<meta name=\"twitter:card\" content=\"summary_large_image\" \/>\n<meta name=\"twitter:site\" content=\"@esiuclm\" \/>\n<meta name=\"twitter:label1\" content=\"Tiempo de lectura\" \/>\n\t<meta name=\"twitter:data1\" content=\"3 minutos\" \/>\n<script type=\"application\/ld+json\" class=\"yoast-schema-graph\">{\"@context\":\"https:\\\/\\\/schema.org\",\"@graph\":[{\"@type\":\"WebPage\",\"@id\":\"https:\\\/\\\/esi.uclm.es\\\/index.php\\\/grado-en-ingenieria-informatica\\\/salidas-profesionales\\\/\",\"url\":\"https:\\\/\\\/esi.uclm.es\\\/index.php\\\/grado-en-ingenieria-informatica\\\/salidas-profesionales\\\/\",\"name\":\"Salidas Profesionales - Escuela Superior de Inform\u00e1tica de UCLM\",\"isPartOf\":{\"@id\":\"https:\\\/\\\/esi.uclm.es\\\/#website\"},\"primaryImageOfPage\":{\"@id\":\"https:\\\/\\\/esi.uclm.es\\\/index.php\\\/grado-en-ingenieria-informatica\\\/salidas-profesionales\\\/#primaryimage\"},\"image\":{\"@id\":\"https:\\\/\\\/esi.uclm.es\\\/index.php\\\/grado-en-ingenieria-informatica\\\/salidas-profesionales\\\/#primaryimage\"},\"thumbnailUrl\":\"https:\\\/\\\/esi.uclm.es\\\/assets\\\/uploads\\\/2022\\\/05\\\/reunion-1024x256.jpeg\",\"datePublished\":\"2022-01-27T17:09:17+00:00\",\"dateModified\":\"2022-05-30T20:08:36+00:00\",\"breadcrumb\":{\"@id\":\"https:\\\/\\\/esi.uclm.es\\\/index.php\\\/grado-en-ingenieria-informatica\\\/salidas-profesionales\\\/#breadcrumb\"},\"inLanguage\":\"es\",\"potentialAction\":[{\"@type\":\"ReadAction\",\"target\":[\"https:\\\/\\\/esi.uclm.es\\\/index.php\\\/grado-en-ingenieria-informatica\\\/salidas-profesionales\\\/\"]}]},{\"@type\":\"ImageObject\",\"inLanguage\":\"es\",\"@id\":\"https:\\\/\\\/esi.uclm.es\\\/index.php\\\/grado-en-ingenieria-informatica\\\/salidas-profesionales\\\/#primaryimage\",\"url\":\"https:\\\/\\\/esi.uclm.es\\\/assets\\\/uploads\\\/2022\\\/05\\\/reunion-1024x256.jpeg\",\"contentUrl\":\"https:\\\/\\\/esi.uclm.es\\\/assets\\\/uploads\\\/2022\\\/05\\\/reunion-1024x256.jpeg\"},{\"@type\":\"BreadcrumbList\",\"@id\":\"https:\\\/\\\/esi.uclm.es\\\/index.php\\\/grado-en-ingenieria-informatica\\\/salidas-profesionales\\\/#breadcrumb\",\"itemListElement\":[{\"@type\":\"ListItem\",\"position\":1,\"name\":\"Portada\",\"item\":\"https:\\\/\\\/esi.uclm.es\\\/\"},{\"@type\":\"ListItem\",\"position\":2,\"name\":\"Grado en Ingenier\u00eda Inform\u00e1tica\",\"item\":\"https:\\\/\\\/esi.uclm.es\\\/index.php\\\/grado-en-ingenieria-informatica\\\/\"},{\"@type\":\"ListItem\",\"position\":3,\"name\":\"Salidas Profesionales\"}]},{\"@type\":\"WebSite\",\"@id\":\"https:\\\/\\\/esi.uclm.es\\\/#website\",\"url\":\"https:\\\/\\\/esi.uclm.es\\\/\",\"name\":\"Escuela Superior de Inform\u00e1tica de UCLM en Ciudad Real, Castilla-La Mancha\",\"description\":\"La Escuela Superior de Inform\u00e1tica de Ciudad Real (Castilla-La Mancha), Universidad de Castilla-La Mancha es un centro universitario que imparte el ciclo completo de Ingenier\u00eda en Inform\u00e1tica: grado, m\u00e1ster y doctorado.\",\"publisher\":{\"@id\":\"https:\\\/\\\/esi.uclm.es\\\/#organization\"},\"potentialAction\":[{\"@type\":\"SearchAction\",\"target\":{\"@type\":\"EntryPoint\",\"urlTemplate\":\"https:\\\/\\\/esi.uclm.es\\\/?s={search_term_string}\"},\"query-input\":{\"@type\":\"PropertyValueSpecification\",\"valueRequired\":true,\"valueName\":\"search_term_string\"}}],\"inLanguage\":\"es\"},{\"@type\":\"Organization\",\"@id\":\"https:\\\/\\\/esi.uclm.es\\\/#organization\",\"name\":\"Escuela Superior de Inform\u00e1tica de UCLM\",\"url\":\"https:\\\/\\\/esi.uclm.es\\\/\",\"logo\":{\"@type\":\"ImageObject\",\"inLanguage\":\"es\",\"@id\":\"https:\\\/\\\/esi.uclm.es\\\/#\\\/schema\\\/logo\\\/image\\\/\",\"url\":\"https:\\\/\\\/esi.uclm.es\\\/assets\\\/uploads\\\/2022\\\/03\\\/LogoESI_cabecera-1.png\",\"contentUrl\":\"https:\\\/\\\/esi.uclm.es\\\/assets\\\/uploads\\\/2022\\\/03\\\/LogoESI_cabecera-1.png\",\"width\":460,\"height\":184,\"caption\":\"Escuela Superior de Inform\u00e1tica de UCLM\"},\"image\":{\"@id\":\"https:\\\/\\\/esi.uclm.es\\\/#\\\/schema\\\/logo\\\/image\\\/\"},\"sameAs\":[\"https:\\\/\\\/www.facebook.com\\\/Escuela-Superior-de-Informtica-543261809027158\",\"https:\\\/\\\/x.com\\\/esiuclm\",\"https:\\\/\\\/www.instagram.com\\\/esiuclm\\\/\",\"https:\\\/\\\/www.youtube.com\\\/user\\\/esiuclm\",\"https:\\\/\\\/www.twitch.tv\\\/esiuclm\",\"https:\\\/\\\/www.linkedin.com\\\/company\\\/12656631\\\/admin\\\/\"]}]}<\/script>\n<!-- \/ Yoast SEO plugin. -->","yoast_head_json":{"title":"Salidas Profesionales - Escuela Superior de Inform\u00e1tica de UCLM","robots":{"index":"index","follow":"follow","max-snippet":"max-snippet:-1","max-image-preview":"max-image-preview:large","max-video-preview":"max-video-preview:-1"},"canonical":"https:\/\/esi.uclm.es\/index.php\/grado-en-ingenieria-informatica\/salidas-profesionales\/","og_locale":"es_ES","og_type":"article","og_title":"Salidas Profesionales - Escuela Superior de Inform\u00e1tica de UCLM","og_description":"Salidas profesionales del grado en ingenier\u00eda inform\u00e1tica El Grado est\u00e1 especialmente enfocado a personas apasionadas con las nuevas tecnolog\u00edas, siendo \u00e9ste un campo con una gran proyecci\u00f3n profesional y una empleabilidad pr\u00e1cticamente del 100% en la actualidad. Adem\u00e1s, diferentes estudios a nivel nacional e internacional [&hellip;]","og_url":"https:\/\/esi.uclm.es\/index.php\/grado-en-ingenieria-informatica\/salidas-profesionales\/","og_site_name":"Escuela Superior de Inform\u00e1tica de UCLM","article_publisher":"https:\/\/www.facebook.com\/Escuela-Superior-de-Informtica-543261809027158","article_modified_time":"2022-05-30T20:08:36+00:00","og_image":[{"url":"https:\/\/esi.uclm.es\/assets\/uploads\/2022\/05\/reunion-1024x256.jpeg","type":"","width":"","height":""}],"twitter_card":"summary_large_image","twitter_site":"@esiuclm","twitter_misc":{"Tiempo de lectura":"3 minutos"},"schema":{"@context":"https:\/\/schema.org","@graph":[{"@type":"WebPage","@id":"https:\/\/esi.uclm.es\/index.php\/grado-en-ingenieria-informatica\/salidas-profesionales\/","url":"https:\/\/esi.uclm.es\/index.php\/grado-en-ingenieria-informatica\/salidas-profesionales\/","name":"Salidas Profesionales - Escuela Superior de Inform\u00e1tica de UCLM","isPartOf":{"@id":"https:\/\/esi.uclm.es\/#website"},"primaryImageOfPage":{"@id":"https:\/\/esi.uclm.es\/index.php\/grado-en-ingenieria-informatica\/salidas-profesionales\/#primaryimage"},"image":{"@id":"https:\/\/esi.uclm.es\/index.php\/grado-en-ingenieria-informatica\/salidas-profesionales\/#primaryimage"},"thumbnailUrl":"https:\/\/esi.uclm.es\/assets\/uploads\/2022\/05\/reunion-1024x256.jpeg","datePublished":"2022-01-27T17:09:17+00:00","dateModified":"2022-05-30T20:08:36+00:00","breadcrumb":{"@id":"https:\/\/esi.uclm.es\/index.php\/grado-en-ingenieria-informatica\/salidas-profesionales\/#breadcrumb"},"inLanguage":"es","potentialAction":[{"@type":"ReadAction","target":["https:\/\/esi.uclm.es\/index.php\/grado-en-ingenieria-informatica\/salidas-profesionales\/"]}]},{"@type":"ImageObject","inLanguage":"es","@id":"https:\/\/esi.uclm.es\/index.php\/grado-en-ingenieria-informatica\/salidas-profesionales\/#primaryimage","url":"https:\/\/esi.uclm.es\/assets\/uploads\/2022\/05\/reunion-1024x256.jpeg","contentUrl":"https:\/\/esi.uclm.es\/assets\/uploads\/2022\/05\/reunion-1024x256.jpeg"},{"@type":"BreadcrumbList","@id":"https:\/\/esi.uclm.es\/index.php\/grado-en-ingenieria-informatica\/salidas-profesionales\/#breadcrumb","itemListElement":[{"@type":"ListItem","position":1,"name":"Portada","item":"https:\/\/esi.uclm.es\/"},{"@type":"ListItem","position":2,"name":"Grado en Ingenier\u00eda Inform\u00e1tica","item":"https:\/\/esi.uclm.es\/index.php\/grado-en-ingenieria-informatica\/"},{"@type":"ListItem","position":3,"name":"Salidas Profesionales"}]},{"@type":"WebSite","@id":"https:\/\/esi.uclm.es\/#website","url":"https:\/\/esi.uclm.es\/","name":"Escuela Superior de Inform\u00e1tica de UCLM en Ciudad Real, Castilla-La Mancha","description":"La Escuela Superior de Inform\u00e1tica de Ciudad Real (Castilla-La Mancha), Universidad de Castilla-La Mancha es un centro universitario que imparte el ciclo completo de Ingenier\u00eda en Inform\u00e1tica: grado, m\u00e1ster y doctorado.","publisher":{"@id":"https:\/\/esi.uclm.es\/#organization"},"potentialAction":[{"@type":"SearchAction","target":{"@type":"EntryPoint","urlTemplate":"https:\/\/esi.uclm.es\/?s={search_term_string}"},"query-input":{"@type":"PropertyValueSpecification","valueRequired":true,"valueName":"search_term_string"}}],"inLanguage":"es"},{"@type":"Organization","@id":"https:\/\/esi.uclm.es\/#organization","name":"Escuela Superior de Inform\u00e1tica de UCLM","url":"https:\/\/esi.uclm.es\/","logo":{"@type":"ImageObject","inLanguage":"es","@id":"https:\/\/esi.uclm.es\/#\/schema\/logo\/image\/","url":"https:\/\/esi.uclm.es\/assets\/uploads\/2022\/03\/LogoESI_cabecera-1.png","contentUrl":"https:\/\/esi.uclm.es\/assets\/uploads\/2022\/03\/LogoESI_cabecera-1.png","width":460,"height":184,"caption":"Escuela Superior de Inform\u00e1tica de UCLM"},"image":{"@id":"https:\/\/esi.uclm.es\/#\/schema\/logo\/image\/"},"sameAs":["https:\/\/www.facebook.com\/Escuela-Superior-de-Informtica-543261809027158","https:\/\/x.com\/esiuclm","https:\/\/www.instagram.com\/esiuclm\/","https:\/\/www.youtube.com\/user\/esiuclm","https:\/\/www.twitch.tv\/esiuclm","https:\/\/www.linkedin.com\/company\/12656631\/admin\/"]}]}},"_links":{"self":[{"href":"https:\/\/esi.uclm.es\/index.php\/wp-json\/wp\/v2\/pages\/4009","targetHints":{"allow":["GET"]}}],"collection":[{"href":"https:\/\/esi.uclm.es\/index.php\/wp-json\/wp\/v2\/pages"}],"about":[{"href":"https:\/\/esi.uclm.es\/index.php\/wp-json\/wp\/v2\/types\/page"}],"author":[{"embeddable":true,"href":"https:\/\/esi.uclm.es\/index.php\/wp-json\/wp\/v2\/users\/1"}],"replies":[{"embeddable":true,"href":"https:\/\/esi.uclm.es\/index.php\/wp-json\/wp\/v2\/comments?post=4009"}],"version-history":[{"count":7,"href":"https:\/\/esi.uclm.es\/index.php\/wp-json\/wp\/v2\/pages\/4009\/revisions"}],"predecessor-version":[{"id":10495,"href":"https:\/\/esi.uclm.es\/index.php\/wp-json\/wp\/v2\/pages\/4009\/revisions\/10495"}],"up":[{"embeddable":true,"href":"https:\/\/esi.uclm.es\/index.php\/wp-json\/wp\/v2\/pages\/3996"}],"wp:attachment":[{"href":"https:\/\/esi.uclm.es\/index.php\/wp-json\/wp\/v2\/media?parent=4009"}],"curies":[{"name":"wp","href":"https:\/\/api.w.org\/{rel}","templated":true}]}}